{"id":12513,"date":"2025-01-10T14:50:30","date_gmt":"2025-01-10T12:50:30","guid":{"rendered":"https:\/\/n1.bucurestizoo.ro\/?page_id=12513"},"modified":"2025-04-05T10:13:00","modified_gmt":"2025-04-05T08:13:00","slug":"crocodilul","status":"publish","type":"page","link":"https:\/\/bucurestizoo.ro\/en\/crocodilul\/","title":{"rendered":"Crocodilul"},"content":{"rendered":"<div data-elementor-type=\"wp-page\" data-elementor-id=\"12513\" class=\"elementor elementor-12513\" data-elementor-post-type=\"page\">\n\t\t\t\t<div class=\"elementor-element elementor-element-72cc57f3 e-flex e-con-boxed e-con e-parent\" data-id=\"72cc57f3\" data-element_type=\"container\" data-e-type=\"container\" data-settings=\"{&quot;background_background&quot;:&quot;classic&quot;}\">\n\t\t\t\t\t<div class=\"e-con-inner\">\n\t\t<div class=\"elementor-element elementor-element-2336a5e2 e-con-full e-flex e-con e-child\" data-id=\"2336a5e2\" data-element_type=\"container\" data-e-type=\"container\">\n\t\t<div class=\"elementor-element elementor-element-50e7e3f7 e-con-full animated-slow e-flex elementor-invisible e-con e-child\" data-id=\"50e7e3f7\" data-element_type=\"container\" data-e-type=\"container\" data-settings=\"{&quot;animation&quot;:&quot;fadeInLeft&quot;}\">\n\t\t\t\t<div class=\"elementor-element elementor-element-13533021 elementor-widget elementor-widget-heading\" data-id=\"13533021\" data-element_type=\"widget\" data-e-type=\"widget\" data-widget_type=\"heading.default\">\n\t\t\t\t<div class=\"elementor-widget-container\">\n\t\t\t\t\t<h1 class=\"elementor-heading-title elementor-size-default\">Crocodil de Nil<\/h1>\t\t\t\t<\/div>\n\t\t\t\t<\/div>\n\t\t\t\t<div class=\"elementor-element elementor-element-20c37005 elementor-widget elementor-widget-text-editor\" data-id=\"20c37005\" data-element_type=\"widget\" data-e-type=\"widget\" data-widget_type=\"text-editor.default\">\n\t\t\t\t<div class=\"elementor-widget-container\">\n\t\t\t\t\t\t\t\t\t<p class=\"\" data-start=\"0\" data-end=\"174\"><strong data-start=\"0\" data-end=\"20\">Nume \u0219tiin\u021bific:<\/strong> Crocodylus niloticus<br data-start=\"41\" data-end=\"44\" \/><strong data-start=\"44\" data-end=\"54\" data-is-only-node=\"\">Clas\u0103:<\/strong> Reptilia<br data-start=\"63\" data-end=\"66\" \/><strong data-start=\"66\" data-end=\"76\">Ordin:<\/strong> Crocodylia<br data-start=\"87\" data-end=\"90\" \/><strong data-start=\"90\" data-end=\"102\">Familie:<\/strong> Crocodylidae<br data-start=\"115\" data-end=\"118\" \/><strong data-start=\"118\" data-end=\"126\">Gen:<\/strong> Crocodylus<br data-start=\"137\" data-end=\"140\" \/><strong data-start=\"140\" data-end=\"151\">Specie:<\/strong> Crocodylus niloticus<\/p><p class=\"\" data-start=\"176\" data-end=\"244\"><strong data-start=\"176\" data-end=\"195\">Lungime maxim\u0103:<\/strong> P\u00e2n\u0103 la 5\u20136 metri<br data-start=\"213\" data-end=\"216\" \/><strong data-start=\"216\" data-end=\"229\" data-is-only-node=\"\">Greutate:<\/strong> 500\u20131.000 kg<\/p>\t\t\t\t\t\t\t\t<\/div>\n\t\t\t\t<\/div>\n\t\t\t\t<\/div>\n\t\t\t\t<div class=\"elementor-element elementor-element-225ed5cf elementor-widget-tablet__width-inherit animated-slow elementor-invisible elementor-widget elementor-widget-image\" data-id=\"225ed5cf\" data-element_type=\"widget\" data-e-type=\"widget\" data-settings=\"{&quot;_animation&quot;:&quot;fadeInRight&quot;}\" data-widget_type=\"image.default\">\n\t\t\t\t<div class=\"elementor-widget-container\">\n\t\t\t\t\t\t\t\t\t\t\t\t\t\t\t<img fetchpriority=\"high\" decoding=\"async\" width=\"400\" height=\"284\" src=\"https:\/\/bucurestizoo.ro\/wp-content\/uploads\/2024\/12\/Crocodil.jpg\" class=\"attachment-large size-large wp-image-12290\" alt=\"\" srcset=\"https:\/\/bucurestizoo.ro\/wp-content\/uploads\/2024\/12\/Crocodil.jpg 400w, https:\/\/bucurestizoo.ro\/wp-content\/uploads\/2024\/12\/Crocodil-300x213.jpg 300w\" sizes=\"(max-width: 400px) 100vw, 400px\" data-id=\"12290\" \/>\t\t\t\t\t\t\t\t\t\t\t\t\t\t\t<\/div>\n\t\t\t\t<\/div>\n\t\t\t\t<\/div>\n\t\t\t\t\t<\/div>\n\t\t\t\t<\/div>\n\t\t<div class=\"elementor-element elementor-element-2b2bb8e7 animated-slow e-flex e-con-boxed elementor-invisible e-con e-parent\" data-id=\"2b2bb8e7\" data-element_type=\"container\" data-e-type=\"container\" data-settings=\"{&quot;animation&quot;:&quot;fadeInLeft&quot;}\">\n\t\t\t\t\t<div class=\"e-con-inner\">\n\t\t\t\t<div class=\"elementor-element elementor-element-2c93c0b7 elementor-widget elementor-widget-heading\" data-id=\"2c93c0b7\" data-element_type=\"widget\" data-e-type=\"widget\" data-widget_type=\"heading.default\">\n\t\t\t\t<div class=\"elementor-widget-container\">\n\t\t\t\t\t<h1 class=\"elementor-heading-title elementor-size-default\">General:<\/h1>\t\t\t\t<\/div>\n\t\t\t\t<\/div>\n\t\t\t\t<div class=\"elementor-element elementor-element-17fb02fa elementor-widget elementor-widget-text-editor\" data-id=\"17fb02fa\" data-element_type=\"widget\" data-e-type=\"widget\" data-widget_type=\"text-editor.default\">\n\t\t\t\t<div class=\"elementor-widget-container\">\n\t\t\t\t\t\t\t\t\t<p>Crocodilul este unul dintre cei mai vechi pr\u0103d\u0103tori de pe planet\u0103, exist\u00e2nd de peste 200 de milioane de ani. Este cunoscut pentru corpul s\u0103u robust, acoperit de solzi duri, asem\u0103n\u0103tori unei armuri naturale. Capul s\u0103u este alungit, cu un maxilar puternic prev\u0103zut cu sute de din\u021bi ascu\u021bi\u021bi, care se regenereaz\u0103 constant. Ochii \u0219i n\u0103rile sunt pozi\u021bionate \u00een partea superioar\u0103 a capului, permi\u021b\u00e2ndu-i s\u0103 r\u0103m\u00e2n\u0103 aproape complet scufundat \u00een ap\u0103 \u00een timp ce observ\u0103 prada.<\/p><p>Aceast\u0103 reptil\u0103 semi-acvatic\u0103 este extrem de bine adaptat\u0103 at\u00e2t pentru \u00eenot, c\u00e2t \u0219i pentru v\u00e2n\u0103toare pe uscat. Crocodilul are o coad\u0103 lung\u0103 \u0219i musculoas\u0103, folosit\u0103 at\u00e2t pentru \u00eenot rapid, c\u00e2t \u0219i pentru atacuri asupra pr\u0103zii. Longevitatea sa este impresionant\u0103, tr\u0103ind p\u00e2n\u0103 la 70-100 de ani \u00een s\u0103lb\u0103ticie.<\/p>\t\t\t\t\t\t\t\t<\/div>\n\t\t\t\t<\/div>\n\t\t\t\t\t<\/div>\n\t\t\t\t<\/div>\n\t\t<div class=\"elementor-element elementor-element-53a98b63 e-flex e-con-boxed e-con e-parent\" data-id=\"53a98b63\" data-element_type=\"container\" data-e-type=\"container\">\n\t\t\t\t\t<div class=\"e-con-inner\">\n\t\t\t\t<div class=\"elementor-element elementor-element-71e69241 elementor-widget elementor-widget-gallery\" data-id=\"71e69241\" data-element_type=\"widget\" data-e-type=\"widget\" data-settings=\"{&quot;columns&quot;:3,&quot;lazyload&quot;:&quot;yes&quot;,&quot;gallery_layout&quot;:&quot;grid&quot;,&quot;columns_tablet&quot;:2,&quot;columns_mobile&quot;:1,&quot;gap&quot;:{&quot;unit&quot;:&quot;px&quot;,&quot;size&quot;:10,&quot;sizes&quot;:[]},&quot;gap_tablet&quot;:{&quot;unit&quot;:&quot;px&quot;,&quot;size&quot;:10,&quot;sizes&quot;:[]},&quot;gap_mobile&quot;:{&quot;unit&quot;:&quot;px&quot;,&quot;size&quot;:10,&quot;sizes&quot;:[]},&quot;link_to&quot;:&quot;file&quot;,&quot;aspect_ratio&quot;:&quot;3:2&quot;,&quot;overlay_background&quot;:&quot;yes&quot;,&quot;content_hover_animation&quot;:&quot;fade-in&quot;}\" data-widget_type=\"gallery.default\">\n\t\t\t\t<div class=\"elementor-widget-container\">\n\t\t\t\t\t\t\t<div class=\"elementor-gallery__container\">\n\t\t\t\t\t\t\t<a class=\"e-gallery-item elementor-gallery-item elementor-animated-content\" href=\"https:\/\/bucurestizoo.ro\/wp-content\/uploads\/2025\/02\/urs_brun_2-scaled.jpg\" data-elementor-open-lightbox=\"yes\" data-elementor-lightbox-slideshow=\"71e69241\" data-elementor-lightbox-title=\"urs_brun_2\" data-e-action-hash=\"#elementor-action%3Aaction%3Dlightbox%26settings%3DeyJpZCI6MTMyNTcsInVybCI6Imh0dHBzOlwvXC9idWN1cmVzdGl6b28ucm9cL3dwLWNvbnRlbnRcL3VwbG9hZHNcLzIwMjVcLzAyXC91cnNfYnJ1bl8yLXNjYWxlZC5qcGciLCJzbGlkZXNob3ciOiI3MWU2OTI0MSJ9\">\n\t\t\t\t\t<div class=\"e-gallery-image elementor-gallery-item__image\" data-thumbnail=\"https:\/\/bucurestizoo.ro\/wp-content\/uploads\/2025\/02\/urs_brun_2-1024x685.jpg\" data-width=\"847\" data-height=\"567\" aria-label=\"\" role=\"img\" ><\/div>\n\t\t\t\t\t\t\t\t\t\t\t<div class=\"elementor-gallery-item__overlay\"><\/div>\n\t\t\t\t\t\t\t\t\t\t\t\t\t\t<\/a>\n\t\t\t\t\t\t\t<a class=\"e-gallery-item elementor-gallery-item elementor-animated-content\" href=\"https:\/\/bucurestizoo.ro\/wp-content\/uploads\/2025\/02\/urs-brun_3-scaled.jpeg\" data-elementor-open-lightbox=\"yes\" data-elementor-lightbox-slideshow=\"71e69241\" data-elementor-lightbox-title=\"OLYMPUS DIGITAL CAMERA\" data-e-action-hash=\"#elementor-action%3Aaction%3Dlightbox%26settings%3DeyJpZCI6MTMyNTYsInVybCI6Imh0dHBzOlwvXC9idWN1cmVzdGl6b28ucm9cL3dwLWNvbnRlbnRcL3VwbG9hZHNcLzIwMjVcLzAyXC91cnMtYnJ1bl8zLXNjYWxlZC5qcGVnIiwic2xpZGVzaG93IjoiNzFlNjkyNDEifQ%3D%3D\">\n\t\t\t\t\t<div class=\"e-gallery-image elementor-gallery-item__image\" data-thumbnail=\"https:\/\/bucurestizoo.ro\/wp-content\/uploads\/2025\/02\/urs-brun_3-1024x768.jpeg\" data-width=\"847\" data-height=\"635\" aria-label=\"\" role=\"img\" ><\/div>\n\t\t\t\t\t\t\t\t\t\t\t<div class=\"elementor-gallery-item__overlay\"><\/div>\n\t\t\t\t\t\t\t\t\t\t\t\t\t\t<\/a>\n\t\t\t\t\t\t\t<a class=\"e-gallery-item elementor-gallery-item elementor-animated-content\" href=\"https:\/\/bucurestizoo.ro\/wp-content\/uploads\/2025\/02\/urs-brun-1-scaled-e1739369290989.jpg\" data-elementor-open-lightbox=\"yes\" data-elementor-lightbox-slideshow=\"71e69241\" data-elementor-lightbox-title=\"urs brun 1\" data-e-action-hash=\"#elementor-action%3Aaction%3Dlightbox%26settings%3DeyJpZCI6MTMyNTUsInVybCI6Imh0dHBzOlwvXC9idWN1cmVzdGl6b28ucm9cL3dwLWNvbnRlbnRcL3VwbG9hZHNcLzIwMjVcLzAyXC91cnMtYnJ1bi0xLXNjYWxlZC1lMTczOTM2OTI5MDk4OS5qcGciLCJzbGlkZXNob3ciOiI3MWU2OTI0MSJ9\">\n\t\t\t\t\t<div class=\"e-gallery-image elementor-gallery-item__image\" data-thumbnail=\"https:\/\/bucurestizoo.ro\/wp-content\/uploads\/2025\/02\/urs-brun-1-scaled-e1739369290989-1024x643.jpg\" data-width=\"847\" data-height=\"532\" aria-label=\"\" role=\"img\" ><\/div>\n\t\t\t\t\t\t\t\t\t\t\t<div class=\"elementor-gallery-item__overlay\"><\/div>\n\t\t\t\t\t\t\t\t\t\t\t\t\t\t<\/a>\n\t\t\t\t\t<\/div>\n\t\t\t\t\t<\/div>\n\t\t\t\t<\/div>\n\t\t\t\t\t<\/div>\n\t\t\t\t<\/div>\n\t\t<div class=\"elementor-element elementor-element-130d48ce animated-slow e-flex e-con-boxed elementor-invisible e-con e-parent\" data-id=\"130d48ce\" data-element_type=\"container\" data-e-type=\"container\" data-settings=\"{&quot;animation&quot;:&quot;fadeInRight&quot;}\">\n\t\t\t\t\t<div class=\"e-con-inner\">\n\t\t\t\t<div class=\"elementor-element elementor-element-7f1c9838 elementor-widget elementor-widget-heading\" data-id=\"7f1c9838\" data-element_type=\"widget\" data-e-type=\"widget\" data-widget_type=\"heading.default\">\n\t\t\t\t<div class=\"elementor-widget-container\">\n\t\t\t\t\t<h1 class=\"elementor-heading-title elementor-size-default\">Habitat:<\/h1>\t\t\t\t<\/div>\n\t\t\t\t<\/div>\n\t\t\t\t<div class=\"elementor-element elementor-element-48f60f39 elementor-widget elementor-widget-text-editor\" data-id=\"48f60f39\" data-element_type=\"widget\" data-e-type=\"widget\" data-widget_type=\"text-editor.default\">\n\t\t\t\t<div class=\"elementor-widget-container\">\n\t\t\t\t\t\t\t\t\t<p>Crocodilul de Nil \u0219i alte specii tr\u0103iesc \u00een apele dulci ale r\u00e2urilor, lacurilor \u0219i mla\u0219tinilor din Africa, Asia, Australia \u0219i America. De\u0219i prefer\u0103 apele lente, crocodilul poate fi \u00eent\u00e2lnit \u0219i \u00een estuare \u0219i zone de coast\u0103, unde se adapteaz\u0103 la apa s\u0103rat\u0103. Vegeta\u021bia deas\u0103 de pe marginea apelor \u00eei ofer\u0103 ad\u0103post \u0219i zone pentru depunerea ou\u0103lor.<\/p><p>Crocodilul este un animal termofil, petrec\u00e2nd multe ore la soare pentru a-\u0219i regla temperatura corpului. \u00cen timpul sezonului uscat, migreaz\u0103 uneori c\u0103tre surse de ap\u0103 mai mari sau hiberneaz\u0103 temporar \u00een vizuini.<\/p>\t\t\t\t\t\t\t\t<\/div>\n\t\t\t\t<\/div>\n\t\t\t\t\t<\/div>\n\t\t\t\t<\/div>\n\t\t<div class=\"elementor-element elementor-element-55b836d6 e-grid e-con-boxed e-con e-parent\" data-id=\"55b836d6\" data-element_type=\"container\" data-e-type=\"container\">\n\t\t\t\t\t<div class=\"e-con-inner\">\n\t\t<div class=\"elementor-element elementor-element-7c72bdac e-con-full animated-slow e-flex elementor-invisible e-con e-child\" data-id=\"7c72bdac\" data-element_type=\"container\" data-e-type=\"container\" data-settings=\"{&quot;animation&quot;:&quot;fadeInLeft&quot;}\">\n\t\t\t\t<div class=\"elementor-element elementor-element-74246255 elementor-widget elementor-widget-heading\" data-id=\"74246255\" data-element_type=\"widget\" data-e-type=\"widget\" data-widget_type=\"heading.default\">\n\t\t\t\t<div class=\"elementor-widget-container\">\n\t\t\t\t\t<h1 class=\"elementor-heading-title elementor-size-default\">Hran\u0103:<\/h1>\t\t\t\t<\/div>\n\t\t\t\t<\/div>\n\t\t\t\t<div class=\"elementor-element elementor-element-675c7f0 elementor-widget elementor-widget-text-editor\" data-id=\"675c7f0\" data-element_type=\"widget\" data-e-type=\"widget\" data-widget_type=\"text-editor.default\">\n\t\t\t\t<div class=\"elementor-widget-container\">\n\t\t\t\t\t\t\t\t\t<p>Crocodilul este un pr\u0103d\u0103tor carnivor oportunist, hr\u0103nindu-se cu o varietate de animale, de la pe\u0219ti \u0219i p\u0103s\u0103ri p\u00e2n\u0103 la mamifere mari precum antilopele sau bivolii. Atac\u0103 de obicei prin ambuscad\u0103, ascunz\u00e2ndu-se sub ap\u0103 p\u00e2n\u0103 c\u00e2nd prada se apropie de mal. Cu o mu\u0219c\u0103tur\u0103 extrem de puternic\u0103, crocodilul prinde prada \u0219i o trage sub ap\u0103 pentru a o \u00eeneca.<\/p><p>Datorit\u0103 metabolismului s\u0103u lent, poate supravie\u021bui s\u0103pt\u0103m\u00e2ni \u00eentregi f\u0103r\u0103 hran\u0103 dup\u0103 o mas\u0103 consistent\u0103. De asemenea, crocodilul este cunoscut pentru comportamentul s\u0103u de &#8222;\u00eenmagazinare&#8221; a hranei, ascunz\u00e2nd prada sub ap\u0103 pentru a o consuma ulterior.<\/p>\t\t\t\t\t\t\t\t<\/div>\n\t\t\t\t<\/div>\n\t\t\t\t<\/div>\n\t\t<div class=\"elementor-element elementor-element-11cf88c4 e-con-full animated-slow e-flex elementor-invisible e-con e-child\" data-id=\"11cf88c4\" data-element_type=\"container\" data-e-type=\"container\" data-settings=\"{&quot;animation&quot;:&quot;fadeInRight&quot;}\">\n\t\t\t\t<div class=\"elementor-element elementor-element-75cb7d9c elementor-widget elementor-widget-heading\" data-id=\"75cb7d9c\" data-element_type=\"widget\" data-e-type=\"widget\" data-widget_type=\"heading.default\">\n\t\t\t\t<div class=\"elementor-widget-container\">\n\t\t\t\t\t<h1 class=\"elementor-heading-title elementor-size-default\">Conservare:<\/h1>\t\t\t\t<\/div>\n\t\t\t\t<\/div>\n\t\t\t\t<div class=\"elementor-element elementor-element-3f65bcf5 elementor-widget elementor-widget-text-editor\" data-id=\"3f65bcf5\" data-element_type=\"widget\" data-e-type=\"widget\" data-widget_type=\"text-editor.default\">\n\t\t\t\t<div class=\"elementor-widget-container\">\n\t\t\t\t\t\t\t\t\t<p>De\u0219i unele specii de crocodili, precum crocodilul de Nil, sunt relativ comune, alte specii, precum crocodilul de ap\u0103 dulce australian (Crocodylus johnstoni) sau crocodilul filipinez (Crocodylus mindorensis), sunt \u00een pericol critic de dispari\u021bie. Amenin\u021b\u0103rile majore includ pierderea habitatului, v\u00e2n\u0103toarea pentru piele \u0219i carne, precum \u0219i conflictele cu oamenii.<\/p><p>Programele de conservare se concentreaz\u0103 pe protec\u021bia habitatelor naturale, crearea de rezerva\u021bii \u0219i monitorizarea popula\u021biilor s\u0103lbatice. \u00cen unele \u021b\u0103ri, cresc\u0103toriile comerciale joac\u0103 un rol important \u00een reducerea presiunii asupra popula\u021biilor s\u0103lbatice.<\/p>\t\t\t\t\t\t\t\t<\/div>\n\t\t\t\t<\/div>\n\t\t\t\t<\/div>\n\t\t\t\t\t<\/div>\n\t\t\t\t<\/div>\n\t\t\t\t<\/div>","protected":false},"excerpt":{"rendered":"<p>Crocodil de Nil Nume \u0219tiin\u021bific: Crocodylus niloticusClas\u0103: ReptiliaOrdin: CrocodyliaFamilie: CrocodylidaeGen: CrocodylusSpecie: Crocodylus niloticus Lungime maxim\u0103: P\u00e2n\u0103 la 5\u20136 metriGreutate: 500\u20131.000 kg General: Crocodilul este unul dintre cei mai vechi pr\u0103d\u0103tori de pe planet\u0103, exist\u00e2nd de peste 200 de milioane de ani. Este cunoscut pentru corpul s\u0103u robust, acoperit de solzi duri, asem\u0103n\u0103tori unei armuri naturale. &hellip; <a href=\"https:\/\/bucurestizoo.ro\/en\/crocodilul\/\" class=\"more-link\">Continue reading <span class=\"screen-reader-text\">Crocodilul<\/span><\/a><\/p>","protected":false},"author":1,"featured_media":0,"parent":0,"menu_order":0,"comment_status":"closed","ping_status":"closed","template":"","meta":{"_monsterinsights_skip_tracking":false,"_monsterinsights_sitenote_active":false,"_monsterinsights_sitenote_note":"","_monsterinsights_sitenote_category":0,"footnotes":""},"class_list":["post-12513","page","type-page","status-publish","hentry"],"aioseo_notices":[],"_links":{"self":[{"href":"https:\/\/bucurestizoo.ro\/en\/wp-json\/wp\/v2\/pages\/12513","targetHints":{"allow":["GET"]}}],"collection":[{"href":"https:\/\/bucurestizoo.ro\/en\/wp-json\/wp\/v2\/pages"}],"about":[{"href":"https:\/\/bucurestizoo.ro\/en\/wp-json\/wp\/v2\/types\/page"}],"author":[{"embeddable":true,"href":"https:\/\/bucurestizoo.ro\/en\/wp-json\/wp\/v2\/users\/1"}],"replies":[{"embeddable":true,"href":"https:\/\/bucurestizoo.ro\/en\/wp-json\/wp\/v2\/comments?post=12513"}],"version-history":[{"count":7,"href":"https:\/\/bucurestizoo.ro\/en\/wp-json\/wp\/v2\/pages\/12513\/revisions"}],"predecessor-version":[{"id":14960,"href":"https:\/\/bucurestizoo.ro\/en\/wp-json\/wp\/v2\/pages\/12513\/revisions\/14960"}],"wp:attachment":[{"href":"https:\/\/bucurestizoo.ro\/en\/wp-json\/wp\/v2\/media?parent=12513"}],"curies":[{"name":"wp","href":"https:\/\/api.w.org\/{rel}","templated":true}]}}