{"id":12510,"date":"2025-01-10T14:49:03","date_gmt":"2025-01-10T12:49:03","guid":{"rendered":"https:\/\/n1.bucurestizoo.ro\/?page_id=12510"},"modified":"2025-03-31T21:50:18","modified_gmt":"2025-03-31T19:50:18","slug":"testoasa-pocnitoare","status":"publish","type":"page","link":"https:\/\/bucurestizoo.ro\/en\/testoasa-pocnitoare\/","title":{"rendered":"\u021aestoasa pocnitoare"},"content":{"rendered":"<div data-elementor-type=\"wp-page\" data-elementor-id=\"12510\" class=\"elementor elementor-12510\" data-elementor-post-type=\"page\">\n\t\t\t\t<div class=\"elementor-element elementor-element-14c46e4b e-flex e-con-boxed e-con e-parent\" data-id=\"14c46e4b\" data-element_type=\"container\" data-e-type=\"container\" data-settings=\"{&quot;background_background&quot;:&quot;classic&quot;}\">\n\t\t\t\t\t<div class=\"e-con-inner\">\n\t\t<div class=\"elementor-element elementor-element-1b2552f5 e-con-full e-flex e-con e-child\" data-id=\"1b2552f5\" data-element_type=\"container\" data-e-type=\"container\">\n\t\t<div class=\"elementor-element elementor-element-336de905 e-con-full animated-slow e-flex elementor-invisible e-con e-child\" data-id=\"336de905\" data-element_type=\"container\" data-e-type=\"container\" data-settings=\"{&quot;animation&quot;:&quot;fadeInLeft&quot;}\">\n\t\t\t\t<div class=\"elementor-element elementor-element-6eec78fb elementor-widget elementor-widget-heading\" data-id=\"6eec78fb\" data-element_type=\"widget\" data-e-type=\"widget\" data-widget_type=\"heading.default\">\n\t\t\t\t<div class=\"elementor-widget-container\">\n\t\t\t\t\t<h1 class=\"elementor-heading-title elementor-size-default\">\u021aestoasa pocnitoare<\/h1>\t\t\t\t<\/div>\n\t\t\t\t<\/div>\n\t\t\t\t<div class=\"elementor-element elementor-element-3afbe1f5 elementor-widget elementor-widget-text-editor\" data-id=\"3afbe1f5\" data-element_type=\"widget\" data-e-type=\"widget\" data-widget_type=\"text-editor.default\">\n\t\t\t\t<div class=\"elementor-widget-container\">\n\t\t\t\t\t\t\t\t\t<p><strong data-start=\"0\" data-end=\"26\">Denumirea \u0219tiin\u021bific\u0103:<\/strong> Chelydra serpentina<br data-start=\"46\" data-end=\"49\" data-is-only-node=\"\" \/><strong data-start=\"49\" data-end=\"61\">Ordinul:<\/strong> Testudines<br data-start=\"72\" data-end=\"75\" \/><strong data-start=\"75\" data-end=\"87\">Familia:<\/strong> Chelydridae<br data-start=\"99\" data-end=\"102\" \/><strong data-start=\"102\" data-end=\"112\">Genul:<\/strong> Chelydra<br data-start=\"121\" data-end=\"124\" \/><strong data-start=\"124\" data-end=\"135\">Specia:<\/strong> Chelydra serpentina<br data-start=\"155\" data-end=\"158\" \/><strong data-start=\"158\" data-end=\"182\">Distribu\u021bia pe glob:<\/strong> \u021aestoasa pocnitoare este r\u0103sp\u00e2ndit\u0103 \u00een America de Nord \u2013 SUA, sudul Canadei \u0219i o mare parte din Mexic. Locuie\u0219te \u00een r\u00e2uri, lacuri \u0219i b\u0103l\u021bi cu ap\u0103 dulce, prefer\u00e2nd apele lente, ad\u00e2nci, cu maluri acoperite de vegeta\u021bie<br data-start=\"399\" data-end=\"402\" \/><strong data-start=\"402\" data-end=\"417\">Dimensiuni:<\/strong> Lungimea carapacei: 25\u201350 cm (poate ajunge p\u00e2n\u0103 la 80 cm \u00een cazuri rare)<br data-start=\"490\" data-end=\"493\" \/><strong data-start=\"493\" data-end=\"506\">Greutate:<\/strong> 4\u201310 kg, dar exemplarele mari pot atinge 15\u201320 kg<br data-start=\"556\" data-end=\"559\" \/><strong data-start=\"559\" data-end=\"593\">Perioada de incubare\/gesta\u021bie:<\/strong> 70\u201390 zile, \u00een func\u021bie de temperatur\u0103 \u0219i condi\u021biile de mediu<br data-start=\"654\" data-end=\"657\" \/><strong data-start=\"657\" data-end=\"674\">Num\u0103r de pui:<\/strong> 20\u201340 ou\u0103 per cuib; puii eclozeaz\u0103 \u00een aproximativ dou\u0103 luni<br data-start=\"734\" data-end=\"737\" \/><strong data-start=\"737\" data-end=\"759\">Speran\u021b\u0103 de via\u021b\u0103:<\/strong> 30\u201340 ani \u00een s\u0103lb\u0103ticie; p\u00e2n\u0103 la 50 ani \u00een captivitate<\/p>\t\t\t\t\t\t\t\t<\/div>\n\t\t\t\t<\/div>\n\t\t\t\t<\/div>\n\t\t\t\t<div class=\"elementor-element elementor-element-78bd537d elementor-widget-tablet__width-inherit animated-slow elementor-invisible elementor-widget elementor-widget-image\" data-id=\"78bd537d\" data-element_type=\"widget\" data-e-type=\"widget\" data-settings=\"{&quot;_animation&quot;:&quot;fadeInRight&quot;}\" data-widget_type=\"image.default\">\n\t\t\t\t<div class=\"elementor-widget-container\">\n\t\t\t\t\t\t\t\t\t\t\t\t\t\t\t<img fetchpriority=\"high\" decoding=\"async\" width=\"847\" height=\"501\" src=\"https:\/\/bucurestizoo.ro\/wp-content\/uploads\/2025\/03\/Testoasa-pocnitoare-dt_2-1024x606.jpg\" class=\"attachment-large size-large wp-image-14579\" alt=\"\" srcset=\"https:\/\/bucurestizoo.ro\/wp-content\/uploads\/2025\/03\/Testoasa-pocnitoare-dt_2-1024x606.jpg 1024w, https:\/\/bucurestizoo.ro\/wp-content\/uploads\/2025\/03\/Testoasa-pocnitoare-dt_2-300x178.jpg 300w, https:\/\/bucurestizoo.ro\/wp-content\/uploads\/2025\/03\/Testoasa-pocnitoare-dt_2-768x454.jpg 768w, https:\/\/bucurestizoo.ro\/wp-content\/uploads\/2025\/03\/Testoasa-pocnitoare-dt_2-1536x909.jpg 1536w, https:\/\/bucurestizoo.ro\/wp-content\/uploads\/2025\/03\/Testoasa-pocnitoare-dt_2-2048x1212.jpg 2048w, https:\/\/bucurestizoo.ro\/wp-content\/uploads\/2025\/03\/Testoasa-pocnitoare-dt_2-507x300.jpg 507w, https:\/\/bucurestizoo.ro\/wp-content\/uploads\/2025\/03\/Testoasa-pocnitoare-dt_2-650x385.jpg 650w\" sizes=\"(max-width: 847px) 100vw, 847px\" data-id=\"14579\" \/>\t\t\t\t\t\t\t\t\t\t\t\t\t\t\t<\/div>\n\t\t\t\t<\/div>\n\t\t\t\t<\/div>\n\t\t\t\t\t<\/div>\n\t\t\t\t<\/div>\n\t\t<div class=\"elementor-element elementor-element-70fbfc0b animated-slow e-flex e-con-boxed elementor-invisible e-con e-parent\" data-id=\"70fbfc0b\" data-element_type=\"container\" data-e-type=\"container\" data-settings=\"{&quot;animation&quot;:&quot;fadeInLeft&quot;}\">\n\t\t\t\t\t<div class=\"e-con-inner\">\n\t\t\t\t<div class=\"elementor-element elementor-element-6e87a608 elementor-widget elementor-widget-heading\" data-id=\"6e87a608\" data-element_type=\"widget\" data-e-type=\"widget\" data-widget_type=\"heading.default\">\n\t\t\t\t<div class=\"elementor-widget-container\">\n\t\t\t\t\t<h1 class=\"elementor-heading-title elementor-size-default\">General:<\/h1>\t\t\t\t<\/div>\n\t\t\t\t<\/div>\n\t\t\t\t<div class=\"elementor-element elementor-element-548110be elementor-widget elementor-widget-text-editor\" data-id=\"548110be\" data-element_type=\"widget\" data-e-type=\"widget\" data-widget_type=\"text-editor.default\">\n\t\t\t\t<div class=\"elementor-widget-container\">\n\t\t\t\t\t\t\t\t\t<p>Testoasa pocnitoare, cunoscut\u0103 \u0219i sub numele de \u201etestoasa cu gura mare\u201d datorit\u0103 capului s\u0103u masiv, este o specie acvatic\u0103 cu un comportament agresiv \u0219i o protec\u021bie natural\u0103 puternic\u0103 datorit\u0103 carapacei sale durabile. Aceast\u0103 specie este denumit\u0103 \u201epocnitoare\u201d din cauza sunetului puternic pe care \u00eel emite atunci c\u00e2nd \u00ee\u0219i \u00eenchide brusc gura, de obicei pentru a prinde prada sau pentru a se ap\u0103ra. Aceste testoase sunt recunoscute pentru comportamentul lor teritorial \u0219i pentru r\u0103spunsurile agresive la amenin\u021b\u0103ri.<\/p><p>\u00cen natur\u0103, Chelydra serpentina este un pr\u0103d\u0103tor viclean care v\u00e2neaz\u0103 prin intermediul camuflajului excelent oferit de ap\u0103, iar atunci c\u00e2nd se simte amenin\u021bat\u0103, poate deveni extrem de agresiv\u0103. De\u0219i sunt lente pe uscat, \u00een ap\u0103 se mi\u0219c\u0103 rapid \u0219i pot prinde prada \u00eentr-un timp scurt. Aceste testoase sunt mai active \u00een lunile mai calde, iar \u00een perioada rece se retrag \u00een ad\u00e2ncurile apei pentru a hiberna.<\/p><p>Testoasa pocnitoare are o \u201egura de tip cle\u0219te\u201d extrem de puternic\u0103, iar \u00een momentul \u00een care aceasta \u201epocne\u0219te\u201d, poate face un zgomot destul de tare care este auzit \u0219i sub ap\u0103.<\/p><p>\u00a0De\u0219i este cunoscut\u0103 pentru agresivitatea sa, \u00een captivitate este o specie interesant\u0103, adesea fiind descris\u0103 ca \u201etestoasa cu temperament de tigru\u201d.<\/p><p>Aceste testoase pot face rapid salturi \u00een ap\u0103 atunci c\u00e2nd sunt deranjate \u0219i pot \u00eenota foarte repede pentru a sc\u0103pa de pr\u0103d\u0103tori<\/p>\t\t\t\t\t\t\t\t<\/div>\n\t\t\t\t<\/div>\n\t\t\t\t\t<\/div>\n\t\t\t\t<\/div>\n\t\t<div class=\"elementor-element elementor-element-3116a392 e-flex e-con-boxed e-con e-parent\" data-id=\"3116a392\" data-element_type=\"container\" data-e-type=\"container\">\n\t\t\t\t\t<div class=\"e-con-inner\">\n\t\t\t\t<div class=\"elementor-element elementor-element-7c67cb69 elementor-widget elementor-widget-gallery\" data-id=\"7c67cb69\" data-element_type=\"widget\" data-e-type=\"widget\" data-settings=\"{&quot;columns&quot;:2,&quot;lazyload&quot;:&quot;yes&quot;,&quot;gallery_layout&quot;:&quot;grid&quot;,&quot;columns_tablet&quot;:2,&quot;columns_mobile&quot;:1,&quot;gap&quot;:{&quot;unit&quot;:&quot;px&quot;,&quot;size&quot;:10,&quot;sizes&quot;:[]},&quot;gap_tablet&quot;:{&quot;unit&quot;:&quot;px&quot;,&quot;size&quot;:10,&quot;sizes&quot;:[]},&quot;gap_mobile&quot;:{&quot;unit&quot;:&quot;px&quot;,&quot;size&quot;:10,&quot;sizes&quot;:[]},&quot;link_to&quot;:&quot;file&quot;,&quot;aspect_ratio&quot;:&quot;3:2&quot;,&quot;overlay_background&quot;:&quot;yes&quot;,&quot;content_hover_animation&quot;:&quot;fade-in&quot;}\" data-widget_type=\"gallery.default\">\n\t\t\t\t<div class=\"elementor-widget-container\">\n\t\t\t\t\t\t\t<div class=\"elementor-gallery__container\">\n\t\t\t\t\t\t\t<a class=\"e-gallery-item elementor-gallery-item elementor-animated-content\" href=\"https:\/\/bucurestizoo.ro\/wp-content\/uploads\/2025\/03\/Testoasa-pocnitoare-dt_1.jpg\" data-elementor-open-lightbox=\"yes\" data-elementor-lightbox-slideshow=\"7c67cb69\" data-elementor-lightbox-title=\"Testoasa pocnitoare dt_1\" data-e-action-hash=\"#elementor-action%3Aaction%3Dlightbox%26settings%3DeyJpZCI6MTQ1ODAsInVybCI6Imh0dHBzOlwvXC9idWN1cmVzdGl6b28ucm9cL3dwLWNvbnRlbnRcL3VwbG9hZHNcLzIwMjVcLzAzXC9UZXN0b2FzYS1wb2NuaXRvYXJlLWR0XzEuanBnIiwic2xpZGVzaG93IjoiN2M2N2NiNjkifQ%3D%3D\">\n\t\t\t\t\t<div class=\"e-gallery-image elementor-gallery-item__image\" data-thumbnail=\"https:\/\/bucurestizoo.ro\/wp-content\/uploads\/2025\/03\/Testoasa-pocnitoare-dt_1-1024x768.jpg\" data-width=\"847\" data-height=\"635\" aria-label=\"\" role=\"img\" ><\/div>\n\t\t\t\t\t\t\t\t\t\t\t<div class=\"elementor-gallery-item__overlay\"><\/div>\n\t\t\t\t\t\t\t\t\t\t\t\t\t\t<\/a>\n\t\t\t\t\t<\/div>\n\t\t\t\t\t<\/div>\n\t\t\t\t<\/div>\n\t\t\t\t\t<\/div>\n\t\t\t\t<\/div>\n\t\t<div class=\"elementor-element elementor-element-6e724e61 animated-slow e-flex e-con-boxed elementor-invisible e-con e-parent\" data-id=\"6e724e61\" data-element_type=\"container\" data-e-type=\"container\" data-settings=\"{&quot;animation&quot;:&quot;fadeInRight&quot;}\">\n\t\t\t\t\t<div class=\"e-con-inner\">\n\t\t\t\t<div class=\"elementor-element elementor-element-5465a04b elementor-widget elementor-widget-heading\" data-id=\"5465a04b\" data-element_type=\"widget\" data-e-type=\"widget\" data-widget_type=\"heading.default\">\n\t\t\t\t<div class=\"elementor-widget-container\">\n\t\t\t\t\t<h1 class=\"elementor-heading-title elementor-size-default\">Habitat:<\/h1>\t\t\t\t<\/div>\n\t\t\t\t<\/div>\n\t\t\t\t<div class=\"elementor-element elementor-element-44f437af elementor-widget elementor-widget-text-editor\" data-id=\"44f437af\" data-element_type=\"widget\" data-e-type=\"widget\" data-widget_type=\"text-editor.default\">\n\t\t\t\t<div class=\"elementor-widget-container\">\n\t\t\t\t\t\t\t\t\t<p>Testoasa pocnitoare prefer\u0103 zonele de ap\u0103 dulce, cum ar fi r\u00e2urile, lacurile \u0219i b\u0103l\u021bile cu ap\u0103 lini\u0219tit\u0103 \u0219i ad\u00e2nc\u0103. Este o specie care tr\u0103ie\u0219te at\u00e2t \u00een ape curg\u0103toare, c\u00e2t \u0219i \u00een cele st\u0103t\u0103toare, de obicei \u00een zone cu maluri acoperite de vegeta\u021bie. Aceast\u0103 specie poate tr\u0103i at\u00e2t \u00een medii acvatice \u00een mi\u0219care lent\u0103, dar \u0219i \u00een ape stagnante, cu o preferin\u021b\u0103 pentru funduri de r\u00e2u sau lac acoperite cu nisip sau m\u00e2l. Se poate adapta la o gam\u0103 larg\u0103 de condi\u021bii de ap\u0103 \u0219i prefer\u0103 s\u0103 se ascund\u0103 \u00een n\u0103mol sau sub pietre \u0219i vegeta\u021bie acvatic\u0103. \u00cen perioada de reproducere, ea iese pe mal pentru a depune ou\u0103. <\/p>\t\t\t\t\t\t\t\t<\/div>\n\t\t\t\t<\/div>\n\t\t\t\t\t<\/div>\n\t\t\t\t<\/div>\n\t\t<div class=\"elementor-element elementor-element-f7374bc e-grid e-con-boxed e-con e-parent\" data-id=\"f7374bc\" data-element_type=\"container\" data-e-type=\"container\">\n\t\t\t\t\t<div class=\"e-con-inner\">\n\t\t<div class=\"elementor-element elementor-element-387c6de4 e-con-full animated-slow e-flex elementor-invisible e-con e-child\" data-id=\"387c6de4\" data-element_type=\"container\" data-e-type=\"container\" data-settings=\"{&quot;animation&quot;:&quot;fadeInLeft&quot;}\">\n\t\t\t\t<div class=\"elementor-element elementor-element-3d1db659 elementor-widget elementor-widget-heading\" data-id=\"3d1db659\" data-element_type=\"widget\" data-e-type=\"widget\" data-widget_type=\"heading.default\">\n\t\t\t\t<div class=\"elementor-widget-container\">\n\t\t\t\t\t<h1 class=\"elementor-heading-title elementor-size-default\">Hran\u0103:<\/h1>\t\t\t\t<\/div>\n\t\t\t\t<\/div>\n\t\t\t\t<div class=\"elementor-element elementor-element-57bd3fc elementor-widget elementor-widget-text-editor\" data-id=\"57bd3fc\" data-element_type=\"widget\" data-e-type=\"widget\" data-widget_type=\"text-editor.default\">\n\t\t\t\t<div class=\"elementor-widget-container\">\n\t\t\t\t\t\t\t\t\t<p>Testoasa pocnitoare este un pr\u0103d\u0103tor oportunist \u0219i omnivor. Aceasta se hr\u0103ne\u0219te cu o varietate de alimente, inclusiv pe\u0219ti, amfibii, insecte, plante acvatice \u0219i chiar cadavre. Dieta sa variaz\u0103 \u00een func\u021bie de disponibilitatea hranei, iar comportamentul s\u0103u de v\u00e2n\u0103toare este destul de agresiv. Ea poate captura prada printr-o ac\u021biune rapid\u0103 a gurii larg deschise, captur\u00e2nd totul, de la pe\u0219ti mici p\u00e2n\u0103 la amfibii \u0219i chiar p\u0103s\u0103ri sau mamifere mici. De asemenea, \u00een regim de captivitate, poate consuma hrana preparat\u0103 pentru reptile, dar \u00een s\u0103lb\u0103ticie ea v\u00e2neaz\u0103 activ, folosindu-se de strategia \u201est\u00e2nd la p\u00e2nd\u0103\u201d pentru a prinde orice prada se apropie suficient de aproape.<\/p>\t\t\t\t\t\t\t\t<\/div>\n\t\t\t\t<\/div>\n\t\t\t\t<\/div>\n\t\t<div class=\"elementor-element elementor-element-28731e90 e-con-full animated-slow e-flex elementor-invisible e-con e-child\" data-id=\"28731e90\" data-element_type=\"container\" data-e-type=\"container\" data-settings=\"{&quot;animation&quot;:&quot;fadeInRight&quot;}\">\n\t\t\t\t<div class=\"elementor-element elementor-element-93c9094 elementor-widget elementor-widget-heading\" data-id=\"93c9094\" data-element_type=\"widget\" data-e-type=\"widget\" data-widget_type=\"heading.default\">\n\t\t\t\t<div class=\"elementor-widget-container\">\n\t\t\t\t\t<h1 class=\"elementor-heading-title elementor-size-default\">Conservare:<\/h1>\t\t\t\t<\/div>\n\t\t\t\t<\/div>\n\t\t\t\t<div class=\"elementor-element elementor-element-1f79c369 elementor-widget elementor-widget-text-editor\" data-id=\"1f79c369\" data-element_type=\"widget\" data-e-type=\"widget\" data-widget_type=\"text-editor.default\">\n\t\t\t\t<div class=\"elementor-widget-container\">\n\t\t\t\t\t\t\t\t\t<p>\u00cen ciuda comportamentului lor agresiv, Chelydra serpentina nu este o specie deosebit de amenin\u021bat\u0103. Cu toate acestea, \u00een anumite zone din America de Nord, aceast\u0103 specie se confrunt\u0103 cu pierderea habitatului din cauza urbaniz\u0103rii \u0219i polu\u0103rii apelor. Alte amenin\u021b\u0103ri includ braconajul \u0219i v\u00e2n\u0103toarea ilegal\u0103, de\u0219i aceasta nu este o practic\u0103 larg r\u0103sp\u00e2ndit\u0103. De asemenea, ou\u0103le testoa\u0219elor pocnitoare pot fi v\u00e2nate sau distruse de alte animale, ceea ce face ca specia s\u0103 fie mai vulnerabil\u0103 \u00een unele zone. Unele state din Statele Unite protejeaz\u0103 specia prin reglement\u0103ri de conservare \u0219i protec\u021bie, inclusiv prin limitarea v\u00e2n\u0103torii \u0219i restric\u021bii legate de distrugerea habitatului acvatic.<\/p>\t\t\t\t\t\t\t\t<\/div>\n\t\t\t\t<\/div>\n\t\t\t\t<\/div>\n\t\t\t\t\t<\/div>\n\t\t\t\t<\/div>\n\t\t\t\t<\/div>","protected":false},"excerpt":{"rendered":"<p>\u021aestoasa pocnitoare Denumirea \u0219tiin\u021bific\u0103: Chelydra serpentinaOrdinul: TestudinesFamilia: ChelydridaeGenul: ChelydraSpecia: Chelydra serpentinaDistribu\u021bia pe glob: \u021aestoasa pocnitoare este r\u0103sp\u00e2ndit\u0103 \u00een America de Nord \u2013 SUA, sudul Canadei \u0219i o mare parte din Mexic. Locuie\u0219te \u00een r\u00e2uri, lacuri \u0219i b\u0103l\u021bi cu ap\u0103 dulce, prefer\u00e2nd apele lente, ad\u00e2nci, cu maluri acoperite de vegeta\u021bieDimensiuni: Lungimea carapacei: 25\u201350 cm (poate ajunge &hellip; <a href=\"https:\/\/bucurestizoo.ro\/en\/testoasa-pocnitoare\/\" class=\"more-link\">Continue reading <span class=\"screen-reader-text\">\u021aestoasa pocnitoare<\/span><\/a><\/p>","protected":false},"author":1,"featured_media":0,"parent":0,"menu_order":0,"comment_status":"closed","ping_status":"closed","template":"","meta":{"_monsterinsights_skip_tracking":false,"_monsterinsights_sitenote_active":false,"_monsterinsights_sitenote_note":"","_monsterinsights_sitenote_category":0,"footnotes":""},"class_list":["post-12510","page","type-page","status-publish","hentry"],"aioseo_notices":[],"_links":{"self":[{"href":"https:\/\/bucurestizoo.ro\/en\/wp-json\/wp\/v2\/pages\/12510","targetHints":{"allow":["GET"]}}],"collection":[{"href":"https:\/\/bucurestizoo.ro\/en\/wp-json\/wp\/v2\/pages"}],"about":[{"href":"https:\/\/bucurestizoo.ro\/en\/wp-json\/wp\/v2\/types\/page"}],"author":[{"embeddable":true,"href":"https:\/\/bucurestizoo.ro\/en\/wp-json\/wp\/v2\/users\/1"}],"replies":[{"embeddable":true,"href":"https:\/\/bucurestizoo.ro\/en\/wp-json\/wp\/v2\/comments?post=12510"}],"version-history":[{"count":10,"href":"https:\/\/bucurestizoo.ro\/en\/wp-json\/wp\/v2\/pages\/12510\/revisions"}],"predecessor-version":[{"id":14586,"href":"https:\/\/bucurestizoo.ro\/en\/wp-json\/wp\/v2\/pages\/12510\/revisions\/14586"}],"wp:attachment":[{"href":"https:\/\/bucurestizoo.ro\/en\/wp-json\/wp\/v2\/media?parent=12510"}],"curies":[{"name":"wp","href":"https:\/\/api.w.org\/{rel}","templated":true}]}}