{"id":12504,"date":"2025-01-10T14:47:18","date_gmt":"2025-01-10T12:47:18","guid":{"rendered":"https:\/\/n1.bucurestizoo.ro\/?page_id=12504"},"modified":"2025-04-07T17:21:43","modified_gmt":"2025-04-07T15:21:43","slug":"testoasa-de-apa","status":"publish","type":"page","link":"https:\/\/bucurestizoo.ro\/en\/testoasa-de-apa\/","title":{"rendered":"\u021aestoasa de ap\u0103"},"content":{"rendered":"<div data-elementor-type=\"wp-page\" data-elementor-id=\"12504\" class=\"elementor elementor-12504\" data-elementor-post-type=\"page\">\n\t\t\t\t<div class=\"elementor-element elementor-element-78c15035 e-flex e-con-boxed e-con e-parent\" data-id=\"78c15035\" data-element_type=\"container\" data-e-type=\"container\" data-settings=\"{&quot;background_background&quot;:&quot;classic&quot;}\">\n\t\t\t\t\t<div class=\"e-con-inner\">\n\t\t<div class=\"elementor-element elementor-element-6e850e32 e-con-full e-flex e-con e-child\" data-id=\"6e850e32\" data-element_type=\"container\" data-e-type=\"container\">\n\t\t<div class=\"elementor-element elementor-element-7478d7a7 e-con-full animated-slow e-flex elementor-invisible e-con e-child\" data-id=\"7478d7a7\" data-element_type=\"container\" data-e-type=\"container\" data-settings=\"{&quot;animation&quot;:&quot;fadeInLeft&quot;}\">\n\t\t\t\t<div class=\"elementor-element elementor-element-24f33cb2 elementor-widget elementor-widget-heading\" data-id=\"24f33cb2\" data-element_type=\"widget\" data-e-type=\"widget\" data-widget_type=\"heading.default\">\n\t\t\t\t<div class=\"elementor-widget-container\">\n\t\t\t\t\t<h1 class=\"elementor-heading-title elementor-size-default\">\u021aestoasa de Ap\u0103<\/h1>\t\t\t\t<\/div>\n\t\t\t\t<\/div>\n\t\t\t\t<div class=\"elementor-element elementor-element-444e6475 elementor-widget elementor-widget-text-editor\" data-id=\"444e6475\" data-element_type=\"widget\" data-e-type=\"widget\" data-widget_type=\"text-editor.default\">\n\t\t\t\t<div class=\"elementor-widget-container\">\n\t\t\t\t\t\t\t\t\t<p class=\"\" data-start=\"0\" data-end=\"88\"><strong data-start=\"0\" data-end=\"15\">Nume comun:<\/strong> Broasca \u021bestoas\u0103 de ap\u0103<br data-start=\"39\" data-end=\"42\" \/><strong data-start=\"42\" data-end=\"67\">Denumire \u0219tiin\u021bific\u0103:<\/strong> <em data-start=\"68\" data-end=\"86\" data-is-only-node=\"\">Emys orbicularis<\/em><\/p><p class=\"\" data-start=\"90\" data-end=\"287\"><strong data-start=\"90\" data-end=\"99\">Regn:<\/strong> Animalia<br data-start=\"108\" data-end=\"111\" \/><strong data-start=\"111\" data-end=\"128\">\u00cencreng\u0103tura:<\/strong> Chordata<br data-start=\"137\" data-end=\"140\" data-is-only-node=\"\" \/><strong data-start=\"140\" data-end=\"150\">Clasa:<\/strong> Reptilia<br data-start=\"159\" data-end=\"162\" \/><strong data-start=\"162\" data-end=\"172\">Ordin:<\/strong> Testudines<br data-start=\"183\" data-end=\"186\" \/><strong data-start=\"186\" data-end=\"198\">Familie:<\/strong> Emydidae<br data-start=\"207\" data-end=\"210\" \/><strong data-start=\"210\" data-end=\"225\">Subfamilie:<\/strong> Emydinae<br data-start=\"234\" data-end=\"237\" \/><strong data-start=\"237\" data-end=\"245\">Gen:<\/strong> <em data-start=\"246\" data-end=\"252\">Emys<\/em><br data-start=\"252\" data-end=\"255\" \/><strong data-start=\"255\" data-end=\"266\">Specie:<\/strong> <em data-start=\"267\" data-end=\"285\">Emys orbicularis<\/em><\/p><p class=\"\" data-start=\"289\" data-end=\"447\"><strong data-start=\"289\" data-end=\"311\">Speran\u021ba de via\u021b\u0103:<\/strong><br data-start=\"311\" data-end=\"314\" \/>\u2013 P\u00e2n\u0103 la <strong data-start=\"324\" data-end=\"352\">26 de ani \u00een captivitate<\/strong><br data-start=\"352\" data-end=\"355\" \/>\u2013 \u00cen s\u0103lb\u0103ticie poate tr\u0103i <strong data-start=\"382\" data-end=\"398\">30\u201350 de ani<\/strong>, uneori chiar mai mult, \u00een condi\u021bii favorabile<\/p>\t\t\t\t\t\t\t\t<\/div>\n\t\t\t\t<\/div>\n\t\t\t\t<\/div>\n\t\t\t\t<div class=\"elementor-element elementor-element-6b056303 elementor-widget-tablet__width-inherit animated-slow elementor-invisible elementor-widget elementor-widget-image\" data-id=\"6b056303\" data-element_type=\"widget\" data-e-type=\"widget\" data-settings=\"{&quot;_animation&quot;:&quot;fadeInRight&quot;}\" data-widget_type=\"image.default\">\n\t\t\t\t<div class=\"elementor-widget-container\">\n\t\t\t\t\t\t\t\t\t\t\t\t\t\t\t<img fetchpriority=\"high\" decoding=\"async\" width=\"400\" height=\"284\" src=\"https:\/\/bucurestizoo.ro\/wp-content\/uploads\/2024\/12\/Broasca-testoasa-de-apa.jpg\" class=\"attachment-large size-large wp-image-12287\" alt=\"\" srcset=\"https:\/\/bucurestizoo.ro\/wp-content\/uploads\/2024\/12\/Broasca-testoasa-de-apa.jpg 400w, https:\/\/bucurestizoo.ro\/wp-content\/uploads\/2024\/12\/Broasca-testoasa-de-apa-300x213.jpg 300w\" sizes=\"(max-width: 400px) 100vw, 400px\" data-id=\"12287\" \/>\t\t\t\t\t\t\t\t\t\t\t\t\t\t\t<\/div>\n\t\t\t\t<\/div>\n\t\t\t\t<\/div>\n\t\t\t\t\t<\/div>\n\t\t\t\t<\/div>\n\t\t<div class=\"elementor-element elementor-element-1a2fbe8a animated-slow e-flex e-con-boxed elementor-invisible e-con e-parent\" data-id=\"1a2fbe8a\" data-element_type=\"container\" data-e-type=\"container\" data-settings=\"{&quot;animation&quot;:&quot;fadeInLeft&quot;}\">\n\t\t\t\t\t<div class=\"e-con-inner\">\n\t\t\t\t<div class=\"elementor-element elementor-element-6f32db5f elementor-widget elementor-widget-heading\" data-id=\"6f32db5f\" data-element_type=\"widget\" data-e-type=\"widget\" data-widget_type=\"heading.default\">\n\t\t\t\t<div class=\"elementor-widget-container\">\n\t\t\t\t\t<h1 class=\"elementor-heading-title elementor-size-default\">General:<\/h1>\t\t\t\t<\/div>\n\t\t\t\t<\/div>\n\t\t\t\t<div class=\"elementor-element elementor-element-6dbace2c elementor-widget elementor-widget-text-editor\" data-id=\"6dbace2c\" data-element_type=\"widget\" data-e-type=\"widget\" data-widget_type=\"text-editor.default\">\n\t\t\t\t<div class=\"elementor-widget-container\">\n\t\t\t\t\t\t\t\t\t<p>Broasca \u021bestoas\u0103 de ap\u0103 (Emys orbicularis) este o specie de \u021bestoas\u0103 de ap\u0103 dulce.<\/p><p>Culoarea broa\u0219tei \u021bestoase de ap\u0103 variaz\u0103, \u00eens\u0103 exist\u0103, de obicei, o u\u0219oar\u0103 str\u0103lucire pe o culoare de fundal \u00eentunecat\u0103 (adesea negru). Forma \u0219i culoarea carapacei se modific\u0103 odat\u0103 cu v\u00e2rsta. \u021aestoasa de ap\u0103 dulce are o carapace rotunjit\u0103, iar scuturile sunt brute \u0219i uscate, de culoare maroniu \u00eenchis, deasupra \u0219i negru, \u00een rest, cu un punct galben pe fiecare scut marginal de-a lungul carapacei. \u00cen timp ce \u00eemb\u0103tr\u00e2ne\u0219te, scuturile dorsale devin netede \u0219i au, \u00een general, semne galbene pe fundal \u00eenchis. Capul, membrele \u0219i coada sunt \u00eentunecate cu pete galbene sau maro deschis \u0219i puncte mici. Dimensiunea carapacei variaz\u0103 \u00eentre 12 \u0219i 38 cm \u0219i are 12 perechi de scuturi marginale. Capul este acoperit cu o piele neted\u0103. Emys orbicularis are un plastron articulat flexibil, care este u\u0219or legat de carapace. Masculii din aceast\u0103 specie se maturizeaz\u0103 mai devreme \u0219i, \u00een general, r\u0103m\u00e2n mai mici dec\u00e2t femelele.<\/p><p>Cele mai multe \u021bestoase de ap\u0103 dulce depun ou\u0103le pe p\u0103m\u00e2nt, \u00een mod obi\u0219nuit, l\u00e2ng\u0103 o zon\u0103 de ap\u0103. C\u0103utarea unor zone de cuib\u0103rit de c\u0103tre femelele adulte poate dura mai multe ore p\u00e2n\u0103 la mai mult de o zi. Odat\u0103 ce loca\u021bia cuibului este stabilit\u0103, femelele petrec timp pentru construirea cuibului, depunerea ou\u0103lor \u0219i \u00eenchiderea cuibului, care poate dura p\u00e2n\u0103 la alte 4 ore.<\/p>\t\t\t\t\t\t\t\t<\/div>\n\t\t\t\t<\/div>\n\t\t\t\t\t<\/div>\n\t\t\t\t<\/div>\n\t\t<div class=\"elementor-element elementor-element-537958d1 animated-slow e-flex e-con-boxed elementor-invisible e-con e-parent\" data-id=\"537958d1\" data-element_type=\"container\" data-e-type=\"container\" data-settings=\"{&quot;animation&quot;:&quot;fadeInRight&quot;}\">\n\t\t\t\t\t<div class=\"e-con-inner\">\n\t\t\t\t<div class=\"elementor-element elementor-element-698acaf4 elementor-widget elementor-widget-heading\" data-id=\"698acaf4\" data-element_type=\"widget\" data-e-type=\"widget\" data-widget_type=\"heading.default\">\n\t\t\t\t<div class=\"elementor-widget-container\">\n\t\t\t\t\t<h1 class=\"elementor-heading-title elementor-size-default\">Habitat:<\/h1>\t\t\t\t<\/div>\n\t\t\t\t<\/div>\n\t\t\t\t<div class=\"elementor-element elementor-element-702a8a92 elementor-widget elementor-widget-text-editor\" data-id=\"702a8a92\" data-element_type=\"widget\" data-e-type=\"widget\" data-widget_type=\"text-editor.default\">\n\t\t\t\t<div class=\"elementor-widget-container\">\n\t\t\t\t\t\t\t\t\t<p>Tr\u0103ie\u0219te \u00een Europa de Sud \u0219i Europa Central\u0103, Asia de Vest \u0219i Africa de Nord. \u00cen perioada post-glacial\u0103 timpurie, broasca \u021bestoas\u0103 a avut o distribu\u021bie mult mai larg\u0103. A disp\u0103rut \u00een Marea Britanie din cauza schimb\u0103rilor climatice. \u021aestoasele Emys orbicularis prefer\u0103 s\u0103 tr\u0103iasc\u0103 \u00een zonele umede \u00eenconjurate de zone \u00eemp\u0103durite. Specimene de Emys orbicularis se deplaseaz\u0103, \u00een c\u0103utarea hranei, \u00een medii montane. Emys orbicularis este, de obicei, considerat semi-acvatic, deoarece mi\u0219c\u0103rile sale terestre se pot \u00eentinde pe o distan\u021b\u0103 de 1000 de metri, iar, ocazional, c\u0103l\u0103torind p\u00e2n\u0103 la 4000 de metri distan\u021b\u0103 de ap\u0103.<\/p>\t\t\t\t\t\t\t\t<\/div>\n\t\t\t\t<\/div>\n\t\t\t\t\t<\/div>\n\t\t\t\t<\/div>\n\t\t<div class=\"elementor-element elementor-element-363fa28b e-grid e-con-boxed e-con e-parent\" data-id=\"363fa28b\" data-element_type=\"container\" data-e-type=\"container\">\n\t\t\t\t\t<div class=\"e-con-inner\">\n\t\t<div class=\"elementor-element elementor-element-37607872 e-con-full animated-slow e-flex elementor-invisible e-con e-child\" data-id=\"37607872\" data-element_type=\"container\" data-e-type=\"container\" data-settings=\"{&quot;animation&quot;:&quot;fadeInLeft&quot;}\">\n\t\t\t\t<div class=\"elementor-element elementor-element-4030d9af elementor-widget elementor-widget-heading\" data-id=\"4030d9af\" data-element_type=\"widget\" data-e-type=\"widget\" data-widget_type=\"heading.default\">\n\t\t\t\t<div class=\"elementor-widget-container\">\n\t\t\t\t\t<h1 class=\"elementor-heading-title elementor-size-default\">Hran\u0103:<\/h1>\t\t\t\t<\/div>\n\t\t\t\t<\/div>\n\t\t\t\t<div class=\"elementor-element elementor-element-65a6b4b3 elementor-widget elementor-widget-text-editor\" data-id=\"65a6b4b3\" data-element_type=\"widget\" data-e-type=\"widget\" data-widget_type=\"text-editor.default\">\n\t\t\t\t<div class=\"elementor-widget-container\">\n\t\t\t\t\t\t\t\t\t<p>\u021aestoasele de ap\u0103 au o diet\u0103 mixt\u0103 de plante \u0219i substan\u021be animale care pot cre\u0219te eficien\u021ba procesului lor digestiv. De\u0219i se presupune c\u0103 \u021bestoasele Emys orbicularis sunt strict carnivore, se pare c\u0103 nu toate Emys orbicularis sunt \u00een \u00eentregime carnivore, deoarece dieta lor const\u0103, de asemenea, din hran\u0103 vegetal\u0103. S-a raportat c\u0103 dieta unui adult porne\u0219te de la o diet\u0103 carnivor\u0103 la o diet\u0103 erbivor\u0103 pe m\u0103sur\u0103 ce \u00eemb\u0103tr\u00e2ne\u0219te \u0219i cre\u0219te \u00een m\u0103rime. Acest lucru este, de asemenea, foarte asem\u0103n\u0103tor celorlalte \u021bestoase omnivore Emydidae. Pe m\u0103sur\u0103 ce o broasc\u0103 \u021bestoas\u0103 Emys orbicularis cre\u0219te \u00een v\u00e2rst\u0103 \u0219i devine adult, cantitatea de hran\u0103 vegetal\u0103 cre\u0219te \u00een timpul perioadei de reproducere. Speciile Emys orbicularis prefer\u0103 alimente mai pu\u021bin energice dup\u0103 sezonul de reproducere, perioad\u0103 \u00een care cea mai mare parte a energiei este consumat\u0103 pentru reproducere.<\/p>\t\t\t\t\t\t\t\t<\/div>\n\t\t\t\t<\/div>\n\t\t\t\t<\/div>\n\t\t<div class=\"elementor-element elementor-element-29231051 e-con-full animated-slow e-flex elementor-invisible e-con e-child\" data-id=\"29231051\" data-element_type=\"container\" data-e-type=\"container\" data-settings=\"{&quot;animation&quot;:&quot;fadeInRight&quot;}\">\n\t\t\t\t<div class=\"elementor-element elementor-element-6d2a3e83 elementor-widget elementor-widget-heading\" data-id=\"6d2a3e83\" data-element_type=\"widget\" data-e-type=\"widget\" data-widget_type=\"heading.default\">\n\t\t\t\t<div class=\"elementor-widget-container\">\n\t\t\t\t\t<h1 class=\"elementor-heading-title elementor-size-default\">Conservare:<\/h1>\t\t\t\t<\/div>\n\t\t\t\t<\/div>\n\t\t\t\t<div class=\"elementor-element elementor-element-7d1058bf elementor-widget elementor-widget-text-editor\" data-id=\"7d1058bf\" data-element_type=\"widget\" data-e-type=\"widget\" data-widget_type=\"text-editor.default\">\n\t\t\t\t<div class=\"elementor-widget-container\">\n\t\t\t\t\t\t\t\t\t<p>Popula\u021biile de Emys orbicularis au sc\u0103zut \u00een ultimul secol. Arealul geografic s-a diminuat \u0219i, cel mai probabil, va continua s\u0103 scad\u0103 urmare a distrugerii habitatelor. Organiza\u021biile guvernamentale \u0219i ecologice vor trebui s\u0103 adopte m\u0103suri \u0219i strategii care s\u0103 reglementeze v\u00e2n\u0103toarea de broa\u0219te \u0219i colectarea de ou\u0103, s\u0103 protejeze habitatele \u0219i s\u0103 reduc\u0103 factorii distructivi, inclusiv poluarea.<\/p>\t\t\t\t\t\t\t\t<\/div>\n\t\t\t\t<\/div>\n\t\t\t\t<\/div>\n\t\t\t\t\t<\/div>\n\t\t\t\t<\/div>\n\t\t\t\t<\/div>","protected":false},"excerpt":{"rendered":"<p>\u021aestoasa de Ap\u0103 Nume comun: Broasca \u021bestoas\u0103 de ap\u0103Denumire \u0219tiin\u021bific\u0103: Emys orbicularis Regn: Animalia\u00cencreng\u0103tura: ChordataClasa: ReptiliaOrdin: TestudinesFamilie: EmydidaeSubfamilie: EmydinaeGen: EmysSpecie: Emys orbicularis Speran\u021ba de via\u021b\u0103:\u2013 P\u00e2n\u0103 la 26 de ani \u00een captivitate\u2013 \u00cen s\u0103lb\u0103ticie poate tr\u0103i 30\u201350 de ani, uneori chiar mai mult, \u00een condi\u021bii favorabile General: Broasca \u021bestoas\u0103 de ap\u0103 (Emys orbicularis) este o &hellip; <a href=\"https:\/\/bucurestizoo.ro\/en\/testoasa-de-apa\/\" class=\"more-link\">Continue reading <span class=\"screen-reader-text\">\u021aestoasa de ap\u0103<\/span><\/a><\/p>","protected":false},"author":1,"featured_media":0,"parent":0,"menu_order":0,"comment_status":"closed","ping_status":"closed","template":"","meta":{"_monsterinsights_skip_tracking":false,"_monsterinsights_sitenote_active":false,"_monsterinsights_sitenote_note":"","_monsterinsights_sitenote_category":0,"footnotes":""},"class_list":["post-12504","page","type-page","status-publish","hentry"],"aioseo_notices":[],"_links":{"self":[{"href":"https:\/\/bucurestizoo.ro\/en\/wp-json\/wp\/v2\/pages\/12504","targetHints":{"allow":["GET"]}}],"collection":[{"href":"https:\/\/bucurestizoo.ro\/en\/wp-json\/wp\/v2\/pages"}],"about":[{"href":"https:\/\/bucurestizoo.ro\/en\/wp-json\/wp\/v2\/types\/page"}],"author":[{"embeddable":true,"href":"https:\/\/bucurestizoo.ro\/en\/wp-json\/wp\/v2\/users\/1"}],"replies":[{"embeddable":true,"href":"https:\/\/bucurestizoo.ro\/en\/wp-json\/wp\/v2\/comments?post=12504"}],"version-history":[{"count":7,"href":"https:\/\/bucurestizoo.ro\/en\/wp-json\/wp\/v2\/pages\/12504\/revisions"}],"predecessor-version":[{"id":15318,"href":"https:\/\/bucurestizoo.ro\/en\/wp-json\/wp\/v2\/pages\/12504\/revisions\/15318"}],"wp:attachment":[{"href":"https:\/\/bucurestizoo.ro\/en\/wp-json\/wp\/v2\/media?parent=12504"}],"curies":[{"name":"wp","href":"https:\/\/api.w.org\/{rel}","templated":true}]}}