{"id":12497,"date":"2025-01-10T14:45:36","date_gmt":"2025-01-10T12:45:36","guid":{"rendered":"https:\/\/n1.bucurestizoo.ro\/?page_id=12497"},"modified":"2025-04-05T11:47:27","modified_gmt":"2025-04-05T09:47:27","slug":"anaconda-galbena","status":"publish","type":"page","link":"https:\/\/bucurestizoo.ro\/en\/anaconda-galbena\/","title":{"rendered":"Anaconda Galben\u0103"},"content":{"rendered":"<div data-elementor-type=\"wp-page\" data-elementor-id=\"12497\" class=\"elementor elementor-12497\" data-elementor-post-type=\"page\">\n\t\t\t\t<div class=\"elementor-element elementor-element-45a82b8a e-flex e-con-boxed e-con e-parent\" data-id=\"45a82b8a\" data-element_type=\"container\" data-e-type=\"container\" data-settings=\"{&quot;background_background&quot;:&quot;classic&quot;}\">\n\t\t\t\t\t<div class=\"e-con-inner\">\n\t\t<div class=\"elementor-element elementor-element-7fa5723 e-con-full e-flex e-con e-child\" data-id=\"7fa5723\" data-element_type=\"container\" data-e-type=\"container\">\n\t\t<div class=\"elementor-element elementor-element-4b481e23 e-con-full animated-slow e-flex elementor-invisible e-con e-child\" data-id=\"4b481e23\" data-element_type=\"container\" data-e-type=\"container\" data-settings=\"{&quot;animation&quot;:&quot;fadeInLeft&quot;}\">\n\t\t\t\t<div class=\"elementor-element elementor-element-59a0f3ae elementor-widget elementor-widget-heading\" data-id=\"59a0f3ae\" data-element_type=\"widget\" data-e-type=\"widget\" data-widget_type=\"heading.default\">\n\t\t\t\t<div class=\"elementor-widget-container\">\n\t\t\t\t\t<h1 class=\"elementor-heading-title elementor-size-default\">Anaconda Galben\u0103 <\/h1>\t\t\t\t<\/div>\n\t\t\t\t<\/div>\n\t\t\t\t<div class=\"elementor-element elementor-element-4f4813fd elementor-widget elementor-widget-text-editor\" data-id=\"4f4813fd\" data-element_type=\"widget\" data-e-type=\"widget\" data-widget_type=\"text-editor.default\">\n\t\t\t\t<div class=\"elementor-widget-container\">\n\t\t\t\t\t\t\t\t\t<p class=\"\" data-start=\"0\" data-end=\"156\"><strong data-start=\"0\" data-end=\"20\">Nume \u0219tiin\u021bific:<\/strong> Eunectes notaeus<br data-start=\"37\" data-end=\"40\" \/><strong data-start=\"40\" data-end=\"50\" data-is-only-node=\"\">Clas\u0103:<\/strong> Reptilia<br data-start=\"59\" data-end=\"62\" \/><strong data-start=\"62\" data-end=\"72\">Ordin:<\/strong> Squamata<br data-start=\"81\" data-end=\"84\" \/><strong data-start=\"84\" data-end=\"96\">Familie:<\/strong> Boidae<br data-start=\"103\" data-end=\"106\" \/><strong data-start=\"106\" data-end=\"114\">Gen:<\/strong> Eunectes<br data-start=\"123\" data-end=\"126\" \/><strong data-start=\"126\" data-end=\"137\">Specie:<\/strong> Eunectes notaeus<\/p><p class=\"\" data-start=\"158\" data-end=\"231\"><strong data-start=\"158\" data-end=\"177\">Lungime maxim\u0103:<\/strong> Aproximativ 4\u20135 metri<br data-start=\"199\" data-end=\"202\" \/><strong data-start=\"202\" data-end=\"215\" data-is-only-node=\"\">Greutate:<\/strong> P\u00e2n\u0103 la 40 kg<\/p>\t\t\t\t\t\t\t\t<\/div>\n\t\t\t\t<\/div>\n\t\t\t\t<\/div>\n\t\t\t\t<div class=\"elementor-element elementor-element-3fe061a elementor-widget-tablet__width-inherit animated-slow elementor-invisible elementor-widget elementor-widget-image\" data-id=\"3fe061a\" data-element_type=\"widget\" data-e-type=\"widget\" data-settings=\"{&quot;_animation&quot;:&quot;fadeInRight&quot;}\" data-widget_type=\"image.default\">\n\t\t\t\t<div class=\"elementor-widget-container\">\n\t\t\t\t\t\t\t\t\t\t\t\t\t\t\t<img fetchpriority=\"high\" decoding=\"async\" width=\"847\" height=\"635\" src=\"https:\/\/bucurestizoo.ro\/wp-content\/uploads\/2025\/04\/anaconda-galbena_2070020-Large-1024x768.jpeg\" class=\"attachment-large size-large wp-image-14889\" alt=\"\" srcset=\"https:\/\/bucurestizoo.ro\/wp-content\/uploads\/2025\/04\/anaconda-galbena_2070020-Large-1024x768.jpeg 1024w, https:\/\/bucurestizoo.ro\/wp-content\/uploads\/2025\/04\/anaconda-galbena_2070020-Large-300x225.jpeg 300w, https:\/\/bucurestizoo.ro\/wp-content\/uploads\/2025\/04\/anaconda-galbena_2070020-Large-768x576.jpeg 768w, https:\/\/bucurestizoo.ro\/wp-content\/uploads\/2025\/04\/anaconda-galbena_2070020-Large-400x300.jpeg 400w, https:\/\/bucurestizoo.ro\/wp-content\/uploads\/2025\/04\/anaconda-galbena_2070020-Large-650x488.jpeg 650w, https:\/\/bucurestizoo.ro\/wp-content\/uploads\/2025\/04\/anaconda-galbena_2070020-Large.jpeg 1280w\" sizes=\"(max-width: 847px) 100vw, 847px\" data-id=\"14889\" \/>\t\t\t\t\t\t\t\t\t\t\t\t\t\t\t<\/div>\n\t\t\t\t<\/div>\n\t\t\t\t<\/div>\n\t\t\t\t\t<\/div>\n\t\t\t\t<\/div>\n\t\t<div class=\"elementor-element elementor-element-6296cc54 animated-slow e-flex e-con-boxed elementor-invisible e-con e-parent\" data-id=\"6296cc54\" data-element_type=\"container\" data-e-type=\"container\" data-settings=\"{&quot;animation&quot;:&quot;fadeInLeft&quot;}\">\n\t\t\t\t\t<div class=\"e-con-inner\">\n\t\t\t\t<div class=\"elementor-element elementor-element-646bb18e elementor-widget elementor-widget-heading\" data-id=\"646bb18e\" data-element_type=\"widget\" data-e-type=\"widget\" data-widget_type=\"heading.default\">\n\t\t\t\t<div class=\"elementor-widget-container\">\n\t\t\t\t\t<h1 class=\"elementor-heading-title elementor-size-default\">General:<\/h1>\t\t\t\t<\/div>\n\t\t\t\t<\/div>\n\t\t\t\t<div class=\"elementor-element elementor-element-72540eaa elementor-widget elementor-widget-text-editor\" data-id=\"72540eaa\" data-element_type=\"widget\" data-e-type=\"widget\" data-widget_type=\"text-editor.default\">\n\t\t\t\t<div class=\"elementor-widget-container\">\n\t\t\t\t\t\t\t\t\t<div class=\"et_pb_module et_pb_text et_pb_text_7 et_pb_bg_layout_light et_pb_text_align_left\"><div class=\"et_pb_text_inner\"><div class=\"et_pb_column et_pb_column_1_2 et_pb_column_4 et_pb_css_mix_blend_mode_passthrough\"><div class=\"et_pb_module et_pb_text et_pb_text_2 et_pb_bg_layout_light et_pb_text_align_left\"><div class=\"et_pb_text_inner\"><p>Anaconda galben\u0103 este o specie de \u0219arpe neveninos din America de Sud, cunoscut\u0103 pentru aspectul s\u0103u distinctiv \u0219i adaptabilitatea la medii variate. Are un corp musculos, acoperit de un model galben str\u0103lucitor, decorat cu pete negre \u0219i maro, ceea ce \u00eei ofer\u0103 un camuflaj excelent \u00een habitatul s\u0103u natural. Capul s\u0103u este relativ mic, iar ochii \u0219i n\u0103rile sunt pozi\u021bionate pe partea superioar\u0103, o adaptare perfect\u0103 pentru via\u021ba semi-acvatic\u0103.<\/p><p>De\u0219i mai mic\u0103 dec\u00e2t anaconda verde, anaconda galben\u0103 impresioneaz\u0103 prin for\u021ba sa, fiind capabil\u0103 s\u0103 sugrume \u0219i s\u0103 \u00eenghit\u0103 pr\u0103zi mult mai mari dec\u00e2t dimensiunile sale. Este un \u0219arpe solitar, \u00eent\u00e2lnit rar \u00een grupuri, cu excep\u021bia sezonului de \u00eemperechere.<\/p><\/div><\/div><\/div><\/div><\/div>\t\t\t\t\t\t\t\t<\/div>\n\t\t\t\t<\/div>\n\t\t\t\t\t<\/div>\n\t\t\t\t<\/div>\n\t\t<div class=\"elementor-element elementor-element-f0d1040 e-flex e-con-boxed e-con e-parent\" data-id=\"f0d1040\" data-element_type=\"container\" data-e-type=\"container\">\n\t\t\t\t\t<div class=\"e-con-inner\">\n\t\t\t\t<div class=\"elementor-element elementor-element-665e20a6 elementor-widget elementor-widget-gallery\" data-id=\"665e20a6\" data-element_type=\"widget\" data-e-type=\"widget\" data-settings=\"{&quot;columns&quot;:3,&quot;lazyload&quot;:&quot;yes&quot;,&quot;gallery_layout&quot;:&quot;grid&quot;,&quot;columns_tablet&quot;:2,&quot;columns_mobile&quot;:1,&quot;gap&quot;:{&quot;unit&quot;:&quot;px&quot;,&quot;size&quot;:10,&quot;sizes&quot;:[]},&quot;gap_tablet&quot;:{&quot;unit&quot;:&quot;px&quot;,&quot;size&quot;:10,&quot;sizes&quot;:[]},&quot;gap_mobile&quot;:{&quot;unit&quot;:&quot;px&quot;,&quot;size&quot;:10,&quot;sizes&quot;:[]},&quot;link_to&quot;:&quot;file&quot;,&quot;aspect_ratio&quot;:&quot;3:2&quot;,&quot;overlay_background&quot;:&quot;yes&quot;,&quot;content_hover_animation&quot;:&quot;fade-in&quot;}\" data-widget_type=\"gallery.default\">\n\t\t\t\t<div class=\"elementor-widget-container\">\n\t\t\t\t\t\t\t<div class=\"elementor-gallery__container\">\n\t\t\t\t\t\t\t<a class=\"e-gallery-item elementor-gallery-item elementor-animated-content\" href=\"https:\/\/bucurestizoo.ro\/wp-content\/uploads\/2025\/04\/anaconda-galbena_2070016-Large.jpeg\" data-elementor-open-lightbox=\"yes\" data-elementor-lightbox-slideshow=\"665e20a6\" data-elementor-lightbox-title=\"OLYMPUS DIGITAL CAMERA\" data-e-action-hash=\"#elementor-action%3Aaction%3Dlightbox%26settings%3DeyJpZCI6MTQ4ODgsInVybCI6Imh0dHBzOlwvXC9idWN1cmVzdGl6b28ucm9cL3dwLWNvbnRlbnRcL3VwbG9hZHNcLzIwMjVcLzA0XC9hbmFjb25kYS1nYWxiZW5hXzIwNzAwMTYtTGFyZ2UuanBlZyIsInNsaWRlc2hvdyI6IjY2NWUyMGE2In0%3D\">\n\t\t\t\t\t<div class=\"e-gallery-image elementor-gallery-item__image\" data-thumbnail=\"https:\/\/bucurestizoo.ro\/wp-content\/uploads\/2025\/04\/anaconda-galbena_2070016-Large-1024x768.jpeg\" data-width=\"847\" data-height=\"635\" aria-label=\"\" role=\"img\" ><\/div>\n\t\t\t\t\t\t\t\t\t\t\t<div class=\"elementor-gallery-item__overlay\"><\/div>\n\t\t\t\t\t\t\t\t\t\t\t\t\t\t<\/a>\n\t\t\t\t\t\t\t<a class=\"e-gallery-item elementor-gallery-item elementor-animated-content\" href=\"https:\/\/bucurestizoo.ro\/wp-content\/uploads\/2025\/04\/anaconda-galbena_2070014-Large.jpeg\" data-elementor-open-lightbox=\"yes\" data-elementor-lightbox-slideshow=\"665e20a6\" data-elementor-lightbox-title=\"OLYMPUS DIGITAL CAMERA\" data-e-action-hash=\"#elementor-action%3Aaction%3Dlightbox%26settings%3DeyJpZCI6MTQ4ODcsInVybCI6Imh0dHBzOlwvXC9idWN1cmVzdGl6b28ucm9cL3dwLWNvbnRlbnRcL3VwbG9hZHNcLzIwMjVcLzA0XC9hbmFjb25kYS1nYWxiZW5hXzIwNzAwMTQtTGFyZ2UuanBlZyIsInNsaWRlc2hvdyI6IjY2NWUyMGE2In0%3D\">\n\t\t\t\t\t<div class=\"e-gallery-image elementor-gallery-item__image\" data-thumbnail=\"https:\/\/bucurestizoo.ro\/wp-content\/uploads\/2025\/04\/anaconda-galbena_2070014-Large-1024x768.jpeg\" data-width=\"847\" data-height=\"635\" aria-label=\"\" role=\"img\" ><\/div>\n\t\t\t\t\t\t\t\t\t\t\t<div class=\"elementor-gallery-item__overlay\"><\/div>\n\t\t\t\t\t\t\t\t\t\t\t\t\t\t<\/a>\n\t\t\t\t\t\t\t<a class=\"e-gallery-item elementor-gallery-item elementor-animated-content\" href=\"https:\/\/bucurestizoo.ro\/wp-content\/uploads\/2025\/04\/anaconda-galbena_2070011-Large.jpeg\" data-elementor-open-lightbox=\"yes\" data-elementor-lightbox-slideshow=\"665e20a6\" data-elementor-lightbox-title=\"OLYMPUS DIGITAL CAMERA\" data-e-action-hash=\"#elementor-action%3Aaction%3Dlightbox%26settings%3DeyJpZCI6MTQ4ODUsInVybCI6Imh0dHBzOlwvXC9idWN1cmVzdGl6b28ucm9cL3dwLWNvbnRlbnRcL3VwbG9hZHNcLzIwMjVcLzA0XC9hbmFjb25kYS1nYWxiZW5hXzIwNzAwMTEtTGFyZ2UuanBlZyIsInNsaWRlc2hvdyI6IjY2NWUyMGE2In0%3D\">\n\t\t\t\t\t<div class=\"e-gallery-image elementor-gallery-item__image\" data-thumbnail=\"https:\/\/bucurestizoo.ro\/wp-content\/uploads\/2025\/04\/anaconda-galbena_2070011-Large-1024x768.jpeg\" data-width=\"847\" data-height=\"635\" aria-label=\"\" role=\"img\" ><\/div>\n\t\t\t\t\t\t\t\t\t\t\t<div class=\"elementor-gallery-item__overlay\"><\/div>\n\t\t\t\t\t\t\t\t\t\t\t\t\t\t<\/a>\n\t\t\t\t\t<\/div>\n\t\t\t\t\t<\/div>\n\t\t\t\t<\/div>\n\t\t\t\t\t<\/div>\n\t\t\t\t<\/div>\n\t\t<div class=\"elementor-element elementor-element-58138b3d animated-slow e-flex e-con-boxed elementor-invisible e-con e-parent\" data-id=\"58138b3d\" data-element_type=\"container\" data-e-type=\"container\" data-settings=\"{&quot;animation&quot;:&quot;fadeInRight&quot;}\">\n\t\t\t\t\t<div class=\"e-con-inner\">\n\t\t\t\t<div class=\"elementor-element elementor-element-457ad153 elementor-widget elementor-widget-heading\" data-id=\"457ad153\" data-element_type=\"widget\" data-e-type=\"widget\" data-widget_type=\"heading.default\">\n\t\t\t\t<div class=\"elementor-widget-container\">\n\t\t\t\t\t<h1 class=\"elementor-heading-title elementor-size-default\">Habitat:<\/h1>\t\t\t\t<\/div>\n\t\t\t\t<\/div>\n\t\t\t\t<div class=\"elementor-element elementor-element-1567901f elementor-widget elementor-widget-text-editor\" data-id=\"1567901f\" data-element_type=\"widget\" data-e-type=\"widget\" data-widget_type=\"text-editor.default\">\n\t\t\t\t<div class=\"elementor-widget-container\">\n\t\t\t\t\t\t\t\t\t<div class=\"et_pb_module et_pb_text et_pb_text_7 et_pb_bg_layout_light et_pb_text_align_left\"><div class=\"et_pb_text_inner\"><div class=\"et_pb_column et_pb_column_1_2 et_pb_column_4 et_pb_css_mix_blend_mode_passthrough\"><div class=\"et_pb_module et_pb_text et_pb_text_2 et_pb_bg_layout_light et_pb_text_align_left\"><div class=\"et_pb_text_inner\"><p>Anaconda galben\u0103 tr\u0103ie\u0219te \u00een regiunile sudice ale Americii de Sud, inclusiv \u00een Paraguay, nordul Argentinei, sudul Braziliei \u0219i Bolivia. Prefer\u0103 zonele umede, precum r\u00e2uri lente, mla\u0219tini, lagune \u0219i alte corpuri de ap\u0103 cu vegeta\u021bie abundent\u0103. Este o reptil\u0103 semi-acvatic\u0103 \u0219i \u00ee\u0219i petrece majoritatea timpului \u00een ap\u0103, unde este un v\u00e2n\u0103tor eficient.<\/p><p>Aceasta se aventureaz\u0103 \u0219i pe uscat, \u00een special \u00een perioadele de secet\u0103, dar \u00eentotdeauna r\u0103m\u00e2ne aproape de sursele de ap\u0103. Zonele ml\u0103\u0219tinoase \u0219i p\u0103durile tropicale \u00eei ofer\u0103 ad\u0103post, dar \u0219i acces la o diversitate mare de prad\u0103.<\/p><\/div><\/div><\/div><\/div><\/div>\t\t\t\t\t\t\t\t<\/div>\n\t\t\t\t<\/div>\n\t\t\t\t\t<\/div>\n\t\t\t\t<\/div>\n\t\t<div class=\"elementor-element elementor-element-77d077e9 e-grid e-con-boxed e-con e-parent\" data-id=\"77d077e9\" data-element_type=\"container\" data-e-type=\"container\">\n\t\t\t\t\t<div class=\"e-con-inner\">\n\t\t<div class=\"elementor-element elementor-element-5f6c311d e-con-full animated-slow e-flex elementor-invisible e-con e-child\" data-id=\"5f6c311d\" data-element_type=\"container\" data-e-type=\"container\" data-settings=\"{&quot;animation&quot;:&quot;fadeInLeft&quot;}\">\n\t\t\t\t<div class=\"elementor-element elementor-element-7807b866 elementor-widget elementor-widget-heading\" data-id=\"7807b866\" data-element_type=\"widget\" data-e-type=\"widget\" data-widget_type=\"heading.default\">\n\t\t\t\t<div class=\"elementor-widget-container\">\n\t\t\t\t\t<h1 class=\"elementor-heading-title elementor-size-default\">Hran\u0103:<\/h1>\t\t\t\t<\/div>\n\t\t\t\t<\/div>\n\t\t\t\t<div class=\"elementor-element elementor-element-ac08790 elementor-widget elementor-widget-text-editor\" data-id=\"ac08790\" data-element_type=\"widget\" data-e-type=\"widget\" data-widget_type=\"text-editor.default\">\n\t\t\t\t<div class=\"elementor-widget-container\">\n\t\t\t\t\t\t\t\t\t<div class=\"et_pb_module et_pb_text et_pb_text_7 et_pb_bg_layout_light et_pb_text_align_left\"><div class=\"et_pb_text_inner\"><div class=\"et_pb_column et_pb_column_1_2 et_pb_column_4 et_pb_css_mix_blend_mode_passthrough\"><div class=\"et_pb_module et_pb_text et_pb_text_2 et_pb_bg_layout_light et_pb_text_align_left\"><div class=\"et_pb_text_inner\"><p>Anaconda galben\u0103 este un pr\u0103d\u0103tor carnivor oportunist, aliment\u00e2ndu-se cu o varietate de pr\u0103zi, inclusiv pe\u0219ti, p\u0103s\u0103ri, amfibieni, roz\u0103toare \u0219i mamifere de dimensiuni mici p\u00e2n\u0103 la medii. \u00cen general, \u00ee\u0219i atac\u0103 prada prin ambuscad\u0103, ascunz\u00e2ndu-se sub ap\u0103 sau printre vegeta\u021bie p\u00e2n\u0103 c\u00e2nd victima se apropie suficient.<\/p><p>Prada este prins\u0103 cu col\u021bii s\u0103i ascu\u021bi\u021bi \u0219i imobilizat\u0103 prin constric\u021bie. Dup\u0103 ce prada este sugrumat\u0103, anaconda o \u00eenghite \u00eentreag\u0103, iar procesul de digestie poate dura mai multe zile. Aceasta poate supravie\u021bui perioade lungi f\u0103r\u0103 hran\u0103 dup\u0103 o mas\u0103 consistent\u0103.<\/p><\/div><\/div><\/div><\/div><\/div>\t\t\t\t\t\t\t\t<\/div>\n\t\t\t\t<\/div>\n\t\t\t\t<\/div>\n\t\t<div class=\"elementor-element elementor-element-1ed4dee0 e-con-full animated-slow e-flex elementor-invisible e-con e-child\" data-id=\"1ed4dee0\" data-element_type=\"container\" data-e-type=\"container\" data-settings=\"{&quot;animation&quot;:&quot;fadeInRight&quot;}\">\n\t\t\t\t<div class=\"elementor-element elementor-element-565da78c elementor-widget elementor-widget-heading\" data-id=\"565da78c\" data-element_type=\"widget\" data-e-type=\"widget\" data-widget_type=\"heading.default\">\n\t\t\t\t<div class=\"elementor-widget-container\">\n\t\t\t\t\t<h1 class=\"elementor-heading-title elementor-size-default\">Conservare:<\/h1>\t\t\t\t<\/div>\n\t\t\t\t<\/div>\n\t\t\t\t<div class=\"elementor-element elementor-element-93bab1e elementor-widget elementor-widget-text-editor\" data-id=\"93bab1e\" data-element_type=\"widget\" data-e-type=\"widget\" data-widget_type=\"text-editor.default\">\n\t\t\t\t<div class=\"elementor-widget-container\">\n\t\t\t\t\t\t\t\t\t<div class=\"et_pb_module et_pb_text et_pb_text_7 et_pb_bg_layout_light et_pb_text_align_left\"><div class=\"et_pb_text_inner\"><div class=\"et_pb_column et_pb_column_1_2 et_pb_column_4 et_pb_css_mix_blend_mode_passthrough\"><div class=\"et_pb_module et_pb_text et_pb_text_2 et_pb_bg_layout_light et_pb_text_align_left\"><div class=\"et_pb_text_inner\"><p>De\u0219i nu este considerat\u0103 o specie pe cale de dispari\u021bie, anaconda galben\u0103 se confrunt\u0103 cu amenin\u021b\u0103ri din partea activit\u0103\u021bilor umane, cum ar fi distrugerea habitatului \u0219i v\u00e2n\u0103toarea excesiv\u0103. Este adesea v\u00e2nat\u0103 pentru piele, iar \u00een unele regiuni este ucis\u0103 din team\u0103 sau pentru a proteja animalele domestice.<\/p><p>Programele de conservare din zonele umede ale Americii de Sud sunt esen\u021biale pentru protejarea habitatului acestei specii. Educa\u021bia publicului cu privire la rolul s\u0103u ecologic ajut\u0103 la reducerea percep\u021biilor negative \u0219i la promovarea coexisten\u021bei cu acest pr\u0103d\u0103tor impresionant.<\/p><\/div><\/div><\/div><\/div><\/div>\t\t\t\t\t\t\t\t<\/div>\n\t\t\t\t<\/div>\n\t\t\t\t<\/div>\n\t\t\t\t\t<\/div>\n\t\t\t\t<\/div>\n\t\t\t\t<\/div>","protected":false},"excerpt":{"rendered":"<p>Anaconda Galben\u0103 Nume \u0219tiin\u021bific: Eunectes notaeusClas\u0103: ReptiliaOrdin: SquamataFamilie: BoidaeGen: EunectesSpecie: Eunectes notaeus Lungime maxim\u0103: Aproximativ 4\u20135 metriGreutate: P\u00e2n\u0103 la 40 kg General: Anaconda galben\u0103 este o specie de \u0219arpe neveninos din America de Sud, cunoscut\u0103 pentru aspectul s\u0103u distinctiv \u0219i adaptabilitatea la medii variate. Are un corp musculos, acoperit de un model galben str\u0103lucitor, decorat &hellip; <a href=\"https:\/\/bucurestizoo.ro\/en\/anaconda-galbena\/\" class=\"more-link\">Continue reading <span class=\"screen-reader-text\">Anaconda Galben\u0103<\/span><\/a><\/p>","protected":false},"author":1,"featured_media":0,"parent":0,"menu_order":0,"comment_status":"closed","ping_status":"closed","template":"","meta":{"_monsterinsights_skip_tracking":false,"_monsterinsights_sitenote_active":false,"_monsterinsights_sitenote_note":"","_monsterinsights_sitenote_category":0,"footnotes":""},"class_list":["post-12497","page","type-page","status-publish","hentry"],"aioseo_notices":[],"_links":{"self":[{"href":"https:\/\/bucurestizoo.ro\/en\/wp-json\/wp\/v2\/pages\/12497","targetHints":{"allow":["GET"]}}],"collection":[{"href":"https:\/\/bucurestizoo.ro\/en\/wp-json\/wp\/v2\/pages"}],"about":[{"href":"https:\/\/bucurestizoo.ro\/en\/wp-json\/wp\/v2\/types\/page"}],"author":[{"embeddable":true,"href":"https:\/\/bucurestizoo.ro\/en\/wp-json\/wp\/v2\/users\/1"}],"replies":[{"embeddable":true,"href":"https:\/\/bucurestizoo.ro\/en\/wp-json\/wp\/v2\/comments?post=12497"}],"version-history":[{"count":8,"href":"https:\/\/bucurestizoo.ro\/en\/wp-json\/wp\/v2\/pages\/12497\/revisions"}],"predecessor-version":[{"id":15037,"href":"https:\/\/bucurestizoo.ro\/en\/wp-json\/wp\/v2\/pages\/12497\/revisions\/15037"}],"wp:attachment":[{"href":"https:\/\/bucurestizoo.ro\/en\/wp-json\/wp\/v2\/media?parent=12497"}],"curies":[{"name":"wp","href":"https:\/\/api.w.org\/{rel}","templated":true}]}}