{"id":12490,"date":"2025-01-10T14:44:27","date_gmt":"2025-01-10T12:44:27","guid":{"rendered":"https:\/\/n1.bucurestizoo.ro\/?page_id=12490"},"modified":"2025-04-04T22:26:34","modified_gmt":"2025-04-04T20:26:34","slug":"anaconda-verde","status":"publish","type":"page","link":"https:\/\/bucurestizoo.ro\/en\/anaconda-verde\/","title":{"rendered":"Anaconda Verde"},"content":{"rendered":"<div data-elementor-type=\"wp-page\" data-elementor-id=\"12490\" class=\"elementor elementor-12490\" data-elementor-post-type=\"page\">\n\t\t\t\t<div class=\"elementor-element elementor-element-4cbd65e3 e-flex e-con-boxed e-con e-parent\" data-id=\"4cbd65e3\" data-element_type=\"container\" data-e-type=\"container\" data-settings=\"{&quot;background_background&quot;:&quot;classic&quot;}\">\n\t\t\t\t\t<div class=\"e-con-inner\">\n\t\t<div class=\"elementor-element elementor-element-350a8fbb e-con-full e-flex e-con e-child\" data-id=\"350a8fbb\" data-element_type=\"container\" data-e-type=\"container\">\n\t\t<div class=\"elementor-element elementor-element-1461cada e-con-full animated-slow e-flex elementor-invisible e-con e-child\" data-id=\"1461cada\" data-element_type=\"container\" data-e-type=\"container\" data-settings=\"{&quot;animation&quot;:&quot;fadeInLeft&quot;}\">\n\t\t\t\t<div class=\"elementor-element elementor-element-512b6063 elementor-widget elementor-widget-heading\" data-id=\"512b6063\" data-element_type=\"widget\" data-e-type=\"widget\" data-widget_type=\"heading.default\">\n\t\t\t\t<div class=\"elementor-widget-container\">\n\t\t\t\t\t<h1 class=\"elementor-heading-title elementor-size-default\">Anaconda Verde<\/h1>\t\t\t\t<\/div>\n\t\t\t\t<\/div>\n\t\t\t\t<div class=\"elementor-element elementor-element-7904e879 elementor-widget elementor-widget-text-editor\" data-id=\"7904e879\" data-element_type=\"widget\" data-e-type=\"widget\" data-widget_type=\"text-editor.default\">\n\t\t\t\t<div class=\"elementor-widget-container\">\n\t\t\t\t\t\t\t\t\t<p><strong>Nume \u0219tiin\u021bific<\/strong>: <em>Eunectes murinus<\/em><\/p><p><strong>Clas\u0103<\/strong>: Reptilia<\/p><p><strong>Ordin<\/strong>: Squamata<\/p><p><strong>Familie<\/strong>: Boidae<\/p><p><strong>Gen<\/strong>: Eunectes<\/p><p><strong>Specie<\/strong>: <em>Eunectes murinus<\/em><\/p><p><strong>Lungime maxim\u0103<\/strong>: P\u00e2n\u0103 la 9 metri<\/p><p><strong>Greutate<\/strong>: P\u00e2n\u0103 la 250 kg<\/p>\t\t\t\t\t\t\t\t<\/div>\n\t\t\t\t<\/div>\n\t\t\t\t<\/div>\n\t\t\t\t<div class=\"elementor-element elementor-element-203e95f elementor-widget-tablet__width-inherit animated-slow elementor-invisible elementor-widget elementor-widget-image\" data-id=\"203e95f\" data-element_type=\"widget\" data-e-type=\"widget\" data-settings=\"{&quot;_animation&quot;:&quot;fadeInRight&quot;}\" data-widget_type=\"image.default\">\n\t\t\t\t<div class=\"elementor-widget-container\">\n\t\t\t\t\t\t\t\t\t\t\t\t\t\t\t<img fetchpriority=\"high\" decoding=\"async\" width=\"847\" height=\"635\" src=\"https:\/\/bucurestizoo.ro\/wp-content\/uploads\/2025\/04\/anaconda-verde_P1100253-Large-1024x768.jpeg\" class=\"attachment-large size-large wp-image-14890\" alt=\"\" srcset=\"https:\/\/bucurestizoo.ro\/wp-content\/uploads\/2025\/04\/anaconda-verde_P1100253-Large-1024x768.jpeg 1024w, https:\/\/bucurestizoo.ro\/wp-content\/uploads\/2025\/04\/anaconda-verde_P1100253-Large-300x225.jpeg 300w, https:\/\/bucurestizoo.ro\/wp-content\/uploads\/2025\/04\/anaconda-verde_P1100253-Large-768x576.jpeg 768w, https:\/\/bucurestizoo.ro\/wp-content\/uploads\/2025\/04\/anaconda-verde_P1100253-Large-400x300.jpeg 400w, https:\/\/bucurestizoo.ro\/wp-content\/uploads\/2025\/04\/anaconda-verde_P1100253-Large-650x488.jpeg 650w, https:\/\/bucurestizoo.ro\/wp-content\/uploads\/2025\/04\/anaconda-verde_P1100253-Large.jpeg 1280w\" sizes=\"(max-width: 847px) 100vw, 847px\" data-id=\"14890\" \/>\t\t\t\t\t\t\t\t\t\t\t\t\t\t\t<\/div>\n\t\t\t\t<\/div>\n\t\t\t\t<\/div>\n\t\t\t\t\t<\/div>\n\t\t\t\t<\/div>\n\t\t<div class=\"elementor-element elementor-element-3e6d8b5f animated-slow e-flex e-con-boxed elementor-invisible e-con e-parent\" data-id=\"3e6d8b5f\" data-element_type=\"container\" data-e-type=\"container\" data-settings=\"{&quot;animation&quot;:&quot;fadeInLeft&quot;}\">\n\t\t\t\t\t<div class=\"e-con-inner\">\n\t\t\t\t<div class=\"elementor-element elementor-element-3ea5e99f elementor-widget elementor-widget-heading\" data-id=\"3ea5e99f\" data-element_type=\"widget\" data-e-type=\"widget\" data-widget_type=\"heading.default\">\n\t\t\t\t<div class=\"elementor-widget-container\">\n\t\t\t\t\t<h1 class=\"elementor-heading-title elementor-size-default\">General:<\/h1>\t\t\t\t<\/div>\n\t\t\t\t<\/div>\n\t\t\t\t<div class=\"elementor-element elementor-element-1e3777c2 elementor-widget elementor-widget-text-editor\" data-id=\"1e3777c2\" data-element_type=\"widget\" data-e-type=\"widget\" data-widget_type=\"text-editor.default\">\n\t\t\t\t<div class=\"elementor-widget-container\">\n\t\t\t\t\t\t\t\t\t<p>Anaconda verde este cel mai masiv \u0219arpe din lume, renumit pentru dimensiunea sa impresionant\u0103 \u0219i for\u021ba extraordinar\u0103. Corpul s\u0103u este cilindric, acoperit cu solzi verzi-oliv, decora\u021bi cu pete negre mari, care \u00eei ofer\u0103 un camuflaj perfect \u00een mediul s\u0103u natural. Capul s\u0103u este relativ mic \u00een raport cu corpul, dar ochii \u0219i n\u0103rile sunt pozi\u021bionate \u00een partea superioar\u0103, permi\u021b\u00e2ndu-i s\u0103 respire \u0219i s\u0103 observe prada \u00een timp ce r\u0103m\u00e2ne scufundat\u0103 \u00een ap\u0103. Este un \u0219arpe neveninos, baz\u00e2ndu-se pe puterea sa muscular\u0103 pentru a imobiliza prada.<\/p><p>Pe l\u00e2ng\u0103 for\u021ba fizic\u0103, anaconda verde este o v\u00e2n\u0103toare abil\u0103, cu reflexe rapide, fiind extrem de eficient\u0103 at\u00e2t pe uscat, c\u00e2t \u0219i \u00een ap\u0103. Aceast\u0103 adaptabilitate o face una dintre cele mai temute reptile din Amazon.<\/p>\t\t\t\t\t\t\t\t<\/div>\n\t\t\t\t<\/div>\n\t\t\t\t\t<\/div>\n\t\t\t\t<\/div>\n\t\t<div class=\"elementor-element elementor-element-296518dd e-flex e-con-boxed e-con e-parent\" data-id=\"296518dd\" data-element_type=\"container\" data-e-type=\"container\">\n\t\t\t\t\t<div class=\"e-con-inner\">\n\t\t\t\t<div class=\"elementor-element elementor-element-6e0f5ef7 elementor-widget elementor-widget-gallery\" data-id=\"6e0f5ef7\" data-element_type=\"widget\" data-e-type=\"widget\" data-settings=\"{&quot;columns&quot;:2,&quot;lazyload&quot;:&quot;yes&quot;,&quot;gallery_layout&quot;:&quot;grid&quot;,&quot;columns_tablet&quot;:2,&quot;columns_mobile&quot;:1,&quot;gap&quot;:{&quot;unit&quot;:&quot;px&quot;,&quot;size&quot;:10,&quot;sizes&quot;:[]},&quot;gap_tablet&quot;:{&quot;unit&quot;:&quot;px&quot;,&quot;size&quot;:10,&quot;sizes&quot;:[]},&quot;gap_mobile&quot;:{&quot;unit&quot;:&quot;px&quot;,&quot;size&quot;:10,&quot;sizes&quot;:[]},&quot;link_to&quot;:&quot;file&quot;,&quot;aspect_ratio&quot;:&quot;3:2&quot;,&quot;overlay_background&quot;:&quot;yes&quot;,&quot;content_hover_animation&quot;:&quot;fade-in&quot;}\" data-widget_type=\"gallery.default\">\n\t\t\t\t<div class=\"elementor-widget-container\">\n\t\t\t\t\t\t\t<div class=\"elementor-gallery__container\">\n\t\t\t\t\t\t\t<a class=\"e-gallery-item elementor-gallery-item elementor-animated-content\" href=\"https:\/\/bucurestizoo.ro\/wp-content\/uploads\/2025\/04\/anaconda-verde_P1100255-Large.jpeg\" data-elementor-open-lightbox=\"yes\" data-elementor-lightbox-slideshow=\"6e0f5ef7\" data-elementor-lightbox-title=\"OLYMPUS DIGITAL CAMERA\" data-e-action-hash=\"#elementor-action%3Aaction%3Dlightbox%26settings%3DeyJpZCI6MTQ4OTIsInVybCI6Imh0dHBzOlwvXC9idWN1cmVzdGl6b28ucm9cL3dwLWNvbnRlbnRcL3VwbG9hZHNcLzIwMjVcLzA0XC9hbmFjb25kYS12ZXJkZV9QMTEwMDI1NS1MYXJnZS5qcGVnIiwic2xpZGVzaG93IjoiNmUwZjVlZjcifQ%3D%3D\">\n\t\t\t\t\t<div class=\"e-gallery-image elementor-gallery-item__image\" data-thumbnail=\"https:\/\/bucurestizoo.ro\/wp-content\/uploads\/2025\/04\/anaconda-verde_P1100255-Large-1024x768.jpeg\" data-width=\"847\" data-height=\"635\" aria-label=\"\" role=\"img\" ><\/div>\n\t\t\t\t\t\t\t\t\t\t\t<div class=\"elementor-gallery-item__overlay\"><\/div>\n\t\t\t\t\t\t\t\t\t\t\t\t\t\t<\/a>\n\t\t\t\t\t\t\t<a class=\"e-gallery-item elementor-gallery-item elementor-animated-content\" href=\"https:\/\/bucurestizoo.ro\/wp-content\/uploads\/2025\/04\/anaconda-verde_P1100254-Large.jpeg\" data-elementor-open-lightbox=\"yes\" data-elementor-lightbox-slideshow=\"6e0f5ef7\" data-elementor-lightbox-title=\"OLYMPUS DIGITAL CAMERA\" data-e-action-hash=\"#elementor-action%3Aaction%3Dlightbox%26settings%3DeyJpZCI6MTQ4OTEsInVybCI6Imh0dHBzOlwvXC9idWN1cmVzdGl6b28ucm9cL3dwLWNvbnRlbnRcL3VwbG9hZHNcLzIwMjVcLzA0XC9hbmFjb25kYS12ZXJkZV9QMTEwMDI1NC1MYXJnZS5qcGVnIiwic2xpZGVzaG93IjoiNmUwZjVlZjcifQ%3D%3D\">\n\t\t\t\t\t<div class=\"e-gallery-image elementor-gallery-item__image\" data-thumbnail=\"https:\/\/bucurestizoo.ro\/wp-content\/uploads\/2025\/04\/anaconda-verde_P1100254-Large-1024x768.jpeg\" data-width=\"847\" data-height=\"635\" aria-label=\"\" role=\"img\" ><\/div>\n\t\t\t\t\t\t\t\t\t\t\t<div class=\"elementor-gallery-item__overlay\"><\/div>\n\t\t\t\t\t\t\t\t\t\t\t\t\t\t<\/a>\n\t\t\t\t\t<\/div>\n\t\t\t\t\t<\/div>\n\t\t\t\t<\/div>\n\t\t\t\t\t<\/div>\n\t\t\t\t<\/div>\n\t\t<div class=\"elementor-element elementor-element-423ba07e animated-slow e-flex e-con-boxed elementor-invisible e-con e-parent\" data-id=\"423ba07e\" data-element_type=\"container\" data-e-type=\"container\" data-settings=\"{&quot;animation&quot;:&quot;fadeInRight&quot;}\">\n\t\t\t\t\t<div class=\"e-con-inner\">\n\t\t\t\t<div class=\"elementor-element elementor-element-5dc222b0 elementor-widget elementor-widget-heading\" data-id=\"5dc222b0\" data-element_type=\"widget\" data-e-type=\"widget\" data-widget_type=\"heading.default\">\n\t\t\t\t<div class=\"elementor-widget-container\">\n\t\t\t\t\t<h1 class=\"elementor-heading-title elementor-size-default\">Habitat:<\/h1>\t\t\t\t<\/div>\n\t\t\t\t<\/div>\n\t\t\t\t<div class=\"elementor-element elementor-element-1ecb0b70 elementor-widget elementor-widget-text-editor\" data-id=\"1ecb0b70\" data-element_type=\"widget\" data-e-type=\"widget\" data-widget_type=\"text-editor.default\">\n\t\t\t\t<div class=\"elementor-widget-container\">\n\t\t\t\t\t\t\t\t\t<p>Anaconda verde tr\u0103ie\u0219te exclusiv \u00een regiunile tropicale umede din America de Sud, \u00een special \u00een bazinul fluviilor Amazon \u0219i Orinoco. Prefer\u0103 apele stagnante sau curg\u0103toare, precum r\u00e2uri, mla\u0219tini, lacuri \u0219i lagune cu vegeta\u021bie deas\u0103. Este o reptil\u0103 semi-acvatic\u0103, petrec\u00e2nd o mare parte din via\u021ba sa \u00een ap\u0103, unde poate sta scufundat\u0103 ore \u00eentregi f\u0103r\u0103 s\u0103 fie detectat\u0103.<\/p><p>\u00cen timpul sezonului ploios, c\u00e2nd r\u00e2urile se revars\u0103, anaconda are acces la noi teritorii \u0219i surse de hran\u0103. Habitatul s\u0103u este puternic dependent de temperaturile ridicate \u0219i de umiditatea constant\u0103, condi\u021bii esen\u021biale pentru func\u021bionarea optim\u0103 a metabolismului s\u0103u ectoterm.<\/p>\t\t\t\t\t\t\t\t<\/div>\n\t\t\t\t<\/div>\n\t\t\t\t\t<\/div>\n\t\t\t\t<\/div>\n\t\t<div class=\"elementor-element elementor-element-ab42099 e-grid e-con-boxed e-con e-parent\" data-id=\"ab42099\" data-element_type=\"container\" data-e-type=\"container\">\n\t\t\t\t\t<div class=\"e-con-inner\">\n\t\t<div class=\"elementor-element elementor-element-736c721f e-con-full animated-slow e-flex elementor-invisible e-con e-child\" data-id=\"736c721f\" data-element_type=\"container\" data-e-type=\"container\" data-settings=\"{&quot;animation&quot;:&quot;fadeInLeft&quot;}\">\n\t\t\t\t<div class=\"elementor-element elementor-element-3d4ecaed elementor-widget elementor-widget-heading\" data-id=\"3d4ecaed\" data-element_type=\"widget\" data-e-type=\"widget\" data-widget_type=\"heading.default\">\n\t\t\t\t<div class=\"elementor-widget-container\">\n\t\t\t\t\t<h1 class=\"elementor-heading-title elementor-size-default\">Hran\u0103:<\/h1>\t\t\t\t<\/div>\n\t\t\t\t<\/div>\n\t\t\t\t<div class=\"elementor-element elementor-element-f37224c elementor-widget elementor-widget-text-editor\" data-id=\"f37224c\" data-element_type=\"widget\" data-e-type=\"widget\" data-widget_type=\"text-editor.default\">\n\t\t\t\t<div class=\"elementor-widget-container\">\n\t\t\t\t\t\t\t\t\t<p>Anaconda verde este un pr\u0103d\u0103tor carnivor oportunist, consum\u00e2nd orice animal pe care \u00eel poate captura \u0219i \u00eenghi\u021bi. Dieta sa variaz\u0103 de la pe\u0219ti \u0219i p\u0103s\u0103ri p\u00e2n\u0103 la mamifere mari, precum capibarele, cerbii \u0219i chiar jaguarii \u00een cazuri rare. \u00cen general, v\u00e2neaz\u0103 prin ambuscad\u0103, ascunz\u00e2ndu-se sub ap\u0103 sau printre vegeta\u021bie, p\u00e2n\u0103 c\u00e2nd prada se apropie suficient.<\/p><p>Dup\u0103 ce atac\u0103, \u00ee\u0219i folose\u0219te col\u021bii ascu\u021bi\u021bi pentru a prinde ferm victima, pe care o sugrum\u0103 rapid prin constric\u021bie. Odat\u0103 ce prada este imobilizat\u0103, anaconda o \u00eenghite \u00eentreag\u0103, proces ce poate dura mai multe ore. Digestia este lent\u0103, astfel c\u0103 o singur\u0103 mas\u0103 consistent\u0103 poate sus\u021bine acest \u0219arpe s\u0103pt\u0103m\u00e2ni sau chiar luni.<\/p>\t\t\t\t\t\t\t\t<\/div>\n\t\t\t\t<\/div>\n\t\t\t\t<\/div>\n\t\t<div class=\"elementor-element elementor-element-a3f804c e-con-full animated-slow e-flex elementor-invisible e-con e-child\" data-id=\"a3f804c\" data-element_type=\"container\" data-e-type=\"container\" data-settings=\"{&quot;animation&quot;:&quot;fadeInRight&quot;}\">\n\t\t\t\t<div class=\"elementor-element elementor-element-793e2952 elementor-widget elementor-widget-heading\" data-id=\"793e2952\" data-element_type=\"widget\" data-e-type=\"widget\" data-widget_type=\"heading.default\">\n\t\t\t\t<div class=\"elementor-widget-container\">\n\t\t\t\t\t<h1 class=\"elementor-heading-title elementor-size-default\">Conservare:<\/h1>\t\t\t\t<\/div>\n\t\t\t\t<\/div>\n\t\t\t\t<div class=\"elementor-element elementor-element-53abc13a elementor-widget elementor-widget-text-editor\" data-id=\"53abc13a\" data-element_type=\"widget\" data-e-type=\"widget\" data-widget_type=\"text-editor.default\">\n\t\t\t\t<div class=\"elementor-widget-container\">\n\t\t\t\t\t\t\t\t\t<p>De\u0219i anaconda verde nu este catalogat\u0103 drept specie pe cale de dispari\u021bie, popula\u021bia sa este afectat\u0103 de activit\u0103\u021bile umane. Distrugerea habitatului, poluarea apelor \u0219i v\u00e2n\u0103toarea excesiv\u0103 reprezint\u0103 principalele amenin\u021b\u0103ri. De asemenea, este adesea v\u00e2nat\u0103 pentru pielea sa sau ucis\u0103 din fric\u0103, av\u00e2nd o reputa\u021bie exagerat\u0103 ca \u201edevorator de oameni\u201d.<\/p><p>Conservarea acestei specii depinde \u00een mare parte de protejarea ecosistemului s\u0103u. Zonele protejate, precum rezerva\u021biile din Amazon, joac\u0103 un rol esen\u021bial \u00een men\u021binerea habitatului s\u0103u natural. Educa\u021bia publicului cu privire la importan\u021ba sa ecologic\u0103 este, de asemenea, crucial\u0103 pentru reducerea v\u00e2n\u0103torii nejustificate.<\/p>\t\t\t\t\t\t\t\t<\/div>\n\t\t\t\t<\/div>\n\t\t\t\t<\/div>\n\t\t\t\t\t<\/div>\n\t\t\t\t<\/div>\n\t\t\t\t<\/div>","protected":false},"excerpt":{"rendered":"<p>Anaconda Verde Nume \u0219tiin\u021bific: Eunectes murinus Clas\u0103: Reptilia Ordin: Squamata Familie: Boidae Gen: Eunectes Specie: Eunectes murinus Lungime maxim\u0103: P\u00e2n\u0103 la 9 metri Greutate: P\u00e2n\u0103 la 250 kg General: Anaconda verde este cel mai masiv \u0219arpe din lume, renumit pentru dimensiunea sa impresionant\u0103 \u0219i for\u021ba extraordinar\u0103. Corpul s\u0103u este cilindric, acoperit cu solzi verzi-oliv, decora\u021bi &hellip; <a href=\"https:\/\/bucurestizoo.ro\/en\/anaconda-verde\/\" class=\"more-link\">Continue reading <span class=\"screen-reader-text\">Anaconda Verde<\/span><\/a><\/p>","protected":false},"author":1,"featured_media":0,"parent":0,"menu_order":0,"comment_status":"closed","ping_status":"closed","template":"","meta":{"_monsterinsights_skip_tracking":false,"_monsterinsights_sitenote_active":false,"_monsterinsights_sitenote_note":"","_monsterinsights_sitenote_category":0,"footnotes":""},"class_list":["post-12490","page","type-page","status-publish","hentry"],"aioseo_notices":[],"_links":{"self":[{"href":"https:\/\/bucurestizoo.ro\/en\/wp-json\/wp\/v2\/pages\/12490","targetHints":{"allow":["GET"]}}],"collection":[{"href":"https:\/\/bucurestizoo.ro\/en\/wp-json\/wp\/v2\/pages"}],"about":[{"href":"https:\/\/bucurestizoo.ro\/en\/wp-json\/wp\/v2\/types\/page"}],"author":[{"embeddable":true,"href":"https:\/\/bucurestizoo.ro\/en\/wp-json\/wp\/v2\/users\/1"}],"replies":[{"embeddable":true,"href":"https:\/\/bucurestizoo.ro\/en\/wp-json\/wp\/v2\/comments?post=12490"}],"version-history":[{"count":15,"href":"https:\/\/bucurestizoo.ro\/en\/wp-json\/wp\/v2\/pages\/12490\/revisions"}],"predecessor-version":[{"id":14922,"href":"https:\/\/bucurestizoo.ro\/en\/wp-json\/wp\/v2\/pages\/12490\/revisions\/14922"}],"wp:attachment":[{"href":"https:\/\/bucurestizoo.ro\/en\/wp-json\/wp\/v2\/media?parent=12490"}],"curies":[{"name":"wp","href":"https:\/\/api.w.org\/{rel}","templated":true}]}}