{"id":12484,"date":"2025-01-10T14:42:37","date_gmt":"2025-01-10T12:42:37","guid":{"rendered":"https:\/\/n1.bucurestizoo.ro\/?page_id=12484"},"modified":"2025-04-25T18:12:55","modified_gmt":"2025-04-25T16:12:55","slug":"agama-cu-barba","status":"publish","type":"page","link":"https:\/\/bucurestizoo.ro\/en\/agama-cu-barba\/","title":{"rendered":"Agama cu barb\u0103"},"content":{"rendered":"<div data-elementor-type=\"wp-page\" data-elementor-id=\"12484\" class=\"elementor elementor-12484\" data-elementor-post-type=\"page\">\n\t\t\t\t<div class=\"elementor-element elementor-element-6f19e4c8 e-flex e-con-boxed e-con e-parent\" data-id=\"6f19e4c8\" data-element_type=\"container\" data-e-type=\"container\" data-settings=\"{&quot;background_background&quot;:&quot;classic&quot;}\">\n\t\t\t\t\t<div class=\"e-con-inner\">\n\t\t<div class=\"elementor-element elementor-element-15d0c5d9 e-con-full e-flex e-con e-child\" data-id=\"15d0c5d9\" data-element_type=\"container\" data-e-type=\"container\">\n\t\t<div class=\"elementor-element elementor-element-3a722925 e-con-full animated-slow e-flex elementor-invisible e-con e-child\" data-id=\"3a722925\" data-element_type=\"container\" data-e-type=\"container\" data-settings=\"{&quot;animation&quot;:&quot;fadeInLeft&quot;}\">\n\t\t\t\t<div class=\"elementor-element elementor-element-5983303c elementor-widget elementor-widget-heading\" data-id=\"5983303c\" data-element_type=\"widget\" data-e-type=\"widget\" data-widget_type=\"heading.default\">\n\t\t\t\t<div class=\"elementor-widget-container\">\n\t\t\t\t\t<h1 class=\"elementor-heading-title elementor-size-default\">Agam\u0103 cu Barb\u0103<\/h1>\t\t\t\t<\/div>\n\t\t\t\t<\/div>\n\t\t\t\t<div class=\"elementor-element elementor-element-57c4a1a3 elementor-widget elementor-widget-text-editor\" data-id=\"57c4a1a3\" data-element_type=\"widget\" data-e-type=\"widget\" data-widget_type=\"text-editor.default\">\n\t\t\t\t<div class=\"elementor-widget-container\">\n\t\t\t\t\t\t\t\t\t<p><strong>Nume \u0219tiin\u021bific<\/strong>: <em>Pogona vitticeps<\/em><\/p><p><strong>Clas\u0103<\/strong>: Reptilia<\/p><p><strong>Ordin<\/strong>: Squamata<\/p><p><strong>Familie<\/strong>: Agamidae<\/p><p><strong>Gen<\/strong>: Pogona<\/p><p><strong>Specie<\/strong>: <em>Pogona vitticeps<\/em><\/p><p><strong>Lungime maxim\u0103<\/strong>: Aproximativ 55 cm<\/p><p><strong>Greutate<\/strong>: 350-600 g<\/p>\t\t\t\t\t\t\t\t<\/div>\n\t\t\t\t<\/div>\n\t\t\t\t<\/div>\n\t\t\t\t<div class=\"elementor-element elementor-element-15f33de4 elementor-widget-tablet__width-inherit animated-slow elementor-invisible elementor-widget elementor-widget-image\" data-id=\"15f33de4\" data-element_type=\"widget\" data-e-type=\"widget\" data-settings=\"{&quot;_animation&quot;:&quot;fadeInRight&quot;}\" data-widget_type=\"image.default\">\n\t\t\t\t<div class=\"elementor-widget-container\">\n\t\t\t\t\t\t\t\t\t\t\t\t\t\t\t<img fetchpriority=\"high\" decoding=\"async\" width=\"847\" height=\"566\" src=\"https:\/\/bucurestizoo.ro\/wp-content\/uploads\/2025\/04\/agama-cu-barba-dt-1024x684.jpg\" class=\"attachment-large size-large wp-image-15607\" alt=\"\" srcset=\"https:\/\/bucurestizoo.ro\/wp-content\/uploads\/2025\/04\/agama-cu-barba-dt-1024x684.jpg 1024w, https:\/\/bucurestizoo.ro\/wp-content\/uploads\/2025\/04\/agama-cu-barba-dt-300x200.jpg 300w, https:\/\/bucurestizoo.ro\/wp-content\/uploads\/2025\/04\/agama-cu-barba-dt-768x513.jpg 768w, https:\/\/bucurestizoo.ro\/wp-content\/uploads\/2025\/04\/agama-cu-barba-dt-1536x1026.jpg 1536w, https:\/\/bucurestizoo.ro\/wp-content\/uploads\/2025\/04\/agama-cu-barba-dt-2048x1368.jpg 2048w, https:\/\/bucurestizoo.ro\/wp-content\/uploads\/2025\/04\/agama-cu-barba-dt-449x300.jpg 449w, https:\/\/bucurestizoo.ro\/wp-content\/uploads\/2025\/04\/agama-cu-barba-dt-650x434.jpg 650w\" sizes=\"(max-width: 847px) 100vw, 847px\" data-id=\"15607\" \/>\t\t\t\t\t\t\t\t\t\t\t\t\t\t\t<\/div>\n\t\t\t\t<\/div>\n\t\t\t\t<\/div>\n\t\t\t\t\t<\/div>\n\t\t\t\t<\/div>\n\t\t<div class=\"elementor-element elementor-element-7ba97cb4 animated-slow e-flex e-con-boxed elementor-invisible e-con e-parent\" data-id=\"7ba97cb4\" data-element_type=\"container\" data-e-type=\"container\" data-settings=\"{&quot;animation&quot;:&quot;fadeInLeft&quot;}\">\n\t\t\t\t\t<div class=\"e-con-inner\">\n\t\t\t\t<div class=\"elementor-element elementor-element-112ef82c elementor-widget elementor-widget-heading\" data-id=\"112ef82c\" data-element_type=\"widget\" data-e-type=\"widget\" data-widget_type=\"heading.default\">\n\t\t\t\t<div class=\"elementor-widget-container\">\n\t\t\t\t\t<h1 class=\"elementor-heading-title elementor-size-default\">General:<\/h1>\t\t\t\t<\/div>\n\t\t\t\t<\/div>\n\t\t\t\t<div class=\"elementor-element elementor-element-45d5eef6 elementor-widget elementor-widget-text-editor\" data-id=\"45d5eef6\" data-element_type=\"widget\" data-e-type=\"widget\" data-widget_type=\"text-editor.default\">\n\t\t\t\t<div class=\"elementor-widget-container\">\n\t\t\t\t\t\t\t\t\t<div class=\"et_pb_module et_pb_text et_pb_text_7 et_pb_bg_layout_light et_pb_text_align_left\"><div class=\"et_pb_text_inner\"><div class=\"et_pb_column et_pb_column_1_2 et_pb_column_4 et_pb_css_mix_blend_mode_passthrough\"><div class=\"et_pb_module et_pb_text et_pb_text_2 et_pb_bg_layout_light et_pb_text_align_left\"><div class=\"et_pb_text_inner\"><p>Agama cu barb\u0103 este o specie de \u0219op\u00e2rl\u0103 originar\u0103 din regiunile aride \u0219i semiaride ale Australiei. Este cunoscut\u0103 pentru \u201ebarba\u201d sa distinctiv\u0103, format\u0103 din solzi aspri care pot deveni negri \u0219i se pot extinde atunci c\u00e2nd animalul se simte amenin\u021bat sau \u00eencearc\u0103 s\u0103 impresioneze. Aceast\u0103 \u0219op\u00e2rl\u0103 are un corp robust, o coad\u0103 lung\u0103 \u0219i puternic\u0103, \u0219i membre bine dezvoltate pentru c\u0103\u021b\u0103rat \u0219i alergat.<\/p><p>Agama cu barb\u0103 este o reptil\u0103 diurn\u0103 \u0219i semi-arboricol\u0103, petrec\u00e2ndu-\u0219i timpul at\u00e2t pe sol, c\u00e2t \u0219i \u00een copaci sau pe st\u00e2nci. Este foarte sociabil\u0103 \u0219i are un comportament complex, incluz\u00e2nd mi\u0219c\u0103ri de \u201esalut\u201d cu membrele \u0219i \u201efluturarea capului\u201d \u00een timpul interac\u021biunilor sociale sau al conflictelor teritoriale.<\/p><\/div><\/div><\/div><\/div><\/div>\t\t\t\t\t\t\t\t<\/div>\n\t\t\t\t<\/div>\n\t\t\t\t\t<\/div>\n\t\t\t\t<\/div>\n\t\t<div class=\"elementor-element elementor-element-1844bf30 animated-slow e-flex e-con-boxed elementor-invisible e-con e-parent\" data-id=\"1844bf30\" data-element_type=\"container\" data-e-type=\"container\" data-settings=\"{&quot;animation&quot;:&quot;fadeInRight&quot;}\">\n\t\t\t\t\t<div class=\"e-con-inner\">\n\t\t\t\t<div class=\"elementor-element elementor-element-470caded elementor-widget elementor-widget-heading\" data-id=\"470caded\" data-element_type=\"widget\" data-e-type=\"widget\" data-widget_type=\"heading.default\">\n\t\t\t\t<div class=\"elementor-widget-container\">\n\t\t\t\t\t<h1 class=\"elementor-heading-title elementor-size-default\">Habitat:<\/h1>\t\t\t\t<\/div>\n\t\t\t\t<\/div>\n\t\t\t\t<div class=\"elementor-element elementor-element-41e4d39d elementor-widget elementor-widget-text-editor\" data-id=\"41e4d39d\" data-element_type=\"widget\" data-e-type=\"widget\" data-widget_type=\"text-editor.default\">\n\t\t\t\t<div class=\"elementor-widget-container\">\n\t\t\t\t\t\t\t\t\t<div class=\"et_pb_module et_pb_text et_pb_text_7 et_pb_bg_layout_light et_pb_text_align_left\"><div class=\"et_pb_text_inner\"><div class=\"et_pb_column et_pb_column_1_2 et_pb_column_4 et_pb_css_mix_blend_mode_passthrough\"><div class=\"et_pb_module et_pb_text et_pb_text_2 et_pb_bg_layout_light et_pb_text_align_left\"><div class=\"et_pb_text_inner\"><p>Aceast\u0103 specie tr\u0103ie\u0219te \u00een regiunile uscate ale Australiei, incluz\u00e2nd de\u0219erturile, savanele \u0219i p\u0103durile de eucalipt. Prefer\u0103 zonele cu temperaturi ridicate \u0219i expunere la soare, necesare pentru termoreglare. \u00cen timpul zilei, agama cu barb\u0103 poate fi v\u0103zut\u0103 adesea tol\u0103nindu-se la soare pe roci sau crengi, absorbind c\u0103ldura pentru a-\u0219i activa metabolismul.<\/p><p>Noaptea, se retrage \u00een vizuini sau sub st\u00e2nci pentru a se proteja de pr\u0103d\u0103tori \u0219i de temperaturile sc\u0103zute. De asemenea, aceste locuri ad\u0103postite ofer\u0103 protec\u021bie \u00eempotriva condi\u021biilor meteorologice extreme, cum ar fi furtunile de nisip frecvente \u00een habitatul s\u0103u.<\/p><\/div><\/div><\/div><\/div><\/div>\t\t\t\t\t\t\t\t<\/div>\n\t\t\t\t<\/div>\n\t\t\t\t\t<\/div>\n\t\t\t\t<\/div>\n\t\t<div class=\"elementor-element elementor-element-3b951675 e-grid e-con-boxed e-con e-parent\" data-id=\"3b951675\" data-element_type=\"container\" data-e-type=\"container\">\n\t\t\t\t\t<div class=\"e-con-inner\">\n\t\t<div class=\"elementor-element elementor-element-13873868 e-con-full animated-slow e-flex elementor-invisible e-con e-child\" data-id=\"13873868\" data-element_type=\"container\" data-e-type=\"container\" data-settings=\"{&quot;animation&quot;:&quot;fadeInLeft&quot;}\">\n\t\t\t\t<div class=\"elementor-element elementor-element-6118f988 elementor-widget elementor-widget-heading\" data-id=\"6118f988\" data-element_type=\"widget\" data-e-type=\"widget\" data-widget_type=\"heading.default\">\n\t\t\t\t<div class=\"elementor-widget-container\">\n\t\t\t\t\t<h1 class=\"elementor-heading-title elementor-size-default\">Hran\u0103:<\/h1>\t\t\t\t<\/div>\n\t\t\t\t<\/div>\n\t\t\t\t<div class=\"elementor-element elementor-element-336b13e8 elementor-widget elementor-widget-text-editor\" data-id=\"336b13e8\" data-element_type=\"widget\" data-e-type=\"widget\" data-widget_type=\"text-editor.default\">\n\t\t\t\t<div class=\"elementor-widget-container\">\n\t\t\t\t\t\t\t\t\t<div class=\"et_pb_module et_pb_text et_pb_text_7 et_pb_bg_layout_light et_pb_text_align_left\"><div class=\"et_pb_text_inner\"><div class=\"et_pb_column et_pb_column_1_2 et_pb_column_4 et_pb_css_mix_blend_mode_passthrough\"><div class=\"et_pb_module et_pb_text et_pb_text_2 et_pb_bg_layout_light et_pb_text_align_left\"><div class=\"et_pb_text_inner\"><p>Agama cu barb\u0103 este o specie omnivor\u0103, cu o diet\u0103 variat\u0103. \u00cen s\u0103lb\u0103ticie, consum\u0103 insecte, frunze, flori, fructe \u0219i, ocazional, alte mici nevertebrate. Este un pr\u0103d\u0103tor oportunist, adapt\u00e2ndu-\u0219i dieta \u00een func\u021bie de disponibilitatea hranei.<\/p><p>\u00cen captivitate, dieta sa const\u0103 \u00een principal din greieri, viermi de f\u0103in\u0103, legume proaspete \u0219i fructe. Aportul de vitamine \u0219i calciu este esen\u021bial pentru s\u0103n\u0103tatea acestei specii, mai ales pentru a preveni problemele osoase. Agama cu barb\u0103 are un metabolism lent \u0219i poate rezista perioade lungi f\u0103r\u0103 hran\u0103, dar necesit\u0103 ap\u0103 proasp\u0103t\u0103 \u00een mod regulat.<\/p><\/div><\/div><\/div><\/div><\/div>\t\t\t\t\t\t\t\t<\/div>\n\t\t\t\t<\/div>\n\t\t\t\t<\/div>\n\t\t<div class=\"elementor-element elementor-element-3baeeb1b e-con-full animated-slow e-flex elementor-invisible e-con e-child\" data-id=\"3baeeb1b\" data-element_type=\"container\" data-e-type=\"container\" data-settings=\"{&quot;animation&quot;:&quot;fadeInRight&quot;}\">\n\t\t\t\t<div class=\"elementor-element elementor-element-3e798fe1 elementor-widget elementor-widget-heading\" data-id=\"3e798fe1\" data-element_type=\"widget\" data-e-type=\"widget\" data-widget_type=\"heading.default\">\n\t\t\t\t<div class=\"elementor-widget-container\">\n\t\t\t\t\t<h1 class=\"elementor-heading-title elementor-size-default\">Conservare:<\/h1>\t\t\t\t<\/div>\n\t\t\t\t<\/div>\n\t\t\t\t<div class=\"elementor-element elementor-element-781d4a49 elementor-widget elementor-widget-text-editor\" data-id=\"781d4a49\" data-element_type=\"widget\" data-e-type=\"widget\" data-widget_type=\"text-editor.default\">\n\t\t\t\t<div class=\"elementor-widget-container\">\n\t\t\t\t\t\t\t\t\t<div class=\"et_pb_module et_pb_text et_pb_text_7 et_pb_bg_layout_light et_pb_text_align_left\"><div class=\"et_pb_text_inner\"><div class=\"et_pb_column et_pb_column_1_2 et_pb_column_4 et_pb_css_mix_blend_mode_passthrough\"><div class=\"et_pb_module et_pb_text et_pb_text_2 et_pb_bg_layout_light et_pb_text_align_left\"><div class=\"et_pb_text_inner\"><p>Agama cu barb\u0103 nu este considerat\u0103 o specie amenin\u021bat\u0103, fiind larg r\u0103sp\u00e2ndit\u0103 \u00een arealul s\u0103u natural \u0219i foarte popular\u0103 ca animal de companie. Cu toate acestea, schimb\u0103rile climatice \u0219i pierderea habitatului pot afecta popula\u021biile s\u0103lbatice \u00een viitor. Exploatarea excesiv\u0103 pentru comer\u021bul cu animale de companie poate reprezenta o amenin\u021bare localizat\u0103, de\u0219i majoritatea exemplarelor de pe pia\u021b\u0103 provin din cresc\u0103torii.<\/p><p>Pentru conservarea acestei specii, este important s\u0103 se men\u021bin\u0103 habitatele naturale \u0219i s\u0103 se promoveze practicile responsabile de reproducere \u00een captivitate. Educa\u021bia publicului despre necesit\u0103\u021bile specifice de \u00eengrijire poate preveni abandonarea animalelor sau problemele de s\u0103n\u0103tate asociate cu condi\u021bii inadecvate.<\/p><\/div><\/div><\/div><\/div><\/div>\t\t\t\t\t\t\t\t<\/div>\n\t\t\t\t<\/div>\n\t\t\t\t<\/div>\n\t\t\t\t\t<\/div>\n\t\t\t\t<\/div>\n\t\t\t\t<\/div>","protected":false},"excerpt":{"rendered":"<p>Agam\u0103 cu Barb\u0103 Nume \u0219tiin\u021bific: Pogona vitticeps Clas\u0103: Reptilia Ordin: Squamata Familie: Agamidae Gen: Pogona Specie: Pogona vitticeps Lungime maxim\u0103: Aproximativ 55 cm Greutate: 350-600 g General: Agama cu barb\u0103 este o specie de \u0219op\u00e2rl\u0103 originar\u0103 din regiunile aride \u0219i semiaride ale Australiei. Este cunoscut\u0103 pentru \u201ebarba\u201d sa distinctiv\u0103, format\u0103 din solzi aspri care pot &hellip; <a href=\"https:\/\/bucurestizoo.ro\/en\/agama-cu-barba\/\" class=\"more-link\">Continue reading <span class=\"screen-reader-text\">Agama cu barb\u0103<\/span><\/a><\/p>","protected":false},"author":1,"featured_media":0,"parent":0,"menu_order":0,"comment_status":"closed","ping_status":"closed","template":"","meta":{"_monsterinsights_skip_tracking":false,"_monsterinsights_sitenote_active":false,"_monsterinsights_sitenote_note":"","_monsterinsights_sitenote_category":0,"footnotes":""},"class_list":["post-12484","page","type-page","status-publish","hentry"],"aioseo_notices":[],"_links":{"self":[{"href":"https:\/\/bucurestizoo.ro\/en\/wp-json\/wp\/v2\/pages\/12484","targetHints":{"allow":["GET"]}}],"collection":[{"href":"https:\/\/bucurestizoo.ro\/en\/wp-json\/wp\/v2\/pages"}],"about":[{"href":"https:\/\/bucurestizoo.ro\/en\/wp-json\/wp\/v2\/types\/page"}],"author":[{"embeddable":true,"href":"https:\/\/bucurestizoo.ro\/en\/wp-json\/wp\/v2\/users\/1"}],"replies":[{"embeddable":true,"href":"https:\/\/bucurestizoo.ro\/en\/wp-json\/wp\/v2\/comments?post=12484"}],"version-history":[{"count":19,"href":"https:\/\/bucurestizoo.ro\/en\/wp-json\/wp\/v2\/pages\/12484\/revisions"}],"predecessor-version":[{"id":15610,"href":"https:\/\/bucurestizoo.ro\/en\/wp-json\/wp\/v2\/pages\/12484\/revisions\/15610"}],"wp:attachment":[{"href":"https:\/\/bucurestizoo.ro\/en\/wp-json\/wp\/v2\/media?parent=12484"}],"curies":[{"name":"wp","href":"https:\/\/api.w.org\/{rel}","templated":true}]}}