{"id":11892,"date":"2024-12-10T15:47:18","date_gmt":"2024-12-10T13:47:18","guid":{"rendered":"https:\/\/n1.bucurestizoo.ro\/?page_id=11892"},"modified":"2025-04-02T19:19:10","modified_gmt":"2025-04-02T17:19:10","slug":"legislatie-internationala","status":"publish","type":"page","link":"https:\/\/bucurestizoo.ro\/en\/legislatie-internationala\/","title":{"rendered":"Legisla\u0163ie interna\u0163ional\u0103"},"content":{"rendered":"<div data-elementor-type=\"wp-page\" data-elementor-id=\"11892\" class=\"elementor elementor-11892\" data-elementor-post-type=\"page\">\n\t\t\t\t<div class=\"elementor-element elementor-element-e43a7ce e-con-full e-flex e-con e-parent\" data-id=\"e43a7ce\" data-element_type=\"container\" data-e-type=\"container\" data-settings=\"{&quot;background_background&quot;:&quot;classic&quot;}\">\n\t\t<div class=\"elementor-element elementor-element-c1396cc e-con-full e-flex e-con e-child\" data-id=\"c1396cc\" data-element_type=\"container\" data-e-type=\"container\">\n\t\t\t\t<div class=\"elementor-element elementor-element-98109ea elementor-widget elementor-widget-heading\" data-id=\"98109ea\" data-element_type=\"widget\" data-e-type=\"widget\" data-widget_type=\"heading.default\">\n\t\t\t\t<div class=\"elementor-widget-container\">\n\t\t\t\t\t<h2 class=\"elementor-heading-title elementor-size-default\">Reglement\u0103ri interna\u021bionale<\/h2>\t\t\t\t<\/div>\n\t\t\t\t<\/div>\n\t\t\t\t<div class=\"elementor-element elementor-element-64d243e elementor-widget elementor-widget-text-editor\" data-id=\"64d243e\" data-element_type=\"widget\" data-e-type=\"widget\" data-widget_type=\"text-editor.default\">\n\t\t\t\t<div class=\"elementor-widget-container\">\n\t\t\t\t\t\t\t\t\t<div class=\"et_pb_row et_pb_row_0\"><div class=\"et_pb_column et_pb_column_4_4 et_pb_column_0 et_pb_css_mix_blend_mode_passthrough et-last-child\"><div class=\"et_pb_module et_pb_text et_pb_text_0 et_pb_bg_layout_light et_pb_text_align_left\"><div class=\"et_pb_text_inner\"><h4>Conven\u021bia privind comer\u021bul interna\u021bional cu specii s\u0103lbatice de faun\u0103 \u0219i flor\u0103 pe cale de dispari\u021bie<\/h4><p>Conven\u021bia privind comer\u021bul interna\u021bional cu specii s\u0103lbatice de faun\u0103 \u0219i flor\u0103 pe cale de dispari\u021bie, Washington, 3 martie 1973<br \/>\u00cen vigoare de la 12 august 1994 poate fi citit\u0103 \u00een \u00eentregime <strong><a href=\"\/wp-content\/uploads\/2024\/12\/Conventia-privind-comertul-international-cu-specii-salbatice-de-fauna-si-flora-pe-cale-de-disparitie-.pdf\" target=\"_blank\" rel=\"noopener\">click aici<\/a>.<\/strong><\/p><h4>Conven\u021bia privind conservarea speciilor migratoare de animale s\u0103lbatice mediului<\/h4><p>Conven\u021bia privind conservarea speciilor migratoare de animale s\u0103lbatice din 23.06.1979 \u00een vigoare de la 26 ianuarie 1998 poate fi citit\u0103 \u00een \u00eentregime <strong><a href=\"\/wp-content\/uploads\/2024\/12\/Conventia-privind-conservarea-speciilor-migratoare-de-animale-salbatice.pdf\" target=\"_blank\" rel=\"noopener\">click aici<\/a>.<\/strong><\/p><\/div><\/div><\/div><\/div>\t\t\t\t\t\t\t\t<\/div>\n\t\t\t\t<\/div>\n\t\t\t\t<div class=\"elementor-element elementor-element-729195e elementor-widget elementor-widget-heading\" data-id=\"729195e\" data-element_type=\"widget\" data-e-type=\"widget\" data-widget_type=\"heading.default\">\n\t\t\t\t<div class=\"elementor-widget-container\">\n\t\t\t\t\t<h2 class=\"elementor-heading-title elementor-size-default\">Reglement\u0103ri europene<\/h2>\t\t\t\t<\/div>\n\t\t\t\t<\/div>\n\t\t\t\t<div class=\"elementor-element elementor-element-c7886ea elementor-widget elementor-widget-text-editor\" data-id=\"c7886ea\" data-element_type=\"widget\" data-e-type=\"widget\" data-widget_type=\"text-editor.default\">\n\t\t\t\t<div class=\"elementor-widget-container\">\n\t\t\t\t\t\t\t\t\t<div class=\"et_pb_row et_pb_row_0\"><div class=\"et_pb_column et_pb_column_4_4 et_pb_column_0 et_pb_css_mix_blend_mode_passthrough et-last-child\"><div class=\"et_pb_module et_pb_text et_pb_text_0 et_pb_bg_layout_light et_pb_text_align_left\"><div class=\"et_pb_text_inner\"><div class=\"et_pb_column et_pb_column_4_4 et_pb_column_0 et_pb_css_mix_blend_mode_passthrough et-last-child\"><div class=\"et_pb_module et_pb_text et_pb_text_0 et_pb_bg_layout_light et_pb_text_align_left\"><div class=\"et_pb_text_inner\"><h4>Directiva privind animalele s\u0103lbatice din gr\u0103dini zoologice<\/h4><p>Directiva nr. 22\/1999 privind animalele s\u0103lbatice din gr\u0103dini zoologice, Num\u0103r celex: 31999L0022, \u00een vigoare de la 09 aprilie 1999, publicat\u0103 \u00een Jurnalul Oficial al Uniunii Europene nr. 94 din 09 aprilie 1999 poate fi citita \u00een \u00eentregime <strong><a href=\"\/wp-content\/uploads\/2024\/12\/Directiva-privind-animalele-salbatice-din-gradini-zoologice.pdf\" target=\"_blank\" rel=\"noopener\">click aici.<\/a><\/strong><\/p><h4>Regulamentul referitor la protec\u021bia speciilor faunei \u0219i florei s\u0103lbatice prin controlul comer\u021bului cu acestea<\/h4><p>Regulamentul nr. 338\/1996 referitor la protec\u021bia speciilor faunei \u0219i florei s\u0103lbatice prin controlul comer\u021bului cu acestea, Num\u0103r celex: 31997R0338, \u00een vigoare de la 03 martie 1997, publicat poate fi citit \u00een \u00eentregime <strong><a href=\"\/wp-content\/uploads\/2024\/12\/Regulamentul-referitor-la-protectia-speciilor-faunei-si-florei-salbatice-prin-controlul-comertului-cu-acestea.pdf\" target=\"_blank\" rel=\"noopener\">click aici<\/a><\/strong>.<\/p><\/div><\/div><\/div><\/div><\/div><\/div><\/div>\t\t\t\t\t\t\t\t<\/div>\n\t\t\t\t<\/div>\n\t\t\t\t<\/div>\n\t\t\t\t<\/div>\n\t\t\t\t<\/div>","protected":false},"excerpt":{"rendered":"<p>Reglement\u0103ri interna\u021bionale Conven\u021bia privind comer\u021bul interna\u021bional cu specii s\u0103lbatice de faun\u0103 \u0219i flor\u0103 pe cale de dispari\u021bie Conven\u021bia privind comer\u021bul interna\u021bional cu specii s\u0103lbatice de faun\u0103 \u0219i flor\u0103 pe cale de dispari\u021bie, Washington, 3 martie 1973\u00cen vigoare de la 12 august 1994 poate fi citit\u0103 \u00een \u00eentregime click aici. Conven\u021bia privind conservarea speciilor migratoare de &hellip; <a href=\"https:\/\/bucurestizoo.ro\/en\/legislatie-internationala\/\" class=\"more-link\">Continue reading <span class=\"screen-reader-text\">Legisla\u0163ie interna\u0163ional\u0103<\/span><\/a><\/p>","protected":false},"author":1,"featured_media":0,"parent":0,"menu_order":0,"comment_status":"closed","ping_status":"closed","template":"","meta":{"_monsterinsights_skip_tracking":false,"_monsterinsights_sitenote_active":false,"_monsterinsights_sitenote_note":"","_monsterinsights_sitenote_category":0,"footnotes":""},"class_list":["post-11892","page","type-page","status-publish","hentry"],"aioseo_notices":[],"_links":{"self":[{"href":"https:\/\/bucurestizoo.ro\/en\/wp-json\/wp\/v2\/pages\/11892","targetHints":{"allow":["GET"]}}],"collection":[{"href":"https:\/\/bucurestizoo.ro\/en\/wp-json\/wp\/v2\/pages"}],"about":[{"href":"https:\/\/bucurestizoo.ro\/en\/wp-json\/wp\/v2\/types\/page"}],"author":[{"embeddable":true,"href":"https:\/\/bucurestizoo.ro\/en\/wp-json\/wp\/v2\/users\/1"}],"replies":[{"embeddable":true,"href":"https:\/\/bucurestizoo.ro\/en\/wp-json\/wp\/v2\/comments?post=11892"}],"version-history":[{"count":10,"href":"https:\/\/bucurestizoo.ro\/en\/wp-json\/wp\/v2\/pages\/11892\/revisions"}],"predecessor-version":[{"id":14793,"href":"https:\/\/bucurestizoo.ro\/en\/wp-json\/wp\/v2\/pages\/11892\/revisions\/14793"}],"wp:attachment":[{"href":"https:\/\/bucurestizoo.ro\/en\/wp-json\/wp\/v2\/media?parent=11892"}],"curies":[{"name":"wp","href":"https:\/\/api.w.org\/{rel}","templated":true}]}}