{"id":11875,"date":"2024-12-10T15:14:18","date_gmt":"2024-12-10T13:14:18","guid":{"rendered":"https:\/\/n1.bucurestizoo.ro\/?page_id=11875"},"modified":"2026-02-09T14:09:21","modified_gmt":"2026-02-09T12:09:21","slug":"legislatie-nationala","status":"publish","type":"page","link":"https:\/\/bucurestizoo.ro\/en\/legislatie-nationala\/","title":{"rendered":"Legisla\u0163ie na\u0163ional\u0103"},"content":{"rendered":"<div data-elementor-type=\"wp-page\" data-elementor-id=\"11875\" class=\"elementor elementor-11875\" data-elementor-post-type=\"page\">\n\t\t\t\t<div class=\"elementor-element elementor-element-91381ad e-con-full e-flex e-con e-parent\" data-id=\"91381ad\" data-element_type=\"container\" data-e-type=\"container\" data-settings=\"{&quot;background_background&quot;:&quot;classic&quot;}\">\n\t\t<div class=\"elementor-element elementor-element-e6a12d4 e-con-full e-flex e-con e-child\" data-id=\"e6a12d4\" data-element_type=\"container\" data-e-type=\"container\">\n\t\t\t\t<div class=\"elementor-element elementor-element-75e6fea elementor-widget elementor-widget-text-editor\" data-id=\"75e6fea\" data-element_type=\"widget\" data-e-type=\"widget\" data-widget_type=\"text-editor.default\">\n\t\t\t\t<div class=\"elementor-widget-container\">\n\t\t\t\t\t\t\t\t\t<div class=\"et_pb_column et_pb_column_4_4 et_pb_column_0 et_pb_css_mix_blend_mode_passthrough et-last-child\"><div class=\"et_pb_module et_pb_text et_pb_text_0 et_pb_bg_layout_light et_pb_text_align_left\"><div class=\"et_pb_text_inner\"><p><strong>Legea gr\u0103dinilor zoologice<\/strong><\/p><p>Legea gr\u0103dinilor Zoologice \u0219i a acvariilor publice nr. 191\/2002 \u00een vigoare de la 23 aprilie 2002 \u0219i varianta legislativ\u0103 din 15 noiembrie 2017 poate fi citit\u0103 \u00een \u00eentregime &#8211; <strong><a href=\"\/wp-content\/uploads\/2024\/12\/Legea-gradinilor-zoologice.pdf\" target=\"_blank\" rel=\"noopener\">click aici<\/a>.<\/strong><\/p><p><strong>Legea protec\u021biei mediului<\/strong><\/p><p>Ordonan\u021ba de urgen\u021b\u0103 nr. 195\/2005 privind protec\u021bia mediului \u00een vigoare de la 29 ianuarie 2006 \u0219i varianta legislativ\u0103 din 15 noiembrie 2017 poate fi citit\u0103 \u00een \u00eentregime &#8211; <strong><a href=\"\/wp-content\/uploads\/2024\/12\/Legea-privind-protectia-mediului.pdf\" target=\"_blank\" rel=\"noopener\">click aici<\/a>.<\/strong><\/p><p><strong>Legea pentru aderarea Rom\u00e2niei la Conven\u021bia privind comer\u021bul interna\u021bional cu specii s\u0103lbatice de faun\u0103 \u0219i flor\u0103 pe cale de dispari\u021bie<\/strong><\/p><p>Legea nr. 69\/1994 pentru aderarea Rom\u00e2niei la Conven\u021bia privind comer\u021bul interna\u021bional cu specii s\u0103lbatice de faun\u0103 \u0219i flor\u0103 pe cale de dispari\u021bie, adoptat\u0103 la Washington la 3 martie 1973 poate fi citit\u0103 \u00een \u00eentregime &#8211; <strong><a href=\"\/wp-content\/uploads\/2024\/12\/Legea-pentru-aderarea-Romaniei-la-Conventia-privind-comertul-international-cu-specii-salbatice-de-fauna-si-flora-pe-cale-de-disparitie.pdf\" target=\"_blank\" rel=\"noopener\">click aici<\/a>.<\/strong><\/p><p><strong>Legea-gr\u0103dinilor-zoologice Legea-privind-protectia-mediului<\/strong><\/p><p>Ordinul nr. 1798\/2007 pentru aprobarea Procedurii de emitere a autoriza\u021biei de mediu \u00een vigoare de la 27 noiembrie 2007 poate fi citit \u00een \u00eentregime &#8211; <strong><a href=\"\/wp-content\/uploads\/2024\/12\/Ordinul-pentru-aprobarea-Procedurii-de-emitere-a-autorizatiei-de-mediu.pdf\" target=\"_blank\" rel=\"noopener\">click aici<\/a>.<\/strong><\/p><p><strong>HCGMB nr. 51\/2026<\/strong><\/p><p>Hot\u0103r\u00e2rea Consiliului General al Municipiului Bucure\u0219ti nr. 51\/29.01.2026 privind tarifele biletelor de intrare &#8211; <strong><a href=\"\/wp-content\/uploads\/2026\/02\/HCGMB-51_29.01.2026.pdf\" target=\"_blank\" rel=\"noopener\">click aici<\/a>.<\/strong><\/p><p><strong>HCGMB nr. 215\/2024<\/strong><\/p><p>Hot\u0103r\u00e2rea Consiliului General al Municipiului Bucure\u0219ti nr. 215\/2024 privind aprobarea organigramei si a R.O.F.-ului A.G.Z. &#8211; <strong><a href=\"\/wp-content\/uploads\/2025\/04\/HCGMB_215-din-31.07.2024.pdf\" target=\"_blank\" rel=\"noopener\">click aici<\/a>.<\/strong><\/p><\/div><\/div><\/div>\t\t\t\t\t\t\t\t<\/div>\n\t\t\t\t<\/div>\n\t\t\t\t<\/div>\n\t\t\t\t<\/div>\n\t\t\t\t<\/div>","protected":false},"excerpt":{"rendered":"<p>Legea gr\u0103dinilor zoologice Legea gr\u0103dinilor Zoologice \u0219i a acvariilor publice nr. 191\/2002 \u00een vigoare de la 23 aprilie 2002 \u0219i varianta legislativ\u0103 din 15 noiembrie 2017 poate fi citit\u0103 \u00een \u00eentregime &#8211; click aici. Legea protec\u021biei mediului Ordonan\u021ba de urgen\u021b\u0103 nr. 195\/2005 privind protec\u021bia mediului \u00een vigoare de la 29 ianuarie 2006 \u0219i varianta legislativ\u0103 &hellip; <a href=\"https:\/\/bucurestizoo.ro\/en\/legislatie-nationala\/\" class=\"more-link\">Continue reading <span class=\"screen-reader-text\">Legisla\u0163ie na\u0163ional\u0103<\/span><\/a><\/p>","protected":false},"author":1,"featured_media":0,"parent":0,"menu_order":0,"comment_status":"closed","ping_status":"closed","template":"","meta":{"_monsterinsights_skip_tracking":false,"_monsterinsights_sitenote_active":false,"_monsterinsights_sitenote_note":"","_monsterinsights_sitenote_category":0,"footnotes":""},"class_list":["post-11875","page","type-page","status-publish","hentry"],"aioseo_notices":[],"_links":{"self":[{"href":"https:\/\/bucurestizoo.ro\/en\/wp-json\/wp\/v2\/pages\/11875","targetHints":{"allow":["GET"]}}],"collection":[{"href":"https:\/\/bucurestizoo.ro\/en\/wp-json\/wp\/v2\/pages"}],"about":[{"href":"https:\/\/bucurestizoo.ro\/en\/wp-json\/wp\/v2\/types\/page"}],"author":[{"embeddable":true,"href":"https:\/\/bucurestizoo.ro\/en\/wp-json\/wp\/v2\/users\/1"}],"replies":[{"embeddable":true,"href":"https:\/\/bucurestizoo.ro\/en\/wp-json\/wp\/v2\/comments?post=11875"}],"version-history":[{"count":38,"href":"https:\/\/bucurestizoo.ro\/en\/wp-json\/wp\/v2\/pages\/11875\/revisions"}],"predecessor-version":[{"id":16359,"href":"https:\/\/bucurestizoo.ro\/en\/wp-json\/wp\/v2\/pages\/11875\/revisions\/16359"}],"wp:attachment":[{"href":"https:\/\/bucurestizoo.ro\/en\/wp-json\/wp\/v2\/media?parent=11875"}],"curies":[{"name":"wp","href":"https:\/\/api.w.org\/{rel}","templated":true}]}}