{"id":11802,"date":"2024-12-09T13:01:40","date_gmt":"2024-12-09T11:01:40","guid":{"rendered":"https:\/\/n1.bucurestizoo.ro\/?page_id=11802"},"modified":"2025-04-05T14:33:55","modified_gmt":"2025-04-05T12:33:55","slug":"zebu","status":"publish","type":"page","link":"https:\/\/bucurestizoo.ro\/en\/zebu\/","title":{"rendered":"Zebu"},"content":{"rendered":"<div data-elementor-type=\"wp-page\" data-elementor-id=\"11802\" class=\"elementor elementor-11802\" data-elementor-post-type=\"page\">\n\t\t\t\t<div class=\"elementor-element elementor-element-5179805e e-flex e-con-boxed e-con e-parent\" data-id=\"5179805e\" data-element_type=\"container\" data-e-type=\"container\" data-settings=\"{&quot;background_background&quot;:&quot;classic&quot;}\">\n\t\t\t\t\t<div class=\"e-con-inner\">\n\t\t<div class=\"elementor-element elementor-element-616f6baf e-con-full e-flex e-con e-child\" data-id=\"616f6baf\" data-element_type=\"container\" data-e-type=\"container\">\n\t\t<div class=\"elementor-element elementor-element-5d63e551 e-con-full animated-slow e-flex elementor-invisible e-con e-child\" data-id=\"5d63e551\" data-element_type=\"container\" data-e-type=\"container\" data-settings=\"{&quot;animation&quot;:&quot;fadeInLeft&quot;}\">\n\t\t\t\t<div class=\"elementor-element elementor-element-eaba42 elementor-widget elementor-widget-heading\" data-id=\"eaba42\" data-element_type=\"widget\" data-e-type=\"widget\" data-widget_type=\"heading.default\">\n\t\t\t\t<div class=\"elementor-widget-container\">\n\t\t\t\t\t<h1 class=\"elementor-heading-title elementor-size-default\">Zebu<\/h1>\t\t\t\t<\/div>\n\t\t\t\t<\/div>\n\t\t\t\t<div class=\"elementor-element elementor-element-794a6e0f elementor-widget elementor-widget-text-editor\" data-id=\"794a6e0f\" data-element_type=\"widget\" data-e-type=\"widget\" data-widget_type=\"text-editor.default\">\n\t\t\t\t<div class=\"elementor-widget-container\">\n\t\t\t\t\t\t\t\t\t<p class=\"\" data-start=\"0\" data-end=\"203\"><strong data-start=\"0\" data-end=\"20\">Nume \u0219tiin\u021bific:<\/strong> <em data-start=\"21\" data-end=\"41\">Bos taurus indicus<\/em><br data-start=\"41\" data-end=\"44\" \/><strong data-start=\"44\" data-end=\"54\">Clasa:<\/strong> Mammalia<br data-start=\"63\" data-end=\"66\" \/><strong data-start=\"66\" data-end=\"76\">Ordin:<\/strong> Artiodactyla<br data-start=\"89\" data-end=\"92\" \/><strong data-start=\"92\" data-end=\"104\">Familie:<\/strong> Bovidae<br data-start=\"112\" data-end=\"115\" \/><strong data-start=\"115\" data-end=\"123\">Gen:<\/strong> <em data-start=\"124\" data-end=\"129\">Bos<\/em><br data-start=\"129\" data-end=\"132\" \/><strong data-start=\"132\" data-end=\"143\">Specie:<\/strong> <em data-start=\"144\" data-end=\"156\">Bos taurus<\/em><br data-start=\"156\" data-end=\"159\" \/><strong data-start=\"159\" data-end=\"173\">Subspecie:<\/strong> <em data-start=\"174\" data-end=\"194\">Bos taurus indicus<\/em> (Zebu)<\/p><p class=\"\" data-start=\"205\" data-end=\"441\"><strong data-start=\"205\" data-end=\"221\">Distribu\u021bie:<\/strong><br data-start=\"221\" data-end=\"224\" \/>Originar din Asia de Sud, \u00een special India. Ast\u0103zi este r\u0103sp\u00e2ndit \u00een regiunile tropicale \u0219i subtropicale ale Africii, Asiei, Americii de Sud \u0219i \u00een Insulele Caraibe, datorit\u0103 rezisten\u021bei sale la clim\u0103 cald\u0103 \u0219i umed\u0103.<\/p><p class=\"\" data-start=\"443\" data-end=\"530\"><strong data-start=\"443\" data-end=\"458\">Dimensiuni:<\/strong><br data-start=\"458\" data-end=\"461\" \/>\u2013 Lungime corporal\u0103: 150\u2013200 cm<br data-start=\"492\" data-end=\"495\" \/>\u2013 \u00cen\u0103l\u021bime la greab\u0103n: 120\u2013150 cm<\/p><p class=\"\" data-start=\"532\" data-end=\"594\"><strong data-start=\"532\" data-end=\"545\">Greutate:<\/strong><br data-start=\"545\" data-end=\"548\" \/>\u2013 Femele: 200\u2013400 kg<br data-start=\"568\" data-end=\"571\" \/>\u2013 Masculi: 300\u2013900 kg<\/p><p class=\"\" data-start=\"596\" data-end=\"703\"><strong data-start=\"596\" data-end=\"617\">Durata gesta\u021biei:<\/strong> 280\u2013300 zile<br data-start=\"630\" data-end=\"633\" \/><strong data-start=\"633\" data-end=\"658\">Num\u0103r pui la na\u0219tere:<\/strong> 1 vi\u021bel<br data-start=\"666\" data-end=\"669\" \/><strong data-start=\"669\" data-end=\"691\">Speran\u021ba de via\u021b\u0103:<\/strong> 15\u201320 ani<\/p>\t\t\t\t\t\t\t\t<\/div>\n\t\t\t\t<\/div>\n\t\t\t\t<\/div>\n\t\t\t\t<div class=\"elementor-element elementor-element-6ee228f7 elementor-widget-tablet__width-inherit animated-slow elementor-invisible elementor-widget elementor-widget-image\" data-id=\"6ee228f7\" data-element_type=\"widget\" data-e-type=\"widget\" data-settings=\"{&quot;_animation&quot;:&quot;fadeInRight&quot;}\" data-widget_type=\"image.default\">\n\t\t\t\t<div class=\"elementor-widget-container\">\n\t\t\t\t\t\t\t\t\t\t\t\t\t\t\t<img fetchpriority=\"high\" decoding=\"async\" width=\"847\" height=\"635\" src=\"https:\/\/bucurestizoo.ro\/wp-content\/uploads\/2025\/04\/zebu_P7260235-Large-e1743856278601-1024x768.jpeg\" class=\"attachment-large size-large wp-image-14916\" alt=\"\" srcset=\"https:\/\/bucurestizoo.ro\/wp-content\/uploads\/2025\/04\/zebu_P7260235-Large-e1743856278601-1024x768.jpeg 1024w, https:\/\/bucurestizoo.ro\/wp-content\/uploads\/2025\/04\/zebu_P7260235-Large-e1743856278601-300x225.jpeg 300w, https:\/\/bucurestizoo.ro\/wp-content\/uploads\/2025\/04\/zebu_P7260235-Large-e1743856278601-768x576.jpeg 768w, https:\/\/bucurestizoo.ro\/wp-content\/uploads\/2025\/04\/zebu_P7260235-Large-e1743856278601-400x300.jpeg 400w, https:\/\/bucurestizoo.ro\/wp-content\/uploads\/2025\/04\/zebu_P7260235-Large-e1743856278601-650x488.jpeg 650w, https:\/\/bucurestizoo.ro\/wp-content\/uploads\/2025\/04\/zebu_P7260235-Large-e1743856278601.jpeg 1280w\" sizes=\"(max-width: 847px) 100vw, 847px\" data-id=\"14916\" \/>\t\t\t\t\t\t\t\t\t\t\t\t\t\t\t<\/div>\n\t\t\t\t<\/div>\n\t\t\t\t<\/div>\n\t\t\t\t\t<\/div>\n\t\t\t\t<\/div>\n\t\t<div class=\"elementor-element elementor-element-b76b978 animated-slow e-flex e-con-boxed elementor-invisible e-con e-parent\" data-id=\"b76b978\" data-element_type=\"container\" data-e-type=\"container\" data-settings=\"{&quot;animation&quot;:&quot;fadeInLeft&quot;}\">\n\t\t\t\t\t<div class=\"e-con-inner\">\n\t\t\t\t<div class=\"elementor-element elementor-element-75166391 elementor-widget elementor-widget-heading\" data-id=\"75166391\" data-element_type=\"widget\" data-e-type=\"widget\" data-widget_type=\"heading.default\">\n\t\t\t\t<div class=\"elementor-widget-container\">\n\t\t\t\t\t<h1 class=\"elementor-heading-title elementor-size-default\">General:<\/h1>\t\t\t\t<\/div>\n\t\t\t\t<\/div>\n\t\t\t\t<div class=\"elementor-element elementor-element-7284d966 elementor-widget elementor-widget-text-editor\" data-id=\"7284d966\" data-element_type=\"widget\" data-e-type=\"widget\" data-widget_type=\"text-editor.default\">\n\t\t\t\t<div class=\"elementor-widget-container\">\n\t\t\t\t\t\t\t\t\t<p>Zebu este o subspecie domesticit\u0103 de vit\u0103, recunoscut\u0103 pentru coco\u0219ul s\u0103u caracteristic situat la baza g\u00e2tului \u0219i pentru pliurile mari de piele de pe g\u00e2t. Este bine adaptat la climatele calde \u0219i aride, av\u00e2nd o rezisten\u021b\u0103 sporit\u0103 la temperaturi ridicate, secet\u0103 \u0219i parazi\u021bi.<\/p><p>Zebu este utilizat \u00een agricultur\u0103 pentru munc\u0103, dar \u0219i pentru lapte, carne \u0219i piele. Este un simbol cultural important \u00een Asia de Sud, fiind venerat \u00een multe tradi\u021bii religioase.<\/p>\t\t\t\t\t\t\t\t<\/div>\n\t\t\t\t<\/div>\n\t\t\t\t\t<\/div>\n\t\t\t\t<\/div>\n\t\t<div class=\"elementor-element elementor-element-5b8ef6b6 e-flex e-con-boxed e-con e-parent\" data-id=\"5b8ef6b6\" data-element_type=\"container\" data-e-type=\"container\">\n\t\t\t\t\t<div class=\"e-con-inner\">\n\t\t\t\t<div class=\"elementor-element elementor-element-22c6ed82 elementor-widget elementor-widget-gallery\" data-id=\"22c6ed82\" data-element_type=\"widget\" data-e-type=\"widget\" data-settings=\"{&quot;columns&quot;:2,&quot;lazyload&quot;:&quot;yes&quot;,&quot;gallery_layout&quot;:&quot;grid&quot;,&quot;columns_tablet&quot;:2,&quot;columns_mobile&quot;:1,&quot;gap&quot;:{&quot;unit&quot;:&quot;px&quot;,&quot;size&quot;:10,&quot;sizes&quot;:[]},&quot;gap_tablet&quot;:{&quot;unit&quot;:&quot;px&quot;,&quot;size&quot;:10,&quot;sizes&quot;:[]},&quot;gap_mobile&quot;:{&quot;unit&quot;:&quot;px&quot;,&quot;size&quot;:10,&quot;sizes&quot;:[]},&quot;link_to&quot;:&quot;file&quot;,&quot;aspect_ratio&quot;:&quot;3:2&quot;,&quot;overlay_background&quot;:&quot;yes&quot;,&quot;content_hover_animation&quot;:&quot;fade-in&quot;}\" data-widget_type=\"gallery.default\">\n\t\t\t\t<div class=\"elementor-widget-container\">\n\t\t\t\t\t\t\t<div class=\"elementor-gallery__container\">\n\t\t\t\t\t\t\t<a class=\"e-gallery-item elementor-gallery-item elementor-animated-content\" href=\"https:\/\/bucurestizoo.ro\/wp-content\/uploads\/2025\/04\/zebu_P7260248-Large.jpeg\" data-elementor-open-lightbox=\"yes\" data-elementor-lightbox-slideshow=\"22c6ed82\" data-elementor-lightbox-title=\"OLYMPUS DIGITAL CAMERA\" data-e-action-hash=\"#elementor-action%3Aaction%3Dlightbox%26settings%3DeyJpZCI6MTQ5MTcsInVybCI6Imh0dHBzOlwvXC9idWN1cmVzdGl6b28ucm9cL3dwLWNvbnRlbnRcL3VwbG9hZHNcLzIwMjVcLzA0XC96ZWJ1X1A3MjYwMjQ4LUxhcmdlLmpwZWciLCJzbGlkZXNob3ciOiIyMmM2ZWQ4MiJ9\">\n\t\t\t\t\t<div class=\"e-gallery-image elementor-gallery-item__image\" data-thumbnail=\"https:\/\/bucurestizoo.ro\/wp-content\/uploads\/2025\/04\/zebu_P7260248-Large-1024x768.jpeg\" data-width=\"847\" data-height=\"635\" aria-label=\"\" role=\"img\" ><\/div>\n\t\t\t\t\t\t\t\t\t\t\t<div class=\"elementor-gallery-item__overlay\"><\/div>\n\t\t\t\t\t\t\t\t\t\t\t\t\t\t<\/a>\n\t\t\t\t\t\t\t<a class=\"e-gallery-item elementor-gallery-item elementor-animated-content\" href=\"https:\/\/bucurestizoo.ro\/wp-content\/uploads\/2025\/04\/zebu3-Large.jpeg\" data-elementor-open-lightbox=\"yes\" data-elementor-lightbox-slideshow=\"22c6ed82\" data-elementor-lightbox-title=\"zebu3 Large\" data-e-action-hash=\"#elementor-action%3Aaction%3Dlightbox%26settings%3DeyJpZCI6MTQ5MTgsInVybCI6Imh0dHBzOlwvXC9idWN1cmVzdGl6b28ucm9cL3dwLWNvbnRlbnRcL3VwbG9hZHNcLzIwMjVcLzA0XC96ZWJ1My1MYXJnZS5qcGVnIiwic2xpZGVzaG93IjoiMjJjNmVkODIifQ%3D%3D\">\n\t\t\t\t\t<div class=\"e-gallery-image elementor-gallery-item__image\" data-thumbnail=\"https:\/\/bucurestizoo.ro\/wp-content\/uploads\/2025\/04\/zebu3-Large-1024x682.jpeg\" data-width=\"847\" data-height=\"564\" aria-label=\"\" role=\"img\" ><\/div>\n\t\t\t\t\t\t\t\t\t\t\t<div class=\"elementor-gallery-item__overlay\"><\/div>\n\t\t\t\t\t\t\t\t\t\t\t\t\t\t<\/a>\n\t\t\t\t\t<\/div>\n\t\t\t\t\t<\/div>\n\t\t\t\t<\/div>\n\t\t\t\t\t<\/div>\n\t\t\t\t<\/div>\n\t\t<div class=\"elementor-element elementor-element-47bd8682 animated-slow e-flex e-con-boxed elementor-invisible e-con e-parent\" data-id=\"47bd8682\" data-element_type=\"container\" data-e-type=\"container\" data-settings=\"{&quot;animation&quot;:&quot;fadeInRight&quot;}\">\n\t\t\t\t\t<div class=\"e-con-inner\">\n\t\t\t\t<div class=\"elementor-element elementor-element-7fb7f5a4 elementor-widget elementor-widget-heading\" data-id=\"7fb7f5a4\" data-element_type=\"widget\" data-e-type=\"widget\" data-widget_type=\"heading.default\">\n\t\t\t\t<div class=\"elementor-widget-container\">\n\t\t\t\t\t<h1 class=\"elementor-heading-title elementor-size-default\">Habitat:<\/h1>\t\t\t\t<\/div>\n\t\t\t\t<\/div>\n\t\t\t\t<div class=\"elementor-element elementor-element-35b73f1d elementor-widget elementor-widget-text-editor\" data-id=\"35b73f1d\" data-element_type=\"widget\" data-e-type=\"widget\" data-widget_type=\"text-editor.default\">\n\t\t\t\t<div class=\"elementor-widget-container\">\n\t\t\t\t\t\t\t\t\t<div class=\"et_pb_column et_pb_column_4_4 et_pb_column_20 et_pb_css_mix_blend_mode_passthrough et-last-child\"><div class=\"et_pb_module et_pb_text et_pb_text_11 et_pb_bg_layout_light et_pb_text_align_left\"><div class=\"et_pb_text_inner\"><p>Zebu prefer\u0103 regiunile tropicale \u0219i subtropicale, fiind adaptat la habitate variate, inclusiv savane, p\u0103\u0219uni \u0219i zone semi-aride. Este adesea crescut \u00een medii unde alte rase de vite nu pot supravie\u021bui din cauza condi\u021biilor climatice extreme.<\/p><\/div><\/div><\/div>\t\t\t\t\t\t\t\t<\/div>\n\t\t\t\t<\/div>\n\t\t\t\t\t<\/div>\n\t\t\t\t<\/div>\n\t\t<div class=\"elementor-element elementor-element-77a9de61 e-grid e-con-boxed e-con e-parent\" data-id=\"77a9de61\" data-element_type=\"container\" data-e-type=\"container\">\n\t\t\t\t\t<div class=\"e-con-inner\">\n\t\t<div class=\"elementor-element elementor-element-258795ac e-con-full animated-slow e-flex elementor-invisible e-con e-child\" data-id=\"258795ac\" data-element_type=\"container\" data-e-type=\"container\" data-settings=\"{&quot;animation&quot;:&quot;fadeInLeft&quot;}\">\n\t\t\t\t<div class=\"elementor-element elementor-element-41ae3c0e elementor-widget elementor-widget-heading\" data-id=\"41ae3c0e\" data-element_type=\"widget\" data-e-type=\"widget\" data-widget_type=\"heading.default\">\n\t\t\t\t<div class=\"elementor-widget-container\">\n\t\t\t\t\t<h1 class=\"elementor-heading-title elementor-size-default\">Hran\u0103:<\/h1>\t\t\t\t<\/div>\n\t\t\t\t<\/div>\n\t\t\t\t<div class=\"elementor-element elementor-element-207de9a2 elementor-widget elementor-widget-text-editor\" data-id=\"207de9a2\" data-element_type=\"widget\" data-e-type=\"widget\" data-widget_type=\"text-editor.default\">\n\t\t\t\t<div class=\"elementor-widget-container\">\n\t\t\t\t\t\t\t\t\t<div class=\"et_pb_module et_pb_text et_pb_text_7 et_pb_bg_layout_light et_pb_text_align_left\"><div class=\"et_pb_text_inner\"><p>Zebu este erbivor, hr\u0103nindu-se cu iarb\u0103, frunze \u0219i alte materiale vegetale. Este capabil s\u0103 supravie\u021buiasc\u0103 cu o diet\u0103 s\u0103rac\u0103 \u00een nutrien\u021bi, consum\u00e2nd plante fibroase care sunt inaccesibile altor bovine.<\/p><p>\u00cen captivitate sau \u00een ferme, zebu este hr\u0103nit cu f\u00e2n, iarb\u0103 proasp\u0103t\u0103, cereale \u0219i suplimente minerale.<\/p><\/div><\/div>\t\t\t\t\t\t\t\t<\/div>\n\t\t\t\t<\/div>\n\t\t\t\t<\/div>\n\t\t<div class=\"elementor-element elementor-element-314fff13 e-con-full animated-slow e-flex elementor-invisible e-con e-child\" data-id=\"314fff13\" data-element_type=\"container\" data-e-type=\"container\" data-settings=\"{&quot;animation&quot;:&quot;fadeInRight&quot;}\">\n\t\t\t\t<div class=\"elementor-element elementor-element-7f8c7686 elementor-widget elementor-widget-heading\" data-id=\"7f8c7686\" data-element_type=\"widget\" data-e-type=\"widget\" data-widget_type=\"heading.default\">\n\t\t\t\t<div class=\"elementor-widget-container\">\n\t\t\t\t\t<h1 class=\"elementor-heading-title elementor-size-default\">Conservare:<\/h1>\t\t\t\t<\/div>\n\t\t\t\t<\/div>\n\t\t\t\t<div class=\"elementor-element elementor-element-79a5f338 elementor-widget elementor-widget-text-editor\" data-id=\"79a5f338\" data-element_type=\"widget\" data-e-type=\"widget\" data-widget_type=\"text-editor.default\">\n\t\t\t\t<div class=\"elementor-widget-container\">\n\t\t\t\t\t\t\t\t\t<p>Zebu nu este o specie amenin\u021bat\u0103, fiind crescut pe scar\u0103 larg\u0103 \u00een regiunile tropicale \u0219i subtropicale. Totu\u0219i, \u00een unele zone, cre\u0219terea excesiv\u0103 a efectivelor de zebu poate duce la degradarea habitatelor naturale.<\/p><p>Conservarea se concentreaz\u0103 pe gestionarea durabil\u0103 a efectivelor \u0219i pe men\u021binerea diversit\u0103\u021bii genetice \u00een cadrul raselor locale.<\/p>\t\t\t\t\t\t\t\t<\/div>\n\t\t\t\t<\/div>\n\t\t\t\t<\/div>\n\t\t\t\t\t<\/div>\n\t\t\t\t<\/div>\n\t\t\t\t<\/div>","protected":false},"excerpt":{"rendered":"<p>Zebu Nume \u0219tiin\u021bific: Bos taurus indicusClasa: MammaliaOrdin: ArtiodactylaFamilie: BovidaeGen: BosSpecie: Bos taurusSubspecie: Bos taurus indicus (Zebu) Distribu\u021bie:Originar din Asia de Sud, \u00een special India. Ast\u0103zi este r\u0103sp\u00e2ndit \u00een regiunile tropicale \u0219i subtropicale ale Africii, Asiei, Americii de Sud \u0219i \u00een Insulele Caraibe, datorit\u0103 rezisten\u021bei sale la clim\u0103 cald\u0103 \u0219i umed\u0103. Dimensiuni:\u2013 Lungime corporal\u0103: 150\u2013200 cm\u2013 &hellip; <a href=\"https:\/\/bucurestizoo.ro\/en\/zebu\/\" class=\"more-link\">Continue reading <span class=\"screen-reader-text\">Zebu<\/span><\/a><\/p>","protected":false},"author":1,"featured_media":0,"parent":0,"menu_order":0,"comment_status":"closed","ping_status":"closed","template":"","meta":{"_monsterinsights_skip_tracking":false,"_monsterinsights_sitenote_active":false,"_monsterinsights_sitenote_note":"","_monsterinsights_sitenote_category":0,"footnotes":""},"class_list":["post-11802","page","type-page","status-publish","hentry"],"aioseo_notices":[],"_links":{"self":[{"href":"https:\/\/bucurestizoo.ro\/en\/wp-json\/wp\/v2\/pages\/11802","targetHints":{"allow":["GET"]}}],"collection":[{"href":"https:\/\/bucurestizoo.ro\/en\/wp-json\/wp\/v2\/pages"}],"about":[{"href":"https:\/\/bucurestizoo.ro\/en\/wp-json\/wp\/v2\/types\/page"}],"author":[{"embeddable":true,"href":"https:\/\/bucurestizoo.ro\/en\/wp-json\/wp\/v2\/users\/1"}],"replies":[{"embeddable":true,"href":"https:\/\/bucurestizoo.ro\/en\/wp-json\/wp\/v2\/comments?post=11802"}],"version-history":[{"count":7,"href":"https:\/\/bucurestizoo.ro\/en\/wp-json\/wp\/v2\/pages\/11802\/revisions"}],"predecessor-version":[{"id":15113,"href":"https:\/\/bucurestizoo.ro\/en\/wp-json\/wp\/v2\/pages\/11802\/revisions\/15113"}],"wp:attachment":[{"href":"https:\/\/bucurestizoo.ro\/en\/wp-json\/wp\/v2\/media?parent=11802"}],"curies":[{"name":"wp","href":"https:\/\/api.w.org\/{rel}","templated":true}]}}