{"id":11800,"date":"2024-12-09T13:01:13","date_gmt":"2024-12-09T11:01:13","guid":{"rendered":"https:\/\/n1.bucurestizoo.ro\/?page_id=11800"},"modified":"2025-04-07T18:05:29","modified_gmt":"2025-04-07T16:05:29","slug":"zebra","status":"publish","type":"page","link":"https:\/\/bucurestizoo.ro\/en\/zebra\/","title":{"rendered":"Zebr\u0103"},"content":{"rendered":"<div data-elementor-type=\"wp-page\" data-elementor-id=\"11800\" class=\"elementor elementor-11800\" data-elementor-post-type=\"page\">\n\t\t\t\t<div class=\"elementor-element elementor-element-7f3a70d9 e-flex e-con-boxed e-con e-parent\" data-id=\"7f3a70d9\" data-element_type=\"container\" data-e-type=\"container\" data-settings=\"{&quot;background_background&quot;:&quot;classic&quot;}\">\n\t\t\t\t\t<div class=\"e-con-inner\">\n\t\t<div class=\"elementor-element elementor-element-f55e938 e-con-full e-flex e-con e-child\" data-id=\"f55e938\" data-element_type=\"container\" data-e-type=\"container\">\n\t\t<div class=\"elementor-element elementor-element-49137937 e-con-full animated-slow e-flex elementor-invisible e-con e-child\" data-id=\"49137937\" data-element_type=\"container\" data-e-type=\"container\" data-settings=\"{&quot;animation&quot;:&quot;fadeInLeft&quot;}\">\n\t\t\t\t<div class=\"elementor-element elementor-element-3af1e454 elementor-widget elementor-widget-heading\" data-id=\"3af1e454\" data-element_type=\"widget\" data-e-type=\"widget\" data-widget_type=\"heading.default\">\n\t\t\t\t<div class=\"elementor-widget-container\">\n\t\t\t\t\t<h1 class=\"elementor-heading-title elementor-size-default\">Zebr\u0103<\/h1>\t\t\t\t<\/div>\n\t\t\t\t<\/div>\n\t\t\t\t<div class=\"elementor-element elementor-element-4ce6df48 elementor-widget elementor-widget-text-editor\" data-id=\"4ce6df48\" data-element_type=\"widget\" data-e-type=\"widget\" data-widget_type=\"text-editor.default\">\n\t\t\t\t<div class=\"elementor-widget-container\">\n\t\t\t\t\t\t\t\t\t<p class=\"\" data-start=\"0\" data-end=\"247\"><strong data-start=\"0\" data-end=\"20\">Nume \u0219tiin\u021bific:<\/strong> <em data-start=\"21\" data-end=\"28\">Equus<\/em> <br data-start=\"153\" data-end=\"156\" \/><strong data-start=\"156\" data-end=\"166\" data-is-only-node=\"\">Clasa:<\/strong> Mammalia<br data-start=\"175\" data-end=\"178\" \/><strong data-start=\"178\" data-end=\"188\">Ordin:<\/strong> Perissodactyla<br data-start=\"203\" data-end=\"206\" \/><strong data-start=\"206\" data-end=\"218\">Familie:<\/strong> Equidae<br data-start=\"226\" data-end=\"229\" \/><strong data-start=\"229\" data-end=\"237\">Gen:<\/strong> <em data-start=\"238\" data-end=\"245\">Equus<\/em><\/p><p class=\"\" data-start=\"249\" data-end=\"386\"><strong data-start=\"249\" data-end=\"265\">Distribu\u021bie:<\/strong><br data-start=\"265\" data-end=\"268\" \/>Africa \u2013 \u00een special regiunile de <strong data-start=\"301\" data-end=\"311\">savan\u0103<\/strong>, <strong data-start=\"313\" data-end=\"332\">c\u00e2mpii ierboase<\/strong> \u0219i <strong data-start=\"336\" data-end=\"350\">zone aride<\/strong> din sudul \u0219i estul continentului.<\/p><p class=\"\" data-start=\"388\" data-end=\"471\"><strong data-start=\"388\" data-end=\"403\">Dimensiuni:<\/strong><br data-start=\"403\" data-end=\"406\" \/>\u2013 Lungime corporal\u0103: 2\u20132,6 m<br data-start=\"434\" data-end=\"437\" \/>\u2013 \u00cen\u0103l\u021bime la greab\u0103n: 1,1\u20131,5 m<\/p><p class=\"\" data-start=\"473\" data-end=\"522\"><strong data-start=\"473\" data-end=\"486\">Greutate:<\/strong> 200\u2013450 kg (\u00een func\u021bie de specie)<\/p><p class=\"\" data-start=\"524\" data-end=\"592\"><strong data-start=\"524\" data-end=\"545\">Durata gesta\u021biei:<\/strong> 12\u201314 luni<br data-start=\"556\" data-end=\"559\" \/><strong data-start=\"559\" data-end=\"584\">Num\u0103r pui la na\u0219tere:<\/strong> 1 pui<\/p><p class=\"\" data-start=\"594\" data-end=\"683\"><strong data-start=\"594\" data-end=\"616\">Speran\u021ba de via\u021b\u0103:<\/strong><br data-start=\"616\" data-end=\"619\" \/>\u2013 20\u201330 ani \u00een s\u0103lb\u0103ticie<br data-start=\"644\" data-end=\"647\" \/>\u2013 P\u00e2n\u0103 la 40 de ani \u00een captivitate<\/p><p class=\"\" data-start=\"685\" data-end=\"867\">\u00a0<\/p>\t\t\t\t\t\t\t\t<\/div>\n\t\t\t\t<\/div>\n\t\t\t\t<\/div>\n\t\t\t\t<div class=\"elementor-element elementor-element-10d32905 elementor-widget-tablet__width-inherit animated-slow elementor-invisible elementor-widget elementor-widget-image\" data-id=\"10d32905\" data-element_type=\"widget\" data-e-type=\"widget\" data-settings=\"{&quot;_animation&quot;:&quot;fadeInRight&quot;}\" data-widget_type=\"image.default\">\n\t\t\t\t<div class=\"elementor-widget-container\">\n\t\t\t\t\t\t\t\t\t\t\t\t\t\t\t<img fetchpriority=\"high\" decoding=\"async\" width=\"847\" height=\"565\" src=\"https:\/\/bucurestizoo.ro\/wp-content\/uploads\/2025\/04\/zebra-dt-1024x683.jpg\" class=\"attachment-large size-large wp-image-15308\" alt=\"\" srcset=\"https:\/\/bucurestizoo.ro\/wp-content\/uploads\/2025\/04\/zebra-dt-1024x683.jpg 1024w, https:\/\/bucurestizoo.ro\/wp-content\/uploads\/2025\/04\/zebra-dt-300x200.jpg 300w, https:\/\/bucurestizoo.ro\/wp-content\/uploads\/2025\/04\/zebra-dt-768x512.jpg 768w, https:\/\/bucurestizoo.ro\/wp-content\/uploads\/2025\/04\/zebra-dt-1536x1024.jpg 1536w, https:\/\/bucurestizoo.ro\/wp-content\/uploads\/2025\/04\/zebra-dt-2048x1365.jpg 2048w, https:\/\/bucurestizoo.ro\/wp-content\/uploads\/2025\/04\/zebra-dt-450x300.jpg 450w, https:\/\/bucurestizoo.ro\/wp-content\/uploads\/2025\/04\/zebra-dt-650x433.jpg 650w\" sizes=\"(max-width: 847px) 100vw, 847px\" data-id=\"15308\" \/>\t\t\t\t\t\t\t\t\t\t\t\t\t\t\t<\/div>\n\t\t\t\t<\/div>\n\t\t\t\t<\/div>\n\t\t\t\t\t<\/div>\n\t\t\t\t<\/div>\n\t\t<div class=\"elementor-element elementor-element-31346cb1 animated-slow e-flex e-con-boxed elementor-invisible e-con e-parent\" data-id=\"31346cb1\" data-element_type=\"container\" data-e-type=\"container\" data-settings=\"{&quot;animation&quot;:&quot;fadeInLeft&quot;}\">\n\t\t\t\t\t<div class=\"e-con-inner\">\n\t\t\t\t<div class=\"elementor-element elementor-element-56c74822 elementor-widget elementor-widget-heading\" data-id=\"56c74822\" data-element_type=\"widget\" data-e-type=\"widget\" data-widget_type=\"heading.default\">\n\t\t\t\t<div class=\"elementor-widget-container\">\n\t\t\t\t\t<h1 class=\"elementor-heading-title elementor-size-default\">General:<\/h1>\t\t\t\t<\/div>\n\t\t\t\t<\/div>\n\t\t\t\t<div class=\"elementor-element elementor-element-1dc58f7f elementor-widget elementor-widget-text-editor\" data-id=\"1dc58f7f\" data-element_type=\"widget\" data-e-type=\"widget\" data-widget_type=\"text-editor.default\">\n\t\t\t\t<div class=\"elementor-widget-container\">\n\t\t\t\t\t\t\t\t\t<p>Zebra este un mamifer erbivor, recunoscut pentru blana sa cu dungi negre \u0219i albe, fiecare individ av\u00e2nd un model unic. Dungile ofer\u0103 un camuflaj natural, ajut\u00e2nd la derutarea pr\u0103d\u0103torilor \u0219i la termoreglare.<\/p><p>Zebrele sunt animale sociale, tr\u0103ind \u00een grupuri numite haremuri sau turme mai mari, care le ofer\u0103 protec\u021bie \u00eempotriva pr\u0103d\u0103torilor. Sunt cunoscute pentru agilitatea lor \u0219i capacitatea de a fugi rapid, ating\u00e2nd viteze de p\u00e2n\u0103 la 65 km\/h.<\/p>\t\t\t\t\t\t\t\t<\/div>\n\t\t\t\t<\/div>\n\t\t\t\t\t<\/div>\n\t\t\t\t<\/div>\n\t\t<div class=\"elementor-element elementor-element-650f8c3a e-flex e-con-boxed e-con e-parent\" data-id=\"650f8c3a\" data-element_type=\"container\" data-e-type=\"container\">\n\t\t\t\t\t<div class=\"e-con-inner\">\n\t\t\t\t<div class=\"elementor-element elementor-element-75bbd297 elementor-widget elementor-widget-gallery\" data-id=\"75bbd297\" data-element_type=\"widget\" data-e-type=\"widget\" data-settings=\"{&quot;columns&quot;:1,&quot;lazyload&quot;:&quot;yes&quot;,&quot;gallery_layout&quot;:&quot;grid&quot;,&quot;columns_tablet&quot;:2,&quot;columns_mobile&quot;:1,&quot;gap&quot;:{&quot;unit&quot;:&quot;px&quot;,&quot;size&quot;:10,&quot;sizes&quot;:[]},&quot;gap_tablet&quot;:{&quot;unit&quot;:&quot;px&quot;,&quot;size&quot;:10,&quot;sizes&quot;:[]},&quot;gap_mobile&quot;:{&quot;unit&quot;:&quot;px&quot;,&quot;size&quot;:10,&quot;sizes&quot;:[]},&quot;link_to&quot;:&quot;file&quot;,&quot;aspect_ratio&quot;:&quot;3:2&quot;,&quot;overlay_background&quot;:&quot;yes&quot;,&quot;content_hover_animation&quot;:&quot;fade-in&quot;}\" data-widget_type=\"gallery.default\">\n\t\t\t\t<div class=\"elementor-widget-container\">\n\t\t\t\t\t\t\t<div class=\"elementor-gallery__container\">\n\t\t\t\t\t\t\t<a class=\"e-gallery-item elementor-gallery-item elementor-animated-content\" href=\"https:\/\/bucurestizoo.ro\/wp-content\/uploads\/2025\/04\/zebra-dt_2.jpg.jpg\" data-elementor-open-lightbox=\"yes\" data-elementor-lightbox-slideshow=\"75bbd297\" data-elementor-lightbox-title=\"zebra dt_2.jpg\" data-e-action-hash=\"#elementor-action%3Aaction%3Dlightbox%26settings%3DeyJpZCI6MTUzMDcsInVybCI6Imh0dHBzOlwvXC9idWN1cmVzdGl6b28ucm9cL3dwLWNvbnRlbnRcL3VwbG9hZHNcLzIwMjVcLzA0XC96ZWJyYS1kdF8yLmpwZy5qcGciLCJzbGlkZXNob3ciOiI3NWJiZDI5NyJ9\">\n\t\t\t\t\t<div class=\"e-gallery-image elementor-gallery-item__image\" data-thumbnail=\"https:\/\/bucurestizoo.ro\/wp-content\/uploads\/2025\/04\/zebra-dt_2.jpg-1024x683.jpg\" data-width=\"847\" data-height=\"565\" aria-label=\"\" role=\"img\" ><\/div>\n\t\t\t\t\t\t\t\t\t\t\t<div class=\"elementor-gallery-item__overlay\"><\/div>\n\t\t\t\t\t\t\t\t\t\t\t\t\t\t<\/a>\n\t\t\t\t\t<\/div>\n\t\t\t\t\t<\/div>\n\t\t\t\t<\/div>\n\t\t\t\t\t<\/div>\n\t\t\t\t<\/div>\n\t\t<div class=\"elementor-element elementor-element-a16483c animated-slow e-flex e-con-boxed elementor-invisible e-con e-parent\" data-id=\"a16483c\" data-element_type=\"container\" data-e-type=\"container\" data-settings=\"{&quot;animation&quot;:&quot;fadeInRight&quot;}\">\n\t\t\t\t\t<div class=\"e-con-inner\">\n\t\t\t\t<div class=\"elementor-element elementor-element-3be66c91 elementor-widget elementor-widget-heading\" data-id=\"3be66c91\" data-element_type=\"widget\" data-e-type=\"widget\" data-widget_type=\"heading.default\">\n\t\t\t\t<div class=\"elementor-widget-container\">\n\t\t\t\t\t<h1 class=\"elementor-heading-title elementor-size-default\">Habitat:<\/h1>\t\t\t\t<\/div>\n\t\t\t\t<\/div>\n\t\t\t\t<div class=\"elementor-element elementor-element-c17f548 elementor-widget elementor-widget-text-editor\" data-id=\"c17f548\" data-element_type=\"widget\" data-e-type=\"widget\" data-widget_type=\"text-editor.default\">\n\t\t\t\t<div class=\"elementor-widget-container\">\n\t\t\t\t\t\t\t\t\t<div class=\"et_pb_column et_pb_column_4_4 et_pb_column_20 et_pb_css_mix_blend_mode_passthrough et-last-child\"><div class=\"et_pb_module et_pb_text et_pb_text_11 et_pb_bg_layout_light et_pb_text_align_left\"><div class=\"et_pb_text_inner\"><p>Zebrele tr\u0103iesc \u00een habitate variate, de la savane \u0219i c\u00e2mpii ierboase p\u00e2n\u0103 la zone montane \u0219i aride. Prefer\u0103 regiunile deschise, unde pot detecta mai u\u0219or pr\u0103d\u0103torii \u0219i au acces la iarb\u0103 proasp\u0103t\u0103 \u0219i ap\u0103. <\/p><\/div><\/div><\/div>\t\t\t\t\t\t\t\t<\/div>\n\t\t\t\t<\/div>\n\t\t\t\t\t<\/div>\n\t\t\t\t<\/div>\n\t\t<div class=\"elementor-element elementor-element-601409c1 e-grid e-con-boxed e-con e-parent\" data-id=\"601409c1\" data-element_type=\"container\" data-e-type=\"container\">\n\t\t\t\t\t<div class=\"e-con-inner\">\n\t\t<div class=\"elementor-element elementor-element-645e3355 e-con-full animated-slow e-flex elementor-invisible e-con e-child\" data-id=\"645e3355\" data-element_type=\"container\" data-e-type=\"container\" data-settings=\"{&quot;animation&quot;:&quot;fadeInLeft&quot;}\">\n\t\t\t\t<div class=\"elementor-element elementor-element-6d5b2822 elementor-widget elementor-widget-heading\" data-id=\"6d5b2822\" data-element_type=\"widget\" data-e-type=\"widget\" data-widget_type=\"heading.default\">\n\t\t\t\t<div class=\"elementor-widget-container\">\n\t\t\t\t\t<h1 class=\"elementor-heading-title elementor-size-default\">Hran\u0103:<\/h1>\t\t\t\t<\/div>\n\t\t\t\t<\/div>\n\t\t\t\t<div class=\"elementor-element elementor-element-413e275b elementor-widget elementor-widget-text-editor\" data-id=\"413e275b\" data-element_type=\"widget\" data-e-type=\"widget\" data-widget_type=\"text-editor.default\">\n\t\t\t\t<div class=\"elementor-widget-container\">\n\t\t\t\t\t\t\t\t\t<div class=\"et_pb_module et_pb_text et_pb_text_7 et_pb_bg_layout_light et_pb_text_align_left\"><div class=\"et_pb_text_inner\"><p>Zebra este un erbivor exclusiv, hr\u0103nindu-se \u00een principal cu iarb\u0103, dar consum\u00e2nd ocazional \u0219i frunze, scoar\u021b\u0103 sau ramuri \u00een perioadele de secet\u0103. Dieta lor simpl\u0103 le permite s\u0103 supravie\u021buiasc\u0103 \u00een habitate unde alte animale ar \u00eent\u00e2mpina dificult\u0103\u021bi.<\/p><p>\u00cen captivitate, dieta lor const\u0103 din f\u00e2n, iarb\u0103 proasp\u0103t\u0103, legume \u0219i suplimente minerale.<\/p><\/div><\/div>\t\t\t\t\t\t\t\t<\/div>\n\t\t\t\t<\/div>\n\t\t\t\t<\/div>\n\t\t<div class=\"elementor-element elementor-element-21ed09eb e-con-full animated-slow e-flex elementor-invisible e-con e-child\" data-id=\"21ed09eb\" data-element_type=\"container\" data-e-type=\"container\" data-settings=\"{&quot;animation&quot;:&quot;fadeInRight&quot;}\">\n\t\t\t\t<div class=\"elementor-element elementor-element-1e800377 elementor-widget elementor-widget-heading\" data-id=\"1e800377\" data-element_type=\"widget\" data-e-type=\"widget\" data-widget_type=\"heading.default\">\n\t\t\t\t<div class=\"elementor-widget-container\">\n\t\t\t\t\t<h1 class=\"elementor-heading-title elementor-size-default\">Conservare:<\/h1>\t\t\t\t<\/div>\n\t\t\t\t<\/div>\n\t\t\t\t<div class=\"elementor-element elementor-element-6df0a8dc elementor-widget elementor-widget-text-editor\" data-id=\"6df0a8dc\" data-element_type=\"widget\" data-e-type=\"widget\" data-widget_type=\"text-editor.default\">\n\t\t\t\t<div class=\"elementor-widget-container\">\n\t\t\t\t\t\t\t\t\t<p>Starea de conservare a zebrelor variaz\u0103 \u00een func\u021bie de specie. Zebra de c\u00e2mpie (<em>Equus quagga<\/em>) este clasificat\u0103 ca \u201eLeast Concern,\u201d dar popula\u021biile sale sunt \u00een declin din cauza pierderii habitatului \u0219i a v\u00e2n\u0103torii. Zebra de munte (<em>Equus zebra<\/em>) \u0219i zebra lui Grevy (<em>Equus grevyi<\/em>) sunt considerate specii \u201eVulnerabile\u201d \u0219i \u201ePe cale de dispari\u021bie,\u201d cu popula\u021bii reduse.<\/p><p>Eforturile de conservare includ crearea de parcuri na\u021bionale, reducerea conflictelor cu oamenii \u0219i reabilitarea habitatelor naturale.<\/p>\t\t\t\t\t\t\t\t<\/div>\n\t\t\t\t<\/div>\n\t\t\t\t<\/div>\n\t\t\t\t\t<\/div>\n\t\t\t\t<\/div>\n\t\t\t\t<\/div>","protected":false},"excerpt":{"rendered":"<p>Zebr\u0103 Nume \u0219tiin\u021bific: Equus Clasa: MammaliaOrdin: PerissodactylaFamilie: EquidaeGen: Equus Distribu\u021bie:Africa \u2013 \u00een special regiunile de savan\u0103, c\u00e2mpii ierboase \u0219i zone aride din sudul \u0219i estul continentului. Dimensiuni:\u2013 Lungime corporal\u0103: 2\u20132,6 m\u2013 \u00cen\u0103l\u021bime la greab\u0103n: 1,1\u20131,5 m Greutate: 200\u2013450 kg (\u00een func\u021bie de specie) Durata gesta\u021biei: 12\u201314 luniNum\u0103r pui la na\u0219tere: 1 pui Speran\u021ba de via\u021b\u0103:\u2013 &hellip; <a href=\"https:\/\/bucurestizoo.ro\/en\/zebra\/\" class=\"more-link\">Continue reading <span class=\"screen-reader-text\">Zebr\u0103<\/span><\/a><\/p>","protected":false},"author":1,"featured_media":0,"parent":0,"menu_order":0,"comment_status":"closed","ping_status":"closed","template":"","meta":{"_monsterinsights_skip_tracking":false,"_monsterinsights_sitenote_active":false,"_monsterinsights_sitenote_note":"","_monsterinsights_sitenote_category":0,"footnotes":""},"class_list":["post-11800","page","type-page","status-publish","hentry"],"aioseo_notices":[],"_links":{"self":[{"href":"https:\/\/bucurestizoo.ro\/en\/wp-json\/wp\/v2\/pages\/11800","targetHints":{"allow":["GET"]}}],"collection":[{"href":"https:\/\/bucurestizoo.ro\/en\/wp-json\/wp\/v2\/pages"}],"about":[{"href":"https:\/\/bucurestizoo.ro\/en\/wp-json\/wp\/v2\/types\/page"}],"author":[{"embeddable":true,"href":"https:\/\/bucurestizoo.ro\/en\/wp-json\/wp\/v2\/users\/1"}],"replies":[{"embeddable":true,"href":"https:\/\/bucurestizoo.ro\/en\/wp-json\/wp\/v2\/comments?post=11800"}],"version-history":[{"count":7,"href":"https:\/\/bucurestizoo.ro\/en\/wp-json\/wp\/v2\/pages\/11800\/revisions"}],"predecessor-version":[{"id":15352,"href":"https:\/\/bucurestizoo.ro\/en\/wp-json\/wp\/v2\/pages\/11800\/revisions\/15352"}],"wp:attachment":[{"href":"https:\/\/bucurestizoo.ro\/en\/wp-json\/wp\/v2\/media?parent=11800"}],"curies":[{"name":"wp","href":"https:\/\/api.w.org\/{rel}","templated":true}]}}