{"id":11798,"date":"2024-12-09T12:58:57","date_gmt":"2024-12-09T10:58:57","guid":{"rendered":"https:\/\/n1.bucurestizoo.ro\/?page_id=11798"},"modified":"2024-12-11T14:56:45","modified_gmt":"2024-12-11T12:56:45","slug":"urs-brun","status":"publish","type":"page","link":"https:\/\/bucurestizoo.ro\/en\/urs-brun\/","title":{"rendered":"Urs Brun"},"content":{"rendered":"<div data-elementor-type=\"wp-page\" data-elementor-id=\"11798\" class=\"elementor elementor-11798\" data-elementor-post-type=\"page\">\n\t\t\t\t<div class=\"elementor-element elementor-element-3ae97481 e-con-full e-flex e-con e-parent\" data-id=\"3ae97481\" data-element_type=\"container\" data-e-type=\"container\">\n\t\t<div class=\"elementor-element elementor-element-3e45c6a8 e-con-full e-flex e-con e-child\" data-id=\"3e45c6a8\" data-element_type=\"container\" data-e-type=\"container\">\n\t\t\t\t<div class=\"elementor-element elementor-element-211cf28b elementor-widget elementor-widget-heading\" data-id=\"211cf28b\" data-element_type=\"widget\" data-e-type=\"widget\" data-widget_type=\"heading.default\">\n\t\t\t\t<div class=\"elementor-widget-container\">\n\t\t\t\t\t<h1 class=\"elementor-heading-title elementor-size-default\">URS BRUN<\/h1>\t\t\t\t<\/div>\n\t\t\t\t<\/div>\n\t\t\t\t<div class=\"elementor-element elementor-element-50e28c36 elementor-widget elementor-widget-text-editor\" data-id=\"50e28c36\" data-element_type=\"widget\" data-e-type=\"widget\" data-widget_type=\"text-editor.default\">\n\t\t\t\t<div class=\"elementor-widget-container\">\n\t\t\t\t\t\t\t\t\t<p><strong>Nume \u0219tiin\u021bific:<\/strong> <em>Ursus arctos<\/em><\/p><p><strong>Clasa:<\/strong> Mammalia<\/p><p><strong>Ordin:<\/strong> Carnivora<\/p><p><strong>Familie:<\/strong> Ursidae<\/p><p><strong>Gen:<\/strong> <em>Ursus<\/em><\/p><p><strong>Specie:<\/strong> <em>Ursus arctos<\/em><\/p><p><strong>Distribu\u021bie:<\/strong> Europa, Asia \u0219i America de Nord, cu popula\u021bii semnificative \u00een zone montane, p\u0103duri \u0219i tundre.<\/p><p><strong>Dimensiuni:<\/strong> Lungime corporal\u0103: 1,4-2,8 m; \u00een\u0103l\u021bime la greab\u0103n: 90-150 cm<\/p><p><strong>Greutate:<\/strong> Masculi: 180-360 kg (uneori p\u00e2n\u0103 la 600 kg \u00een anumite regiuni); Femele: 90-200 kg<\/p><p><strong>Durata gesta\u021biei:<\/strong> 180-270 zile (inclusiv perioada de laten\u021b\u0103 embrionar\u0103)<\/p><p><strong>Num\u0103r pui la na\u0219tere:<\/strong> 1-4 pui<\/p><p><strong>Speran\u021ba de via\u021b\u0103:<\/strong> 20-30 ani \u00een s\u0103lb\u0103ticie, p\u00e2n\u0103 la 50 de ani \u00een captivitate<\/p>\t\t\t\t\t\t\t\t<\/div>\n\t\t\t\t<\/div>\n\t\t\t\t<\/div>\n\t\t<div class=\"elementor-element elementor-element-2a097142 e-con-full e-flex e-con e-child\" data-id=\"2a097142\" data-element_type=\"container\" data-e-type=\"container\">\n\t\t\t\t<div class=\"elementor-element elementor-element-72d740e6 elementor-widget elementor-widget-image\" data-id=\"72d740e6\" data-element_type=\"widget\" data-e-type=\"widget\" data-widget_type=\"image.default\">\n\t\t\t\t<div class=\"elementor-widget-container\">\n\t\t\t\t\t\t\t\t\t\t\t\t\t\t\t<img fetchpriority=\"high\" decoding=\"async\" width=\"594\" height=\"1024\" src=\"https:\/\/bucurestizoo.ro\/wp-content\/uploads\/2024\/12\/urs-brun-1-594x1024.jpg\" class=\"attachment-large size-large wp-image-12174\" alt=\"\" srcset=\"https:\/\/bucurestizoo.ro\/wp-content\/uploads\/2024\/12\/urs-brun-1-594x1024.jpg 594w, https:\/\/bucurestizoo.ro\/wp-content\/uploads\/2024\/12\/urs-brun-1-174x300.jpg 174w, https:\/\/bucurestizoo.ro\/wp-content\/uploads\/2024\/12\/urs-brun-1-296x510.jpg 296w, https:\/\/bucurestizoo.ro\/wp-content\/uploads\/2024\/12\/urs-brun-1.jpg 743w\" sizes=\"(max-width: 594px) 100vw, 594px\" data-id=\"12174\" \/>\t\t\t\t\t\t\t\t\t\t\t\t\t\t\t<\/div>\n\t\t\t\t<\/div>\n\t\t\t\t<\/div>\n\t\t\t\t<\/div>\n\t\t<div class=\"elementor-element elementor-element-7c15dc8 e-flex e-con-boxed e-con e-parent\" data-id=\"7c15dc8\" data-element_type=\"container\" data-e-type=\"container\">\n\t\t\t\t\t<div class=\"e-con-inner\">\n\t\t<div class=\"elementor-element elementor-element-247e55c e-con-full e-flex e-con e-child\" data-id=\"247e55c\" data-element_type=\"container\" data-e-type=\"container\">\n\t\t\t\t<div class=\"elementor-element elementor-element-1596d222 elementor-widget elementor-widget-image\" data-id=\"1596d222\" data-element_type=\"widget\" data-e-type=\"widget\" data-widget_type=\"image.default\">\n\t\t\t\t<div class=\"elementor-widget-container\">\n\t\t\t\t\t\t\t\t\t\t\t\t\t\t\t<img decoding=\"async\" width=\"847\" height=\"1005\" src=\"https:\/\/bucurestizoo.ro\/wp-content\/uploads\/2024\/12\/urs-brun-2-863x1024.jpg\" class=\"attachment-large size-large wp-image-12175\" alt=\"\" srcset=\"https:\/\/bucurestizoo.ro\/wp-content\/uploads\/2024\/12\/urs-brun-2-863x1024.jpg 863w, https:\/\/bucurestizoo.ro\/wp-content\/uploads\/2024\/12\/urs-brun-2-253x300.jpg 253w, https:\/\/bucurestizoo.ro\/wp-content\/uploads\/2024\/12\/urs-brun-2-768x911.jpg 768w, https:\/\/bucurestizoo.ro\/wp-content\/uploads\/2024\/12\/urs-brun-2-430x510.jpg 430w, https:\/\/bucurestizoo.ro\/wp-content\/uploads\/2024\/12\/urs-brun-2.jpg 1079w\" sizes=\"(max-width: 847px) 100vw, 847px\" data-id=\"12175\" \/>\t\t\t\t\t\t\t\t\t\t\t\t\t\t\t<\/div>\n\t\t\t\t<\/div>\n\t\t\t\t<\/div>\n\t\t<div class=\"elementor-element elementor-element-285ed40b e-con-full e-flex e-con e-child\" data-id=\"285ed40b\" data-element_type=\"container\" data-e-type=\"container\">\n\t\t\t\t<div class=\"elementor-element elementor-element-a06512f elementor-widget elementor-widget-heading\" data-id=\"a06512f\" data-element_type=\"widget\" data-e-type=\"widget\" data-widget_type=\"heading.default\">\n\t\t\t\t<div class=\"elementor-widget-container\">\n\t\t\t\t\t<h2 class=\"elementor-heading-title elementor-size-default\">GENERAL<\/h2>\t\t\t\t<\/div>\n\t\t\t\t<\/div>\n\t\t\t\t<div class=\"elementor-element elementor-element-20e91e7 elementor-widget elementor-widget-text-editor\" data-id=\"20e91e7\" data-element_type=\"widget\" data-e-type=\"widget\" data-widget_type=\"text-editor.default\">\n\t\t\t\t<div class=\"elementor-widget-container\">\n\t\t\t\t\t\t\t\t\t<p>Ursul brun este unul dintre cele mai mari \u0219i mai r\u0103sp\u00e2ndite mamifere carnivore din lume. Blana sa variaz\u0103 \u00een culoare de la maro deschis la aproape negru, \u00een func\u021bie de habitat \u0219i subspecie. Este un animal omnivor, extrem de adaptabil, cu un regim alimentar variat.<\/p><p>Ursul brun este un simbol al s\u0103lb\u0103ticiei \u0219i al for\u021bei. Este cunoscut pentru hibernare, intr\u00e2nd \u00eentr-un somn prelungit \u00een timpul iernii pentru a conserva energia.<\/p>\t\t\t\t\t\t\t\t<\/div>\n\t\t\t\t<\/div>\n\t\t\t\t<\/div>\n\t\t\t\t\t<\/div>\n\t\t\t\t<\/div>\n\t\t<div class=\"elementor-element elementor-element-51ad9f46 e-con-full e-flex e-con e-parent\" data-id=\"51ad9f46\" data-element_type=\"container\" data-e-type=\"container\" data-settings=\"{&quot;background_background&quot;:&quot;classic&quot;}\">\n\t\t<div class=\"elementor-element elementor-element-12fb4acb e-con-full e-flex e-con e-child\" data-id=\"12fb4acb\" data-element_type=\"container\" data-e-type=\"container\">\n\t\t\t\t<div class=\"elementor-element elementor-element-7d3ee2 elementor-widget elementor-widget-heading\" data-id=\"7d3ee2\" data-element_type=\"widget\" data-e-type=\"widget\" data-widget_type=\"heading.default\">\n\t\t\t\t<div class=\"elementor-widget-container\">\n\t\t\t\t\t<h3 class=\"elementor-heading-title elementor-size-default\">HABITAT<\/h3>\t\t\t\t<\/div>\n\t\t\t\t<\/div>\n\t\t\t\t<div class=\"elementor-element elementor-element-1b7e40a3 elementor-widget elementor-widget-text-editor\" data-id=\"1b7e40a3\" data-element_type=\"widget\" data-e-type=\"widget\" data-widget_type=\"text-editor.default\">\n\t\t\t\t<div class=\"elementor-widget-container\">\n\t\t\t\t\t\t\t\t\t<div class=\"et_pb_column et_pb_column_4_4 et_pb_column_20 et_pb_css_mix_blend_mode_passthrough et-last-child\"><div class=\"et_pb_module et_pb_text et_pb_text_11 et_pb_bg_layout_light et_pb_text_align_left\"><div class=\"et_pb_text_inner\"><p>Ursul brun ocup\u0103 o gam\u0103 variat\u0103 de habitate, inclusiv p\u0103duri temperate, tundr\u0103, mun\u021bi \u0219i stepe. Prefer\u0103 zonele izolate, cu vegeta\u021bie dens\u0103, dar poate tr\u0103i \u0219i \u00een apropierea surselor de ap\u0103 \u0219i a regiunilor cu vegeta\u021bie abundent\u0103.<\/p><\/div><\/div><\/div>\t\t\t\t\t\t\t\t<\/div>\n\t\t\t\t<\/div>\n\t\t\t\t<\/div>\n\t\t\t\t<\/div>\n\t\t<div class=\"elementor-element elementor-element-76720f83 e-con-full e-flex e-con e-parent\" data-id=\"76720f83\" data-element_type=\"container\" data-e-type=\"container\" data-settings=\"{&quot;background_background&quot;:&quot;classic&quot;}\">\n\t\t<div class=\"elementor-element elementor-element-7f9042fe e-con-full e-flex e-con e-child\" data-id=\"7f9042fe\" data-element_type=\"container\" data-e-type=\"container\">\n\t\t\t\t<div class=\"elementor-element elementor-element-1af70d4e elementor-widget elementor-widget-heading\" data-id=\"1af70d4e\" data-element_type=\"widget\" data-e-type=\"widget\" data-widget_type=\"heading.default\">\n\t\t\t\t<div class=\"elementor-widget-container\">\n\t\t\t\t\t<h3 class=\"elementor-heading-title elementor-size-default\">HRANA<\/h3>\t\t\t\t<\/div>\n\t\t\t\t<\/div>\n\t\t\t\t<div class=\"elementor-element elementor-element-59a8d6e elementor-widget elementor-widget-text-editor\" data-id=\"59a8d6e\" data-element_type=\"widget\" data-e-type=\"widget\" data-widget_type=\"text-editor.default\">\n\t\t\t\t<div class=\"elementor-widget-container\">\n\t\t\t\t\t\t\t\t\t<div class=\"et_pb_module et_pb_text et_pb_text_7 et_pb_bg_layout_light et_pb_text_align_left\"><div class=\"et_pb_text_inner\"><p>Ursul brun este omnivor, hr\u0103nindu-se cu plante, fructe, r\u0103d\u0103cini, insecte, pe\u0219ti (\u00een special somon), mamifere mici \u0219i, ocazional, hoituri. \u00cen unele regiuni, poate v\u00e2na animale mari precum cerbii sau elanii. \u00cenainte de hibernare, consum\u0103 cantit\u0103\u021bi mari de hran\u0103 pentru a acumula gr\u0103sime.<\/p><p>\u00cen captivitate, dieta sa include fructe, legume, carne \u0219i hran\u0103 special\u0103 pentru ur\u0219i.<\/p><\/div><\/div>\t\t\t\t\t\t\t\t<\/div>\n\t\t\t\t<\/div>\n\t\t\t\t<\/div>\n\t\t<div class=\"elementor-element elementor-element-27adcc4c e-con-full e-flex e-con e-child\" data-id=\"27adcc4c\" data-element_type=\"container\" data-e-type=\"container\">\n\t\t\t\t<div class=\"elementor-element elementor-element-68f1a6d0 elementor-widget elementor-widget-image\" data-id=\"68f1a6d0\" data-element_type=\"widget\" data-e-type=\"widget\" data-widget_type=\"image.default\">\n\t\t\t\t<div class=\"elementor-widget-container\">\n\t\t\t\t\t\t\t\t\t\t\t\t\t\t\t<img decoding=\"async\" width=\"847\" height=\"564\" src=\"https:\/\/bucurestizoo.ro\/wp-content\/uploads\/2024\/12\/urs-brun-3-1024x682.jpg\" class=\"attachment-large size-large wp-image-12176\" alt=\"\" srcset=\"https:\/\/bucurestizoo.ro\/wp-content\/uploads\/2024\/12\/urs-brun-3-1024x682.jpg 1024w, https:\/\/bucurestizoo.ro\/wp-content\/uploads\/2024\/12\/urs-brun-3-300x200.jpg 300w, https:\/\/bucurestizoo.ro\/wp-content\/uploads\/2024\/12\/urs-brun-3-768x512.jpg 768w, https:\/\/bucurestizoo.ro\/wp-content\/uploads\/2024\/12\/urs-brun-3-450x300.jpg 450w, https:\/\/bucurestizoo.ro\/wp-content\/uploads\/2024\/12\/urs-brun-3-650x433.jpg 650w, https:\/\/bucurestizoo.ro\/wp-content\/uploads\/2024\/12\/urs-brun-3.jpg 1280w\" sizes=\"(max-width: 847px) 100vw, 847px\" data-id=\"12176\" \/>\t\t\t\t\t\t\t\t\t\t\t\t\t\t\t<\/div>\n\t\t\t\t<\/div>\n\t\t\t\t<\/div>\n\t\t\t\t<\/div>\n\t\t<div class=\"elementor-element elementor-element-78c83357 e-con-full e-flex e-con e-parent\" data-id=\"78c83357\" data-element_type=\"container\" data-e-type=\"container\" data-settings=\"{&quot;background_background&quot;:&quot;classic&quot;}\">\n\t\t<div class=\"elementor-element elementor-element-4cc1b3a8 e-con-full e-flex e-con e-child\" data-id=\"4cc1b3a8\" data-element_type=\"container\" data-e-type=\"container\">\n\t\t\t\t<div class=\"elementor-element elementor-element-506dec40 elementor-widget elementor-widget-heading\" data-id=\"506dec40\" data-element_type=\"widget\" data-e-type=\"widget\" data-widget_type=\"heading.default\">\n\t\t\t\t<div class=\"elementor-widget-container\">\n\t\t\t\t\t<h3 class=\"elementor-heading-title elementor-size-default\">CONSERVARE<\/h3>\t\t\t\t<\/div>\n\t\t\t\t<\/div>\n\t\t\t\t<div class=\"elementor-element elementor-element-43183316 elementor-widget elementor-widget-text-editor\" data-id=\"43183316\" data-element_type=\"widget\" data-e-type=\"widget\" data-widget_type=\"text-editor.default\">\n\t\t\t\t<div class=\"elementor-widget-container\">\n\t\t\t\t\t\t\t\t\t<p>Ursul brun este clasificat ca \u201eLeast Concern\u201d pe lista ro\u0219ie a IUCN la nivel global, dar popula\u021biile locale sunt amenin\u021bate de pierderea habitatului, braconaj \u0219i conflictele cu oamenii. \u00cen unele regiuni, cum ar fi Europa de Vest, popula\u021biile sunt fragmentate \u0219i monitorizate atent.<\/p><p>Programele de conservare includ crearea \u0219i protejarea parcurilor na\u021bionale, reducerea conflictelor dintre ur\u0219i \u0219i oameni \u0219i reintroducerea ur\u0219ilor \u00een habitatele istorice.<\/p>\t\t\t\t\t\t\t\t<\/div>\n\t\t\t\t<\/div>\n\t\t\t\t<\/div>\n\t\t\t\t<\/div>\n\t\t<div class=\"elementor-element elementor-element-47212444 e-con-full e-flex e-con e-parent\" data-id=\"47212444\" data-element_type=\"container\" data-e-type=\"container\" data-settings=\"{&quot;background_background&quot;:&quot;classic&quot;}\">\n\t\t<div class=\"elementor-element elementor-element-2618cedc e-con-full e-flex e-con e-child\" data-id=\"2618cedc\" data-element_type=\"container\" data-e-type=\"container\">\n\t\t\t\t<div class=\"elementor-element elementor-element-725dedfb elementor-widget elementor-widget-heading\" data-id=\"725dedfb\" data-element_type=\"widget\" data-e-type=\"widget\" data-widget_type=\"heading.default\">\n\t\t\t\t<div class=\"elementor-widget-container\">\n\t\t\t\t\t<h3 class=\"elementor-heading-title elementor-size-default\">\nLA ZOO BUCURE\u0218TI\n<\/h3>\t\t\t\t<\/div>\n\t\t\t\t<\/div>\n\t\t\t\t<div class=\"elementor-element elementor-element-4e9f90cd elementor-widget elementor-widget-text-editor\" data-id=\"4e9f90cd\" data-element_type=\"widget\" data-e-type=\"widget\" data-widget_type=\"text-editor.default\">\n\t\t\t\t<div class=\"elementor-widget-container\">\n\t\t\t\t\t\t\t\t\t<div class=\"et_pb_column et_pb_column_4_4 et_pb_column_20 et_pb_css_mix_blend_mode_passthrough et-last-child\"><div class=\"et_pb_module et_pb_text et_pb_text_11 et_pb_bg_layout_light et_pb_text_align_left\"><div class=\"et_pb_text_inner\"><div class=\"et_pb_column et_pb_column_4_4 et_pb_column_20  et_pb_css_mix_blend_mode_passthrough et-last-child\"><div class=\"et_pb_module et_pb_text et_pb_text_10 et_pb_bg_layout_light  et_pb_text_align_left\"><div class=\"et_pb_text_inner\"><p>La Zoo Bucure\u0219ti pute\u021bi admira un exemplar minunat de urs brun.<\/p><\/div><\/div><\/div><\/div><\/div><\/div>\t\t\t\t\t\t\t\t<\/div>\n\t\t\t\t<\/div>\n\t\t\t\t<\/div>\n\t\t\t\t<\/div>\n\t\t\t\t<\/div>","protected":false},"excerpt":{"rendered":"<p>URS BRUN Nume \u0219tiin\u021bific: Ursus arctos Clasa: Mammalia Ordin: Carnivora Familie: Ursidae Gen: Ursus Specie: Ursus arctos Distribu\u021bie: Europa, Asia \u0219i America de Nord, cu popula\u021bii semnificative \u00een zone montane, p\u0103duri \u0219i tundre. Dimensiuni: Lungime corporal\u0103: 1,4-2,8 m; \u00een\u0103l\u021bime la greab\u0103n: 90-150 cm Greutate: Masculi: 180-360 kg (uneori p\u00e2n\u0103 la 600 kg \u00een anumite regiuni); &hellip; <a href=\"https:\/\/bucurestizoo.ro\/en\/urs-brun\/\" class=\"more-link\">Continue reading <span class=\"screen-reader-text\">Urs Brun<\/span><\/a><\/p>","protected":false},"author":1,"featured_media":0,"parent":0,"menu_order":0,"comment_status":"closed","ping_status":"closed","template":"","meta":{"_monsterinsights_skip_tracking":false,"_monsterinsights_sitenote_active":false,"_monsterinsights_sitenote_note":"","_monsterinsights_sitenote_category":0,"footnotes":""},"class_list":["post-11798","page","type-page","status-publish","hentry"],"aioseo_notices":[],"_links":{"self":[{"href":"https:\/\/bucurestizoo.ro\/en\/wp-json\/wp\/v2\/pages\/11798","targetHints":{"allow":["GET"]}}],"collection":[{"href":"https:\/\/bucurestizoo.ro\/en\/wp-json\/wp\/v2\/pages"}],"about":[{"href":"https:\/\/bucurestizoo.ro\/en\/wp-json\/wp\/v2\/types\/page"}],"author":[{"embeddable":true,"href":"https:\/\/bucurestizoo.ro\/en\/wp-json\/wp\/v2\/users\/1"}],"replies":[{"embeddable":true,"href":"https:\/\/bucurestizoo.ro\/en\/wp-json\/wp\/v2\/comments?post=11798"}],"version-history":[{"count":4,"href":"https:\/\/bucurestizoo.ro\/en\/wp-json\/wp\/v2\/pages\/11798\/revisions"}],"predecessor-version":[{"id":12179,"href":"https:\/\/bucurestizoo.ro\/en\/wp-json\/wp\/v2\/pages\/11798\/revisions\/12179"}],"wp:attachment":[{"href":"https:\/\/bucurestizoo.ro\/en\/wp-json\/wp\/v2\/media?parent=11798"}],"curies":[{"name":"wp","href":"https:\/\/api.w.org\/{rel}","templated":true}]}}