{"id":11796,"date":"2024-12-09T12:58:23","date_gmt":"2024-12-09T10:58:23","guid":{"rendered":"https:\/\/n1.bucurestizoo.ro\/?page_id=11796"},"modified":"2025-04-07T18:16:14","modified_gmt":"2025-04-07T16:16:14","slug":"tigru-siberian","status":"publish","type":"page","link":"https:\/\/bucurestizoo.ro\/en\/tigru-siberian\/","title":{"rendered":"Tigru Siberian"},"content":{"rendered":"<div data-elementor-type=\"wp-page\" data-elementor-id=\"11796\" class=\"elementor elementor-11796\" data-elementor-post-type=\"page\">\n\t\t\t\t<div class=\"elementor-element elementor-element-1ef58ecd e-flex e-con-boxed e-con e-parent\" data-id=\"1ef58ecd\" data-element_type=\"container\" data-e-type=\"container\" data-settings=\"{&quot;background_background&quot;:&quot;classic&quot;}\">\n\t\t\t\t\t<div class=\"e-con-inner\">\n\t\t<div class=\"elementor-element elementor-element-500232d2 e-con-full e-flex e-con e-child\" data-id=\"500232d2\" data-element_type=\"container\" data-e-type=\"container\">\n\t\t<div class=\"elementor-element elementor-element-30a96e8 e-con-full animated-slow e-flex elementor-invisible e-con e-child\" data-id=\"30a96e8\" data-element_type=\"container\" data-e-type=\"container\" data-settings=\"{&quot;animation&quot;:&quot;fadeInLeft&quot;}\">\n\t\t\t\t<div class=\"elementor-element elementor-element-77409607 elementor-widget elementor-widget-heading\" data-id=\"77409607\" data-element_type=\"widget\" data-e-type=\"widget\" data-widget_type=\"heading.default\">\n\t\t\t\t<div class=\"elementor-widget-container\">\n\t\t\t\t\t<h1 class=\"elementor-heading-title elementor-size-default\">Tigru Siberian<\/h1>\t\t\t\t<\/div>\n\t\t\t\t<\/div>\n\t\t\t\t<div class=\"elementor-element elementor-element-c5f9226 elementor-widget elementor-widget-text-editor\" data-id=\"c5f9226\" data-element_type=\"widget\" data-e-type=\"widget\" data-widget_type=\"text-editor.default\">\n\t\t\t\t<div class=\"elementor-widget-container\">\n\t\t\t\t\t\t\t\t\t<p><strong>Nume \u0219tiin\u021bific:<\/strong> <em>Panthera tigris altaica<\/em><br \/><strong>Clasa:<\/strong> Mammalia<br \/><strong>Ordin:<\/strong> Carnivora<br \/><strong>Familie:<\/strong> Felidae<br \/><strong>Gen:<\/strong> <em>Panthera<\/em><br \/><strong>Specie:<\/strong> <em>Panthera tigris<\/em><br \/><strong>Subspecie:<\/strong> <em>Panthera tigris altaica<\/em> (Tigru siberian sau tigru de Amur)<br \/><strong>Distribu\u021bie:<\/strong> Estul Rusiei (regiunea Amur \u0219i Primorie), nord-estul Chinei \u0219i, ocazional, nordul Coreei de Nord.<br \/><strong>Dimensiuni:<\/strong> Lungime corporal\u0103: 2,7\u20133,3 m (inclusiv coada); \u00een\u0103l\u021bime la greab\u0103n: 90\u2013110 cm<br \/><strong>Greutate:<\/strong> Masculi: 180\u2013306 kg; Femele: 100\u2013167 kg<br \/><strong>Durata gesta\u021biei:<\/strong> 93\u2013112 zile<br \/><strong>Num\u0103r pui la na\u0219tere:<\/strong> 2\u20134 pui<br \/><strong>Speran\u021ba de via\u021b\u0103:<\/strong> 10\u201315 ani \u00een s\u0103lb\u0103ticie, p\u00e2n\u0103 la 25 de ani \u00een captivitate<\/p>\t\t\t\t\t\t\t\t<\/div>\n\t\t\t\t<\/div>\n\t\t\t\t<\/div>\n\t\t\t\t<div class=\"elementor-element elementor-element-5207d316 elementor-widget-tablet__width-inherit animated-slow elementor-invisible elementor-widget elementor-widget-image\" data-id=\"5207d316\" data-element_type=\"widget\" data-e-type=\"widget\" data-settings=\"{&quot;_animation&quot;:&quot;fadeInRight&quot;}\" data-widget_type=\"image.default\">\n\t\t\t\t<div class=\"elementor-widget-container\">\n\t\t\t\t\t\t\t\t\t\t\t\t\t\t\t<img fetchpriority=\"high\" decoding=\"async\" width=\"748\" height=\"1024\" src=\"https:\/\/bucurestizoo.ro\/wp-content\/uploads\/2024\/12\/tigru-siberian-1-748x1024.jpg\" class=\"attachment-large size-large wp-image-12167\" alt=\"\" srcset=\"https:\/\/bucurestizoo.ro\/wp-content\/uploads\/2024\/12\/tigru-siberian-1-748x1024.jpg 748w, https:\/\/bucurestizoo.ro\/wp-content\/uploads\/2024\/12\/tigru-siberian-1-219x300.jpg 219w, https:\/\/bucurestizoo.ro\/wp-content\/uploads\/2024\/12\/tigru-siberian-1-768x1051.jpg 768w, https:\/\/bucurestizoo.ro\/wp-content\/uploads\/2024\/12\/tigru-siberian-1-373x510.jpg 373w, https:\/\/bucurestizoo.ro\/wp-content\/uploads\/2024\/12\/tigru-siberian-1.jpg 935w\" sizes=\"(max-width: 748px) 100vw, 748px\" data-id=\"12167\" \/>\t\t\t\t\t\t\t\t\t\t\t\t\t\t\t<\/div>\n\t\t\t\t<\/div>\n\t\t\t\t<\/div>\n\t\t\t\t\t<\/div>\n\t\t\t\t<\/div>\n\t\t<div class=\"elementor-element elementor-element-15b7c3c5 animated-slow e-flex e-con-boxed elementor-invisible e-con e-parent\" data-id=\"15b7c3c5\" data-element_type=\"container\" data-e-type=\"container\" data-settings=\"{&quot;animation&quot;:&quot;fadeInLeft&quot;}\">\n\t\t\t\t\t<div class=\"e-con-inner\">\n\t\t\t\t<div class=\"elementor-element elementor-element-16e9ff2a elementor-widget elementor-widget-heading\" data-id=\"16e9ff2a\" data-element_type=\"widget\" data-e-type=\"widget\" data-widget_type=\"heading.default\">\n\t\t\t\t<div class=\"elementor-widget-container\">\n\t\t\t\t\t<h1 class=\"elementor-heading-title elementor-size-default\">General:<\/h1>\t\t\t\t<\/div>\n\t\t\t\t<\/div>\n\t\t\t\t<div class=\"elementor-element elementor-element-5ad9c794 elementor-widget elementor-widget-text-editor\" data-id=\"5ad9c794\" data-element_type=\"widget\" data-e-type=\"widget\" data-widget_type=\"text-editor.default\">\n\t\t\t\t<div class=\"elementor-widget-container\">\n\t\t\t\t\t\t\t\t\t<p>Tigrul siberian, cunoscut \u0219i sub numele de tigru de Amur, este cea mai mare subspecie de tigru \u0219i una dintre cele mai mari feline din lume. Este recunoscut pentru blana sa groas\u0103, portocalie-deschis\u0103, cu dungi negre largi \u0219i un strat sub\u021bire albicios pe partea ventral\u0103, adaptat pentru regiunile cu temperaturi extreme.<\/p><p>Aceast\u0103 subspecie este un simbol al rezisten\u021bei \u0219i for\u021bei \u00een s\u0103lb\u0103ticie. Este un pr\u0103d\u0103tor solitar, extrem de teritorial, capabil s\u0103 parcurg\u0103 distan\u021be mari pentru a g\u0103si hran\u0103.<\/p>\t\t\t\t\t\t\t\t<\/div>\n\t\t\t\t<\/div>\n\t\t\t\t\t<\/div>\n\t\t\t\t<\/div>\n\t\t<div class=\"elementor-element elementor-element-1d418d67 e-flex e-con-boxed e-con e-parent\" data-id=\"1d418d67\" data-element_type=\"container\" data-e-type=\"container\">\n\t\t\t\t\t<div class=\"e-con-inner\">\n\t\t\t\t<div class=\"elementor-element elementor-element-47e152b6 elementor-widget elementor-widget-gallery\" data-id=\"47e152b6\" data-element_type=\"widget\" data-e-type=\"widget\" data-settings=\"{&quot;columns&quot;:2,&quot;lazyload&quot;:&quot;yes&quot;,&quot;gallery_layout&quot;:&quot;grid&quot;,&quot;columns_tablet&quot;:2,&quot;columns_mobile&quot;:1,&quot;gap&quot;:{&quot;unit&quot;:&quot;px&quot;,&quot;size&quot;:10,&quot;sizes&quot;:[]},&quot;gap_tablet&quot;:{&quot;unit&quot;:&quot;px&quot;,&quot;size&quot;:10,&quot;sizes&quot;:[]},&quot;gap_mobile&quot;:{&quot;unit&quot;:&quot;px&quot;,&quot;size&quot;:10,&quot;sizes&quot;:[]},&quot;link_to&quot;:&quot;file&quot;,&quot;aspect_ratio&quot;:&quot;3:2&quot;,&quot;overlay_background&quot;:&quot;yes&quot;,&quot;content_hover_animation&quot;:&quot;fade-in&quot;}\" data-widget_type=\"gallery.default\">\n\t\t\t\t<div class=\"elementor-widget-container\">\n\t\t\t\t\t\t\t<div class=\"elementor-gallery__container\">\n\t\t\t\t\t\t\t<a class=\"e-gallery-item elementor-gallery-item elementor-animated-content\" href=\"https:\/\/bucurestizoo.ro\/wp-content\/uploads\/2024\/12\/tigru-siberian-2.jpg\" data-elementor-open-lightbox=\"yes\" data-elementor-lightbox-slideshow=\"47e152b6\" data-elementor-lightbox-title=\"tigru siberian 2\" data-e-action-hash=\"#elementor-action%3Aaction%3Dlightbox%26settings%3DeyJpZCI6MTIxNjgsInVybCI6Imh0dHBzOlwvXC9idWN1cmVzdGl6b28ucm9cL3dwLWNvbnRlbnRcL3VwbG9hZHNcLzIwMjRcLzEyXC90aWdydS1zaWJlcmlhbi0yLmpwZyIsInNsaWRlc2hvdyI6IjQ3ZTE1MmI2In0%3D\">\n\t\t\t\t\t<div class=\"e-gallery-image elementor-gallery-item__image\" data-thumbnail=\"https:\/\/bucurestizoo.ro\/wp-content\/uploads\/2024\/12\/tigru-siberian-2-1024x682.jpg\" data-width=\"847\" data-height=\"564\" aria-label=\"\" role=\"img\" ><\/div>\n\t\t\t\t\t\t\t\t\t\t\t<div class=\"elementor-gallery-item__overlay\"><\/div>\n\t\t\t\t\t\t\t\t\t\t\t\t\t\t<\/a>\n\t\t\t\t\t\t\t<a class=\"e-gallery-item elementor-gallery-item elementor-animated-content\" href=\"https:\/\/bucurestizoo.ro\/wp-content\/uploads\/2024\/12\/tigru-siberian.jpg\" data-elementor-open-lightbox=\"yes\" data-elementor-lightbox-slideshow=\"47e152b6\" data-elementor-lightbox-title=\"tigru siberian\" data-e-action-hash=\"#elementor-action%3Aaction%3Dlightbox%26settings%3DeyJpZCI6MTE0OTQsInVybCI6Imh0dHBzOlwvXC9idWN1cmVzdGl6b28ucm9cL3dwLWNvbnRlbnRcL3VwbG9hZHNcLzIwMjRcLzEyXC90aWdydS1zaWJlcmlhbi5qcGciLCJzbGlkZXNob3ciOiI0N2UxNTJiNiJ9\">\n\t\t\t\t\t<div class=\"e-gallery-image elementor-gallery-item__image\" data-thumbnail=\"https:\/\/bucurestizoo.ro\/wp-content\/uploads\/2024\/12\/tigru-siberian.jpg\" data-width=\"640\" data-height=\"427\" aria-label=\"\" role=\"img\" ><\/div>\n\t\t\t\t\t\t\t\t\t\t\t<div class=\"elementor-gallery-item__overlay\"><\/div>\n\t\t\t\t\t\t\t\t\t\t\t\t\t\t<\/a>\n\t\t\t\t\t<\/div>\n\t\t\t\t\t<\/div>\n\t\t\t\t<\/div>\n\t\t\t\t\t<\/div>\n\t\t\t\t<\/div>\n\t\t<div class=\"elementor-element elementor-element-6b80b25e animated-slow e-flex e-con-boxed elementor-invisible e-con e-parent\" data-id=\"6b80b25e\" data-element_type=\"container\" data-e-type=\"container\" data-settings=\"{&quot;animation&quot;:&quot;fadeInRight&quot;}\">\n\t\t\t\t\t<div class=\"e-con-inner\">\n\t\t\t\t<div class=\"elementor-element elementor-element-525baa0e elementor-widget elementor-widget-heading\" data-id=\"525baa0e\" data-element_type=\"widget\" data-e-type=\"widget\" data-widget_type=\"heading.default\">\n\t\t\t\t<div class=\"elementor-widget-container\">\n\t\t\t\t\t<h1 class=\"elementor-heading-title elementor-size-default\">Habitat:<\/h1>\t\t\t\t<\/div>\n\t\t\t\t<\/div>\n\t\t\t\t<div class=\"elementor-element elementor-element-30f46391 elementor-widget elementor-widget-text-editor\" data-id=\"30f46391\" data-element_type=\"widget\" data-e-type=\"widget\" data-widget_type=\"text-editor.default\">\n\t\t\t\t<div class=\"elementor-widget-container\">\n\t\t\t\t\t\t\t\t\t<div class=\"et_pb_column et_pb_column_4_4 et_pb_column_20 et_pb_css_mix_blend_mode_passthrough et-last-child\"><div class=\"et_pb_module et_pb_text et_pb_text_11 et_pb_bg_layout_light et_pb_text_align_left\"><div class=\"et_pb_text_inner\"><p>Tigrul siberian tr\u0103ie\u0219te \u00een p\u0103duri boreale, temperate \u0219i de conifere din estul Asiei, prefer\u00e2nd zonele montane cu densitate mare de vegeta\u021bie. Este adaptat la regiunile reci \u0219i \u00eenz\u0103pezite, av\u00e2nd o blan\u0103 mai dens\u0103 \u0219i o stratificare subcutanat\u0103 care \u00eel protejeaz\u0103 de frig.<\/p><\/div><\/div><\/div>\t\t\t\t\t\t\t\t<\/div>\n\t\t\t\t<\/div>\n\t\t\t\t\t<\/div>\n\t\t\t\t<\/div>\n\t\t<div class=\"elementor-element elementor-element-14468597 e-grid e-con-boxed e-con e-parent\" data-id=\"14468597\" data-element_type=\"container\" data-e-type=\"container\">\n\t\t\t\t\t<div class=\"e-con-inner\">\n\t\t<div class=\"elementor-element elementor-element-38722a7 e-con-full animated-slow e-flex elementor-invisible e-con e-child\" data-id=\"38722a7\" data-element_type=\"container\" data-e-type=\"container\" data-settings=\"{&quot;animation&quot;:&quot;fadeInLeft&quot;}\">\n\t\t\t\t<div class=\"elementor-element elementor-element-1fbc9b9a elementor-widget elementor-widget-heading\" data-id=\"1fbc9b9a\" data-element_type=\"widget\" data-e-type=\"widget\" data-widget_type=\"heading.default\">\n\t\t\t\t<div class=\"elementor-widget-container\">\n\t\t\t\t\t<h1 class=\"elementor-heading-title elementor-size-default\">Hran\u0103:<\/h1>\t\t\t\t<\/div>\n\t\t\t\t<\/div>\n\t\t\t\t<div class=\"elementor-element elementor-element-1ce82f6c elementor-widget elementor-widget-text-editor\" data-id=\"1ce82f6c\" data-element_type=\"widget\" data-e-type=\"widget\" data-widget_type=\"text-editor.default\">\n\t\t\t\t<div class=\"elementor-widget-container\">\n\t\t\t\t\t\t\t\t\t<div class=\"et_pb_module et_pb_text et_pb_text_7 et_pb_bg_layout_light et_pb_text_align_left\"><div class=\"et_pb_text_inner\"><p>Tigrul siberian este un carnivor exclusiv, hr\u0103nindu-se cu mamifere mari, cum ar fi cerbi, mistre\u021bi, elani \u0219i, ocazional, pr\u0103zi mai mici precum iepurii sau p\u0103s\u0103rile. Este un v\u00e2n\u0103tor eficient, folosind tehnici de ambuscad\u0103 pentru a prinde prada.<\/p><p>\u00cen captivitate, dieta sa include carne proasp\u0103t\u0103 (vit\u0103, pui, iepure) \u0219i suplimente nutritive pentru a-i asigura s\u0103n\u0103tatea.<\/p><\/div><\/div>\t\t\t\t\t\t\t\t<\/div>\n\t\t\t\t<\/div>\n\t\t\t\t<\/div>\n\t\t<div class=\"elementor-element elementor-element-21feea34 e-con-full animated-slow e-flex elementor-invisible e-con e-child\" data-id=\"21feea34\" data-element_type=\"container\" data-e-type=\"container\" data-settings=\"{&quot;animation&quot;:&quot;fadeInRight&quot;}\">\n\t\t\t\t<div class=\"elementor-element elementor-element-1d96bbed elementor-widget elementor-widget-heading\" data-id=\"1d96bbed\" data-element_type=\"widget\" data-e-type=\"widget\" data-widget_type=\"heading.default\">\n\t\t\t\t<div class=\"elementor-widget-container\">\n\t\t\t\t\t<h1 class=\"elementor-heading-title elementor-size-default\">Conservare:<\/h1>\t\t\t\t<\/div>\n\t\t\t\t<\/div>\n\t\t\t\t<div class=\"elementor-element elementor-element-5d3f87c5 elementor-widget elementor-widget-text-editor\" data-id=\"5d3f87c5\" data-element_type=\"widget\" data-e-type=\"widget\" data-widget_type=\"text-editor.default\">\n\t\t\t\t<div class=\"elementor-widget-container\">\n\t\t\t\t\t\t\t\t\t<p>Tigrul siberian este clasificat ca \u201eEndangered\u201d pe lista ro\u0219ie a IUCN. Principalele amenin\u021b\u0103ri sunt pierderea habitatului, fragmentarea teritoriilor, braconajul \u0219i sc\u0103derea popula\u021biilor de prad\u0103. \u00cen anii 1940, popula\u021bia a ajuns la mai pu\u021bin de 40 de indivizi, dar eforturile de conservare au dus la cre\u0219terea popula\u021biei la aproximativ 500-600 de indivizi \u00een s\u0103lb\u0103ticie ast\u0103zi.<\/p><p>Programele de conservare includ rezerve naturale, patrule anti-braconaj \u0219i ini\u021biative interna\u021bionale pentru a proteja habitatul \u0219i a reduce comer\u021bul ilegal cu p\u0103r\u021bi de tigru.<\/p>\t\t\t\t\t\t\t\t<\/div>\n\t\t\t\t<\/div>\n\t\t\t\t<\/div>\n\t\t\t\t\t<\/div>\n\t\t\t\t<\/div>\n\t\t\t\t<\/div>","protected":false},"excerpt":{"rendered":"<p>Tigru Siberian Nume \u0219tiin\u021bific: Panthera tigris altaicaClasa: MammaliaOrdin: CarnivoraFamilie: FelidaeGen: PantheraSpecie: Panthera tigrisSubspecie: Panthera tigris altaica (Tigru siberian sau tigru de Amur)Distribu\u021bie: Estul Rusiei (regiunea Amur \u0219i Primorie), nord-estul Chinei \u0219i, ocazional, nordul Coreei de Nord.Dimensiuni: Lungime corporal\u0103: 2,7\u20133,3 m (inclusiv coada); \u00een\u0103l\u021bime la greab\u0103n: 90\u2013110 cmGreutate: Masculi: 180\u2013306 kg; Femele: 100\u2013167 kgDurata gesta\u021biei: 93\u2013112 &hellip; <a href=\"https:\/\/bucurestizoo.ro\/en\/tigru-siberian\/\" class=\"more-link\">Continue reading <span class=\"screen-reader-text\">Tigru Siberian<\/span><\/a><\/p>","protected":false},"author":1,"featured_media":0,"parent":0,"menu_order":0,"comment_status":"closed","ping_status":"closed","template":"","meta":{"_monsterinsights_skip_tracking":false,"_monsterinsights_sitenote_active":false,"_monsterinsights_sitenote_note":"","_monsterinsights_sitenote_category":0,"footnotes":""},"class_list":["post-11796","page","type-page","status-publish","hentry"],"aioseo_notices":[],"_links":{"self":[{"href":"https:\/\/bucurestizoo.ro\/en\/wp-json\/wp\/v2\/pages\/11796","targetHints":{"allow":["GET"]}}],"collection":[{"href":"https:\/\/bucurestizoo.ro\/en\/wp-json\/wp\/v2\/pages"}],"about":[{"href":"https:\/\/bucurestizoo.ro\/en\/wp-json\/wp\/v2\/types\/page"}],"author":[{"embeddable":true,"href":"https:\/\/bucurestizoo.ro\/en\/wp-json\/wp\/v2\/users\/1"}],"replies":[{"embeddable":true,"href":"https:\/\/bucurestizoo.ro\/en\/wp-json\/wp\/v2\/comments?post=11796"}],"version-history":[{"count":7,"href":"https:\/\/bucurestizoo.ro\/en\/wp-json\/wp\/v2\/pages\/11796\/revisions"}],"predecessor-version":[{"id":15368,"href":"https:\/\/bucurestizoo.ro\/en\/wp-json\/wp\/v2\/pages\/11796\/revisions\/15368"}],"wp:attachment":[{"href":"https:\/\/bucurestizoo.ro\/en\/wp-json\/wp\/v2\/media?parent=11796"}],"curies":[{"name":"wp","href":"https:\/\/api.w.org\/{rel}","templated":true}]}}