{"id":11794,"date":"2024-12-09T12:56:42","date_gmt":"2024-12-09T10:56:42","guid":{"rendered":"https:\/\/n1.bucurestizoo.ro\/?page_id=11794"},"modified":"2025-02-19T19:00:22","modified_gmt":"2025-02-19T17:00:22","slug":"tigru-indian","status":"publish","type":"page","link":"https:\/\/bucurestizoo.ro\/en\/tigru-indian\/","title":{"rendered":"Tigru Indian"},"content":{"rendered":"<div data-elementor-type=\"wp-page\" data-elementor-id=\"11794\" class=\"elementor elementor-11794\" data-elementor-post-type=\"page\">\n\t\t\t\t<div class=\"elementor-element elementor-element-35e03661 e-flex e-con-boxed e-con e-parent\" data-id=\"35e03661\" data-element_type=\"container\" data-e-type=\"container\" data-settings=\"{&quot;background_background&quot;:&quot;classic&quot;}\">\n\t\t\t\t\t<div class=\"e-con-inner\">\n\t\t<div class=\"elementor-element elementor-element-3138aff7 e-con-full e-flex e-con e-child\" data-id=\"3138aff7\" data-element_type=\"container\" data-e-type=\"container\">\n\t\t<div class=\"elementor-element elementor-element-72673bc4 e-con-full animated-slow e-flex elementor-invisible e-con e-child\" data-id=\"72673bc4\" data-element_type=\"container\" data-e-type=\"container\" data-settings=\"{&quot;animation&quot;:&quot;fadeInLeft&quot;}\">\n\t\t\t\t<div class=\"elementor-element elementor-element-6b2abfe2 elementor-widget elementor-widget-heading\" data-id=\"6b2abfe2\" data-element_type=\"widget\" data-e-type=\"widget\" data-widget_type=\"heading.default\">\n\t\t\t\t<div class=\"elementor-widget-container\">\n\t\t\t\t\t<h1 class=\"elementor-heading-title elementor-size-default\">Tigrul indian (Bengalez)<\/h1>\t\t\t\t<\/div>\n\t\t\t\t<\/div>\n\t\t\t\t<div class=\"elementor-element elementor-element-8fa05f6 elementor-widget elementor-widget-text-editor\" data-id=\"8fa05f6\" data-element_type=\"widget\" data-e-type=\"widget\" data-widget_type=\"text-editor.default\">\n\t\t\t\t<div class=\"elementor-widget-container\">\n\t\t\t\t\t\t\t\t\t<p><strong data-start=\"0\" data-end=\"25\">Denumire \u0219tiin\u021bific\u0103:<\/strong> Panthera tigris tigris<br data-start=\"48\" data-end=\"51\" \/><strong data-start=\"51\" data-end=\"61\">Ordin:<\/strong> Carnivora<br data-start=\"71\" data-end=\"74\" \/><strong data-start=\"74\" data-end=\"86\">Familie:<\/strong> Felidae<br data-start=\"94\" data-end=\"97\" \/><strong data-start=\"97\" data-end=\"105\">Gen:<\/strong> Panthera<br data-start=\"114\" data-end=\"117\" \/><strong data-start=\"117\" data-end=\"128\">Specie:<\/strong> Panthera tigris<br data-start=\"144\" data-end=\"147\" \/><strong data-start=\"147\" data-end=\"163\">Distribu\u021bie:<\/strong> India, Bangladesh, Nepal, Bhutan<br data-start=\"196\" data-end=\"199\" \/><strong data-start=\"199\" data-end=\"214\">Dimensiuni:<\/strong> 2,4-2,8 m lungime, \u00een\u0103l\u021bime la um\u0103r 70-110 cm<br data-start=\"260\" data-end=\"263\" \/><strong data-start=\"263\" data-end=\"276\">Greutate:<\/strong> 140-230 kg (masculi), 100-160 kg (femele)<br data-start=\"318\" data-end=\"321\" \/><strong data-start=\"321\" data-end=\"346\">Perioada de gesta\u021bie:<\/strong> 100-110 zile<br data-start=\"359\" data-end=\"362\" \/><strong data-start=\"362\" data-end=\"379\">Num\u0103r de pui:<\/strong> 2-4<br data-start=\"383\" data-end=\"386\" \/><strong data-start=\"386\" data-end=\"408\">Speran\u021b\u0103 de via\u021b\u0103:<\/strong> 8-10 ani \u00een s\u0103lb\u0103ticie, \u00een captivitate mai mult<\/p>\t\t\t\t\t\t\t\t<\/div>\n\t\t\t\t<\/div>\n\t\t\t\t<\/div>\n\t\t\t\t<div class=\"elementor-element elementor-element-e217028 elementor-widget-tablet__width-inherit animated-slow elementor-invisible elementor-widget elementor-widget-image\" data-id=\"e217028\" data-element_type=\"widget\" data-e-type=\"widget\" data-settings=\"{&quot;_animation&quot;:&quot;fadeInRight&quot;}\" data-widget_type=\"image.default\">\n\t\t\t\t<div class=\"elementor-widget-container\">\n\t\t\t\t\t\t\t\t\t\t\t\t\t\t\t<img fetchpriority=\"high\" decoding=\"async\" width=\"847\" height=\"476\" src=\"https:\/\/bucurestizoo.ro\/wp-content\/uploads\/2025\/02\/tigru-Indian_1-1024x576.jpg\" class=\"attachment-large size-large wp-image-13252\" alt=\"\" srcset=\"https:\/\/bucurestizoo.ro\/wp-content\/uploads\/2025\/02\/tigru-Indian_1-1024x576.jpg 1024w, https:\/\/bucurestizoo.ro\/wp-content\/uploads\/2025\/02\/tigru-Indian_1-300x169.jpg 300w, https:\/\/bucurestizoo.ro\/wp-content\/uploads\/2025\/02\/tigru-Indian_1-768x432.jpg 768w, https:\/\/bucurestizoo.ro\/wp-content\/uploads\/2025\/02\/tigru-Indian_1-1536x864.jpg 1536w, https:\/\/bucurestizoo.ro\/wp-content\/uploads\/2025\/02\/tigru-Indian_1-2048x1152.jpg 2048w, https:\/\/bucurestizoo.ro\/wp-content\/uploads\/2025\/02\/tigru-Indian_1-520x293.jpg 520w, https:\/\/bucurestizoo.ro\/wp-content\/uploads\/2025\/02\/tigru-Indian_1-650x366.jpg 650w\" sizes=\"(max-width: 847px) 100vw, 847px\" data-id=\"13252\" \/>\t\t\t\t\t\t\t\t\t\t\t\t\t\t\t<\/div>\n\t\t\t\t<\/div>\n\t\t\t\t<\/div>\n\t\t\t\t\t<\/div>\n\t\t\t\t<\/div>\n\t\t<div class=\"elementor-element elementor-element-7ca1628d animated-slow e-flex e-con-boxed elementor-invisible e-con e-parent\" data-id=\"7ca1628d\" data-element_type=\"container\" data-e-type=\"container\" data-settings=\"{&quot;animation&quot;:&quot;fadeInLeft&quot;}\">\n\t\t\t\t\t<div class=\"e-con-inner\">\n\t\t\t\t<div class=\"elementor-element elementor-element-573a85fc elementor-widget elementor-widget-heading\" data-id=\"573a85fc\" data-element_type=\"widget\" data-e-type=\"widget\" data-widget_type=\"heading.default\">\n\t\t\t\t<div class=\"elementor-widget-container\">\n\t\t\t\t\t<h1 class=\"elementor-heading-title elementor-size-default\">General:<\/h1>\t\t\t\t<\/div>\n\t\t\t\t<\/div>\n\t\t\t\t<div class=\"elementor-element elementor-element-20470aa2 elementor-widget elementor-widget-text-editor\" data-id=\"20470aa2\" data-element_type=\"widget\" data-e-type=\"widget\" data-widget_type=\"text-editor.default\">\n\t\t\t\t<div class=\"elementor-widget-container\">\n\t\t\t\t\t\t\t\t\t<p>Tigrul este cel mai mare membru al familiei felinelor. M\u0103rimea, culoarea bl\u0103nii \u0219i \u00eensemnele specifice variaz\u0103 \u00een func\u021bie de specie. Sunt cunoscute opt subspecii, dar \u00een 1950 trei subspecii au disp\u0103rut. Tigrii bali (P. t. Balica), tigrii Javan (P. t. Sondaica) \u0219i tigrii caspici (P. t. Virgata) sunt considera\u021bi a fi extin\u0219i. Celelalte 5 subspecii sunt amenin\u021ba\u021bi grav cu dispari\u021bia.<\/p><p>Tingrul Bengalez sau tigru indian\u00a0Panthera tigris tigris este cea mai comun\u0103 subspecie de tigru si este aproape la fel de mare ca tigrul siberian. Mai pu\u021bin de 2.500 de tigrii bengalezi tr\u0103iesc \u00een habitatul lor nativ din India, Nepal \u0219i Pakistan.Uneori, tigrii \u00ee\u0219i r\u0103coresc corpul st\u00e2nd \u00een ap\u0103 ore \u00eentregi!<\/p><p>Tigrii sunt solitari, singura rela\u021bie pe termen lung este \u00eentre o mam\u0103 \u0219i puii ei. Tigrii sunt mai activi pe timp de noapte, c\u00e2nd prad\u0103 s\u0103lbatic\u0103 format\u0103 din ungulate este mai activ\u0103, de\u0219i pot fi activi \u00een orice moment al zilei.<\/p><p>Tigrii prefer\u0103 s\u0103 v\u00e2neze \u00een vegeta\u021bia dens\u0103 \u0219i de-a lungul zonelor unde se pot mi\u0219ca lini\u0219ti\u021bi. \u00cen z\u0103pad\u0103, tigrii selecteaz\u0103 zonele \u00eenghe\u021bate ale r\u00e2urilor, pe c\u0103r\u0103rile f\u0103cute de ungulate. Tigrii au o abilitate extraordinar\u0103 de a s\u0103ri, fiind capabili s\u0103 sar\u0103 de la 8 la 10 metri. Tigrii sunt \u00eenot\u0103tori excelen\u021bi, put\u00e2nd traversa cu u\u0219urin\u021b\u0103 r\u00e2uri destul de largi. \u00a0Tigrii sunt, de asemenea, alpini\u0219ti excelen\u021bi, folosind ghearele retractabile \u0219i picioarele puternice.<\/p>\t\t\t\t\t\t\t\t<\/div>\n\t\t\t\t<\/div>\n\t\t\t\t\t<\/div>\n\t\t\t\t<\/div>\n\t\t<div class=\"elementor-element elementor-element-42d4c9cd e-flex e-con-boxed e-con e-parent\" data-id=\"42d4c9cd\" data-element_type=\"container\" data-e-type=\"container\">\n\t\t\t\t\t<div class=\"e-con-inner\">\n\t\t\t\t<div class=\"elementor-element elementor-element-171140e3 elementor-widget elementor-widget-gallery\" data-id=\"171140e3\" data-element_type=\"widget\" data-e-type=\"widget\" data-settings=\"{&quot;columns&quot;:2,&quot;lazyload&quot;:&quot;yes&quot;,&quot;gallery_layout&quot;:&quot;grid&quot;,&quot;columns_tablet&quot;:2,&quot;columns_mobile&quot;:1,&quot;gap&quot;:{&quot;unit&quot;:&quot;px&quot;,&quot;size&quot;:10,&quot;sizes&quot;:[]},&quot;gap_tablet&quot;:{&quot;unit&quot;:&quot;px&quot;,&quot;size&quot;:10,&quot;sizes&quot;:[]},&quot;gap_mobile&quot;:{&quot;unit&quot;:&quot;px&quot;,&quot;size&quot;:10,&quot;sizes&quot;:[]},&quot;link_to&quot;:&quot;file&quot;,&quot;aspect_ratio&quot;:&quot;3:2&quot;,&quot;overlay_background&quot;:&quot;yes&quot;,&quot;content_hover_animation&quot;:&quot;fade-in&quot;}\" data-widget_type=\"gallery.default\">\n\t\t\t\t<div class=\"elementor-widget-container\">\n\t\t\t\t\t\t\t<div class=\"elementor-gallery__container\">\n\t\t\t\t\t\t\t<a class=\"e-gallery-item elementor-gallery-item elementor-animated-content\" href=\"https:\/\/bucurestizoo.ro\/wp-content\/uploads\/2025\/02\/tigru-indian_2-Large.jpeg\" data-elementor-open-lightbox=\"yes\" data-elementor-lightbox-slideshow=\"171140e3\" data-elementor-lightbox-title=\"OLYMPUS DIGITAL CAMERA\" data-e-action-hash=\"#elementor-action%3Aaction%3Dlightbox%26settings%3DeyJpZCI6MTM1NjAsInVybCI6Imh0dHBzOlwvXC9idWN1cmVzdGl6b28ucm9cL3dwLWNvbnRlbnRcL3VwbG9hZHNcLzIwMjVcLzAyXC90aWdydS1pbmRpYW5fMi1MYXJnZS5qcGVnIiwic2xpZGVzaG93IjoiMTcxMTQwZTMifQ%3D%3D\">\n\t\t\t\t\t<div class=\"e-gallery-image elementor-gallery-item__image\" data-thumbnail=\"https:\/\/bucurestizoo.ro\/wp-content\/uploads\/2025\/02\/tigru-indian_2-Large-1024x576.jpeg\" data-width=\"847\" data-height=\"476\" aria-label=\"\" role=\"img\" ><\/div>\n\t\t\t\t\t\t\t\t\t\t\t<div class=\"elementor-gallery-item__overlay\"><\/div>\n\t\t\t\t\t\t\t\t\t\t\t\t\t\t<\/a>\n\t\t\t\t\t\t\t<a class=\"e-gallery-item elementor-gallery-item elementor-animated-content\" href=\"https:\/\/bucurestizoo.ro\/wp-content\/uploads\/2024\/12\/tigru-indian-1-e1733920933951.jpg\" data-elementor-open-lightbox=\"yes\" data-elementor-lightbox-slideshow=\"171140e3\" data-elementor-lightbox-title=\"tigru indian 1\" data-e-action-hash=\"#elementor-action%3Aaction%3Dlightbox%26settings%3DeyJpZCI6MTIxNjEsInVybCI6Imh0dHBzOlwvXC9idWN1cmVzdGl6b28ucm9cL3dwLWNvbnRlbnRcL3VwbG9hZHNcLzIwMjRcLzEyXC90aWdydS1pbmRpYW4tMS1lMTczMzkyMDkzMzk1MS5qcGciLCJzbGlkZXNob3ciOiIxNzExNDBlMyJ9\">\n\t\t\t\t\t<div class=\"e-gallery-image elementor-gallery-item__image\" data-thumbnail=\"https:\/\/bucurestizoo.ro\/wp-content\/uploads\/2024\/12\/tigru-indian-1-e1733920933951-1024x682.jpg\" data-width=\"847\" data-height=\"564\" aria-label=\"\" role=\"img\" ><\/div>\n\t\t\t\t\t\t\t\t\t\t\t<div class=\"elementor-gallery-item__overlay\"><\/div>\n\t\t\t\t\t\t\t\t\t\t\t\t\t\t<\/a>\n\t\t\t\t\t<\/div>\n\t\t\t\t\t<\/div>\n\t\t\t\t<\/div>\n\t\t\t\t\t<\/div>\n\t\t\t\t<\/div>\n\t\t<div class=\"elementor-element elementor-element-457496dc animated-slow e-flex e-con-boxed elementor-invisible e-con e-parent\" data-id=\"457496dc\" data-element_type=\"container\" data-e-type=\"container\" data-settings=\"{&quot;animation&quot;:&quot;fadeInRight&quot;}\">\n\t\t\t\t\t<div class=\"e-con-inner\">\n\t\t\t\t<div class=\"elementor-element elementor-element-32d94794 elementor-widget elementor-widget-heading\" data-id=\"32d94794\" data-element_type=\"widget\" data-e-type=\"widget\" data-widget_type=\"heading.default\">\n\t\t\t\t<div class=\"elementor-widget-container\">\n\t\t\t\t\t<h1 class=\"elementor-heading-title elementor-size-default\">Habitat:<\/h1>\t\t\t\t<\/div>\n\t\t\t\t<\/div>\n\t\t\t\t<div class=\"elementor-element elementor-element-56d41bc4 elementor-widget elementor-widget-text-editor\" data-id=\"56d41bc4\" data-element_type=\"widget\" data-e-type=\"widget\" data-widget_type=\"text-editor.default\">\n\t\t\t\t<div class=\"elementor-widget-container\">\n\t\t\t\t\t\t\t\t\t<p>P\u0103duri tropicale, mangrove, savane. Tigrii locuiesc \u00eentr-o mare varietate de habitate, determinate de r\u0103sp\u00e2ndirea lor \u00eentr-o gam\u0103 larg\u0103 de condi\u021bii ecologice. Se \u0219tie c\u0103 ace\u0219tia se \u00eent\u00e2lnesc \u00een p\u0103durea tropical\u0103, p\u0103durile de mangovre, p\u0103durile uscate, p\u0103durile de stejar \u0219i de mesteacan, junglele cu iarb\u0103 \u00eenalt\u0103 \u0219i mla\u0219tinile de mangrove. Tigrii sunt capabili s\u0103 fac\u0103 fa\u021b\u0103 unei game largi de varia\u021bii climatice, de la zone calde umede, p\u00e2n\u0103 la zone cu ninsoare extrem\u0103, unde temperaturile pot atinge -40 grade Celsius. Tigrii au fost g\u0103si\u021bi la altitudini de 3.960 de metri.<\/p>\t\t\t\t\t\t\t\t<\/div>\n\t\t\t\t<\/div>\n\t\t\t\t\t<\/div>\n\t\t\t\t<\/div>\n\t\t<div class=\"elementor-element elementor-element-4595b2a8 e-grid e-con-boxed e-con e-parent\" data-id=\"4595b2a8\" data-element_type=\"container\" data-e-type=\"container\">\n\t\t\t\t\t<div class=\"e-con-inner\">\n\t\t<div class=\"elementor-element elementor-element-2b2efd4c e-con-full animated-slow e-flex elementor-invisible e-con e-child\" data-id=\"2b2efd4c\" data-element_type=\"container\" data-e-type=\"container\" data-settings=\"{&quot;animation&quot;:&quot;fadeInLeft&quot;}\">\n\t\t\t\t<div class=\"elementor-element elementor-element-4a4194d0 elementor-widget elementor-widget-heading\" data-id=\"4a4194d0\" data-element_type=\"widget\" data-e-type=\"widget\" data-widget_type=\"heading.default\">\n\t\t\t\t<div class=\"elementor-widget-container\">\n\t\t\t\t\t<h1 class=\"elementor-heading-title elementor-size-default\">Hran\u0103:<\/h1>\t\t\t\t<\/div>\n\t\t\t\t<\/div>\n\t\t\t\t<div class=\"elementor-element elementor-element-46491d6a elementor-widget elementor-widget-text-editor\" data-id=\"46491d6a\" data-element_type=\"widget\" data-e-type=\"widget\" data-widget_type=\"text-editor.default\">\n\t\t\t\t<div class=\"elementor-widget-container\">\n\t\t\t\t\t\t\t\t\t<p>Cervide, mistre\u021bi, bivoli. Tigrii prefer\u0103 s\u0103 v\u00e2neze noaptea, c\u00e2nd prada format\u0103 din ungulate este mai activ\u0103.\u00a0\u00a0<\/p><p>\u00a0 Tigrii localizeaz\u0103 prad\u0103 prin folosirea auzului \u0219i a vederii mai mult dec\u00e2t prin miros. Ei profit\u0103 de fiecare piatr\u0103, copac \u0219i tufi\u0219 drept acoperire \u0219i rareori urm\u0103resc prad\u0103 departe. Tigrii sunt t\u0103cu\u021bi, fac pa\u0219i pruden\u021bi \u0219i se men\u021bin jos la p\u0103m\u00e2nt, astfel \u00eenc\u00e2t s\u0103 nu fie v\u0103zu\u021bi sau auzi\u021bi de prad\u0103. \u00cen mod obi\u0219nuit, ace\u0219tia ucid prin agresare prad\u0103, arunc\u00e2nd prada \u00een afara echilibrului cu masa lor, \u00een timp ce se \u00eendreapt\u0103 spre ea. Tigrii sunt pr\u0103d\u0103tori de succes, dar numai 1 din 10 p\u00e2n\u0103 la 20 de atacuri duc la o v\u00e2n\u0103toare de succes.\u00a0<\/p><p>Tigrii folosesc una din cele dou\u0103 tactici atunci c\u00e2nd se apropie suficient de mult pentru a ucide. Animalele mici, c\u00e2nt\u0103rind mai pu\u021bin de jum\u0103tate din greutatea corporal\u0103 a tigrului, sunt ucise de o mu\u0219c\u0103tur\u0103 \u00een spatele g\u00e2tului. Pentru animalele mai mari, o mu\u0219c\u0103tur\u0103 la g\u00e2t este folosit\u0103 pentru a zdrobi traheea animalului \u0219i a o sufoca.<\/p><p>\u00a0 Dieta tigrului const\u0103 din diverse specii de ungulate mari. \u00cen cazuri rare, tigrii atac\u0103 tapiriile malayene (Tapirus indicus), elefan\u021bii indieni (Elephas maximus) \u0219i rinocerii tineri indieni (Rhinoceros unicornis). Tigrii atac\u0103 \u00een mod regulat \u0219i m\u0103n\u00e2nc\u0103 ur\u0219i bruni (Ursus arctos), ur\u0219i negri asiatici (Ursus thibetanus) \u0219i ur\u0219i lenesi (Melursus ursinus). Animalele mai mici sunt luate uneori atunci c\u00e2nd o prad\u0103 mai mare nu este disponibil\u0103, printre acestea se num\u0103r\u0103 p\u0103s\u0103rile mari, cum ar fi fazanii, leoparzii (Panthera pardus), pe\u0219tii, crocodilii, broa\u0219tele \u021bestoase, \u0219obolanii \u0219i broa\u0219tele. Tigrii vor m\u00e2nca \u00eentre 18 \u0219i 40 de kg de carne atunci c\u00e2nd iau cu succes prad\u0103 mare, dar, de obicei nu m\u0103n\u00e2nc\u0103 \u00een fiecare zi. (Mazak, 1981, Schaller, 1967, Sunquist \u0219i Sunquist, 2002)<\/p>\t\t\t\t\t\t\t\t<\/div>\n\t\t\t\t<\/div>\n\t\t\t\t<\/div>\n\t\t<div class=\"elementor-element elementor-element-40fd92ec e-con-full animated-slow e-flex elementor-invisible e-con e-child\" data-id=\"40fd92ec\" data-element_type=\"container\" data-e-type=\"container\" data-settings=\"{&quot;animation&quot;:&quot;fadeInRight&quot;}\">\n\t\t\t\t<div class=\"elementor-element elementor-element-4b4cc2be elementor-widget elementor-widget-heading\" data-id=\"4b4cc2be\" data-element_type=\"widget\" data-e-type=\"widget\" data-widget_type=\"heading.default\">\n\t\t\t\t<div class=\"elementor-widget-container\">\n\t\t\t\t\t<h1 class=\"elementor-heading-title elementor-size-default\">Conservare:<\/h1>\t\t\t\t<\/div>\n\t\t\t\t<\/div>\n\t\t\t\t<div class=\"elementor-element elementor-element-7b55d2cb elementor-widget elementor-widget-text-editor\" data-id=\"7b55d2cb\" data-element_type=\"widget\" data-e-type=\"widget\" data-widget_type=\"text-editor.default\">\n\t\t\t\t<div class=\"elementor-widget-container\">\n\t\t\t\t\t\t\t\t\t<p>Pe cale de dispari\u021bie din cauza braconajului. igrul Bengalez (P. tigris tigris) \u0219i tigrii indochinezi (P. tigris corbetti) sunt pe cale de dispari\u021bie. Amenin\u021b\u0103rile specifice pentru tigrii variaz\u0103 la nivel regional, \u00eens\u0103 v\u00e2n\u0103toarea \u0219i distrugerea habitatelor induse de om sunt factorii determinan\u021bi \u00een amenin\u021barea popula\u021biilor de tigru.<\/p><p>\u00a0 Subspeciile de tigru care mai tr\u0103iesc ast\u0103zi sunt toate foarte amenin\u021bate din cauza v\u00e2n\u0103torii umane \u0219i a incendiilor asupra habitatului lor forestier. Pentru oamenii din multe culturi, tigrul este un simbol al puterii \u0219i al curajului. Timp de mul\u021bi ani, tigrii au fost v\u00e2na\u021bi pentru blan\u0103 dar \u0219i pentru alte p\u0103r\u021bi ale corpului, dintre care unele sunt utilizate \u00een medicamenta\u021bia nativ\u0103. \u00cen unele culturi, oamenii v\u00e2neaz\u0103 tigrii pentru sport sau pentru a \u00ee\u0219i demonstra curajul.<\/p><p>\u00a0 Exist\u0103 multe eforturi pentru a se asigura suprevie\u021buirea tigrilor \u00een s\u0103lb\u0103ticie. La \u00eenceputul anilor 1970, India a \u00eenceput s\u0103 adopte legi \u00eempotriva uciderii tigrilor. De atunci, alte \u021b\u0103ri populate de tigrii au adoptat legi similare. Multe \u021b\u0103ri din \u00eentreaga lume, inclusiv Statele Unite, au adoptat legi pentru a opri v\u00e2nzarea produselor fabricate din p\u0103r\u021bi de tigru. Exist\u0103 proiecte interna\u021bionale care ajut\u0103 la protejarea habitatului tigru s\u0103lbatic.<\/p>\t\t\t\t\t\t\t\t<\/div>\n\t\t\t\t<\/div>\n\t\t\t\t<\/div>\n\t\t\t\t\t<\/div>\n\t\t\t\t<\/div>\n\t\t\t\t<\/div>","protected":false},"excerpt":{"rendered":"<p>Tigrul indian (Bengalez) Denumire \u0219tiin\u021bific\u0103: Panthera tigris tigrisOrdin: CarnivoraFamilie: FelidaeGen: PantheraSpecie: Panthera tigrisDistribu\u021bie: India, Bangladesh, Nepal, BhutanDimensiuni: 2,4-2,8 m lungime, \u00een\u0103l\u021bime la um\u0103r 70-110 cmGreutate: 140-230 kg (masculi), 100-160 kg (femele)Perioada de gesta\u021bie: 100-110 zileNum\u0103r de pui: 2-4Speran\u021b\u0103 de via\u021b\u0103: 8-10 ani \u00een s\u0103lb\u0103ticie, \u00een captivitate mai mult General: Tigrul este cel mai mare membru &hellip; <a href=\"https:\/\/bucurestizoo.ro\/en\/tigru-indian\/\" class=\"more-link\">Continue reading <span class=\"screen-reader-text\">Tigru Indian<\/span><\/a><\/p>","protected":false},"author":1,"featured_media":0,"parent":0,"menu_order":0,"comment_status":"closed","ping_status":"closed","template":"","meta":{"_monsterinsights_skip_tracking":false,"_monsterinsights_sitenote_active":false,"_monsterinsights_sitenote_note":"","_monsterinsights_sitenote_category":0,"footnotes":""},"class_list":["post-11794","page","type-page","status-publish","hentry"],"aioseo_notices":[],"_links":{"self":[{"href":"https:\/\/bucurestizoo.ro\/en\/wp-json\/wp\/v2\/pages\/11794","targetHints":{"allow":["GET"]}}],"collection":[{"href":"https:\/\/bucurestizoo.ro\/en\/wp-json\/wp\/v2\/pages"}],"about":[{"href":"https:\/\/bucurestizoo.ro\/en\/wp-json\/wp\/v2\/types\/page"}],"author":[{"embeddable":true,"href":"https:\/\/bucurestizoo.ro\/en\/wp-json\/wp\/v2\/users\/1"}],"replies":[{"embeddable":true,"href":"https:\/\/bucurestizoo.ro\/en\/wp-json\/wp\/v2\/comments?post=11794"}],"version-history":[{"count":7,"href":"https:\/\/bucurestizoo.ro\/en\/wp-json\/wp\/v2\/pages\/11794\/revisions"}],"predecessor-version":[{"id":13563,"href":"https:\/\/bucurestizoo.ro\/en\/wp-json\/wp\/v2\/pages\/11794\/revisions\/13563"}],"wp:attachment":[{"href":"https:\/\/bucurestizoo.ro\/en\/wp-json\/wp\/v2\/media?parent=11794"}],"curies":[{"name":"wp","href":"https:\/\/api.w.org\/{rel}","templated":true}]}}