{"id":11792,"date":"2024-12-09T12:56:08","date_gmt":"2024-12-09T10:56:08","guid":{"rendered":"https:\/\/n1.bucurestizoo.ro\/?page_id=11792"},"modified":"2025-02-19T16:53:12","modified_gmt":"2025-02-19T14:53:12","slug":"tamarin-cu-creasta-alba","status":"publish","type":"page","link":"https:\/\/bucurestizoo.ro\/en\/tamarin-cu-creasta-alba\/","title":{"rendered":"Tamarin cu creast\u0103 alb\u0103"},"content":{"rendered":"<div data-elementor-type=\"wp-page\" data-elementor-id=\"11792\" class=\"elementor elementor-11792\" data-elementor-post-type=\"page\">\n\t\t\t\t<div class=\"elementor-element elementor-element-54655a23 e-flex e-con-boxed e-con e-parent\" data-id=\"54655a23\" data-element_type=\"container\" data-e-type=\"container\" data-settings=\"{&quot;background_background&quot;:&quot;classic&quot;}\">\n\t\t\t\t\t<div class=\"e-con-inner\">\n\t\t<div class=\"elementor-element elementor-element-354f34cb e-con-full e-flex e-con e-child\" data-id=\"354f34cb\" data-element_type=\"container\" data-e-type=\"container\">\n\t\t<div class=\"elementor-element elementor-element-5636d2f2 e-con-full animated-slow e-flex elementor-invisible e-con e-child\" data-id=\"5636d2f2\" data-element_type=\"container\" data-e-type=\"container\" data-settings=\"{&quot;animation&quot;:&quot;fadeInLeft&quot;}\">\n\t\t\t\t<div class=\"elementor-element elementor-element-2d7a1ec7 elementor-widget elementor-widget-heading\" data-id=\"2d7a1ec7\" data-element_type=\"widget\" data-e-type=\"widget\" data-widget_type=\"heading.default\">\n\t\t\t\t<div class=\"elementor-widget-container\">\n\t\t\t\t\t<h1 class=\"elementor-heading-title elementor-size-default\">Tamarin cu creast\u0103 alb\u0103<\/h1>\t\t\t\t<\/div>\n\t\t\t\t<\/div>\n\t\t\t\t<div class=\"elementor-element elementor-element-a26327d elementor-widget elementor-widget-text-editor\" data-id=\"a26327d\" data-element_type=\"widget\" data-e-type=\"widget\" data-widget_type=\"text-editor.default\">\n\t\t\t\t<div class=\"elementor-widget-container\">\n\t\t\t\t\t\t\t\t\t<p><strong data-start=\"0\" data-end=\"25\">Denumire \u0219tiin\u021bific\u0103:<\/strong> Saguinus oedipus<br data-start=\"42\" data-end=\"45\" \/><strong data-start=\"45\" data-end=\"55\">Ordin:<\/strong> Primates<br data-start=\"64\" data-end=\"67\" \/><strong data-start=\"67\" data-end=\"79\">Familie:<\/strong> Callitrichidae<br data-start=\"94\" data-end=\"97\" \/><strong data-start=\"97\" data-end=\"105\">Gen:<\/strong> Saguinus<br data-start=\"114\" data-end=\"117\" \/><strong data-start=\"117\" data-end=\"128\">Specie:<\/strong> Saguinus oedipus<br data-start=\"145\" data-end=\"148\" \/><strong data-start=\"148\" data-end=\"164\">Distribu\u021bie:<\/strong> America de Sud (Columbia)<br data-start=\"190\" data-end=\"193\" \/><strong data-start=\"193\" data-end=\"208\">Dimensiuni:<\/strong> 20-25 cm lungime, coad\u0103 de 30-40 cm<br data-start=\"244\" data-end=\"247\" \/><strong data-start=\"247\" data-end=\"260\">Greutate:<\/strong> 400-500 g<br data-start=\"270\" data-end=\"273\" \/><strong data-start=\"273\" data-end=\"298\">Perioada de gesta\u021bie:<\/strong> 140-150 zile<br data-start=\"311\" data-end=\"314\" \/><strong data-start=\"314\" data-end=\"331\">Num\u0103r de pui:<\/strong> 1-2<br data-start=\"335\" data-end=\"338\" \/><strong data-start=\"338\" data-end=\"360\">Speran\u021b\u0103 de via\u021b\u0103:<\/strong> p\u00e2n\u0103 la 18 ani \u00een s\u0103lb\u0103ticie, \u00een captivitate mai mult<\/p>\t\t\t\t\t\t\t\t<\/div>\n\t\t\t\t<\/div>\n\t\t\t\t<\/div>\n\t\t\t\t<div class=\"elementor-element elementor-element-22586ae3 elementor-widget-tablet__width-inherit animated-slow elementor-invisible elementor-widget elementor-widget-image\" data-id=\"22586ae3\" data-element_type=\"widget\" data-e-type=\"widget\" data-settings=\"{&quot;_animation&quot;:&quot;fadeInRight&quot;}\" data-widget_type=\"image.default\">\n\t\t\t\t<div class=\"elementor-widget-container\">\n\t\t\t\t\t\t\t\t\t\t\t\t\t\t\t<img fetchpriority=\"high\" decoding=\"async\" width=\"847\" height=\"564\" src=\"https:\/\/bucurestizoo.ro\/wp-content\/uploads\/2025\/02\/Tamarin_2-Large-1024x682.jpeg\" class=\"attachment-large size-large wp-image-13455\" alt=\"\" srcset=\"https:\/\/bucurestizoo.ro\/wp-content\/uploads\/2025\/02\/Tamarin_2-Large-1024x682.jpeg 1024w, https:\/\/bucurestizoo.ro\/wp-content\/uploads\/2025\/02\/Tamarin_2-Large-300x200.jpeg 300w, https:\/\/bucurestizoo.ro\/wp-content\/uploads\/2025\/02\/Tamarin_2-Large-768x512.jpeg 768w, https:\/\/bucurestizoo.ro\/wp-content\/uploads\/2025\/02\/Tamarin_2-Large-450x300.jpeg 450w, https:\/\/bucurestizoo.ro\/wp-content\/uploads\/2025\/02\/Tamarin_2-Large-650x433.jpeg 650w, https:\/\/bucurestizoo.ro\/wp-content\/uploads\/2025\/02\/Tamarin_2-Large.jpeg 1280w\" sizes=\"(max-width: 847px) 100vw, 847px\" data-id=\"13455\" \/>\t\t\t\t\t\t\t\t\t\t\t\t\t\t\t<\/div>\n\t\t\t\t<\/div>\n\t\t\t\t<\/div>\n\t\t\t\t\t<\/div>\n\t\t\t\t<\/div>\n\t\t<div class=\"elementor-element elementor-element-3b47c3f2 animated-slow e-flex e-con-boxed elementor-invisible e-con e-parent\" data-id=\"3b47c3f2\" data-element_type=\"container\" data-e-type=\"container\" data-settings=\"{&quot;animation&quot;:&quot;fadeInLeft&quot;}\">\n\t\t\t\t\t<div class=\"e-con-inner\">\n\t\t\t\t<div class=\"elementor-element elementor-element-52d88d1c elementor-widget elementor-widget-heading\" data-id=\"52d88d1c\" data-element_type=\"widget\" data-e-type=\"widget\" data-widget_type=\"heading.default\">\n\t\t\t\t<div class=\"elementor-widget-container\">\n\t\t\t\t\t<h1 class=\"elementor-heading-title elementor-size-default\">General:<\/h1>\t\t\t\t<\/div>\n\t\t\t\t<\/div>\n\t\t\t\t<div class=\"elementor-element elementor-element-3e9d64e2 elementor-widget elementor-widget-text-editor\" data-id=\"3e9d64e2\" data-element_type=\"widget\" data-e-type=\"widget\" data-widget_type=\"text-editor.default\">\n\t\t\t\t<div class=\"elementor-widget-container\">\n\t\t\t\t\t\t\t\t\t<p>Este una dintre cele mai mici specii de maimu\u021be din lume \u0219i este extrem de agil. Tamarinii sunt \u201ep\u0103rin\u021bi grijulii\u201d \u2013 masculii \u0219i fra\u021bii mai mari poart\u0103 puii \u0219i \u00eei dau mamei doar pentru al\u0103ptat! Tamarinul cu creast\u0103 alb\u0103 (Saguinus oedipus) este o maimu\u021b\u0103 din Lumea Nou\u0103 c\u00e2nt\u0103rind mai pu\u021bin de 0,5 kg. Unul dintre cele mai mici primate, tamarinul cu creast\u0103 alb\u0103, este recunoscut u\u0219or dup\u0103 creasta lung\u0103, alb\u0103, care se extinde de la frunte p\u00e2n\u0103 la umeri.<\/p><p>S. oedipus tr\u0103ie\u0219te \u00een grupuri variind de la 1-19 indivizi. Cu toate acestea, cele mai frecvente dimensiuni de grup sunt de la 3-9 indivizi. Aceste grupuri constau dintr-o pereche dominant\u0103 de \u00eemperechere, din puii lor \u0219i de c\u00e2teva animale subordonate sau tinere de ambele sexe. Ace\u0219ti membri subordona\u021bi tind s\u0103 formeze grupuri mici \u0219i s\u0103 migreze \u00een \u0219i din afara grupului principal. De asemenea, ace\u0219ti subalterni sunt \u201cajutoarele\u201d. Intervalele de domiciliu variaz\u0103 \u00eentre 7 \u0219i 10 hectare. S. oedipus sunt teritoriale.<\/p><p>Tamarinii cu creast\u0103 alb\u0103 au un sistem de reproducere monogam. Femelele sunt active sezonier prin reproducere, fiind v\u0103zute gravide sau al\u0103pt\u00e2ndu-se doar \u00een perioada ianuarie-iunie. Maturitatea sexual\u0103 este atins\u0103 la 18 luni la femele \u0219i la 24 de luni la masculi. Saguinus oedipus d\u0103 na\u0219tere unor gemeni non-identici de dou\u0103 ori pe an.<\/p>\t\t\t\t\t\t\t\t<\/div>\n\t\t\t\t<\/div>\n\t\t\t\t\t<\/div>\n\t\t\t\t<\/div>\n\t\t<div class=\"elementor-element elementor-element-26ebd0b7 e-flex e-con-boxed e-con e-parent\" data-id=\"26ebd0b7\" data-element_type=\"container\" data-e-type=\"container\">\n\t\t\t\t\t<div class=\"e-con-inner\">\n\t\t\t\t<div class=\"elementor-element elementor-element-565c0bdf elementor-widget elementor-widget-gallery\" data-id=\"565c0bdf\" data-element_type=\"widget\" data-e-type=\"widget\" data-settings=\"{&quot;columns&quot;:2,&quot;lazyload&quot;:&quot;yes&quot;,&quot;gallery_layout&quot;:&quot;grid&quot;,&quot;columns_tablet&quot;:2,&quot;columns_mobile&quot;:1,&quot;gap&quot;:{&quot;unit&quot;:&quot;px&quot;,&quot;size&quot;:10,&quot;sizes&quot;:[]},&quot;gap_tablet&quot;:{&quot;unit&quot;:&quot;px&quot;,&quot;size&quot;:10,&quot;sizes&quot;:[]},&quot;gap_mobile&quot;:{&quot;unit&quot;:&quot;px&quot;,&quot;size&quot;:10,&quot;sizes&quot;:[]},&quot;link_to&quot;:&quot;file&quot;,&quot;aspect_ratio&quot;:&quot;3:2&quot;,&quot;overlay_background&quot;:&quot;yes&quot;,&quot;content_hover_animation&quot;:&quot;fade-in&quot;}\" data-widget_type=\"gallery.default\">\n\t\t\t\t<div class=\"elementor-widget-container\">\n\t\t\t\t\t\t\t<div class=\"elementor-gallery__container\">\n\t\t\t\t\t\t\t<a class=\"e-gallery-item elementor-gallery-item elementor-animated-content\" href=\"https:\/\/bucurestizoo.ro\/wp-content\/uploads\/2024\/12\/tamarin.jpg\" data-elementor-open-lightbox=\"yes\" data-elementor-lightbox-slideshow=\"565c0bdf\" data-elementor-lightbox-title=\"tamarin\" data-e-action-hash=\"#elementor-action%3Aaction%3Dlightbox%26settings%3DeyJpZCI6MTE0OTIsInVybCI6Imh0dHBzOlwvXC9idWN1cmVzdGl6b28ucm9cL3dwLWNvbnRlbnRcL3VwbG9hZHNcLzIwMjRcLzEyXC90YW1hcmluLmpwZyIsInNsaWRlc2hvdyI6IjU2NWMwYmRmIn0%3D\">\n\t\t\t\t\t<div class=\"e-gallery-image elementor-gallery-item__image\" data-thumbnail=\"https:\/\/bucurestizoo.ro\/wp-content\/uploads\/2024\/12\/tamarin-1024x683.jpg\" data-width=\"847\" data-height=\"565\" aria-label=\"\" role=\"img\" ><\/div>\n\t\t\t\t\t\t\t\t\t\t\t<div class=\"elementor-gallery-item__overlay\"><\/div>\n\t\t\t\t\t\t\t\t\t\t\t\t\t\t<\/a>\n\t\t\t\t\t\t\t<a class=\"e-gallery-item elementor-gallery-item elementor-animated-content\" href=\"https:\/\/bucurestizoo.ro\/wp-content\/uploads\/2024\/12\/tamarin-1.jpg\" data-elementor-open-lightbox=\"yes\" data-elementor-lightbox-slideshow=\"565c0bdf\" data-elementor-lightbox-title=\"tamarin 1\" data-e-action-hash=\"#elementor-action%3Aaction%3Dlightbox%26settings%3DeyJpZCI6MTIxNTMsInVybCI6Imh0dHBzOlwvXC9idWN1cmVzdGl6b28ucm9cL3dwLWNvbnRlbnRcL3VwbG9hZHNcLzIwMjRcLzEyXC90YW1hcmluLTEuanBnIiwic2xpZGVzaG93IjoiNTY1YzBiZGYifQ%3D%3D\">\n\t\t\t\t\t<div class=\"e-gallery-image elementor-gallery-item__image\" data-thumbnail=\"https:\/\/bucurestizoo.ro\/wp-content\/uploads\/2024\/12\/tamarin-1-1024x723.jpg\" data-width=\"847\" data-height=\"598\" aria-label=\"\" role=\"img\" ><\/div>\n\t\t\t\t\t\t\t\t\t\t\t<div class=\"elementor-gallery-item__overlay\"><\/div>\n\t\t\t\t\t\t\t\t\t\t\t\t\t\t<\/a>\n\t\t\t\t\t<\/div>\n\t\t\t\t\t<\/div>\n\t\t\t\t<\/div>\n\t\t\t\t\t<\/div>\n\t\t\t\t<\/div>\n\t\t<div class=\"elementor-element elementor-element-2317e911 animated-slow e-flex e-con-boxed elementor-invisible e-con e-parent\" data-id=\"2317e911\" data-element_type=\"container\" data-e-type=\"container\" data-settings=\"{&quot;animation&quot;:&quot;fadeInRight&quot;}\">\n\t\t\t\t\t<div class=\"e-con-inner\">\n\t\t\t\t<div class=\"elementor-element elementor-element-3a0220fa elementor-widget elementor-widget-heading\" data-id=\"3a0220fa\" data-element_type=\"widget\" data-e-type=\"widget\" data-widget_type=\"heading.default\">\n\t\t\t\t<div class=\"elementor-widget-container\">\n\t\t\t\t\t<h1 class=\"elementor-heading-title elementor-size-default\">Habitat:<\/h1>\t\t\t\t<\/div>\n\t\t\t\t<\/div>\n\t\t\t\t<div class=\"elementor-element elementor-element-415c7d76 elementor-widget elementor-widget-text-editor\" data-id=\"415c7d76\" data-element_type=\"widget\" data-e-type=\"widget\" data-widget_type=\"text-editor.default\">\n\t\t\t\t<div class=\"elementor-widget-container\">\n\t\t\t\t\t\t\t\t\t<p>P\u0103duri tropicale umede. Specia se g\u0103se\u0219te \u00een marginile p\u0103durilor tropicale \u0219i \u00een p\u0103durile secundare din nord-vestul Columbiei, unde este arboreal\u0103 \u0219i diurn\u0103.<\/p>\t\t\t\t\t\t\t\t<\/div>\n\t\t\t\t<\/div>\n\t\t\t\t\t<\/div>\n\t\t\t\t<\/div>\n\t\t<div class=\"elementor-element elementor-element-42b4f146 e-grid e-con-boxed e-con e-parent\" data-id=\"42b4f146\" data-element_type=\"container\" data-e-type=\"container\">\n\t\t\t\t\t<div class=\"e-con-inner\">\n\t\t<div class=\"elementor-element elementor-element-30527ab9 e-con-full animated-slow e-flex elementor-invisible e-con e-child\" data-id=\"30527ab9\" data-element_type=\"container\" data-e-type=\"container\" data-settings=\"{&quot;animation&quot;:&quot;fadeInLeft&quot;}\">\n\t\t\t\t<div class=\"elementor-element elementor-element-782cf0e9 elementor-widget elementor-widget-heading\" data-id=\"782cf0e9\" data-element_type=\"widget\" data-e-type=\"widget\" data-widget_type=\"heading.default\">\n\t\t\t\t<div class=\"elementor-widget-container\">\n\t\t\t\t\t<h1 class=\"elementor-heading-title elementor-size-default\">Hran\u0103:<\/h1>\t\t\t\t<\/div>\n\t\t\t\t<\/div>\n\t\t\t\t<div class=\"elementor-element elementor-element-6a17b7b4 elementor-widget elementor-widget-text-editor\" data-id=\"6a17b7b4\" data-element_type=\"widget\" data-e-type=\"widget\" data-widget_type=\"text-editor.default\">\n\t\t\t\t<div class=\"elementor-widget-container\">\n\t\t\t\t\t\t\t\t\t<p>Fructe, insecte, nectar, mici vertebrate. Tamarinii sunt \u00een primul r\u00e2nd insectivore, insectele reprezent\u00e2nd 40% din dieta lor. Ei consum\u0103, de asemenea, o cantitate mare de fructe care reprezint\u0103 38,4% din dieta lor.<\/p>\t\t\t\t\t\t\t\t<\/div>\n\t\t\t\t<\/div>\n\t\t\t\t<\/div>\n\t\t<div class=\"elementor-element elementor-element-11abc4af e-con-full animated-slow e-flex elementor-invisible e-con e-child\" data-id=\"11abc4af\" data-element_type=\"container\" data-e-type=\"container\" data-settings=\"{&quot;animation&quot;:&quot;fadeInRight&quot;}\">\n\t\t\t\t<div class=\"elementor-element elementor-element-48867667 elementor-widget elementor-widget-heading\" data-id=\"48867667\" data-element_type=\"widget\" data-e-type=\"widget\" data-widget_type=\"heading.default\">\n\t\t\t\t<div class=\"elementor-widget-container\">\n\t\t\t\t\t<h1 class=\"elementor-heading-title elementor-size-default\">Conservare:<\/h1>\t\t\t\t<\/div>\n\t\t\t\t<\/div>\n\t\t\t\t<div class=\"elementor-element elementor-element-77f4f561 elementor-widget elementor-widget-text-editor\" data-id=\"77f4f561\" data-element_type=\"widget\" data-e-type=\"widget\" data-widget_type=\"text-editor.default\">\n\t\t\t\t<div class=\"elementor-widget-container\">\n\t\t\t\t\t\t\t\t\t<p>Pe cale de dispari\u021bie din cauza defri\u0219\u0103rilor \u0219i a comer\u021bului ilegal. Popula\u021bia s\u0103lbatic\u0103 este estimat\u0103 la 6.000 de indivizi, cu 2.000 de adul\u021bi . Aceast\u0103 specie este critic periclitat\u0103 \u0219i a fost listat\u0103 \u00een \u201cCele mai periculoase primate din lume \u00eentre 2008 \u0219i 2012\u201d.\u00a0\u00a0Publica\u021bia enumer\u0103 speciile de primate extrem de periclitate \u0219i este eliberat\u0103 la fiecare doi ani de c\u0103tre Comisia Interna\u021bional\u0103 pentru Conservarea Naturii Speciilor de Supravie\u021buire Primate Specialist Group.<\/p>\t\t\t\t\t\t\t\t<\/div>\n\t\t\t\t<\/div>\n\t\t\t\t<\/div>\n\t\t\t\t\t<\/div>\n\t\t\t\t<\/div>\n\t\t\t\t<\/div>","protected":false},"excerpt":{"rendered":"<p>Tamarin cu creast\u0103 alb\u0103 Denumire \u0219tiin\u021bific\u0103: Saguinus oedipusOrdin: PrimatesFamilie: CallitrichidaeGen: SaguinusSpecie: Saguinus oedipusDistribu\u021bie: America de Sud (Columbia)Dimensiuni: 20-25 cm lungime, coad\u0103 de 30-40 cmGreutate: 400-500 gPerioada de gesta\u021bie: 140-150 zileNum\u0103r de pui: 1-2Speran\u021b\u0103 de via\u021b\u0103: p\u00e2n\u0103 la 18 ani \u00een s\u0103lb\u0103ticie, \u00een captivitate mai mult General: Este una dintre cele mai mici specii de maimu\u021be &hellip; <a href=\"https:\/\/bucurestizoo.ro\/en\/tamarin-cu-creasta-alba\/\" class=\"more-link\">Continue reading <span class=\"screen-reader-text\">Tamarin cu creast\u0103 alb\u0103<\/span><\/a><\/p>","protected":false},"author":1,"featured_media":0,"parent":0,"menu_order":0,"comment_status":"closed","ping_status":"closed","template":"","meta":{"_monsterinsights_skip_tracking":false,"_monsterinsights_sitenote_active":false,"_monsterinsights_sitenote_note":"","_monsterinsights_sitenote_category":0,"footnotes":""},"class_list":["post-11792","page","type-page","status-publish","hentry"],"aioseo_notices":[],"_links":{"self":[{"href":"https:\/\/bucurestizoo.ro\/en\/wp-json\/wp\/v2\/pages\/11792","targetHints":{"allow":["GET"]}}],"collection":[{"href":"https:\/\/bucurestizoo.ro\/en\/wp-json\/wp\/v2\/pages"}],"about":[{"href":"https:\/\/bucurestizoo.ro\/en\/wp-json\/wp\/v2\/types\/page"}],"author":[{"embeddable":true,"href":"https:\/\/bucurestizoo.ro\/en\/wp-json\/wp\/v2\/users\/1"}],"replies":[{"embeddable":true,"href":"https:\/\/bucurestizoo.ro\/en\/wp-json\/wp\/v2\/comments?post=11792"}],"version-history":[{"count":7,"href":"https:\/\/bucurestizoo.ro\/en\/wp-json\/wp\/v2\/pages\/11792\/revisions"}],"predecessor-version":[{"id":13458,"href":"https:\/\/bucurestizoo.ro\/en\/wp-json\/wp\/v2\/pages\/11792\/revisions\/13458"}],"wp:attachment":[{"href":"https:\/\/bucurestizoo.ro\/en\/wp-json\/wp\/v2\/media?parent=11792"}],"curies":[{"name":"wp","href":"https:\/\/api.w.org\/{rel}","templated":true}]}}