{"id":11788,"date":"2024-12-09T12:54:54","date_gmt":"2024-12-09T10:54:54","guid":{"rendered":"https:\/\/n1.bucurestizoo.ro\/?page_id=11788"},"modified":"2025-04-05T11:04:54","modified_gmt":"2025-04-05T09:04:54","slug":"serval","status":"publish","type":"page","link":"https:\/\/bucurestizoo.ro\/en\/serval\/","title":{"rendered":"Serval"},"content":{"rendered":"<div data-elementor-type=\"wp-page\" data-elementor-id=\"11788\" class=\"elementor elementor-11788\" data-elementor-post-type=\"page\">\n\t\t\t\t<div class=\"elementor-element elementor-element-3e611a0c e-flex e-con-boxed e-con e-parent\" data-id=\"3e611a0c\" data-element_type=\"container\" data-e-type=\"container\" data-settings=\"{&quot;background_background&quot;:&quot;classic&quot;}\">\n\t\t\t\t\t<div class=\"e-con-inner\">\n\t\t<div class=\"elementor-element elementor-element-1838c530 e-con-full e-flex e-con e-child\" data-id=\"1838c530\" data-element_type=\"container\" data-e-type=\"container\">\n\t\t<div class=\"elementor-element elementor-element-6e2cfced e-con-full animated-slow e-flex elementor-invisible e-con e-child\" data-id=\"6e2cfced\" data-element_type=\"container\" data-e-type=\"container\" data-settings=\"{&quot;animation&quot;:&quot;fadeInLeft&quot;}\">\n\t\t\t\t<div class=\"elementor-element elementor-element-245cd2b0 elementor-widget elementor-widget-heading\" data-id=\"245cd2b0\" data-element_type=\"widget\" data-e-type=\"widget\" data-widget_type=\"heading.default\">\n\t\t\t\t<div class=\"elementor-widget-container\">\n\t\t\t\t\t<h1 class=\"elementor-heading-title elementor-size-default\">Serval<\/h1>\t\t\t\t<\/div>\n\t\t\t\t<\/div>\n\t\t\t\t<div class=\"elementor-element elementor-element-1e82005a elementor-widget elementor-widget-text-editor\" data-id=\"1e82005a\" data-element_type=\"widget\" data-e-type=\"widget\" data-widget_type=\"text-editor.default\">\n\t\t\t\t<div class=\"elementor-widget-container\">\n\t\t\t\t\t\t\t\t\t<p class=\"\" data-start=\"0\" data-end=\"153\"><strong data-start=\"0\" data-end=\"26\">Denumirea \u0219tiin\u021bific\u0103:<\/strong> Leptailurus serval<br data-start=\"45\" data-end=\"48\" \/><strong data-start=\"48\" data-end=\"60\">Ordinul:<\/strong> Carnivora<br data-start=\"70\" data-end=\"73\" \/><strong data-start=\"73\" data-end=\"85\">Familia:<\/strong> Felidae<br data-start=\"93\" data-end=\"96\" data-is-only-node=\"\" \/><strong data-start=\"96\" data-end=\"106\">Genul:<\/strong> Leptailurus<br data-start=\"118\" data-end=\"121\" \/><strong data-start=\"121\" data-end=\"132\">Specia:<\/strong> Leptailurus serval<\/p><p class=\"\" data-start=\"155\" data-end=\"309\"><strong data-start=\"155\" data-end=\"179\">Distribu\u021bia pe glob:<\/strong> Servalii sunt nativi din Africa subsaharian\u0103, prefer\u00e2nd habitatele cu iarb\u0103 \u00eenalt\u0103, savane \u0219i mla\u0219tini, aproape de surse de ap\u0103<\/p><p class=\"\" data-start=\"311\" data-end=\"419\"><strong data-start=\"311\" data-end=\"326\">Dimensiuni:<\/strong><br data-start=\"326\" data-end=\"329\" \/>\u2013 Lungimea corpului: 54\u2013100 cm<br data-start=\"359\" data-end=\"362\" \/>\u2013 \u00cen\u0103l\u021bimea la greab\u0103n: 54\u201366 cm<br data-start=\"394\" data-end=\"397\" \/>\u2013 Greutatea: 9\u201318 kg<\/p><p class=\"\" data-start=\"421\" data-end=\"493\"><strong data-start=\"421\" data-end=\"446\">Perioada de gesta\u021bie:<\/strong><br data-start=\"446\" data-end=\"449\" \/>\u2013 Durat\u0103: 66\u201377 zile<br data-start=\"469\" data-end=\"472\" \/>\u2013 Num\u0103r de pui: 1\u20134<\/p><p class=\"\" data-start=\"495\" data-end=\"581\"><strong data-start=\"495\" data-end=\"517\">Speran\u021ba de via\u021b\u0103:<\/strong><br data-start=\"517\" data-end=\"520\" \/>\u2013 10\u201312 ani \u00een s\u0103lb\u0103ticie<br data-start=\"545\" data-end=\"548\" \/>\u2013 P\u00e2n\u0103 la 20 ani \u00een captivitate<\/p>\t\t\t\t\t\t\t\t<\/div>\n\t\t\t\t<\/div>\n\t\t\t\t<\/div>\n\t\t\t\t<div class=\"elementor-element elementor-element-4dc9ab7 elementor-widget-tablet__width-inherit animated-slow elementor-invisible elementor-widget elementor-widget-image\" data-id=\"4dc9ab7\" data-element_type=\"widget\" data-e-type=\"widget\" data-settings=\"{&quot;_animation&quot;:&quot;fadeInRight&quot;}\" data-widget_type=\"image.default\">\n\t\t\t\t<div class=\"elementor-widget-container\">\n\t\t\t\t\t\t\t\t\t\t\t\t\t\t\t<img fetchpriority=\"high\" decoding=\"async\" width=\"682\" height=\"1024\" src=\"https:\/\/bucurestizoo.ro\/wp-content\/uploads\/2024\/12\/serval-3-682x1024.jpg\" class=\"attachment-large size-large wp-image-12138\" alt=\"\" srcset=\"https:\/\/bucurestizoo.ro\/wp-content\/uploads\/2024\/12\/serval-3-682x1024.jpg 682w, https:\/\/bucurestizoo.ro\/wp-content\/uploads\/2024\/12\/serval-3-200x300.jpg 200w, https:\/\/bucurestizoo.ro\/wp-content\/uploads\/2024\/12\/serval-3-768x1152.jpg 768w, https:\/\/bucurestizoo.ro\/wp-content\/uploads\/2024\/12\/serval-3-340x510.jpg 340w, https:\/\/bucurestizoo.ro\/wp-content\/uploads\/2024\/12\/serval-3.jpg 853w\" sizes=\"(max-width: 682px) 100vw, 682px\" data-id=\"12138\" \/>\t\t\t\t\t\t\t\t\t\t\t\t\t\t\t<\/div>\n\t\t\t\t<\/div>\n\t\t\t\t<\/div>\n\t\t\t\t\t<\/div>\n\t\t\t\t<\/div>\n\t\t<div class=\"elementor-element elementor-element-2b56b3ad animated-slow e-flex e-con-boxed elementor-invisible e-con e-parent\" data-id=\"2b56b3ad\" data-element_type=\"container\" data-e-type=\"container\" data-settings=\"{&quot;animation&quot;:&quot;fadeInLeft&quot;}\">\n\t\t\t\t\t<div class=\"e-con-inner\">\n\t\t\t\t<div class=\"elementor-element elementor-element-6d869811 elementor-widget elementor-widget-heading\" data-id=\"6d869811\" data-element_type=\"widget\" data-e-type=\"widget\" data-widget_type=\"heading.default\">\n\t\t\t\t<div class=\"elementor-widget-container\">\n\t\t\t\t\t<h1 class=\"elementor-heading-title elementor-size-default\">General:<\/h1>\t\t\t\t<\/div>\n\t\t\t\t<\/div>\n\t\t\t\t<div class=\"elementor-element elementor-element-4f81d21f elementor-widget elementor-widget-text-editor\" data-id=\"4f81d21f\" data-element_type=\"widget\" data-e-type=\"widget\" data-widget_type=\"text-editor.default\">\n\t\t\t\t<div class=\"elementor-widget-container\">\n\t\t\t\t\t\t\t\t\t<p>Servalii sunt pisici s\u0103lbatice cu picioare lungi \u0219i urechi mari, adaptate pentru v\u00e2n\u0103toare. Sunt v\u00e2n\u0103tori excelen\u021bi \u0219i pot s\u0103ri p\u00e2n\u0103 la 3 metri \u00een aer pentru a prinde p\u0103s\u0103ri. Sunt animale solitare, nocturne \u0219i teritoriale. Pot detecta prada sub p\u0103m\u00e2nt cu ajutorul urechilor lor sensibile. Servalii \u00ee\u0219i pot roti urechile la 180 de grade. Sunt uneori \u00eencruci\u0219a\u021bi cu pisicile domestice pentru a crea rase hibride, cum ar fi Savannah Cat.<\/p>\t\t\t\t\t\t\t\t<\/div>\n\t\t\t\t<\/div>\n\t\t\t\t\t<\/div>\n\t\t\t\t<\/div>\n\t\t<div class=\"elementor-element elementor-element-112d18ea e-flex e-con-boxed e-con e-parent\" data-id=\"112d18ea\" data-element_type=\"container\" data-e-type=\"container\">\n\t\t\t\t\t<div class=\"e-con-inner\">\n\t\t\t\t<div class=\"elementor-element elementor-element-3118dfa6 elementor-widget elementor-widget-gallery\" data-id=\"3118dfa6\" data-element_type=\"widget\" data-e-type=\"widget\" data-settings=\"{&quot;columns&quot;:2,&quot;lazyload&quot;:&quot;yes&quot;,&quot;gallery_layout&quot;:&quot;grid&quot;,&quot;columns_tablet&quot;:2,&quot;columns_mobile&quot;:1,&quot;gap&quot;:{&quot;unit&quot;:&quot;px&quot;,&quot;size&quot;:10,&quot;sizes&quot;:[]},&quot;gap_tablet&quot;:{&quot;unit&quot;:&quot;px&quot;,&quot;size&quot;:10,&quot;sizes&quot;:[]},&quot;gap_mobile&quot;:{&quot;unit&quot;:&quot;px&quot;,&quot;size&quot;:10,&quot;sizes&quot;:[]},&quot;link_to&quot;:&quot;file&quot;,&quot;aspect_ratio&quot;:&quot;3:2&quot;,&quot;overlay_background&quot;:&quot;yes&quot;,&quot;content_hover_animation&quot;:&quot;fade-in&quot;}\" data-widget_type=\"gallery.default\">\n\t\t\t\t<div class=\"elementor-widget-container\">\n\t\t\t\t\t\t\t<div class=\"elementor-gallery__container\">\n\t\t\t\t\t\t\t<a class=\"e-gallery-item elementor-gallery-item elementor-animated-content\" href=\"https:\/\/bucurestizoo.ro\/wp-content\/uploads\/2024\/12\/serval-2.jpg\" data-elementor-open-lightbox=\"yes\" data-elementor-lightbox-slideshow=\"3118dfa6\" data-elementor-lightbox-title=\"serval 2\" data-e-action-hash=\"#elementor-action%3Aaction%3Dlightbox%26settings%3DeyJpZCI6MTIxMzcsInVybCI6Imh0dHBzOlwvXC9idWN1cmVzdGl6b28ucm9cL3dwLWNvbnRlbnRcL3VwbG9hZHNcLzIwMjRcLzEyXC9zZXJ2YWwtMi5qcGciLCJzbGlkZXNob3ciOiIzMTE4ZGZhNiJ9\">\n\t\t\t\t\t<div class=\"e-gallery-image elementor-gallery-item__image\" data-thumbnail=\"https:\/\/bucurestizoo.ro\/wp-content\/uploads\/2024\/12\/serval-2-1024x684.jpg\" data-width=\"847\" data-height=\"566\" aria-label=\"\" role=\"img\" ><\/div>\n\t\t\t\t\t\t\t\t\t\t\t<div class=\"elementor-gallery-item__overlay\"><\/div>\n\t\t\t\t\t\t\t\t\t\t\t\t\t\t<\/a>\n\t\t\t\t\t\t\t<a class=\"e-gallery-item elementor-gallery-item elementor-animated-content\" href=\"https:\/\/bucurestizoo.ro\/wp-content\/uploads\/2025\/04\/serval-dt.jpg\" data-elementor-open-lightbox=\"yes\" data-elementor-lightbox-slideshow=\"3118dfa6\" data-elementor-lightbox-title=\"serval dt\" data-e-action-hash=\"#elementor-action%3Aaction%3Dlightbox%26settings%3DeyJpZCI6MTUwMDksInVybCI6Imh0dHBzOlwvXC9idWN1cmVzdGl6b28ucm9cL3dwLWNvbnRlbnRcL3VwbG9hZHNcLzIwMjVcLzA0XC9zZXJ2YWwtZHQuanBnIiwic2xpZGVzaG93IjoiMzExOGRmYTYifQ%3D%3D\">\n\t\t\t\t\t<div class=\"e-gallery-image elementor-gallery-item__image\" data-thumbnail=\"https:\/\/bucurestizoo.ro\/wp-content\/uploads\/2025\/04\/serval-dt-1024x683.jpg\" data-width=\"847\" data-height=\"565\" aria-label=\"\" role=\"img\" ><\/div>\n\t\t\t\t\t\t\t\t\t\t\t<div class=\"elementor-gallery-item__overlay\"><\/div>\n\t\t\t\t\t\t\t\t\t\t\t\t\t\t<\/a>\n\t\t\t\t\t<\/div>\n\t\t\t\t\t<\/div>\n\t\t\t\t<\/div>\n\t\t\t\t\t<\/div>\n\t\t\t\t<\/div>\n\t\t<div class=\"elementor-element elementor-element-46f11a25 animated-slow e-flex e-con-boxed elementor-invisible e-con e-parent\" data-id=\"46f11a25\" data-element_type=\"container\" data-e-type=\"container\" data-settings=\"{&quot;animation&quot;:&quot;fadeInRight&quot;}\">\n\t\t\t\t\t<div class=\"e-con-inner\">\n\t\t\t\t<div class=\"elementor-element elementor-element-567d1ccd elementor-widget elementor-widget-heading\" data-id=\"567d1ccd\" data-element_type=\"widget\" data-e-type=\"widget\" data-widget_type=\"heading.default\">\n\t\t\t\t<div class=\"elementor-widget-container\">\n\t\t\t\t\t<h1 class=\"elementor-heading-title elementor-size-default\">Habitat:<\/h1>\t\t\t\t<\/div>\n\t\t\t\t<\/div>\n\t\t\t\t<div class=\"elementor-element elementor-element-17e08442 elementor-widget elementor-widget-text-editor\" data-id=\"17e08442\" data-element_type=\"widget\" data-e-type=\"widget\" data-widget_type=\"text-editor.default\">\n\t\t\t\t<div class=\"elementor-widget-container\">\n\t\t\t\t\t\t\t\t\t<p>Aproximativ 90% din dieta servalului este format\u0103 din roz\u0103toare. Prefer\u0103 savanele, zonele ml\u0103\u0219tinoase \u0219i p\u0103durile rare. Evit\u0103 de\u0219erturile \u0219i p\u0103durile dense.<\/p>\t\t\t\t\t\t\t\t<\/div>\n\t\t\t\t<\/div>\n\t\t\t\t\t<\/div>\n\t\t\t\t<\/div>\n\t\t<div class=\"elementor-element elementor-element-32807169 e-grid e-con-boxed e-con e-parent\" data-id=\"32807169\" data-element_type=\"container\" data-e-type=\"container\">\n\t\t\t\t\t<div class=\"e-con-inner\">\n\t\t<div class=\"elementor-element elementor-element-20028dac e-con-full animated-slow e-flex elementor-invisible e-con e-child\" data-id=\"20028dac\" data-element_type=\"container\" data-e-type=\"container\" data-settings=\"{&quot;animation&quot;:&quot;fadeInLeft&quot;}\">\n\t\t\t\t<div class=\"elementor-element elementor-element-3b642ff5 elementor-widget elementor-widget-heading\" data-id=\"3b642ff5\" data-element_type=\"widget\" data-e-type=\"widget\" data-widget_type=\"heading.default\">\n\t\t\t\t<div class=\"elementor-widget-container\">\n\t\t\t\t\t<h1 class=\"elementor-heading-title elementor-size-default\">Hran\u0103:<\/h1>\t\t\t\t<\/div>\n\t\t\t\t<\/div>\n\t\t\t\t<div class=\"elementor-element elementor-element-2ee25aa6 elementor-widget elementor-widget-text-editor\" data-id=\"2ee25aa6\" data-element_type=\"widget\" data-e-type=\"widget\" data-widget_type=\"text-editor.default\">\n\t\t\t\t<div class=\"elementor-widget-container\">\n\t\t\t\t\t\t\t\t\t<ul><li>Roz\u0103toare<\/li><li>Birds<\/li><li>Fish<\/li><li>Reptiles<\/li><\/ul>\t\t\t\t\t\t\t\t<\/div>\n\t\t\t\t<\/div>\n\t\t\t\t<\/div>\n\t\t<div class=\"elementor-element elementor-element-4f5ea17a e-con-full animated-slow e-flex elementor-invisible e-con e-child\" data-id=\"4f5ea17a\" data-element_type=\"container\" data-e-type=\"container\" data-settings=\"{&quot;animation&quot;:&quot;fadeInRight&quot;}\">\n\t\t\t\t<div class=\"elementor-element elementor-element-39589479 elementor-widget elementor-widget-heading\" data-id=\"39589479\" data-element_type=\"widget\" data-e-type=\"widget\" data-widget_type=\"heading.default\">\n\t\t\t\t<div class=\"elementor-widget-container\">\n\t\t\t\t\t<h1 class=\"elementor-heading-title elementor-size-default\">Conservare:<\/h1>\t\t\t\t<\/div>\n\t\t\t\t<\/div>\n\t\t\t\t<div class=\"elementor-element elementor-element-2f0d0d6 elementor-widget elementor-widget-text-editor\" data-id=\"2f0d0d6\" data-element_type=\"widget\" data-e-type=\"widget\" data-widget_type=\"text-editor.default\">\n\t\t\t\t<div class=\"elementor-widget-container\">\n\t\t\t\t\t\t\t\t\t<p>Nu sunt considera\u021bi amenin\u021ba\u021bi, dar sunt v\u00e2na\u021bi pentru blana lor \u0219i uneori captura\u021bi pentru comer\u021bul cu animale de companie exotice.<\/p>\t\t\t\t\t\t\t\t<\/div>\n\t\t\t\t<\/div>\n\t\t\t\t<\/div>\n\t\t\t\t\t<\/div>\n\t\t\t\t<\/div>\n\t\t\t\t<\/div>","protected":false},"excerpt":{"rendered":"<p>Serval Denumirea \u0219tiin\u021bific\u0103: Leptailurus servalOrdinul: CarnivoraFamilia: FelidaeGenul: LeptailurusSpecia: Leptailurus serval Distribu\u021bia pe glob: Servalii sunt nativi din Africa subsaharian\u0103, prefer\u00e2nd habitatele cu iarb\u0103 \u00eenalt\u0103, savane \u0219i mla\u0219tini, aproape de surse de ap\u0103 Dimensiuni:\u2013 Lungimea corpului: 54\u2013100 cm\u2013 \u00cen\u0103l\u021bimea la greab\u0103n: 54\u201366 cm\u2013 Greutatea: 9\u201318 kg Perioada de gesta\u021bie:\u2013 Durat\u0103: 66\u201377 zile\u2013 Num\u0103r de pui: 1\u20134 &hellip; <a href=\"https:\/\/bucurestizoo.ro\/en\/serval\/\" class=\"more-link\">Continue reading <span class=\"screen-reader-text\">Serval<\/span><\/a><\/p>","protected":false},"author":1,"featured_media":0,"parent":0,"menu_order":0,"comment_status":"closed","ping_status":"closed","template":"","meta":{"_monsterinsights_skip_tracking":false,"_monsterinsights_sitenote_active":false,"_monsterinsights_sitenote_note":"","_monsterinsights_sitenote_category":0,"footnotes":""},"class_list":["post-11788","page","type-page","status-publish","hentry"],"aioseo_notices":[],"_links":{"self":[{"href":"https:\/\/bucurestizoo.ro\/en\/wp-json\/wp\/v2\/pages\/11788","targetHints":{"allow":["GET"]}}],"collection":[{"href":"https:\/\/bucurestizoo.ro\/en\/wp-json\/wp\/v2\/pages"}],"about":[{"href":"https:\/\/bucurestizoo.ro\/en\/wp-json\/wp\/v2\/types\/page"}],"author":[{"embeddable":true,"href":"https:\/\/bucurestizoo.ro\/en\/wp-json\/wp\/v2\/users\/1"}],"replies":[{"embeddable":true,"href":"https:\/\/bucurestizoo.ro\/en\/wp-json\/wp\/v2\/comments?post=11788"}],"version-history":[{"count":7,"href":"https:\/\/bucurestizoo.ro\/en\/wp-json\/wp\/v2\/pages\/11788\/revisions"}],"predecessor-version":[{"id":15012,"href":"https:\/\/bucurestizoo.ro\/en\/wp-json\/wp\/v2\/pages\/11788\/revisions\/15012"}],"wp:attachment":[{"href":"https:\/\/bucurestizoo.ro\/en\/wp-json\/wp\/v2\/media?parent=11788"}],"curies":[{"name":"wp","href":"https:\/\/api.w.org\/{rel}","templated":true}]}}