{"id":11786,"date":"2024-12-09T12:54:25","date_gmt":"2024-12-09T10:54:25","guid":{"rendered":"https:\/\/n1.bucurestizoo.ro\/?page_id=11786"},"modified":"2025-04-05T10:42:57","modified_gmt":"2025-04-05T08:42:57","slug":"raton","status":"publish","type":"page","link":"https:\/\/bucurestizoo.ro\/en\/raton\/","title":{"rendered":"Raton"},"content":{"rendered":"<div data-elementor-type=\"wp-page\" data-elementor-id=\"11786\" class=\"elementor elementor-11786\" data-elementor-post-type=\"page\">\n\t\t\t\t<div class=\"elementor-element elementor-element-47736e0c e-flex e-con-boxed e-con e-parent\" data-id=\"47736e0c\" data-element_type=\"container\" data-e-type=\"container\" data-settings=\"{&quot;background_background&quot;:&quot;classic&quot;}\">\n\t\t\t\t\t<div class=\"e-con-inner\">\n\t\t<div class=\"elementor-element elementor-element-16ec1c00 e-con-full e-flex e-con e-child\" data-id=\"16ec1c00\" data-element_type=\"container\" data-e-type=\"container\">\n\t\t<div class=\"elementor-element elementor-element-24139dac e-con-full animated-slow e-flex elementor-invisible e-con e-child\" data-id=\"24139dac\" data-element_type=\"container\" data-e-type=\"container\" data-settings=\"{&quot;animation&quot;:&quot;fadeInLeft&quot;}\">\n\t\t\t\t<div class=\"elementor-element elementor-element-208895ea elementor-widget elementor-widget-heading\" data-id=\"208895ea\" data-element_type=\"widget\" data-e-type=\"widget\" data-widget_type=\"heading.default\">\n\t\t\t\t<div class=\"elementor-widget-container\">\n\t\t\t\t\t<h1 class=\"elementor-heading-title elementor-size-default\">Raton<\/h1>\t\t\t\t<\/div>\n\t\t\t\t<\/div>\n\t\t\t\t<div class=\"elementor-element elementor-element-7841552d elementor-widget elementor-widget-text-editor\" data-id=\"7841552d\" data-element_type=\"widget\" data-e-type=\"widget\" data-widget_type=\"text-editor.default\">\n\t\t\t\t<div class=\"elementor-widget-container\">\n\t\t\t\t\t\t\t\t\t<p class=\"\" data-start=\"0\" data-end=\"143\"><strong data-start=\"0\" data-end=\"26\">Denumirea \u0219tiin\u021bific\u0103:<\/strong> Procyon lotor<br data-start=\"40\" data-end=\"43\" \/><strong data-start=\"43\" data-end=\"55\">Ordinul:<\/strong> Carnivora<br data-start=\"65\" data-end=\"68\" \/><strong data-start=\"68\" data-end=\"80\">Familia:<\/strong> Procyonidae<br data-start=\"92\" data-end=\"95\" data-is-only-node=\"\" \/><strong data-start=\"95\" data-end=\"105\">Genul:<\/strong> Procyon<br data-start=\"113\" data-end=\"116\" \/><strong data-start=\"116\" data-end=\"127\">Specia:<\/strong> Procyon lotor<\/p><p class=\"\" data-start=\"145\" data-end=\"360\"><strong data-start=\"145\" data-end=\"169\">Distribu\u021bia pe glob:<\/strong> Ratonii sunt originari din America de Nord (din Canada p\u00e2n\u0103 \u00een Panama). Datorit\u0103 adaptabilit\u0103\u021bii lor ridicate, au fost introdu\u0219i \u0219i \u00een Europa \u0219i Asia, unde s-au stabilit \u00een anumite regiuni<\/p><p class=\"\" data-start=\"362\" data-end=\"509\"><strong data-start=\"362\" data-end=\"377\">Dimensiuni:<\/strong><br data-start=\"377\" data-end=\"380\" \/>\u2013 Lungimea corpului: 40\u201370 cm<br data-start=\"409\" data-end=\"412\" \/>\u2013 Lungimea cozii: 20\u201340 cm<br data-start=\"438\" data-end=\"441\" \/>\u2013 Greutatea: 3\u201310 kg (\u00een func\u021bie de anotimp \u0219i resursele de hran\u0103)<\/p><p class=\"\" data-start=\"511\" data-end=\"594\"><strong data-start=\"511\" data-end=\"536\">Perioada de gesta\u021bie:<\/strong><br data-start=\"536\" data-end=\"539\" \/>\u2013 Durat\u0103: 63\u201365 zile<br data-start=\"559\" data-end=\"562\" \/>\u2013 Num\u0103r de pui: 2\u20137 per f\u0103tare<\/p><p class=\"\" data-start=\"596\" data-end=\"761\"><strong data-start=\"596\" data-end=\"618\">Speran\u021ba de via\u021b\u0103:<\/strong><br data-start=\"618\" data-end=\"621\" \/>\u2013 2\u20133 ani \u00een s\u0103lb\u0103ticie (din cauza pr\u0103d\u0103torilor, bolilor \u0219i pericolelor umane)<br data-start=\"699\" data-end=\"702\" \/>\u2013 P\u00e2n\u0103 la 20 de ani \u00een captivitate, cu \u00eengrijire adecvat\u0103<\/p>\t\t\t\t\t\t\t\t<\/div>\n\t\t\t\t<\/div>\n\t\t\t\t<\/div>\n\t\t\t\t<div class=\"elementor-element elementor-element-5ce9f608 elementor-widget-tablet__width-inherit animated-slow elementor-invisible elementor-widget elementor-widget-image\" data-id=\"5ce9f608\" data-element_type=\"widget\" data-e-type=\"widget\" data-settings=\"{&quot;_animation&quot;:&quot;fadeInRight&quot;}\" data-widget_type=\"image.default\">\n\t\t\t\t<div class=\"elementor-widget-container\">\n\t\t\t\t\t\t\t\t\t\t\t\t\t\t\t<img fetchpriority=\"high\" decoding=\"async\" width=\"682\" height=\"1024\" src=\"https:\/\/bucurestizoo.ro\/wp-content\/uploads\/2024\/12\/raton-3-682x1024.jpg\" class=\"attachment-large size-large wp-image-12131\" alt=\"\" srcset=\"https:\/\/bucurestizoo.ro\/wp-content\/uploads\/2024\/12\/raton-3-682x1024.jpg 682w, https:\/\/bucurestizoo.ro\/wp-content\/uploads\/2024\/12\/raton-3-200x300.jpg 200w, https:\/\/bucurestizoo.ro\/wp-content\/uploads\/2024\/12\/raton-3-768x1152.jpg 768w, https:\/\/bucurestizoo.ro\/wp-content\/uploads\/2024\/12\/raton-3-340x510.jpg 340w, https:\/\/bucurestizoo.ro\/wp-content\/uploads\/2024\/12\/raton-3.jpg 853w\" sizes=\"(max-width: 682px) 100vw, 682px\" data-id=\"12131\" \/>\t\t\t\t\t\t\t\t\t\t\t\t\t\t\t<\/div>\n\t\t\t\t<\/div>\n\t\t\t\t<\/div>\n\t\t\t\t\t<\/div>\n\t\t\t\t<\/div>\n\t\t<div class=\"elementor-element elementor-element-3816e8c6 animated-slow e-flex e-con-boxed elementor-invisible e-con e-parent\" data-id=\"3816e8c6\" data-element_type=\"container\" data-e-type=\"container\" data-settings=\"{&quot;animation&quot;:&quot;fadeInLeft&quot;}\">\n\t\t\t\t\t<div class=\"e-con-inner\">\n\t\t\t\t<div class=\"elementor-element elementor-element-7b6d1a02 elementor-widget elementor-widget-heading\" data-id=\"7b6d1a02\" data-element_type=\"widget\" data-e-type=\"widget\" data-widget_type=\"heading.default\">\n\t\t\t\t<div class=\"elementor-widget-container\">\n\t\t\t\t\t<h1 class=\"elementor-heading-title elementor-size-default\">General:<\/h1>\t\t\t\t<\/div>\n\t\t\t\t<\/div>\n\t\t\t\t<div class=\"elementor-element elementor-element-1a6ac49d elementor-widget elementor-widget-text-editor\" data-id=\"1a6ac49d\" data-element_type=\"widget\" data-e-type=\"widget\" data-widget_type=\"text-editor.default\">\n\t\t\t\t<div class=\"elementor-widget-container\">\n\t\t\t\t\t\t\t\t\t<p>Ratoni sunt mamifere omnivore, recunoscute pentru masca lor neagr\u0103 de pe fa\u021b\u0103 \u0219i labele agile. Ace\u0219tia sunt extrem de inteligen\u021bi \u0219i au o memorie foarte bun\u0103. Sunt cunoscu\u021bi pentru comportamentul lor \u201esp\u0103l\u0103tor\u201d, deoarece adesea \u00ee\u0219i \u00eenmoaie hrana \u00een ap\u0103. Sunt animale nocturne, dar pot fi active \u0219i ziua, mai ales \u00een ora\u0219e unde au acces la hran\u0103 u\u0219or de g\u0103sit. \u00cen s\u0103lb\u0103ticie, sunt solitari, dar \u00een zonele urbane pot forma mici grupuri.<br \/>Ratoni pot deschide u\u0219i, sertare \u0219i chiar lac\u0103te. Au degete extrem de sensibile \u0219i pot recunoa\u0219te obiecte prin atingere chiar \u0219i \u00een ap\u0103. Sunt capabili s\u0103 memoreze solu\u021bii la probleme complexe timp de ani \u00eentregi.<\/p>\t\t\t\t\t\t\t\t<\/div>\n\t\t\t\t<\/div>\n\t\t\t\t\t<\/div>\n\t\t\t\t<\/div>\n\t\t<div class=\"elementor-element elementor-element-eb27ae9 e-flex e-con-boxed e-con e-parent\" data-id=\"eb27ae9\" data-element_type=\"container\" data-e-type=\"container\">\n\t\t\t\t\t<div class=\"e-con-inner\">\n\t\t\t\t<div class=\"elementor-element elementor-element-77a3ae35 elementor-widget elementor-widget-gallery\" data-id=\"77a3ae35\" data-element_type=\"widget\" data-e-type=\"widget\" data-settings=\"{&quot;columns&quot;:2,&quot;lazyload&quot;:&quot;yes&quot;,&quot;gallery_layout&quot;:&quot;grid&quot;,&quot;columns_tablet&quot;:2,&quot;columns_mobile&quot;:1,&quot;gap&quot;:{&quot;unit&quot;:&quot;px&quot;,&quot;size&quot;:10,&quot;sizes&quot;:[]},&quot;gap_tablet&quot;:{&quot;unit&quot;:&quot;px&quot;,&quot;size&quot;:10,&quot;sizes&quot;:[]},&quot;gap_mobile&quot;:{&quot;unit&quot;:&quot;px&quot;,&quot;size&quot;:10,&quot;sizes&quot;:[]},&quot;link_to&quot;:&quot;file&quot;,&quot;aspect_ratio&quot;:&quot;3:2&quot;,&quot;overlay_background&quot;:&quot;yes&quot;,&quot;content_hover_animation&quot;:&quot;fade-in&quot;}\" data-widget_type=\"gallery.default\">\n\t\t\t\t<div class=\"elementor-widget-container\">\n\t\t\t\t\t\t\t<div class=\"elementor-gallery__container\">\n\t\t\t\t\t\t\t<a class=\"e-gallery-item elementor-gallery-item elementor-animated-content\" href=\"https:\/\/bucurestizoo.ro\/wp-content\/uploads\/2024\/12\/raton-1.jpg\" data-elementor-open-lightbox=\"yes\" data-elementor-lightbox-slideshow=\"77a3ae35\" data-elementor-lightbox-title=\"raton 1\" data-e-action-hash=\"#elementor-action%3Aaction%3Dlightbox%26settings%3DeyJpZCI6MTIxMjksInVybCI6Imh0dHBzOlwvXC9idWN1cmVzdGl6b28ucm9cL3dwLWNvbnRlbnRcL3VwbG9hZHNcLzIwMjRcLzEyXC9yYXRvbi0xLmpwZyIsInNsaWRlc2hvdyI6Ijc3YTNhZTM1In0%3D\">\n\t\t\t\t\t<div class=\"e-gallery-image elementor-gallery-item__image\" data-thumbnail=\"https:\/\/bucurestizoo.ro\/wp-content\/uploads\/2024\/12\/raton-1-881x1024.jpg\" data-width=\"847\" data-height=\"984\" aria-label=\"\" role=\"img\" ><\/div>\n\t\t\t\t\t\t\t\t\t\t\t<div class=\"elementor-gallery-item__overlay\"><\/div>\n\t\t\t\t\t\t\t\t\t\t\t\t\t\t<\/a>\n\t\t\t\t\t\t\t<a class=\"e-gallery-item elementor-gallery-item elementor-animated-content\" href=\"https:\/\/bucurestizoo.ro\/wp-content\/uploads\/2025\/04\/raton-dt.jpg\" data-elementor-open-lightbox=\"yes\" data-elementor-lightbox-slideshow=\"77a3ae35\" data-elementor-lightbox-title=\"raton dt\" data-e-action-hash=\"#elementor-action%3Aaction%3Dlightbox%26settings%3DeyJpZCI6MTQ5ODQsInVybCI6Imh0dHBzOlwvXC9idWN1cmVzdGl6b28ucm9cL3dwLWNvbnRlbnRcL3VwbG9hZHNcLzIwMjVcLzA0XC9yYXRvbi1kdC5qcGciLCJzbGlkZXNob3ciOiI3N2EzYWUzNSJ9\">\n\t\t\t\t\t<div class=\"e-gallery-image elementor-gallery-item__image\" data-thumbnail=\"https:\/\/bucurestizoo.ro\/wp-content\/uploads\/2025\/04\/raton-dt-1024x680.jpg\" data-width=\"847\" data-height=\"562\" aria-label=\"\" role=\"img\" ><\/div>\n\t\t\t\t\t\t\t\t\t\t\t<div class=\"elementor-gallery-item__overlay\"><\/div>\n\t\t\t\t\t\t\t\t\t\t\t\t\t\t<\/a>\n\t\t\t\t\t<\/div>\n\t\t\t\t\t<\/div>\n\t\t\t\t<\/div>\n\t\t\t\t\t<\/div>\n\t\t\t\t<\/div>\n\t\t<div class=\"elementor-element elementor-element-78e1c97 animated-slow e-flex e-con-boxed elementor-invisible e-con e-parent\" data-id=\"78e1c97\" data-element_type=\"container\" data-e-type=\"container\" data-settings=\"{&quot;animation&quot;:&quot;fadeInRight&quot;}\">\n\t\t\t\t\t<div class=\"e-con-inner\">\n\t\t\t\t<div class=\"elementor-element elementor-element-7e977e5c elementor-widget elementor-widget-heading\" data-id=\"7e977e5c\" data-element_type=\"widget\" data-e-type=\"widget\" data-widget_type=\"heading.default\">\n\t\t\t\t<div class=\"elementor-widget-container\">\n\t\t\t\t\t<h1 class=\"elementor-heading-title elementor-size-default\">Habitat:<\/h1>\t\t\t\t<\/div>\n\t\t\t\t<\/div>\n\t\t\t\t<div class=\"elementor-element elementor-element-6a92c794 elementor-widget elementor-widget-text-editor\" data-id=\"6a92c794\" data-element_type=\"widget\" data-e-type=\"widget\" data-widget_type=\"text-editor.default\">\n\t\t\t\t<div class=\"elementor-widget-container\">\n\t\t\t\t\t\t\t\t\t<p>Ratoni tr\u0103iesc \u00een p\u0103duri, mla\u0219tini, mun\u021bi \u0219i chiar \u00een ora\u0219e. Sunt foarte adaptabili \u0219i pot supravie\u021bui aproape oriunde exist\u0103 hran\u0103 \u0219i ad\u0103post. \u00cen mediul urban, se ascund \u00een mansarde, canaliz\u0103ri sau chiar ma\u0219ini abandonate.<\/p>\t\t\t\t\t\t\t\t<\/div>\n\t\t\t\t<\/div>\n\t\t\t\t\t<\/div>\n\t\t\t\t<\/div>\n\t\t<div class=\"elementor-element elementor-element-5b5be50c e-grid e-con-boxed e-con e-parent\" data-id=\"5b5be50c\" data-element_type=\"container\" data-e-type=\"container\">\n\t\t\t\t\t<div class=\"e-con-inner\">\n\t\t<div class=\"elementor-element elementor-element-6c3d1df4 e-con-full animated-slow e-flex elementor-invisible e-con e-child\" data-id=\"6c3d1df4\" data-element_type=\"container\" data-e-type=\"container\" data-settings=\"{&quot;animation&quot;:&quot;fadeInLeft&quot;}\">\n\t\t\t\t<div class=\"elementor-element elementor-element-116f3e5 elementor-widget elementor-widget-heading\" data-id=\"116f3e5\" data-element_type=\"widget\" data-e-type=\"widget\" data-widget_type=\"heading.default\">\n\t\t\t\t<div class=\"elementor-widget-container\">\n\t\t\t\t\t<h1 class=\"elementor-heading-title elementor-size-default\">Hran\u0103:<\/h1>\t\t\t\t<\/div>\n\t\t\t\t<\/div>\n\t\t\t\t<div class=\"elementor-element elementor-element-3bbad6f elementor-widget elementor-widget-text-editor\" data-id=\"3bbad6f\" data-element_type=\"widget\" data-e-type=\"widget\" data-widget_type=\"text-editor.default\">\n\t\t\t\t<div class=\"elementor-widget-container\">\n\t\t\t\t\t\t\t\t\t<p>Sunt omnivori oportuni\u0219ti \u0219i consum\u0103:<br \/>\u2022 Fructe, nuci, semin\u021be<br \/>\u2022 Insecte \u0219i nevertebrate<br \/>\u2022 Pe\u0219ti \u0219i amfibieni<br \/>\u2022 Resturi de m\u00e2ncare din tomberoane<\/p><p>Sunt capabili s\u0103 deschid\u0103 capacele de la co\u0219urile de gunoi \u0219i s\u0103 fure m\u00e2ncare din corturi sau case.<\/p>\t\t\t\t\t\t\t\t<\/div>\n\t\t\t\t<\/div>\n\t\t\t\t<\/div>\n\t\t<div class=\"elementor-element elementor-element-1880923b e-con-full animated-slow e-flex elementor-invisible e-con e-child\" data-id=\"1880923b\" data-element_type=\"container\" data-e-type=\"container\" data-settings=\"{&quot;animation&quot;:&quot;fadeInRight&quot;}\">\n\t\t\t\t<div class=\"elementor-element elementor-element-7bbecbe9 elementor-widget elementor-widget-heading\" data-id=\"7bbecbe9\" data-element_type=\"widget\" data-e-type=\"widget\" data-widget_type=\"heading.default\">\n\t\t\t\t<div class=\"elementor-widget-container\">\n\t\t\t\t\t<h1 class=\"elementor-heading-title elementor-size-default\">Conservare:<\/h1>\t\t\t\t<\/div>\n\t\t\t\t<\/div>\n\t\t\t\t<div class=\"elementor-element elementor-element-228e4948 elementor-widget elementor-widget-text-editor\" data-id=\"228e4948\" data-element_type=\"widget\" data-e-type=\"widget\" data-widget_type=\"text-editor.default\">\n\t\t\t\t<div class=\"elementor-widget-container\">\n\t\t\t\t\t\t\t\t\t<p>Ratoni nu sunt amenin\u021ba\u021bi, dar \u00een unele zone sunt considera\u021bi d\u0103un\u0103tori. \u00cen Germania \u0219i Japonia, au devenit invazivi, pun\u00e2nd presiune asupra faunei locale.<\/p>\t\t\t\t\t\t\t\t<\/div>\n\t\t\t\t<\/div>\n\t\t\t\t<\/div>\n\t\t\t\t\t<\/div>\n\t\t\t\t<\/div>\n\t\t\t\t<\/div>","protected":false},"excerpt":{"rendered":"<p>Raton Denumirea \u0219tiin\u021bific\u0103: Procyon lotorOrdinul: CarnivoraFamilia: ProcyonidaeGenul: ProcyonSpecia: Procyon lotor Distribu\u021bia pe glob: Ratonii sunt originari din America de Nord (din Canada p\u00e2n\u0103 \u00een Panama). Datorit\u0103 adaptabilit\u0103\u021bii lor ridicate, au fost introdu\u0219i \u0219i \u00een Europa \u0219i Asia, unde s-au stabilit \u00een anumite regiuni Dimensiuni:\u2013 Lungimea corpului: 40\u201370 cm\u2013 Lungimea cozii: 20\u201340 cm\u2013 Greutatea: 3\u201310 kg &hellip; <a href=\"https:\/\/bucurestizoo.ro\/en\/raton\/\" class=\"more-link\">Continue reading <span class=\"screen-reader-text\">Raton<\/span><\/a><\/p>","protected":false},"author":1,"featured_media":0,"parent":0,"menu_order":0,"comment_status":"closed","ping_status":"closed","template":"","meta":{"_monsterinsights_skip_tracking":false,"_monsterinsights_sitenote_active":false,"_monsterinsights_sitenote_note":"","_monsterinsights_sitenote_category":0,"footnotes":""},"class_list":["post-11786","page","type-page","status-publish","hentry"],"aioseo_notices":[],"_links":{"self":[{"href":"https:\/\/bucurestizoo.ro\/en\/wp-json\/wp\/v2\/pages\/11786","targetHints":{"allow":["GET"]}}],"collection":[{"href":"https:\/\/bucurestizoo.ro\/en\/wp-json\/wp\/v2\/pages"}],"about":[{"href":"https:\/\/bucurestizoo.ro\/en\/wp-json\/wp\/v2\/types\/page"}],"author":[{"embeddable":true,"href":"https:\/\/bucurestizoo.ro\/en\/wp-json\/wp\/v2\/users\/1"}],"replies":[{"embeddable":true,"href":"https:\/\/bucurestizoo.ro\/en\/wp-json\/wp\/v2\/comments?post=11786"}],"version-history":[{"count":10,"href":"https:\/\/bucurestizoo.ro\/en\/wp-json\/wp\/v2\/pages\/11786\/revisions"}],"predecessor-version":[{"id":14993,"href":"https:\/\/bucurestizoo.ro\/en\/wp-json\/wp\/v2\/pages\/11786\/revisions\/14993"}],"wp:attachment":[{"href":"https:\/\/bucurestizoo.ro\/en\/wp-json\/wp\/v2\/media?parent=11786"}],"curies":[{"name":"wp","href":"https:\/\/api.w.org\/{rel}","templated":true}]}}