{"id":11784,"date":"2024-12-09T12:54:02","date_gmt":"2024-12-09T10:54:02","guid":{"rendered":"https:\/\/n1.bucurestizoo.ro\/?page_id=11784"},"modified":"2025-04-05T14:46:47","modified_gmt":"2025-04-05T12:46:47","slug":"ras","status":"publish","type":"page","link":"https:\/\/bucurestizoo.ro\/en\/ras\/","title":{"rendered":"R\u00e2s"},"content":{"rendered":"<div data-elementor-type=\"wp-page\" data-elementor-id=\"11784\" class=\"elementor elementor-11784\" data-elementor-post-type=\"page\">\n\t\t\t\t<div class=\"elementor-element elementor-element-3a05c082 e-flex e-con-boxed e-con e-parent\" data-id=\"3a05c082\" data-element_type=\"container\" data-e-type=\"container\" data-settings=\"{&quot;background_background&quot;:&quot;classic&quot;}\">\n\t\t\t\t\t<div class=\"e-con-inner\">\n\t\t<div class=\"elementor-element elementor-element-541efe26 e-con-full e-flex e-con e-child\" data-id=\"541efe26\" data-element_type=\"container\" data-e-type=\"container\">\n\t\t<div class=\"elementor-element elementor-element-39894364 e-con-full animated-slow e-flex elementor-invisible e-con e-child\" data-id=\"39894364\" data-element_type=\"container\" data-e-type=\"container\" data-settings=\"{&quot;animation&quot;:&quot;fadeInLeft&quot;}\">\n\t\t\t\t<div class=\"elementor-element elementor-element-495e7184 elementor-widget elementor-widget-heading\" data-id=\"495e7184\" data-element_type=\"widget\" data-e-type=\"widget\" data-widget_type=\"heading.default\">\n\t\t\t\t<div class=\"elementor-widget-container\">\n\t\t\t\t\t<h1 class=\"elementor-heading-title elementor-size-default\">R\u00e2s<\/h1>\t\t\t\t<\/div>\n\t\t\t\t<\/div>\n\t\t\t\t<div class=\"elementor-element elementor-element-6c1f04d4 elementor-widget elementor-widget-text-editor\" data-id=\"6c1f04d4\" data-element_type=\"widget\" data-e-type=\"widget\" data-widget_type=\"text-editor.default\">\n\t\t\t\t<div class=\"elementor-widget-container\">\n\t\t\t\t\t\t\t\t\t<p class=\"\" data-start=\"0\" data-end=\"419\"><strong data-start=\"0\" data-end=\"20\">Nume \u0219tiin\u021bific:<\/strong> <em data-start=\"21\" data-end=\"27\">Lynx<\/em> <br data-start=\"107\" data-end=\"110\" data-is-only-node=\"\" \/><strong data-start=\"110\" data-end=\"120\">Clasa:<\/strong> Mammalia<br data-start=\"129\" data-end=\"132\" \/><strong data-start=\"132\" data-end=\"142\">Ordin:<\/strong> Carnivora<br data-start=\"152\" data-end=\"155\" \/><strong data-start=\"155\" data-end=\"167\">Familie:<\/strong> Felidae<br data-start=\"175\" data-end=\"178\" \/><strong data-start=\"178\" data-end=\"186\">Gen:<\/strong> <em data-start=\"187\" data-end=\"193\">Lynx<\/em><\/p><p class=\"\" data-start=\"421\" data-end=\"488\"><strong data-start=\"421\" data-end=\"437\">Distribu\u021bie:<\/strong> Europa, Asia, America de Nord, Peninsula Iberic\u0103<\/p><p class=\"\" data-start=\"490\" data-end=\"594\"><strong data-start=\"490\" data-end=\"505\">Dimensiuni:<\/strong><br data-start=\"505\" data-end=\"508\" \/>\u2013 Lungime corporal\u0103: 70\u2013130 cm<br data-start=\"538\" data-end=\"541\" \/>\u2013 \u00cen\u0103l\u021bime la greab\u0103n: 50\u201375 cm<br data-start=\"572\" data-end=\"575\" \/>\u2013 Coada: 10\u201325 cm<\/p><p class=\"\" data-start=\"596\" data-end=\"649\"><strong data-start=\"596\" data-end=\"609\">Greutate:<\/strong> 8\u201330 kg (\u00een func\u021bie de specie \u0219i sex)<\/p><p class=\"\" data-start=\"651\" data-end=\"721\"><strong data-start=\"651\" data-end=\"672\">Durata gesta\u021biei:<\/strong> 63\u201374 zile<br data-start=\"683\" data-end=\"686\" \/><strong data-start=\"686\" data-end=\"711\">Num\u0103r pui la na\u0219tere:<\/strong> 1\u20134 pui<\/p><p class=\"\" data-start=\"723\" data-end=\"812\"><strong data-start=\"723\" data-end=\"745\">Speran\u021ba de via\u021b\u0103:<\/strong><br data-start=\"745\" data-end=\"748\" \/>\u2013 10\u201312 ani \u00een s\u0103lb\u0103ticie<br data-start=\"773\" data-end=\"776\" \/>\u2013 P\u00e2n\u0103 la 20 de ani \u00een captivitate<\/p>\t\t\t\t\t\t\t\t<\/div>\n\t\t\t\t<\/div>\n\t\t\t\t<\/div>\n\t\t\t\t<div class=\"elementor-element elementor-element-72fe0ba9 elementor-widget-tablet__width-inherit animated-slow elementor-invisible elementor-widget elementor-widget-image\" data-id=\"72fe0ba9\" data-element_type=\"widget\" data-e-type=\"widget\" data-settings=\"{&quot;_animation&quot;:&quot;fadeInRight&quot;}\" data-widget_type=\"image.default\">\n\t\t\t\t<div class=\"elementor-widget-container\">\n\t\t\t\t\t\t\t\t\t\t\t\t\t\t\t<img fetchpriority=\"high\" decoding=\"async\" width=\"724\" height=\"1024\" src=\"https:\/\/bucurestizoo.ro\/wp-content\/uploads\/2024\/12\/ras-3-724x1024.jpg\" class=\"attachment-large size-large wp-image-12124\" alt=\"\" srcset=\"https:\/\/bucurestizoo.ro\/wp-content\/uploads\/2024\/12\/ras-3-724x1024.jpg 724w, https:\/\/bucurestizoo.ro\/wp-content\/uploads\/2024\/12\/ras-3-212x300.jpg 212w, https:\/\/bucurestizoo.ro\/wp-content\/uploads\/2024\/12\/ras-3-768x1086.jpg 768w, https:\/\/bucurestizoo.ro\/wp-content\/uploads\/2024\/12\/ras-3-361x510.jpg 361w, https:\/\/bucurestizoo.ro\/wp-content\/uploads\/2024\/12\/ras-3.jpg 905w\" sizes=\"(max-width: 724px) 100vw, 724px\" data-id=\"12124\" \/>\t\t\t\t\t\t\t\t\t\t\t\t\t\t\t<\/div>\n\t\t\t\t<\/div>\n\t\t\t\t<\/div>\n\t\t\t\t\t<\/div>\n\t\t\t\t<\/div>\n\t\t<div class=\"elementor-element elementor-element-7a71c801 animated-slow e-flex e-con-boxed elementor-invisible e-con e-parent\" data-id=\"7a71c801\" data-element_type=\"container\" data-e-type=\"container\" data-settings=\"{&quot;animation&quot;:&quot;fadeInLeft&quot;}\">\n\t\t\t\t\t<div class=\"e-con-inner\">\n\t\t\t\t<div class=\"elementor-element elementor-element-3848a2e3 elementor-widget elementor-widget-heading\" data-id=\"3848a2e3\" data-element_type=\"widget\" data-e-type=\"widget\" data-widget_type=\"heading.default\">\n\t\t\t\t<div class=\"elementor-widget-container\">\n\t\t\t\t\t<h1 class=\"elementor-heading-title elementor-size-default\">General:<\/h1>\t\t\t\t<\/div>\n\t\t\t\t<\/div>\n\t\t\t\t<div class=\"elementor-element elementor-element-34452060 elementor-widget elementor-widget-text-editor\" data-id=\"34452060\" data-element_type=\"widget\" data-e-type=\"widget\" data-widget_type=\"text-editor.default\">\n\t\t\t\t<div class=\"elementor-widget-container\">\n\t\t\t\t\t\t\t\t\t<p>R\u00e2sul este un carnivor solitar \u0219i agil, recunoscut pentru urechile sale cu smocuri de p\u0103r negre, care \u00eembun\u0103t\u0103\u021besc percep\u021bia auditiv\u0103, \u0219i blana sa groas\u0103, adaptat\u0103 la clima rece. Este activ mai ales la amurg \u0219i pe timpul nop\u021bii, fiind un pr\u0103d\u0103tor eficient \u0219i discret.<\/p><p>Blana r\u00e2sului variaz\u0103 de la galben-ro\u0219cat la gri, cu pete \u00eentunecate, care \u00eei ofer\u0103 un camuflaj excelent. R\u00e2sul este un simbol al p\u0103durilor s\u0103lbatice \u0219i joac\u0103 un rol important \u00een men\u021binerea echilibrului ecologic prin controlul popula\u021biilor de ierbivore mici.<\/p>\t\t\t\t\t\t\t\t<\/div>\n\t\t\t\t<\/div>\n\t\t\t\t\t<\/div>\n\t\t\t\t<\/div>\n\t\t<div class=\"elementor-element elementor-element-ce53864 e-flex e-con-boxed e-con e-parent\" data-id=\"ce53864\" data-element_type=\"container\" data-e-type=\"container\">\n\t\t\t\t\t<div class=\"e-con-inner\">\n\t\t\t\t<div class=\"elementor-element elementor-element-7ee8299a elementor-widget elementor-widget-gallery\" data-id=\"7ee8299a\" data-element_type=\"widget\" data-e-type=\"widget\" data-settings=\"{&quot;columns&quot;:2,&quot;lazyload&quot;:&quot;yes&quot;,&quot;gallery_layout&quot;:&quot;grid&quot;,&quot;columns_tablet&quot;:2,&quot;columns_mobile&quot;:1,&quot;gap&quot;:{&quot;unit&quot;:&quot;px&quot;,&quot;size&quot;:10,&quot;sizes&quot;:[]},&quot;gap_tablet&quot;:{&quot;unit&quot;:&quot;px&quot;,&quot;size&quot;:10,&quot;sizes&quot;:[]},&quot;gap_mobile&quot;:{&quot;unit&quot;:&quot;px&quot;,&quot;size&quot;:10,&quot;sizes&quot;:[]},&quot;link_to&quot;:&quot;file&quot;,&quot;aspect_ratio&quot;:&quot;3:2&quot;,&quot;overlay_background&quot;:&quot;yes&quot;,&quot;content_hover_animation&quot;:&quot;fade-in&quot;}\" data-widget_type=\"gallery.default\">\n\t\t\t\t<div class=\"elementor-widget-container\">\n\t\t\t\t\t\t\t<div class=\"elementor-gallery__container\">\n\t\t\t\t\t\t\t<a class=\"e-gallery-item elementor-gallery-item elementor-animated-content\" href=\"https:\/\/bucurestizoo.ro\/wp-content\/uploads\/2025\/04\/ras_dt.jpg\" data-elementor-open-lightbox=\"yes\" data-elementor-lightbox-slideshow=\"7ee8299a\" data-elementor-lightbox-title=\"ras_dt\" data-e-action-hash=\"#elementor-action%3Aaction%3Dlightbox%26settings%3DeyJpZCI6MTUxMTgsInVybCI6Imh0dHBzOlwvXC9idWN1cmVzdGl6b28ucm9cL3dwLWNvbnRlbnRcL3VwbG9hZHNcLzIwMjVcLzA0XC9yYXNfZHQuanBnIiwic2xpZGVzaG93IjoiN2VlODI5OWEifQ%3D%3D\">\n\t\t\t\t\t<div class=\"e-gallery-image elementor-gallery-item__image\" data-thumbnail=\"https:\/\/bucurestizoo.ro\/wp-content\/uploads\/2025\/04\/ras_dt-1024x681.jpg\" data-width=\"847\" data-height=\"563\" aria-label=\"\" role=\"img\" ><\/div>\n\t\t\t\t\t\t\t\t\t\t\t<div class=\"elementor-gallery-item__overlay\"><\/div>\n\t\t\t\t\t\t\t\t\t\t\t\t\t\t<\/a>\n\t\t\t\t\t\t\t<a class=\"e-gallery-item elementor-gallery-item elementor-animated-content\" href=\"https:\/\/bucurestizoo.ro\/wp-content\/uploads\/2024\/12\/ras-1.jpg\" data-elementor-open-lightbox=\"yes\" data-elementor-lightbox-slideshow=\"7ee8299a\" data-elementor-lightbox-title=\"ras 1\" data-e-action-hash=\"#elementor-action%3Aaction%3Dlightbox%26settings%3DeyJpZCI6MTIxMjIsInVybCI6Imh0dHBzOlwvXC9idWN1cmVzdGl6b28ucm9cL3dwLWNvbnRlbnRcL3VwbG9hZHNcLzIwMjRcLzEyXC9yYXMtMS5qcGciLCJzbGlkZXNob3ciOiI3ZWU4Mjk5YSJ9\">\n\t\t\t\t\t<div class=\"e-gallery-image elementor-gallery-item__image\" data-thumbnail=\"https:\/\/bucurestizoo.ro\/wp-content\/uploads\/2024\/12\/ras-1-1024x682.jpg\" data-width=\"847\" data-height=\"564\" aria-label=\"\" role=\"img\" ><\/div>\n\t\t\t\t\t\t\t\t\t\t\t<div class=\"elementor-gallery-item__overlay\"><\/div>\n\t\t\t\t\t\t\t\t\t\t\t\t\t\t<\/a>\n\t\t\t\t\t<\/div>\n\t\t\t\t\t<\/div>\n\t\t\t\t<\/div>\n\t\t\t\t\t<\/div>\n\t\t\t\t<\/div>\n\t\t<div class=\"elementor-element elementor-element-62a753c1 animated-slow e-flex e-con-boxed elementor-invisible e-con e-parent\" data-id=\"62a753c1\" data-element_type=\"container\" data-e-type=\"container\" data-settings=\"{&quot;animation&quot;:&quot;fadeInRight&quot;}\">\n\t\t\t\t\t<div class=\"e-con-inner\">\n\t\t\t\t<div class=\"elementor-element elementor-element-319a2bef elementor-widget elementor-widget-heading\" data-id=\"319a2bef\" data-element_type=\"widget\" data-e-type=\"widget\" data-widget_type=\"heading.default\">\n\t\t\t\t<div class=\"elementor-widget-container\">\n\t\t\t\t\t<h1 class=\"elementor-heading-title elementor-size-default\">Habitat:<\/h1>\t\t\t\t<\/div>\n\t\t\t\t<\/div>\n\t\t\t\t<div class=\"elementor-element elementor-element-59ee600a elementor-widget elementor-widget-text-editor\" data-id=\"59ee600a\" data-element_type=\"widget\" data-e-type=\"widget\" data-widget_type=\"text-editor.default\">\n\t\t\t\t<div class=\"elementor-widget-container\">\n\t\t\t\t\t\t\t\t\t<div class=\"et_pb_column et_pb_column_4_4 et_pb_column_20 et_pb_css_mix_blend_mode_passthrough et-last-child\"><div class=\"et_pb_module et_pb_text et_pb_text_11 et_pb_bg_layout_light et_pb_text_align_left\"><div class=\"et_pb_text_inner\"><p>R\u00e2sul tr\u0103ie\u0219te \u00een p\u0103duri dense de conifere \u0219i foioase, prefer\u00e2nd regiunile montane \u0219i \u00eemp\u0103durite. Unele specii, precum r\u00e2sul iberic, sunt adaptate la habitate mai deschise, cum ar fi p\u0103durile mediteraneene. Este un animal teritorial \u0219i \u00ee\u0219i marcheaz\u0103 teritoriul cu urme \u0219i mirosuri.<\/p><\/div><\/div><\/div>\t\t\t\t\t\t\t\t<\/div>\n\t\t\t\t<\/div>\n\t\t\t\t\t<\/div>\n\t\t\t\t<\/div>\n\t\t<div class=\"elementor-element elementor-element-49d8f1e3 e-grid e-con-boxed e-con e-parent\" data-id=\"49d8f1e3\" data-element_type=\"container\" data-e-type=\"container\">\n\t\t\t\t\t<div class=\"e-con-inner\">\n\t\t<div class=\"elementor-element elementor-element-7b192363 e-con-full animated-slow e-flex elementor-invisible e-con e-child\" data-id=\"7b192363\" data-element_type=\"container\" data-e-type=\"container\" data-settings=\"{&quot;animation&quot;:&quot;fadeInLeft&quot;}\">\n\t\t\t\t<div class=\"elementor-element elementor-element-2320af4c elementor-widget elementor-widget-heading\" data-id=\"2320af4c\" data-element_type=\"widget\" data-e-type=\"widget\" data-widget_type=\"heading.default\">\n\t\t\t\t<div class=\"elementor-widget-container\">\n\t\t\t\t\t<h1 class=\"elementor-heading-title elementor-size-default\">Hran\u0103:<\/h1>\t\t\t\t<\/div>\n\t\t\t\t<\/div>\n\t\t\t\t<div class=\"elementor-element elementor-element-403549a6 elementor-widget elementor-widget-text-editor\" data-id=\"403549a6\" data-element_type=\"widget\" data-e-type=\"widget\" data-widget_type=\"text-editor.default\">\n\t\t\t\t<div class=\"elementor-widget-container\">\n\t\t\t\t\t\t\t\t\t<div class=\"et_pb_module et_pb_text et_pb_text_7 et_pb_bg_layout_light et_pb_text_align_left\"><div class=\"et_pb_text_inner\"><p>R\u00e2sul este un carnivor strict, hr\u0103nindu-se cu mamifere mici \u0219i mijlocii, cum ar fi iepurii, c\u0103prioarele, caprele s\u0103lbatice \u0219i p\u0103s\u0103rile. Este un v\u00e2n\u0103tor solitar, atac\u00e2nd prada prin surprindere. Consum\u0103 \u0219i carcase atunci c\u00e2nd hrana este rar\u0103.<\/p><p>\u00cen captivitate, dieta sa include carne proasp\u0103t\u0103, cum ar fi carne de vit\u0103, pui, iepure \u0219i suplimente nutritive.<\/p><\/div><\/div>\t\t\t\t\t\t\t\t<\/div>\n\t\t\t\t<\/div>\n\t\t\t\t<\/div>\n\t\t<div class=\"elementor-element elementor-element-4ab87336 e-con-full animated-slow e-flex elementor-invisible e-con e-child\" data-id=\"4ab87336\" data-element_type=\"container\" data-e-type=\"container\" data-settings=\"{&quot;animation&quot;:&quot;fadeInRight&quot;}\">\n\t\t\t\t<div class=\"elementor-element elementor-element-44fda8e6 elementor-widget elementor-widget-heading\" data-id=\"44fda8e6\" data-element_type=\"widget\" data-e-type=\"widget\" data-widget_type=\"heading.default\">\n\t\t\t\t<div class=\"elementor-widget-container\">\n\t\t\t\t\t<h1 class=\"elementor-heading-title elementor-size-default\">Conservare:<\/h1>\t\t\t\t<\/div>\n\t\t\t\t<\/div>\n\t\t\t\t<div class=\"elementor-element elementor-element-210d44d1 elementor-widget elementor-widget-text-editor\" data-id=\"210d44d1\" data-element_type=\"widget\" data-e-type=\"widget\" data-widget_type=\"text-editor.default\">\n\t\t\t\t<div class=\"elementor-widget-container\">\n\t\t\t\t\t\t\t\t\t<p>Starea de conservare a r\u00e2sului variaz\u0103 \u00een func\u021bie de specie. R\u00e2sul eurasiatic (<em>Lynx lynx<\/em>) este clasificat ca \u201eLeast Concern,\u201d dar popula\u021biile locale sunt amenin\u021bate de pierderea habitatului, braconaj \u0219i fragmentarea teritoriilor. R\u00e2sul iberic (<em>Lynx pardinus<\/em>), \u00een schimb, este \u201eCritically Endangered\u201d \u0219i una dintre cele mai amenin\u021bate specii de feline din lume.<\/p><p>Eforturile de conservare includ crearea \u0219i protejarea habitatelor, repopularea zonelor istorice \u0219i reducerea conflictelor cu oamenii. Programele de reproducere \u00een captivitate au contribuit la salvarea r\u00e2sului iberic de la dispari\u021bie.<\/p>\t\t\t\t\t\t\t\t<\/div>\n\t\t\t\t<\/div>\n\t\t\t\t<\/div>\n\t\t\t\t\t<\/div>\n\t\t\t\t<\/div>\n\t\t\t\t<\/div>","protected":false},"excerpt":{"rendered":"<p>R\u00e2s Nume \u0219tiin\u021bific: Lynx Clasa: MammaliaOrdin: CarnivoraFamilie: FelidaeGen: Lynx Distribu\u021bie: Europa, Asia, America de Nord, Peninsula Iberic\u0103 Dimensiuni:\u2013 Lungime corporal\u0103: 70\u2013130 cm\u2013 \u00cen\u0103l\u021bime la greab\u0103n: 50\u201375 cm\u2013 Coada: 10\u201325 cm Greutate: 8\u201330 kg (\u00een func\u021bie de specie \u0219i sex) Durata gesta\u021biei: 63\u201374 zileNum\u0103r pui la na\u0219tere: 1\u20134 pui Speran\u021ba de via\u021b\u0103:\u2013 10\u201312 ani \u00een s\u0103lb\u0103ticie\u2013 &hellip; <a href=\"https:\/\/bucurestizoo.ro\/en\/ras\/\" class=\"more-link\">Continue reading <span class=\"screen-reader-text\">R\u00e2s<\/span><\/a><\/p>","protected":false},"author":1,"featured_media":0,"parent":0,"menu_order":0,"comment_status":"closed","ping_status":"closed","template":"","meta":{"_monsterinsights_skip_tracking":false,"_monsterinsights_sitenote_active":false,"_monsterinsights_sitenote_note":"","_monsterinsights_sitenote_category":0,"footnotes":""},"class_list":["post-11784","page","type-page","status-publish","hentry"],"aioseo_notices":[],"_links":{"self":[{"href":"https:\/\/bucurestizoo.ro\/en\/wp-json\/wp\/v2\/pages\/11784","targetHints":{"allow":["GET"]}}],"collection":[{"href":"https:\/\/bucurestizoo.ro\/en\/wp-json\/wp\/v2\/pages"}],"about":[{"href":"https:\/\/bucurestizoo.ro\/en\/wp-json\/wp\/v2\/types\/page"}],"author":[{"embeddable":true,"href":"https:\/\/bucurestizoo.ro\/en\/wp-json\/wp\/v2\/users\/1"}],"replies":[{"embeddable":true,"href":"https:\/\/bucurestizoo.ro\/en\/wp-json\/wp\/v2\/comments?post=11784"}],"version-history":[{"count":10,"href":"https:\/\/bucurestizoo.ro\/en\/wp-json\/wp\/v2\/pages\/11784\/revisions"}],"predecessor-version":[{"id":15121,"href":"https:\/\/bucurestizoo.ro\/en\/wp-json\/wp\/v2\/pages\/11784\/revisions\/15121"}],"wp:attachment":[{"href":"https:\/\/bucurestizoo.ro\/en\/wp-json\/wp\/v2\/media?parent=11784"}],"curies":[{"name":"wp","href":"https:\/\/api.w.org\/{rel}","templated":true}]}}