{"id":11782,"date":"2024-12-09T12:52:35","date_gmt":"2024-12-09T10:52:35","guid":{"rendered":"https:\/\/n1.bucurestizoo.ro\/?page_id=11782"},"modified":"2025-02-19T19:12:04","modified_gmt":"2025-02-19T17:12:04","slug":"porc-spinos","status":"publish","type":"page","link":"https:\/\/bucurestizoo.ro\/en\/porc-spinos\/","title":{"rendered":"Porc Spinos"},"content":{"rendered":"<div data-elementor-type=\"wp-page\" data-elementor-id=\"11782\" class=\"elementor elementor-11782\" data-elementor-post-type=\"page\">\n\t\t\t\t<div class=\"elementor-element elementor-element-cdb596c e-flex e-con-boxed e-con e-parent\" data-id=\"cdb596c\" data-element_type=\"container\" data-e-type=\"container\" data-settings=\"{&quot;background_background&quot;:&quot;classic&quot;}\">\n\t\t\t\t\t<div class=\"e-con-inner\">\n\t\t<div class=\"elementor-element elementor-element-221b271c e-con-full e-flex e-con e-child\" data-id=\"221b271c\" data-element_type=\"container\" data-e-type=\"container\">\n\t\t<div class=\"elementor-element elementor-element-30db521b e-con-full animated-slow e-flex elementor-invisible e-con e-child\" data-id=\"30db521b\" data-element_type=\"container\" data-e-type=\"container\" data-settings=\"{&quot;animation&quot;:&quot;fadeInLeft&quot;}\">\n\t\t\t\t<div class=\"elementor-element elementor-element-61e3e0ad elementor-widget elementor-widget-heading\" data-id=\"61e3e0ad\" data-element_type=\"widget\" data-e-type=\"widget\" data-widget_type=\"heading.default\">\n\t\t\t\t<div class=\"elementor-widget-container\">\n\t\t\t\t\t<h1 class=\"elementor-heading-title elementor-size-default\">Porcul spinos<\/h1>\t\t\t\t<\/div>\n\t\t\t\t<\/div>\n\t\t\t\t<div class=\"elementor-element elementor-element-250a6e3c elementor-widget elementor-widget-text-editor\" data-id=\"250a6e3c\" data-element_type=\"widget\" data-e-type=\"widget\" data-widget_type=\"text-editor.default\">\n\t\t\t\t<div class=\"elementor-widget-container\">\n\t\t\t\t\t\t\t\t\t<p>\u2022 <strong>Denumire \u0219tiin\u021bific\u0103:<\/strong> Ursus arctos<br \/>\u2022 <strong>Ordin:<\/strong> Carnivora<br \/>\u2022 <strong>Familie:<\/strong> Ursidae<br \/>\u2022 <strong>Gen:<\/strong> Ursus<br \/>\u2022 <strong>Specie:<\/strong> Ursus arctos<br \/>\u2022 <strong>Distribu\u021bie:<\/strong> America de Nord, Europa, Asia<br \/>\u2022 <strong>Dimensiuni:<\/strong> 1,4 &#8211; 2,8 m lungime, \u00een\u0103l\u021bime la greab\u0103n 90-150 cm<br \/>\u2022 <strong>Greutate:<\/strong> 80 &#8211; 600 kg (variaz\u0103 \u00een func\u021bie de sub-specie \u0219i sex)<br \/>\u2022 <strong>Perioada de gesta\u021bie:<\/strong> 180 &#8211; 250 zile (implantare \u00eent\u00e2rziat\u0103)<br \/>\u2022 <strong>Num\u0103r de pui:<\/strong> 1 &#8211; 4 (de obicei 2)<br \/>\u2022 <strong>Speran\u021b\u0103 de via\u021b\u0103:<\/strong> 20-30 ani \u00een s\u0103lb\u0103ticie, mai mult \u00een captivitate<\/p>\t\t\t\t\t\t\t\t<\/div>\n\t\t\t\t<\/div>\n\t\t\t\t<\/div>\n\t\t\t\t<div class=\"elementor-element elementor-element-3af8b333 elementor-widget-tablet__width-inherit animated-slow elementor-invisible elementor-widget elementor-widget-image\" data-id=\"3af8b333\" data-element_type=\"widget\" data-e-type=\"widget\" data-settings=\"{&quot;_animation&quot;:&quot;fadeInRight&quot;}\" data-widget_type=\"image.default\">\n\t\t\t\t<div class=\"elementor-widget-container\">\n\t\t\t\t\t\t\t\t\t\t\t\t\t\t\t<img fetchpriority=\"high\" decoding=\"async\" width=\"847\" height=\"566\" src=\"https:\/\/bucurestizoo.ro\/wp-content\/uploads\/2025\/02\/porc-spinos-dt-Large-e1739985072490-1024x684.jpeg\" class=\"attachment-large size-large wp-image-13572\" alt=\"\" srcset=\"https:\/\/bucurestizoo.ro\/wp-content\/uploads\/2025\/02\/porc-spinos-dt-Large-e1739985072490-1024x684.jpeg 1024w, https:\/\/bucurestizoo.ro\/wp-content\/uploads\/2025\/02\/porc-spinos-dt-Large-e1739985072490-300x200.jpeg 300w, https:\/\/bucurestizoo.ro\/wp-content\/uploads\/2025\/02\/porc-spinos-dt-Large-e1739985072490-768x513.jpeg 768w, https:\/\/bucurestizoo.ro\/wp-content\/uploads\/2025\/02\/porc-spinos-dt-Large-e1739985072490-449x300.jpeg 449w, https:\/\/bucurestizoo.ro\/wp-content\/uploads\/2025\/02\/porc-spinos-dt-Large-e1739985072490-650x434.jpeg 650w, https:\/\/bucurestizoo.ro\/wp-content\/uploads\/2025\/02\/porc-spinos-dt-Large-e1739985072490.jpeg 1280w\" sizes=\"(max-width: 847px) 100vw, 847px\" data-id=\"13572\" \/>\t\t\t\t\t\t\t\t\t\t\t\t\t\t\t<\/div>\n\t\t\t\t<\/div>\n\t\t\t\t<\/div>\n\t\t\t\t\t<\/div>\n\t\t\t\t<\/div>\n\t\t<div class=\"elementor-element elementor-element-6b55e4fe animated-slow e-flex e-con-boxed elementor-invisible e-con e-parent\" data-id=\"6b55e4fe\" data-element_type=\"container\" data-e-type=\"container\" data-settings=\"{&quot;animation&quot;:&quot;fadeInLeft&quot;}\">\n\t\t\t\t\t<div class=\"e-con-inner\">\n\t\t\t\t<div class=\"elementor-element elementor-element-2db0ce26 elementor-widget elementor-widget-heading\" data-id=\"2db0ce26\" data-element_type=\"widget\" data-e-type=\"widget\" data-widget_type=\"heading.default\">\n\t\t\t\t<div class=\"elementor-widget-container\">\n\t\t\t\t\t<h1 class=\"elementor-heading-title elementor-size-default\">General:<\/h1>\t\t\t\t<\/div>\n\t\t\t\t<\/div>\n\t\t\t\t<div class=\"elementor-element elementor-element-3d8dd628 elementor-widget elementor-widget-text-editor\" data-id=\"3d8dd628\" data-element_type=\"widget\" data-e-type=\"widget\" data-widget_type=\"text-editor.default\">\n\t\t\t\t<div class=\"elementor-widget-container\">\n\t\t\t\t\t\t\t\t\t<p>Porcul spinos este al treilea cel mai mare membru al familiei roz\u0103toarelor. Numele de porc spinos provine din cuv\u00e2ntul francez \u201cporc d\u2019epine\u201d. Corpul acestui animal este rotund \u0219i este acoperit cu \u021bepi, iar culoarea lor poate fi gri, maro sau alb. \u021aepii care le acoper\u0103 corpul sunt fire de p\u0103r \u00eembr\u0103cate \u00een cheratin\u0103 \u0219i sunt folosi\u021bi pentru a \u00eendep\u0103rta pr\u0103d\u0103torii. \u00cen mod normal, ace\u0219ti \u021bepi stau \u00een pozi\u021bie culcat\u0103, \u00eens\u0103 atunci c\u00e2nd porcul spinos se simte amenin\u021bat, ace\u0219tia se ridic\u0103.\u00a0Are botul tocit, iar ochii \u0219i urechile sunt mici. Picioarele porcului spinos sunt mici \u0219i robuste, fiecare av\u00e2nd 5 degete care se termin\u0103 cu gheare puternice.<\/p><p>\u00a0Spinii nu sunt otr\u0103vitori, dar se desprind u\u0219or \u0219i pot cauza infec\u021bii severe pr\u0103d\u0103torilor. \u00ce\u0219i \u201escutur\u0103\u201d \u021bepii pentru a speria pr\u0103d\u0103torii, sun\u00e2nd ca o cutie cu pietricele!<\/p><p>\u00cel \u00eent\u00e2lnim \u00een \u021bara noastr\u0103 \u00een partea de nord, \u00een Mun\u021bii Rodnei \u0219i Maramure\u0219ului, \u0219i de la 1000 m \u00een sus, cu un regim de hran\u0103 mai mult carnivor \u0219i \u00eel mai \u00eent\u00e2lnim la \u00een\u0103l\u021bimi mai mici de 1000 m unde se hr\u0103ne\u0219te mai ales cu vegetale.\u00a0 \u00cen tinere\u021be are un guler alb \u00eengust, cu marginile bine limitate, care c\u0103tre b\u0103tr\u00e2ne\u021be se l\u0103\u021be\u0219te, devine galben sau galben-cafeniu, p\u00e2n\u0103 nu se mai recunoa\u0219te.<\/p>\t\t\t\t\t\t\t\t<\/div>\n\t\t\t\t<\/div>\n\t\t\t\t\t<\/div>\n\t\t\t\t<\/div>\n\t\t<div class=\"elementor-element elementor-element-796679b2 e-flex e-con-boxed e-con e-parent\" data-id=\"796679b2\" data-element_type=\"container\" data-e-type=\"container\">\n\t\t\t\t\t<div class=\"e-con-inner\">\n\t\t\t\t<div class=\"elementor-element elementor-element-49908e7e elementor-widget elementor-widget-gallery\" data-id=\"49908e7e\" data-element_type=\"widget\" data-e-type=\"widget\" data-settings=\"{&quot;columns&quot;:2,&quot;lazyload&quot;:&quot;yes&quot;,&quot;gallery_layout&quot;:&quot;grid&quot;,&quot;columns_tablet&quot;:2,&quot;columns_mobile&quot;:1,&quot;gap&quot;:{&quot;unit&quot;:&quot;px&quot;,&quot;size&quot;:10,&quot;sizes&quot;:[]},&quot;gap_tablet&quot;:{&quot;unit&quot;:&quot;px&quot;,&quot;size&quot;:10,&quot;sizes&quot;:[]},&quot;gap_mobile&quot;:{&quot;unit&quot;:&quot;px&quot;,&quot;size&quot;:10,&quot;sizes&quot;:[]},&quot;link_to&quot;:&quot;file&quot;,&quot;aspect_ratio&quot;:&quot;3:2&quot;,&quot;overlay_background&quot;:&quot;yes&quot;,&quot;content_hover_animation&quot;:&quot;fade-in&quot;}\" data-widget_type=\"gallery.default\">\n\t\t\t\t<div class=\"elementor-widget-container\">\n\t\t\t\t\t\t\t<div class=\"elementor-gallery__container\">\n\t\t\t\t\t\t\t<a class=\"e-gallery-item elementor-gallery-item elementor-animated-content\" href=\"https:\/\/bucurestizoo.ro\/wp-content\/uploads\/2024\/12\/porc-spinos-e1733152224757.jpg\" data-elementor-open-lightbox=\"yes\" data-elementor-lightbox-slideshow=\"49908e7e\" data-elementor-lightbox-title=\"porc spinos\" data-e-action-hash=\"#elementor-action%3Aaction%3Dlightbox%26settings%3DeyJpZCI6MTE0ODYsInVybCI6Imh0dHBzOlwvXC9idWN1cmVzdGl6b28ucm9cL3dwLWNvbnRlbnRcL3VwbG9hZHNcLzIwMjRcLzEyXC9wb3JjLXNwaW5vcy1lMTczMzE1MjIyNDc1Ny5qcGciLCJzbGlkZXNob3ciOiI0OTkwOGU3ZSJ9\">\n\t\t\t\t\t<div class=\"e-gallery-image elementor-gallery-item__image\" data-thumbnail=\"https:\/\/bucurestizoo.ro\/wp-content\/uploads\/2024\/12\/porc-spinos-e1733152224757-1024x672.jpg\" data-width=\"847\" data-height=\"556\" aria-label=\"\" role=\"img\" ><\/div>\n\t\t\t\t\t\t\t\t\t\t\t<div class=\"elementor-gallery-item__overlay\"><\/div>\n\t\t\t\t\t\t\t\t\t\t\t\t\t\t<\/a>\n\t\t\t\t\t\t\t<a class=\"e-gallery-item elementor-gallery-item elementor-animated-content\" href=\"https:\/\/bucurestizoo.ro\/wp-content\/uploads\/2024\/12\/porc-spinos-2.jpg\" data-elementor-open-lightbox=\"yes\" data-elementor-lightbox-slideshow=\"49908e7e\" data-elementor-lightbox-title=\"porc spinos 2\" data-e-action-hash=\"#elementor-action%3Aaction%3Dlightbox%26settings%3DeyJpZCI6MTIxMTYsInVybCI6Imh0dHBzOlwvXC9idWN1cmVzdGl6b28ucm9cL3dwLWNvbnRlbnRcL3VwbG9hZHNcLzIwMjRcLzEyXC9wb3JjLXNwaW5vcy0yLmpwZyIsInNsaWRlc2hvdyI6IjQ5OTA4ZTdlIn0%3D\">\n\t\t\t\t\t<div class=\"e-gallery-image elementor-gallery-item__image\" data-thumbnail=\"https:\/\/bucurestizoo.ro\/wp-content\/uploads\/2024\/12\/porc-spinos-2-1024x662.jpg\" data-width=\"847\" data-height=\"548\" aria-label=\"\" role=\"img\" ><\/div>\n\t\t\t\t\t\t\t\t\t\t\t<div class=\"elementor-gallery-item__overlay\"><\/div>\n\t\t\t\t\t\t\t\t\t\t\t\t\t\t<\/a>\n\t\t\t\t\t<\/div>\n\t\t\t\t\t<\/div>\n\t\t\t\t<\/div>\n\t\t\t\t\t<\/div>\n\t\t\t\t<\/div>\n\t\t<div class=\"elementor-element elementor-element-5ffa0121 animated-slow e-flex e-con-boxed elementor-invisible e-con e-parent\" data-id=\"5ffa0121\" data-element_type=\"container\" data-e-type=\"container\" data-settings=\"{&quot;animation&quot;:&quot;fadeInRight&quot;}\">\n\t\t\t\t\t<div class=\"e-con-inner\">\n\t\t\t\t<div class=\"elementor-element elementor-element-343686e8 elementor-widget elementor-widget-heading\" data-id=\"343686e8\" data-element_type=\"widget\" data-e-type=\"widget\" data-widget_type=\"heading.default\">\n\t\t\t\t<div class=\"elementor-widget-container\">\n\t\t\t\t\t<h1 class=\"elementor-heading-title elementor-size-default\">Habitat:<\/h1>\t\t\t\t<\/div>\n\t\t\t\t<\/div>\n\t\t\t\t<div class=\"elementor-element elementor-element-3b9722bb elementor-widget elementor-widget-text-editor\" data-id=\"3b9722bb\" data-element_type=\"widget\" data-e-type=\"widget\" data-widget_type=\"text-editor.default\">\n\t\t\t\t<div class=\"elementor-widget-container\">\n\t\t\t\t\t\t\t\t\t<p>P\u0103duri, savane, zone st\u00e2ncoase. Porcul spinos tr\u0103ie\u0219te \u00een p\u0103durile \u0219i silvostepele din regiunile subtropicale \u0219i tropicale. Tr\u0103iesc \u0219i la poalele mun\u021bilor, \u00een mun\u021bi, uneori \u0219i \u00een de\u0219ert. Urc\u0103 \u00een mun\u021bi p\u00e2n\u0103 la 3900 m deasupra nivelului m\u0103rii.<\/p>\t\t\t\t\t\t\t\t<\/div>\n\t\t\t\t<\/div>\n\t\t\t\t\t<\/div>\n\t\t\t\t<\/div>\n\t\t<div class=\"elementor-element elementor-element-2a43fe0d e-grid e-con-boxed e-con e-parent\" data-id=\"2a43fe0d\" data-element_type=\"container\" data-e-type=\"container\">\n\t\t\t\t\t<div class=\"e-con-inner\">\n\t\t<div class=\"elementor-element elementor-element-1b2e5c99 e-con-full animated-slow e-flex elementor-invisible e-con e-child\" data-id=\"1b2e5c99\" data-element_type=\"container\" data-e-type=\"container\" data-settings=\"{&quot;animation&quot;:&quot;fadeInLeft&quot;}\">\n\t\t\t\t<div class=\"elementor-element elementor-element-28511f69 elementor-widget elementor-widget-heading\" data-id=\"28511f69\" data-element_type=\"widget\" data-e-type=\"widget\" data-widget_type=\"heading.default\">\n\t\t\t\t<div class=\"elementor-widget-container\">\n\t\t\t\t\t<h1 class=\"elementor-heading-title elementor-size-default\">Hran\u0103:<\/h1>\t\t\t\t<\/div>\n\t\t\t\t<\/div>\n\t\t\t\t<div class=\"elementor-element elementor-element-672cc5bc elementor-widget elementor-widget-text-editor\" data-id=\"672cc5bc\" data-element_type=\"widget\" data-e-type=\"widget\" data-widget_type=\"text-editor.default\">\n\t\t\t\t<div class=\"elementor-widget-container\">\n\t\t\t\t\t\t\t\t\t<p>Scoar\u021b\u0103 de copac, fructe, r\u0103d\u0103cini, frunze. Porcul spinos este un erbivor, un roz\u0103tor. Se hr\u0103ne\u0219te cu p\u0103r\u021bile subterane \u0219i supraterane ale plantelor, r\u0103d\u0103cini, bulbi, boabe \u0219i fructe.<\/p>\t\t\t\t\t\t\t\t<\/div>\n\t\t\t\t<\/div>\n\t\t\t\t<\/div>\n\t\t<div class=\"elementor-element elementor-element-35b486c6 e-con-full animated-slow e-flex elementor-invisible e-con e-child\" data-id=\"35b486c6\" data-element_type=\"container\" data-e-type=\"container\" data-settings=\"{&quot;animation&quot;:&quot;fadeInRight&quot;}\">\n\t\t\t\t<div class=\"elementor-element elementor-element-7ce43ffd elementor-widget elementor-widget-heading\" data-id=\"7ce43ffd\" data-element_type=\"widget\" data-e-type=\"widget\" data-widget_type=\"heading.default\">\n\t\t\t\t<div class=\"elementor-widget-container\">\n\t\t\t\t\t<h1 class=\"elementor-heading-title elementor-size-default\">Conservare:<\/h1>\t\t\t\t<\/div>\n\t\t\t\t<\/div>\n\t\t\t\t<div class=\"elementor-element elementor-element-2327529b elementor-widget elementor-widget-text-editor\" data-id=\"2327529b\" data-element_type=\"widget\" data-e-type=\"widget\" data-widget_type=\"text-editor.default\">\n\t\t\t\t<div class=\"elementor-widget-container\">\n\t\t\t\t\t\t\t\t\t<p>Nu sunt amenin\u021ba\u021bi, dar sunt v\u00e2na\u021bi pentru carne \u0219i spini.<\/p>\t\t\t\t\t\t\t\t<\/div>\n\t\t\t\t<\/div>\n\t\t\t\t<\/div>\n\t\t\t\t\t<\/div>\n\t\t\t\t<\/div>\n\t\t\t\t<\/div>","protected":false},"excerpt":{"rendered":"<p>Porcul spinos \u2022 Denumire \u0219tiin\u021bific\u0103: Ursus arctos\u2022 Ordin: Carnivora\u2022 Familie: Ursidae\u2022 Gen: Ursus\u2022 Specie: Ursus arctos\u2022 Distribu\u021bie: America de Nord, Europa, Asia\u2022 Dimensiuni: 1,4 &#8211; 2,8 m lungime, \u00een\u0103l\u021bime la greab\u0103n 90-150 cm\u2022 Greutate: 80 &#8211; 600 kg (variaz\u0103 \u00een func\u021bie de sub-specie \u0219i sex)\u2022 Perioada de gesta\u021bie: 180 &#8211; 250 zile (implantare \u00eent\u00e2rziat\u0103)\u2022 Num\u0103r &hellip; <a href=\"https:\/\/bucurestizoo.ro\/en\/porc-spinos\/\" class=\"more-link\">Continue reading <span class=\"screen-reader-text\">Porc Spinos<\/span><\/a><\/p>","protected":false},"author":1,"featured_media":0,"parent":0,"menu_order":0,"comment_status":"closed","ping_status":"closed","template":"","meta":{"_monsterinsights_skip_tracking":false,"_monsterinsights_sitenote_active":false,"_monsterinsights_sitenote_note":"","_monsterinsights_sitenote_category":0,"footnotes":""},"class_list":["post-11782","page","type-page","status-publish","hentry"],"aioseo_notices":[],"_links":{"self":[{"href":"https:\/\/bucurestizoo.ro\/en\/wp-json\/wp\/v2\/pages\/11782","targetHints":{"allow":["GET"]}}],"collection":[{"href":"https:\/\/bucurestizoo.ro\/en\/wp-json\/wp\/v2\/pages"}],"about":[{"href":"https:\/\/bucurestizoo.ro\/en\/wp-json\/wp\/v2\/types\/page"}],"author":[{"embeddable":true,"href":"https:\/\/bucurestizoo.ro\/en\/wp-json\/wp\/v2\/users\/1"}],"replies":[{"embeddable":true,"href":"https:\/\/bucurestizoo.ro\/en\/wp-json\/wp\/v2\/comments?post=11782"}],"version-history":[{"count":7,"href":"https:\/\/bucurestizoo.ro\/en\/wp-json\/wp\/v2\/pages\/11782\/revisions"}],"predecessor-version":[{"id":13575,"href":"https:\/\/bucurestizoo.ro\/en\/wp-json\/wp\/v2\/pages\/11782\/revisions\/13575"}],"wp:attachment":[{"href":"https:\/\/bucurestizoo.ro\/en\/wp-json\/wp\/v2\/media?parent=11782"}],"curies":[{"name":"wp","href":"https:\/\/api.w.org\/{rel}","templated":true}]}}