{"id":11780,"date":"2024-12-09T12:52:10","date_gmt":"2024-12-09T10:52:10","guid":{"rendered":"https:\/\/n1.bucurestizoo.ro\/?page_id=11780"},"modified":"2025-02-20T15:38:26","modified_gmt":"2025-02-20T13:38:26","slug":"ponei","status":"publish","type":"page","link":"https:\/\/bucurestizoo.ro\/en\/ponei\/","title":{"rendered":"Ponei"},"content":{"rendered":"<div data-elementor-type=\"wp-page\" data-elementor-id=\"11780\" class=\"elementor elementor-11780\" data-elementor-post-type=\"page\">\n\t\t\t\t<div class=\"elementor-element elementor-element-3e0d4f96 e-flex e-con-boxed e-con e-parent\" data-id=\"3e0d4f96\" data-element_type=\"container\" data-e-type=\"container\" data-settings=\"{&quot;background_background&quot;:&quot;classic&quot;}\">\n\t\t\t\t\t<div class=\"e-con-inner\">\n\t\t<div class=\"elementor-element elementor-element-606e664d e-con-full e-flex e-con e-child\" data-id=\"606e664d\" data-element_type=\"container\" data-e-type=\"container\">\n\t\t<div class=\"elementor-element elementor-element-7ada30d4 e-con-full animated-slow e-flex elementor-invisible e-con e-child\" data-id=\"7ada30d4\" data-element_type=\"container\" data-e-type=\"container\" data-settings=\"{&quot;animation&quot;:&quot;fadeInLeft&quot;}\">\n\t\t\t\t<div class=\"elementor-element elementor-element-2b2e041e elementor-widget elementor-widget-heading\" data-id=\"2b2e041e\" data-element_type=\"widget\" data-e-type=\"widget\" data-widget_type=\"heading.default\">\n\t\t\t\t<div class=\"elementor-widget-container\">\n\t\t\t\t\t<h1 class=\"elementor-heading-title elementor-size-default\">Ponei<\/h1>\t\t\t\t<\/div>\n\t\t\t\t<\/div>\n\t\t\t\t<div class=\"elementor-element elementor-element-17927be0 elementor-widget elementor-widget-text-editor\" data-id=\"17927be0\" data-element_type=\"widget\" data-e-type=\"widget\" data-widget_type=\"text-editor.default\">\n\t\t\t\t<div class=\"elementor-widget-container\">\n\t\t\t\t\t\t\t\t\t<p><strong>Denumire \u0219tiin\u021bific\u0103:<\/strong> Equus caballus caballus shetlandi<br \/><strong>Ordin:<\/strong> Perissodactyla<br \/><strong>Familie:<\/strong> Equidae<br \/><strong>Gen:<\/strong> Equus<br \/><strong>Specie:<\/strong> E. caballus<br \/><strong>Distribu\u021bie:<\/strong> Originar din Insulele Shetland, dar r\u0103sp\u00e2ndit global<br \/><strong>Dimensiuni:<\/strong> 71-107 cm \u00een\u0103l\u021bime la greab\u0103n<br \/><strong>Greutate:<\/strong> 150-200 kg<br \/><strong>Perioada de gesta\u021bie:<\/strong> 320-370 zile<br \/><strong>Num\u0103r de pui:<\/strong> 1<br \/><strong>Speran\u021b\u0103 de via\u021b\u0103:<\/strong> 20-30 de ani<\/p>\t\t\t\t\t\t\t\t<\/div>\n\t\t\t\t<\/div>\n\t\t\t\t<\/div>\n\t\t\t\t<div class=\"elementor-element elementor-element-14fd8ed6 elementor-widget-tablet__width-inherit animated-slow elementor-invisible elementor-widget elementor-widget-image\" data-id=\"14fd8ed6\" data-element_type=\"widget\" data-e-type=\"widget\" data-settings=\"{&quot;_animation&quot;:&quot;fadeInRight&quot;}\" data-widget_type=\"image.default\">\n\t\t\t\t<div class=\"elementor-widget-container\">\n\t\t\t\t\t\t\t\t\t\t\t\t\t\t\t<img fetchpriority=\"high\" decoding=\"async\" width=\"847\" height=\"565\" src=\"https:\/\/bucurestizoo.ro\/wp-content\/uploads\/2024\/12\/ponei.jpg\" class=\"attachment-large size-large wp-image-11485\" alt=\"\" srcset=\"https:\/\/bucurestizoo.ro\/wp-content\/uploads\/2024\/12\/ponei.jpg 960w, https:\/\/bucurestizoo.ro\/wp-content\/uploads\/2024\/12\/ponei-300x200.jpg 300w, https:\/\/bucurestizoo.ro\/wp-content\/uploads\/2024\/12\/ponei-768x512.jpg 768w, https:\/\/bucurestizoo.ro\/wp-content\/uploads\/2024\/12\/ponei-450x300.jpg 450w, https:\/\/bucurestizoo.ro\/wp-content\/uploads\/2024\/12\/ponei-650x433.jpg 650w\" sizes=\"(max-width: 847px) 100vw, 847px\" data-id=\"11485\" \/>\t\t\t\t\t\t\t\t\t\t\t\t\t\t\t<\/div>\n\t\t\t\t<\/div>\n\t\t\t\t<\/div>\n\t\t\t\t\t<\/div>\n\t\t\t\t<\/div>\n\t\t<div class=\"elementor-element elementor-element-3e72b70a animated-slow e-flex e-con-boxed elementor-invisible e-con e-parent\" data-id=\"3e72b70a\" data-element_type=\"container\" data-e-type=\"container\" data-settings=\"{&quot;animation&quot;:&quot;fadeInLeft&quot;}\">\n\t\t\t\t\t<div class=\"e-con-inner\">\n\t\t\t\t<div class=\"elementor-element elementor-element-66c04b14 elementor-widget elementor-widget-heading\" data-id=\"66c04b14\" data-element_type=\"widget\" data-e-type=\"widget\" data-widget_type=\"heading.default\">\n\t\t\t\t<div class=\"elementor-widget-container\">\n\t\t\t\t\t<h1 class=\"elementor-heading-title elementor-size-default\">General:<\/h1>\t\t\t\t<\/div>\n\t\t\t\t<\/div>\n\t\t\t\t<div class=\"elementor-element elementor-element-2d03560b elementor-widget elementor-widget-text-editor\" data-id=\"2d03560b\" data-element_type=\"widget\" data-e-type=\"widget\" data-widget_type=\"text-editor.default\">\n\t\t\t\t<div class=\"elementor-widget-container\">\n\t\t\t\t\t\t\t\t\t<p>Este unul dintre cei mai mici \u0219i mai rezisten\u021bi ponei din lume, av\u00e2nd o blan\u0103 groas\u0103 ce \u00eel protejeaz\u0103 de frig. De\u0219i mic, este extrem de puternic \u2013 poate trage o greutate de dou\u0103 ori mai mare dec\u00e2t a lui! Poneiul Shetland este o ras\u0103 mic\u0103 de cal originar\u0103 din Insulele Shetland, Sco\u021bia. Este extrem de rezistent la condi\u021bii aspre, av\u00e2nd o constitu\u021bie robust\u0103, picioare scurte \u0219i o coam\u0103 deas\u0103.<\/p>\t\t\t\t\t\t\t\t<\/div>\n\t\t\t\t<\/div>\n\t\t\t\t\t<\/div>\n\t\t\t\t<\/div>\n\t\t<div class=\"elementor-element elementor-element-3d815813 e-flex e-con-boxed e-con e-parent\" data-id=\"3d815813\" data-element_type=\"container\" data-e-type=\"container\">\n\t\t\t\t\t<div class=\"e-con-inner\">\n\t\t\t\t<div class=\"elementor-element elementor-element-690bb4db elementor-widget elementor-widget-gallery\" data-id=\"690bb4db\" data-element_type=\"widget\" data-e-type=\"widget\" data-settings=\"{&quot;gallery_layout&quot;:&quot;justified&quot;,&quot;ideal_row_height&quot;:{&quot;unit&quot;:&quot;px&quot;,&quot;size&quot;:267,&quot;sizes&quot;:[]},&quot;lazyload&quot;:&quot;yes&quot;,&quot;ideal_row_height_tablet&quot;:{&quot;unit&quot;:&quot;px&quot;,&quot;size&quot;:150,&quot;sizes&quot;:[]},&quot;ideal_row_height_mobile&quot;:{&quot;unit&quot;:&quot;px&quot;,&quot;size&quot;:150,&quot;sizes&quot;:[]},&quot;gap&quot;:{&quot;unit&quot;:&quot;px&quot;,&quot;size&quot;:10,&quot;sizes&quot;:[]},&quot;gap_tablet&quot;:{&quot;unit&quot;:&quot;px&quot;,&quot;size&quot;:10,&quot;sizes&quot;:[]},&quot;gap_mobile&quot;:{&quot;unit&quot;:&quot;px&quot;,&quot;size&quot;:10,&quot;sizes&quot;:[]},&quot;link_to&quot;:&quot;file&quot;,&quot;overlay_background&quot;:&quot;yes&quot;,&quot;content_hover_animation&quot;:&quot;fade-in&quot;}\" data-widget_type=\"gallery.default\">\n\t\t\t\t<div class=\"elementor-widget-container\">\n\t\t\t\t\t\t\t<div class=\"elementor-gallery__container\">\n\t\t\t\t\t\t\t<a class=\"e-gallery-item elementor-gallery-item elementor-animated-content\" href=\"https:\/\/bucurestizoo.ro\/wp-content\/uploads\/2025\/02\/ponei-dt-Large.jpeg\" data-elementor-open-lightbox=\"yes\" data-elementor-lightbox-slideshow=\"690bb4db\" data-elementor-lightbox-title=\"ponei dt Large\" data-e-action-hash=\"#elementor-action%3Aaction%3Dlightbox%26settings%3DeyJpZCI6MTM2MzQsInVybCI6Imh0dHBzOlwvXC9idWN1cmVzdGl6b28ucm9cL3dwLWNvbnRlbnRcL3VwbG9hZHNcLzIwMjVcLzAyXC9wb25laS1kdC1MYXJnZS5qcGVnIiwic2xpZGVzaG93IjoiNjkwYmI0ZGIifQ%3D%3D\">\n\t\t\t\t\t<div class=\"e-gallery-image elementor-gallery-item__image\" data-thumbnail=\"https:\/\/bucurestizoo.ro\/wp-content\/uploads\/2025\/02\/ponei-dt-Large-1024x682.jpeg\" data-width=\"847\" data-height=\"564\" aria-label=\"\" role=\"img\" ><\/div>\n\t\t\t\t\t\t\t\t\t\t\t<div class=\"elementor-gallery-item__overlay\"><\/div>\n\t\t\t\t\t\t\t\t\t\t\t\t\t\t<\/a>\n\t\t\t\t\t<\/div>\n\t\t\t\t\t<\/div>\n\t\t\t\t<\/div>\n\t\t\t\t\t<\/div>\n\t\t\t\t<\/div>\n\t\t<div class=\"elementor-element elementor-element-e195c45 animated-slow e-flex e-con-boxed elementor-invisible e-con e-parent\" data-id=\"e195c45\" data-element_type=\"container\" data-e-type=\"container\" data-settings=\"{&quot;animation&quot;:&quot;fadeInRight&quot;}\">\n\t\t\t\t\t<div class=\"e-con-inner\">\n\t\t\t\t<div class=\"elementor-element elementor-element-488cd952 elementor-widget elementor-widget-heading\" data-id=\"488cd952\" data-element_type=\"widget\" data-e-type=\"widget\" data-widget_type=\"heading.default\">\n\t\t\t\t<div class=\"elementor-widget-container\">\n\t\t\t\t\t<h1 class=\"elementor-heading-title elementor-size-default\">Habitat:<\/h1>\t\t\t\t<\/div>\n\t\t\t\t<\/div>\n\t\t\t\t<div class=\"elementor-element elementor-element-4e0f2b1c elementor-widget elementor-widget-text-editor\" data-id=\"4e0f2b1c\" data-element_type=\"widget\" data-e-type=\"widget\" data-widget_type=\"text-editor.default\">\n\t\t\t\t<div class=\"elementor-widget-container\">\n\t\t\t\t\t\t\t\t\t<p>Paji\u0219ti, regiuni muntoase, ferme. De\u0219i provine din regiunile reci \u0219i st\u00e2ncoase ale Sco\u021biei, ast\u0103zi este crescut \u00een \u00eentreaga lume, fiind utilizat pentru echita\u021bie, agricultur\u0103 sau ca animal de companie.<\/p>\t\t\t\t\t\t\t\t<\/div>\n\t\t\t\t<\/div>\n\t\t\t\t\t<\/div>\n\t\t\t\t<\/div>\n\t\t<div class=\"elementor-element elementor-element-115ddfcd e-grid e-con-boxed e-con e-parent\" data-id=\"115ddfcd\" data-element_type=\"container\" data-e-type=\"container\">\n\t\t\t\t\t<div class=\"e-con-inner\">\n\t\t<div class=\"elementor-element elementor-element-4408f5fe e-con-full animated-slow e-flex elementor-invisible e-con e-child\" data-id=\"4408f5fe\" data-element_type=\"container\" data-e-type=\"container\" data-settings=\"{&quot;animation&quot;:&quot;fadeInLeft&quot;}\">\n\t\t\t\t<div class=\"elementor-element elementor-element-610ecf80 elementor-widget elementor-widget-heading\" data-id=\"610ecf80\" data-element_type=\"widget\" data-e-type=\"widget\" data-widget_type=\"heading.default\">\n\t\t\t\t<div class=\"elementor-widget-container\">\n\t\t\t\t\t<h1 class=\"elementor-heading-title elementor-size-default\">Hran\u0103:<\/h1>\t\t\t\t<\/div>\n\t\t\t\t<\/div>\n\t\t\t\t<div class=\"elementor-element elementor-element-78b0c318 elementor-widget elementor-widget-text-editor\" data-id=\"78b0c318\" data-element_type=\"widget\" data-e-type=\"widget\" data-widget_type=\"text-editor.default\">\n\t\t\t\t<div class=\"elementor-widget-container\">\n\t\t\t\t\t\t\t\t\t<p>Se hr\u0103ne\u0219te cu iarb\u0103, f\u00e2n \u0219i suplimente nutritive. Are un metabolism eficient \u0219i poate supravie\u021bui cu cantit\u0103\u021bi reduse de hran\u0103.<\/p>\t\t\t\t\t\t\t\t<\/div>\n\t\t\t\t<\/div>\n\t\t\t\t<\/div>\n\t\t<div class=\"elementor-element elementor-element-1b92cb78 e-con-full animated-slow e-flex elementor-invisible e-con e-child\" data-id=\"1b92cb78\" data-element_type=\"container\" data-e-type=\"container\" data-settings=\"{&quot;animation&quot;:&quot;fadeInRight&quot;}\">\n\t\t\t\t<div class=\"elementor-element elementor-element-4899b12b elementor-widget elementor-widget-heading\" data-id=\"4899b12b\" data-element_type=\"widget\" data-e-type=\"widget\" data-widget_type=\"heading.default\">\n\t\t\t\t<div class=\"elementor-widget-container\">\n\t\t\t\t\t<h1 class=\"elementor-heading-title elementor-size-default\">Conservare:<\/h1>\t\t\t\t<\/div>\n\t\t\t\t<\/div>\n\t\t\t\t<div class=\"elementor-element elementor-element-708980f8 elementor-widget elementor-widget-text-editor\" data-id=\"708980f8\" data-element_type=\"widget\" data-e-type=\"widget\" data-widget_type=\"text-editor.default\">\n\t\t\t\t<div class=\"elementor-widget-container\">\n\t\t\t\t\t\t\t\t\t<p>Nu este o specie s\u0103lbatic\u0103, dar este protejat de cresc\u0103tori \u0219i organiza\u021bii care men\u021bin standardele rasei.<\/p>\t\t\t\t\t\t\t\t<\/div>\n\t\t\t\t<\/div>\n\t\t\t\t<\/div>\n\t\t\t\t\t<\/div>\n\t\t\t\t<\/div>\n\t\t\t\t<\/div>","protected":false},"excerpt":{"rendered":"<p>Ponei Denumire \u0219tiin\u021bific\u0103: Equus caballus caballus shetlandiOrdin: PerissodactylaFamilie: EquidaeGen: EquusSpecie: E. caballusDistribu\u021bie: Originar din Insulele Shetland, dar r\u0103sp\u00e2ndit globalDimensiuni: 71-107 cm \u00een\u0103l\u021bime la greab\u0103nGreutate: 150-200 kgPerioada de gesta\u021bie: 320-370 zileNum\u0103r de pui: 1Speran\u021b\u0103 de via\u021b\u0103: 20-30 de ani General: Este unul dintre cei mai mici \u0219i mai rezisten\u021bi ponei din lume, av\u00e2nd o blan\u0103 groas\u0103 &hellip; <a href=\"https:\/\/bucurestizoo.ro\/en\/ponei\/\" class=\"more-link\">Continue reading <span class=\"screen-reader-text\">Ponei<\/span><\/a><\/p>","protected":false},"author":1,"featured_media":0,"parent":0,"menu_order":0,"comment_status":"closed","ping_status":"closed","template":"","meta":{"_monsterinsights_skip_tracking":false,"_monsterinsights_sitenote_active":false,"_monsterinsights_sitenote_note":"","_monsterinsights_sitenote_category":0,"footnotes":""},"class_list":["post-11780","page","type-page","status-publish","hentry"],"aioseo_notices":[],"_links":{"self":[{"href":"https:\/\/bucurestizoo.ro\/en\/wp-json\/wp\/v2\/pages\/11780","targetHints":{"allow":["GET"]}}],"collection":[{"href":"https:\/\/bucurestizoo.ro\/en\/wp-json\/wp\/v2\/pages"}],"about":[{"href":"https:\/\/bucurestizoo.ro\/en\/wp-json\/wp\/v2\/types\/page"}],"author":[{"embeddable":true,"href":"https:\/\/bucurestizoo.ro\/en\/wp-json\/wp\/v2\/users\/1"}],"replies":[{"embeddable":true,"href":"https:\/\/bucurestizoo.ro\/en\/wp-json\/wp\/v2\/comments?post=11780"}],"version-history":[{"count":7,"href":"https:\/\/bucurestizoo.ro\/en\/wp-json\/wp\/v2\/pages\/11780\/revisions"}],"predecessor-version":[{"id":13637,"href":"https:\/\/bucurestizoo.ro\/en\/wp-json\/wp\/v2\/pages\/11780\/revisions\/13637"}],"wp:attachment":[{"href":"https:\/\/bucurestizoo.ro\/en\/wp-json\/wp\/v2\/media?parent=11780"}],"curies":[{"name":"wp","href":"https:\/\/api.w.org\/{rel}","templated":true}]}}