{"id":11776,"date":"2024-12-09T12:51:03","date_gmt":"2024-12-09T10:51:03","guid":{"rendered":"https:\/\/n1.bucurestizoo.ro\/?page_id=11776"},"modified":"2025-04-07T17:44:31","modified_gmt":"2025-04-07T15:44:31","slug":"oaia-cu-coama","status":"publish","type":"page","link":"https:\/\/bucurestizoo.ro\/en\/oaia-cu-coama\/","title":{"rendered":"Oaia cu Coam\u0103"},"content":{"rendered":"<div data-elementor-type=\"wp-page\" data-elementor-id=\"11776\" class=\"elementor elementor-11776\" data-elementor-post-type=\"page\">\n\t\t\t\t<div class=\"elementor-element elementor-element-7115409b e-flex e-con-boxed e-con e-parent\" data-id=\"7115409b\" data-element_type=\"container\" data-e-type=\"container\" data-settings=\"{&quot;background_background&quot;:&quot;classic&quot;}\">\n\t\t\t\t\t<div class=\"e-con-inner\">\n\t\t<div class=\"elementor-element elementor-element-5f61ce52 e-con-full e-flex e-con e-child\" data-id=\"5f61ce52\" data-element_type=\"container\" data-e-type=\"container\">\n\t\t<div class=\"elementor-element elementor-element-7d114392 e-con-full animated-slow e-flex elementor-invisible e-con e-child\" data-id=\"7d114392\" data-element_type=\"container\" data-e-type=\"container\" data-settings=\"{&quot;animation&quot;:&quot;fadeInLeft&quot;}\">\n\t\t\t\t<div class=\"elementor-element elementor-element-e49bf05 elementor-widget elementor-widget-heading\" data-id=\"e49bf05\" data-element_type=\"widget\" data-e-type=\"widget\" data-widget_type=\"heading.default\">\n\t\t\t\t<div class=\"elementor-widget-container\">\n\t\t\t\t\t<h1 class=\"elementor-heading-title elementor-size-default\">Oaia cu Coam\u0103<\/h1>\t\t\t\t<\/div>\n\t\t\t\t<\/div>\n\t\t\t\t<div class=\"elementor-element elementor-element-7603993d elementor-widget elementor-widget-text-editor\" data-id=\"7603993d\" data-element_type=\"widget\" data-e-type=\"widget\" data-widget_type=\"text-editor.default\">\n\t\t\t\t<div class=\"elementor-widget-container\">\n\t\t\t\t\t\t\t\t\t<p class=\"\" data-start=\"0\" data-end=\"171\"><strong data-start=\"0\" data-end=\"20\">Nume \u0219tiin\u021bific:<\/strong> <em data-start=\"21\" data-end=\"40\">Ammotragus lervia<\/em><br data-start=\"40\" data-end=\"43\" \/><strong data-start=\"43\" data-end=\"53\">Clasa:<\/strong> Mammalia<br data-start=\"62\" data-end=\"65\" \/><strong data-start=\"65\" data-end=\"75\">Ordin:<\/strong> Artiodactyla<br data-start=\"88\" data-end=\"91\" \/><strong data-start=\"91\" data-end=\"103\">Familie:<\/strong> Bovidae<br data-start=\"111\" data-end=\"114\" \/><strong data-start=\"114\" data-end=\"122\">Gen:<\/strong> <em data-start=\"123\" data-end=\"135\">Ammotragus<\/em><br data-start=\"135\" data-end=\"138\" \/><strong data-start=\"138\" data-end=\"149\">Specie:<\/strong> <em data-start=\"150\" data-end=\"169\">Ammotragus lervia<\/em><\/p><p class=\"\" data-start=\"173\" data-end=\"387\"><strong data-start=\"173\" data-end=\"189\">Distribu\u021bie:<\/strong><br data-start=\"189\" data-end=\"192\" \/>Regiuni montane \u0219i de\u0219ertice din nordul Africii \u2013 Maroc, Algeria, Tunisia, Libia, Egipt, Sudan.<\/p><p class=\"\" data-start=\"389\" data-end=\"475\"><strong data-start=\"389\" data-end=\"404\">Dimensiuni:<\/strong><br data-start=\"404\" data-end=\"407\" \/>\u2013 Lungime corporal\u0103: 125\u2013165 cm<br data-start=\"438\" data-end=\"441\" \/>\u2013 \u00cen\u0103l\u021bime la greab\u0103n: 75\u2013110 cm<\/p><p class=\"\" data-start=\"477\" data-end=\"536\"><strong data-start=\"477\" data-end=\"490\">Greutate:<\/strong><br data-start=\"490\" data-end=\"493\" \/>\u2013 Masculi: 90\u2013140 kg<br data-start=\"513\" data-end=\"516\" \/>\u2013 Femele: 40\u201365 kg<\/p><p class=\"\" data-start=\"538\" data-end=\"646\"><strong data-start=\"538\" data-end=\"559\">Durata gesta\u021biei:<\/strong> 160\u2013165 zile<br data-start=\"572\" data-end=\"575\" \/><strong data-start=\"575\" data-end=\"600\">Num\u0103r pui la na\u0219tere:<\/strong> 1\u20132 miei<br data-start=\"609\" data-end=\"612\" \/><strong data-start=\"612\" data-end=\"634\">Speran\u021ba de via\u021b\u0103:<\/strong> 10\u201320 ani<\/p>\t\t\t\t\t\t\t\t<\/div>\n\t\t\t\t<\/div>\n\t\t\t\t<\/div>\n\t\t\t\t<div class=\"elementor-element elementor-element-763366a elementor-widget-tablet__width-inherit animated-slow elementor-invisible elementor-widget elementor-widget-image\" data-id=\"763366a\" data-element_type=\"widget\" data-e-type=\"widget\" data-settings=\"{&quot;_animation&quot;:&quot;fadeInRight&quot;}\" data-widget_type=\"image.default\">\n\t\t\t\t<div class=\"elementor-widget-container\">\n\t\t\t\t\t\t\t\t\t\t\t\t\t\t\t<img fetchpriority=\"high\" decoding=\"async\" width=\"644\" height=\"1024\" src=\"https:\/\/bucurestizoo.ro\/wp-content\/uploads\/2024\/12\/oaia-2-644x1024.png\" class=\"attachment-large size-large wp-image-12094\" alt=\"\" srcset=\"https:\/\/bucurestizoo.ro\/wp-content\/uploads\/2024\/12\/oaia-2-644x1024.png 644w, https:\/\/bucurestizoo.ro\/wp-content\/uploads\/2024\/12\/oaia-2-189x300.png 189w, https:\/\/bucurestizoo.ro\/wp-content\/uploads\/2024\/12\/oaia-2-768x1222.png 768w, https:\/\/bucurestizoo.ro\/wp-content\/uploads\/2024\/12\/oaia-2-321x510.png 321w, https:\/\/bucurestizoo.ro\/wp-content\/uploads\/2024\/12\/oaia-2.png 811w\" sizes=\"(max-width: 644px) 100vw, 644px\" data-id=\"12094\" \/>\t\t\t\t\t\t\t\t\t\t\t\t\t\t\t<\/div>\n\t\t\t\t<\/div>\n\t\t\t\t<\/div>\n\t\t\t\t\t<\/div>\n\t\t\t\t<\/div>\n\t\t<div class=\"elementor-element elementor-element-6f4777ff animated-slow e-flex e-con-boxed elementor-invisible e-con e-parent\" data-id=\"6f4777ff\" data-element_type=\"container\" data-e-type=\"container\" data-settings=\"{&quot;animation&quot;:&quot;fadeInLeft&quot;}\">\n\t\t\t\t\t<div class=\"e-con-inner\">\n\t\t\t\t<div class=\"elementor-element elementor-element-13010820 elementor-widget elementor-widget-heading\" data-id=\"13010820\" data-element_type=\"widget\" data-e-type=\"widget\" data-widget_type=\"heading.default\">\n\t\t\t\t<div class=\"elementor-widget-container\">\n\t\t\t\t\t<h1 class=\"elementor-heading-title elementor-size-default\">General:<\/h1>\t\t\t\t<\/div>\n\t\t\t\t<\/div>\n\t\t\t\t<div class=\"elementor-element elementor-element-25629e0b elementor-widget elementor-widget-text-editor\" data-id=\"25629e0b\" data-element_type=\"widget\" data-e-type=\"widget\" data-widget_type=\"text-editor.default\">\n\t\t\t\t<div class=\"elementor-widget-container\">\n\t\t\t\t\t\t\t\t\t<p>Oaia cu coam\u0103, cunoscut\u0103 \u0219i sub numele de <em>aoudad<\/em>, este o specie de capr\u0103 s\u0103lbatic\u0103, recunoscut\u0103 pentru coama sa lung\u0103 \u0219i m\u0103t\u0103soas\u0103, care porne\u0219te de la g\u00e2t \u0219i continu\u0103 pe partea anterioar\u0103 a picioarelor. Blana sa este de culoare maro-g\u0103lbuie, adaptat\u0103 pentru a se camufla \u00een mediile st\u00e2ncoase \u0219i aride.<\/p><p>Aceast\u0103 specie este cunoscut\u0103 pentru adaptabilitatea sa \u00een medii dificile, av\u00e2nd capacitatea de a supravie\u021bui f\u0103r\u0103 ap\u0103 perioade lungi, ob\u021bin\u00e2nd umezeala necesar\u0103 din hran\u0103.<\/p>\t\t\t\t\t\t\t\t<\/div>\n\t\t\t\t<\/div>\n\t\t\t\t\t<\/div>\n\t\t\t\t<\/div>\n\t\t<div class=\"elementor-element elementor-element-7bb61c12 e-flex e-con-boxed e-con e-parent\" data-id=\"7bb61c12\" data-element_type=\"container\" data-e-type=\"container\">\n\t\t\t\t\t<div class=\"e-con-inner\">\n\t\t\t\t<div class=\"elementor-element elementor-element-2c4c8c9b elementor-widget elementor-widget-gallery\" data-id=\"2c4c8c9b\" data-element_type=\"widget\" data-e-type=\"widget\" data-settings=\"{&quot;columns&quot;:2,&quot;aspect_ratio&quot;:&quot;1:1&quot;,&quot;lazyload&quot;:&quot;yes&quot;,&quot;gallery_layout&quot;:&quot;grid&quot;,&quot;columns_tablet&quot;:2,&quot;columns_mobile&quot;:1,&quot;gap&quot;:{&quot;unit&quot;:&quot;px&quot;,&quot;size&quot;:10,&quot;sizes&quot;:[]},&quot;gap_tablet&quot;:{&quot;unit&quot;:&quot;px&quot;,&quot;size&quot;:10,&quot;sizes&quot;:[]},&quot;gap_mobile&quot;:{&quot;unit&quot;:&quot;px&quot;,&quot;size&quot;:10,&quot;sizes&quot;:[]},&quot;link_to&quot;:&quot;file&quot;,&quot;overlay_background&quot;:&quot;yes&quot;,&quot;content_hover_animation&quot;:&quot;fade-in&quot;}\" data-widget_type=\"gallery.default\">\n\t\t\t\t<div class=\"elementor-widget-container\">\n\t\t\t\t\t\t\t<div class=\"elementor-gallery__container\">\n\t\t\t\t\t\t\t<a class=\"e-gallery-item elementor-gallery-item elementor-animated-content\" href=\"https:\/\/bucurestizoo.ro\/wp-content\/uploads\/2025\/04\/oaia-cu-coama-dt.jpg\" data-elementor-open-lightbox=\"yes\" data-elementor-lightbox-slideshow=\"2c4c8c9b\" data-elementor-lightbox-title=\"oaia cu coama dt\" data-e-action-hash=\"#elementor-action%3Aaction%3Dlightbox%26settings%3DeyJpZCI6MTUzMDMsInVybCI6Imh0dHBzOlwvXC9idWN1cmVzdGl6b28ucm9cL3dwLWNvbnRlbnRcL3VwbG9hZHNcLzIwMjVcLzA0XC9vYWlhLWN1LWNvYW1hLWR0LmpwZyIsInNsaWRlc2hvdyI6IjJjNGM4YzliIn0%3D\">\n\t\t\t\t\t<div class=\"e-gallery-image elementor-gallery-item__image\" data-thumbnail=\"https:\/\/bucurestizoo.ro\/wp-content\/uploads\/2025\/04\/oaia-cu-coama-dt-754x1024.jpg\" data-width=\"754\" data-height=\"1024\" aria-label=\"\" role=\"img\" ><\/div>\n\t\t\t\t\t\t\t\t\t\t\t<div class=\"elementor-gallery-item__overlay\"><\/div>\n\t\t\t\t\t\t\t\t\t\t\t\t\t\t<\/a>\n\t\t\t\t\t\t\t<a class=\"e-gallery-item elementor-gallery-item elementor-animated-content\" href=\"https:\/\/bucurestizoo.ro\/wp-content\/uploads\/2024\/12\/oaia-1.jpg\" data-elementor-open-lightbox=\"yes\" data-elementor-lightbox-slideshow=\"2c4c8c9b\" data-elementor-lightbox-title=\"oaia-1\" data-e-action-hash=\"#elementor-action%3Aaction%3Dlightbox%26settings%3DeyJpZCI6MTIwOTYsInVybCI6Imh0dHBzOlwvXC9idWN1cmVzdGl6b28ucm9cL3dwLWNvbnRlbnRcL3VwbG9hZHNcLzIwMjRcLzEyXC9vYWlhLTEuanBnIiwic2xpZGVzaG93IjoiMmM0YzhjOWIifQ%3D%3D\">\n\t\t\t\t\t<div class=\"e-gallery-image elementor-gallery-item__image\" data-thumbnail=\"https:\/\/bucurestizoo.ro\/wp-content\/uploads\/2024\/12\/oaia-1.jpg\" data-width=\"847\" data-height=\"629\" aria-label=\"\" role=\"img\" ><\/div>\n\t\t\t\t\t\t\t\t\t\t\t<div class=\"elementor-gallery-item__overlay\"><\/div>\n\t\t\t\t\t\t\t\t\t\t\t\t\t\t<\/a>\n\t\t\t\t\t<\/div>\n\t\t\t\t\t<\/div>\n\t\t\t\t<\/div>\n\t\t\t\t\t<\/div>\n\t\t\t\t<\/div>\n\t\t<div class=\"elementor-element elementor-element-788d40c7 animated-slow e-flex e-con-boxed elementor-invisible e-con e-parent\" data-id=\"788d40c7\" data-element_type=\"container\" data-e-type=\"container\" data-settings=\"{&quot;animation&quot;:&quot;fadeInRight&quot;}\">\n\t\t\t\t\t<div class=\"e-con-inner\">\n\t\t\t\t<div class=\"elementor-element elementor-element-36da8f20 elementor-widget elementor-widget-heading\" data-id=\"36da8f20\" data-element_type=\"widget\" data-e-type=\"widget\" data-widget_type=\"heading.default\">\n\t\t\t\t<div class=\"elementor-widget-container\">\n\t\t\t\t\t<h1 class=\"elementor-heading-title elementor-size-default\">Habitat:<\/h1>\t\t\t\t<\/div>\n\t\t\t\t<\/div>\n\t\t\t\t<div class=\"elementor-element elementor-element-43b7a40d elementor-widget elementor-widget-text-editor\" data-id=\"43b7a40d\" data-element_type=\"widget\" data-e-type=\"widget\" data-widget_type=\"text-editor.default\">\n\t\t\t\t<div class=\"elementor-widget-container\">\n\t\t\t\t\t\t\t\t\t<div class=\"et_pb_column et_pb_column_4_4 et_pb_column_20 et_pb_css_mix_blend_mode_passthrough et-last-child\"><div class=\"et_pb_module et_pb_text et_pb_text_11 et_pb_bg_layout_light et_pb_text_align_left\"><div class=\"et_pb_text_inner\"><p>Oaia cu coam\u0103 tr\u0103ie\u0219te \u00een regiunile muntoase, st\u00e2ncoase \u0219i de\u0219ertice din nordul Africii. Este activ\u0103 \u00een timpul dimine\u021bii \u0219i serii, evit\u00e2nd c\u0103ldura extrem\u0103 a zilei. Locurile preferate includ pante abrupte, unde se poate deplasa cu u\u0219urin\u021b\u0103 pentru a sc\u0103pa de pr\u0103d\u0103tori.<\/p><\/div><\/div><\/div>\t\t\t\t\t\t\t\t<\/div>\n\t\t\t\t<\/div>\n\t\t\t\t\t<\/div>\n\t\t\t\t<\/div>\n\t\t<div class=\"elementor-element elementor-element-738bad0 e-grid e-con-boxed e-con e-parent\" data-id=\"738bad0\" data-element_type=\"container\" data-e-type=\"container\">\n\t\t\t\t\t<div class=\"e-con-inner\">\n\t\t<div class=\"elementor-element elementor-element-5983e10b e-con-full animated-slow e-flex elementor-invisible e-con e-child\" data-id=\"5983e10b\" data-element_type=\"container\" data-e-type=\"container\" data-settings=\"{&quot;animation&quot;:&quot;fadeInLeft&quot;}\">\n\t\t\t\t<div class=\"elementor-element elementor-element-419b794e elementor-widget elementor-widget-heading\" data-id=\"419b794e\" data-element_type=\"widget\" data-e-type=\"widget\" data-widget_type=\"heading.default\">\n\t\t\t\t<div class=\"elementor-widget-container\">\n\t\t\t\t\t<h1 class=\"elementor-heading-title elementor-size-default\">Hran\u0103:<\/h1>\t\t\t\t<\/div>\n\t\t\t\t<\/div>\n\t\t\t\t<div class=\"elementor-element elementor-element-bf9266e elementor-widget elementor-widget-text-editor\" data-id=\"bf9266e\" data-element_type=\"widget\" data-e-type=\"widget\" data-widget_type=\"text-editor.default\">\n\t\t\t\t<div class=\"elementor-widget-container\">\n\t\t\t\t\t\t\t\t\t<div class=\"et_pb_module et_pb_text et_pb_text_7 et_pb_bg_layout_light et_pb_text_align_left\"><div class=\"et_pb_text_inner\"><p>Oaia cu coam\u0103 este erbivor\u0103, consum\u00e2nd ierburi, frunze, l\u0103stari, scoar\u021b\u0103 de copaci \u0219i plante suculente. Este bine adaptat\u0103 s\u0103 se hr\u0103neasc\u0103 \u00een medii aride \u0219i s\u0103 supravie\u021buiasc\u0103 perioade lungi f\u0103r\u0103 acces la ap\u0103.<\/p><p>\u00cen captivitate, este hr\u0103nit\u0103 cu f\u00e2n, iarb\u0103, legume \u0219i suplimente minerale.<\/p><\/div><\/div>\t\t\t\t\t\t\t\t<\/div>\n\t\t\t\t<\/div>\n\t\t\t\t<\/div>\n\t\t<div class=\"elementor-element elementor-element-6c5ae826 e-con-full animated-slow e-flex elementor-invisible e-con e-child\" data-id=\"6c5ae826\" data-element_type=\"container\" data-e-type=\"container\" data-settings=\"{&quot;animation&quot;:&quot;fadeInRight&quot;}\">\n\t\t\t\t<div class=\"elementor-element elementor-element-23c6a7c7 elementor-widget elementor-widget-heading\" data-id=\"23c6a7c7\" data-element_type=\"widget\" data-e-type=\"widget\" data-widget_type=\"heading.default\">\n\t\t\t\t<div class=\"elementor-widget-container\">\n\t\t\t\t\t<h1 class=\"elementor-heading-title elementor-size-default\">Conservare:<\/h1>\t\t\t\t<\/div>\n\t\t\t\t<\/div>\n\t\t\t\t<div class=\"elementor-element elementor-element-4e4e447d elementor-widget elementor-widget-text-editor\" data-id=\"4e4e447d\" data-element_type=\"widget\" data-e-type=\"widget\" data-widget_type=\"text-editor.default\">\n\t\t\t\t<div class=\"elementor-widget-container\">\n\t\t\t\t\t\t\t\t\t<p>Oaia cu coam\u0103 este clasificat\u0103 ca \u201eVulnerabil\u0103\u201d pe lista ro\u0219ie a IUCN. Principalele amenin\u021b\u0103ri includ v\u00e2n\u0103toarea excesiv\u0103, pierderea habitatului \u0219i competi\u021bia cu animalele domestice pentru resurse.<\/p><p>Conservarea sa implic\u0103 protejarea habitatelor montane \u0219i reglementarea v\u00e2n\u0103torii. \u00cen unele regiuni, introducerea sa ca specie de v\u00e2nat a dus la stabilirea unor popula\u021bii s\u0103n\u0103toase \u00een afara arealului s\u0103u natural.<\/p>\t\t\t\t\t\t\t\t<\/div>\n\t\t\t\t<\/div>\n\t\t\t\t<\/div>\n\t\t\t\t\t<\/div>\n\t\t\t\t<\/div>\n\t\t\t\t<\/div>","protected":false},"excerpt":{"rendered":"<p>Oaia cu Coam\u0103 Nume \u0219tiin\u021bific: Ammotragus lerviaClasa: MammaliaOrdin: ArtiodactylaFamilie: BovidaeGen: AmmotragusSpecie: Ammotragus lervia Distribu\u021bie:Regiuni montane \u0219i de\u0219ertice din nordul Africii \u2013 Maroc, Algeria, Tunisia, Libia, Egipt, Sudan. Dimensiuni:\u2013 Lungime corporal\u0103: 125\u2013165 cm\u2013 \u00cen\u0103l\u021bime la greab\u0103n: 75\u2013110 cm Greutate:\u2013 Masculi: 90\u2013140 kg\u2013 Femele: 40\u201365 kg Durata gesta\u021biei: 160\u2013165 zileNum\u0103r pui la na\u0219tere: 1\u20132 mieiSperan\u021ba de via\u021b\u0103: &hellip; <a href=\"https:\/\/bucurestizoo.ro\/en\/oaia-cu-coama\/\" class=\"more-link\">Continue reading <span class=\"screen-reader-text\">Oaia cu Coam\u0103<\/span><\/a><\/p>","protected":false},"author":1,"featured_media":0,"parent":0,"menu_order":0,"comment_status":"closed","ping_status":"closed","template":"","meta":{"_monsterinsights_skip_tracking":false,"_monsterinsights_sitenote_active":false,"_monsterinsights_sitenote_note":"","_monsterinsights_sitenote_category":0,"footnotes":""},"class_list":["post-11776","page","type-page","status-publish","hentry"],"aioseo_notices":[],"_links":{"self":[{"href":"https:\/\/bucurestizoo.ro\/en\/wp-json\/wp\/v2\/pages\/11776","targetHints":{"allow":["GET"]}}],"collection":[{"href":"https:\/\/bucurestizoo.ro\/en\/wp-json\/wp\/v2\/pages"}],"about":[{"href":"https:\/\/bucurestizoo.ro\/en\/wp-json\/wp\/v2\/types\/page"}],"author":[{"embeddable":true,"href":"https:\/\/bucurestizoo.ro\/en\/wp-json\/wp\/v2\/users\/1"}],"replies":[{"embeddable":true,"href":"https:\/\/bucurestizoo.ro\/en\/wp-json\/wp\/v2\/comments?post=11776"}],"version-history":[{"count":7,"href":"https:\/\/bucurestizoo.ro\/en\/wp-json\/wp\/v2\/pages\/11776\/revisions"}],"predecessor-version":[{"id":15330,"href":"https:\/\/bucurestizoo.ro\/en\/wp-json\/wp\/v2\/pages\/11776\/revisions\/15330"}],"wp:attachment":[{"href":"https:\/\/bucurestizoo.ro\/en\/wp-json\/wp\/v2\/media?parent=11776"}],"curies":[{"name":"wp","href":"https:\/\/api.w.org\/{rel}","templated":true}]}}