{"id":11774,"date":"2024-12-09T12:50:34","date_gmt":"2024-12-09T10:50:34","guid":{"rendered":"https:\/\/n1.bucurestizoo.ro\/?page_id=11774"},"modified":"2025-04-07T17:30:16","modified_gmt":"2025-04-07T15:30:16","slug":"muflon","status":"publish","type":"page","link":"https:\/\/bucurestizoo.ro\/en\/muflon\/","title":{"rendered":"Muflon"},"content":{"rendered":"<div data-elementor-type=\"wp-page\" data-elementor-id=\"11774\" class=\"elementor elementor-11774\" data-elementor-post-type=\"page\">\n\t\t\t\t<div class=\"elementor-element elementor-element-4fd6a9b7 e-flex e-con-boxed e-con e-parent\" data-id=\"4fd6a9b7\" data-element_type=\"container\" data-e-type=\"container\" data-settings=\"{&quot;background_background&quot;:&quot;classic&quot;}\">\n\t\t\t\t\t<div class=\"e-con-inner\">\n\t\t<div class=\"elementor-element elementor-element-2734aa7a e-con-full e-flex e-con e-child\" data-id=\"2734aa7a\" data-element_type=\"container\" data-e-type=\"container\">\n\t\t<div class=\"elementor-element elementor-element-20c5f0bb e-con-full animated-slow e-flex elementor-invisible e-con e-child\" data-id=\"20c5f0bb\" data-element_type=\"container\" data-e-type=\"container\" data-settings=\"{&quot;animation&quot;:&quot;fadeInLeft&quot;}\">\n\t\t\t\t<div class=\"elementor-element elementor-element-5fbb5d44 elementor-widget elementor-widget-heading\" data-id=\"5fbb5d44\" data-element_type=\"widget\" data-e-type=\"widget\" data-widget_type=\"heading.default\">\n\t\t\t\t<div class=\"elementor-widget-container\">\n\t\t\t\t\t<h1 class=\"elementor-heading-title elementor-size-default\">Muflon<\/h1>\t\t\t\t<\/div>\n\t\t\t\t<\/div>\n\t\t\t\t<div class=\"elementor-element elementor-element-4b7f2314 elementor-widget elementor-widget-text-editor\" data-id=\"4b7f2314\" data-element_type=\"widget\" data-e-type=\"widget\" data-widget_type=\"text-editor.default\">\n\t\t\t\t<div class=\"elementor-widget-container\">\n\t\t\t\t\t\t\t\t\t<p class=\"\" data-start=\"0\" data-end=\"73\"><strong data-start=\"25\" data-end=\"50\">Denumire \u0219tiin\u021bific\u0103:<\/strong> <em data-start=\"51\" data-end=\"71\">Ovis ammon musimon<\/em><\/p><p class=\"\" data-start=\"75\" data-end=\"240\"><strong data-start=\"75\" data-end=\"84\">Regn:<\/strong> Animalia<br data-start=\"93\" data-end=\"96\" \/><strong data-start=\"96\" data-end=\"113\">\u00cencreng\u0103tur\u0103:<\/strong> Chordata<br data-start=\"122\" data-end=\"125\" \/><strong data-start=\"125\" data-end=\"135\">Clasa:<\/strong> Mammalia<br data-start=\"144\" data-end=\"147\" \/><strong data-start=\"147\" data-end=\"157\">Ordin:<\/strong> Artiodactyla<br data-start=\"170\" data-end=\"173\" data-is-only-node=\"\" \/><strong data-start=\"173\" data-end=\"185\">Familie:<\/strong> Bovidae<br data-start=\"193\" data-end=\"196\" \/><strong data-start=\"196\" data-end=\"211\">Subfamilie:<\/strong> Caprinae<br data-start=\"220\" data-end=\"223\" \/><strong data-start=\"223\" data-end=\"231\">Gen:<\/strong> <em data-start=\"232\" data-end=\"238\">Ovis<\/em><\/p><p class=\"\" data-start=\"242\" data-end=\"442\"><strong data-start=\"242\" data-end=\"258\">Distribu\u021bie:<\/strong> Originar din insulele Corsica \u0219i Sardinia<\/p><p class=\"\" data-start=\"444\" data-end=\"523\"><strong data-start=\"444\" data-end=\"456\">Habitat:<\/strong> P\u0103duri, zone montane \u0219i colinare, terenuri st\u00e2ncoase \u0219i deschise<\/p><p class=\"\" data-start=\"525\" data-end=\"561\"><strong data-start=\"525\" data-end=\"540\">Dimensiuni:<\/strong> Lungime: 1,1\u20131,5 m<\/p><p class=\"\" data-start=\"563\" data-end=\"614\"><strong data-start=\"563\" data-end=\"576\">Greutate:<\/strong><br data-start=\"576\" data-end=\"579\" \/>\u2013 Mascul: 45 kg<br data-start=\"594\" data-end=\"597\" \/>\u2013 Femel\u0103: 30 kg<\/p><p class=\"\" data-start=\"616\" data-end=\"672\"><strong data-start=\"616\" data-end=\"640\">Stare de conservare:<\/strong> Vulnerabil<\/p>\t\t\t\t\t\t\t\t<\/div>\n\t\t\t\t<\/div>\n\t\t\t\t<\/div>\n\t\t\t\t<div class=\"elementor-element elementor-element-9dae6e5 elementor-widget-tablet__width-inherit animated-slow elementor-invisible elementor-widget elementor-widget-image\" data-id=\"9dae6e5\" data-element_type=\"widget\" data-e-type=\"widget\" data-settings=\"{&quot;_animation&quot;:&quot;fadeInRight&quot;}\" data-widget_type=\"image.default\">\n\t\t\t\t<div class=\"elementor-widget-container\">\n\t\t\t\t\t\t\t\t\t\t\t\t\t\t\t<img fetchpriority=\"high\" decoding=\"async\" width=\"683\" height=\"1024\" src=\"https:\/\/bucurestizoo.ro\/wp-content\/uploads\/2024\/12\/muflon-1-683x1024.jpg\" class=\"attachment-large size-large wp-image-12087\" alt=\"\" srcset=\"https:\/\/bucurestizoo.ro\/wp-content\/uploads\/2024\/12\/muflon-1-683x1024.jpg 683w, https:\/\/bucurestizoo.ro\/wp-content\/uploads\/2024\/12\/muflon-1-200x300.jpg 200w, https:\/\/bucurestizoo.ro\/wp-content\/uploads\/2024\/12\/muflon-1-768x1151.jpg 768w, https:\/\/bucurestizoo.ro\/wp-content\/uploads\/2024\/12\/muflon-1-340x510.jpg 340w, https:\/\/bucurestizoo.ro\/wp-content\/uploads\/2024\/12\/muflon-1.jpg 854w\" sizes=\"(max-width: 683px) 100vw, 683px\" data-id=\"12087\" \/>\t\t\t\t\t\t\t\t\t\t\t\t\t\t\t<\/div>\n\t\t\t\t<\/div>\n\t\t\t\t<\/div>\n\t\t\t\t\t<\/div>\n\t\t\t\t<\/div>\n\t\t<div class=\"elementor-element elementor-element-24173529 animated-slow e-flex e-con-boxed elementor-invisible e-con e-parent\" data-id=\"24173529\" data-element_type=\"container\" data-e-type=\"container\" data-settings=\"{&quot;animation&quot;:&quot;fadeInLeft&quot;}\">\n\t\t\t\t\t<div class=\"e-con-inner\">\n\t\t\t\t<div class=\"elementor-element elementor-element-6674125f elementor-widget elementor-widget-heading\" data-id=\"6674125f\" data-element_type=\"widget\" data-e-type=\"widget\" data-widget_type=\"heading.default\">\n\t\t\t\t<div class=\"elementor-widget-container\">\n\t\t\t\t\t<h1 class=\"elementor-heading-title elementor-size-default\">General:<\/h1>\t\t\t\t<\/div>\n\t\t\t\t<\/div>\n\t\t\t\t<div class=\"elementor-element elementor-element-1fb24210 elementor-widget elementor-widget-text-editor\" data-id=\"1fb24210\" data-element_type=\"widget\" data-e-type=\"widget\" data-widget_type=\"text-editor.default\">\n\t\t\t\t<div class=\"elementor-widget-container\">\n\t\t\t\t\t\t\t\t\t<p>Muflonul, numit \u0219i oaie s\u0103lbatic\u0103, este str\u0103mo\u0219ul oii domestice. Este un mamifer agil care poate face salturi de 2 metri \u00een\u0103l\u021bime \u0219i 3\u20134 m lungime. Muflonul are sim\u021buri foarte bune.<\/p><p>Aspectul general al muflonului este asem\u0103n\u0103tor cu cel al berbecului. Masculul are coarne inelate, puternice \u0219i r\u0103sucite. Acestea cresc \u00een spiral\u0103 odat\u0103 cu v\u00e2rsta animalului, put\u00e2nd ajunge la 90 cm. Femelele poart\u0103, uneori, \u0219i ele coarne, mai mici, de p\u00e2n\u0103 la 10\u201312 cm. Copita muflonului este la fel cu cea a oii domestice.<\/p><p>Muflonii pasc \u0219i se adap\u0103 seara \u0219i noaptea.<\/p><p>\u00cemperecherea are loc \u00een perioada octombrie-noiembrie. Dup\u0103 aproximativ 22 s\u0103pt\u0103m\u00e2ni, muflonul femel\u0103 se retrage singur\u0103, \u00een locuri ascunse \u0219i fat\u0103 unul sau, mai rar, doi miei, cu care revine la turm\u0103.<\/p>\t\t\t\t\t\t\t\t<\/div>\n\t\t\t\t<\/div>\n\t\t\t\t\t<\/div>\n\t\t\t\t<\/div>\n\t\t<div class=\"elementor-element elementor-element-762dcabc e-flex e-con-boxed e-con e-parent\" data-id=\"762dcabc\" data-element_type=\"container\" data-e-type=\"container\">\n\t\t\t\t\t<div class=\"e-con-inner\">\n\t\t\t\t<div class=\"elementor-element elementor-element-4033a55e elementor-widget elementor-widget-gallery\" data-id=\"4033a55e\" data-element_type=\"widget\" data-e-type=\"widget\" data-settings=\"{&quot;columns&quot;:2,&quot;aspect_ratio&quot;:&quot;1:1&quot;,&quot;lazyload&quot;:&quot;yes&quot;,&quot;gallery_layout&quot;:&quot;grid&quot;,&quot;columns_tablet&quot;:2,&quot;columns_mobile&quot;:1,&quot;gap&quot;:{&quot;unit&quot;:&quot;px&quot;,&quot;size&quot;:10,&quot;sizes&quot;:[]},&quot;gap_tablet&quot;:{&quot;unit&quot;:&quot;px&quot;,&quot;size&quot;:10,&quot;sizes&quot;:[]},&quot;gap_mobile&quot;:{&quot;unit&quot;:&quot;px&quot;,&quot;size&quot;:10,&quot;sizes&quot;:[]},&quot;link_to&quot;:&quot;file&quot;,&quot;overlay_background&quot;:&quot;yes&quot;,&quot;content_hover_animation&quot;:&quot;fade-in&quot;}\" data-widget_type=\"gallery.default\">\n\t\t\t\t<div class=\"elementor-widget-container\">\n\t\t\t\t\t\t\t<div class=\"elementor-gallery__container\">\n\t\t\t\t\t\t\t<a class=\"e-gallery-item elementor-gallery-item elementor-animated-content\" href=\"https:\/\/bucurestizoo.ro\/wp-content\/uploads\/2024\/12\/muflon-2.jpg\" data-elementor-open-lightbox=\"yes\" data-elementor-lightbox-slideshow=\"4033a55e\" data-elementor-lightbox-title=\"muflon 2\" data-e-action-hash=\"#elementor-action%3Aaction%3Dlightbox%26settings%3DeyJpZCI6MTIwODgsInVybCI6Imh0dHBzOlwvXC9idWN1cmVzdGl6b28ucm9cL3dwLWNvbnRlbnRcL3VwbG9hZHNcLzIwMjRcLzEyXC9tdWZsb24tMi5qcGciLCJzbGlkZXNob3ciOiI0MDMzYTU1ZSJ9\">\n\t\t\t\t\t<div class=\"e-gallery-image elementor-gallery-item__image\" data-thumbnail=\"https:\/\/bucurestizoo.ro\/wp-content\/uploads\/2024\/12\/muflon-2-682x1024.jpg\" data-width=\"682\" data-height=\"1024\" aria-label=\"\" role=\"img\" ><\/div>\n\t\t\t\t\t\t\t\t\t\t\t<div class=\"elementor-gallery-item__overlay\"><\/div>\n\t\t\t\t\t\t\t\t\t\t\t\t\t\t<\/a>\n\t\t\t\t\t\t\t<a class=\"e-gallery-item elementor-gallery-item elementor-animated-content\" href=\"https:\/\/bucurestizoo.ro\/wp-content\/uploads\/2024\/12\/muflon-3.jpg\" data-elementor-open-lightbox=\"yes\" data-elementor-lightbox-slideshow=\"4033a55e\" data-elementor-lightbox-title=\"muflon 3\" data-e-action-hash=\"#elementor-action%3Aaction%3Dlightbox%26settings%3DeyJpZCI6MTIwODksInVybCI6Imh0dHBzOlwvXC9idWN1cmVzdGl6b28ucm9cL3dwLWNvbnRlbnRcL3VwbG9hZHNcLzIwMjRcLzEyXC9tdWZsb24tMy5qcGciLCJzbGlkZXNob3ciOiI0MDMzYTU1ZSJ9\">\n\t\t\t\t\t<div class=\"e-gallery-image elementor-gallery-item__image\" data-thumbnail=\"https:\/\/bucurestizoo.ro\/wp-content\/uploads\/2024\/12\/muflon-3-1024x682.jpg\" data-width=\"847\" data-height=\"564\" aria-label=\"\" role=\"img\" ><\/div>\n\t\t\t\t\t\t\t\t\t\t\t<div class=\"elementor-gallery-item__overlay\"><\/div>\n\t\t\t\t\t\t\t\t\t\t\t\t\t\t<\/a>\n\t\t\t\t\t<\/div>\n\t\t\t\t\t<\/div>\n\t\t\t\t<\/div>\n\t\t\t\t\t<\/div>\n\t\t\t\t<\/div>\n\t\t<div class=\"elementor-element elementor-element-61bd89c3 animated-slow e-flex e-con-boxed elementor-invisible e-con e-parent\" data-id=\"61bd89c3\" data-element_type=\"container\" data-e-type=\"container\" data-settings=\"{&quot;animation&quot;:&quot;fadeInRight&quot;}\">\n\t\t\t\t\t<div class=\"e-con-inner\">\n\t\t\t\t<div class=\"elementor-element elementor-element-6b332e01 elementor-widget elementor-widget-heading\" data-id=\"6b332e01\" data-element_type=\"widget\" data-e-type=\"widget\" data-widget_type=\"heading.default\">\n\t\t\t\t<div class=\"elementor-widget-container\">\n\t\t\t\t\t<h1 class=\"elementor-heading-title elementor-size-default\">Habitat:<\/h1>\t\t\t\t<\/div>\n\t\t\t\t<\/div>\n\t\t\t\t<div class=\"elementor-element elementor-element-3a9771dc elementor-widget elementor-widget-text-editor\" data-id=\"3a9771dc\" data-element_type=\"widget\" data-e-type=\"widget\" data-widget_type=\"text-editor.default\">\n\t\t\t\t<div class=\"elementor-widget-container\">\n\t\t\t\t\t\t\t\t\t<p>Tr\u0103ie\u0219te, \u00een special, \u00een p\u0103durile din zonele de dealuri joase \u0219i coline, precum \u0219i \u00een p\u0103durile de c\u00e2mpie cu umiditate relativ crescut\u0103, iar, \u00een arealul originar, \u00een zona st\u00e2ncoas\u0103 \u0219i destul de arid\u0103. Evit\u0103 zonele cu prea mult\u0103 ap\u0103 \u0219i nu \u00eenoat\u0103 dec\u00e2t \u00een cazuri cu totul excep\u021bionale.<\/p><p>A fost reintrodus, cu succes, \u00een Rom\u00e2nia, \u00een primul r\u00e2nd, \u00een Dobrogea, apoi \u0219i \u00een alte regiuni, cum ar fi, de exemplu, Muntenia.<\/p>\t\t\t\t\t\t\t\t<\/div>\n\t\t\t\t<\/div>\n\t\t\t\t\t<\/div>\n\t\t\t\t<\/div>\n\t\t<div class=\"elementor-element elementor-element-2cd6cc60 e-grid e-con-boxed e-con e-parent\" data-id=\"2cd6cc60\" data-element_type=\"container\" data-e-type=\"container\">\n\t\t\t\t\t<div class=\"e-con-inner\">\n\t\t<div class=\"elementor-element elementor-element-33d272dc e-con-full animated-slow e-flex elementor-invisible e-con e-child\" data-id=\"33d272dc\" data-element_type=\"container\" data-e-type=\"container\" data-settings=\"{&quot;animation&quot;:&quot;fadeInLeft&quot;}\">\n\t\t\t\t<div class=\"elementor-element elementor-element-49487991 elementor-widget elementor-widget-heading\" data-id=\"49487991\" data-element_type=\"widget\" data-e-type=\"widget\" data-widget_type=\"heading.default\">\n\t\t\t\t<div class=\"elementor-widget-container\">\n\t\t\t\t\t<h1 class=\"elementor-heading-title elementor-size-default\">Hran\u0103:<\/h1>\t\t\t\t<\/div>\n\t\t\t\t<\/div>\n\t\t\t\t<div class=\"elementor-element elementor-element-651e6953 elementor-widget elementor-widget-text-editor\" data-id=\"651e6953\" data-element_type=\"widget\" data-e-type=\"widget\" data-widget_type=\"text-editor.default\">\n\t\t\t\t<div class=\"elementor-widget-container\">\n\t\t\t\t\t\t\t\t\t<p>Hrana muflonului este vegetal\u0103, const\u00e2nd din ierburi de p\u0103dure, l\u0103stari, frunze etc. Uneori intr\u0103 \u0219i \u00een culturi, dac\u0103 acestea sunt prea aproape de arealul s\u0103u.<\/p>\t\t\t\t\t\t\t\t<\/div>\n\t\t\t\t<\/div>\n\t\t\t\t<\/div>\n\t\t<div class=\"elementor-element elementor-element-7e2a6126 e-con-full animated-slow e-flex elementor-invisible e-con e-child\" data-id=\"7e2a6126\" data-element_type=\"container\" data-e-type=\"container\" data-settings=\"{&quot;animation&quot;:&quot;fadeInRight&quot;}\">\n\t\t\t\t<div class=\"elementor-element elementor-element-7e8a16fe elementor-widget elementor-widget-heading\" data-id=\"7e8a16fe\" data-element_type=\"widget\" data-e-type=\"widget\" data-widget_type=\"heading.default\">\n\t\t\t\t<div class=\"elementor-widget-container\">\n\t\t\t\t\t<h1 class=\"elementor-heading-title elementor-size-default\">Conservare:<\/h1>\t\t\t\t<\/div>\n\t\t\t\t<\/div>\n\t\t\t\t<div class=\"elementor-element elementor-element-419f505a elementor-widget elementor-widget-text-editor\" data-id=\"419f505a\" data-element_type=\"widget\" data-e-type=\"widget\" data-widget_type=\"text-editor.default\">\n\t\t\t\t<div class=\"elementor-widget-container\">\n\t\t\t\t\t\t\t\t\t<p>Principalele amenin\u021b\u0103ri sunt: v\u00e2n\u0103toarea \u0219i braconajul (pentru carne), accidentele rutiere, bolile transmise de animale domestice, precum \u0219i pierderea habitatului. \u00cen general, muflonii par a fi extrem de toleran\u021bi la tulbur\u0103rile umane.<\/p>\t\t\t\t\t\t\t\t<\/div>\n\t\t\t\t<\/div>\n\t\t\t\t<\/div>\n\t\t\t\t\t<\/div>\n\t\t\t\t<\/div>\n\t\t\t\t<\/div>","protected":false},"excerpt":{"rendered":"<p>Muflon Denumire \u0219tiin\u021bific\u0103: Ovis ammon musimon Regn: Animalia\u00cencreng\u0103tur\u0103: ChordataClasa: MammaliaOrdin: ArtiodactylaFamilie: BovidaeSubfamilie: CaprinaeGen: Ovis Distribu\u021bie: Originar din insulele Corsica \u0219i Sardinia Habitat: P\u0103duri, zone montane \u0219i colinare, terenuri st\u00e2ncoase \u0219i deschise Dimensiuni: Lungime: 1,1\u20131,5 m Greutate:\u2013 Mascul: 45 kg\u2013 Femel\u0103: 30 kg Stare de conservare: Vulnerabil General: Muflonul, numit \u0219i oaie s\u0103lbatic\u0103, este str\u0103mo\u0219ul oii &hellip; <a href=\"https:\/\/bucurestizoo.ro\/en\/muflon\/\" class=\"more-link\">Continue reading <span class=\"screen-reader-text\">Muflon<\/span><\/a><\/p>","protected":false},"author":1,"featured_media":0,"parent":0,"menu_order":0,"comment_status":"closed","ping_status":"closed","template":"","meta":{"_monsterinsights_skip_tracking":false,"_monsterinsights_sitenote_active":false,"_monsterinsights_sitenote_note":"","_monsterinsights_sitenote_category":0,"footnotes":""},"class_list":["post-11774","page","type-page","status-publish","hentry"],"aioseo_notices":[],"_links":{"self":[{"href":"https:\/\/bucurestizoo.ro\/en\/wp-json\/wp\/v2\/pages\/11774","targetHints":{"allow":["GET"]}}],"collection":[{"href":"https:\/\/bucurestizoo.ro\/en\/wp-json\/wp\/v2\/pages"}],"about":[{"href":"https:\/\/bucurestizoo.ro\/en\/wp-json\/wp\/v2\/types\/page"}],"author":[{"embeddable":true,"href":"https:\/\/bucurestizoo.ro\/en\/wp-json\/wp\/v2\/users\/1"}],"replies":[{"embeddable":true,"href":"https:\/\/bucurestizoo.ro\/en\/wp-json\/wp\/v2\/comments?post=11774"}],"version-history":[{"count":7,"href":"https:\/\/bucurestizoo.ro\/en\/wp-json\/wp\/v2\/pages\/11774\/revisions"}],"predecessor-version":[{"id":15323,"href":"https:\/\/bucurestizoo.ro\/en\/wp-json\/wp\/v2\/pages\/11774\/revisions\/15323"}],"wp:attachment":[{"href":"https:\/\/bucurestizoo.ro\/en\/wp-json\/wp\/v2\/media?parent=11774"}],"curies":[{"name":"wp","href":"https:\/\/api.w.org\/{rel}","templated":true}]}}