{"id":11772,"date":"2024-12-09T12:48:30","date_gmt":"2024-12-09T10:48:30","guid":{"rendered":"https:\/\/n1.bucurestizoo.ro\/?page_id=11772"},"modified":"2025-02-19T17:03:27","modified_gmt":"2025-02-19T15:03:27","slug":"marmoseta-geoffroy","status":"publish","type":"page","link":"https:\/\/bucurestizoo.ro\/en\/marmoseta-geoffroy\/","title":{"rendered":"Marmoseta Geoffroy"},"content":{"rendered":"<div data-elementor-type=\"wp-page\" data-elementor-id=\"11772\" class=\"elementor elementor-11772\" data-elementor-post-type=\"page\">\n\t\t\t\t<div class=\"elementor-element elementor-element-337b3a8d e-flex e-con-boxed e-con e-parent\" data-id=\"337b3a8d\" data-element_type=\"container\" data-e-type=\"container\" data-settings=\"{&quot;background_background&quot;:&quot;classic&quot;}\">\n\t\t\t\t\t<div class=\"e-con-inner\">\n\t\t<div class=\"elementor-element elementor-element-10fa1845 e-con-full e-flex e-con e-child\" data-id=\"10fa1845\" data-element_type=\"container\" data-e-type=\"container\">\n\t\t<div class=\"elementor-element elementor-element-462456e7 e-con-full animated-slow e-flex elementor-invisible e-con e-child\" data-id=\"462456e7\" data-element_type=\"container\" data-e-type=\"container\" data-settings=\"{&quot;animation&quot;:&quot;fadeInLeft&quot;}\">\n\t\t\t\t<div class=\"elementor-element elementor-element-a7061bf elementor-widget elementor-widget-heading\" data-id=\"a7061bf\" data-element_type=\"widget\" data-e-type=\"widget\" data-widget_type=\"heading.default\">\n\t\t\t\t<div class=\"elementor-widget-container\">\n\t\t\t\t\t<h1 class=\"elementor-heading-title elementor-size-default\">Marmoseta lui Geoffroy<\/h1>\t\t\t\t<\/div>\n\t\t\t\t<\/div>\n\t\t\t\t<div class=\"elementor-element elementor-element-1c3c5f1b elementor-widget elementor-widget-text-editor\" data-id=\"1c3c5f1b\" data-element_type=\"widget\" data-e-type=\"widget\" data-widget_type=\"text-editor.default\">\n\t\t\t\t<div class=\"elementor-widget-container\">\n\t\t\t\t\t\t\t\t\t<p><strong>Denumire \u0219tiin\u021bific\u0103:<\/strong> Callithrix geoffroyi<br \/><strong>Ordin:<\/strong> Primates<br \/><strong>Familie:<\/strong> Callitrichidae<br \/><strong>Gen:<\/strong> Callithrix<br \/><strong>Specie:<\/strong> Callithrix geoffroyi<br \/><strong>Distribu\u021bie:<\/strong> Brazilia<br \/><strong>Dimensiuni:<\/strong> 22-30 cm lungime (f\u0103r\u0103 coad\u0103), coada 30-40 cm<br \/><strong>Greutate:<\/strong> 300-400 g<br \/><strong>Perioada de gesta\u021bie:<\/strong> 140-150 zile<br \/><strong>Num\u0103r de pui:<\/strong> 1-2<br \/><strong>Speran\u021b\u0103 de via\u021b\u0103:<\/strong> p\u00e2n\u0103 la 10 ani \u00een s\u0103lb\u0103ticie, \u00een captivitate mai mult<\/p>\t\t\t\t\t\t\t\t<\/div>\n\t\t\t\t<\/div>\n\t\t\t\t<\/div>\n\t\t\t\t<div class=\"elementor-element elementor-element-558b6be elementor-widget-tablet__width-inherit animated-slow elementor-invisible elementor-widget elementor-widget-image\" data-id=\"558b6be\" data-element_type=\"widget\" data-e-type=\"widget\" data-settings=\"{&quot;_animation&quot;:&quot;fadeInRight&quot;}\" data-widget_type=\"image.default\">\n\t\t\t\t<div class=\"elementor-widget-container\">\n\t\t\t\t\t\t\t\t\t\t\t\t\t\t\t<img fetchpriority=\"high\" decoding=\"async\" width=\"847\" height=\"565\" src=\"https:\/\/bucurestizoo.ro\/wp-content\/uploads\/2025\/02\/Marmoseta-G_2-1024x683.jpg\" class=\"attachment-large size-large wp-image-13243\" alt=\"\" srcset=\"https:\/\/bucurestizoo.ro\/wp-content\/uploads\/2025\/02\/Marmoseta-G_2-1024x683.jpg 1024w, https:\/\/bucurestizoo.ro\/wp-content\/uploads\/2025\/02\/Marmoseta-G_2-300x200.jpg 300w, https:\/\/bucurestizoo.ro\/wp-content\/uploads\/2025\/02\/Marmoseta-G_2-768x512.jpg 768w, https:\/\/bucurestizoo.ro\/wp-content\/uploads\/2025\/02\/Marmoseta-G_2-1536x1024.jpg 1536w, https:\/\/bucurestizoo.ro\/wp-content\/uploads\/2025\/02\/Marmoseta-G_2-2048x1365.jpg 2048w, https:\/\/bucurestizoo.ro\/wp-content\/uploads\/2025\/02\/Marmoseta-G_2-450x300.jpg 450w, https:\/\/bucurestizoo.ro\/wp-content\/uploads\/2025\/02\/Marmoseta-G_2-650x433.jpg 650w\" sizes=\"(max-width: 847px) 100vw, 847px\" data-id=\"13243\" \/>\t\t\t\t\t\t\t\t\t\t\t\t\t\t\t<\/div>\n\t\t\t\t<\/div>\n\t\t\t\t<\/div>\n\t\t\t\t\t<\/div>\n\t\t\t\t<\/div>\n\t\t<div class=\"elementor-element elementor-element-32fd6739 animated-slow e-flex e-con-boxed elementor-invisible e-con e-parent\" data-id=\"32fd6739\" data-element_type=\"container\" data-e-type=\"container\" data-settings=\"{&quot;animation&quot;:&quot;fadeInLeft&quot;}\">\n\t\t\t\t\t<div class=\"e-con-inner\">\n\t\t\t\t<div class=\"elementor-element elementor-element-217b2461 elementor-widget elementor-widget-heading\" data-id=\"217b2461\" data-element_type=\"widget\" data-e-type=\"widget\" data-widget_type=\"heading.default\">\n\t\t\t\t<div class=\"elementor-widget-container\">\n\t\t\t\t\t<h1 class=\"elementor-heading-title elementor-size-default\">General:<\/h1>\t\t\t\t<\/div>\n\t\t\t\t<\/div>\n\t\t\t\t<div class=\"elementor-element elementor-element-388eb287 elementor-widget elementor-widget-text-editor\" data-id=\"388eb287\" data-element_type=\"widget\" data-e-type=\"widget\" data-widget_type=\"text-editor.default\">\n\t\t\t\t<div class=\"elementor-widget-container\">\n\t\t\t\t\t\t\t\t\t<p>Este un primat mic, cu blan\u0103 neagr\u0103 \u0219i alb\u0103 \u0219i un chip expresiv. Se deplaseaz\u0103 rapid printre crengi. Marmosetele pot roade scoar\u021ba copacilor pentru a ob\u021bine seva, cre\u00e2nd \u201eizvoare dulci\u201d pentru \u00eentreaga familie! Marmoseta lui Geoffroy (Callithrix geoffroyi) se g\u0103se\u0219te \u00een sud-estul Braziliei. Acestea locuiesc \u00een statul Espirito Santo \u0219i \u00een partea estic\u0103 \u0219i nord-estic\u0103 \u00eemp\u0103durit\u0103 a statului Minas Gerais. Se afl\u0103 la nord de Rio Jequitinhonha \u0219i Aracuai \u0219i de la sud p\u00e2n\u0103 la grani\u021ba de stat a Espirito \u0219i Rio de Janeiro. Popula\u021bia de la sud de Rio Jequitinhonha a provenit din animale eliberate \u00een apropierea r\u00e2ului \u00een 1975. Aceast\u0103 popula\u021bie s-a r\u0103sp\u00e2ndit spre est. O popula\u021bie hibrid\u0103 de Callithrix penicillata x C. geoffroy a fost g\u0103sit\u0103 \u00een Serra da Piedade de-a lungul Rio Piracicaba. Marmosetele sunt diurne \u0219i arboreale, tr\u0103ind \u00een grupuri de 8 \u2013 10 indivizi.<\/p><p>\u00a0 Masculul \u0219i femela dominant\u0103 din fiecare grup de marmosete formeaz\u0103 o leg\u0103tur\u0103 pereche monogam\u0103. Numai aceast\u0103 pereche va reproduce. Comportamentul dominant al femelei de reproducere va opri ovula\u021bia la alte femele din grup. Acest proces poate fi ajutat de feromoni produ\u0219i \u00een glandele mirositoare ale femelelor dominante. Ca urmare, femelele subordonate nu se pot reproduce \u00een timp ce r\u0103m\u00e2n \u00een grup. O astfel de ierarhie este mai pu\u021bin evident\u0103 \u00een r\u00e2ndul masculilor.<\/p>\t\t\t\t\t\t\t\t<\/div>\n\t\t\t\t<\/div>\n\t\t\t\t\t<\/div>\n\t\t\t\t<\/div>\n\t\t<div class=\"elementor-element elementor-element-3085960d e-flex e-con-boxed e-con e-parent\" data-id=\"3085960d\" data-element_type=\"container\" data-e-type=\"container\">\n\t\t\t\t\t<div class=\"e-con-inner\">\n\t\t\t\t<div class=\"elementor-element elementor-element-6eacd8f7 elementor-widget elementor-widget-gallery\" data-id=\"6eacd8f7\" data-element_type=\"widget\" data-e-type=\"widget\" data-settings=\"{&quot;columns&quot;:2,&quot;lazyload&quot;:&quot;yes&quot;,&quot;gallery_layout&quot;:&quot;grid&quot;,&quot;columns_tablet&quot;:2,&quot;columns_mobile&quot;:1,&quot;gap&quot;:{&quot;unit&quot;:&quot;px&quot;,&quot;size&quot;:10,&quot;sizes&quot;:[]},&quot;gap_tablet&quot;:{&quot;unit&quot;:&quot;px&quot;,&quot;size&quot;:10,&quot;sizes&quot;:[]},&quot;gap_mobile&quot;:{&quot;unit&quot;:&quot;px&quot;,&quot;size&quot;:10,&quot;sizes&quot;:[]},&quot;link_to&quot;:&quot;file&quot;,&quot;aspect_ratio&quot;:&quot;3:2&quot;,&quot;overlay_background&quot;:&quot;yes&quot;,&quot;content_hover_animation&quot;:&quot;fade-in&quot;}\" data-widget_type=\"gallery.default\">\n\t\t\t\t<div class=\"elementor-widget-container\">\n\t\t\t\t\t\t\t<div class=\"elementor-gallery__container\">\n\t\t\t\t\t\t\t<a class=\"e-gallery-item elementor-gallery-item elementor-animated-content\" href=\"https:\/\/bucurestizoo.ro\/wp-content\/uploads\/2024\/12\/marmoseta-e1733151717525.jpg\" data-elementor-open-lightbox=\"yes\" data-elementor-lightbox-slideshow=\"6eacd8f7\" data-elementor-lightbox-title=\"marmoseta\" data-e-action-hash=\"#elementor-action%3Aaction%3Dlightbox%26settings%3DeyJpZCI6MTE0NzgsInVybCI6Imh0dHBzOlwvXC9idWN1cmVzdGl6b28ucm9cL3dwLWNvbnRlbnRcL3VwbG9hZHNcLzIwMjRcLzEyXC9tYXJtb3NldGEtZTE3MzMxNTE3MTc1MjUuanBnIiwic2xpZGVzaG93IjoiNmVhY2Q4ZjcifQ%3D%3D\">\n\t\t\t\t\t<div class=\"e-gallery-image elementor-gallery-item__image\" data-thumbnail=\"https:\/\/bucurestizoo.ro\/wp-content\/uploads\/2024\/12\/marmoseta-e1733151717525-1024x683.jpg\" data-width=\"847\" data-height=\"565\" aria-label=\"\" role=\"img\" ><\/div>\n\t\t\t\t\t\t\t\t\t\t\t<div class=\"elementor-gallery-item__overlay\"><\/div>\n\t\t\t\t\t\t\t\t\t\t\t\t\t\t<\/a>\n\t\t\t\t\t\t\t<a class=\"e-gallery-item elementor-gallery-item elementor-animated-content\" href=\"https:\/\/bucurestizoo.ro\/wp-content\/uploads\/2025\/02\/Marmoseta-G_1-scaled.jpg\" data-elementor-open-lightbox=\"yes\" data-elementor-lightbox-slideshow=\"6eacd8f7\" data-elementor-lightbox-title=\"Marmoseta G_1\" data-e-action-hash=\"#elementor-action%3Aaction%3Dlightbox%26settings%3DeyJpZCI6MTMyNDIsInVybCI6Imh0dHBzOlwvXC9idWN1cmVzdGl6b28ucm9cL3dwLWNvbnRlbnRcL3VwbG9hZHNcLzIwMjVcLzAyXC9NYXJtb3NldGEtR18xLXNjYWxlZC5qcGciLCJzbGlkZXNob3ciOiI2ZWFjZDhmNyJ9\">\n\t\t\t\t\t<div class=\"e-gallery-image elementor-gallery-item__image\" data-thumbnail=\"https:\/\/bucurestizoo.ro\/wp-content\/uploads\/2025\/02\/Marmoseta-G_1-1024x683.jpg\" data-width=\"847\" data-height=\"565\" aria-label=\"\" role=\"img\" ><\/div>\n\t\t\t\t\t\t\t\t\t\t\t<div class=\"elementor-gallery-item__overlay\"><\/div>\n\t\t\t\t\t\t\t\t\t\t\t\t\t\t<\/a>\n\t\t\t\t\t<\/div>\n\t\t\t\t\t<\/div>\n\t\t\t\t<\/div>\n\t\t\t\t\t<\/div>\n\t\t\t\t<\/div>\n\t\t<div class=\"elementor-element elementor-element-3bc8ecf0 animated-slow e-flex e-con-boxed elementor-invisible e-con e-parent\" data-id=\"3bc8ecf0\" data-element_type=\"container\" data-e-type=\"container\" data-settings=\"{&quot;animation&quot;:&quot;fadeInRight&quot;}\">\n\t\t\t\t\t<div class=\"e-con-inner\">\n\t\t\t\t<div class=\"elementor-element elementor-element-93b4a1b elementor-widget elementor-widget-heading\" data-id=\"93b4a1b\" data-element_type=\"widget\" data-e-type=\"widget\" data-widget_type=\"heading.default\">\n\t\t\t\t<div class=\"elementor-widget-container\">\n\t\t\t\t\t<h1 class=\"elementor-heading-title elementor-size-default\">Habitat:<\/h1>\t\t\t\t<\/div>\n\t\t\t\t<\/div>\n\t\t\t\t<div class=\"elementor-element elementor-element-44870303 elementor-widget elementor-widget-text-editor\" data-id=\"44870303\" data-element_type=\"widget\" data-e-type=\"widget\" data-widget_type=\"text-editor.default\">\n\t\t\t\t<div class=\"elementor-widget-container\">\n\t\t\t\t\t\t\t\t\t<p>P\u0103duri tropicale din sud-estul Braziliei. Marmosetele locuiesc \u00een zonele inferioare secundare \u0219i \u00een p\u0103durile sub-montane, p\u0103durile ve\u0219nic verzi, marginea p\u0103durilor \u0219i zonele de p\u0103dure uscate. Ele se g\u0103sesc, \u00een general, la o altitudine cuprins\u0103 \u00eentre 500 \u0219i 700 m, dar pot fi g\u0103site la 800 m.<\/p>\t\t\t\t\t\t\t\t<\/div>\n\t\t\t\t<\/div>\n\t\t\t\t\t<\/div>\n\t\t\t\t<\/div>\n\t\t<div class=\"elementor-element elementor-element-50da980a e-grid e-con-boxed e-con e-parent\" data-id=\"50da980a\" data-element_type=\"container\" data-e-type=\"container\">\n\t\t\t\t\t<div class=\"e-con-inner\">\n\t\t<div class=\"elementor-element elementor-element-6ae51360 e-con-full animated-slow e-flex elementor-invisible e-con e-child\" data-id=\"6ae51360\" data-element_type=\"container\" data-e-type=\"container\" data-settings=\"{&quot;animation&quot;:&quot;fadeInLeft&quot;}\">\n\t\t\t\t<div class=\"elementor-element elementor-element-44fc15ee elementor-widget elementor-widget-heading\" data-id=\"44fc15ee\" data-element_type=\"widget\" data-e-type=\"widget\" data-widget_type=\"heading.default\">\n\t\t\t\t<div class=\"elementor-widget-container\">\n\t\t\t\t\t<h1 class=\"elementor-heading-title elementor-size-default\">Hran\u0103:<\/h1>\t\t\t\t<\/div>\n\t\t\t\t<\/div>\n\t\t\t\t<div class=\"elementor-element elementor-element-24dc3122 elementor-widget elementor-widget-text-editor\" data-id=\"24dc3122\" data-element_type=\"widget\" data-e-type=\"widget\" data-widget_type=\"text-editor.default\">\n\t\t\t\t<div class=\"elementor-widget-container\">\n\t\t\t\t\t\t\t\t\t<p>Seva copacilor, fructe, insecte, ou\u0103. Marmosetele sunt omnivore, consum\u00e2nd \u00een principal fructe, insecte \u0219i plante. Ele m\u0103n\u00e2nc\u0103 \u0219i flori, nectar, broa\u0219te, melci, \u0219op\u00e2rle \u0219i p\u0103ianjeni.<\/p>\t\t\t\t\t\t\t\t<\/div>\n\t\t\t\t<\/div>\n\t\t\t\t<\/div>\n\t\t<div class=\"elementor-element elementor-element-123d2800 e-con-full animated-slow e-flex elementor-invisible e-con e-child\" data-id=\"123d2800\" data-element_type=\"container\" data-e-type=\"container\" data-settings=\"{&quot;animation&quot;:&quot;fadeInRight&quot;}\">\n\t\t\t\t<div class=\"elementor-element elementor-element-1764b484 elementor-widget elementor-widget-heading\" data-id=\"1764b484\" data-element_type=\"widget\" data-e-type=\"widget\" data-widget_type=\"heading.default\">\n\t\t\t\t<div class=\"elementor-widget-container\">\n\t\t\t\t\t<h1 class=\"elementor-heading-title elementor-size-default\">Conservare:<\/h1>\t\t\t\t<\/div>\n\t\t\t\t<\/div>\n\t\t\t\t<div class=\"elementor-element elementor-element-48541892 elementor-widget elementor-widget-text-editor\" data-id=\"48541892\" data-element_type=\"widget\" data-e-type=\"widget\" data-widget_type=\"text-editor.default\">\n\t\t\t\t<div class=\"elementor-widget-container\">\n\t\t\t\t\t\t\t\t\t<p>Marmoseta lui Geoffroy este considerat\u0103 c\u0103 nu prezint\u0103 risc privind dispari\u021bia de c\u0103tre de IUCN. Tendin\u021ba popula\u021biei pentru aceast\u0103 specie este clasificat\u0103 ca stabil\u0103. Cu toate acestea, distrugerea pe scar\u0103 larg\u0103 a habitatului specific al acestei specii, cauzeaz\u0103 sc\u0103derea popula\u021biei. \u00cen 1982, Russell Mittermeier a recomandat ca C. geoffroy s\u0103 fie listat\u0103 ca fiind pe cale de dispari\u021bie, \u00eens\u0103 studiile efectuate \u00een 1991 au descoperit c\u0103 acestea sunt abundente la nivel local. \u00cen 1994, 1996, \u0219i \u00een 2000, C. geoffroy a fost catalogat\u0103 ca fiind vulnerabil\u0103 de c\u0103tre IUCN. Ast\u0103zi, aceast\u0103 specie nu este considerat\u0103 c fiind amenin\u021bat\u0103 grav cu dispari\u021bia.<\/p>\t\t\t\t\t\t\t\t<\/div>\n\t\t\t\t<\/div>\n\t\t\t\t<\/div>\n\t\t\t\t\t<\/div>\n\t\t\t\t<\/div>\n\t\t\t\t<\/div>","protected":false},"excerpt":{"rendered":"<p>Marmoseta lui Geoffroy Denumire \u0219tiin\u021bific\u0103: Callithrix geoffroyiOrdin: PrimatesFamilie: CallitrichidaeGen: CallithrixSpecie: Callithrix geoffroyiDistribu\u021bie: BraziliaDimensiuni: 22-30 cm lungime (f\u0103r\u0103 coad\u0103), coada 30-40 cmGreutate: 300-400 gPerioada de gesta\u021bie: 140-150 zileNum\u0103r de pui: 1-2Speran\u021b\u0103 de via\u021b\u0103: p\u00e2n\u0103 la 10 ani \u00een s\u0103lb\u0103ticie, \u00een captivitate mai mult General: Este un primat mic, cu blan\u0103 neagr\u0103 \u0219i alb\u0103 \u0219i un chip &hellip; <a href=\"https:\/\/bucurestizoo.ro\/en\/marmoseta-geoffroy\/\" class=\"more-link\">Continue reading <span class=\"screen-reader-text\">Marmoseta Geoffroy<\/span><\/a><\/p>","protected":false},"author":1,"featured_media":0,"parent":0,"menu_order":0,"comment_status":"closed","ping_status":"closed","template":"","meta":{"_monsterinsights_skip_tracking":false,"_monsterinsights_sitenote_active":false,"_monsterinsights_sitenote_note":"","_monsterinsights_sitenote_category":0,"footnotes":""},"class_list":["post-11772","page","type-page","status-publish","hentry"],"aioseo_notices":[],"_links":{"self":[{"href":"https:\/\/bucurestizoo.ro\/en\/wp-json\/wp\/v2\/pages\/11772","targetHints":{"allow":["GET"]}}],"collection":[{"href":"https:\/\/bucurestizoo.ro\/en\/wp-json\/wp\/v2\/pages"}],"about":[{"href":"https:\/\/bucurestizoo.ro\/en\/wp-json\/wp\/v2\/types\/page"}],"author":[{"embeddable":true,"href":"https:\/\/bucurestizoo.ro\/en\/wp-json\/wp\/v2\/users\/1"}],"replies":[{"embeddable":true,"href":"https:\/\/bucurestizoo.ro\/en\/wp-json\/wp\/v2\/comments?post=11772"}],"version-history":[{"count":16,"href":"https:\/\/bucurestizoo.ro\/en\/wp-json\/wp\/v2\/pages\/11772\/revisions"}],"predecessor-version":[{"id":13478,"href":"https:\/\/bucurestizoo.ro\/en\/wp-json\/wp\/v2\/pages\/11772\/revisions\/13478"}],"wp:attachment":[{"href":"https:\/\/bucurestizoo.ro\/en\/wp-json\/wp\/v2\/media?parent=11772"}],"curies":[{"name":"wp","href":"https:\/\/api.w.org\/{rel}","templated":true}]}}