{"id":11770,"date":"2024-12-09T12:48:00","date_gmt":"2024-12-09T10:48:00","guid":{"rendered":"https:\/\/n1.bucurestizoo.ro\/?page_id=11770"},"modified":"2025-04-07T18:24:44","modified_gmt":"2025-04-07T16:24:44","slug":"mara-de-patagonia","status":"publish","type":"page","link":"https:\/\/bucurestizoo.ro\/en\/mara-de-patagonia\/","title":{"rendered":"Mara de Patagonia"},"content":{"rendered":"<div data-elementor-type=\"wp-page\" data-elementor-id=\"11770\" class=\"elementor elementor-11770\" data-elementor-post-type=\"page\">\n\t\t\t\t<div class=\"elementor-element elementor-element-752fc3e e-flex e-con-boxed e-con e-parent\" data-id=\"752fc3e\" data-element_type=\"container\" data-e-type=\"container\" data-settings=\"{&quot;background_background&quot;:&quot;classic&quot;}\">\n\t\t\t\t\t<div class=\"e-con-inner\">\n\t\t<div class=\"elementor-element elementor-element-16fdd703 e-con-full e-flex e-con e-child\" data-id=\"16fdd703\" data-element_type=\"container\" data-e-type=\"container\">\n\t\t<div class=\"elementor-element elementor-element-30fa6ee8 e-con-full animated-slow e-flex elementor-invisible e-con e-child\" data-id=\"30fa6ee8\" data-element_type=\"container\" data-e-type=\"container\" data-settings=\"{&quot;animation&quot;:&quot;fadeInLeft&quot;}\">\n\t\t\t\t<div class=\"elementor-element elementor-element-cb05032 elementor-widget elementor-widget-heading\" data-id=\"cb05032\" data-element_type=\"widget\" data-e-type=\"widget\" data-widget_type=\"heading.default\">\n\t\t\t\t<div class=\"elementor-widget-container\">\n\t\t\t\t\t<h1 class=\"elementor-heading-title elementor-size-default\">Mara de Patagonia<\/h1>\t\t\t\t<\/div>\n\t\t\t\t<\/div>\n\t\t\t\t<div class=\"elementor-element elementor-element-495c822c elementor-widget elementor-widget-text-editor\" data-id=\"495c822c\" data-element_type=\"widget\" data-e-type=\"widget\" data-widget_type=\"text-editor.default\">\n\t\t\t\t<div class=\"elementor-widget-container\">\n\t\t\t\t\t\t\t\t\t<p><strong>Nume \u0219tiin\u021bific:<\/strong> <em>Dolichotis patagonum<\/em><br \/><strong>Clasa:<\/strong> Mammalia<br \/><strong>Ordin:<\/strong> Rodentia<br \/><strong>Familie:<\/strong> Caviidae<br \/><strong>Gen:<\/strong> <em>Dolichotis<\/em><br \/><strong>Specie:<\/strong> <em>Dolichotis patagonum<\/em><br \/><strong>Distribu\u021bie:<\/strong> Stepele \u0219i savanele aride din centrul \u0219i sudul Argentinei.<br \/><strong>Dimensiuni:<\/strong> Lungime corporal\u0103: 69\u201375 cm; coada: 4\u20135 cm<br \/><strong>Greutate:<\/strong> 8\u201316 kg<br \/><strong>Durata gesta\u021biei:<\/strong> 90\u2013100 zile<br \/><strong>Num\u0103r pui la na\u0219tere:<\/strong> 1\u20133 pui<br \/><strong>Speran\u021ba de via\u021b\u0103:<\/strong> 14\u201315 ani \u00een captivitate, aproximativ 10 ani \u00een s\u0103lb\u0103ticie<\/p>\t\t\t\t\t\t\t\t<\/div>\n\t\t\t\t<\/div>\n\t\t\t\t<\/div>\n\t\t\t\t<div class=\"elementor-element elementor-element-5e5abb73 elementor-widget-tablet__width-inherit animated-slow elementor-invisible elementor-widget elementor-widget-image\" data-id=\"5e5abb73\" data-element_type=\"widget\" data-e-type=\"widget\" data-settings=\"{&quot;_animation&quot;:&quot;fadeInRight&quot;}\" data-widget_type=\"image.default\">\n\t\t\t\t<div class=\"elementor-widget-container\">\n\t\t\t\t\t\t\t\t\t\t\t\t\t\t\t<img fetchpriority=\"high\" decoding=\"async\" width=\"683\" height=\"1024\" src=\"https:\/\/bucurestizoo.ro\/wp-content\/uploads\/2024\/12\/mara-683x1024.jpg\" class=\"attachment-large size-large wp-image-12073\" alt=\"\" srcset=\"https:\/\/bucurestizoo.ro\/wp-content\/uploads\/2024\/12\/mara-683x1024.jpg 683w, https:\/\/bucurestizoo.ro\/wp-content\/uploads\/2024\/12\/mara-200x300.jpg 200w, https:\/\/bucurestizoo.ro\/wp-content\/uploads\/2024\/12\/mara-768x1151.jpg 768w, https:\/\/bucurestizoo.ro\/wp-content\/uploads\/2024\/12\/mara-340x510.jpg 340w, https:\/\/bucurestizoo.ro\/wp-content\/uploads\/2024\/12\/mara.jpg 854w\" sizes=\"(max-width: 683px) 100vw, 683px\" data-id=\"12073\" \/>\t\t\t\t\t\t\t\t\t\t\t\t\t\t\t<\/div>\n\t\t\t\t<\/div>\n\t\t\t\t<\/div>\n\t\t\t\t\t<\/div>\n\t\t\t\t<\/div>\n\t\t<div class=\"elementor-element elementor-element-37989082 animated-slow e-flex e-con-boxed elementor-invisible e-con e-parent\" data-id=\"37989082\" data-element_type=\"container\" data-e-type=\"container\" data-settings=\"{&quot;animation&quot;:&quot;fadeInLeft&quot;}\">\n\t\t\t\t\t<div class=\"e-con-inner\">\n\t\t\t\t<div class=\"elementor-element elementor-element-6bbc6a0d elementor-widget elementor-widget-heading\" data-id=\"6bbc6a0d\" data-element_type=\"widget\" data-e-type=\"widget\" data-widget_type=\"heading.default\">\n\t\t\t\t<div class=\"elementor-widget-container\">\n\t\t\t\t\t<h1 class=\"elementor-heading-title elementor-size-default\">General:<\/h1>\t\t\t\t<\/div>\n\t\t\t\t<\/div>\n\t\t\t\t<div class=\"elementor-element elementor-element-2abe906b elementor-widget elementor-widget-text-editor\" data-id=\"2abe906b\" data-element_type=\"widget\" data-e-type=\"widget\" data-widget_type=\"text-editor.default\">\n\t\t\t\t<div class=\"elementor-widget-container\">\n\t\t\t\t\t\t\t\t\t<p>Mara de Patagonia, una dintre cele mai mari roz\u0103toare din lume, este cunoscut\u0103 pentru aspectul s\u0103u unic, care combin\u0103 caracteristici de iepure \u0219i capr\u0103. Are picioare lungi \u0219i sub\u021biri, adaptate pentru alergare, \u0219i blana scurt\u0103, de culoare gri-maroniu, cu o band\u0103 alb\u0103 pe partea inferioar\u0103.<\/p><p>Este un animal monogam, form\u00e2nd perechi pe via\u021b\u0103, \u0219i tr\u0103ie\u0219te \u00een grupuri mici. Puii sunt crescu\u021bi \u00een colonii comune, numite \u201ecre\u0219e,\u201d unde mai multe femele \u00ee\u0219i las\u0103 puii.<\/p>\t\t\t\t\t\t\t\t<\/div>\n\t\t\t\t<\/div>\n\t\t\t\t\t<\/div>\n\t\t\t\t<\/div>\n\t\t<div class=\"elementor-element elementor-element-19779126 e-flex e-con-boxed e-con e-parent\" data-id=\"19779126\" data-element_type=\"container\" data-e-type=\"container\">\n\t\t\t\t\t<div class=\"e-con-inner\">\n\t\t\t\t<div class=\"elementor-element elementor-element-1d516198 elementor-widget elementor-widget-gallery\" data-id=\"1d516198\" data-element_type=\"widget\" data-e-type=\"widget\" data-settings=\"{&quot;columns&quot;:2,&quot;lazyload&quot;:&quot;yes&quot;,&quot;gallery_layout&quot;:&quot;grid&quot;,&quot;columns_tablet&quot;:2,&quot;columns_mobile&quot;:1,&quot;gap&quot;:{&quot;unit&quot;:&quot;px&quot;,&quot;size&quot;:10,&quot;sizes&quot;:[]},&quot;gap_tablet&quot;:{&quot;unit&quot;:&quot;px&quot;,&quot;size&quot;:10,&quot;sizes&quot;:[]},&quot;gap_mobile&quot;:{&quot;unit&quot;:&quot;px&quot;,&quot;size&quot;:10,&quot;sizes&quot;:[]},&quot;link_to&quot;:&quot;file&quot;,&quot;aspect_ratio&quot;:&quot;3:2&quot;,&quot;overlay_background&quot;:&quot;yes&quot;,&quot;content_hover_animation&quot;:&quot;fade-in&quot;}\" data-widget_type=\"gallery.default\">\n\t\t\t\t<div class=\"elementor-widget-container\">\n\t\t\t\t\t\t\t<div class=\"elementor-gallery__container\">\n\t\t\t\t\t\t\t<a class=\"e-gallery-item elementor-gallery-item elementor-animated-content\" href=\"https:\/\/bucurestizoo.ro\/wp-content\/uploads\/2024\/12\/mara-3.jpg\" data-elementor-open-lightbox=\"yes\" data-elementor-lightbox-slideshow=\"1d516198\" data-elementor-lightbox-title=\"mara 3\" data-e-action-hash=\"#elementor-action%3Aaction%3Dlightbox%26settings%3DeyJpZCI6MTIwNzUsInVybCI6Imh0dHBzOlwvXC9idWN1cmVzdGl6b28ucm9cL3dwLWNvbnRlbnRcL3VwbG9hZHNcLzIwMjRcLzEyXC9tYXJhLTMuanBnIiwic2xpZGVzaG93IjoiMWQ1MTYxOTgifQ%3D%3D\">\n\t\t\t\t\t<div class=\"e-gallery-image elementor-gallery-item__image\" data-thumbnail=\"https:\/\/bucurestizoo.ro\/wp-content\/uploads\/2024\/12\/mara-3-1024x683.jpg\" data-width=\"847\" data-height=\"565\" aria-label=\"\" role=\"img\" ><\/div>\n\t\t\t\t\t\t\t\t\t\t\t<div class=\"elementor-gallery-item__overlay\"><\/div>\n\t\t\t\t\t\t\t\t\t\t\t\t\t\t<\/a>\n\t\t\t\t\t\t\t<a class=\"e-gallery-item elementor-gallery-item elementor-animated-content\" href=\"https:\/\/bucurestizoo.ro\/wp-content\/uploads\/2024\/12\/mara-de-patagonia.jpg\" data-elementor-open-lightbox=\"yes\" data-elementor-lightbox-slideshow=\"1d516198\" data-elementor-lightbox-title=\"mara de patagonia\" data-e-action-hash=\"#elementor-action%3Aaction%3Dlightbox%26settings%3DeyJpZCI6MTE0NzcsInVybCI6Imh0dHBzOlwvXC9idWN1cmVzdGl6b28ucm9cL3dwLWNvbnRlbnRcL3VwbG9hZHNcLzIwMjRcLzEyXC9tYXJhLWRlLXBhdGFnb25pYS5qcGciLCJzbGlkZXNob3ciOiIxZDUxNjE5OCJ9\">\n\t\t\t\t\t<div class=\"e-gallery-image elementor-gallery-item__image\" data-thumbnail=\"https:\/\/bucurestizoo.ro\/wp-content\/uploads\/2024\/12\/mara-de-patagonia-1024x683.jpg\" data-width=\"847\" data-height=\"565\" aria-label=\"\" role=\"img\" ><\/div>\n\t\t\t\t\t\t\t\t\t\t\t<div class=\"elementor-gallery-item__overlay\"><\/div>\n\t\t\t\t\t\t\t\t\t\t\t\t\t\t<\/a>\n\t\t\t\t\t<\/div>\n\t\t\t\t\t<\/div>\n\t\t\t\t<\/div>\n\t\t\t\t\t<\/div>\n\t\t\t\t<\/div>\n\t\t<div class=\"elementor-element elementor-element-2af6d0de animated-slow e-flex e-con-boxed elementor-invisible e-con e-parent\" data-id=\"2af6d0de\" data-element_type=\"container\" data-e-type=\"container\" data-settings=\"{&quot;animation&quot;:&quot;fadeInRight&quot;}\">\n\t\t\t\t\t<div class=\"e-con-inner\">\n\t\t\t\t<div class=\"elementor-element elementor-element-79c22a98 elementor-widget elementor-widget-heading\" data-id=\"79c22a98\" data-element_type=\"widget\" data-e-type=\"widget\" data-widget_type=\"heading.default\">\n\t\t\t\t<div class=\"elementor-widget-container\">\n\t\t\t\t\t<h1 class=\"elementor-heading-title elementor-size-default\">Habitat:<\/h1>\t\t\t\t<\/div>\n\t\t\t\t<\/div>\n\t\t\t\t<div class=\"elementor-element elementor-element-7639b6df elementor-widget elementor-widget-text-editor\" data-id=\"7639b6df\" data-element_type=\"widget\" data-e-type=\"widget\" data-widget_type=\"text-editor.default\">\n\t\t\t\t<div class=\"elementor-widget-container\">\n\t\t\t\t\t\t\t\t\t<div class=\"et_pb_column et_pb_column_4_4 et_pb_column_20 et_pb_css_mix_blend_mode_passthrough et-last-child\"><div class=\"et_pb_module et_pb_text et_pb_text_11 et_pb_bg_layout_light et_pb_text_align_left\"><div class=\"et_pb_text_inner\"><p>Mara de Patagonia tr\u0103ie\u0219te \u00een zone aride \u0219i semiaride, cum ar fi c\u00e2mpiile ierboase, savanele \u0219i stepele. Prefer\u0103 habitatele deschise cu vegeta\u021bie rar\u0103, unde se poate deplasa rapid pentru a sc\u0103pa de pr\u0103d\u0103tori.<\/p><\/div><\/div><\/div>\t\t\t\t\t\t\t\t<\/div>\n\t\t\t\t<\/div>\n\t\t\t\t\t<\/div>\n\t\t\t\t<\/div>\n\t\t<div class=\"elementor-element elementor-element-f43ed6f e-grid e-con-boxed e-con e-parent\" data-id=\"f43ed6f\" data-element_type=\"container\" data-e-type=\"container\">\n\t\t\t\t\t<div class=\"e-con-inner\">\n\t\t<div class=\"elementor-element elementor-element-5bbb404b e-con-full animated-slow e-flex elementor-invisible e-con e-child\" data-id=\"5bbb404b\" data-element_type=\"container\" data-e-type=\"container\" data-settings=\"{&quot;animation&quot;:&quot;fadeInLeft&quot;}\">\n\t\t\t\t<div class=\"elementor-element elementor-element-6e2125a0 elementor-widget elementor-widget-heading\" data-id=\"6e2125a0\" data-element_type=\"widget\" data-e-type=\"widget\" data-widget_type=\"heading.default\">\n\t\t\t\t<div class=\"elementor-widget-container\">\n\t\t\t\t\t<h1 class=\"elementor-heading-title elementor-size-default\">Hran\u0103:<\/h1>\t\t\t\t<\/div>\n\t\t\t\t<\/div>\n\t\t\t\t<div class=\"elementor-element elementor-element-205b41c9 elementor-widget elementor-widget-text-editor\" data-id=\"205b41c9\" data-element_type=\"widget\" data-e-type=\"widget\" data-widget_type=\"text-editor.default\">\n\t\t\t\t<div class=\"elementor-widget-container\">\n\t\t\t\t\t\t\t\t\t<div class=\"et_pb_module et_pb_text et_pb_text_7 et_pb_bg_layout_light et_pb_text_align_left\"><div class=\"et_pb_text_inner\"><p>Mara de Patagonia este erbivor\u0103, consum\u00e2nd o diet\u0103 format\u0103 din iarb\u0103, frunze \u0219i plante suculente. Poate supravie\u021bui perioade lungi f\u0103r\u0103 ap\u0103, extr\u0103g\u00e2nd umezeala necesar\u0103 din hran\u0103.<\/p><p>\u00cen captivitate, mara este hr\u0103nit\u0103 cu f\u00e2n, iarb\u0103, legume (cum ar fi morcovi \u0219i sfecl\u0103) \u0219i suplimente minerale.<\/p><\/div><\/div>\t\t\t\t\t\t\t\t<\/div>\n\t\t\t\t<\/div>\n\t\t\t\t<\/div>\n\t\t<div class=\"elementor-element elementor-element-367bccfc e-con-full animated-slow e-flex elementor-invisible e-con e-child\" data-id=\"367bccfc\" data-element_type=\"container\" data-e-type=\"container\" data-settings=\"{&quot;animation&quot;:&quot;fadeInRight&quot;}\">\n\t\t\t\t<div class=\"elementor-element elementor-element-708f9472 elementor-widget elementor-widget-heading\" data-id=\"708f9472\" data-element_type=\"widget\" data-e-type=\"widget\" data-widget_type=\"heading.default\">\n\t\t\t\t<div class=\"elementor-widget-container\">\n\t\t\t\t\t<h1 class=\"elementor-heading-title elementor-size-default\">Conservare:<\/h1>\t\t\t\t<\/div>\n\t\t\t\t<\/div>\n\t\t\t\t<div class=\"elementor-element elementor-element-12cecb8c elementor-widget elementor-widget-text-editor\" data-id=\"12cecb8c\" data-element_type=\"widget\" data-e-type=\"widget\" data-widget_type=\"text-editor.default\">\n\t\t\t\t<div class=\"elementor-widget-container\">\n\t\t\t\t\t\t\t\t\t<p>Mara de Patagonia este clasificat\u0103 ca \u201eNear Threatened\u201d pe lista ro\u0219ie a IUCN, \u00een principal din cauza pierderii habitatului din cauza activit\u0103\u021bilor agricole \u0219i a v\u00e2n\u0103torii. Este v\u00e2nat\u0103 pentru carne \u0219i piele, iar competi\u021bia cu speciile introduse, precum iepurii \u0219i caprele, afecteaz\u0103 popula\u021biile s\u0103lbatice.<\/p><p>Conservarea habitatului s\u0103u natural \u0219i protejarea \u00eempotriva v\u00e2n\u0103torii ilegale sunt esen\u021biale pentru supravie\u021buirea speciei.<\/p>\t\t\t\t\t\t\t\t<\/div>\n\t\t\t\t<\/div>\n\t\t\t\t<\/div>\n\t\t\t\t\t<\/div>\n\t\t\t\t<\/div>\n\t\t\t\t<\/div>","protected":false},"excerpt":{"rendered":"<p>Mara de Patagonia Nume \u0219tiin\u021bific: Dolichotis patagonumClasa: MammaliaOrdin: RodentiaFamilie: CaviidaeGen: DolichotisSpecie: Dolichotis patagonumDistribu\u021bie: Stepele \u0219i savanele aride din centrul \u0219i sudul Argentinei.Dimensiuni: Lungime corporal\u0103: 69\u201375 cm; coada: 4\u20135 cmGreutate: 8\u201316 kgDurata gesta\u021biei: 90\u2013100 zileNum\u0103r pui la na\u0219tere: 1\u20133 puiSperan\u021ba de via\u021b\u0103: 14\u201315 ani \u00een captivitate, aproximativ 10 ani \u00een s\u0103lb\u0103ticie General: Mara de Patagonia, una &hellip; <a href=\"https:\/\/bucurestizoo.ro\/en\/mara-de-patagonia\/\" class=\"more-link\">Continue reading <span class=\"screen-reader-text\">Mara de Patagonia<\/span><\/a><\/p>","protected":false},"author":1,"featured_media":0,"parent":0,"menu_order":0,"comment_status":"closed","ping_status":"closed","template":"","meta":{"_monsterinsights_skip_tracking":false,"_monsterinsights_sitenote_active":false,"_monsterinsights_sitenote_note":"","_monsterinsights_sitenote_category":0,"footnotes":""},"class_list":["post-11770","page","type-page","status-publish","hentry"],"aioseo_notices":[],"_links":{"self":[{"href":"https:\/\/bucurestizoo.ro\/en\/wp-json\/wp\/v2\/pages\/11770","targetHints":{"allow":["GET"]}}],"collection":[{"href":"https:\/\/bucurestizoo.ro\/en\/wp-json\/wp\/v2\/pages"}],"about":[{"href":"https:\/\/bucurestizoo.ro\/en\/wp-json\/wp\/v2\/types\/page"}],"author":[{"embeddable":true,"href":"https:\/\/bucurestizoo.ro\/en\/wp-json\/wp\/v2\/users\/1"}],"replies":[{"embeddable":true,"href":"https:\/\/bucurestizoo.ro\/en\/wp-json\/wp\/v2\/comments?post=11770"}],"version-history":[{"count":7,"href":"https:\/\/bucurestizoo.ro\/en\/wp-json\/wp\/v2\/pages\/11770\/revisions"}],"predecessor-version":[{"id":15374,"href":"https:\/\/bucurestizoo.ro\/en\/wp-json\/wp\/v2\/pages\/11770\/revisions\/15374"}],"wp:attachment":[{"href":"https:\/\/bucurestizoo.ro\/en\/wp-json\/wp\/v2\/media?parent=11770"}],"curies":[{"name":"wp","href":"https:\/\/api.w.org\/{rel}","templated":true}]}}