{"id":11768,"date":"2024-12-09T12:47:02","date_gmt":"2024-12-09T10:47:02","guid":{"rendered":"https:\/\/n1.bucurestizoo.ro\/?page_id=11768"},"modified":"2025-02-20T14:42:02","modified_gmt":"2025-02-20T12:42:02","slug":"mangusta-dungata","status":"publish","type":"page","link":"https:\/\/bucurestizoo.ro\/en\/mangusta-dungata\/","title":{"rendered":"Mangusta dungat\u0103"},"content":{"rendered":"<div data-elementor-type=\"wp-page\" data-elementor-id=\"11768\" class=\"elementor elementor-11768\" data-elementor-post-type=\"page\">\n\t\t\t\t<div class=\"elementor-element elementor-element-86c9081 e-flex e-con-boxed e-con e-parent\" data-id=\"86c9081\" data-element_type=\"container\" data-e-type=\"container\" data-settings=\"{&quot;background_background&quot;:&quot;classic&quot;}\">\n\t\t\t\t\t<div class=\"e-con-inner\">\n\t\t<div class=\"elementor-element elementor-element-19b2f1f e-con-full e-flex e-con e-child\" data-id=\"19b2f1f\" data-element_type=\"container\" data-e-type=\"container\">\n\t\t<div class=\"elementor-element elementor-element-4d76ab0 e-con-full animated-slow e-flex elementor-invisible e-con e-child\" data-id=\"4d76ab0\" data-element_type=\"container\" data-e-type=\"container\" data-settings=\"{&quot;animation&quot;:&quot;fadeInLeft&quot;}\">\n\t\t\t\t<div class=\"elementor-element elementor-element-28369918 elementor-widget elementor-widget-heading\" data-id=\"28369918\" data-element_type=\"widget\" data-e-type=\"widget\" data-widget_type=\"heading.default\">\n\t\t\t\t<div class=\"elementor-widget-container\">\n\t\t\t\t\t<h1 class=\"elementor-heading-title elementor-size-default\">Mangusta dungat\u0103<\/h1>\t\t\t\t<\/div>\n\t\t\t\t<\/div>\n\t\t\t\t<div class=\"elementor-element elementor-element-78611428 elementor-widget elementor-widget-text-editor\" data-id=\"78611428\" data-element_type=\"widget\" data-e-type=\"widget\" data-widget_type=\"text-editor.default\">\n\t\t\t\t<div class=\"elementor-widget-container\">\n\t\t\t\t\t\t\t\t\t<p><strong data-start=\"0\" data-end=\"25\">Denumire \u0219tiin\u021bific\u0103:<\/strong> Mungos mungo<br data-start=\"38\" data-end=\"41\" \/><strong data-start=\"41\" data-end=\"51\">Ordin:<\/strong> Carnivora<br data-start=\"61\" data-end=\"64\" \/><strong data-start=\"64\" data-end=\"76\">Familie:<\/strong> Herpestidae<br data-start=\"88\" data-end=\"91\" \/><strong data-start=\"91\" data-end=\"99\">Gen:<\/strong> Mungos<br data-start=\"106\" data-end=\"109\" \/><strong data-start=\"109\" data-end=\"120\">Specie:<\/strong> Mungos mungo<br data-start=\"133\" data-end=\"136\" \/><strong data-start=\"136\" data-end=\"152\">Distribu\u021bie:<\/strong> Africa sub-saharian\u0103<br data-start=\"173\" data-end=\"176\" \/><strong data-start=\"176\" data-end=\"191\">Dimensiuni:<\/strong> 30-40 cm lungime, coada 15-30 cm<br data-start=\"224\" data-end=\"227\" \/><strong data-start=\"227\" data-end=\"240\">Greutate:<\/strong> 1-2 kg<br data-start=\"247\" data-end=\"250\" \/><strong data-start=\"250\" data-end=\"275\">Perioada de gesta\u021bie:<\/strong> 60-70 zile<br data-start=\"286\" data-end=\"289\" \/><strong data-start=\"289\" data-end=\"306\">Num\u0103r de pui:<\/strong> 2-4<br data-start=\"310\" data-end=\"313\" \/><strong data-start=\"313\" data-end=\"335\">Speran\u021b\u0103 de via\u021b\u0103:<\/strong> 8-10 ani \u00een s\u0103lb\u0103ticie, \u00een captivitate mai mult<\/p>\t\t\t\t\t\t\t\t<\/div>\n\t\t\t\t<\/div>\n\t\t\t\t<\/div>\n\t\t\t\t<div class=\"elementor-element elementor-element-f207727 elementor-widget-tablet__width-inherit animated-slow elementor-invisible elementor-widget elementor-widget-image\" data-id=\"f207727\" data-element_type=\"widget\" data-e-type=\"widget\" data-settings=\"{&quot;_animation&quot;:&quot;fadeInRight&quot;}\" data-widget_type=\"image.default\">\n\t\t\t\t<div class=\"elementor-widget-container\">\n\t\t\t\t\t\t\t\t\t\t\t\t\t\t\t<img fetchpriority=\"high\" decoding=\"async\" width=\"847\" height=\"564\" src=\"https:\/\/bucurestizoo.ro\/wp-content\/uploads\/2025\/02\/mangusta-dungata-dt_1-Large-e1740055313325-1024x682.jpeg\" class=\"attachment-large size-large wp-image-13592\" alt=\"\" srcset=\"https:\/\/bucurestizoo.ro\/wp-content\/uploads\/2025\/02\/mangusta-dungata-dt_1-Large-e1740055313325-1024x682.jpeg 1024w, https:\/\/bucurestizoo.ro\/wp-content\/uploads\/2025\/02\/mangusta-dungata-dt_1-Large-e1740055313325-300x200.jpeg 300w, https:\/\/bucurestizoo.ro\/wp-content\/uploads\/2025\/02\/mangusta-dungata-dt_1-Large-e1740055313325-768x512.jpeg 768w, https:\/\/bucurestizoo.ro\/wp-content\/uploads\/2025\/02\/mangusta-dungata-dt_1-Large-e1740055313325-450x300.jpeg 450w, https:\/\/bucurestizoo.ro\/wp-content\/uploads\/2025\/02\/mangusta-dungata-dt_1-Large-e1740055313325-650x433.jpeg 650w, https:\/\/bucurestizoo.ro\/wp-content\/uploads\/2025\/02\/mangusta-dungata-dt_1-Large-e1740055313325.jpeg 1280w\" sizes=\"(max-width: 847px) 100vw, 847px\" data-id=\"13592\" \/>\t\t\t\t\t\t\t\t\t\t\t\t\t\t\t<\/div>\n\t\t\t\t<\/div>\n\t\t\t\t<\/div>\n\t\t\t\t\t<\/div>\n\t\t\t\t<\/div>\n\t\t<div class=\"elementor-element elementor-element-5d5e043b animated-slow e-flex e-con-boxed elementor-invisible e-con e-parent\" data-id=\"5d5e043b\" data-element_type=\"container\" data-e-type=\"container\" data-settings=\"{&quot;animation&quot;:&quot;fadeInLeft&quot;}\">\n\t\t\t\t\t<div class=\"e-con-inner\">\n\t\t\t\t<div class=\"elementor-element elementor-element-4aa9c9db elementor-widget elementor-widget-heading\" data-id=\"4aa9c9db\" data-element_type=\"widget\" data-e-type=\"widget\" data-widget_type=\"heading.default\">\n\t\t\t\t<div class=\"elementor-widget-container\">\n\t\t\t\t\t<h1 class=\"elementor-heading-title elementor-size-default\">General:<\/h1>\t\t\t\t<\/div>\n\t\t\t\t<\/div>\n\t\t\t\t<div class=\"elementor-element elementor-element-14e14982 elementor-widget elementor-widget-text-editor\" data-id=\"14e14982\" data-element_type=\"widget\" data-e-type=\"widget\" data-widget_type=\"text-editor.default\">\n\t\t\t\t<div class=\"elementor-widget-container\">\n\t\t\t\t\t\t\t\t\t<p>Mangusta este un mamifer mic frecvent \u00eent\u00e2lnit\u0103 \u00een p\u0103r\u021bile centrale \u0219i estice ale Africii. Locuie\u0219te \u00een savan\u0103, p\u0103duri deschise \u0219i p\u0103\u0219uni \u0219i se hr\u0103ne\u0219te \u00een primul r\u00e2nd cu g\u00e2ndaci \u0219i millipede. Mangustele folosesc diferite tipuri de dunuri pentru ad\u0103post, inclusiv morminte de termite. Mangusta tr\u0103ie\u0219te \u00een colonii cu o structur\u0103 social\u0103 complex\u0103.<\/p><p>Tr\u0103ie\u0219te \u00een grupuri mari, av\u00e2nd o ierarhie social\u0103 complex\u0103. Sparg ou\u0103le \u0219i melcii arunc\u00e2ndu-le pe pietre!<\/p>\t\t\t\t\t\t\t\t<\/div>\n\t\t\t\t<\/div>\n\t\t\t\t\t<\/div>\n\t\t\t\t<\/div>\n\t\t<div class=\"elementor-element elementor-element-12d331a6 e-flex e-con-boxed e-con e-parent\" data-id=\"12d331a6\" data-element_type=\"container\" data-e-type=\"container\">\n\t\t\t\t\t<div class=\"e-con-inner\">\n\t\t\t\t<div class=\"elementor-element elementor-element-42b31d9f elementor-widget elementor-widget-gallery\" data-id=\"42b31d9f\" data-element_type=\"widget\" data-e-type=\"widget\" data-settings=\"{&quot;columns&quot;:2,&quot;lazyload&quot;:&quot;yes&quot;,&quot;gallery_layout&quot;:&quot;grid&quot;,&quot;columns_tablet&quot;:2,&quot;columns_mobile&quot;:1,&quot;gap&quot;:{&quot;unit&quot;:&quot;px&quot;,&quot;size&quot;:10,&quot;sizes&quot;:[]},&quot;gap_tablet&quot;:{&quot;unit&quot;:&quot;px&quot;,&quot;size&quot;:10,&quot;sizes&quot;:[]},&quot;gap_mobile&quot;:{&quot;unit&quot;:&quot;px&quot;,&quot;size&quot;:10,&quot;sizes&quot;:[]},&quot;link_to&quot;:&quot;file&quot;,&quot;aspect_ratio&quot;:&quot;3:2&quot;,&quot;overlay_background&quot;:&quot;yes&quot;,&quot;content_hover_animation&quot;:&quot;fade-in&quot;}\" data-widget_type=\"gallery.default\">\n\t\t\t\t<div class=\"elementor-widget-container\">\n\t\t\t\t\t\t\t<div class=\"elementor-gallery__container\">\n\t\t\t\t\t\t\t<a class=\"e-gallery-item elementor-gallery-item elementor-animated-content\" href=\"https:\/\/bucurestizoo.ro\/wp-content\/uploads\/2025\/02\/mangusta-dungata-dt_2-Large-e1740055148688.jpeg\" data-elementor-open-lightbox=\"yes\" data-elementor-lightbox-slideshow=\"42b31d9f\" data-elementor-lightbox-title=\"mangusta dungata dt_2 Large\" data-e-action-hash=\"#elementor-action%3Aaction%3Dlightbox%26settings%3DeyJpZCI6MTM1OTMsInVybCI6Imh0dHBzOlwvXC9idWN1cmVzdGl6b28ucm9cL3dwLWNvbnRlbnRcL3VwbG9hZHNcLzIwMjVcLzAyXC9tYW5ndXN0YS1kdW5nYXRhLWR0XzItTGFyZ2UtZTE3NDAwNTUxNDg2ODguanBlZyIsInNsaWRlc2hvdyI6IjQyYjMxZDlmIn0%3D\">\n\t\t\t\t\t<div class=\"e-gallery-image elementor-gallery-item__image\" data-thumbnail=\"https:\/\/bucurestizoo.ro\/wp-content\/uploads\/2025\/02\/mangusta-dungata-dt_2-Large-e1740055045546-1024x682.jpeg\" data-width=\"847\" data-height=\"564\" aria-label=\"\" role=\"img\" ><\/div>\n\t\t\t\t\t\t\t\t\t\t\t<div class=\"elementor-gallery-item__overlay\"><\/div>\n\t\t\t\t\t\t\t\t\t\t\t\t\t\t<\/a>\n\t\t\t\t\t\t\t<a class=\"e-gallery-item elementor-gallery-item elementor-animated-content\" href=\"https:\/\/bucurestizoo.ro\/wp-content\/uploads\/2025\/02\/mangusta-dungata-dt_3-Large.jpeg\" data-elementor-open-lightbox=\"yes\" data-elementor-lightbox-slideshow=\"42b31d9f\" data-elementor-lightbox-title=\"mangusta dungata dt_3 Large\" data-e-action-hash=\"#elementor-action%3Aaction%3Dlightbox%26settings%3DeyJpZCI6MTM1OTQsInVybCI6Imh0dHBzOlwvXC9idWN1cmVzdGl6b28ucm9cL3dwLWNvbnRlbnRcL3VwbG9hZHNcLzIwMjVcLzAyXC9tYW5ndXN0YS1kdW5nYXRhLWR0XzMtTGFyZ2UuanBlZyIsInNsaWRlc2hvdyI6IjQyYjMxZDlmIn0%3D\">\n\t\t\t\t\t<div class=\"e-gallery-image elementor-gallery-item__image\" data-thumbnail=\"https:\/\/bucurestizoo.ro\/wp-content\/uploads\/2025\/02\/mangusta-dungata-dt_3-Large-1024x682.jpeg\" data-width=\"847\" data-height=\"564\" aria-label=\"\" role=\"img\" ><\/div>\n\t\t\t\t\t\t\t\t\t\t\t<div class=\"elementor-gallery-item__overlay\"><\/div>\n\t\t\t\t\t\t\t\t\t\t\t\t\t\t<\/a>\n\t\t\t\t\t<\/div>\n\t\t\t\t\t<\/div>\n\t\t\t\t<\/div>\n\t\t\t\t\t<\/div>\n\t\t\t\t<\/div>\n\t\t<div class=\"elementor-element elementor-element-78e2cb17 animated-slow e-flex e-con-boxed elementor-invisible e-con e-parent\" data-id=\"78e2cb17\" data-element_type=\"container\" data-e-type=\"container\" data-settings=\"{&quot;animation&quot;:&quot;fadeInRight&quot;}\">\n\t\t\t\t\t<div class=\"e-con-inner\">\n\t\t\t\t<div class=\"elementor-element elementor-element-2f90bfe5 elementor-widget elementor-widget-heading\" data-id=\"2f90bfe5\" data-element_type=\"widget\" data-e-type=\"widget\" data-widget_type=\"heading.default\">\n\t\t\t\t<div class=\"elementor-widget-container\">\n\t\t\t\t\t<h1 class=\"elementor-heading-title elementor-size-default\">Habitat:<\/h1>\t\t\t\t<\/div>\n\t\t\t\t<\/div>\n\t\t\t\t<div class=\"elementor-element elementor-element-3de7f2c2 elementor-widget elementor-widget-text-editor\" data-id=\"3de7f2c2\" data-element_type=\"widget\" data-e-type=\"widget\" data-widget_type=\"text-editor.default\">\n\t\t\t\t<div class=\"elementor-widget-container\">\n\t\t\t\t\t\t\t\t\t<p>Savane, p\u0103duri deschise. Mangusta se g\u0103se\u0219te \u00eentr-o mare parte a Africii de Est, Sud-Est \u0219i Sud-Central. Exist\u0103, de asemenea, popula\u021bii \u00een savanele nordice din Africa de Vest. Aceasta tr\u0103ie\u0219te \u00een savan\u0103, \u00een p\u0103duri \u0219i \u00een p\u0103\u0219uni deschise, mai ales \u00een apropierea apei, dar \u0219i \u00een ariile uscate, spinoase, dar nu \u0219i \u00een de\u0219erturi. Mangustele folosesc diferite tipuri de dune pentru ad\u0103post, cel mai adesea mu\u0219uroaie de termite abandonate. Mangustele vor locui, de asemenea, \u00een ad\u0103posturi de st\u00e2nc\u0103 si \u00een tufi\u0219uri. Mangustele prefer\u0103 ascunz\u0103torile cu mai multe intr\u0103ri. Mangustele\u00a0 tr\u0103iesc \u00een grupuri mari. Culturile terenurilor agricole servesc drept surs\u0103 suplimentar\u0103 de hran\u0103.<\/p>\t\t\t\t\t\t\t\t<\/div>\n\t\t\t\t<\/div>\n\t\t\t\t\t<\/div>\n\t\t\t\t<\/div>\n\t\t<div class=\"elementor-element elementor-element-6cd6dcc5 e-grid e-con-boxed e-con e-parent\" data-id=\"6cd6dcc5\" data-element_type=\"container\" data-e-type=\"container\">\n\t\t\t\t\t<div class=\"e-con-inner\">\n\t\t<div class=\"elementor-element elementor-element-419674b3 e-con-full animated-slow e-flex elementor-invisible e-con e-child\" data-id=\"419674b3\" data-element_type=\"container\" data-e-type=\"container\" data-settings=\"{&quot;animation&quot;:&quot;fadeInLeft&quot;}\">\n\t\t\t\t<div class=\"elementor-element elementor-element-1f51ab68 elementor-widget elementor-widget-heading\" data-id=\"1f51ab68\" data-element_type=\"widget\" data-e-type=\"widget\" data-widget_type=\"heading.default\">\n\t\t\t\t<div class=\"elementor-widget-container\">\n\t\t\t\t\t<h1 class=\"elementor-heading-title elementor-size-default\">Hran\u0103:<\/h1>\t\t\t\t<\/div>\n\t\t\t\t<\/div>\n\t\t\t\t<div class=\"elementor-element elementor-element-546cdd42 elementor-widget elementor-widget-text-editor\" data-id=\"546cdd42\" data-element_type=\"widget\" data-e-type=\"widget\" data-widget_type=\"text-editor.default\">\n\t\t\t\t<div class=\"elementor-widget-container\">\n\t\t\t\t\t\t\t\t\t<p>Insecte, roz\u0103toare, ou\u0103, mici reptile. Mangusta se hr\u0103ne\u0219te \u00een principal cu insecte, miriapoduri, reptile mici \u0219i p\u0103s\u0103ri, iar cea mai mare parte din dieta lor, este reprezentat\u0103\u00a0 \u00een mod obi\u0219nuit de furnici, greieri, termite, l\u0103custe\u00a0\u0219i omizi. Alte elemente de prad\u0103 ale mangustei includ broa\u0219te, \u0219op\u00e2rle, \u0219erpi mici, p\u0103s\u0103ri de sol \u0219i ou\u0103 at\u00e2t de p\u0103s\u0103ri, c\u00e2t \u0219i de reptile. Mangustele \u00ee\u0219i folosesc sim\u021bul mirosului pentru a-\u0219i localiza prada \u0219i a le scoate cu ghearele lungi, at\u00e2t din \u200b\u200bg\u0103uri din p\u0103m\u00e2nt, c\u00e2t \u0219i din g\u0103uri din copaci. Mangustele sunt \u00eent\u00e2lnite de asemenea, \u00een apropierea b\u0103legarului de erbivore mari, deoarece acestea atrag insecte.<\/p>\t\t\t\t\t\t\t\t<\/div>\n\t\t\t\t<\/div>\n\t\t\t\t<\/div>\n\t\t<div class=\"elementor-element elementor-element-59cb8a29 e-con-full animated-slow e-flex elementor-invisible e-con e-child\" data-id=\"59cb8a29\" data-element_type=\"container\" data-e-type=\"container\" data-settings=\"{&quot;animation&quot;:&quot;fadeInRight&quot;}\">\n\t\t\t\t<div class=\"elementor-element elementor-element-3417c0be elementor-widget elementor-widget-heading\" data-id=\"3417c0be\" data-element_type=\"widget\" data-e-type=\"widget\" data-widget_type=\"heading.default\">\n\t\t\t\t<div class=\"elementor-widget-container\">\n\t\t\t\t\t<h1 class=\"elementor-heading-title elementor-size-default\">Conservare:<\/h1>\t\t\t\t<\/div>\n\t\t\t\t<\/div>\n\t\t\t\t<div class=\"elementor-element elementor-element-61b496e6 elementor-widget elementor-widget-text-editor\" data-id=\"61b496e6\" data-element_type=\"widget\" data-e-type=\"widget\" data-widget_type=\"text-editor.default\">\n\t\t\t\t<div class=\"elementor-widget-container\">\n\t\t\t\t\t\t\t\t\t<p>Nu este amenin\u021bat\u0103. Mangustele tr\u0103iesc \u00een multe dintre zonele protejate din Africa. Serengeti din Tanzania, are o densitate de aproximativ 3 manguste\/km. \u00cen sudul Africii de Sud, numerele de manguste se afl\u0103 la o densitate similar\u0103 la 2,4\/km. Per ansamblu, mangusta tinde s\u0103 fie mai abundent\u0103 \u00een zonele de est \u0219i sud-est ale zonei Africii dec\u00e2t \u00een \u200b\u200bzonele mai occidentale.<\/p>\t\t\t\t\t\t\t\t<\/div>\n\t\t\t\t<\/div>\n\t\t\t\t<\/div>\n\t\t\t\t\t<\/div>\n\t\t\t\t<\/div>\n\t\t\t\t<\/div>","protected":false},"excerpt":{"rendered":"<p>Mangusta dungat\u0103 Denumire \u0219tiin\u021bific\u0103: Mungos mungoOrdin: CarnivoraFamilie: HerpestidaeGen: MungosSpecie: Mungos mungoDistribu\u021bie: Africa sub-saharian\u0103Dimensiuni: 30-40 cm lungime, coada 15-30 cmGreutate: 1-2 kgPerioada de gesta\u021bie: 60-70 zileNum\u0103r de pui: 2-4Speran\u021b\u0103 de via\u021b\u0103: 8-10 ani \u00een s\u0103lb\u0103ticie, \u00een captivitate mai mult General: Mangusta este un mamifer mic frecvent \u00eent\u00e2lnit\u0103 \u00een p\u0103r\u021bile centrale \u0219i estice ale Africii. Locuie\u0219te \u00een &hellip; <a href=\"https:\/\/bucurestizoo.ro\/en\/mangusta-dungata\/\" class=\"more-link\">Continue reading <span class=\"screen-reader-text\">Mangusta dungat\u0103<\/span><\/a><\/p>","protected":false},"author":1,"featured_media":0,"parent":0,"menu_order":0,"comment_status":"closed","ping_status":"closed","template":"","meta":{"_monsterinsights_skip_tracking":false,"_monsterinsights_sitenote_active":false,"_monsterinsights_sitenote_note":"","_monsterinsights_sitenote_category":0,"footnotes":""},"class_list":["post-11768","page","type-page","status-publish","hentry"],"aioseo_notices":[],"_links":{"self":[{"href":"https:\/\/bucurestizoo.ro\/en\/wp-json\/wp\/v2\/pages\/11768","targetHints":{"allow":["GET"]}}],"collection":[{"href":"https:\/\/bucurestizoo.ro\/en\/wp-json\/wp\/v2\/pages"}],"about":[{"href":"https:\/\/bucurestizoo.ro\/en\/wp-json\/wp\/v2\/types\/page"}],"author":[{"embeddable":true,"href":"https:\/\/bucurestizoo.ro\/en\/wp-json\/wp\/v2\/users\/1"}],"replies":[{"embeddable":true,"href":"https:\/\/bucurestizoo.ro\/en\/wp-json\/wp\/v2\/comments?post=11768"}],"version-history":[{"count":14,"href":"https:\/\/bucurestizoo.ro\/en\/wp-json\/wp\/v2\/pages\/11768\/revisions"}],"predecessor-version":[{"id":13613,"href":"https:\/\/bucurestizoo.ro\/en\/wp-json\/wp\/v2\/pages\/11768\/revisions\/13613"}],"wp:attachment":[{"href":"https:\/\/bucurestizoo.ro\/en\/wp-json\/wp\/v2\/media?parent=11768"}],"curies":[{"name":"wp","href":"https:\/\/api.w.org\/{rel}","templated":true}]}}