{"id":11766,"date":"2024-12-09T12:46:41","date_gmt":"2024-12-09T10:46:41","guid":{"rendered":"https:\/\/n1.bucurestizoo.ro\/?page_id=11766"},"modified":"2025-02-19T19:19:49","modified_gmt":"2025-02-19T17:19:49","slug":"macac-japonez","status":"publish","type":"page","link":"https:\/\/bucurestizoo.ro\/en\/macac-japonez\/","title":{"rendered":"Macac Japonez"},"content":{"rendered":"<div data-elementor-type=\"wp-page\" data-elementor-id=\"11766\" class=\"elementor elementor-11766\" data-elementor-post-type=\"page\">\n\t\t\t\t<div class=\"elementor-element elementor-element-5a0a5cf e-flex e-con-boxed e-con e-parent\" data-id=\"5a0a5cf\" data-element_type=\"container\" data-e-type=\"container\" data-settings=\"{&quot;background_background&quot;:&quot;classic&quot;}\">\n\t\t\t\t\t<div class=\"e-con-inner\">\n\t\t<div class=\"elementor-element elementor-element-22c51693 e-con-full e-flex e-con e-child\" data-id=\"22c51693\" data-element_type=\"container\" data-e-type=\"container\">\n\t\t<div class=\"elementor-element elementor-element-3d23d427 e-con-full animated-slow e-flex elementor-invisible e-con e-child\" data-id=\"3d23d427\" data-element_type=\"container\" data-e-type=\"container\" data-settings=\"{&quot;animation&quot;:&quot;fadeInLeft&quot;}\">\n\t\t\t\t<div class=\"elementor-element elementor-element-449cdf19 elementor-widget elementor-widget-heading\" data-id=\"449cdf19\" data-element_type=\"widget\" data-e-type=\"widget\" data-widget_type=\"heading.default\">\n\t\t\t\t<div class=\"elementor-widget-container\">\n\t\t\t\t\t<h1 class=\"elementor-heading-title elementor-size-default\">Macacul japonez<\/h1>\t\t\t\t<\/div>\n\t\t\t\t<\/div>\n\t\t\t\t<div class=\"elementor-element elementor-element-74e2d565 elementor-widget elementor-widget-text-editor\" data-id=\"74e2d565\" data-element_type=\"widget\" data-e-type=\"widget\" data-widget_type=\"text-editor.default\">\n\t\t\t\t<div class=\"elementor-widget-container\">\n\t\t\t\t\t\t\t\t\t<p><strong data-start=\"0\" data-end=\"25\">Denumire \u0219tiin\u021bific\u0103:<\/strong> Macaca fuscata<br data-start=\"40\" data-end=\"43\" \/><strong data-start=\"43\" data-end=\"53\">Ordin:<\/strong> Primates<br data-start=\"62\" data-end=\"65\" \/><strong data-start=\"65\" data-end=\"77\">Familie:<\/strong> Cercopithecidae<br data-start=\"93\" data-end=\"96\" \/><strong data-start=\"96\" data-end=\"104\">Gen:<\/strong> Macaca<br data-start=\"111\" data-end=\"114\" \/><strong data-start=\"114\" data-end=\"125\">Specie:<\/strong> Macaca fuscata<br data-start=\"140\" data-end=\"143\" \/><strong data-start=\"143\" data-end=\"159\">Distribu\u021bie:<\/strong> Japonia<br data-start=\"167\" data-end=\"170\" \/><strong data-start=\"170\" data-end=\"185\">Dimensiuni:<\/strong> 50-95 cm lungime, coada 5-10 cm<br data-start=\"217\" data-end=\"220\" \/><strong data-start=\"220\" data-end=\"233\">Greutate:<\/strong> 5-19 kg<br data-start=\"241\" data-end=\"244\" \/><strong data-start=\"244\" data-end=\"269\">Perioada de gesta\u021bie:<\/strong> 170-180 zile<br data-start=\"282\" data-end=\"285\" \/><strong data-start=\"285\" data-end=\"302\">Num\u0103r de pui:<\/strong> 1<br data-start=\"304\" data-end=\"307\" \/><strong data-start=\"307\" data-end=\"329\">Speran\u021b\u0103 de via\u021b\u0103:<\/strong> 22-28 ani \u00een s\u0103lb\u0103ticie, \u00een captivitate mai mul<\/p>\t\t\t\t\t\t\t\t<\/div>\n\t\t\t\t<\/div>\n\t\t\t\t<\/div>\n\t\t\t\t<div class=\"elementor-element elementor-element-4f02329a elementor-widget-tablet__width-inherit animated-slow elementor-invisible elementor-widget elementor-widget-image\" data-id=\"4f02329a\" data-element_type=\"widget\" data-e-type=\"widget\" data-settings=\"{&quot;_animation&quot;:&quot;fadeInRight&quot;}\" data-widget_type=\"image.default\">\n\t\t\t\t<div class=\"elementor-widget-container\">\n\t\t\t\t\t\t\t\t\t\t\t\t\t\t\t<img fetchpriority=\"high\" decoding=\"async\" width=\"847\" height=\"598\" src=\"https:\/\/bucurestizoo.ro\/wp-content\/uploads\/2025\/02\/macac-dt_1-Large-1024x723.jpeg\" class=\"attachment-large size-large wp-image-13586\" alt=\"\" srcset=\"https:\/\/bucurestizoo.ro\/wp-content\/uploads\/2025\/02\/macac-dt_1-Large-1024x723.jpeg 1024w, https:\/\/bucurestizoo.ro\/wp-content\/uploads\/2025\/02\/macac-dt_1-Large-300x212.jpeg 300w, https:\/\/bucurestizoo.ro\/wp-content\/uploads\/2025\/02\/macac-dt_1-Large-768x542.jpeg 768w, https:\/\/bucurestizoo.ro\/wp-content\/uploads\/2025\/02\/macac-dt_1-Large-425x300.jpeg 425w, https:\/\/bucurestizoo.ro\/wp-content\/uploads\/2025\/02\/macac-dt_1-Large-650x459.jpeg 650w, https:\/\/bucurestizoo.ro\/wp-content\/uploads\/2025\/02\/macac-dt_1-Large.jpeg 1280w\" sizes=\"(max-width: 847px) 100vw, 847px\" data-id=\"13586\" \/>\t\t\t\t\t\t\t\t\t\t\t\t\t\t\t<\/div>\n\t\t\t\t<\/div>\n\t\t\t\t<\/div>\n\t\t\t\t\t<\/div>\n\t\t\t\t<\/div>\n\t\t<div class=\"elementor-element elementor-element-281433c3 animated-slow e-flex e-con-boxed elementor-invisible e-con e-parent\" data-id=\"281433c3\" data-element_type=\"container\" data-e-type=\"container\" data-settings=\"{&quot;animation&quot;:&quot;fadeInLeft&quot;}\">\n\t\t\t\t\t<div class=\"e-con-inner\">\n\t\t\t\t<div class=\"elementor-element elementor-element-2a552ef2 elementor-widget elementor-widget-heading\" data-id=\"2a552ef2\" data-element_type=\"widget\" data-e-type=\"widget\" data-widget_type=\"heading.default\">\n\t\t\t\t<div class=\"elementor-widget-container\">\n\t\t\t\t\t<h1 class=\"elementor-heading-title elementor-size-default\">General:<\/h1>\t\t\t\t<\/div>\n\t\t\t\t<\/div>\n\t\t\t\t<div class=\"elementor-element elementor-element-27ee8f3f elementor-widget elementor-widget-text-editor\" data-id=\"27ee8f3f\" data-element_type=\"widget\" data-e-type=\"widget\" data-widget_type=\"text-editor.default\">\n\t\t\t\t<div class=\"elementor-widget-container\">\n\t\t\t\t\t\t\t\t\t<p>Macacul japonez, cunoscut \u0219i ca \u201emaimu\u021ba de z\u0103pad\u0103\u201d, este singura specie de primat (\u00een afar\u0103 de om) care tr\u0103ie\u0219te \u00een regiuni cu ierni reci. Este inteligent \u0219i adaptabil, folosind izvoarele termale pentru a se \u00eenc\u0103lzi \u00een timpul iernii.<\/p><p>Sunt primatele care tr\u0103iesc la cele mai reci temperaturi. Se relaxeaz\u0103 \u00een izvoare termale pentru a face fa\u021b\u0103 iernilor geroase!<\/p>\t\t\t\t\t\t\t\t<\/div>\n\t\t\t\t<\/div>\n\t\t\t\t\t<\/div>\n\t\t\t\t<\/div>\n\t\t<div class=\"elementor-element elementor-element-21223ff3 e-flex e-con-boxed e-con e-parent\" data-id=\"21223ff3\" data-element_type=\"container\" data-e-type=\"container\">\n\t\t\t\t\t<div class=\"e-con-inner\">\n\t\t\t\t<div class=\"elementor-element elementor-element-27c96474 elementor-widget elementor-widget-gallery\" data-id=\"27c96474\" data-element_type=\"widget\" data-e-type=\"widget\" data-settings=\"{&quot;columns&quot;:3,&quot;lazyload&quot;:&quot;yes&quot;,&quot;gallery_layout&quot;:&quot;grid&quot;,&quot;columns_tablet&quot;:2,&quot;columns_mobile&quot;:1,&quot;gap&quot;:{&quot;unit&quot;:&quot;px&quot;,&quot;size&quot;:10,&quot;sizes&quot;:[]},&quot;gap_tablet&quot;:{&quot;unit&quot;:&quot;px&quot;,&quot;size&quot;:10,&quot;sizes&quot;:[]},&quot;gap_mobile&quot;:{&quot;unit&quot;:&quot;px&quot;,&quot;size&quot;:10,&quot;sizes&quot;:[]},&quot;link_to&quot;:&quot;file&quot;,&quot;aspect_ratio&quot;:&quot;3:2&quot;,&quot;overlay_background&quot;:&quot;yes&quot;,&quot;content_hover_animation&quot;:&quot;fade-in&quot;}\" data-widget_type=\"gallery.default\">\n\t\t\t\t<div class=\"elementor-widget-container\">\n\t\t\t\t\t\t\t<div class=\"elementor-gallery__container\">\n\t\t\t\t\t\t\t<a class=\"e-gallery-item elementor-gallery-item elementor-animated-content\" href=\"https:\/\/bucurestizoo.ro\/wp-content\/uploads\/2024\/12\/macac-japonez-1-e1739985395317.jpg\" data-elementor-open-lightbox=\"yes\" data-elementor-lightbox-slideshow=\"27c96474\" data-elementor-lightbox-title=\"macac japonez\" data-e-action-hash=\"#elementor-action%3Aaction%3Dlightbox%26settings%3DeyJpZCI6MTIwNTksInVybCI6Imh0dHBzOlwvXC9idWN1cmVzdGl6b28ucm9cL3dwLWNvbnRlbnRcL3VwbG9hZHNcLzIwMjRcLzEyXC9tYWNhYy1qYXBvbmV6LTEtZTE3Mzk5ODUzOTUzMTcuanBnIiwic2xpZGVzaG93IjoiMjdjOTY0NzQifQ%3D%3D\">\n\t\t\t\t\t<div class=\"e-gallery-image elementor-gallery-item__image\" data-thumbnail=\"https:\/\/bucurestizoo.ro\/wp-content\/uploads\/2024\/12\/macac-japonez-1-682x1024.jpg\" data-width=\"682\" data-height=\"1024\" aria-label=\"\" role=\"img\" ><\/div>\n\t\t\t\t\t\t\t\t\t\t\t<div class=\"elementor-gallery-item__overlay\"><\/div>\n\t\t\t\t\t\t\t\t\t\t\t\t\t\t<\/a>\n\t\t\t\t\t\t\t<a class=\"e-gallery-item elementor-gallery-item elementor-animated-content\" href=\"https:\/\/bucurestizoo.ro\/wp-content\/uploads\/2025\/02\/macac-dt_3-Large.jpeg\" data-elementor-open-lightbox=\"yes\" data-elementor-lightbox-slideshow=\"27c96474\" data-elementor-lightbox-title=\"macac dt_3 Large\" data-e-action-hash=\"#elementor-action%3Aaction%3Dlightbox%26settings%3DeyJpZCI6MTM1ODgsInVybCI6Imh0dHBzOlwvXC9idWN1cmVzdGl6b28ucm9cL3dwLWNvbnRlbnRcL3VwbG9hZHNcLzIwMjVcLzAyXC9tYWNhYy1kdF8zLUxhcmdlLmpwZWciLCJzbGlkZXNob3ciOiIyN2M5NjQ3NCJ9\">\n\t\t\t\t\t<div class=\"e-gallery-image elementor-gallery-item__image\" data-thumbnail=\"https:\/\/bucurestizoo.ro\/wp-content\/uploads\/2025\/02\/macac-dt_3-Large-1024x682.jpeg\" data-width=\"847\" data-height=\"564\" aria-label=\"\" role=\"img\" ><\/div>\n\t\t\t\t\t\t\t\t\t\t\t<div class=\"elementor-gallery-item__overlay\"><\/div>\n\t\t\t\t\t\t\t\t\t\t\t\t\t\t<\/a>\n\t\t\t\t\t\t\t<a class=\"e-gallery-item elementor-gallery-item elementor-animated-content\" href=\"https:\/\/bucurestizoo.ro\/wp-content\/uploads\/2025\/02\/macac-dt_2-Large.jpeg\" data-elementor-open-lightbox=\"yes\" data-elementor-lightbox-slideshow=\"27c96474\" data-elementor-lightbox-title=\"macac dt_2 Large\" data-e-action-hash=\"#elementor-action%3Aaction%3Dlightbox%26settings%3DeyJpZCI6MTM1ODcsInVybCI6Imh0dHBzOlwvXC9idWN1cmVzdGl6b28ucm9cL3dwLWNvbnRlbnRcL3VwbG9hZHNcLzIwMjVcLzAyXC9tYWNhYy1kdF8yLUxhcmdlLmpwZWciLCJzbGlkZXNob3ciOiIyN2M5NjQ3NCJ9\">\n\t\t\t\t\t<div class=\"e-gallery-image elementor-gallery-item__image\" data-thumbnail=\"https:\/\/bucurestizoo.ro\/wp-content\/uploads\/2025\/02\/macac-dt_2-Large-1024x677.jpeg\" data-width=\"847\" data-height=\"560\" aria-label=\"\" role=\"img\" ><\/div>\n\t\t\t\t\t\t\t\t\t\t\t<div class=\"elementor-gallery-item__overlay\"><\/div>\n\t\t\t\t\t\t\t\t\t\t\t\t\t\t<\/a>\n\t\t\t\t\t<\/div>\n\t\t\t\t\t<\/div>\n\t\t\t\t<\/div>\n\t\t\t\t\t<\/div>\n\t\t\t\t<\/div>\n\t\t<div class=\"elementor-element elementor-element-5b85bf3c animated-slow e-flex e-con-boxed elementor-invisible e-con e-parent\" data-id=\"5b85bf3c\" data-element_type=\"container\" data-e-type=\"container\" data-settings=\"{&quot;animation&quot;:&quot;fadeInRight&quot;}\">\n\t\t\t\t\t<div class=\"e-con-inner\">\n\t\t\t\t<div class=\"elementor-element elementor-element-7e6e94ae elementor-widget elementor-widget-heading\" data-id=\"7e6e94ae\" data-element_type=\"widget\" data-e-type=\"widget\" data-widget_type=\"heading.default\">\n\t\t\t\t<div class=\"elementor-widget-container\">\n\t\t\t\t\t<h1 class=\"elementor-heading-title elementor-size-default\">Habitat:<\/h1>\t\t\t\t<\/div>\n\t\t\t\t<\/div>\n\t\t\t\t<div class=\"elementor-element elementor-element-4c413a26 elementor-widget elementor-widget-text-editor\" data-id=\"4c413a26\" data-element_type=\"widget\" data-e-type=\"widget\" data-widget_type=\"text-editor.default\">\n\t\t\t\t<div class=\"elementor-widget-container\">\n\t\t\t\t\t\t\t\t\t<p>P\u0103duri montane, izvoare termale. Tr\u0103ie\u0219te \u00een p\u0103duri montane din Japonia, de la nivelul m\u0103rii p\u00e2n\u0103 la altitudini de peste 1.500 m.<\/p>\t\t\t\t\t\t\t\t<\/div>\n\t\t\t\t<\/div>\n\t\t\t\t\t<\/div>\n\t\t\t\t<\/div>\n\t\t<div class=\"elementor-element elementor-element-21f71589 e-grid e-con-boxed e-con e-parent\" data-id=\"21f71589\" data-element_type=\"container\" data-e-type=\"container\">\n\t\t\t\t\t<div class=\"e-con-inner\">\n\t\t<div class=\"elementor-element elementor-element-d5860bb e-con-full animated-slow e-flex elementor-invisible e-con e-child\" data-id=\"d5860bb\" data-element_type=\"container\" data-e-type=\"container\" data-settings=\"{&quot;animation&quot;:&quot;fadeInLeft&quot;}\">\n\t\t\t\t<div class=\"elementor-element elementor-element-5992f078 elementor-widget elementor-widget-heading\" data-id=\"5992f078\" data-element_type=\"widget\" data-e-type=\"widget\" data-widget_type=\"heading.default\">\n\t\t\t\t<div class=\"elementor-widget-container\">\n\t\t\t\t\t<h1 class=\"elementor-heading-title elementor-size-default\">Hran\u0103:<\/h1>\t\t\t\t<\/div>\n\t\t\t\t<\/div>\n\t\t\t\t<div class=\"elementor-element elementor-element-18298753 elementor-widget elementor-widget-text-editor\" data-id=\"18298753\" data-element_type=\"widget\" data-e-type=\"widget\" data-widget_type=\"text-editor.default\">\n\t\t\t\t<div class=\"elementor-widget-container\">\n\t\t\t\t\t\t\t\t\t<p>Este omnivor, consum\u00e2nd frunze, fructe, semin\u021be, insecte, nevertebrate \u0219i, ocazional, mici vertebrate.<\/p>\t\t\t\t\t\t\t\t<\/div>\n\t\t\t\t<\/div>\n\t\t\t\t<\/div>\n\t\t<div class=\"elementor-element elementor-element-4c2816c1 e-con-full animated-slow e-flex elementor-invisible e-con e-child\" data-id=\"4c2816c1\" data-element_type=\"container\" data-e-type=\"container\" data-settings=\"{&quot;animation&quot;:&quot;fadeInRight&quot;}\">\n\t\t\t\t<div class=\"elementor-element elementor-element-3a1b2d8 elementor-widget elementor-widget-heading\" data-id=\"3a1b2d8\" data-element_type=\"widget\" data-e-type=\"widget\" data-widget_type=\"heading.default\">\n\t\t\t\t<div class=\"elementor-widget-container\">\n\t\t\t\t\t<h1 class=\"elementor-heading-title elementor-size-default\">Conservare:<\/h1>\t\t\t\t<\/div>\n\t\t\t\t<\/div>\n\t\t\t\t<div class=\"elementor-element elementor-element-14d3e4d5 elementor-widget elementor-widget-text-editor\" data-id=\"14d3e4d5\" data-element_type=\"widget\" data-e-type=\"widget\" data-widget_type=\"text-editor.default\">\n\t\t\t\t<div class=\"elementor-widget-container\">\n\t\t\t\t\t\t\t\t\t<p>Popula\u021bia este stabil\u0103, dar distrugerea habitatului \u0219i conflictele cu oamenii pot reprezenta amenin\u021b\u0103ri.<\/p>\t\t\t\t\t\t\t\t<\/div>\n\t\t\t\t<\/div>\n\t\t\t\t<\/div>\n\t\t\t\t\t<\/div>\n\t\t\t\t<\/div>\n\t\t\t\t<\/div>","protected":false},"excerpt":{"rendered":"<p>Macacul japonez Denumire \u0219tiin\u021bific\u0103: Macaca fuscataOrdin: PrimatesFamilie: CercopithecidaeGen: MacacaSpecie: Macaca fuscataDistribu\u021bie: JaponiaDimensiuni: 50-95 cm lungime, coada 5-10 cmGreutate: 5-19 kgPerioada de gesta\u021bie: 170-180 zileNum\u0103r de pui: 1Speran\u021b\u0103 de via\u021b\u0103: 22-28 ani \u00een s\u0103lb\u0103ticie, \u00een captivitate mai mul General: Macacul japonez, cunoscut \u0219i ca \u201emaimu\u021ba de z\u0103pad\u0103\u201d, este singura specie de primat (\u00een afar\u0103 de om) &hellip; <a href=\"https:\/\/bucurestizoo.ro\/en\/macac-japonez\/\" class=\"more-link\">Continue reading <span class=\"screen-reader-text\">Macac Japonez<\/span><\/a><\/p>","protected":false},"author":1,"featured_media":0,"parent":0,"menu_order":0,"comment_status":"closed","ping_status":"closed","template":"","meta":{"_monsterinsights_skip_tracking":false,"_monsterinsights_sitenote_active":false,"_monsterinsights_sitenote_note":"","_monsterinsights_sitenote_category":0,"footnotes":""},"class_list":["post-11766","page","type-page","status-publish","hentry"],"aioseo_notices":[],"_links":{"self":[{"href":"https:\/\/bucurestizoo.ro\/en\/wp-json\/wp\/v2\/pages\/11766","targetHints":{"allow":["GET"]}}],"collection":[{"href":"https:\/\/bucurestizoo.ro\/en\/wp-json\/wp\/v2\/pages"}],"about":[{"href":"https:\/\/bucurestizoo.ro\/en\/wp-json\/wp\/v2\/types\/page"}],"author":[{"embeddable":true,"href":"https:\/\/bucurestizoo.ro\/en\/wp-json\/wp\/v2\/users\/1"}],"replies":[{"embeddable":true,"href":"https:\/\/bucurestizoo.ro\/en\/wp-json\/wp\/v2\/comments?post=11766"}],"version-history":[{"count":10,"href":"https:\/\/bucurestizoo.ro\/en\/wp-json\/wp\/v2\/pages\/11766\/revisions"}],"predecessor-version":[{"id":13591,"href":"https:\/\/bucurestizoo.ro\/en\/wp-json\/wp\/v2\/pages\/11766\/revisions\/13591"}],"wp:attachment":[{"href":"https:\/\/bucurestizoo.ro\/en\/wp-json\/wp\/v2\/media?parent=11766"}],"curies":[{"name":"wp","href":"https:\/\/api.w.org\/{rel}","templated":true}]}}