{"id":11764,"date":"2024-12-09T12:45:38","date_gmt":"2024-12-09T10:45:38","guid":{"rendered":"https:\/\/n1.bucurestizoo.ro\/?page_id=11764"},"modified":"2025-02-18T17:51:24","modified_gmt":"2025-02-18T15:51:24","slug":"lup-de-tundra","status":"publish","type":"page","link":"https:\/\/bucurestizoo.ro\/en\/lup-de-tundra\/","title":{"rendered":"Lup de Tundr\u0103"},"content":{"rendered":"<div data-elementor-type=\"wp-page\" data-elementor-id=\"11764\" class=\"elementor elementor-11764\" data-elementor-post-type=\"page\">\n\t\t\t\t<div class=\"elementor-element elementor-element-534d8918 e-flex e-con-boxed e-con e-parent\" data-id=\"534d8918\" data-element_type=\"container\" data-e-type=\"container\" data-settings=\"{&quot;background_background&quot;:&quot;classic&quot;}\">\n\t\t\t\t\t<div class=\"e-con-inner\">\n\t\t<div class=\"elementor-element elementor-element-1ad97b21 e-con-full e-flex e-con e-child\" data-id=\"1ad97b21\" data-element_type=\"container\" data-e-type=\"container\">\n\t\t<div class=\"elementor-element elementor-element-6cd98a0c e-con-full animated-slow e-flex elementor-invisible e-con e-child\" data-id=\"6cd98a0c\" data-element_type=\"container\" data-e-type=\"container\" data-settings=\"{&quot;animation&quot;:&quot;fadeInLeft&quot;}\">\n\t\t\t\t<div class=\"elementor-element elementor-element-31071b61 elementor-widget elementor-widget-heading\" data-id=\"31071b61\" data-element_type=\"widget\" data-e-type=\"widget\" data-widget_type=\"heading.default\">\n\t\t\t\t<div class=\"elementor-widget-container\">\n\t\t\t\t\t<h1 class=\"elementor-heading-title elementor-size-default\">Lupul de Tundr\u0103<\/h1>\t\t\t\t<\/div>\n\t\t\t\t<\/div>\n\t\t\t\t<div class=\"elementor-element elementor-element-74d0ad3c elementor-widget elementor-widget-text-editor\" data-id=\"74d0ad3c\" data-element_type=\"widget\" data-e-type=\"widget\" data-widget_type=\"text-editor.default\">\n\t\t\t\t<div class=\"elementor-widget-container\">\n\t\t\t\t\t\t\t\t\t<p><strong data-start=\"0\" data-end=\"25\">Denumire \u0219tiin\u021bific\u0103:<\/strong> Canis lupus tundrorum<br data-start=\"47\" data-end=\"50\" \/><strong data-start=\"50\" data-end=\"60\">Ordin:<\/strong> Carnivora<br data-start=\"70\" data-end=\"73\" \/><strong data-start=\"73\" data-end=\"85\">Familie:<\/strong> Canidae<br data-start=\"93\" data-end=\"96\" \/><strong data-start=\"96\" data-end=\"104\">Gen:<\/strong> Canis<br data-start=\"110\" data-end=\"113\" \/><strong data-start=\"113\" data-end=\"124\">Specie:<\/strong> C. lupus<br data-start=\"133\" data-end=\"136\" \/><strong data-start=\"136\" data-end=\"152\">Distribu\u021bie:<\/strong> Tundra arctic\u0103 a Canadei \u0219i Alask\u0103i<br data-start=\"188\" data-end=\"191\" \/><strong data-start=\"191\" data-end=\"206\">Dimensiuni:<\/strong> 100-160 cm lungime (f\u0103r\u0103 coad\u0103); coada de 35-50 cm<br data-start=\"257\" data-end=\"260\" \/><strong data-start=\"260\" data-end=\"273\">Greutate:<\/strong> 45-80 kg (masculii mai mari)<br data-start=\"302\" data-end=\"305\" \/><strong data-start=\"305\" data-end=\"330\">Perioada de gesta\u021bie:<\/strong> 60-63 zile<br data-start=\"341\" data-end=\"344\" \/><strong data-start=\"344\" data-end=\"361\">Num\u0103r de pui:<\/strong> 4-7 pui pe an<br data-start=\"375\" data-end=\"378\" \/><strong data-start=\"378\" data-end=\"400\">Speran\u021b\u0103 de via\u021b\u0103:<\/strong> 10-13 ani \u00een s\u0103lb\u0103ticie, \u00een captivitate mai mult<\/p>\t\t\t\t\t\t\t\t<\/div>\n\t\t\t\t<\/div>\n\t\t\t\t<\/div>\n\t\t\t\t<div class=\"elementor-element elementor-element-77527758 elementor-widget-tablet__width-inherit animated-slow elementor-invisible elementor-widget elementor-widget-image\" data-id=\"77527758\" data-element_type=\"widget\" data-e-type=\"widget\" data-settings=\"{&quot;_animation&quot;:&quot;fadeInRight&quot;}\" data-widget_type=\"image.default\">\n\t\t\t\t<div class=\"elementor-widget-container\">\n\t\t\t\t\t\t\t\t\t\t\t\t\t\t\t<img fetchpriority=\"high\" decoding=\"async\" width=\"847\" height=\"561\" src=\"https:\/\/bucurestizoo.ro\/wp-content\/uploads\/2024\/12\/lup-2-1024x678.jpg\" class=\"attachment-large size-large wp-image-12053\" alt=\"\" srcset=\"https:\/\/bucurestizoo.ro\/wp-content\/uploads\/2024\/12\/lup-2-1024x678.jpg 1024w, https:\/\/bucurestizoo.ro\/wp-content\/uploads\/2024\/12\/lup-2-300x199.jpg 300w, https:\/\/bucurestizoo.ro\/wp-content\/uploads\/2024\/12\/lup-2-768x509.jpg 768w, https:\/\/bucurestizoo.ro\/wp-content\/uploads\/2024\/12\/lup-2-453x300.jpg 453w, https:\/\/bucurestizoo.ro\/wp-content\/uploads\/2024\/12\/lup-2-650x431.jpg 650w, https:\/\/bucurestizoo.ro\/wp-content\/uploads\/2024\/12\/lup-2.jpg 1280w\" sizes=\"(max-width: 847px) 100vw, 847px\" data-id=\"12053\" \/>\t\t\t\t\t\t\t\t\t\t\t\t\t\t\t<\/div>\n\t\t\t\t<\/div>\n\t\t\t\t<\/div>\n\t\t\t\t\t<\/div>\n\t\t\t\t<\/div>\n\t\t<div class=\"elementor-element elementor-element-4489bc0f animated-slow e-flex e-con-boxed elementor-invisible e-con e-parent\" data-id=\"4489bc0f\" data-element_type=\"container\" data-e-type=\"container\" data-settings=\"{&quot;animation&quot;:&quot;fadeInLeft&quot;}\">\n\t\t\t\t\t<div class=\"e-con-inner\">\n\t\t\t\t<div class=\"elementor-element elementor-element-5fa2f4c0 elementor-widget elementor-widget-heading\" data-id=\"5fa2f4c0\" data-element_type=\"widget\" data-e-type=\"widget\" data-widget_type=\"heading.default\">\n\t\t\t\t<div class=\"elementor-widget-container\">\n\t\t\t\t\t<h1 class=\"elementor-heading-title elementor-size-default\">General:<\/h1>\t\t\t\t<\/div>\n\t\t\t\t<\/div>\n\t\t\t\t<div class=\"elementor-element elementor-element-16316427 elementor-widget elementor-widget-text-editor\" data-id=\"16316427\" data-element_type=\"widget\" data-e-type=\"widget\" data-widget_type=\"text-editor.default\">\n\t\t\t\t<div class=\"elementor-widget-container\">\n\t\t\t\t\t\t\t\t\t<p>Lupul siberian sau lupul de tundr\u0103, cea mai mare dintre cele aproximativ 41 de specii s\u0103lbatice de canis,\u00a0 variaz\u0103, \u00een principal, pe o zon\u0103 geografic\u0103, popula\u021biile din sud fiind, \u00een general, mai mici dec\u00e2t popula\u021biile nordice. Adaptat pentru temperaturi extrem de sc\u0103zute, av\u00e2nd blan\u0103 dens\u0103 \u0219i strat gros de gr\u0103sime sub piele. Are o rezisten\u021b\u0103 incredibil\u0103 \u2013 poate alerga peste 60 km \u00eentr-o singur\u0103 zi<\/p>\t\t\t\t\t\t\t\t<\/div>\n\t\t\t\t<\/div>\n\t\t\t\t\t<\/div>\n\t\t\t\t<\/div>\n\t\t<div class=\"elementor-element elementor-element-5cdf1e19 e-flex e-con-boxed e-con e-parent\" data-id=\"5cdf1e19\" data-element_type=\"container\" data-e-type=\"container\">\n\t\t\t\t\t<div class=\"e-con-inner\">\n\t\t\t\t<div class=\"elementor-element elementor-element-b04a9ec elementor-widget elementor-widget-gallery\" data-id=\"b04a9ec\" data-element_type=\"widget\" data-e-type=\"widget\" data-settings=\"{&quot;columns&quot;:3,&quot;lazyload&quot;:&quot;yes&quot;,&quot;gallery_layout&quot;:&quot;grid&quot;,&quot;columns_tablet&quot;:2,&quot;columns_mobile&quot;:1,&quot;gap&quot;:{&quot;unit&quot;:&quot;px&quot;,&quot;size&quot;:10,&quot;sizes&quot;:[]},&quot;gap_tablet&quot;:{&quot;unit&quot;:&quot;px&quot;,&quot;size&quot;:10,&quot;sizes&quot;:[]},&quot;gap_mobile&quot;:{&quot;unit&quot;:&quot;px&quot;,&quot;size&quot;:10,&quot;sizes&quot;:[]},&quot;link_to&quot;:&quot;file&quot;,&quot;aspect_ratio&quot;:&quot;3:2&quot;,&quot;overlay_background&quot;:&quot;yes&quot;,&quot;content_hover_animation&quot;:&quot;fade-in&quot;}\" data-widget_type=\"gallery.default\">\n\t\t\t\t<div class=\"elementor-widget-container\">\n\t\t\t\t\t\t\t<div class=\"elementor-gallery__container\">\n\t\t\t\t\t\t\t<a class=\"e-gallery-item elementor-gallery-item elementor-animated-content\" href=\"https:\/\/bucurestizoo.ro\/wp-content\/uploads\/2025\/02\/lup-tumdra-1JPG-scaled.jpeg\" data-elementor-open-lightbox=\"yes\" data-elementor-lightbox-slideshow=\"b04a9ec\" data-e-action-hash=\"#elementor-action%3Aaction%3Dlightbox%26settings%3DeyJpZCI6MTMzOTgsInVybCI6Imh0dHBzOlwvXC9idWN1cmVzdGl6b28ucm9cL3dwLWNvbnRlbnRcL3VwbG9hZHNcLzIwMjVcLzAyXC9sdXAtdHVtZHJhLTFKUEctc2NhbGVkLmpwZWciLCJzbGlkZXNob3ciOiJiMDRhOWVjIn0%3D\">\n\t\t\t\t\t<div class=\"e-gallery-image elementor-gallery-item__image\" data-thumbnail=\"https:\/\/bucurestizoo.ro\/wp-content\/uploads\/2025\/02\/lup-tumdra-1JPG-1024x768.jpeg\" data-width=\"847\" data-height=\"635\" aria-label=\"\" role=\"img\" ><\/div>\n\t\t\t\t\t\t\t\t\t\t\t<div class=\"elementor-gallery-item__overlay\"><\/div>\n\t\t\t\t\t\t\t\t\t\t\t\t\t\t<\/a>\n\t\t\t\t\t\t\t<a class=\"e-gallery-item elementor-gallery-item elementor-animated-content\" href=\"https:\/\/bucurestizoo.ro\/wp-content\/uploads\/2025\/02\/lup_2-scaled.jpeg\" data-elementor-open-lightbox=\"yes\" data-elementor-lightbox-slideshow=\"b04a9ec\" data-e-action-hash=\"#elementor-action%3Aaction%3Dlightbox%26settings%3DeyJpZCI6MTMzOTksInVybCI6Imh0dHBzOlwvXC9idWN1cmVzdGl6b28ucm9cL3dwLWNvbnRlbnRcL3VwbG9hZHNcLzIwMjVcLzAyXC9sdXBfMi1zY2FsZWQuanBlZyIsInNsaWRlc2hvdyI6ImIwNGE5ZWMifQ%3D%3D\">\n\t\t\t\t\t<div class=\"e-gallery-image elementor-gallery-item__image\" data-thumbnail=\"https:\/\/bucurestizoo.ro\/wp-content\/uploads\/2025\/02\/lup_2-1024x768.jpeg\" data-width=\"847\" data-height=\"635\" aria-label=\"\" role=\"img\" ><\/div>\n\t\t\t\t\t\t\t\t\t\t\t<div class=\"elementor-gallery-item__overlay\"><\/div>\n\t\t\t\t\t\t\t\t\t\t\t\t\t\t<\/a>\n\t\t\t\t\t\t\t<a class=\"e-gallery-item elementor-gallery-item elementor-animated-content\" href=\"https:\/\/bucurestizoo.ro\/wp-content\/uploads\/2025\/02\/lup_3-scaled.jpeg\" data-elementor-open-lightbox=\"yes\" data-elementor-lightbox-slideshow=\"b04a9ec\" data-e-action-hash=\"#elementor-action%3Aaction%3Dlightbox%26settings%3DeyJpZCI6MTM0MDAsInVybCI6Imh0dHBzOlwvXC9idWN1cmVzdGl6b28ucm9cL3dwLWNvbnRlbnRcL3VwbG9hZHNcLzIwMjVcLzAyXC9sdXBfMy1zY2FsZWQuanBlZyIsInNsaWRlc2hvdyI6ImIwNGE5ZWMifQ%3D%3D\">\n\t\t\t\t\t<div class=\"e-gallery-image elementor-gallery-item__image\" data-thumbnail=\"https:\/\/bucurestizoo.ro\/wp-content\/uploads\/2025\/02\/lup_3-1024x768.jpeg\" data-width=\"847\" data-height=\"635\" aria-label=\"\" role=\"img\" ><\/div>\n\t\t\t\t\t\t\t\t\t\t\t<div class=\"elementor-gallery-item__overlay\"><\/div>\n\t\t\t\t\t\t\t\t\t\t\t\t\t\t<\/a>\n\t\t\t\t\t<\/div>\n\t\t\t\t\t<\/div>\n\t\t\t\t<\/div>\n\t\t\t\t\t<\/div>\n\t\t\t\t<\/div>\n\t\t<div class=\"elementor-element elementor-element-4af8ea9b animated-slow e-flex e-con-boxed elementor-invisible e-con e-parent\" data-id=\"4af8ea9b\" data-element_type=\"container\" data-e-type=\"container\" data-settings=\"{&quot;animation&quot;:&quot;fadeInRight&quot;}\">\n\t\t\t\t\t<div class=\"e-con-inner\">\n\t\t\t\t<div class=\"elementor-element elementor-element-61f47671 elementor-widget elementor-widget-heading\" data-id=\"61f47671\" data-element_type=\"widget\" data-e-type=\"widget\" data-widget_type=\"heading.default\">\n\t\t\t\t<div class=\"elementor-widget-container\">\n\t\t\t\t\t<h1 class=\"elementor-heading-title elementor-size-default\">Habitat:<\/h1>\t\t\t\t<\/div>\n\t\t\t\t<\/div>\n\t\t\t\t<div class=\"elementor-element elementor-element-64c44e46 elementor-widget elementor-widget-text-editor\" data-id=\"64c44e46\" data-element_type=\"widget\" data-e-type=\"widget\" data-widget_type=\"text-editor.default\">\n\t\t\t\t<div class=\"elementor-widget-container\">\n\t\t\t\t\t\t\t\t\t<p>Tundre, regiuni arctice izolate, toat\u0103 suprafa\u0163a polului nord, cu excep\u0163ia banchizelor \u015fi a regiunilor \u00eenghe\u0163ate din continuarea lor. \u00a0 Lupul siberian este un animal \u00eent\u00e2lnit pe o arie geografic\u0103 \u00eentins\u0103. Acesta ocup\u0103 o mare varietate de habitate, de la tundra arctic\u0103 p\u00e2n\u0103 la p\u0103dure, prerie \u0219i zone aride.<\/p>\n<p>Ini\u021bial a ocupat o bun\u0103 parte din emisfera nordic\u0103 \u2013 de la Arctic, continu\u00e2nd spre sud p\u00e2n\u0103 la o latitudine de 20 \u00b0 S, care trece prin sudul Mexicului Central, Africa de Nord \u0219i Asia de Sud. Cu toate acestea, din cauza distrugerii habitatelor, a schimb\u0103rilor de mediu, a a\u0219ez\u0103rilor umane \u0219i a altor bariere \u00een calea cre\u0219terii popula\u021biei, lupii gri tr\u0103iesc \u00een zone restr\u00e2nse. <\/p>\t\t\t\t\t\t\t\t<\/div>\n\t\t\t\t<\/div>\n\t\t\t\t\t<\/div>\n\t\t\t\t<\/div>\n\t\t<div class=\"elementor-element elementor-element-6c5b8f38 e-grid e-con-boxed e-con e-parent\" data-id=\"6c5b8f38\" data-element_type=\"container\" data-e-type=\"container\">\n\t\t\t\t\t<div class=\"e-con-inner\">\n\t\t<div class=\"elementor-element elementor-element-3f7546fe e-con-full animated-slow e-flex elementor-invisible e-con e-child\" data-id=\"3f7546fe\" data-element_type=\"container\" data-e-type=\"container\" data-settings=\"{&quot;animation&quot;:&quot;fadeInLeft&quot;}\">\n\t\t\t\t<div class=\"elementor-element elementor-element-71e4d49d elementor-widget elementor-widget-heading\" data-id=\"71e4d49d\" data-element_type=\"widget\" data-e-type=\"widget\" data-widget_type=\"heading.default\">\n\t\t\t\t<div class=\"elementor-widget-container\">\n\t\t\t\t\t<h1 class=\"elementor-heading-title elementor-size-default\">Hran\u0103:<\/h1>\t\t\t\t<\/div>\n\t\t\t\t<\/div>\n\t\t\t\t<div class=\"elementor-element elementor-element-23a72095 elementor-widget elementor-widget-text-editor\" data-id=\"23a72095\" data-element_type=\"widget\" data-e-type=\"widget\" data-widget_type=\"text-editor.default\">\n\t\t\t\t<div class=\"elementor-widget-container\">\n\t\t\t\t\t\t\t\t\t<p>Caribu, iepuri arctici, roz\u0103toare, pe\u0219te. Lupii sunt animale carnivore. Ei v\u00e2neaz\u0103 singuri prada, \u00een haite sau fur\u0103 prada altor pr\u0103d\u0103tori. Prada este localizat\u0103, din \u00eent\u00e2mplare sau dup\u0103 miros. Animalele incluse \u00een dieta lupilor gri variaz\u0103 geografic. Lupii v\u00e2neaz\u0103, \u00een principal, \u00een hait\u0103 pentru v\u00e2nat mare, cum ar fi bizoni, boi moscat \u0219i reni.<\/p>\t\t\t\t\t\t\t\t<\/div>\n\t\t\t\t<\/div>\n\t\t\t\t<\/div>\n\t\t<div class=\"elementor-element elementor-element-2c0694c8 e-con-full animated-slow e-flex elementor-invisible e-con e-child\" data-id=\"2c0694c8\" data-element_type=\"container\" data-e-type=\"container\" data-settings=\"{&quot;animation&quot;:&quot;fadeInRight&quot;}\">\n\t\t\t\t<div class=\"elementor-element elementor-element-36ec3c71 elementor-widget elementor-widget-heading\" data-id=\"36ec3c71\" data-element_type=\"widget\" data-e-type=\"widget\" data-widget_type=\"heading.default\">\n\t\t\t\t<div class=\"elementor-widget-container\">\n\t\t\t\t\t<h1 class=\"elementor-heading-title elementor-size-default\">Conservare:<\/h1>\t\t\t\t<\/div>\n\t\t\t\t<\/div>\n\t\t\t\t<div class=\"elementor-element elementor-element-2f1bd19 elementor-widget elementor-widget-text-editor\" data-id=\"2f1bd19\" data-element_type=\"widget\" data-e-type=\"widget\" data-widget_type=\"text-editor.default\">\n\t\t\t\t<div class=\"elementor-widget-container\">\n\t\t\t\t\t\t\t\t\t<p>Nu este amenin\u021bat, dar schimb\u0103rile climatice afecteaz\u0103 prada sa principal\u0103. Este singura subspecie ce mai poate fi g\u0103sit\u0103 pe aria de r\u0103sp\u00e2ndire originar\u0103, deoarece omul ajunge \u00een aceste zone foarte rar.<\/p>\t\t\t\t\t\t\t\t<\/div>\n\t\t\t\t<\/div>\n\t\t\t\t<\/div>\n\t\t\t\t\t<\/div>\n\t\t\t\t<\/div>\n\t\t\t\t<\/div>","protected":false},"excerpt":{"rendered":"<p>Lupul de Tundr\u0103 Denumire \u0219tiin\u021bific\u0103: Canis lupus tundrorumOrdin: CarnivoraFamilie: CanidaeGen: CanisSpecie: C. lupusDistribu\u021bie: Tundra arctic\u0103 a Canadei \u0219i Alask\u0103iDimensiuni: 100-160 cm lungime (f\u0103r\u0103 coad\u0103); coada de 35-50 cmGreutate: 45-80 kg (masculii mai mari)Perioada de gesta\u021bie: 60-63 zileNum\u0103r de pui: 4-7 pui pe anSperan\u021b\u0103 de via\u021b\u0103: 10-13 ani \u00een s\u0103lb\u0103ticie, \u00een captivitate mai mult General: Lupul &hellip; <a href=\"https:\/\/bucurestizoo.ro\/en\/lup-de-tundra\/\" class=\"more-link\">Continue reading <span class=\"screen-reader-text\">Lup de Tundr\u0103<\/span><\/a><\/p>","protected":false},"author":1,"featured_media":0,"parent":0,"menu_order":0,"comment_status":"closed","ping_status":"closed","template":"","meta":{"_monsterinsights_skip_tracking":false,"_monsterinsights_sitenote_active":false,"_monsterinsights_sitenote_note":"","_monsterinsights_sitenote_category":0,"footnotes":""},"class_list":["post-11764","page","type-page","status-publish","hentry"],"aioseo_notices":[],"_links":{"self":[{"href":"https:\/\/bucurestizoo.ro\/en\/wp-json\/wp\/v2\/pages\/11764","targetHints":{"allow":["GET"]}}],"collection":[{"href":"https:\/\/bucurestizoo.ro\/en\/wp-json\/wp\/v2\/pages"}],"about":[{"href":"https:\/\/bucurestizoo.ro\/en\/wp-json\/wp\/v2\/types\/page"}],"author":[{"embeddable":true,"href":"https:\/\/bucurestizoo.ro\/en\/wp-json\/wp\/v2\/users\/1"}],"replies":[{"embeddable":true,"href":"https:\/\/bucurestizoo.ro\/en\/wp-json\/wp\/v2\/comments?post=11764"}],"version-history":[{"count":9,"href":"https:\/\/bucurestizoo.ro\/en\/wp-json\/wp\/v2\/pages\/11764\/revisions"}],"predecessor-version":[{"id":13420,"href":"https:\/\/bucurestizoo.ro\/en\/wp-json\/wp\/v2\/pages\/11764\/revisions\/13420"}],"wp:attachment":[{"href":"https:\/\/bucurestizoo.ro\/en\/wp-json\/wp\/v2\/media?parent=11764"}],"curies":[{"name":"wp","href":"https:\/\/api.w.org\/{rel}","templated":true}]}}