{"id":11762,"date":"2024-12-09T12:44:57","date_gmt":"2024-12-09T10:44:57","guid":{"rendered":"https:\/\/n1.bucurestizoo.ro\/?page_id=11762"},"modified":"2025-02-18T17:22:46","modified_gmt":"2025-02-18T15:22:46","slug":"leu","status":"publish","type":"page","link":"https:\/\/bucurestizoo.ro\/en\/leu\/","title":{"rendered":"Leu"},"content":{"rendered":"<div data-elementor-type=\"wp-page\" data-elementor-id=\"11762\" class=\"elementor elementor-11762\" data-elementor-post-type=\"page\">\n\t\t\t\t<div class=\"elementor-element elementor-element-41fd604d e-flex e-con-boxed e-con e-parent\" data-id=\"41fd604d\" data-element_type=\"container\" data-e-type=\"container\" data-settings=\"{&quot;background_background&quot;:&quot;classic&quot;}\">\n\t\t\t\t\t<div class=\"e-con-inner\">\n\t\t<div class=\"elementor-element elementor-element-173b9b97 e-con-full e-flex e-con e-child\" data-id=\"173b9b97\" data-element_type=\"container\" data-e-type=\"container\">\n\t\t<div class=\"elementor-element elementor-element-28f49e09 e-con-full animated-slow e-flex elementor-invisible e-con e-child\" data-id=\"28f49e09\" data-element_type=\"container\" data-e-type=\"container\" data-settings=\"{&quot;animation&quot;:&quot;fadeInLeft&quot;}\">\n\t\t\t\t<div class=\"elementor-element elementor-element-4b79fd08 elementor-widget elementor-widget-heading\" data-id=\"4b79fd08\" data-element_type=\"widget\" data-e-type=\"widget\" data-widget_type=\"heading.default\">\n\t\t\t\t<div class=\"elementor-widget-container\">\n\t\t\t\t\t<h1 class=\"elementor-heading-title elementor-size-default\">Leul<\/h1>\t\t\t\t<\/div>\n\t\t\t\t<\/div>\n\t\t\t\t<div class=\"elementor-element elementor-element-36164fba elementor-widget elementor-widget-text-editor\" data-id=\"36164fba\" data-element_type=\"widget\" data-e-type=\"widget\" data-widget_type=\"text-editor.default\">\n\t\t\t\t<div class=\"elementor-widget-container\">\n\t\t\t\t\t\t\t\t\t<p><strong data-start=\"0\" data-end=\"25\">Denumire \u0219tiin\u021bific\u0103:<\/strong> Panthera leo<br data-start=\"38\" data-end=\"41\" \/><strong data-start=\"41\" data-end=\"51\">Ordin:<\/strong> Carnivora<br data-start=\"61\" data-end=\"64\" \/><strong data-start=\"64\" data-end=\"76\">Familie:<\/strong> Felidae<br data-start=\"84\" data-end=\"87\" \/><strong data-start=\"87\" data-end=\"95\">Gen:<\/strong> Panthera<br data-start=\"104\" data-end=\"107\" \/><strong data-start=\"107\" data-end=\"118\">Specie:<\/strong> Panthera leo<br data-start=\"131\" data-end=\"134\" \/><strong data-start=\"134\" data-end=\"150\">Distribu\u021bie:<\/strong> Africa, vestul Indiei<br data-start=\"172\" data-end=\"175\" \/><strong data-start=\"175\" data-end=\"190\">Dimensiuni:<\/strong> 1,4 &#8211; 2,5 m lungime (f\u0103r\u0103 coad\u0103), coada 60-100 cm<br data-start=\"240\" data-end=\"243\" \/><strong data-start=\"243\" data-end=\"256\">Greutate:<\/strong> Masculi: 150-250 kg, Femele: 100-180 kg<br data-start=\"296\" data-end=\"299\" \/><strong data-start=\"299\" data-end=\"324\">Perioada de gesta\u021bie:<\/strong> 110-120 zile<br data-start=\"337\" data-end=\"340\" \/><strong data-start=\"340\" data-end=\"357\">Num\u0103r de pui:<\/strong> 1-4<br data-start=\"361\" data-end=\"364\" \/><strong data-start=\"364\" data-end=\"386\">Speran\u021b\u0103 de via\u021b\u0103:<\/strong> 10 ani \u00een s\u0103lb\u0103ticie, \u00een captivitate mai mult<\/p>\t\t\t\t\t\t\t\t<\/div>\n\t\t\t\t<\/div>\n\t\t\t\t<\/div>\n\t\t\t\t<div class=\"elementor-element elementor-element-5b364288 elementor-widget-tablet__width-inherit animated-slow elementor-invisible elementor-widget elementor-widget-image\" data-id=\"5b364288\" data-element_type=\"widget\" data-e-type=\"widget\" data-settings=\"{&quot;_animation&quot;:&quot;fadeInRight&quot;}\" data-widget_type=\"image.default\">\n\t\t\t\t<div class=\"elementor-widget-container\">\n\t\t\t\t\t\t\t\t\t\t\t\t\t\t\t<img fetchpriority=\"high\" decoding=\"async\" width=\"847\" height=\"476\" src=\"https:\/\/bucurestizoo.ro\/wp-content\/uploads\/2025\/01\/leu_2.jpg\" class=\"attachment-large size-large wp-image-12787\" alt=\"\" srcset=\"https:\/\/bucurestizoo.ro\/wp-content\/uploads\/2025\/01\/leu_2.jpg 960w, https:\/\/bucurestizoo.ro\/wp-content\/uploads\/2025\/01\/leu_2-300x169.jpg 300w, https:\/\/bucurestizoo.ro\/wp-content\/uploads\/2025\/01\/leu_2-768x432.jpg 768w, https:\/\/bucurestizoo.ro\/wp-content\/uploads\/2025\/01\/leu_2-520x293.jpg 520w, https:\/\/bucurestizoo.ro\/wp-content\/uploads\/2025\/01\/leu_2-650x366.jpg 650w\" sizes=\"(max-width: 847px) 100vw, 847px\" data-id=\"12787\" \/>\t\t\t\t\t\t\t\t\t\t\t\t\t\t\t<\/div>\n\t\t\t\t<\/div>\n\t\t\t\t<\/div>\n\t\t\t\t\t<\/div>\n\t\t\t\t<\/div>\n\t\t<div class=\"elementor-element elementor-element-6ad2c7e animated-slow e-flex e-con-boxed elementor-invisible e-con e-parent\" data-id=\"6ad2c7e\" data-element_type=\"container\" data-e-type=\"container\" data-settings=\"{&quot;animation&quot;:&quot;fadeInLeft&quot;}\">\n\t\t\t\t\t<div class=\"e-con-inner\">\n\t\t\t\t<div class=\"elementor-element elementor-element-3b8145c4 elementor-widget elementor-widget-heading\" data-id=\"3b8145c4\" data-element_type=\"widget\" data-e-type=\"widget\" data-widget_type=\"heading.default\">\n\t\t\t\t<div class=\"elementor-widget-container\">\n\t\t\t\t\t<h1 class=\"elementor-heading-title elementor-size-default\">General:<\/h1>\t\t\t\t<\/div>\n\t\t\t\t<\/div>\n\t\t\t\t<div class=\"elementor-element elementor-element-6b64ea68 elementor-widget elementor-widget-text-editor\" data-id=\"6b64ea68\" data-element_type=\"widget\" data-e-type=\"widget\" data-widget_type=\"text-editor.default\">\n\t\t\t\t<div class=\"elementor-widget-container\">\n\t\t\t\t\t\t\t\t\t<p>Singura specie de feline care tr\u0103ie\u0219te \u00een grupuri sociale numite haite.<\/p><p>Leii difer\u0103 de ceilal\u021bi membri ai genului mare de feline, tigri, pantere, leoparzi \u0219i jaguari. Masculii adul\u021bi de leu sunt mult mai mari dec\u00e2t femelele \u0219i de obicei au o coam\u0103 impresionant\u0103 format\u0103 din p\u0103r \u00een jurul g\u00e2tului. Culoarea, dimensiunea \u0219i abunden\u021ba coamei variaz\u0103 \u00eentre exemplare. Func\u021bia coamei este de a face ca masculii s\u0103 arate mai impresionant pentru femele \u0219i mai intimidan\u021bi\u00a0pentru masculii rivali. Coama groas\u0103 a leului \u00eei protejeaz\u0103, de asemenea, g\u00e2tul \u00eempotriva ghearelor, \u00een timpul luptelor cu al\u021bi masculi, \u00een disputele teritoriale sau de \u00eemperechere.<\/p><p>Leul este singura felin\u0103 cu adev\u0103rat sociabil\u0103, care tr\u0103ie\u0219te \u00een grupuri ale c\u0103ror dimensiuni variaz\u0103 ca dimensiuni \u0219i dinamic\u0103. Leii sunt animale nocturne sau crepusculare, petrec\u00e2ndu-\u0219i cea mai mare parte din zi, \u00een jur de 20 de ore, odihnindu-se. Motivele pentru care ace\u0219tia \u00ee\u0219i petrec at\u00e2t de mult timp odihnindu-se\u00a0sunt determinate de necesitatea conserv\u0103rii energiei, lipsa pr\u0103zii, precum \u0219i pentru a suporta c\u0103ldura din timpul zilei.<\/p><p>Leul v\u00e2neaz\u0103, de obicei, st\u00e2nd la p\u00e2nd\u0103 \u0219i apoi surprinde prada. Atunci c\u00e2nd v\u00e2neaz\u0103 \u0219i nu are \u0219anse s\u0103 prind\u0103 prada, leul va renun\u021ba la urm\u0103rire dup\u0103 45-100 m. Acesta \u00ee\u0219i sufoc\u0103 sau sugrum\u0103 prada, \u021bin\u00e2nd-o cu col\u021bii de g\u00e2t, \u00een acela\u0219i timp pun\u00e2nd o lab\u0103 pe nasul, gura sau traheea pr\u0103zii. \u00cen ciuda puterii sale mari \u0219i a eficien\u021bei de care d\u0103 dovad\u0103, de multe ori leul rateaz\u0103 v\u00e2n\u0103toarea \u0219i nu prinde nimic.<\/p>\t\t\t\t\t\t\t\t<\/div>\n\t\t\t\t<\/div>\n\t\t\t\t\t<\/div>\n\t\t\t\t<\/div>\n\t\t<div class=\"elementor-element elementor-element-fbf946f e-flex e-con-boxed e-con e-parent\" data-id=\"fbf946f\" data-element_type=\"container\" data-e-type=\"container\">\n\t\t\t\t\t<div class=\"e-con-inner\">\n\t\t\t\t<div class=\"elementor-element elementor-element-7f9033e5 elementor-widget elementor-widget-gallery\" data-id=\"7f9033e5\" data-element_type=\"widget\" data-e-type=\"widget\" data-settings=\"{&quot;columns&quot;:2,&quot;lazyload&quot;:&quot;yes&quot;,&quot;gallery_layout&quot;:&quot;grid&quot;,&quot;columns_tablet&quot;:2,&quot;columns_mobile&quot;:1,&quot;gap&quot;:{&quot;unit&quot;:&quot;px&quot;,&quot;size&quot;:10,&quot;sizes&quot;:[]},&quot;gap_tablet&quot;:{&quot;unit&quot;:&quot;px&quot;,&quot;size&quot;:10,&quot;sizes&quot;:[]},&quot;gap_mobile&quot;:{&quot;unit&quot;:&quot;px&quot;,&quot;size&quot;:10,&quot;sizes&quot;:[]},&quot;link_to&quot;:&quot;file&quot;,&quot;aspect_ratio&quot;:&quot;3:2&quot;,&quot;overlay_background&quot;:&quot;yes&quot;,&quot;content_hover_animation&quot;:&quot;fade-in&quot;}\" data-widget_type=\"gallery.default\">\n\t\t\t\t<div class=\"elementor-widget-container\">\n\t\t\t\t\t\t\t<div class=\"elementor-gallery__container\">\n\t\t\t\t\t\t\t<a class=\"e-gallery-item elementor-gallery-item elementor-animated-content\" href=\"https:\/\/bucurestizoo.ro\/wp-content\/uploads\/2025\/02\/leu_1-scaled.jpg\" data-elementor-open-lightbox=\"yes\" data-elementor-lightbox-slideshow=\"7f9033e5\" data-elementor-lightbox-title=\"leu_1\" data-e-action-hash=\"#elementor-action%3Aaction%3Dlightbox%26settings%3DeyJpZCI6MTMyNDEsInVybCI6Imh0dHBzOlwvXC9idWN1cmVzdGl6b28ucm9cL3dwLWNvbnRlbnRcL3VwbG9hZHNcLzIwMjVcLzAyXC9sZXVfMS1zY2FsZWQuanBnIiwic2xpZGVzaG93IjoiN2Y5MDMzZTUifQ%3D%3D\">\n\t\t\t\t\t<div class=\"e-gallery-image elementor-gallery-item__image\" data-thumbnail=\"https:\/\/bucurestizoo.ro\/wp-content\/uploads\/2025\/02\/leu_1-1024x685.jpg\" data-width=\"847\" data-height=\"567\" aria-label=\"\" role=\"img\" ><\/div>\n\t\t\t\t\t\t\t\t\t\t\t<div class=\"elementor-gallery-item__overlay\"><\/div>\n\t\t\t\t\t\t\t\t\t\t\t\t\t\t<\/a>\n\t\t\t\t\t\t\t<a class=\"e-gallery-item elementor-gallery-item elementor-animated-content\" href=\"https:\/\/bucurestizoo.ro\/wp-content\/uploads\/2025\/02\/leu-6.jpg\" data-elementor-open-lightbox=\"yes\" data-elementor-lightbox-slideshow=\"7f9033e5\" data-elementor-lightbox-title=\"leu 6\" data-e-action-hash=\"#elementor-action%3Aaction%3Dlightbox%26settings%3DeyJpZCI6MTMzNjUsInVybCI6Imh0dHBzOlwvXC9idWN1cmVzdGl6b28ucm9cL3dwLWNvbnRlbnRcL3VwbG9hZHNcLzIwMjVcLzAyXC9sZXUtNi5qcGciLCJzbGlkZXNob3ciOiI3ZjkwMzNlNSJ9\">\n\t\t\t\t\t<div class=\"e-gallery-image elementor-gallery-item__image\" data-thumbnail=\"https:\/\/bucurestizoo.ro\/wp-content\/uploads\/2025\/02\/leu-6.jpg\" data-width=\"800\" data-height=\"533\" aria-label=\"\" role=\"img\" ><\/div>\n\t\t\t\t\t\t\t\t\t\t\t<div class=\"elementor-gallery-item__overlay\"><\/div>\n\t\t\t\t\t\t\t\t\t\t\t\t\t\t<\/a>\n\t\t\t\t\t<\/div>\n\t\t\t\t\t<\/div>\n\t\t\t\t<\/div>\n\t\t\t\t\t<\/div>\n\t\t\t\t<\/div>\n\t\t<div class=\"elementor-element elementor-element-2072d877 animated-slow e-flex e-con-boxed elementor-invisible e-con e-parent\" data-id=\"2072d877\" data-element_type=\"container\" data-e-type=\"container\" data-settings=\"{&quot;animation&quot;:&quot;fadeInRight&quot;}\">\n\t\t\t\t\t<div class=\"e-con-inner\">\n\t\t\t\t<div class=\"elementor-element elementor-element-e9d69ca elementor-widget elementor-widget-heading\" data-id=\"e9d69ca\" data-element_type=\"widget\" data-e-type=\"widget\" data-widget_type=\"heading.default\">\n\t\t\t\t<div class=\"elementor-widget-container\">\n\t\t\t\t\t<h1 class=\"elementor-heading-title elementor-size-default\">Habitat:<\/h1>\t\t\t\t<\/div>\n\t\t\t\t<\/div>\n\t\t\t\t<div class=\"elementor-element elementor-element-70433952 elementor-widget elementor-widget-text-editor\" data-id=\"70433952\" data-element_type=\"widget\" data-e-type=\"widget\" data-widget_type=\"text-editor.default\">\n\t\t\t\t<div class=\"elementor-widget-container\">\n\t\t\t\t\t\t\t\t\t<p>Savane, c\u00e2mpii deschise Leul african tr\u0103ie\u0219te \u00een c\u00e2mpie sau savan\u0103, cu o baz\u0103 de prad\u0103 mare (cea mai mare parte ungulate) \u0219i care au o acoperire teritorial\u0103\u00a0suficient\u0103, disponibil\u0103. \u00cen aceste habitate optime, leul este cel de-al doilea cel mai numeros pr\u0103d\u0103tor mare, dup\u0103 hienele Crocuta crocuta. Leul poate, de asemenea, tr\u0103i \u0219i \u00een alte habitate, cu excep\u021bia p\u0103durilor tropicale \u0219i a de\u0219erturilor. Leul poate tr\u0103i \u00een habitate \u00eemp\u0103durite, muntoase \u0219i semi-de\u0219ertice. Este capabil s\u0103 tr\u0103iasc\u0103 la altitudini mari. Exist\u0103 o popula\u021bie de lei \u00een mun\u021bii Bale din Etiopia la 4.240 m. Leul asiatic tr\u0103ie\u0219te \u00een p\u0103durile de tec \u2013 p\u0103durea Gir din India.<\/p>\t\t\t\t\t\t\t\t<\/div>\n\t\t\t\t<\/div>\n\t\t\t\t\t<\/div>\n\t\t\t\t<\/div>\n\t\t<div class=\"elementor-element elementor-element-28588e99 e-grid e-con-boxed e-con e-parent\" data-id=\"28588e99\" data-element_type=\"container\" data-e-type=\"container\">\n\t\t\t\t\t<div class=\"e-con-inner\">\n\t\t<div class=\"elementor-element elementor-element-e1c77b0 e-con-full animated-slow e-flex elementor-invisible e-con e-child\" data-id=\"e1c77b0\" data-element_type=\"container\" data-e-type=\"container\" data-settings=\"{&quot;animation&quot;:&quot;fadeInLeft&quot;}\">\n\t\t\t\t<div class=\"elementor-element elementor-element-58b8293d elementor-widget elementor-widget-heading\" data-id=\"58b8293d\" data-element_type=\"widget\" data-e-type=\"widget\" data-widget_type=\"heading.default\">\n\t\t\t\t<div class=\"elementor-widget-container\">\n\t\t\t\t\t<h1 class=\"elementor-heading-title elementor-size-default\">Hran\u0103:<\/h1>\t\t\t\t<\/div>\n\t\t\t\t<\/div>\n\t\t\t\t<div class=\"elementor-element elementor-element-2f2c69bf elementor-widget elementor-widget-text-editor\" data-id=\"2f2c69bf\" data-element_type=\"widget\" data-e-type=\"widget\" data-widget_type=\"text-editor.default\">\n\t\t\t\t<div class=\"elementor-widget-container\">\n\t\t\t\t\t\t\t\t\t<p>Antilope, zebre, bivoli, porci mistre\u021bi. Leul este carnivor, iar dieta sa const\u0103 \u00een: antilope gnu, girafe, bivoli, zebre, gazele, roz\u0103toare,\u00a0iepuri, p\u0103s\u0103ri, reptile. Uneori acesta mai v\u00e2neaz\u0103 \u0219i pui de elefan\u021bi, rinoceri sau hipopotami. Leul nu se va da \u00een l\u0103turi nici de la a fura prada altor carnivore,\u00a0precum hiena. \u00cen timp ce \u00ee\u0219i urm\u0103re\u0219te prada, un leu poate parcurge o distan\u021b\u0103 de 100 de metri \u00een c\u00e2teva secunde.<\/p><p>Leul este un carnivor care, de obicei, v\u00e2neaz\u0103 \u00een grupuri, dar prada este ucis\u0103 de un leu individual. Ei adesea ucid mai mult dec\u00e2t este necesar. Femelele-mame au mai mult\u0103 dificultate \u00een a v\u00e2na dec\u00e2t celelalte femele, prin urmare, \u00een majoritatea cazurilor, femelele sunt cele care v\u00e2neaz\u0103.\u00a0<\/p><p>Leul african m\u0103n\u00e2nc\u0103 cele mai comune ungulate mari din zon\u0103. Unii tind s\u0103 aib\u0103 propriile preferin\u021be alimentare, s\u0103 vizeze prad\u0103 mare, cum ar fi bivoli, girafe etc. Leii care nu reu\u0219esc s\u0103 captureze prad\u0103 mare vor m\u00e2nca p\u0103s\u0103ri, roz\u0103toare, pe\u0219ti, ou\u0103 de stru\u021b, amfibieni \u0219i reptile.<\/p>\t\t\t\t\t\t\t\t<\/div>\n\t\t\t\t<\/div>\n\t\t\t\t<\/div>\n\t\t<div class=\"elementor-element elementor-element-2d124929 e-con-full animated-slow e-flex elementor-invisible e-con e-child\" data-id=\"2d124929\" data-element_type=\"container\" data-e-type=\"container\" data-settings=\"{&quot;animation&quot;:&quot;fadeInRight&quot;}\">\n\t\t\t\t<div class=\"elementor-element elementor-element-1f98ff42 elementor-widget elementor-widget-heading\" data-id=\"1f98ff42\" data-element_type=\"widget\" data-e-type=\"widget\" data-widget_type=\"heading.default\">\n\t\t\t\t<div class=\"elementor-widget-container\">\n\t\t\t\t\t<h1 class=\"elementor-heading-title elementor-size-default\">Conservare:<\/h1>\t\t\t\t<\/div>\n\t\t\t\t<\/div>\n\t\t\t\t<div class=\"elementor-element elementor-element-5fc4917f elementor-widget elementor-widget-text-editor\" data-id=\"5fc4917f\" data-element_type=\"widget\" data-e-type=\"widget\" data-widget_type=\"text-editor.default\">\n\t\t\t\t<div class=\"elementor-widget-container\">\n\t\t\t\t\t\t\t\t\t<p>Vulnerabil din cauza braconajului \u0219i a pierderii habitatului. Num\u0103rul exemplarelor de lei a suferit o sc\u0103dere de aproximativ 43% \u00een ultimii 21 ani (aproximativ 3 genera\u021bii de lei, 1993 \u2013 2014).<\/p><p>Panthera leo leo (leii barbari) \u0219i P.I. melanochaita (leii cape) sunt dou\u0103 subspecii disp\u0103rute ale leului african.<\/p><p>La nivel interna\u021bional se urm\u0103resc solu\u021bii adaptate pentru crearea leg\u0103turilor \u00eentre rezerva\u021biile s\u0103lbatice, pentru a evita pierderea viabilit\u0103\u021bii genetice a speciei.<\/p><p>Leii asiatici, P.I. persica, se limiteaz\u0103 la o popula\u021bie din rezerva\u021bia forestier\u0103 Gir din India, alc\u0103tuit\u0103 din mai pu\u021bin de 200 de indivizi maturi.\u00a0<\/p><p>Sanctuarul din Palpur-Kuno Wildlife din nord-vestul statului Madhya Pradesh a fost identificat ca un poten\u021bial habitat de reintroducere a acestei specii \u00een India. Amenin\u021b\u0103rile speciei \u00een P\u0103durea Gir din India includ \u0219i proximitatea oamenilor \u0219i degradarea habitatelor.<\/p>\t\t\t\t\t\t\t\t<\/div>\n\t\t\t\t<\/div>\n\t\t\t\t<\/div>\n\t\t\t\t\t<\/div>\n\t\t\t\t<\/div>\n\t\t<div class=\"elementor-element elementor-element-7dfe044 e-flex e-con-boxed e-con e-parent\" data-id=\"7dfe044\" data-element_type=\"container\" data-e-type=\"container\">\n\t\t\t\t\t<div class=\"e-con-inner\">\n\t\t\t\t<div class=\"elementor-element elementor-element-122b5a0 elementor-widget elementor-widget-video\" data-id=\"122b5a0\" data-element_type=\"widget\" data-e-type=\"widget\" data-settings=\"{&quot;video_type&quot;:&quot;hosted&quot;,&quot;controls&quot;:&quot;yes&quot;}\" data-widget_type=\"video.default\">\n\t\t\t\t<div class=\"elementor-widget-container\">\n\t\t\t\t\t\t\t<div class=\"e-hosted-video elementor-wrapper elementor-open-inline\">\n\t\t\t\t\t<video class=\"elementor-video\" src=\"https:\/\/bucurestizoo.ro\/wp-content\/uploads\/2025\/02\/video-leu.mp4\" controls=\"\" preload=\"metadata\" controlslist=\"nodownload\"><\/video>\n\t\t\t\t<\/div>\n\t\t\t\t\t\t<\/div>\n\t\t\t\t<\/div>\n\t\t\t\t\t<\/div>\n\t\t\t\t<\/div>\n\t\t\t\t<\/div>","protected":false},"excerpt":{"rendered":"<p>Leul Denumire \u0219tiin\u021bific\u0103: Panthera leoOrdin: CarnivoraFamilie: FelidaeGen: PantheraSpecie: Panthera leoDistribu\u021bie: Africa, vestul IndieiDimensiuni: 1,4 &#8211; 2,5 m lungime (f\u0103r\u0103 coad\u0103), coada 60-100 cmGreutate: Masculi: 150-250 kg, Femele: 100-180 kgPerioada de gesta\u021bie: 110-120 zileNum\u0103r de pui: 1-4Speran\u021b\u0103 de via\u021b\u0103: 10 ani \u00een s\u0103lb\u0103ticie, \u00een captivitate mai mult General: Singura specie de feline care tr\u0103ie\u0219te \u00een grupuri &hellip; <a href=\"https:\/\/bucurestizoo.ro\/en\/leu\/\" class=\"more-link\">Continue reading <span class=\"screen-reader-text\">Leu<\/span><\/a><\/p>","protected":false},"author":1,"featured_media":0,"parent":0,"menu_order":0,"comment_status":"closed","ping_status":"closed","template":"","meta":{"_monsterinsights_skip_tracking":false,"_monsterinsights_sitenote_active":false,"_monsterinsights_sitenote_note":"","_monsterinsights_sitenote_category":0,"footnotes":""},"class_list":["post-11762","page","type-page","status-publish","hentry"],"aioseo_notices":[],"_links":{"self":[{"href":"https:\/\/bucurestizoo.ro\/en\/wp-json\/wp\/v2\/pages\/11762","targetHints":{"allow":["GET"]}}],"collection":[{"href":"https:\/\/bucurestizoo.ro\/en\/wp-json\/wp\/v2\/pages"}],"about":[{"href":"https:\/\/bucurestizoo.ro\/en\/wp-json\/wp\/v2\/types\/page"}],"author":[{"embeddable":true,"href":"https:\/\/bucurestizoo.ro\/en\/wp-json\/wp\/v2\/users\/1"}],"replies":[{"embeddable":true,"href":"https:\/\/bucurestizoo.ro\/en\/wp-json\/wp\/v2\/comments?post=11762"}],"version-history":[{"count":10,"href":"https:\/\/bucurestizoo.ro\/en\/wp-json\/wp\/v2\/pages\/11762\/revisions"}],"predecessor-version":[{"id":13373,"href":"https:\/\/bucurestizoo.ro\/en\/wp-json\/wp\/v2\/pages\/11762\/revisions\/13373"}],"wp:attachment":[{"href":"https:\/\/bucurestizoo.ro\/en\/wp-json\/wp\/v2\/media?parent=11762"}],"curies":[{"name":"wp","href":"https:\/\/api.w.org\/{rel}","templated":true}]}}