{"id":11760,"date":"2024-12-09T12:44:13","date_gmt":"2024-12-09T10:44:13","guid":{"rendered":"https:\/\/n1.bucurestizoo.ro\/?page_id=11760"},"modified":"2025-04-07T18:21:35","modified_gmt":"2025-04-07T16:21:35","slug":"lemur-rosu","status":"publish","type":"page","link":"https:\/\/bucurestizoo.ro\/en\/lemur-rosu\/","title":{"rendered":"Lemur ro\u0219u"},"content":{"rendered":"<div data-elementor-type=\"wp-page\" data-elementor-id=\"11760\" class=\"elementor elementor-11760\" data-elementor-post-type=\"page\">\n\t\t\t\t<div class=\"elementor-element elementor-element-1c66a911 e-flex e-con-boxed e-con e-parent\" data-id=\"1c66a911\" data-element_type=\"container\" data-e-type=\"container\" data-settings=\"{&quot;background_background&quot;:&quot;classic&quot;}\">\n\t\t\t\t\t<div class=\"e-con-inner\">\n\t\t<div class=\"elementor-element elementor-element-5dff890f e-con-full e-flex e-con e-child\" data-id=\"5dff890f\" data-element_type=\"container\" data-e-type=\"container\">\n\t\t<div class=\"elementor-element elementor-element-94eb101 e-con-full animated-slow e-flex elementor-invisible e-con e-child\" data-id=\"94eb101\" data-element_type=\"container\" data-e-type=\"container\" data-settings=\"{&quot;animation&quot;:&quot;fadeInLeft&quot;}\">\n\t\t\t\t<div class=\"elementor-element elementor-element-2d8894e4 elementor-widget elementor-widget-heading\" data-id=\"2d8894e4\" data-element_type=\"widget\" data-e-type=\"widget\" data-widget_type=\"heading.default\">\n\t\t\t\t<div class=\"elementor-widget-container\">\n\t\t\t\t\t<h1 class=\"elementor-heading-title elementor-size-default\">Lemur Ro\u0219u<\/h1>\t\t\t\t<\/div>\n\t\t\t\t<\/div>\n\t\t\t\t<div class=\"elementor-element elementor-element-4ef50fd elementor-widget elementor-widget-text-editor\" data-id=\"4ef50fd\" data-element_type=\"widget\" data-e-type=\"widget\" data-widget_type=\"text-editor.default\">\n\t\t\t\t<div class=\"elementor-widget-container\">\n\t\t\t\t\t\t\t\t\t<p><strong>Nume \u0219tiin\u021bific:<\/strong> <em>Varecia rubra<\/em><br \/><strong>Clasa:<\/strong> Mammalia<br \/><strong>Ordin:<\/strong> Primates<br \/><strong>Familie:<\/strong> Lemuridae<br \/><strong>Gen:<\/strong> <em>Varecia<\/em><br \/><strong>Specie:<\/strong> <em>Varecia rubra<\/em><br \/><strong>Distribu\u021bie:<\/strong> Partea nord-estic\u0103 a Madagascarului, \u00een principal \u00een Rezerva\u021bia Biosferei Masoala.<br \/><strong>Dimensiuni:<\/strong> Lungime corporal\u0103: 50\u201355 cm; coada: 60\u201365 cm<br \/><strong>Greutate:<\/strong> 3,3\u20134,5 kg<br \/><strong>Durata gesta\u0163iei:<\/strong> Aproximativ 102 zile<br \/><strong>Num\u0103r pui la na\u0219tere:<\/strong> 1\u20136 pui (de obicei 2\u20133)<br \/><strong>Speran\u021ba de via\u0163\u0103:<\/strong> 15\u201320 ani \u00een s\u0103lb\u0103ticie, p\u00e2n\u0103 la 25 de ani \u00een captivitate<\/p>\t\t\t\t\t\t\t\t<\/div>\n\t\t\t\t<\/div>\n\t\t\t\t<\/div>\n\t\t\t\t<div class=\"elementor-element elementor-element-2c837d24 elementor-widget-tablet__width-inherit animated-slow elementor-invisible elementor-widget elementor-widget-image\" data-id=\"2c837d24\" data-element_type=\"widget\" data-e-type=\"widget\" data-settings=\"{&quot;_animation&quot;:&quot;fadeInRight&quot;}\" data-widget_type=\"image.default\">\n\t\t\t\t<div class=\"elementor-widget-container\">\n\t\t\t\t\t\t\t\t\t\t\t\t\t\t\t<img fetchpriority=\"high\" decoding=\"async\" width=\"669\" height=\"1024\" src=\"https:\/\/bucurestizoo.ro\/wp-content\/uploads\/2024\/12\/lemur-5-669x1024.png\" class=\"attachment-large size-large wp-image-12038\" alt=\"\" srcset=\"https:\/\/bucurestizoo.ro\/wp-content\/uploads\/2024\/12\/lemur-5-669x1024.png 669w, https:\/\/bucurestizoo.ro\/wp-content\/uploads\/2024\/12\/lemur-5-196x300.png 196w, https:\/\/bucurestizoo.ro\/wp-content\/uploads\/2024\/12\/lemur-5-768x1176.png 768w, https:\/\/bucurestizoo.ro\/wp-content\/uploads\/2024\/12\/lemur-5-333x510.png 333w, https:\/\/bucurestizoo.ro\/wp-content\/uploads\/2024\/12\/lemur-5.png 856w\" sizes=\"(max-width: 669px) 100vw, 669px\" data-id=\"12038\" \/>\t\t\t\t\t\t\t\t\t\t\t\t\t\t\t<\/div>\n\t\t\t\t<\/div>\n\t\t\t\t<\/div>\n\t\t\t\t\t<\/div>\n\t\t\t\t<\/div>\n\t\t<div class=\"elementor-element elementor-element-4bce75d0 animated-slow e-flex e-con-boxed elementor-invisible e-con e-parent\" data-id=\"4bce75d0\" data-element_type=\"container\" data-e-type=\"container\" data-settings=\"{&quot;animation&quot;:&quot;fadeInLeft&quot;}\">\n\t\t\t\t\t<div class=\"e-con-inner\">\n\t\t\t\t<div class=\"elementor-element elementor-element-18d1c8ca elementor-widget elementor-widget-heading\" data-id=\"18d1c8ca\" data-element_type=\"widget\" data-e-type=\"widget\" data-widget_type=\"heading.default\">\n\t\t\t\t<div class=\"elementor-widget-container\">\n\t\t\t\t\t<h1 class=\"elementor-heading-title elementor-size-default\">General:<\/h1>\t\t\t\t<\/div>\n\t\t\t\t<\/div>\n\t\t\t\t<div class=\"elementor-element elementor-element-4fc191d elementor-widget elementor-widget-text-editor\" data-id=\"4fc191d\" data-element_type=\"widget\" data-e-type=\"widget\" data-widget_type=\"text-editor.default\">\n\t\t\t\t<div class=\"elementor-widget-container\">\n\t\t\t\t\t\t\t\t\t<p>Lemurul ro\u0219u, sau lemurul cu mantie ro\u0219ie, este o specie carismatic\u0103 de lemur, recunoscut pentru blana sa de culoare ro\u0219u intens \u0219i fa\u021ba neagr\u0103 cu ochi lumino\u0219i. Este o specie diurn\u0103 \u0219i arboricol\u0103, petrec\u00e2nd cea mai mare parte a timpului \u00een copaci.<\/p><p>Aceast\u0103 specie are un comportament social complex, tr\u0103ind \u00een grupuri mici \u0219i comunic\u00e2nd printr-o gam\u0103 variat\u0103 de sunete \u0219i semnale vizuale. Lemurul ro\u0219u este unul dintre cei mai mari lemuri din Madagascar.<\/p>\t\t\t\t\t\t\t\t<\/div>\n\t\t\t\t<\/div>\n\t\t\t\t\t<\/div>\n\t\t\t\t<\/div>\n\t\t<div class=\"elementor-element elementor-element-73bc3c6e e-flex e-con-boxed e-con e-parent\" data-id=\"73bc3c6e\" data-element_type=\"container\" data-e-type=\"container\">\n\t\t\t\t\t<div class=\"e-con-inner\">\n\t\t\t\t<div class=\"elementor-element elementor-element-5bf429d2 elementor-widget elementor-widget-gallery\" data-id=\"5bf429d2\" data-element_type=\"widget\" data-e-type=\"widget\" data-settings=\"{&quot;columns&quot;:2,&quot;lazyload&quot;:&quot;yes&quot;,&quot;gallery_layout&quot;:&quot;grid&quot;,&quot;columns_tablet&quot;:2,&quot;columns_mobile&quot;:1,&quot;gap&quot;:{&quot;unit&quot;:&quot;px&quot;,&quot;size&quot;:10,&quot;sizes&quot;:[]},&quot;gap_tablet&quot;:{&quot;unit&quot;:&quot;px&quot;,&quot;size&quot;:10,&quot;sizes&quot;:[]},&quot;gap_mobile&quot;:{&quot;unit&quot;:&quot;px&quot;,&quot;size&quot;:10,&quot;sizes&quot;:[]},&quot;link_to&quot;:&quot;file&quot;,&quot;aspect_ratio&quot;:&quot;3:2&quot;,&quot;overlay_background&quot;:&quot;yes&quot;,&quot;content_hover_animation&quot;:&quot;fade-in&quot;}\" data-widget_type=\"gallery.default\">\n\t\t\t\t<div class=\"elementor-widget-container\">\n\t\t\t\t\t\t\t<div class=\"elementor-gallery__container\">\n\t\t\t\t\t\t\t<a class=\"e-gallery-item elementor-gallery-item elementor-animated-content\" href=\"https:\/\/bucurestizoo.ro\/wp-content\/uploads\/2024\/12\/lemur-rosu.jpg\" data-elementor-open-lightbox=\"yes\" data-elementor-lightbox-slideshow=\"5bf429d2\" data-elementor-lightbox-title=\"lemur rosu\" data-e-action-hash=\"#elementor-action%3Aaction%3Dlightbox%26settings%3DeyJpZCI6MTE0NzEsInVybCI6Imh0dHBzOlwvXC9idWN1cmVzdGl6b28ucm9cL3dwLWNvbnRlbnRcL3VwbG9hZHNcLzIwMjRcLzEyXC9sZW11ci1yb3N1LmpwZyIsInNsaWRlc2hvdyI6IjViZjQyOWQyIn0%3D\">\n\t\t\t\t\t<div class=\"e-gallery-image elementor-gallery-item__image\" data-thumbnail=\"https:\/\/bucurestizoo.ro\/wp-content\/uploads\/2024\/12\/lemur-rosu.jpg\" data-width=\"847\" data-height=\"560\" aria-label=\"\" role=\"img\" ><\/div>\n\t\t\t\t\t\t\t\t\t\t\t<div class=\"elementor-gallery-item__overlay\"><\/div>\n\t\t\t\t\t\t\t\t\t\t\t\t\t\t<\/a>\n\t\t\t\t\t\t\t<a class=\"e-gallery-item elementor-gallery-item elementor-animated-content\" href=\"https:\/\/bucurestizoo.ro\/wp-content\/uploads\/2024\/12\/lemur-2-1.jpg\" data-elementor-open-lightbox=\"yes\" data-elementor-lightbox-slideshow=\"5bf429d2\" data-elementor-lightbox-title=\"lemur-2\" data-e-action-hash=\"#elementor-action%3Aaction%3Dlightbox%26settings%3DeyJpZCI6MTIwMzksInVybCI6Imh0dHBzOlwvXC9idWN1cmVzdGl6b28ucm9cL3dwLWNvbnRlbnRcL3VwbG9hZHNcLzIwMjRcLzEyXC9sZW11ci0yLTEuanBnIiwic2xpZGVzaG93IjoiNWJmNDI5ZDIifQ%3D%3D\">\n\t\t\t\t\t<div class=\"e-gallery-image elementor-gallery-item__image\" data-thumbnail=\"https:\/\/bucurestizoo.ro\/wp-content\/uploads\/2024\/12\/lemur-2-1.jpg\" data-width=\"847\" data-height=\"560\" aria-label=\"\" role=\"img\" ><\/div>\n\t\t\t\t\t\t\t\t\t\t\t<div class=\"elementor-gallery-item__overlay\"><\/div>\n\t\t\t\t\t\t\t\t\t\t\t\t\t\t<\/a>\n\t\t\t\t\t<\/div>\n\t\t\t\t\t<\/div>\n\t\t\t\t<\/div>\n\t\t\t\t\t<\/div>\n\t\t\t\t<\/div>\n\t\t<div class=\"elementor-element elementor-element-12e1996f animated-slow e-flex e-con-boxed elementor-invisible e-con e-parent\" data-id=\"12e1996f\" data-element_type=\"container\" data-e-type=\"container\" data-settings=\"{&quot;animation&quot;:&quot;fadeInRight&quot;}\">\n\t\t\t\t\t<div class=\"e-con-inner\">\n\t\t\t\t<div class=\"elementor-element elementor-element-22252bae elementor-widget elementor-widget-heading\" data-id=\"22252bae\" data-element_type=\"widget\" data-e-type=\"widget\" data-widget_type=\"heading.default\">\n\t\t\t\t<div class=\"elementor-widget-container\">\n\t\t\t\t\t<h1 class=\"elementor-heading-title elementor-size-default\">Habitat:<\/h1>\t\t\t\t<\/div>\n\t\t\t\t<\/div>\n\t\t\t\t<div class=\"elementor-element elementor-element-4967be36 elementor-widget elementor-widget-text-editor\" data-id=\"4967be36\" data-element_type=\"widget\" data-e-type=\"widget\" data-widget_type=\"text-editor.default\">\n\t\t\t\t<div class=\"elementor-widget-container\">\n\t\t\t\t\t\t\t\t\t<div class=\"et_pb_column et_pb_column_4_4 et_pb_column_20 et_pb_css_mix_blend_mode_passthrough et-last-child\"><div class=\"et_pb_module et_pb_text et_pb_text_11 et_pb_bg_layout_light et_pb_text_align_left\"><div class=\"et_pb_text_inner\"><p>Lemurul ro\u0219u tr\u0103ie\u0219te \u00een p\u0103durile tropicale umede din nord-estul Madagascarului. Habitatul s\u0103u include copaci \u00eenal\u021bi, unde \u00ee\u0219i g\u0103se\u0219te hrana \u0219i locuri pentru odihn\u0103. Este puternic dependent de p\u0103durile dense \u0219i nefragmentate pentru a supravie\u021bui.<\/p><\/div><\/div><\/div>\t\t\t\t\t\t\t\t<\/div>\n\t\t\t\t<\/div>\n\t\t\t\t\t<\/div>\n\t\t\t\t<\/div>\n\t\t<div class=\"elementor-element elementor-element-77f87558 e-grid e-con-boxed e-con e-parent\" data-id=\"77f87558\" data-element_type=\"container\" data-e-type=\"container\">\n\t\t\t\t\t<div class=\"e-con-inner\">\n\t\t<div class=\"elementor-element elementor-element-2b561085 e-con-full animated-slow e-flex elementor-invisible e-con e-child\" data-id=\"2b561085\" data-element_type=\"container\" data-e-type=\"container\" data-settings=\"{&quot;animation&quot;:&quot;fadeInLeft&quot;}\">\n\t\t\t\t<div class=\"elementor-element elementor-element-4b43dd1d elementor-widget elementor-widget-heading\" data-id=\"4b43dd1d\" data-element_type=\"widget\" data-e-type=\"widget\" data-widget_type=\"heading.default\">\n\t\t\t\t<div class=\"elementor-widget-container\">\n\t\t\t\t\t<h1 class=\"elementor-heading-title elementor-size-default\">Hran\u0103:<\/h1>\t\t\t\t<\/div>\n\t\t\t\t<\/div>\n\t\t\t\t<div class=\"elementor-element elementor-element-4ee0ddb6 elementor-widget elementor-widget-text-editor\" data-id=\"4ee0ddb6\" data-element_type=\"widget\" data-e-type=\"widget\" data-widget_type=\"text-editor.default\">\n\t\t\t\t<div class=\"elementor-widget-container\">\n\t\t\t\t\t\t\t\t\t<div class=\"et_pb_module et_pb_text et_pb_text_7 et_pb_bg_layout_light et_pb_text_align_left\"><div class=\"et_pb_text_inner\"><p>Lemurul ro\u0219u este \u00een principal frugivor, consum\u00e2nd o diet\u0103 bogat\u0103 \u00een fructe. De asemenea, m\u0103n\u00e2nc\u0103 nectar, flori, frunze \u0219i ocazional insecte. Joac\u0103 un rol ecologic esen\u021bial ca polenizator \u0219i dispersor de semin\u021be, ajut\u00e2nd la men\u021binerea biodiversit\u0103\u021bii p\u0103durilor tropicale.<\/p><p>\u00cen captivitate, dieta lor include fructe proaspete, legume, frunze \u0219i suplimente proteice.<\/p><\/div><\/div>\t\t\t\t\t\t\t\t<\/div>\n\t\t\t\t<\/div>\n\t\t\t\t<\/div>\n\t\t<div class=\"elementor-element elementor-element-425f9876 e-con-full animated-slow e-flex elementor-invisible e-con e-child\" data-id=\"425f9876\" data-element_type=\"container\" data-e-type=\"container\" data-settings=\"{&quot;animation&quot;:&quot;fadeInRight&quot;}\">\n\t\t\t\t<div class=\"elementor-element elementor-element-27c096d9 elementor-widget elementor-widget-heading\" data-id=\"27c096d9\" data-element_type=\"widget\" data-e-type=\"widget\" data-widget_type=\"heading.default\">\n\t\t\t\t<div class=\"elementor-widget-container\">\n\t\t\t\t\t<h1 class=\"elementor-heading-title elementor-size-default\">Conservare:<\/h1>\t\t\t\t<\/div>\n\t\t\t\t<\/div>\n\t\t\t\t<div class=\"elementor-element elementor-element-4b09dcb6 elementor-widget elementor-widget-text-editor\" data-id=\"4b09dcb6\" data-element_type=\"widget\" data-e-type=\"widget\" data-widget_type=\"text-editor.default\">\n\t\t\t\t<div class=\"elementor-widget-container\">\n\t\t\t\t\t\t\t\t\t<p>Lemurul ro\u0219u este clasificat ca \u201eCritically Endangered\u201d pe lista ro\u0219ie a IUCN. Principalele amenin\u021b\u0103ri sunt pierderea habitatului prin defri\u0219\u0103ri, agricultura extensiv\u0103 \u0219i exploatarea forestier\u0103, precum \u0219i v\u00e2n\u0103toarea ilegal\u0103.<\/p><p>Protejarea p\u0103durilor tropicale r\u0103mase \u0219i crearea de coridoare ecologice sunt esen\u021biale pentru conservarea acestei specii. Programele de reproducere \u00een captivitate \u0219i ecoturismul responsabil ajut\u0103 la sensibilizarea publicului cu privire la importan\u021ba lor.<\/p>\t\t\t\t\t\t\t\t<\/div>\n\t\t\t\t<\/div>\n\t\t\t\t<\/div>\n\t\t\t\t\t<\/div>\n\t\t\t\t<\/div>\n\t\t\t\t<\/div>","protected":false},"excerpt":{"rendered":"<p>Lemur Ro\u0219u Nume \u0219tiin\u021bific: Varecia rubraClasa: MammaliaOrdin: PrimatesFamilie: LemuridaeGen: VareciaSpecie: Varecia rubraDistribu\u021bie: Partea nord-estic\u0103 a Madagascarului, \u00een principal \u00een Rezerva\u021bia Biosferei Masoala.Dimensiuni: Lungime corporal\u0103: 50\u201355 cm; coada: 60\u201365 cmGreutate: 3,3\u20134,5 kgDurata gesta\u0163iei: Aproximativ 102 zileNum\u0103r pui la na\u0219tere: 1\u20136 pui (de obicei 2\u20133)Speran\u021ba de via\u0163\u0103: 15\u201320 ani \u00een s\u0103lb\u0103ticie, p\u00e2n\u0103 la 25 de ani \u00een &hellip; <a href=\"https:\/\/bucurestizoo.ro\/en\/lemur-rosu\/\" class=\"more-link\">Continue reading <span class=\"screen-reader-text\">Lemur ro\u0219u<\/span><\/a><\/p>","protected":false},"author":1,"featured_media":0,"parent":0,"menu_order":0,"comment_status":"closed","ping_status":"closed","template":"","meta":{"_monsterinsights_skip_tracking":false,"_monsterinsights_sitenote_active":false,"_monsterinsights_sitenote_note":"","_monsterinsights_sitenote_category":0,"footnotes":""},"class_list":["post-11760","page","type-page","status-publish","hentry"],"aioseo_notices":[],"_links":{"self":[{"href":"https:\/\/bucurestizoo.ro\/en\/wp-json\/wp\/v2\/pages\/11760","targetHints":{"allow":["GET"]}}],"collection":[{"href":"https:\/\/bucurestizoo.ro\/en\/wp-json\/wp\/v2\/pages"}],"about":[{"href":"https:\/\/bucurestizoo.ro\/en\/wp-json\/wp\/v2\/types\/page"}],"author":[{"embeddable":true,"href":"https:\/\/bucurestizoo.ro\/en\/wp-json\/wp\/v2\/users\/1"}],"replies":[{"embeddable":true,"href":"https:\/\/bucurestizoo.ro\/en\/wp-json\/wp\/v2\/comments?post=11760"}],"version-history":[{"count":7,"href":"https:\/\/bucurestizoo.ro\/en\/wp-json\/wp\/v2\/pages\/11760\/revisions"}],"predecessor-version":[{"id":15371,"href":"https:\/\/bucurestizoo.ro\/en\/wp-json\/wp\/v2\/pages\/11760\/revisions\/15371"}],"wp:attachment":[{"href":"https:\/\/bucurestizoo.ro\/en\/wp-json\/wp\/v2\/media?parent=11760"}],"curies":[{"name":"wp","href":"https:\/\/api.w.org\/{rel}","templated":true}]}}