{"id":11754,"date":"2024-12-09T12:42:57","date_gmt":"2024-12-09T10:42:57","guid":{"rendered":"https:\/\/n1.bucurestizoo.ro\/?page_id=11754"},"modified":"2025-04-05T01:55:31","modified_gmt":"2025-04-04T23:55:31","slug":"kinkajou","status":"publish","type":"page","link":"https:\/\/bucurestizoo.ro\/en\/kinkajou\/","title":{"rendered":"Kinkajou"},"content":{"rendered":"<div data-elementor-type=\"wp-page\" data-elementor-id=\"11754\" class=\"elementor elementor-11754\" data-elementor-post-type=\"page\">\n\t\t\t\t<div class=\"elementor-element elementor-element-12a1801e e-flex e-con-boxed e-con e-parent\" data-id=\"12a1801e\" data-element_type=\"container\" data-e-type=\"container\" data-settings=\"{&quot;background_background&quot;:&quot;classic&quot;}\">\n\t\t\t\t\t<div class=\"e-con-inner\">\n\t\t<div class=\"elementor-element elementor-element-6c81639d e-con-full e-flex e-con e-child\" data-id=\"6c81639d\" data-element_type=\"container\" data-e-type=\"container\">\n\t\t<div class=\"elementor-element elementor-element-223138bb e-con-full animated-slow e-flex elementor-invisible e-con e-child\" data-id=\"223138bb\" data-element_type=\"container\" data-e-type=\"container\" data-settings=\"{&quot;animation&quot;:&quot;fadeInLeft&quot;}\">\n\t\t\t\t<div class=\"elementor-element elementor-element-1f2eb8e7 elementor-widget elementor-widget-heading\" data-id=\"1f2eb8e7\" data-element_type=\"widget\" data-e-type=\"widget\" data-widget_type=\"heading.default\">\n\t\t\t\t<div class=\"elementor-widget-container\">\n\t\t\t\t\t<h1 class=\"elementor-heading-title elementor-size-default\">Kinkajou<\/h1>\t\t\t\t<\/div>\n\t\t\t\t<\/div>\n\t\t\t\t<div class=\"elementor-element elementor-element-106414ce elementor-widget elementor-widget-text-editor\" data-id=\"106414ce\" data-element_type=\"widget\" data-e-type=\"widget\" data-widget_type=\"text-editor.default\">\n\t\t\t\t<div class=\"elementor-widget-container\">\n\t\t\t\t\t\t\t\t\t<p class=\"\" data-start=\"0\" data-end=\"259\"><strong data-start=\"0\" data-end=\"20\">Nume \u0219tiin\u021bific:<\/strong> Potos flavus<br data-start=\"33\" data-end=\"36\" \/><strong data-start=\"36\" data-end=\"46\">Clasa:<\/strong> Mammalia<br data-start=\"55\" data-end=\"58\" data-is-only-node=\"\" \/><strong data-start=\"58\" data-end=\"68\">Ordin:<\/strong> Carnivora<br data-start=\"78\" data-end=\"81\" \/><strong data-start=\"81\" data-end=\"93\">Familie:<\/strong> Procyonidae<br data-start=\"105\" data-end=\"108\" \/><strong data-start=\"108\" data-end=\"116\">Gen:<\/strong> Potos<br data-start=\"122\" data-end=\"125\" \/><strong data-start=\"125\" data-end=\"136\">Specie:<\/strong> Potos flavus<br data-start=\"149\" data-end=\"152\" \/><strong data-start=\"152\" data-end=\"168\">Distribu\u021bie:<\/strong> P\u0103durile tropicale din America Central\u0103 \u0219i de Sud \u2013 din sudul Mexicului p\u00e2n\u0103 \u00een Brazilia<\/p><p class=\"\" data-start=\"261\" data-end=\"343\"><strong data-start=\"261\" data-end=\"276\">Dimensiuni:<\/strong><br data-start=\"276\" data-end=\"279\" \/>\u2013 Lungime corporal\u0103: 40\u201360 cm (f\u0103r\u0103 coad\u0103)<br data-start=\"321\" data-end=\"324\" \/>\u2013 Coada: 40\u201355 cm<\/p><p class=\"\" data-start=\"345\" data-end=\"528\"><strong data-start=\"345\" data-end=\"358\">Greutate:<\/strong> 1,4\u20134,6 kg<br data-start=\"369\" data-end=\"372\" \/><strong data-start=\"372\" data-end=\"393\">Durata gesta\u021biei:<\/strong> 112\u2013118 zile<br data-start=\"406\" data-end=\"409\" data-is-only-node=\"\" \/><strong data-start=\"409\" data-end=\"434\">Num\u0103r pui la na\u0219tere:<\/strong> 1\u20132 pui<br data-start=\"442\" data-end=\"445\" \/><strong data-start=\"445\" data-end=\"467\">Speran\u021ba de via\u021b\u0103:<\/strong> Aproximativ 15 ani \u00een s\u0103lb\u0103ticie; 20\u201325 ani \u00een captivitate<\/p>\t\t\t\t\t\t\t\t<\/div>\n\t\t\t\t<\/div>\n\t\t\t\t<\/div>\n\t\t\t\t<div class=\"elementor-element elementor-element-105ed9c6 elementor-widget-tablet__width-inherit animated-slow elementor-invisible elementor-widget elementor-widget-image\" data-id=\"105ed9c6\" data-element_type=\"widget\" data-e-type=\"widget\" data-settings=\"{&quot;_animation&quot;:&quot;fadeInRight&quot;}\" data-widget_type=\"image.default\">\n\t\t\t\t<div class=\"elementor-widget-container\">\n\t\t\t\t\t\t\t\t\t\t\t\t\t\t\t<img fetchpriority=\"high\" decoding=\"async\" width=\"847\" height=\"532\" src=\"https:\/\/bucurestizoo.ro\/wp-content\/uploads\/2025\/03\/kinkajou-dt_2-Large-1024x643.jpeg\" class=\"attachment-large size-large wp-image-14220\" alt=\"\" srcset=\"https:\/\/bucurestizoo.ro\/wp-content\/uploads\/2025\/03\/kinkajou-dt_2-Large-1024x643.jpeg 1024w, https:\/\/bucurestizoo.ro\/wp-content\/uploads\/2025\/03\/kinkajou-dt_2-Large-300x188.jpeg 300w, https:\/\/bucurestizoo.ro\/wp-content\/uploads\/2025\/03\/kinkajou-dt_2-Large-768x482.jpeg 768w, https:\/\/bucurestizoo.ro\/wp-content\/uploads\/2025\/03\/kinkajou-dt_2-Large-478x300.jpeg 478w, https:\/\/bucurestizoo.ro\/wp-content\/uploads\/2025\/03\/kinkajou-dt_2-Large-650x408.jpeg 650w, https:\/\/bucurestizoo.ro\/wp-content\/uploads\/2025\/03\/kinkajou-dt_2-Large.jpeg 1280w\" sizes=\"(max-width: 847px) 100vw, 847px\" data-id=\"14220\" \/>\t\t\t\t\t\t\t\t\t\t\t\t\t\t\t<\/div>\n\t\t\t\t<\/div>\n\t\t\t\t<\/div>\n\t\t\t\t\t<\/div>\n\t\t\t\t<\/div>\n\t\t<div class=\"elementor-element elementor-element-34e453e3 animated-slow e-flex e-con-boxed elementor-invisible e-con e-parent\" data-id=\"34e453e3\" data-element_type=\"container\" data-e-type=\"container\" data-settings=\"{&quot;animation&quot;:&quot;fadeInLeft&quot;}\">\n\t\t\t\t\t<div class=\"e-con-inner\">\n\t\t\t\t<div class=\"elementor-element elementor-element-79ba6c21 elementor-widget elementor-widget-heading\" data-id=\"79ba6c21\" data-element_type=\"widget\" data-e-type=\"widget\" data-widget_type=\"heading.default\">\n\t\t\t\t<div class=\"elementor-widget-container\">\n\t\t\t\t\t<h1 class=\"elementor-heading-title elementor-size-default\">General:<\/h1>\t\t\t\t<\/div>\n\t\t\t\t<\/div>\n\t\t\t\t<div class=\"elementor-element elementor-element-12cfbe7e elementor-widget elementor-widget-text-editor\" data-id=\"12cfbe7e\" data-element_type=\"widget\" data-e-type=\"widget\" data-widget_type=\"text-editor.default\">\n\t\t\t\t<div class=\"elementor-widget-container\">\n\t\t\t\t\t\t\t\t\t<p>Kinkajou, cunoscut \u0219i sub numele de &#8222;ursule\u021bul mierii,&#8221; este un mamifer arboricol din familia Procyonidae, fiind \u00eenrudit cu ratonii. Este renumit pentru coada sa prehensil\u0103, folosit\u0103 pentru a se ag\u0103\u021ba de crengi \u0219i pentru a-\u0219i men\u021bine echilibrul \u00een copaci.<\/p><p>Blana sa este dens\u0103 \u0219i catifelat\u0103, de culoare aurie sau maro, oferind o bun\u0103 izolare termic\u0103. Kinkajou este un animal nocturn, activ mai ales noaptea, c\u00e2nd \u00ee\u0219i caut\u0103 hran\u0103. Este un animal solitar, de\u0219i ocazional poate fi observat hr\u0103nindu-se \u00een grupuri mici.<\/p>\t\t\t\t\t\t\t\t<\/div>\n\t\t\t\t<\/div>\n\t\t\t\t\t<\/div>\n\t\t\t\t<\/div>\n\t\t<div class=\"elementor-element elementor-element-4b132c7f e-flex e-con-boxed e-con e-parent\" data-id=\"4b132c7f\" data-element_type=\"container\" data-e-type=\"container\">\n\t\t\t\t\t<div class=\"e-con-inner\">\n\t\t\t\t<div class=\"elementor-element elementor-element-654e1e94 elementor-widget elementor-widget-gallery\" data-id=\"654e1e94\" data-element_type=\"widget\" data-e-type=\"widget\" data-settings=\"{&quot;columns&quot;:2,&quot;lazyload&quot;:&quot;yes&quot;,&quot;gallery_layout&quot;:&quot;grid&quot;,&quot;columns_tablet&quot;:2,&quot;columns_mobile&quot;:1,&quot;gap&quot;:{&quot;unit&quot;:&quot;px&quot;,&quot;size&quot;:10,&quot;sizes&quot;:[]},&quot;gap_tablet&quot;:{&quot;unit&quot;:&quot;px&quot;,&quot;size&quot;:10,&quot;sizes&quot;:[]},&quot;gap_mobile&quot;:{&quot;unit&quot;:&quot;px&quot;,&quot;size&quot;:10,&quot;sizes&quot;:[]},&quot;link_to&quot;:&quot;file&quot;,&quot;aspect_ratio&quot;:&quot;3:2&quot;,&quot;overlay_background&quot;:&quot;yes&quot;,&quot;content_hover_animation&quot;:&quot;fade-in&quot;}\" data-widget_type=\"gallery.default\">\n\t\t\t\t<div class=\"elementor-widget-container\">\n\t\t\t\t\t\t\t<div class=\"elementor-gallery__container\">\n\t\t\t\t\t\t\t<a class=\"e-gallery-item elementor-gallery-item elementor-animated-content\" href=\"https:\/\/bucurestizoo.ro\/wp-content\/uploads\/2025\/03\/kinkajou-dt_3-Large.jpeg\" data-elementor-open-lightbox=\"yes\" data-elementor-lightbox-slideshow=\"654e1e94\" data-elementor-lightbox-title=\"kinkajou dt_3 Large\" data-e-action-hash=\"#elementor-action%3Aaction%3Dlightbox%26settings%3DeyJpZCI6MTQyMjEsInVybCI6Imh0dHBzOlwvXC9idWN1cmVzdGl6b28ucm9cL3dwLWNvbnRlbnRcL3VwbG9hZHNcLzIwMjVcLzAzXC9raW5rYWpvdS1kdF8zLUxhcmdlLmpwZWciLCJzbGlkZXNob3ciOiI2NTRlMWU5NCJ9\">\n\t\t\t\t\t<div class=\"e-gallery-image elementor-gallery-item__image\" data-thumbnail=\"https:\/\/bucurestizoo.ro\/wp-content\/uploads\/2025\/03\/kinkajou-dt_3-Large-1024x682.jpeg\" data-width=\"847\" data-height=\"564\" aria-label=\"\" role=\"img\" ><\/div>\n\t\t\t\t\t\t\t\t\t\t\t<div class=\"elementor-gallery-item__overlay\"><\/div>\n\t\t\t\t\t\t\t\t\t\t\t\t\t\t<\/a>\n\t\t\t\t\t\t\t<a class=\"e-gallery-item elementor-gallery-item elementor-animated-content\" href=\"https:\/\/bucurestizoo.ro\/wp-content\/uploads\/2025\/03\/kinkajou-dt_1-Large.jpeg\" data-elementor-open-lightbox=\"yes\" data-elementor-lightbox-slideshow=\"654e1e94\" data-elementor-lightbox-title=\"kinkajou dt_1 Large\" data-e-action-hash=\"#elementor-action%3Aaction%3Dlightbox%26settings%3DeyJpZCI6MTQyMTksInVybCI6Imh0dHBzOlwvXC9idWN1cmVzdGl6b28ucm9cL3dwLWNvbnRlbnRcL3VwbG9hZHNcLzIwMjVcLzAzXC9raW5rYWpvdS1kdF8xLUxhcmdlLmpwZWciLCJzbGlkZXNob3ciOiI2NTRlMWU5NCJ9\">\n\t\t\t\t\t<div class=\"e-gallery-image elementor-gallery-item__image\" data-thumbnail=\"https:\/\/bucurestizoo.ro\/wp-content\/uploads\/2025\/03\/kinkajou-dt_1-Large-1024x682.jpeg\" data-width=\"847\" data-height=\"564\" aria-label=\"\" role=\"img\" ><\/div>\n\t\t\t\t\t\t\t\t\t\t\t<div class=\"elementor-gallery-item__overlay\"><\/div>\n\t\t\t\t\t\t\t\t\t\t\t\t\t\t<\/a>\n\t\t\t\t\t<\/div>\n\t\t\t\t\t<\/div>\n\t\t\t\t<\/div>\n\t\t\t\t\t<\/div>\n\t\t\t\t<\/div>\n\t\t<div class=\"elementor-element elementor-element-4cb3e860 animated-slow e-flex e-con-boxed elementor-invisible e-con e-parent\" data-id=\"4cb3e860\" data-element_type=\"container\" data-e-type=\"container\" data-settings=\"{&quot;animation&quot;:&quot;fadeInRight&quot;}\">\n\t\t\t\t\t<div class=\"e-con-inner\">\n\t\t\t\t<div class=\"elementor-element elementor-element-313a75a8 elementor-widget elementor-widget-heading\" data-id=\"313a75a8\" data-element_type=\"widget\" data-e-type=\"widget\" data-widget_type=\"heading.default\">\n\t\t\t\t<div class=\"elementor-widget-container\">\n\t\t\t\t\t<h1 class=\"elementor-heading-title elementor-size-default\">Habitat:<\/h1>\t\t\t\t<\/div>\n\t\t\t\t<\/div>\n\t\t\t\t<div class=\"elementor-element elementor-element-b29855b elementor-widget elementor-widget-text-editor\" data-id=\"b29855b\" data-element_type=\"widget\" data-e-type=\"widget\" data-widget_type=\"text-editor.default\">\n\t\t\t\t<div class=\"elementor-widget-container\">\n\t\t\t\t\t\t\t\t\t<p>Kinkajou tr\u0103ie\u0219te \u00een p\u0103durile tropicale \u0219i subtropicale, prefer\u00e2nd canopul\u0103 dens\u0103 unde se poate deplasa cu u\u0219urin\u021b\u0103 prin copaci. Este rar observat pe sol, petrec\u00e2ndu-\u0219i aproape \u00eentreaga via\u021b\u0103 \u00een arbori.<\/p>\t\t\t\t\t\t\t\t<\/div>\n\t\t\t\t<\/div>\n\t\t\t\t\t<\/div>\n\t\t\t\t<\/div>\n\t\t<div class=\"elementor-element elementor-element-6233062a e-grid e-con-boxed e-con e-parent\" data-id=\"6233062a\" data-element_type=\"container\" data-e-type=\"container\">\n\t\t\t\t\t<div class=\"e-con-inner\">\n\t\t<div class=\"elementor-element elementor-element-1159afb6 e-con-full animated-slow e-flex elementor-invisible e-con e-child\" data-id=\"1159afb6\" data-element_type=\"container\" data-e-type=\"container\" data-settings=\"{&quot;animation&quot;:&quot;fadeInLeft&quot;}\">\n\t\t\t\t<div class=\"elementor-element elementor-element-14bb8cca elementor-widget elementor-widget-heading\" data-id=\"14bb8cca\" data-element_type=\"widget\" data-e-type=\"widget\" data-widget_type=\"heading.default\">\n\t\t\t\t<div class=\"elementor-widget-container\">\n\t\t\t\t\t<h1 class=\"elementor-heading-title elementor-size-default\">Hran\u0103:<\/h1>\t\t\t\t<\/div>\n\t\t\t\t<\/div>\n\t\t\t\t<div class=\"elementor-element elementor-element-7a6d5da7 elementor-widget elementor-widget-text-editor\" data-id=\"7a6d5da7\" data-element_type=\"widget\" data-e-type=\"widget\" data-widget_type=\"text-editor.default\">\n\t\t\t\t<div class=\"elementor-widget-container\">\n\t\t\t\t\t\t\t\t\t<p>De\u0219i face parte din ordinul Carnivora, kinkajou este \u00een principal frugivor, consum\u00e2nd fructe dulci, nectar \u0219i miere. Este un important dispersor de semin\u021be, av\u00e2nd un rol crucial \u00een regenerarea p\u0103durilor tropicale. Se hr\u0103ne\u0219te \u0219i cu flori, insecte sau ocazional cu ou\u0103.<\/p><p>\u00cen captivitate, dieta kinkajou include fructe proaspete, legume, nectar artificial \u0219i suplimente proteice.<\/p>\t\t\t\t\t\t\t\t<\/div>\n\t\t\t\t<\/div>\n\t\t\t\t<\/div>\n\t\t<div class=\"elementor-element elementor-element-699b528c e-con-full animated-slow e-flex elementor-invisible e-con e-child\" data-id=\"699b528c\" data-element_type=\"container\" data-e-type=\"container\" data-settings=\"{&quot;animation&quot;:&quot;fadeInRight&quot;}\">\n\t\t\t\t<div class=\"elementor-element elementor-element-4c3f512a elementor-widget elementor-widget-heading\" data-id=\"4c3f512a\" data-element_type=\"widget\" data-e-type=\"widget\" data-widget_type=\"heading.default\">\n\t\t\t\t<div class=\"elementor-widget-container\">\n\t\t\t\t\t<h1 class=\"elementor-heading-title elementor-size-default\">Conservare:<\/h1>\t\t\t\t<\/div>\n\t\t\t\t<\/div>\n\t\t\t\t<div class=\"elementor-element elementor-element-3d0db7ae elementor-widget elementor-widget-text-editor\" data-id=\"3d0db7ae\" data-element_type=\"widget\" data-e-type=\"widget\" data-widget_type=\"text-editor.default\">\n\t\t\t\t<div class=\"elementor-widget-container\">\n\t\t\t\t\t\t\t\t\t<p>Kinkajou este clasificat ca &#8222;Least Concern&#8221; pe lista ro\u0219ie a IUCN, av\u00e2nd o popula\u021bie stabil\u0103 \u00een cea mai mare parte a arealului s\u0103u. Totu\u0219i, pierderea habitatului \u0219i capturarea pentru comer\u021bul ilegal de animale de companie reprezint\u0103 amenin\u021b\u0103ri locale.<\/p><p>Conservarea p\u0103durilor tropicale este esen\u021bial\u0103 pentru men\u021binerea popula\u021biei de kinkajou. Educarea publicului cu privire la rolul ecologic al acestei specii poate contribui la protejarea lor. <\/p>\t\t\t\t\t\t\t\t<\/div>\n\t\t\t\t<\/div>\n\t\t\t\t<\/div>\n\t\t\t\t\t<\/div>\n\t\t\t\t<\/div>\n\t\t\t\t<\/div>","protected":false},"excerpt":{"rendered":"<p>Kinkajou Nume \u0219tiin\u021bific: Potos flavusClasa: MammaliaOrdin: CarnivoraFamilie: ProcyonidaeGen: PotosSpecie: Potos flavusDistribu\u021bie: P\u0103durile tropicale din America Central\u0103 \u0219i de Sud \u2013 din sudul Mexicului p\u00e2n\u0103 \u00een Brazilia Dimensiuni:\u2013 Lungime corporal\u0103: 40\u201360 cm (f\u0103r\u0103 coad\u0103)\u2013 Coada: 40\u201355 cm Greutate: 1,4\u20134,6 kgDurata gesta\u021biei: 112\u2013118 zileNum\u0103r pui la na\u0219tere: 1\u20132 puiSperan\u021ba de via\u021b\u0103: Aproximativ 15 ani \u00een s\u0103lb\u0103ticie; 20\u201325 &hellip; <a href=\"https:\/\/bucurestizoo.ro\/en\/kinkajou\/\" class=\"more-link\">Continue reading <span class=\"screen-reader-text\">Kinkajou<\/span><\/a><\/p>","protected":false},"author":1,"featured_media":0,"parent":0,"menu_order":0,"comment_status":"closed","ping_status":"closed","template":"","meta":{"_monsterinsights_skip_tracking":false,"_monsterinsights_sitenote_active":false,"_monsterinsights_sitenote_note":"","_monsterinsights_sitenote_category":0,"footnotes":""},"class_list":["post-11754","page","type-page","status-publish","hentry"],"aioseo_notices":[],"_links":{"self":[{"href":"https:\/\/bucurestizoo.ro\/en\/wp-json\/wp\/v2\/pages\/11754","targetHints":{"allow":["GET"]}}],"collection":[{"href":"https:\/\/bucurestizoo.ro\/en\/wp-json\/wp\/v2\/pages"}],"about":[{"href":"https:\/\/bucurestizoo.ro\/en\/wp-json\/wp\/v2\/types\/page"}],"author":[{"embeddable":true,"href":"https:\/\/bucurestizoo.ro\/en\/wp-json\/wp\/v2\/users\/1"}],"replies":[{"embeddable":true,"href":"https:\/\/bucurestizoo.ro\/en\/wp-json\/wp\/v2\/comments?post=11754"}],"version-history":[{"count":7,"href":"https:\/\/bucurestizoo.ro\/en\/wp-json\/wp\/v2\/pages\/11754\/revisions"}],"predecessor-version":[{"id":14946,"href":"https:\/\/bucurestizoo.ro\/en\/wp-json\/wp\/v2\/pages\/11754\/revisions\/14946"}],"wp:attachment":[{"href":"https:\/\/bucurestizoo.ro\/en\/wp-json\/wp\/v2\/media?parent=11754"}],"curies":[{"name":"wp","href":"https:\/\/api.w.org\/{rel}","templated":true}]}}