{"id":11752,"date":"2024-12-09T12:42:27","date_gmt":"2024-12-09T10:42:27","guid":{"rendered":"https:\/\/n1.bucurestizoo.ro\/?page_id=11752"},"modified":"2025-04-04T23:00:11","modified_gmt":"2025-04-04T21:00:11","slug":"jaguar","status":"publish","type":"page","link":"https:\/\/bucurestizoo.ro\/en\/jaguar\/","title":{"rendered":"Jaguar"},"content":{"rendered":"<div data-elementor-type=\"wp-page\" data-elementor-id=\"11752\" class=\"elementor elementor-11752\" data-elementor-post-type=\"page\">\n\t\t\t\t<div class=\"elementor-element elementor-element-14c73a0 e-flex e-con-boxed e-con e-parent\" data-id=\"14c73a0\" data-element_type=\"container\" data-e-type=\"container\" data-settings=\"{&quot;background_background&quot;:&quot;classic&quot;}\">\n\t\t\t\t\t<div class=\"e-con-inner\">\n\t\t<div class=\"elementor-element elementor-element-928cf46 e-con-full e-flex e-con e-child\" data-id=\"928cf46\" data-element_type=\"container\" data-e-type=\"container\">\n\t\t<div class=\"elementor-element elementor-element-5f8259ba e-con-full animated-slow e-flex elementor-invisible e-con e-child\" data-id=\"5f8259ba\" data-element_type=\"container\" data-e-type=\"container\" data-settings=\"{&quot;animation&quot;:&quot;fadeInLeft&quot;}\">\n\t\t\t\t<div class=\"elementor-element elementor-element-7d02f81e elementor-widget elementor-widget-heading\" data-id=\"7d02f81e\" data-element_type=\"widget\" data-e-type=\"widget\" data-widget_type=\"heading.default\">\n\t\t\t\t<div class=\"elementor-widget-container\">\n\t\t\t\t\t<h1 class=\"elementor-heading-title elementor-size-default\">Jaguar<\/h1>\t\t\t\t<\/div>\n\t\t\t\t<\/div>\n\t\t\t\t<div class=\"elementor-element elementor-element-46cdb56e elementor-widget elementor-widget-text-editor\" data-id=\"46cdb56e\" data-element_type=\"widget\" data-e-type=\"widget\" data-widget_type=\"text-editor.default\">\n\t\t\t\t<div class=\"elementor-widget-container\">\n\t\t\t\t\t\t\t\t\t<p class=\"\" data-start=\"0\" data-end=\"293\"><strong data-start=\"0\" data-end=\"20\">Nume \u0219tiin\u021bific:<\/strong> Panthera onca<br data-start=\"34\" data-end=\"37\" \/><strong data-start=\"37\" data-end=\"47\">Clasa:<\/strong> Mammalia<br data-start=\"56\" data-end=\"59\" data-is-only-node=\"\" \/><strong data-start=\"59\" data-end=\"69\">Ordin:<\/strong> Carnivora<br data-start=\"79\" data-end=\"82\" \/><strong data-start=\"82\" data-end=\"94\">Familie:<\/strong> Felidae<br data-start=\"102\" data-end=\"105\" \/><strong data-start=\"105\" data-end=\"113\">Gen:<\/strong> Panthera<br data-start=\"122\" data-end=\"125\" \/><strong data-start=\"125\" data-end=\"136\">Specie:<\/strong> Panthera onca<br data-start=\"150\" data-end=\"153\" \/><strong data-start=\"153\" data-end=\"169\">Distribu\u021bie:<\/strong> America Central\u0103 \u0219i de Sud \u2013 din Mexic p\u00e2n\u0103 \u00een Argentina, cu cele mai mari popula\u021bii \u00een p\u0103durile tropicale ale Amazonului<\/p><p class=\"\" data-start=\"295\" data-end=\"379\"><strong data-start=\"295\" data-end=\"310\">Dimensiuni:<\/strong><br data-start=\"310\" data-end=\"313\" \/>\u2013 Lungime corporal\u0103: 112\u2013185 cm (f\u0103r\u0103 coad\u0103)<br data-start=\"357\" data-end=\"360\" \/>\u2013 Coada: 45\u201375 cm<\/p><p class=\"\" data-start=\"381\" data-end=\"601\"><strong data-start=\"381\" data-end=\"394\">Greutate:<\/strong> 45\u2013120 kg (masculii sunt mai mari dec\u00e2t femelele)<br data-start=\"444\" data-end=\"447\" \/><strong data-start=\"447\" data-end=\"468\">Durata gesta\u021biei:<\/strong> 93\u2013105 zile<br data-start=\"480\" data-end=\"483\" data-is-only-node=\"\" \/><strong data-start=\"483\" data-end=\"508\">Num\u0103r pui la na\u0219tere:<\/strong> 1\u20134 pui<br data-start=\"516\" data-end=\"519\" \/><strong data-start=\"519\" data-end=\"541\">Speran\u021ba de via\u021b\u0103:<\/strong> 12\u201315 ani \u00een s\u0103lb\u0103ticie, p\u00e2n\u0103 la 20 de ani \u00een captivitate<\/p>\t\t\t\t\t\t\t\t<\/div>\n\t\t\t\t<\/div>\n\t\t\t\t<\/div>\n\t\t\t\t<div class=\"elementor-element elementor-element-49ab527f elementor-widget-tablet__width-inherit animated-slow elementor-invisible elementor-widget elementor-widget-image\" data-id=\"49ab527f\" data-element_type=\"widget\" data-e-type=\"widget\" data-settings=\"{&quot;_animation&quot;:&quot;fadeInRight&quot;}\" data-widget_type=\"image.default\">\n\t\t\t\t<div class=\"elementor-widget-container\">\n\t\t\t\t\t\t\t\t\t\t\t\t\t\t\t<img fetchpriority=\"high\" decoding=\"async\" width=\"678\" height=\"1024\" src=\"https:\/\/bucurestizoo.ro\/wp-content\/uploads\/2024\/12\/jaguar-1-678x1024.jpg\" class=\"attachment-large size-large wp-image-12013\" alt=\"\" srcset=\"https:\/\/bucurestizoo.ro\/wp-content\/uploads\/2024\/12\/jaguar-1-678x1024.jpg 678w, https:\/\/bucurestizoo.ro\/wp-content\/uploads\/2024\/12\/jaguar-1-199x300.jpg 199w, https:\/\/bucurestizoo.ro\/wp-content\/uploads\/2024\/12\/jaguar-1-768x1159.jpg 768w, https:\/\/bucurestizoo.ro\/wp-content\/uploads\/2024\/12\/jaguar-1-338x510.jpg 338w, https:\/\/bucurestizoo.ro\/wp-content\/uploads\/2024\/12\/jaguar-1.jpg 848w\" sizes=\"(max-width: 678px) 100vw, 678px\" data-id=\"12013\" \/>\t\t\t\t\t\t\t\t\t\t\t\t\t\t\t<\/div>\n\t\t\t\t<\/div>\n\t\t\t\t<\/div>\n\t\t\t\t\t<\/div>\n\t\t\t\t<\/div>\n\t\t<div class=\"elementor-element elementor-element-4d1384ab animated-slow e-flex e-con-boxed elementor-invisible e-con e-parent\" data-id=\"4d1384ab\" data-element_type=\"container\" data-e-type=\"container\" data-settings=\"{&quot;animation&quot;:&quot;fadeInLeft&quot;}\">\n\t\t\t\t\t<div class=\"e-con-inner\">\n\t\t\t\t<div class=\"elementor-element elementor-element-183facfb elementor-widget elementor-widget-heading\" data-id=\"183facfb\" data-element_type=\"widget\" data-e-type=\"widget\" data-widget_type=\"heading.default\">\n\t\t\t\t<div class=\"elementor-widget-container\">\n\t\t\t\t\t<h1 class=\"elementor-heading-title elementor-size-default\">General:<\/h1>\t\t\t\t<\/div>\n\t\t\t\t<\/div>\n\t\t\t\t<div class=\"elementor-element elementor-element-14d6088a elementor-widget elementor-widget-text-editor\" data-id=\"14d6088a\" data-element_type=\"widget\" data-e-type=\"widget\" data-widget_type=\"text-editor.default\">\n\t\t\t\t<div class=\"elementor-widget-container\">\n\t\t\t\t\t\t\t\t\t<p>Jaguarul este cel mai mare carnivor din America de Sud \u0219i singurul membru al genului Panthera din aceast\u0103 regiune. Este recunoscut pentru blana sa spectaculoas\u0103, galben-aurie, cu pete negre \u00een form\u0103 de rozete care \u00eei ofer\u0103 camuflaj excelent \u00een habitatele dense. Este un simbol al puterii \u0219i al misterului \u00een multe culturi indigene.<\/p><p>Este un animal solitar \u0219i teritorial, patrul\u00e2nd teritorii vaste. Jaguarul are o mu\u0219c\u0103tur\u0103 extrem de puternic\u0103, capabil\u0103 s\u0103 str\u0103pung\u0103 carapacele \u021bestoaselor \u0219i craniile pr\u0103zii, unic\u0103 \u00een r\u00e2ndul marilor feline.<\/p>\t\t\t\t\t\t\t\t<\/div>\n\t\t\t\t<\/div>\n\t\t\t\t\t<\/div>\n\t\t\t\t<\/div>\n\t\t<div class=\"elementor-element elementor-element-79ff7753 e-flex e-con-boxed e-con e-parent\" data-id=\"79ff7753\" data-element_type=\"container\" data-e-type=\"container\">\n\t\t\t\t\t<div class=\"e-con-inner\">\n\t\t\t\t<div class=\"elementor-element elementor-element-8abb0fc elementor-widget elementor-widget-gallery\" data-id=\"8abb0fc\" data-element_type=\"widget\" data-e-type=\"widget\" data-settings=\"{&quot;columns&quot;:2,&quot;lazyload&quot;:&quot;yes&quot;,&quot;gallery_layout&quot;:&quot;grid&quot;,&quot;columns_tablet&quot;:2,&quot;columns_mobile&quot;:1,&quot;gap&quot;:{&quot;unit&quot;:&quot;px&quot;,&quot;size&quot;:10,&quot;sizes&quot;:[]},&quot;gap_tablet&quot;:{&quot;unit&quot;:&quot;px&quot;,&quot;size&quot;:10,&quot;sizes&quot;:[]},&quot;gap_mobile&quot;:{&quot;unit&quot;:&quot;px&quot;,&quot;size&quot;:10,&quot;sizes&quot;:[]},&quot;link_to&quot;:&quot;file&quot;,&quot;aspect_ratio&quot;:&quot;3:2&quot;,&quot;overlay_background&quot;:&quot;yes&quot;,&quot;content_hover_animation&quot;:&quot;fade-in&quot;}\" data-widget_type=\"gallery.default\">\n\t\t\t\t<div class=\"elementor-widget-container\">\n\t\t\t\t\t\t\t<div class=\"elementor-gallery__container\">\n\t\t\t\t\t\t\t<a class=\"e-gallery-item elementor-gallery-item elementor-animated-content\" href=\"https:\/\/bucurestizoo.ro\/wp-content\/uploads\/2024\/12\/jaguar-3.jpg\" data-elementor-open-lightbox=\"yes\" data-elementor-lightbox-slideshow=\"8abb0fc\" data-elementor-lightbox-title=\"jaguar 3\" data-e-action-hash=\"#elementor-action%3Aaction%3Dlightbox%26settings%3DeyJpZCI6MTIwMTUsInVybCI6Imh0dHBzOlwvXC9idWN1cmVzdGl6b28ucm9cL3dwLWNvbnRlbnRcL3VwbG9hZHNcLzIwMjRcLzEyXC9qYWd1YXItMy5qcGciLCJzbGlkZXNob3ciOiI4YWJiMGZjIn0%3D\">\n\t\t\t\t\t<div class=\"e-gallery-image elementor-gallery-item__image\" data-thumbnail=\"https:\/\/bucurestizoo.ro\/wp-content\/uploads\/2024\/12\/jaguar-3-1024x682.jpg\" data-width=\"847\" data-height=\"564\" aria-label=\"\" role=\"img\" ><\/div>\n\t\t\t\t\t\t\t\t\t\t\t<div class=\"elementor-gallery-item__overlay\"><\/div>\n\t\t\t\t\t\t\t\t\t\t\t\t\t\t<\/a>\n\t\t\t\t\t\t\t<a class=\"e-gallery-item elementor-gallery-item elementor-animated-content\" href=\"https:\/\/bucurestizoo.ro\/wp-content\/uploads\/2024\/12\/jaguar.jpg\" data-elementor-open-lightbox=\"yes\" data-elementor-lightbox-slideshow=\"8abb0fc\" data-elementor-lightbox-title=\"jaguar\" data-e-action-hash=\"#elementor-action%3Aaction%3Dlightbox%26settings%3DeyJpZCI6MTE0NjcsInVybCI6Imh0dHBzOlwvXC9idWN1cmVzdGl6b28ucm9cL3dwLWNvbnRlbnRcL3VwbG9hZHNcLzIwMjRcLzEyXC9qYWd1YXIuanBnIiwic2xpZGVzaG93IjoiOGFiYjBmYyJ9\">\n\t\t\t\t\t<div class=\"e-gallery-image elementor-gallery-item__image\" data-thumbnail=\"https:\/\/bucurestizoo.ro\/wp-content\/uploads\/2024\/12\/jaguar.jpg\" data-width=\"640\" data-height=\"427\" aria-label=\"\" role=\"img\" ><\/div>\n\t\t\t\t\t\t\t\t\t\t\t<div class=\"elementor-gallery-item__overlay\"><\/div>\n\t\t\t\t\t\t\t\t\t\t\t\t\t\t<\/a>\n\t\t\t\t\t<\/div>\n\t\t\t\t\t<\/div>\n\t\t\t\t<\/div>\n\t\t\t\t\t<\/div>\n\t\t\t\t<\/div>\n\t\t<div class=\"elementor-element elementor-element-29184657 animated-slow e-flex e-con-boxed elementor-invisible e-con e-parent\" data-id=\"29184657\" data-element_type=\"container\" data-e-type=\"container\" data-settings=\"{&quot;animation&quot;:&quot;fadeInRight&quot;}\">\n\t\t\t\t\t<div class=\"e-con-inner\">\n\t\t\t\t<div class=\"elementor-element elementor-element-1faa2bd9 elementor-widget elementor-widget-heading\" data-id=\"1faa2bd9\" data-element_type=\"widget\" data-e-type=\"widget\" data-widget_type=\"heading.default\">\n\t\t\t\t<div class=\"elementor-widget-container\">\n\t\t\t\t\t<h1 class=\"elementor-heading-title elementor-size-default\">Habitat:<\/h1>\t\t\t\t<\/div>\n\t\t\t\t<\/div>\n\t\t\t\t<div class=\"elementor-element elementor-element-6efc36c7 elementor-widget elementor-widget-text-editor\" data-id=\"6efc36c7\" data-element_type=\"widget\" data-e-type=\"widget\" data-widget_type=\"text-editor.default\">\n\t\t\t\t<div class=\"elementor-widget-container\">\n\t\t\t\t\t\t\t\t\t<p>Jaguarul este un animal versatil, care tr\u0103ie\u0219te \u00een p\u0103duri tropicale, p\u0103duri de mangrove, savane \u0219i zone montane. Este puternic asociat cu habitatele de l\u00e2ng\u0103 ap\u0103, fiind un excelent \u00eenot\u0103tor. Amazonul g\u0103zduie\u0219te cea mai mare popula\u021bie de jaguari.<\/p>\t\t\t\t\t\t\t\t<\/div>\n\t\t\t\t<\/div>\n\t\t\t\t\t<\/div>\n\t\t\t\t<\/div>\n\t\t<div class=\"elementor-element elementor-element-1875a9dd e-grid e-con-boxed e-con e-parent\" data-id=\"1875a9dd\" data-element_type=\"container\" data-e-type=\"container\">\n\t\t\t\t\t<div class=\"e-con-inner\">\n\t\t<div class=\"elementor-element elementor-element-309bd4db e-con-full animated-slow e-flex elementor-invisible e-con e-child\" data-id=\"309bd4db\" data-element_type=\"container\" data-e-type=\"container\" data-settings=\"{&quot;animation&quot;:&quot;fadeInLeft&quot;}\">\n\t\t\t\t<div class=\"elementor-element elementor-element-38b96468 elementor-widget elementor-widget-heading\" data-id=\"38b96468\" data-element_type=\"widget\" data-e-type=\"widget\" data-widget_type=\"heading.default\">\n\t\t\t\t<div class=\"elementor-widget-container\">\n\t\t\t\t\t<h1 class=\"elementor-heading-title elementor-size-default\">Hran\u0103:<\/h1>\t\t\t\t<\/div>\n\t\t\t\t<\/div>\n\t\t\t\t<div class=\"elementor-element elementor-element-4a095049 elementor-widget elementor-widget-text-editor\" data-id=\"4a095049\" data-element_type=\"widget\" data-e-type=\"widget\" data-widget_type=\"text-editor.default\">\n\t\t\t\t<div class=\"elementor-widget-container\">\n\t\t\t\t\t\t\t\t\t<p>Jaguarul este un pr\u0103d\u0103tor oportunist \u0219i carnivor, consum\u00e2nd o gam\u0103 larg\u0103 de pr\u0103zi, inclusiv mamifere (capibara, tapiri, c\u0103prioare), reptile (crocodili, \u021bestoase) \u0219i pe\u0219ti. Este cunoscut pentru tehnica sa de v\u00e2n\u0103toare prin ambuscad\u0103, surprinz\u00e2nd prada cu agilitatea \u0219i for\u021ba sa.<\/p><p>\u00cen captivitate, dieta jaguarului const\u0103 din carne de vit\u0103, pui, iepure \u0219i alte surse de proteine, al\u0103turi de suplimente pentru a-i men\u021bine s\u0103n\u0103tatea.<\/p>\t\t\t\t\t\t\t\t<\/div>\n\t\t\t\t<\/div>\n\t\t\t\t<\/div>\n\t\t<div class=\"elementor-element elementor-element-5f076731 e-con-full animated-slow e-flex elementor-invisible e-con e-child\" data-id=\"5f076731\" data-element_type=\"container\" data-e-type=\"container\" data-settings=\"{&quot;animation&quot;:&quot;fadeInRight&quot;}\">\n\t\t\t\t<div class=\"elementor-element elementor-element-21d104d2 elementor-widget elementor-widget-heading\" data-id=\"21d104d2\" data-element_type=\"widget\" data-e-type=\"widget\" data-widget_type=\"heading.default\">\n\t\t\t\t<div class=\"elementor-widget-container\">\n\t\t\t\t\t<h1 class=\"elementor-heading-title elementor-size-default\">Conservare:<\/h1>\t\t\t\t<\/div>\n\t\t\t\t<\/div>\n\t\t\t\t<div class=\"elementor-element elementor-element-72c2834a elementor-widget elementor-widget-text-editor\" data-id=\"72c2834a\" data-element_type=\"widget\" data-e-type=\"widget\" data-widget_type=\"text-editor.default\">\n\t\t\t\t<div class=\"elementor-widget-container\">\n\t\t\t\t\t\t\t\t\t<p>Jaguarul este clasificat ca &#8222;Near Threatened&#8221; pe lista ro\u0219ie a IUCN, principalele amenin\u021b\u0103ri fiind pierderea habitatului, fragmentarea acestuia \u0219i v\u00e2n\u0103toarea ilegal\u0103. Jaguarul joac\u0103 un rol esen\u021bial \u00een ecosistem ca pr\u0103d\u0103tor de v\u00e2rf, men\u021bin\u00e2nd echilibrul popula\u021biilor de prad\u0103.<\/p><p>Programele de conservare includ protejarea habitatului s\u0103u, stabilirea coridoarelor ecologice \u0219i sensibilizarea comunit\u0103\u021bilor locale. Jaguarul este protejat prin legisla\u021bie \u00een toate \u021b\u0103rile din arealul s\u0103u natural.<\/p>\t\t\t\t\t\t\t\t<\/div>\n\t\t\t\t<\/div>\n\t\t\t\t<\/div>\n\t\t\t\t\t<\/div>\n\t\t\t\t<\/div>\n\t\t\t\t<\/div>","protected":false},"excerpt":{"rendered":"<p>Jaguar Nume \u0219tiin\u021bific: Panthera oncaClasa: MammaliaOrdin: CarnivoraFamilie: FelidaeGen: PantheraSpecie: Panthera oncaDistribu\u021bie: America Central\u0103 \u0219i de Sud \u2013 din Mexic p\u00e2n\u0103 \u00een Argentina, cu cele mai mari popula\u021bii \u00een p\u0103durile tropicale ale Amazonului Dimensiuni:\u2013 Lungime corporal\u0103: 112\u2013185 cm (f\u0103r\u0103 coad\u0103)\u2013 Coada: 45\u201375 cm Greutate: 45\u2013120 kg (masculii sunt mai mari dec\u00e2t femelele)Durata gesta\u021biei: 93\u2013105 zileNum\u0103r pui &hellip; <a href=\"https:\/\/bucurestizoo.ro\/en\/jaguar\/\" class=\"more-link\">Continue reading <span class=\"screen-reader-text\">Jaguar<\/span><\/a><\/p>","protected":false},"author":1,"featured_media":0,"parent":0,"menu_order":0,"comment_status":"closed","ping_status":"closed","template":"","meta":{"_monsterinsights_skip_tracking":false,"_monsterinsights_sitenote_active":false,"_monsterinsights_sitenote_note":"","_monsterinsights_sitenote_category":0,"footnotes":""},"class_list":["post-11752","page","type-page","status-publish","hentry"],"aioseo_notices":[],"_links":{"self":[{"href":"https:\/\/bucurestizoo.ro\/en\/wp-json\/wp\/v2\/pages\/11752","targetHints":{"allow":["GET"]}}],"collection":[{"href":"https:\/\/bucurestizoo.ro\/en\/wp-json\/wp\/v2\/pages"}],"about":[{"href":"https:\/\/bucurestizoo.ro\/en\/wp-json\/wp\/v2\/types\/page"}],"author":[{"embeddable":true,"href":"https:\/\/bucurestizoo.ro\/en\/wp-json\/wp\/v2\/users\/1"}],"replies":[{"embeddable":true,"href":"https:\/\/bucurestizoo.ro\/en\/wp-json\/wp\/v2\/comments?post=11752"}],"version-history":[{"count":7,"href":"https:\/\/bucurestizoo.ro\/en\/wp-json\/wp\/v2\/pages\/11752\/revisions"}],"predecessor-version":[{"id":14943,"href":"https:\/\/bucurestizoo.ro\/en\/wp-json\/wp\/v2\/pages\/11752\/revisions\/14943"}],"wp:attachment":[{"href":"https:\/\/bucurestizoo.ro\/en\/wp-json\/wp\/v2\/media?parent=11752"}],"curies":[{"name":"wp","href":"https:\/\/api.w.org\/{rel}","templated":true}]}}