{"id":11750,"date":"2024-12-09T12:42:03","date_gmt":"2024-12-09T10:42:03","guid":{"rendered":"https:\/\/n1.bucurestizoo.ro\/?page_id=11750"},"modified":"2024-12-10T19:21:08","modified_gmt":"2024-12-10T17:21:08","slug":"fenec","status":"publish","type":"page","link":"https:\/\/bucurestizoo.ro\/en\/fenec\/","title":{"rendered":"Fenec"},"content":{"rendered":"<div data-elementor-type=\"wp-page\" data-elementor-id=\"11750\" class=\"elementor elementor-11750\" data-elementor-post-type=\"page\">\n\t\t\t\t<div class=\"elementor-element elementor-element-2662ccab e-con-full e-flex e-con e-parent\" data-id=\"2662ccab\" data-element_type=\"container\" data-e-type=\"container\">\n\t\t<div class=\"elementor-element elementor-element-1b90f119 e-con-full e-flex e-con e-child\" data-id=\"1b90f119\" data-element_type=\"container\" data-e-type=\"container\">\n\t\t\t\t<div class=\"elementor-element elementor-element-7cec4078 elementor-widget elementor-widget-heading\" data-id=\"7cec4078\" data-element_type=\"widget\" data-e-type=\"widget\" data-widget_type=\"heading.default\">\n\t\t\t\t<div class=\"elementor-widget-container\">\n\t\t\t\t\t<h1 class=\"elementor-heading-title elementor-size-default\">FENEC<\/h1>\t\t\t\t<\/div>\n\t\t\t\t<\/div>\n\t\t\t\t<div class=\"elementor-element elementor-element-7620f717 elementor-widget elementor-widget-text-editor\" data-id=\"7620f717\" data-element_type=\"widget\" data-e-type=\"widget\" data-widget_type=\"text-editor.default\">\n\t\t\t\t<div class=\"elementor-widget-container\">\n\t\t\t\t\t\t\t\t\t<p><strong>Nume \u0219tiin\u021bific:<\/strong> <em>Vulpes zerda<\/em><\/p><p><strong>Clasa:<\/strong> Mammalia<\/p><p><strong>Ordin:<\/strong> Carnivora<\/p><p><strong>Familie:<\/strong> Canidae<\/p><p><strong>Gen:<\/strong> <em>Vulpes<\/em><\/p><p><strong>Specie:<\/strong> <em>Vulpes zerda<\/em><\/p><p><strong>Distribu\u021bie:<\/strong> De\u0219erturile din Africa de Nord, Peninsula Arabic\u0103 \u0219i Sahara<\/p><p><strong>Dimensiuni:<\/strong> Lungime corporal\u0103: 24-41 cm (f\u0103r\u0103 coad\u0103); coada: 18-31 cm<\/p><p><strong>Greutate:<\/strong> 0,8 \u2013 1,5 kg<\/p><p><strong>Durata gesta\u0163iei:<\/strong> 50-52 zile<\/p><p><strong>Num\u0103r pui la na\u0219tere:<\/strong> 2-5 pui<\/p><p><strong>Speran\u021ba de via\u0163\u0103:<\/strong> 10 ani \u00een s\u0103lb\u0103ticie, p\u00e2n\u0103 la 14 ani \u00een captivitate<\/p>\t\t\t\t\t\t\t\t<\/div>\n\t\t\t\t<\/div>\n\t\t\t\t<\/div>\n\t\t<div class=\"elementor-element elementor-element-77881f32 e-con-full e-flex e-con e-child\" data-id=\"77881f32\" data-element_type=\"container\" data-e-type=\"container\">\n\t\t\t\t<div class=\"elementor-element elementor-element-b7e2926 elementor-widget elementor-widget-image\" data-id=\"b7e2926\" data-element_type=\"widget\" data-e-type=\"widget\" data-widget_type=\"image.default\">\n\t\t\t\t<div class=\"elementor-widget-container\">\n\t\t\t\t\t\t\t\t\t\t\t\t\t\t\t<img fetchpriority=\"high\" decoding=\"async\" width=\"682\" height=\"1024\" src=\"https:\/\/bucurestizoo.ro\/wp-content\/uploads\/2024\/12\/fenec-2-682x1024.jpg\" class=\"attachment-large size-large wp-image-12006\" alt=\"\" srcset=\"https:\/\/bucurestizoo.ro\/wp-content\/uploads\/2024\/12\/fenec-2-682x1024.jpg 682w, https:\/\/bucurestizoo.ro\/wp-content\/uploads\/2024\/12\/fenec-2-200x300.jpg 200w, https:\/\/bucurestizoo.ro\/wp-content\/uploads\/2024\/12\/fenec-2-768x1152.jpg 768w, https:\/\/bucurestizoo.ro\/wp-content\/uploads\/2024\/12\/fenec-2-340x510.jpg 340w, https:\/\/bucurestizoo.ro\/wp-content\/uploads\/2024\/12\/fenec-2.jpg 853w\" sizes=\"(max-width: 682px) 100vw, 682px\" data-id=\"12006\" \/>\t\t\t\t\t\t\t\t\t\t\t\t\t\t\t<\/div>\n\t\t\t\t<\/div>\n\t\t\t\t<\/div>\n\t\t\t\t<\/div>\n\t\t<div class=\"elementor-element elementor-element-bb8c499 e-flex e-con-boxed e-con e-parent\" data-id=\"bb8c499\" data-element_type=\"container\" data-e-type=\"container\">\n\t\t\t\t\t<div class=\"e-con-inner\">\n\t\t<div class=\"elementor-element elementor-element-327e57cb e-con-full e-flex e-con e-child\" data-id=\"327e57cb\" data-element_type=\"container\" data-e-type=\"container\">\n\t\t\t\t<div class=\"elementor-element elementor-element-6e96eba6 elementor-widget elementor-widget-image\" data-id=\"6e96eba6\" data-element_type=\"widget\" data-e-type=\"widget\" data-widget_type=\"image.default\">\n\t\t\t\t<div class=\"elementor-widget-container\">\n\t\t\t\t\t\t\t\t\t\t\t\t\t\t\t<img decoding=\"async\" width=\"698\" height=\"1024\" src=\"https:\/\/bucurestizoo.ro\/wp-content\/uploads\/2024\/12\/fenec-2-698x1024.png\" class=\"attachment-large size-large wp-image-12007\" alt=\"\" srcset=\"https:\/\/bucurestizoo.ro\/wp-content\/uploads\/2024\/12\/fenec-2-698x1024.png 698w, https:\/\/bucurestizoo.ro\/wp-content\/uploads\/2024\/12\/fenec-2-204x300.png 204w, https:\/\/bucurestizoo.ro\/wp-content\/uploads\/2024\/12\/fenec-2-768x1127.png 768w, https:\/\/bucurestizoo.ro\/wp-content\/uploads\/2024\/12\/fenec-2-1046x1536.png 1046w, https:\/\/bucurestizoo.ro\/wp-content\/uploads\/2024\/12\/fenec-2-347x510.png 347w, https:\/\/bucurestizoo.ro\/wp-content\/uploads\/2024\/12\/fenec-2.png 1188w\" sizes=\"(max-width: 698px) 100vw, 698px\" data-id=\"12007\" \/>\t\t\t\t\t\t\t\t\t\t\t\t\t\t\t<\/div>\n\t\t\t\t<\/div>\n\t\t\t\t<\/div>\n\t\t<div class=\"elementor-element elementor-element-4a8510ae e-con-full e-flex e-con e-child\" data-id=\"4a8510ae\" data-element_type=\"container\" data-e-type=\"container\">\n\t\t\t\t<div class=\"elementor-element elementor-element-6ccba883 elementor-widget elementor-widget-heading\" data-id=\"6ccba883\" data-element_type=\"widget\" data-e-type=\"widget\" data-widget_type=\"heading.default\">\n\t\t\t\t<div class=\"elementor-widget-container\">\n\t\t\t\t\t<h2 class=\"elementor-heading-title elementor-size-default\">GENERAL<\/h2>\t\t\t\t<\/div>\n\t\t\t\t<\/div>\n\t\t\t\t<div class=\"elementor-element elementor-element-48ecd80f elementor-widget elementor-widget-text-editor\" data-id=\"48ecd80f\" data-element_type=\"widget\" data-e-type=\"widget\" data-widget_type=\"text-editor.default\">\n\t\t\t\t<div class=\"elementor-widget-container\">\n\t\t\t\t\t\t\t\t\t<div class=\"et_pb_column et_pb_column_1_2 et_pb_column_4  et_pb_css_mix_blend_mode_passthrough\"><div class=\"et_pb_module et_pb_text et_pb_text_2 et_pb_bg_layout_light  et_pb_text_align_left\"><div class=\"et_pb_text_inner\"><p>Fenecul\u00a0(Vulpes Zerda) este o specie de mamifer \u00eenrudit cu vulpea. Numele s\u0103u uzual, fenec, provine din cuv\u00e2ntul arab fenek, care \u00eenseamn\u0103\u00a0vulpe, iar\u00a0zerda\u00a0provine din grecescul xeros, care \u00eenseamn\u0103\u00a0uscat. Acesta este cel mai mic reprezentant al familiei Canidelor.<\/p><p>Fenecul are urechile relativ mari, v\u00e2rful cozii \u00een nuan\u021be de negru. Are blana crem p\u00e2n\u0103 la crem-g\u0103lbuie. T\u0103lpile sale \u00eembl\u0103nite sunt adaptate la mersul pe nisipul moale, fierbinte. E predominant nocturn.<\/p><p>Lucru neobi\u0219nuit printre vulpi, se asociaz\u0103 \u00een grupuri de c\u00e2te 10 indivizi, dar rela\u021biile dintre ace\u0219tia nu sunt clare. Fiecare membru sap\u0103 o vizuin\u0103 de c\u00e2\u021biva metri \u00een p\u0103m\u00e2ntul moale. \u00cemperecherea are loc \u00een perioada ianuarie-februarie, iar puii r\u0103m\u00e2n \u00een vizuin\u0103 timp de 2 luni. Sunt pe deplin maturi al 11 luni.<\/p><\/div><\/div><\/div>\t\t\t\t\t\t\t\t<\/div>\n\t\t\t\t<\/div>\n\t\t\t\t<\/div>\n\t\t\t\t\t<\/div>\n\t\t\t\t<\/div>\n\t\t<div class=\"elementor-element elementor-element-331e9a08 e-con-full e-flex e-con e-parent\" data-id=\"331e9a08\" data-element_type=\"container\" data-e-type=\"container\" data-settings=\"{&quot;background_background&quot;:&quot;classic&quot;}\">\n\t\t<div class=\"elementor-element elementor-element-55ec1152 e-con-full e-flex e-con e-child\" data-id=\"55ec1152\" data-element_type=\"container\" data-e-type=\"container\">\n\t\t\t\t<div class=\"elementor-element elementor-element-7bde631d elementor-widget elementor-widget-heading\" data-id=\"7bde631d\" data-element_type=\"widget\" data-e-type=\"widget\" data-widget_type=\"heading.default\">\n\t\t\t\t<div class=\"elementor-widget-container\">\n\t\t\t\t\t<h3 class=\"elementor-heading-title elementor-size-default\">HABITAT<\/h3>\t\t\t\t<\/div>\n\t\t\t\t<\/div>\n\t\t\t\t<div class=\"elementor-element elementor-element-77a729dd elementor-widget elementor-widget-text-editor\" data-id=\"77a729dd\" data-element_type=\"widget\" data-e-type=\"widget\" data-widget_type=\"text-editor.default\">\n\t\t\t\t<div class=\"elementor-widget-container\">\n\t\t\t\t\t\t\t\t\t<div class=\"et_pb_column et_pb_column_4_4 et_pb_column_20 et_pb_css_mix_blend_mode_passthrough et-last-child\"><div class=\"et_pb_module et_pb_text et_pb_text_11 et_pb_bg_layout_light et_pb_text_align_left\"><div class=\"et_pb_text_inner\"><p>Fenecul tr\u0103ie\u0219te \u00een de\u0219erturi aride \u0219i semi-aride, unde sap\u0103 vizuini \u00een nisip pentru a se ad\u0103posti de temperaturile extreme. Vizuinele sale pot fi complexe, cu mai multe intr\u0103ri \u0219i ie\u0219iri. Habitatul s\u0103u include dune de nisip, c\u00e2mpii st\u00e2ncoase \u0219i zone izolate de vegeta\u021bie.<\/p><\/div><\/div><\/div>\t\t\t\t\t\t\t\t<\/div>\n\t\t\t\t<\/div>\n\t\t\t\t<\/div>\n\t\t\t\t<\/div>\n\t\t<div class=\"elementor-element elementor-element-2e9f0f e-con-full e-flex e-con e-parent\" data-id=\"2e9f0f\" data-element_type=\"container\" data-e-type=\"container\" data-settings=\"{&quot;background_background&quot;:&quot;classic&quot;}\">\n\t\t<div class=\"elementor-element elementor-element-6ca092f9 e-con-full e-flex e-con e-child\" data-id=\"6ca092f9\" data-element_type=\"container\" data-e-type=\"container\">\n\t\t\t\t<div class=\"elementor-element elementor-element-13399713 elementor-widget elementor-widget-heading\" data-id=\"13399713\" data-element_type=\"widget\" data-e-type=\"widget\" data-widget_type=\"heading.default\">\n\t\t\t\t<div class=\"elementor-widget-container\">\n\t\t\t\t\t<h3 class=\"elementor-heading-title elementor-size-default\">HRANA<\/h3>\t\t\t\t<\/div>\n\t\t\t\t<\/div>\n\t\t\t\t<div class=\"elementor-element elementor-element-6884e53b elementor-widget elementor-widget-text-editor\" data-id=\"6884e53b\" data-element_type=\"widget\" data-e-type=\"widget\" data-widget_type=\"text-editor.default\">\n\t\t\t\t<div class=\"elementor-widget-container\">\n\t\t\t\t\t\t\t\t\t<div class=\"et_pb_module et_pb_text et_pb_text_7 et_pb_bg_layout_light et_pb_text_align_left\"><div class=\"et_pb_text_inner\"><p>Fenecul este omnivor, av\u00e2nd o diet\u0103 variat\u0103 care include insecte, roz\u0103toare mici, p\u0103s\u0103ri, ou\u0103, fructe \u0219i r\u0103d\u0103cini. Este bine adaptat s\u0103 tr\u0103iasc\u0103 cu pu\u021bin\u0103 ap\u0103, ob\u021bin\u00e2nd hidratarea necesar\u0103 din hrana consumat\u0103.<\/p><p>\u00cen captivitate, fenecul este hr\u0103nit cu un amestec de fructe, legume, carne \u0219i suplimente minerale pentru a-i satisface cerin\u021bele nutri\u021bionale.<\/p><\/div><\/div>\t\t\t\t\t\t\t\t<\/div>\n\t\t\t\t<\/div>\n\t\t\t\t<\/div>\n\t\t<div class=\"elementor-element elementor-element-54db7252 e-con-full e-flex e-con e-child\" data-id=\"54db7252\" data-element_type=\"container\" data-e-type=\"container\">\n\t\t\t\t<div class=\"elementor-element elementor-element-403df748 elementor-widget elementor-widget-image\" data-id=\"403df748\" data-element_type=\"widget\" data-e-type=\"widget\" data-widget_type=\"image.default\">\n\t\t\t\t<div class=\"elementor-widget-container\">\n\t\t\t\t\t\t\t\t\t\t\t\t\t\t\t<img decoding=\"async\" width=\"847\" height=\"565\" src=\"https:\/\/bucurestizoo.ro\/wp-content\/uploads\/2024\/12\/fenec-3-1024x683.jpg\" class=\"attachment-large size-large wp-image-12008\" alt=\"\" srcset=\"https:\/\/bucurestizoo.ro\/wp-content\/uploads\/2024\/12\/fenec-3-1024x683.jpg 1024w, https:\/\/bucurestizoo.ro\/wp-content\/uploads\/2024\/12\/fenec-3-300x200.jpg 300w, https:\/\/bucurestizoo.ro\/wp-content\/uploads\/2024\/12\/fenec-3-768x512.jpg 768w, https:\/\/bucurestizoo.ro\/wp-content\/uploads\/2024\/12\/fenec-3-450x300.jpg 450w, https:\/\/bucurestizoo.ro\/wp-content\/uploads\/2024\/12\/fenec-3-650x434.jpg 650w, https:\/\/bucurestizoo.ro\/wp-content\/uploads\/2024\/12\/fenec-3.jpg 1280w\" sizes=\"(max-width: 847px) 100vw, 847px\" data-id=\"12008\" \/>\t\t\t\t\t\t\t\t\t\t\t\t\t\t\t<\/div>\n\t\t\t\t<\/div>\n\t\t\t\t<\/div>\n\t\t\t\t<\/div>\n\t\t<div class=\"elementor-element elementor-element-1cb3d07e e-con-full e-flex e-con e-parent\" data-id=\"1cb3d07e\" data-element_type=\"container\" data-e-type=\"container\" data-settings=\"{&quot;background_background&quot;:&quot;classic&quot;}\">\n\t\t<div class=\"elementor-element elementor-element-6b41c509 e-con-full e-flex e-con e-child\" data-id=\"6b41c509\" data-element_type=\"container\" data-e-type=\"container\">\n\t\t\t\t<div class=\"elementor-element elementor-element-75c58d01 elementor-widget elementor-widget-heading\" data-id=\"75c58d01\" data-element_type=\"widget\" data-e-type=\"widget\" data-widget_type=\"heading.default\">\n\t\t\t\t<div class=\"elementor-widget-container\">\n\t\t\t\t\t<h3 class=\"elementor-heading-title elementor-size-default\">CONSERVARE<\/h3>\t\t\t\t<\/div>\n\t\t\t\t<\/div>\n\t\t\t\t<div class=\"elementor-element elementor-element-5849acb9 elementor-widget elementor-widget-text-editor\" data-id=\"5849acb9\" data-element_type=\"widget\" data-e-type=\"widget\" data-widget_type=\"text-editor.default\">\n\t\t\t\t<div class=\"elementor-widget-container\">\n\t\t\t\t\t\t\t\t\t<p>Fenecul nu este considerat o specie amenin\u021bat\u0103, fiind clasificat ca &#8222;Least Concern&#8221; de IUCN. Totu\u0219i, amenin\u021b\u0103rile includ capturarea pentru comer\u021bul cu animale exotice \u0219i degradarea habitatului din cauza activit\u0103\u021bilor umane.<\/p><p>Fenecul este protejat \u00een multe regiuni ale arealului s\u0103u natural, iar popularitatea sa ca simbol al de\u0219ertului ajut\u0103 la sensibilizarea publicului cu privire la conservarea ecosistemelor aride.<\/p>\t\t\t\t\t\t\t\t<\/div>\n\t\t\t\t<\/div>\n\t\t\t\t<\/div>\n\t\t\t\t<\/div>\n\t\t<div class=\"elementor-element elementor-element-3bf92948 e-con-full e-flex e-con e-parent\" data-id=\"3bf92948\" data-element_type=\"container\" data-e-type=\"container\" data-settings=\"{&quot;background_background&quot;:&quot;classic&quot;}\">\n\t\t<div class=\"elementor-element elementor-element-770350f3 e-con-full e-flex e-con e-child\" data-id=\"770350f3\" data-element_type=\"container\" data-e-type=\"container\">\n\t\t\t\t<div class=\"elementor-element elementor-element-66415b02 elementor-widget elementor-widget-heading\" data-id=\"66415b02\" data-element_type=\"widget\" data-e-type=\"widget\" data-widget_type=\"heading.default\">\n\t\t\t\t<div class=\"elementor-widget-container\">\n\t\t\t\t\t<h3 class=\"elementor-heading-title elementor-size-default\">\nLA ZOO BUCURE\u0218TI\n<\/h3>\t\t\t\t<\/div>\n\t\t\t\t<\/div>\n\t\t\t\t<div class=\"elementor-element elementor-element-79b02033 elementor-widget elementor-widget-text-editor\" data-id=\"79b02033\" data-element_type=\"widget\" data-e-type=\"widget\" data-widget_type=\"text-editor.default\">\n\t\t\t\t<div class=\"elementor-widget-container\">\n\t\t\t\t\t\t\t\t\t<div class=\"et_pb_column et_pb_column_4_4 et_pb_column_20 et_pb_css_mix_blend_mode_passthrough et-last-child\"><div class=\"et_pb_module et_pb_text et_pb_text_11 et_pb_bg_layout_light et_pb_text_align_left\"><div class=\"et_pb_text_inner\"><div class=\"et_pb_row et_pb_row_10\"><div class=\"et_pb_column et_pb_column_4_4 et_pb_column_20  et_pb_css_mix_blend_mode_passthrough et-last-child\"><div class=\"et_pb_module et_pb_text et_pb_text_10 et_pb_bg_layout_light  et_pb_text_align_left\"><div class=\"et_pb_text_inner\"><p>Dou\u0103 exemplare de Fenec se afl\u0103 la Zoo Bucure\u0219ti.<\/p><\/div><\/div><\/div><\/div><\/div><\/div><\/div>\t\t\t\t\t\t\t\t<\/div>\n\t\t\t\t<\/div>\n\t\t\t\t<\/div>\n\t\t\t\t<\/div>\n\t\t\t\t<\/div>","protected":false},"excerpt":{"rendered":"<p>FENEC Nume \u0219tiin\u021bific: Vulpes zerda Clasa: Mammalia Ordin: Carnivora Familie: Canidae Gen: Vulpes Specie: Vulpes zerda Distribu\u021bie: De\u0219erturile din Africa de Nord, Peninsula Arabic\u0103 \u0219i Sahara Dimensiuni: Lungime corporal\u0103: 24-41 cm (f\u0103r\u0103 coad\u0103); coada: 18-31 cm Greutate: 0,8 \u2013 1,5 kg Durata gesta\u0163iei: 50-52 zile Num\u0103r pui la na\u0219tere: 2-5 pui Speran\u021ba de via\u0163\u0103: 10 &hellip; <a href=\"https:\/\/bucurestizoo.ro\/en\/fenec\/\" class=\"more-link\">Continue reading <span class=\"screen-reader-text\">Fenec<\/span><\/a><\/p>","protected":false},"author":1,"featured_media":0,"parent":0,"menu_order":0,"comment_status":"closed","ping_status":"closed","template":"","meta":{"_monsterinsights_skip_tracking":false,"_monsterinsights_sitenote_active":false,"_monsterinsights_sitenote_note":"","_monsterinsights_sitenote_category":0,"footnotes":""},"class_list":["post-11750","page","type-page","status-publish","hentry"],"aioseo_notices":[],"_links":{"self":[{"href":"https:\/\/bucurestizoo.ro\/en\/wp-json\/wp\/v2\/pages\/11750","targetHints":{"allow":["GET"]}}],"collection":[{"href":"https:\/\/bucurestizoo.ro\/en\/wp-json\/wp\/v2\/pages"}],"about":[{"href":"https:\/\/bucurestizoo.ro\/en\/wp-json\/wp\/v2\/types\/page"}],"author":[{"embeddable":true,"href":"https:\/\/bucurestizoo.ro\/en\/wp-json\/wp\/v2\/users\/1"}],"replies":[{"embeddable":true,"href":"https:\/\/bucurestizoo.ro\/en\/wp-json\/wp\/v2\/comments?post=11750"}],"version-history":[{"count":4,"href":"https:\/\/bucurestizoo.ro\/en\/wp-json\/wp\/v2\/pages\/11750\/revisions"}],"predecessor-version":[{"id":12011,"href":"https:\/\/bucurestizoo.ro\/en\/wp-json\/wp\/v2\/pages\/11750\/revisions\/12011"}],"wp:attachment":[{"href":"https:\/\/bucurestizoo.ro\/en\/wp-json\/wp\/v2\/media?parent=11750"}],"curies":[{"name":"wp","href":"https:\/\/api.w.org\/{rel}","templated":true}]}}