{"id":11748,"date":"2024-12-09T12:41:37","date_gmt":"2024-12-09T10:41:37","guid":{"rendered":"https:\/\/n1.bucurestizoo.ro\/?page_id=11748"},"modified":"2025-04-04T22:54:22","modified_gmt":"2025-04-04T20:54:22","slug":"coati","status":"publish","type":"page","link":"https:\/\/bucurestizoo.ro\/en\/coati\/","title":{"rendered":"Coati"},"content":{"rendered":"<div data-elementor-type=\"wp-page\" data-elementor-id=\"11748\" class=\"elementor elementor-11748\" data-elementor-post-type=\"page\">\n\t\t\t\t<div class=\"elementor-element elementor-element-4d74e415 e-flex e-con-boxed e-con e-parent\" data-id=\"4d74e415\" data-element_type=\"container\" data-e-type=\"container\" data-settings=\"{&quot;background_background&quot;:&quot;classic&quot;}\">\n\t\t\t\t\t<div class=\"e-con-inner\">\n\t\t<div class=\"elementor-element elementor-element-63b01f37 e-con-full e-flex e-con e-child\" data-id=\"63b01f37\" data-element_type=\"container\" data-e-type=\"container\">\n\t\t<div class=\"elementor-element elementor-element-2739385 e-con-full animated-slow e-flex elementor-invisible e-con e-child\" data-id=\"2739385\" data-element_type=\"container\" data-e-type=\"container\" data-settings=\"{&quot;animation&quot;:&quot;fadeInLeft&quot;}\">\n\t\t\t\t<div class=\"elementor-element elementor-element-7629f251 elementor-widget elementor-widget-heading\" data-id=\"7629f251\" data-element_type=\"widget\" data-e-type=\"widget\" data-widget_type=\"heading.default\">\n\t\t\t\t<div class=\"elementor-widget-container\">\n\t\t\t\t\t<h1 class=\"elementor-heading-title elementor-size-default\">Coati<\/h1>\t\t\t\t<\/div>\n\t\t\t\t<\/div>\n\t\t\t\t<div class=\"elementor-element elementor-element-37027ab5 elementor-widget elementor-widget-text-editor\" data-id=\"37027ab5\" data-element_type=\"widget\" data-e-type=\"widget\" data-widget_type=\"text-editor.default\">\n\t\t\t\t<div class=\"elementor-widget-container\">\n\t\t\t\t\t\t\t\t\t<p class=\"\" data-start=\"0\" data-end=\"384\"><strong data-start=\"0\" data-end=\"20\">Nume \u0219tiin\u021bific:<\/strong> Nasua nasua<br data-start=\"32\" data-end=\"35\" \/><strong data-start=\"35\" data-end=\"45\">Clasa:<\/strong> Mammalia<br data-start=\"54\" data-end=\"57\" data-is-only-node=\"\" \/><strong data-start=\"57\" data-end=\"67\">Ordin:<\/strong> Carnivora<br data-start=\"77\" data-end=\"80\" \/><strong data-start=\"80\" data-end=\"92\">Familie:<\/strong> Procyonidae<br data-start=\"104\" data-end=\"107\" \/><strong data-start=\"107\" data-end=\"115\">Gen:<\/strong> Nasua<br data-start=\"121\" data-end=\"124\" \/><strong data-start=\"124\" data-end=\"135\">Specie:<\/strong> <em data-start=\"136\" data-end=\"149\">Nasua nasua<\/em> (coati sud-american) sau <em data-start=\"175\" data-end=\"189\">Nasua narica<\/em> (coati cu nas alb \u2013 America Central\u0103 \u0219i de Nord)<br data-start=\"238\" data-end=\"241\" \/><strong data-start=\"241\" data-end=\"257\">Distribu\u021bie:<\/strong> America Central\u0103 \u0219i de Sud \u2013 din sudul SUA p\u00e2n\u0103 \u00een nordul Argentinei; tr\u0103ie\u0219te \u00een p\u0103duri tropicale, p\u0103duri montane \u0219i savane<\/p><p class=\"\" data-start=\"386\" data-end=\"468\"><strong data-start=\"386\" data-end=\"401\">Dimensiuni:<\/strong><br data-start=\"401\" data-end=\"404\" \/>\u2013 Lungime corporal\u0103: 41\u201367 cm (f\u0103r\u0103 coad\u0103)<br data-start=\"446\" data-end=\"449\" \/>\u2013 Coada: 32\u201369 cm<\/p><p class=\"\" data-start=\"470\" data-end=\"650\"><strong data-start=\"470\" data-end=\"483\">Greutate:<\/strong> 2\u20137 kg<br data-start=\"490\" data-end=\"493\" \/><strong data-start=\"493\" data-end=\"514\">Durata gesta\u021biei:<\/strong> Aproximativ 75 zile<br data-start=\"534\" data-end=\"537\" data-is-only-node=\"\" \/><strong data-start=\"537\" data-end=\"562\">Num\u0103r pui la na\u0219tere:<\/strong> 2\u20137 pui<br data-start=\"570\" data-end=\"573\" \/><strong data-start=\"573\" data-end=\"595\">Speran\u021ba de via\u021b\u0103:<\/strong> 7\u20138 ani \u00een s\u0103lb\u0103ticie, p\u00e2n\u0103 la 15 ani \u00een captivitate<\/p>\t\t\t\t\t\t\t\t<\/div>\n\t\t\t\t<\/div>\n\t\t\t\t<\/div>\n\t\t\t\t<div class=\"elementor-element elementor-element-67afbe52 elementor-widget-tablet__width-inherit animated-slow elementor-invisible elementor-widget elementor-widget-image\" data-id=\"67afbe52\" data-element_type=\"widget\" data-e-type=\"widget\" data-settings=\"{&quot;_animation&quot;:&quot;fadeInRight&quot;}\" data-widget_type=\"image.default\">\n\t\t\t\t<div class=\"elementor-widget-container\">\n\t\t\t\t\t\t\t\t\t\t\t\t\t\t\t<img fetchpriority=\"high\" decoding=\"async\" width=\"627\" height=\"1024\" src=\"https:\/\/bucurestizoo.ro\/wp-content\/uploads\/2024\/12\/coati-1-627x1024.jpg\" class=\"attachment-large size-large wp-image-11992\" alt=\"\" srcset=\"https:\/\/bucurestizoo.ro\/wp-content\/uploads\/2024\/12\/coati-1-627x1024.jpg 627w, https:\/\/bucurestizoo.ro\/wp-content\/uploads\/2024\/12\/coati-1-184x300.jpg 184w, https:\/\/bucurestizoo.ro\/wp-content\/uploads\/2024\/12\/coati-1-768x1254.jpg 768w, https:\/\/bucurestizoo.ro\/wp-content\/uploads\/2024\/12\/coati-1-312x510.jpg 312w, https:\/\/bucurestizoo.ro\/wp-content\/uploads\/2024\/12\/coati-1.jpg 784w\" sizes=\"(max-width: 627px) 100vw, 627px\" data-id=\"11992\" \/>\t\t\t\t\t\t\t\t\t\t\t\t\t\t\t<\/div>\n\t\t\t\t<\/div>\n\t\t\t\t<\/div>\n\t\t\t\t\t<\/div>\n\t\t\t\t<\/div>\n\t\t<div class=\"elementor-element elementor-element-44ee680a animated-slow e-flex e-con-boxed elementor-invisible e-con e-parent\" data-id=\"44ee680a\" data-element_type=\"container\" data-e-type=\"container\" data-settings=\"{&quot;animation&quot;:&quot;fadeInLeft&quot;}\">\n\t\t\t\t\t<div class=\"e-con-inner\">\n\t\t\t\t<div class=\"elementor-element elementor-element-4d86183e elementor-widget elementor-widget-heading\" data-id=\"4d86183e\" data-element_type=\"widget\" data-e-type=\"widget\" data-widget_type=\"heading.default\">\n\t\t\t\t<div class=\"elementor-widget-container\">\n\t\t\t\t\t<h1 class=\"elementor-heading-title elementor-size-default\">General:<\/h1>\t\t\t\t<\/div>\n\t\t\t\t<\/div>\n\t\t\t\t<div class=\"elementor-element elementor-element-650ed241 elementor-widget elementor-widget-text-editor\" data-id=\"650ed241\" data-element_type=\"widget\" data-e-type=\"widget\" data-widget_type=\"text-editor.default\">\n\t\t\t\t<div class=\"elementor-widget-container\">\n\t\t\t\t\t\t\t\t\t<p>Coatiul, cunoscut \u0219i sub numele de &#8222;ratonul cu nas lung,&#8221; este un mamifer mic, \u00eenrudit cu ratonii, av\u00e2nd un bot alungit \u0219i flexibil, care \u00eei permite s\u0103 exploreze solul \u0219i cr\u0103p\u0103turile pentru hran\u0103. Coatiul are blana maro-ro\u0219cat\u0103, cu dungi negre pe coad\u0103 \u0219i botul alb, care contrasteaz\u0103 cu ochii \u00eentuneca\u021bi.<\/p><p>Sunt animale sociale, tr\u0103ind \u00een grupuri mari formate din 10-30 de indivizi, numite &#8222;trupe,&#8221; alc\u0103tuite \u00een principal din femele \u0219i pui. Masculii adul\u021bi sunt de obicei solitari. Coatiul este un animal diurn \u0219i petrece timpul at\u00e2t \u00een copaci, c\u00e2t \u0219i pe sol.<\/p>\t\t\t\t\t\t\t\t<\/div>\n\t\t\t\t<\/div>\n\t\t\t\t\t<\/div>\n\t\t\t\t<\/div>\n\t\t<div class=\"elementor-element elementor-element-11c8c25e e-flex e-con-boxed e-con e-parent\" data-id=\"11c8c25e\" data-element_type=\"container\" data-e-type=\"container\">\n\t\t\t\t\t<div class=\"e-con-inner\">\n\t\t\t\t<div class=\"elementor-element elementor-element-23f599d elementor-widget elementor-widget-gallery\" data-id=\"23f599d\" data-element_type=\"widget\" data-e-type=\"widget\" data-settings=\"{&quot;columns&quot;:3,&quot;lazyload&quot;:&quot;yes&quot;,&quot;gallery_layout&quot;:&quot;grid&quot;,&quot;columns_tablet&quot;:2,&quot;columns_mobile&quot;:1,&quot;gap&quot;:{&quot;unit&quot;:&quot;px&quot;,&quot;size&quot;:10,&quot;sizes&quot;:[]},&quot;gap_tablet&quot;:{&quot;unit&quot;:&quot;px&quot;,&quot;size&quot;:10,&quot;sizes&quot;:[]},&quot;gap_mobile&quot;:{&quot;unit&quot;:&quot;px&quot;,&quot;size&quot;:10,&quot;sizes&quot;:[]},&quot;link_to&quot;:&quot;file&quot;,&quot;aspect_ratio&quot;:&quot;3:2&quot;,&quot;overlay_background&quot;:&quot;yes&quot;,&quot;content_hover_animation&quot;:&quot;fade-in&quot;}\" data-widget_type=\"gallery.default\">\n\t\t\t\t<div class=\"elementor-widget-container\">\n\t\t\t\t\t\t\t<div class=\"elementor-gallery__container\">\n\t\t\t\t\t\t\t<a class=\"e-gallery-item elementor-gallery-item elementor-animated-content\" href=\"https:\/\/bucurestizoo.ro\/wp-content\/uploads\/2025\/01\/4coati.jpg\" data-elementor-open-lightbox=\"yes\" data-elementor-lightbox-slideshow=\"23f599d\" data-elementor-lightbox-title=\"4coati\" data-e-action-hash=\"#elementor-action%3Aaction%3Dlightbox%26settings%3DeyJpZCI6MTI4ODQsInVybCI6Imh0dHBzOlwvXC9idWN1cmVzdGl6b28ucm9cL3dwLWNvbnRlbnRcL3VwbG9hZHNcLzIwMjVcLzAxXC80Y29hdGkuanBnIiwic2xpZGVzaG93IjoiMjNmNTk5ZCJ9\">\n\t\t\t\t\t<div class=\"e-gallery-image elementor-gallery-item__image\" data-thumbnail=\"https:\/\/bucurestizoo.ro\/wp-content\/uploads\/2025\/01\/4coati-1024x576.jpg\" data-width=\"847\" data-height=\"476\" aria-label=\"\" role=\"img\" ><\/div>\n\t\t\t\t\t\t\t\t\t\t\t<div class=\"elementor-gallery-item__overlay\"><\/div>\n\t\t\t\t\t\t\t\t\t\t\t\t\t\t<\/a>\n\t\t\t\t\t\t\t<a class=\"e-gallery-item elementor-gallery-item elementor-animated-content\" href=\"https:\/\/bucurestizoo.ro\/wp-content\/uploads\/2025\/01\/2coati.jpg\" data-elementor-open-lightbox=\"yes\" data-elementor-lightbox-slideshow=\"23f599d\" data-elementor-lightbox-title=\"2coati\" data-e-action-hash=\"#elementor-action%3Aaction%3Dlightbox%26settings%3DeyJpZCI6MTI4ODIsInVybCI6Imh0dHBzOlwvXC9idWN1cmVzdGl6b28ucm9cL3dwLWNvbnRlbnRcL3VwbG9hZHNcLzIwMjVcLzAxXC8yY29hdGkuanBnIiwic2xpZGVzaG93IjoiMjNmNTk5ZCJ9\">\n\t\t\t\t\t<div class=\"e-gallery-image elementor-gallery-item__image\" data-thumbnail=\"https:\/\/bucurestizoo.ro\/wp-content\/uploads\/2025\/01\/2coati-1024x576.jpg\" data-width=\"847\" data-height=\"476\" aria-label=\"\" role=\"img\" ><\/div>\n\t\t\t\t\t\t\t\t\t\t\t<div class=\"elementor-gallery-item__overlay\"><\/div>\n\t\t\t\t\t\t\t\t\t\t\t\t\t\t<\/a>\n\t\t\t\t\t\t\t<a class=\"e-gallery-item elementor-gallery-item elementor-animated-content\" href=\"https:\/\/bucurestizoo.ro\/wp-content\/uploads\/2025\/01\/3coati.jpg\" data-elementor-open-lightbox=\"yes\" data-elementor-lightbox-slideshow=\"23f599d\" data-elementor-lightbox-title=\"3coati\" data-e-action-hash=\"#elementor-action%3Aaction%3Dlightbox%26settings%3DeyJpZCI6MTI4ODMsInVybCI6Imh0dHBzOlwvXC9idWN1cmVzdGl6b28ucm9cL3dwLWNvbnRlbnRcL3VwbG9hZHNcLzIwMjVcLzAxXC8zY29hdGkuanBnIiwic2xpZGVzaG93IjoiMjNmNTk5ZCJ9\">\n\t\t\t\t\t<div class=\"e-gallery-image elementor-gallery-item__image\" data-thumbnail=\"https:\/\/bucurestizoo.ro\/wp-content\/uploads\/2025\/01\/3coati-1024x576.jpg\" data-width=\"847\" data-height=\"476\" aria-label=\"\" role=\"img\" ><\/div>\n\t\t\t\t\t\t\t\t\t\t\t<div class=\"elementor-gallery-item__overlay\"><\/div>\n\t\t\t\t\t\t\t\t\t\t\t\t\t\t<\/a>\n\t\t\t\t\t<\/div>\n\t\t\t\t\t<\/div>\n\t\t\t\t<\/div>\n\t\t\t\t\t<\/div>\n\t\t\t\t<\/div>\n\t\t<div class=\"elementor-element elementor-element-54bb31fc animated-slow e-flex e-con-boxed elementor-invisible e-con e-parent\" data-id=\"54bb31fc\" data-element_type=\"container\" data-e-type=\"container\" data-settings=\"{&quot;animation&quot;:&quot;fadeInRight&quot;}\">\n\t\t\t\t\t<div class=\"e-con-inner\">\n\t\t\t\t<div class=\"elementor-element elementor-element-55795c7c elementor-widget elementor-widget-heading\" data-id=\"55795c7c\" data-element_type=\"widget\" data-e-type=\"widget\" data-widget_type=\"heading.default\">\n\t\t\t\t<div class=\"elementor-widget-container\">\n\t\t\t\t\t<h1 class=\"elementor-heading-title elementor-size-default\">Habitat:<\/h1>\t\t\t\t<\/div>\n\t\t\t\t<\/div>\n\t\t\t\t<div class=\"elementor-element elementor-element-546a76d0 elementor-widget elementor-widget-text-editor\" data-id=\"546a76d0\" data-element_type=\"widget\" data-e-type=\"widget\" data-widget_type=\"text-editor.default\">\n\t\t\t\t<div class=\"elementor-widget-container\">\n\t\t\t\t\t\t\t\t\t<p>Coatiul tr\u0103ie\u0219te \u00eentr-o varietate de habitate, inclusiv p\u0103duri tropicale, p\u0103duri montane \u0219i savane. Este adaptabil \u0219i poate tr\u0103i \u0219i \u00een zone perturbate de activitatea uman\u0103. Prefer\u0103 locuri unde poate g\u0103si ad\u0103post \u00een copaci \u0219i suficient\u0103 hran\u0103.<\/p>\t\t\t\t\t\t\t\t<\/div>\n\t\t\t\t<\/div>\n\t\t\t\t\t<\/div>\n\t\t\t\t<\/div>\n\t\t<div class=\"elementor-element elementor-element-6c13810c e-grid e-con-boxed e-con e-parent\" data-id=\"6c13810c\" data-element_type=\"container\" data-e-type=\"container\">\n\t\t\t\t\t<div class=\"e-con-inner\">\n\t\t<div class=\"elementor-element elementor-element-4559dac7 e-con-full animated-slow e-flex elementor-invisible e-con e-child\" data-id=\"4559dac7\" data-element_type=\"container\" data-e-type=\"container\" data-settings=\"{&quot;animation&quot;:&quot;fadeInLeft&quot;}\">\n\t\t\t\t<div class=\"elementor-element elementor-element-7d4b535 elementor-widget elementor-widget-heading\" data-id=\"7d4b535\" data-element_type=\"widget\" data-e-type=\"widget\" data-widget_type=\"heading.default\">\n\t\t\t\t<div class=\"elementor-widget-container\">\n\t\t\t\t\t<h1 class=\"elementor-heading-title elementor-size-default\">Hran\u0103:<\/h1>\t\t\t\t<\/div>\n\t\t\t\t<\/div>\n\t\t\t\t<div class=\"elementor-element elementor-element-40019128 elementor-widget elementor-widget-text-editor\" data-id=\"40019128\" data-element_type=\"widget\" data-e-type=\"widget\" data-widget_type=\"text-editor.default\">\n\t\t\t\t<div class=\"elementor-widget-container\">\n\t\t\t\t\t\t\t\t\t<p>Sunt animale omnivore; dieta lor const\u0103, \u00een principal, din nevertebratele pe care le g\u0103sesc pe p\u0103m\u00e2nt, cum ar fi tarantula, dar \u0219i din fructe. De asemenea, m\u0103n\u00e2nc\u0103 vertebrate mici, cum ar fi \u0219op\u00e2rle, roz\u0103toare, p\u0103s\u0103ri mici, ou\u0103 de p\u0103s\u0103ri \u0219i ou\u0103 de crocodil.<\/p><p>\u00a0<\/p>\t\t\t\t\t\t\t\t<\/div>\n\t\t\t\t<\/div>\n\t\t\t\t<\/div>\n\t\t<div class=\"elementor-element elementor-element-62ab1b34 e-con-full animated-slow e-flex elementor-invisible e-con e-child\" data-id=\"62ab1b34\" data-element_type=\"container\" data-e-type=\"container\" data-settings=\"{&quot;animation&quot;:&quot;fadeInRight&quot;}\">\n\t\t\t\t<div class=\"elementor-element elementor-element-36c2cf4b elementor-widget elementor-widget-heading\" data-id=\"36c2cf4b\" data-element_type=\"widget\" data-e-type=\"widget\" data-widget_type=\"heading.default\">\n\t\t\t\t<div class=\"elementor-widget-container\">\n\t\t\t\t\t<h1 class=\"elementor-heading-title elementor-size-default\">Conservare:<\/h1>\t\t\t\t<\/div>\n\t\t\t\t<\/div>\n\t\t\t\t<div class=\"elementor-element elementor-element-48db50a7 elementor-widget elementor-widget-text-editor\" data-id=\"48db50a7\" data-element_type=\"widget\" data-e-type=\"widget\" data-widget_type=\"text-editor.default\">\n\t\t\t\t<div class=\"elementor-widget-container\">\n\t\t\t\t\t\t\t\t\t<p>Coati nu este clasificat ca fiind amenin\u021bat cu dispari\u021bia,\u00a0 prezent\u00e2nd o popula\u021bie stabil\u0103 \u00een s\u0103lb\u0103ticie. Din p\u0103cate aceast\u0103 specie este v\u00e2nat\u0103 pentru carne \u0219i blan\u0103.<\/p><p>Pierderea habitatului urmare a defri\u0219\u0103rilor p\u0103durilor \u0219i v\u00e2n\u0103toarea practicat\u0103 de c\u0103tre localnici sunt poten\u021biale amenin\u021b\u0103ri la adresa speciei.<\/p>\t\t\t\t\t\t\t\t<\/div>\n\t\t\t\t<\/div>\n\t\t\t\t<\/div>\n\t\t\t\t\t<\/div>\n\t\t\t\t<\/div>\n\t\t\t\t<\/div>","protected":false},"excerpt":{"rendered":"<p>Coati Nume \u0219tiin\u021bific: Nasua nasuaClasa: MammaliaOrdin: CarnivoraFamilie: ProcyonidaeGen: NasuaSpecie: Nasua nasua (coati sud-american) sau Nasua narica (coati cu nas alb \u2013 America Central\u0103 \u0219i de Nord)Distribu\u021bie: America Central\u0103 \u0219i de Sud \u2013 din sudul SUA p\u00e2n\u0103 \u00een nordul Argentinei; tr\u0103ie\u0219te \u00een p\u0103duri tropicale, p\u0103duri montane \u0219i savane Dimensiuni:\u2013 Lungime corporal\u0103: 41\u201367 cm (f\u0103r\u0103 coad\u0103)\u2013 Coada: &hellip; <a href=\"https:\/\/bucurestizoo.ro\/en\/coati\/\" class=\"more-link\">Continue reading <span class=\"screen-reader-text\">Coati<\/span><\/a><\/p>","protected":false},"author":1,"featured_media":0,"parent":0,"menu_order":0,"comment_status":"closed","ping_status":"closed","template":"","meta":{"_monsterinsights_skip_tracking":false,"_monsterinsights_sitenote_active":false,"_monsterinsights_sitenote_note":"","_monsterinsights_sitenote_category":0,"footnotes":""},"class_list":["post-11748","page","type-page","status-publish","hentry"],"aioseo_notices":[],"_links":{"self":[{"href":"https:\/\/bucurestizoo.ro\/en\/wp-json\/wp\/v2\/pages\/11748","targetHints":{"allow":["GET"]}}],"collection":[{"href":"https:\/\/bucurestizoo.ro\/en\/wp-json\/wp\/v2\/pages"}],"about":[{"href":"https:\/\/bucurestizoo.ro\/en\/wp-json\/wp\/v2\/types\/page"}],"author":[{"embeddable":true,"href":"https:\/\/bucurestizoo.ro\/en\/wp-json\/wp\/v2\/users\/1"}],"replies":[{"embeddable":true,"href":"https:\/\/bucurestizoo.ro\/en\/wp-json\/wp\/v2\/comments?post=11748"}],"version-history":[{"count":7,"href":"https:\/\/bucurestizoo.ro\/en\/wp-json\/wp\/v2\/pages\/11748\/revisions"}],"predecessor-version":[{"id":14939,"href":"https:\/\/bucurestizoo.ro\/en\/wp-json\/wp\/v2\/pages\/11748\/revisions\/14939"}],"wp:attachment":[{"href":"https:\/\/bucurestizoo.ro\/en\/wp-json\/wp\/v2\/media?parent=11748"}],"curies":[{"name":"wp","href":"https:\/\/api.w.org\/{rel}","templated":true}]}}