{"id":11746,"date":"2024-12-09T12:40:44","date_gmt":"2024-12-09T10:40:44","guid":{"rendered":"https:\/\/n1.bucurestizoo.ro\/?page_id=11746"},"modified":"2025-04-05T09:53:37","modified_gmt":"2025-04-05T07:53:37","slug":"capucin","status":"publish","type":"page","link":"https:\/\/bucurestizoo.ro\/en\/capucin\/","title":{"rendered":"Capucin"},"content":{"rendered":"<div data-elementor-type=\"wp-page\" data-elementor-id=\"11746\" class=\"elementor elementor-11746\" data-elementor-post-type=\"page\">\n\t\t\t\t<div class=\"elementor-element elementor-element-37b39b68 e-flex e-con-boxed e-con e-parent\" data-id=\"37b39b68\" data-element_type=\"container\" data-e-type=\"container\" data-settings=\"{&quot;background_background&quot;:&quot;classic&quot;}\">\n\t\t\t\t\t<div class=\"e-con-inner\">\n\t\t<div class=\"elementor-element elementor-element-3852def9 e-con-full e-flex e-con e-child\" data-id=\"3852def9\" data-element_type=\"container\" data-e-type=\"container\">\n\t\t<div class=\"elementor-element elementor-element-64bc2557 e-con-full animated-slow e-flex elementor-invisible e-con e-child\" data-id=\"64bc2557\" data-element_type=\"container\" data-e-type=\"container\" data-settings=\"{&quot;animation&quot;:&quot;fadeInLeft&quot;}\">\n\t\t\t\t<div class=\"elementor-element elementor-element-504f0455 elementor-widget elementor-widget-heading\" data-id=\"504f0455\" data-element_type=\"widget\" data-e-type=\"widget\" data-widget_type=\"heading.default\">\n\t\t\t\t<div class=\"elementor-widget-container\">\n\t\t\t\t\t<h1 class=\"elementor-heading-title elementor-size-default\">Capucin<\/h1>\t\t\t\t<\/div>\n\t\t\t\t<\/div>\n\t\t\t\t<div class=\"elementor-element elementor-element-712a91a elementor-widget elementor-widget-text-editor\" data-id=\"712a91a\" data-element_type=\"widget\" data-e-type=\"widget\" data-widget_type=\"text-editor.default\">\n\t\t\t\t<div class=\"elementor-widget-container\">\n\t\t\t\t\t\t\t\t\t<p><strong data-start=\"0\" data-end=\"25\">Denumire \u0219tiin\u021bific\u0103:<\/strong> Sapajus apella<br data-start=\"40\" data-end=\"43\" \/><strong data-start=\"43\" data-end=\"53\">Ordin:<\/strong> Primates<br data-start=\"62\" data-end=\"65\" \/><strong data-start=\"65\" data-end=\"77\">Familie:<\/strong> Cebidae<br data-start=\"85\" data-end=\"88\" \/><strong data-start=\"88\" data-end=\"96\">Gen:<\/strong> Sapajus<br data-start=\"104\" data-end=\"107\" \/><strong data-start=\"107\" data-end=\"118\">Specie:<\/strong> S. apella<br data-start=\"128\" data-end=\"131\" \/><strong data-start=\"131\" data-end=\"147\">Distribu\u021bie:<\/strong> America de Sud (Amazonia, Venezuela, Columbia, Bolivia, Peru, Brazilia)<br data-start=\"219\" data-end=\"222\" \/><strong data-start=\"222\" data-end=\"237\">Dimensiuni:<\/strong> 32-57 cm lungime (f\u0103r\u0103 coad\u0103); coada de 38-56 cm<br data-start=\"286\" data-end=\"289\" \/><strong data-start=\"289\" data-end=\"302\">Greutate:<\/strong> 1,3-4,8 kg<br data-start=\"313\" data-end=\"316\" \/><strong data-start=\"316\" data-end=\"341\">Perioada de gesta\u021bie:<\/strong> 150-180 zile<br data-start=\"354\" data-end=\"357\" \/><strong data-start=\"357\" data-end=\"374\">Num\u0103r de pui:<\/strong> 1 (rar 2)<br data-start=\"384\" data-end=\"387\" \/><strong data-start=\"387\" data-end=\"409\">Speran\u021b\u0103 de via\u021b\u0103:<\/strong> p\u00e2n\u0103 la 40 ani \u00een s\u0103lb\u0103ticie, \u00een captivitate mai mult<\/p>\t\t\t\t\t\t\t\t<\/div>\n\t\t\t\t<\/div>\n\t\t\t\t<\/div>\n\t\t\t\t<div class=\"elementor-element elementor-element-5140e612 elementor-widget-tablet__width-inherit animated-slow elementor-invisible elementor-widget elementor-widget-image\" data-id=\"5140e612\" data-element_type=\"widget\" data-e-type=\"widget\" data-settings=\"{&quot;_animation&quot;:&quot;fadeInRight&quot;}\" data-widget_type=\"image.default\">\n\t\t\t\t<div class=\"elementor-widget-container\">\n\t\t\t\t\t\t\t\t\t\t\t\t\t\t\t<img fetchpriority=\"high\" decoding=\"async\" width=\"847\" height=\"635\" src=\"https:\/\/bucurestizoo.ro\/wp-content\/uploads\/2025\/02\/capucin_3-1024x768.jpeg\" class=\"attachment-large size-large wp-image-13383\" alt=\"\" srcset=\"https:\/\/bucurestizoo.ro\/wp-content\/uploads\/2025\/02\/capucin_3-1024x768.jpeg 1024w, https:\/\/bucurestizoo.ro\/wp-content\/uploads\/2025\/02\/capucin_3-300x225.jpeg 300w, https:\/\/bucurestizoo.ro\/wp-content\/uploads\/2025\/02\/capucin_3-768x576.jpeg 768w, https:\/\/bucurestizoo.ro\/wp-content\/uploads\/2025\/02\/capucin_3-1536x1152.jpeg 1536w, https:\/\/bucurestizoo.ro\/wp-content\/uploads\/2025\/02\/capucin_3-2048x1536.jpeg 2048w, https:\/\/bucurestizoo.ro\/wp-content\/uploads\/2025\/02\/capucin_3-400x300.jpeg 400w, https:\/\/bucurestizoo.ro\/wp-content\/uploads\/2025\/02\/capucin_3-650x488.jpeg 650w\" sizes=\"(max-width: 847px) 100vw, 847px\" data-id=\"13383\" \/>\t\t\t\t\t\t\t\t\t\t\t\t\t\t\t<\/div>\n\t\t\t\t<\/div>\n\t\t\t\t<\/div>\n\t\t\t\t\t<\/div>\n\t\t\t\t<\/div>\n\t\t<div class=\"elementor-element elementor-element-4de244b8 animated-slow e-flex e-con-boxed elementor-invisible e-con e-parent\" data-id=\"4de244b8\" data-element_type=\"container\" data-e-type=\"container\" data-settings=\"{&quot;animation&quot;:&quot;fadeInLeft&quot;}\">\n\t\t\t\t\t<div class=\"e-con-inner\">\n\t\t\t\t<div class=\"elementor-element elementor-element-6ad7525b elementor-widget elementor-widget-heading\" data-id=\"6ad7525b\" data-element_type=\"widget\" data-e-type=\"widget\" data-widget_type=\"heading.default\">\n\t\t\t\t<div class=\"elementor-widget-container\">\n\t\t\t\t\t<h1 class=\"elementor-heading-title elementor-size-default\">General:<\/h1>\t\t\t\t<\/div>\n\t\t\t\t<\/div>\n\t\t\t\t<div class=\"elementor-element elementor-element-6ab9adfc elementor-widget elementor-widget-text-editor\" data-id=\"6ab9adfc\" data-element_type=\"widget\" data-e-type=\"widget\" data-widget_type=\"text-editor.default\">\n\t\t\t\t<div class=\"elementor-widget-container\">\n\t\t\t\t\t\t\t\t\t<p>Numi\u021bi \u0219i maimu\u021bele Capucin int\u00e2lni\u021bi \u00een\u00a0 America central\u0103, de Sud \u0219i de Nord, acestea reprezint\u0103 un grup de primate care se impart, \u00een general, \u00een dou\u0103 categorii principale:<\/p><ul><li aria-level=\"1\">Cebus, denumite \u0219i capucini &#8222;Gracili&#8221;<\/li><li aria-level=\"1\">Sapajus denumite \u0219i\u00a0 capucini &#8222;Robus&#8221;<\/li><\/ul><p>Sapajus apella are o constitu\u021bie robust\u0103, cu o talie medie pentru o primat\u0103, corpul fiind adaptat vie\u021bii arboricole \u0219i vie\u021bii terestre. Coad\u0103 prehensil\u0103 este folosita ca si &#8222;m\u00e2n\u0103 suplimentara&#8221; pentru a se deplasa \u00een mediul arboricol. Fa\u021ba este foarte expresiv\u0103 \u0219i include marcaje \u0219i varia\u021bii de culoare care ajut\u0103 s\u0103 se recunosc\u0103 \u00eentre ei individual.<\/p><p>Distributia geografica este \u00een America de sud inclusiv in Brazilia ,Ecuador ,Venezula ,Columbia sau in alte zone cu p\u0103duri tropicale .<\/p><p>Este una dintre cele mai inteligente specii de maimu\u021be, capabile s\u0103 foloseasc\u0103 unelte pentru a sparge nuci sau pentru a ob\u021bine hran\u0103. Sunt exper\u021bi \u00een \u201esp\u0103larea\u201d hranei \u2013 adesea \u00ee\u0219i freac\u0103 m\u00e2ncarea de diverse suprafe\u021be \u00eenainte de a o m\u00e2nca!<\/p>\t\t\t\t\t\t\t\t<\/div>\n\t\t\t\t<\/div>\n\t\t\t\t\t<\/div>\n\t\t\t\t<\/div>\n\t\t<div class=\"elementor-element elementor-element-4db32cc9 e-flex e-con-boxed e-con e-parent\" data-id=\"4db32cc9\" data-element_type=\"container\" data-e-type=\"container\">\n\t\t\t\t\t<div class=\"e-con-inner\">\n\t\t\t\t<div class=\"elementor-element elementor-element-6a2278be elementor-widget elementor-widget-gallery\" data-id=\"6a2278be\" data-element_type=\"widget\" data-e-type=\"widget\" data-settings=\"{&quot;columns&quot;:2,&quot;lazyload&quot;:&quot;yes&quot;,&quot;gallery_layout&quot;:&quot;grid&quot;,&quot;columns_tablet&quot;:2,&quot;columns_mobile&quot;:1,&quot;gap&quot;:{&quot;unit&quot;:&quot;px&quot;,&quot;size&quot;:10,&quot;sizes&quot;:[]},&quot;gap_tablet&quot;:{&quot;unit&quot;:&quot;px&quot;,&quot;size&quot;:10,&quot;sizes&quot;:[]},&quot;gap_mobile&quot;:{&quot;unit&quot;:&quot;px&quot;,&quot;size&quot;:10,&quot;sizes&quot;:[]},&quot;link_to&quot;:&quot;file&quot;,&quot;aspect_ratio&quot;:&quot;3:2&quot;,&quot;overlay_background&quot;:&quot;yes&quot;,&quot;content_hover_animation&quot;:&quot;fade-in&quot;}\" data-widget_type=\"gallery.default\">\n\t\t\t\t<div class=\"elementor-widget-container\">\n\t\t\t\t\t\t\t<div class=\"elementor-gallery__container\">\n\t\t\t\t\t\t\t<a class=\"e-gallery-item elementor-gallery-item elementor-animated-content\" href=\"https:\/\/bucurestizoo.ro\/wp-content\/uploads\/2025\/02\/capucin_1-scaled.jpeg\" data-elementor-open-lightbox=\"yes\" data-elementor-lightbox-slideshow=\"6a2278be\" data-elementor-lightbox-title=\"OLYMPUS DIGITAL CAMERA\" data-e-action-hash=\"#elementor-action%3Aaction%3Dlightbox%26settings%3DeyJpZCI6MTMzODEsInVybCI6Imh0dHBzOlwvXC9idWN1cmVzdGl6b28ucm9cL3dwLWNvbnRlbnRcL3VwbG9hZHNcLzIwMjVcLzAyXC9jYXB1Y2luXzEtc2NhbGVkLmpwZWciLCJzbGlkZXNob3ciOiI2YTIyNzhiZSJ9\">\n\t\t\t\t\t<div class=\"e-gallery-image elementor-gallery-item__image\" data-thumbnail=\"https:\/\/bucurestizoo.ro\/wp-content\/uploads\/2025\/02\/capucin_1-1024x768.jpeg\" data-width=\"847\" data-height=\"635\" aria-label=\"\" role=\"img\" ><\/div>\n\t\t\t\t\t\t\t\t\t\t\t<div class=\"elementor-gallery-item__overlay\"><\/div>\n\t\t\t\t\t\t\t\t\t\t\t\t\t\t<\/a>\n\t\t\t\t\t\t\t<a class=\"e-gallery-item elementor-gallery-item elementor-animated-content\" href=\"https:\/\/bucurestizoo.ro\/wp-content\/uploads\/2025\/02\/capucin_2-scaled.jpeg\" data-elementor-open-lightbox=\"yes\" data-elementor-lightbox-slideshow=\"6a2278be\" data-elementor-lightbox-title=\"OLYMPUS DIGITAL CAMERA\" data-e-action-hash=\"#elementor-action%3Aaction%3Dlightbox%26settings%3DeyJpZCI6MTMzODIsInVybCI6Imh0dHBzOlwvXC9idWN1cmVzdGl6b28ucm9cL3dwLWNvbnRlbnRcL3VwbG9hZHNcLzIwMjVcLzAyXC9jYXB1Y2luXzItc2NhbGVkLmpwZWciLCJzbGlkZXNob3ciOiI2YTIyNzhiZSJ9\">\n\t\t\t\t\t<div class=\"e-gallery-image elementor-gallery-item__image\" data-thumbnail=\"https:\/\/bucurestizoo.ro\/wp-content\/uploads\/2025\/02\/capucin_2-1024x768.jpeg\" data-width=\"847\" data-height=\"635\" aria-label=\"\" role=\"img\" ><\/div>\n\t\t\t\t\t\t\t\t\t\t\t<div class=\"elementor-gallery-item__overlay\"><\/div>\n\t\t\t\t\t\t\t\t\t\t\t\t\t\t<\/a>\n\t\t\t\t\t<\/div>\n\t\t\t\t\t<\/div>\n\t\t\t\t<\/div>\n\t\t\t\t\t<\/div>\n\t\t\t\t<\/div>\n\t\t<div class=\"elementor-element elementor-element-2d3299c1 animated-slow e-flex e-con-boxed elementor-invisible e-con e-parent\" data-id=\"2d3299c1\" data-element_type=\"container\" data-e-type=\"container\" data-settings=\"{&quot;animation&quot;:&quot;fadeInRight&quot;}\">\n\t\t\t\t\t<div class=\"e-con-inner\">\n\t\t\t\t<div class=\"elementor-element elementor-element-621281ad elementor-widget elementor-widget-heading\" data-id=\"621281ad\" data-element_type=\"widget\" data-e-type=\"widget\" data-widget_type=\"heading.default\">\n\t\t\t\t<div class=\"elementor-widget-container\">\n\t\t\t\t\t<h1 class=\"elementor-heading-title elementor-size-default\">Habitat:<\/h1>\t\t\t\t<\/div>\n\t\t\t\t<\/div>\n\t\t\t\t<div class=\"elementor-element elementor-element-4297a734 elementor-widget elementor-widget-text-editor\" data-id=\"4297a734\" data-element_type=\"widget\" data-e-type=\"widget\" data-widget_type=\"text-editor.default\">\n\t\t\t\t<div class=\"elementor-widget-container\">\n\t\t\t\t\t\t\t\t\t<p>Tr\u0103iesc \u00een p\u0103durile tropicale \u0219i sub tropicale, dar pot fi \u00eent\u00e2lnite \u0219i \u00een zonele marginale ale p\u0103durilor \u0219i savanelor deschise .<\/p>\t\t\t\t\t\t\t\t<\/div>\n\t\t\t\t<\/div>\n\t\t\t\t\t<\/div>\n\t\t\t\t<\/div>\n\t\t<div class=\"elementor-element elementor-element-670482a3 e-grid e-con-boxed e-con e-parent\" data-id=\"670482a3\" data-element_type=\"container\" data-e-type=\"container\">\n\t\t\t\t\t<div class=\"e-con-inner\">\n\t\t<div class=\"elementor-element elementor-element-39d6887f e-con-full animated-slow e-flex elementor-invisible e-con e-child\" data-id=\"39d6887f\" data-element_type=\"container\" data-e-type=\"container\" data-settings=\"{&quot;animation&quot;:&quot;fadeInLeft&quot;}\">\n\t\t\t\t<div class=\"elementor-element elementor-element-57434b98 elementor-widget elementor-widget-heading\" data-id=\"57434b98\" data-element_type=\"widget\" data-e-type=\"widget\" data-widget_type=\"heading.default\">\n\t\t\t\t<div class=\"elementor-widget-container\">\n\t\t\t\t\t<h1 class=\"elementor-heading-title elementor-size-default\">Hran\u0103:<\/h1>\t\t\t\t<\/div>\n\t\t\t\t<\/div>\n\t\t\t\t<div class=\"elementor-element elementor-element-6fb74b3d elementor-widget elementor-widget-text-editor\" data-id=\"6fb74b3d\" data-element_type=\"widget\" data-e-type=\"widget\" data-widget_type=\"text-editor.default\">\n\t\t\t\t<div class=\"elementor-widget-container\">\n\t\t\t\t\t\t\t\t\t<p>Fructe, semin\u021be, nuci,ou\u0103, insecte, mici vertebrate. Este un\u00a0 animal omnivore,\u00a0 hr\u0103nindu-se cu o gam\u0103 variat\u0103 de\u00a0 alimente. Fructele sunt foarte importante \u00een dieta zilnic\u0103. Insectele asigur\u0103 proteinele necesare .<\/p>\t\t\t\t\t\t\t\t<\/div>\n\t\t\t\t<\/div>\n\t\t\t\t<\/div>\n\t\t<div class=\"elementor-element elementor-element-44ee1254 e-con-full animated-slow e-flex elementor-invisible e-con e-child\" data-id=\"44ee1254\" data-element_type=\"container\" data-e-type=\"container\" data-settings=\"{&quot;animation&quot;:&quot;fadeInRight&quot;}\">\n\t\t\t\t<div class=\"elementor-element elementor-element-3881f09a elementor-widget elementor-widget-heading\" data-id=\"3881f09a\" data-element_type=\"widget\" data-e-type=\"widget\" data-widget_type=\"heading.default\">\n\t\t\t\t<div class=\"elementor-widget-container\">\n\t\t\t\t\t<h1 class=\"elementor-heading-title elementor-size-default\">Conservare:<\/h1>\t\t\t\t<\/div>\n\t\t\t\t<\/div>\n\t\t\t\t<div class=\"elementor-element elementor-element-1483e7e9 elementor-widget elementor-widget-text-editor\" data-id=\"1483e7e9\" data-element_type=\"widget\" data-e-type=\"widget\" data-widget_type=\"text-editor.default\">\n\t\t\t\t<div class=\"elementor-widget-container\">\n\t\t\t\t\t\t\t\t\t<p>Starea de conservare a speciei de\u00a0 \u00a0capucini Sapajus Apella este clasata ca \u0219i specie de Least Concern\u00a0 (LC) datorit\u0103 capacit\u0103\u021bii de adaptare la diferite habitate . Nu este amenin\u021bat\u0103, dar habitatul s\u0103u este afectat de defri\u0219\u0103ri.<\/p>\t\t\t\t\t\t\t\t<\/div>\n\t\t\t\t<\/div>\n\t\t\t\t<\/div>\n\t\t\t\t\t<\/div>\n\t\t\t\t<\/div>\n\t\t\t\t<\/div>","protected":false},"excerpt":{"rendered":"<p>Capucin Denumire \u0219tiin\u021bific\u0103: Sapajus apellaOrdin: PrimatesFamilie: CebidaeGen: SapajusSpecie: S. apellaDistribu\u021bie: America de Sud (Amazonia, Venezuela, Columbia, Bolivia, Peru, Brazilia)Dimensiuni: 32-57 cm lungime (f\u0103r\u0103 coad\u0103); coada de 38-56 cmGreutate: 1,3-4,8 kgPerioada de gesta\u021bie: 150-180 zileNum\u0103r de pui: 1 (rar 2)Speran\u021b\u0103 de via\u021b\u0103: p\u00e2n\u0103 la 40 ani \u00een s\u0103lb\u0103ticie, \u00een captivitate mai mult General: Numi\u021bi \u0219i maimu\u021bele &hellip; <a href=\"https:\/\/bucurestizoo.ro\/en\/capucin\/\" class=\"more-link\">Continue reading <span class=\"screen-reader-text\">Capucin<\/span><\/a><\/p>","protected":false},"author":1,"featured_media":0,"parent":0,"menu_order":0,"comment_status":"closed","ping_status":"closed","template":"","meta":{"_monsterinsights_skip_tracking":false,"_monsterinsights_sitenote_active":false,"_monsterinsights_sitenote_note":"","_monsterinsights_sitenote_category":0,"footnotes":""},"class_list":["post-11746","page","type-page","status-publish","hentry"],"aioseo_notices":[],"_links":{"self":[{"href":"https:\/\/bucurestizoo.ro\/en\/wp-json\/wp\/v2\/pages\/11746","targetHints":{"allow":["GET"]}}],"collection":[{"href":"https:\/\/bucurestizoo.ro\/en\/wp-json\/wp\/v2\/pages"}],"about":[{"href":"https:\/\/bucurestizoo.ro\/en\/wp-json\/wp\/v2\/types\/page"}],"author":[{"embeddable":true,"href":"https:\/\/bucurestizoo.ro\/en\/wp-json\/wp\/v2\/users\/1"}],"replies":[{"embeddable":true,"href":"https:\/\/bucurestizoo.ro\/en\/wp-json\/wp\/v2\/comments?post=11746"}],"version-history":[{"count":13,"href":"https:\/\/bucurestizoo.ro\/en\/wp-json\/wp\/v2\/pages\/11746\/revisions"}],"predecessor-version":[{"id":14952,"href":"https:\/\/bucurestizoo.ro\/en\/wp-json\/wp\/v2\/pages\/11746\/revisions\/14952"}],"wp:attachment":[{"href":"https:\/\/bucurestizoo.ro\/en\/wp-json\/wp\/v2\/media?parent=11746"}],"curies":[{"name":"wp","href":"https:\/\/api.w.org\/{rel}","templated":true}]}}