{"id":11744,"date":"2024-12-09T12:40:23","date_gmt":"2024-12-09T10:40:23","guid":{"rendered":"https:\/\/n1.bucurestizoo.ro\/?page_id=11744"},"modified":"2025-04-04T22:42:42","modified_gmt":"2025-04-04T20:42:42","slug":"cerb-lopatar","status":"publish","type":"page","link":"https:\/\/bucurestizoo.ro\/en\/cerb-lopatar\/","title":{"rendered":"Cerb lop\u0103tar"},"content":{"rendered":"<div data-elementor-type=\"wp-page\" data-elementor-id=\"11744\" class=\"elementor elementor-11744\" data-elementor-post-type=\"page\">\n\t\t\t\t<div class=\"elementor-element elementor-element-6ad5fdd9 e-flex e-con-boxed e-con e-parent\" data-id=\"6ad5fdd9\" data-element_type=\"container\" data-e-type=\"container\" data-settings=\"{&quot;background_background&quot;:&quot;classic&quot;}\">\n\t\t\t\t\t<div class=\"e-con-inner\">\n\t\t<div class=\"elementor-element elementor-element-661cad2d e-con-full e-flex e-con e-child\" data-id=\"661cad2d\" data-element_type=\"container\" data-e-type=\"container\">\n\t\t<div class=\"elementor-element elementor-element-297335d4 e-con-full animated-slow e-flex elementor-invisible e-con e-child\" data-id=\"297335d4\" data-element_type=\"container\" data-e-type=\"container\" data-settings=\"{&quot;animation&quot;:&quot;fadeInLeft&quot;}\">\n\t\t\t\t<div class=\"elementor-element elementor-element-7c42fc86 elementor-widget elementor-widget-heading\" data-id=\"7c42fc86\" data-element_type=\"widget\" data-e-type=\"widget\" data-widget_type=\"heading.default\">\n\t\t\t\t<div class=\"elementor-widget-container\">\n\t\t\t\t\t<h1 class=\"elementor-heading-title elementor-size-default\">Cerb Lop\u0103tar<\/h1>\t\t\t\t<\/div>\n\t\t\t\t<\/div>\n\t\t\t\t<div class=\"elementor-element elementor-element-2d042f94 elementor-widget elementor-widget-text-editor\" data-id=\"2d042f94\" data-element_type=\"widget\" data-e-type=\"widget\" data-widget_type=\"text-editor.default\">\n\t\t\t\t<div class=\"elementor-widget-container\">\n\t\t\t\t\t\t\t\t\t<p class=\"\" data-start=\"0\" data-end=\"303\"><strong data-start=\"0\" data-end=\"20\">Nume \u0219tiin\u021bific:<\/strong> Dama dama<br data-start=\"30\" data-end=\"33\" \/><strong data-start=\"33\" data-end=\"43\">Clasa:<\/strong> Mammals<br data-start=\"52\" data-end=\"55\" \/><strong data-start=\"55\" data-end=\"65\">Ordin:<\/strong> Artiodactyla<br data-start=\"78\" data-end=\"81\" data-is-only-node=\"\" \/><strong data-start=\"81\" data-end=\"93\">Familie:<\/strong> Cervidae<br data-start=\"102\" data-end=\"105\" \/><strong data-start=\"105\" data-end=\"113\">Gen:<\/strong> Dama<br data-start=\"118\" data-end=\"121\" \/><strong data-start=\"121\" data-end=\"132\">Specie:<\/strong> D. dama<br data-start=\"140\" data-end=\"143\" \/><strong data-start=\"143\" data-end=\"159\">Distribu\u021bie:<\/strong> \u00cent\u00e2lnit\u0103 \u00een toat\u0103 Europa (cu excep\u021bia regiunilor nordice), Asia Mic\u0103 \u0219i \u00een unele regiuni din America de Nord. A fost introdus\u0103 \u00een multe \u021b\u0103ri<\/p><p class=\"\" data-start=\"305\" data-end=\"376\"><strong data-start=\"305\" data-end=\"320\">Dimensiuni:<\/strong><br data-start=\"320\" data-end=\"323\" \/>\u2013 Lungimea corpului: 1\u20131,7 m<br data-start=\"351\" data-end=\"354\" \/>\u2013 Coada: 0,16\u20130,19 m<\/p><p class=\"\" data-start=\"378\" data-end=\"436\"><strong data-start=\"378\" data-end=\"391\">Greutate:<\/strong><br data-start=\"391\" data-end=\"394\" \/>\u2013 Mascul: 63\u2013103 kg<br data-start=\"413\" data-end=\"416\" \/>\u2013 Femel\u0103: 29\u201354 kg<\/p><p class=\"\" data-start=\"438\" data-end=\"550\">\u00a0<\/p>\t\t\t\t\t\t\t\t<\/div>\n\t\t\t\t<\/div>\n\t\t\t\t<\/div>\n\t\t\t\t<div class=\"elementor-element elementor-element-56dc035f elementor-widget-tablet__width-inherit animated-slow elementor-invisible elementor-widget elementor-widget-image\" data-id=\"56dc035f\" data-element_type=\"widget\" data-e-type=\"widget\" data-settings=\"{&quot;_animation&quot;:&quot;fadeInRight&quot;}\" data-widget_type=\"image.default\">\n\t\t\t\t<div class=\"elementor-widget-container\">\n\t\t\t\t\t\t\t\t\t\t\t\t\t\t\t<img fetchpriority=\"high\" decoding=\"async\" width=\"847\" height=\"476\" src=\"https:\/\/bucurestizoo.ro\/wp-content\/uploads\/2025\/04\/cerb-lopatar_P3080654-Large-1024x576.jpeg\" class=\"attachment-large size-large wp-image-14903\" alt=\"\" srcset=\"https:\/\/bucurestizoo.ro\/wp-content\/uploads\/2025\/04\/cerb-lopatar_P3080654-Large-1024x576.jpeg 1024w, https:\/\/bucurestizoo.ro\/wp-content\/uploads\/2025\/04\/cerb-lopatar_P3080654-Large-300x169.jpeg 300w, https:\/\/bucurestizoo.ro\/wp-content\/uploads\/2025\/04\/cerb-lopatar_P3080654-Large-768x432.jpeg 768w, https:\/\/bucurestizoo.ro\/wp-content\/uploads\/2025\/04\/cerb-lopatar_P3080654-Large-520x293.jpeg 520w, https:\/\/bucurestizoo.ro\/wp-content\/uploads\/2025\/04\/cerb-lopatar_P3080654-Large-650x366.jpeg 650w, https:\/\/bucurestizoo.ro\/wp-content\/uploads\/2025\/04\/cerb-lopatar_P3080654-Large.jpeg 1280w\" sizes=\"(max-width: 847px) 100vw, 847px\" data-id=\"14903\" \/>\t\t\t\t\t\t\t\t\t\t\t\t\t\t\t<\/div>\n\t\t\t\t<\/div>\n\t\t\t\t<\/div>\n\t\t\t\t\t<\/div>\n\t\t\t\t<\/div>\n\t\t<div class=\"elementor-element elementor-element-2f84d099 animated-slow e-flex e-con-boxed elementor-invisible e-con e-parent\" data-id=\"2f84d099\" data-element_type=\"container\" data-e-type=\"container\" data-settings=\"{&quot;animation&quot;:&quot;fadeInLeft&quot;}\">\n\t\t\t\t\t<div class=\"e-con-inner\">\n\t\t\t\t<div class=\"elementor-element elementor-element-4d38461 elementor-widget elementor-widget-heading\" data-id=\"4d38461\" data-element_type=\"widget\" data-e-type=\"widget\" data-widget_type=\"heading.default\">\n\t\t\t\t<div class=\"elementor-widget-container\">\n\t\t\t\t\t<h1 class=\"elementor-heading-title elementor-size-default\">General:<\/h1>\t\t\t\t<\/div>\n\t\t\t\t<\/div>\n\t\t\t\t<div class=\"elementor-element elementor-element-68151b59 elementor-widget elementor-widget-text-editor\" data-id=\"68151b59\" data-element_type=\"widget\" data-e-type=\"widget\" data-widget_type=\"text-editor.default\">\n\t\t\t\t<div class=\"elementor-widget-container\">\n\t\t\t\t\t\t\t\t\t<p>Cerbii sunt asem\u0103n\u0103tori ca \u00eenf\u0103\u021bi\u0219are antilopelor, dar se deosebesc de acestea prin coarnele lor solide, de obicei ramificate \u0219i care se regenereaz\u0103 \u00een fiecare an.<\/p><p>Cerbul lop\u0103tar\u00a0(Dama dama) este un mamifer erbivor rumeg\u0103tor, originar din \u021binuturile mediteraneene. Mai tr\u0103ie\u0219te \u00een s\u0103lb\u0103ticie \u00een Grecia\u00a0\u0219i semidomestic \u00een cele mai multe \u021b\u0103ri din Europa, inclusiv Rom\u00e2nia.<\/p><p>Cerbul lop\u0103tar face parte din genul\u00a0Dama, nu din genul\u00a0Cervus, care include cerbul\u00a0comun (Cervus elaphus) \u0219i cerbul Sika (Cervus nippon). Diferen\u021bele principale dintre aceste genuri constau \u00een faptul c\u0103 cerbii din genul Dama au coarne \u201el\u0103\u021bite\u201d, sunt lipsi\u021bi de p\u0103rul lung de pe g\u00e2t \u0219i nu prezint\u0103 canini \u00een maxilarul superior.<\/p><p>Culoarea bl\u0103nii este brun-ro\u0219cat\u0103, cu pete albe pe spinare, \u00een timpul verii, \u00een timp ce iarna culoarea bl\u0103nii pe spinare este brun-aurie.<\/p><p>Organizarea social\u0103 depinde \u00een mare m\u0103sur\u0103 de hrana pe care o pot procura. Speciile mai mici\u00a0pasc, de obicei, frunze \u0219i ramuri \u0219i tr\u0103iesc, \u00een general, separat sau \u00een grupuri mici. Speciile mai mari pasc \u00een habitatele deschise, unde rivalizeaz\u0103 mai pu\u021bin pentru hran\u0103. Aceste specii tr\u0103iesc adesea \u00een turme pentru a oferi protec\u021bie \u00eempotriva pr\u0103d\u0103torilor. Aceste grupuri sunt, de obicei, de acela\u0219i sex, cu excep\u021bia perioadei de rut c\u00e2nd se angajeaz\u0103 \u00een lupte pentru st\u0103p\u00e2nirea unui harem.<\/p>\t\t\t\t\t\t\t\t<\/div>\n\t\t\t\t<\/div>\n\t\t\t\t\t<\/div>\n\t\t\t\t<\/div>\n\t\t<div class=\"elementor-element elementor-element-191322b0 e-flex e-con-boxed e-con e-parent\" data-id=\"191322b0\" data-element_type=\"container\" data-e-type=\"container\">\n\t\t\t\t\t<div class=\"e-con-inner\">\n\t\t\t\t<div class=\"elementor-element elementor-element-7f443fe8 elementor-widget elementor-widget-gallery\" data-id=\"7f443fe8\" data-element_type=\"widget\" data-e-type=\"widget\" data-settings=\"{&quot;columns&quot;:2,&quot;lazyload&quot;:&quot;yes&quot;,&quot;gallery_layout&quot;:&quot;grid&quot;,&quot;columns_tablet&quot;:2,&quot;columns_mobile&quot;:1,&quot;gap&quot;:{&quot;unit&quot;:&quot;px&quot;,&quot;size&quot;:10,&quot;sizes&quot;:[]},&quot;gap_tablet&quot;:{&quot;unit&quot;:&quot;px&quot;,&quot;size&quot;:10,&quot;sizes&quot;:[]},&quot;gap_mobile&quot;:{&quot;unit&quot;:&quot;px&quot;,&quot;size&quot;:10,&quot;sizes&quot;:[]},&quot;link_to&quot;:&quot;file&quot;,&quot;aspect_ratio&quot;:&quot;3:2&quot;,&quot;overlay_background&quot;:&quot;yes&quot;,&quot;content_hover_animation&quot;:&quot;fade-in&quot;}\" data-widget_type=\"gallery.default\">\n\t\t\t\t<div class=\"elementor-widget-container\">\n\t\t\t\t\t\t\t<div class=\"elementor-gallery__container\">\n\t\t\t\t\t\t\t<a class=\"e-gallery-item elementor-gallery-item elementor-animated-content\" href=\"https:\/\/bucurestizoo.ro\/wp-content\/uploads\/2025\/04\/cerb-lopatar_P3080646-Large.jpeg\" data-elementor-open-lightbox=\"yes\" data-elementor-lightbox-slideshow=\"7f443fe8\" data-elementor-lightbox-title=\"OLYMPUS DIGITAL CAMERA\" data-e-action-hash=\"#elementor-action%3Aaction%3Dlightbox%26settings%3DeyJpZCI6MTQ4OTksInVybCI6Imh0dHBzOlwvXC9idWN1cmVzdGl6b28ucm9cL3dwLWNvbnRlbnRcL3VwbG9hZHNcLzIwMjVcLzA0XC9jZXJiLWxvcGF0YXJfUDMwODA2NDYtTGFyZ2UuanBlZyIsInNsaWRlc2hvdyI6IjdmNDQzZmU4In0%3D\">\n\t\t\t\t\t<div class=\"e-gallery-image elementor-gallery-item__image\" data-thumbnail=\"https:\/\/bucurestizoo.ro\/wp-content\/uploads\/2025\/04\/cerb-lopatar_P3080646-Large-1024x576.jpeg\" data-width=\"847\" data-height=\"476\" aria-label=\"\" role=\"img\" ><\/div>\n\t\t\t\t\t\t\t\t\t\t\t<div class=\"elementor-gallery-item__overlay\"><\/div>\n\t\t\t\t\t\t\t\t\t\t\t\t\t\t<\/a>\n\t\t\t\t\t\t\t<a class=\"e-gallery-item elementor-gallery-item elementor-animated-content\" href=\"https:\/\/bucurestizoo.ro\/wp-content\/uploads\/2025\/04\/cerb-lopatar_P3080650-Large.jpeg\" data-elementor-open-lightbox=\"yes\" data-elementor-lightbox-slideshow=\"7f443fe8\" data-elementor-lightbox-title=\"OLYMPUS DIGITAL CAMERA\" data-e-action-hash=\"#elementor-action%3Aaction%3Dlightbox%26settings%3DeyJpZCI6MTQ5MDIsInVybCI6Imh0dHBzOlwvXC9idWN1cmVzdGl6b28ucm9cL3dwLWNvbnRlbnRcL3VwbG9hZHNcLzIwMjVcLzA0XC9jZXJiLWxvcGF0YXJfUDMwODA2NTAtTGFyZ2UuanBlZyIsInNsaWRlc2hvdyI6IjdmNDQzZmU4In0%3D\">\n\t\t\t\t\t<div class=\"e-gallery-image elementor-gallery-item__image\" data-thumbnail=\"https:\/\/bucurestizoo.ro\/wp-content\/uploads\/2025\/04\/cerb-lopatar_P3080650-Large-1024x576.jpeg\" data-width=\"847\" data-height=\"476\" aria-label=\"\" role=\"img\" ><\/div>\n\t\t\t\t\t\t\t\t\t\t\t<div class=\"elementor-gallery-item__overlay\"><\/div>\n\t\t\t\t\t\t\t\t\t\t\t\t\t\t<\/a>\n\t\t\t\t\t<\/div>\n\t\t\t\t\t<\/div>\n\t\t\t\t<\/div>\n\t\t\t\t\t<\/div>\n\t\t\t\t<\/div>\n\t\t<div class=\"elementor-element elementor-element-60ac1578 animated-slow e-flex e-con-boxed elementor-invisible e-con e-parent\" data-id=\"60ac1578\" data-element_type=\"container\" data-e-type=\"container\" data-settings=\"{&quot;animation&quot;:&quot;fadeInRight&quot;}\">\n\t\t\t\t\t<div class=\"e-con-inner\">\n\t\t\t\t<div class=\"elementor-element elementor-element-249be19 elementor-widget elementor-widget-heading\" data-id=\"249be19\" data-element_type=\"widget\" data-e-type=\"widget\" data-widget_type=\"heading.default\">\n\t\t\t\t<div class=\"elementor-widget-container\">\n\t\t\t\t\t<h1 class=\"elementor-heading-title elementor-size-default\">Habitat:<\/h1>\t\t\t\t<\/div>\n\t\t\t\t<\/div>\n\t\t\t\t<div class=\"elementor-element elementor-element-f4a71c8 elementor-widget elementor-widget-text-editor\" data-id=\"f4a71c8\" data-element_type=\"widget\" data-e-type=\"widget\" data-widget_type=\"text-editor.default\">\n\t\t\t\t<div class=\"elementor-widget-container\">\n\t\t\t\t\t\t\t\t\t<p>Cerbul lop\u0103tar\u00a0 tr\u0103ie\u0219te, \u00een principal, \u00een zonele \u00eemp\u0103durite. El prefer\u0103 p\u0103duri de foioase vechi, de diferite densit\u0103\u021bi, intercalate cu zone de iarb\u0103, dar se \u00eent\u00e2lnesc \u0219i \u00een p\u0103duri mixte, zone cu vegeta\u021bie subalpin\u0103, p\u0103\u0219uni, savan\u0103.<\/p>\t\t\t\t\t\t\t\t<\/div>\n\t\t\t\t<\/div>\n\t\t\t\t\t<\/div>\n\t\t\t\t<\/div>\n\t\t<div class=\"elementor-element elementor-element-60b2703b e-grid e-con-boxed e-con e-parent\" data-id=\"60b2703b\" data-element_type=\"container\" data-e-type=\"container\">\n\t\t\t\t\t<div class=\"e-con-inner\">\n\t\t<div class=\"elementor-element elementor-element-2ab070b9 e-con-full animated-slow e-flex elementor-invisible e-con e-child\" data-id=\"2ab070b9\" data-element_type=\"container\" data-e-type=\"container\" data-settings=\"{&quot;animation&quot;:&quot;fadeInLeft&quot;}\">\n\t\t\t\t<div class=\"elementor-element elementor-element-635015ae elementor-widget elementor-widget-heading\" data-id=\"635015ae\" data-element_type=\"widget\" data-e-type=\"widget\" data-widget_type=\"heading.default\">\n\t\t\t\t<div class=\"elementor-widget-container\">\n\t\t\t\t\t<h1 class=\"elementor-heading-title elementor-size-default\">Hran\u0103:<\/h1>\t\t\t\t<\/div>\n\t\t\t\t<\/div>\n\t\t\t\t<div class=\"elementor-element elementor-element-778a2e21 elementor-widget elementor-widget-text-editor\" data-id=\"778a2e21\" data-element_type=\"widget\" data-e-type=\"widget\" data-widget_type=\"text-editor.default\">\n\t\t\t\t<div class=\"elementor-widget-container\">\n\t\t\t\t\t\t\t\t\t<p>Cerbul lop\u0103tar consum\u0103 o varietate de vegeta\u021bie, de obicei, ierburi. Alte elemente din dieta lor pot include, arbusti pitici, frunze, muguri, l\u0103stari \u0219i coaj\u0103. Hrana este adaptabil\u0103 \u0219i depinde de sezon \u0219i disponibilitate. Perioadele lor de v\u00e2rf de hr\u0103nire sunt, de obicei, la amurg \u0219i zori, dar pot, de asemenea, s\u0103 se hr\u0103neasc\u0103 \u0219i de-a lungul zilei.<\/p>\t\t\t\t\t\t\t\t<\/div>\n\t\t\t\t<\/div>\n\t\t\t\t<\/div>\n\t\t<div class=\"elementor-element elementor-element-20a8a707 e-con-full animated-slow e-flex elementor-invisible e-con e-child\" data-id=\"20a8a707\" data-element_type=\"container\" data-e-type=\"container\" data-settings=\"{&quot;animation&quot;:&quot;fadeInRight&quot;}\">\n\t\t\t\t<div class=\"elementor-element elementor-element-44b9c6c elementor-widget elementor-widget-heading\" data-id=\"44b9c6c\" data-element_type=\"widget\" data-e-type=\"widget\" data-widget_type=\"heading.default\">\n\t\t\t\t<div class=\"elementor-widget-container\">\n\t\t\t\t\t<h1 class=\"elementor-heading-title elementor-size-default\">Conservare:<\/h1>\t\t\t\t<\/div>\n\t\t\t\t<\/div>\n\t\t\t\t<div class=\"elementor-element elementor-element-2732ea71 elementor-widget elementor-widget-text-editor\" data-id=\"2732ea71\" data-element_type=\"widget\" data-e-type=\"widget\" data-widget_type=\"text-editor.default\">\n\t\t\t\t<div class=\"elementor-widget-container\">\n\t\t\t\t\t\t\t\t\t<p>Cerbul lop\u0103tar \u00een Rom\u00e2nia este protejat prin lege. Pe Lista Ro\u015fie IUCN apare cu risc sc\u0103zut.<\/p>\t\t\t\t\t\t\t\t<\/div>\n\t\t\t\t<\/div>\n\t\t\t\t<\/div>\n\t\t\t\t\t<\/div>\n\t\t\t\t<\/div>\n\t\t\t\t<\/div>","protected":false},"excerpt":{"rendered":"<p>Cerb Lop\u0103tar Nume \u0219tiin\u021bific: Dama damaClasa: MamifereOrdin: ArtiodactylaFamilie: CervidaeGen: DamaSpecie: D. damaDistribu\u021bie: \u00cent\u00e2lnit\u0103 \u00een toat\u0103 Europa (cu excep\u021bia regiunilor nordice), Asia Mic\u0103 \u0219i \u00een unele regiuni din America de Nord. A fost introdus\u0103 \u00een multe \u021b\u0103ri Dimensiuni:\u2013 Lungimea corpului: 1\u20131,7 m\u2013 Coada: 0,16\u20130,19 m Greutate:\u2013 Mascul: 63\u2013103 kg\u2013 Femel\u0103: 29\u201354 kg \u00a0 General: Cerbii sunt &hellip; <a href=\"https:\/\/bucurestizoo.ro\/en\/cerb-lopatar\/\" class=\"more-link\">Continue reading <span class=\"screen-reader-text\">Cerb lop\u0103tar<\/span><\/a><\/p>","protected":false},"author":1,"featured_media":0,"parent":0,"menu_order":0,"comment_status":"closed","ping_status":"closed","template":"","meta":{"_monsterinsights_skip_tracking":false,"_monsterinsights_sitenote_active":false,"_monsterinsights_sitenote_note":"","_monsterinsights_sitenote_category":0,"footnotes":""},"class_list":["post-11744","page","type-page","status-publish","hentry"],"aioseo_notices":[],"_links":{"self":[{"href":"https:\/\/bucurestizoo.ro\/en\/wp-json\/wp\/v2\/pages\/11744","targetHints":{"allow":["GET"]}}],"collection":[{"href":"https:\/\/bucurestizoo.ro\/en\/wp-json\/wp\/v2\/pages"}],"about":[{"href":"https:\/\/bucurestizoo.ro\/en\/wp-json\/wp\/v2\/types\/page"}],"author":[{"embeddable":true,"href":"https:\/\/bucurestizoo.ro\/en\/wp-json\/wp\/v2\/users\/1"}],"replies":[{"embeddable":true,"href":"https:\/\/bucurestizoo.ro\/en\/wp-json\/wp\/v2\/comments?post=11744"}],"version-history":[{"count":13,"href":"https:\/\/bucurestizoo.ro\/en\/wp-json\/wp\/v2\/pages\/11744\/revisions"}],"predecessor-version":[{"id":14934,"href":"https:\/\/bucurestizoo.ro\/en\/wp-json\/wp\/v2\/pages\/11744\/revisions\/14934"}],"wp:attachment":[{"href":"https:\/\/bucurestizoo.ro\/en\/wp-json\/wp\/v2\/media?parent=11744"}],"curies":[{"name":"wp","href":"https:\/\/api.w.org\/{rel}","templated":true}]}}