{"id":11742,"date":"2024-12-09T12:39:51","date_gmt":"2024-12-09T10:39:51","guid":{"rendered":"https:\/\/n1.bucurestizoo.ro\/?page_id=11742"},"modified":"2025-02-19T17:33:29","modified_gmt":"2025-02-19T15:33:29","slug":"caprior-european","status":"publish","type":"page","link":"https:\/\/bucurestizoo.ro\/en\/caprior-european\/","title":{"rendered":"C\u0103prior european"},"content":{"rendered":"<div data-elementor-type=\"wp-page\" data-elementor-id=\"11742\" class=\"elementor elementor-11742\" data-elementor-post-type=\"page\">\n\t\t\t\t<div class=\"elementor-element elementor-element-5179e6e7 e-flex e-con-boxed e-con e-parent\" data-id=\"5179e6e7\" data-element_type=\"container\" data-e-type=\"container\" data-settings=\"{&quot;background_background&quot;:&quot;classic&quot;}\">\n\t\t\t\t\t<div class=\"e-con-inner\">\n\t\t<div class=\"elementor-element elementor-element-141f90ec e-con-full e-flex e-con e-child\" data-id=\"141f90ec\" data-element_type=\"container\" data-e-type=\"container\">\n\t\t<div class=\"elementor-element elementor-element-5004518e e-con-full animated-slow e-flex elementor-invisible e-con e-child\" data-id=\"5004518e\" data-element_type=\"container\" data-e-type=\"container\" data-settings=\"{&quot;animation&quot;:&quot;fadeInLeft&quot;}\">\n\t\t\t\t<div class=\"elementor-element elementor-element-1df36e97 elementor-widget elementor-widget-heading\" data-id=\"1df36e97\" data-element_type=\"widget\" data-e-type=\"widget\" data-widget_type=\"heading.default\">\n\t\t\t\t<div class=\"elementor-widget-container\">\n\t\t\t\t\t<h1 class=\"elementor-heading-title elementor-size-default\">C\u0103priorul European<\/h1>\t\t\t\t<\/div>\n\t\t\t\t<\/div>\n\t\t\t\t<div class=\"elementor-element elementor-element-77bf06b6 elementor-widget elementor-widget-text-editor\" data-id=\"77bf06b6\" data-element_type=\"widget\" data-e-type=\"widget\" data-widget_type=\"text-editor.default\">\n\t\t\t\t<div class=\"elementor-widget-container\">\n\t\t\t\t\t\t\t\t\t<p><strong data-start=\"0\" data-end=\"25\">Denumire \u0219tiin\u021bific\u0103:<\/strong> Capreolus capreolus<br data-start=\"45\" data-end=\"48\" \/><strong data-start=\"48\" data-end=\"58\">Ordin:<\/strong> Artiodactyla<br data-start=\"71\" data-end=\"74\" \/><strong data-start=\"74\" data-end=\"86\">Familie:<\/strong> Cervidae<br data-start=\"95\" data-end=\"98\" \/><strong data-start=\"98\" data-end=\"106\">Gen:<\/strong> Capreolus<br data-start=\"116\" data-end=\"119\" \/><strong data-start=\"119\" data-end=\"130\">Specie:<\/strong> Capreolus capreolus<br data-start=\"150\" data-end=\"153\" \/><strong data-start=\"153\" data-end=\"169\">Distribu\u021bie:<\/strong> Europa \u0219i vestul Asiei<br data-start=\"192\" data-end=\"195\" \/><strong data-start=\"195\" data-end=\"210\">Dimensiuni:<\/strong> 95-135 cm lungime, \u00een\u0103l\u021bime la um\u0103r 65-75 cm<br data-start=\"255\" data-end=\"258\" \/><strong data-start=\"258\" data-end=\"271\">Greutate:<\/strong> 15-35 kg<br data-start=\"280\" data-end=\"283\" \/><strong data-start=\"283\" data-end=\"308\">Perioada de gesta\u021bie:<\/strong> 280-300 zile (inclusiv pauza embrionar\u0103)<br data-start=\"349\" data-end=\"352\" \/><strong data-start=\"352\" data-end=\"369\">Num\u0103r de pui:<\/strong> 1-3<br data-start=\"373\" data-end=\"376\" \/><strong data-start=\"376\" data-end=\"398\">Speran\u021b\u0103 de via\u021b\u0103:<\/strong> 10-13 ani \u00een s\u0103lb\u0103ticie, \u00een captivitate mai mult<\/p>\t\t\t\t\t\t\t\t<\/div>\n\t\t\t\t<\/div>\n\t\t\t\t<\/div>\n\t\t\t\t<div class=\"elementor-element elementor-element-5309cfba elementor-widget-tablet__width-inherit animated-slow elementor-invisible elementor-widget elementor-widget-image\" data-id=\"5309cfba\" data-element_type=\"widget\" data-e-type=\"widget\" data-settings=\"{&quot;_animation&quot;:&quot;fadeInRight&quot;}\" data-widget_type=\"image.default\">\n\t\t\t\t<div class=\"elementor-widget-container\">\n\t\t\t\t\t\t\t\t\t\t\t\t\t\t\t<img fetchpriority=\"high\" decoding=\"async\" width=\"847\" height=\"567\" src=\"https:\/\/bucurestizoo.ro\/wp-content\/uploads\/2025\/02\/Caprior-european_2-1024x685.jpg\" class=\"attachment-large size-large wp-image-13233\" alt=\"\" srcset=\"https:\/\/bucurestizoo.ro\/wp-content\/uploads\/2025\/02\/Caprior-european_2-1024x685.jpg 1024w, https:\/\/bucurestizoo.ro\/wp-content\/uploads\/2025\/02\/Caprior-european_2-300x201.jpg 300w, https:\/\/bucurestizoo.ro\/wp-content\/uploads\/2025\/02\/Caprior-european_2-768x514.jpg 768w, https:\/\/bucurestizoo.ro\/wp-content\/uploads\/2025\/02\/Caprior-european_2-1536x1028.jpg 1536w, https:\/\/bucurestizoo.ro\/wp-content\/uploads\/2025\/02\/Caprior-european_2-2048x1371.jpg 2048w, https:\/\/bucurestizoo.ro\/wp-content\/uploads\/2025\/02\/Caprior-european_2-448x300.jpg 448w, https:\/\/bucurestizoo.ro\/wp-content\/uploads\/2025\/02\/Caprior-european_2-650x435.jpg 650w\" sizes=\"(max-width: 847px) 100vw, 847px\" data-id=\"13233\" \/>\t\t\t\t\t\t\t\t\t\t\t\t\t\t\t<\/div>\n\t\t\t\t<\/div>\n\t\t\t\t<\/div>\n\t\t\t\t\t<\/div>\n\t\t\t\t<\/div>\n\t\t<div class=\"elementor-element elementor-element-6a1fb460 animated-slow e-flex e-con-boxed elementor-invisible e-con e-parent\" data-id=\"6a1fb460\" data-element_type=\"container\" data-e-type=\"container\" data-settings=\"{&quot;animation&quot;:&quot;fadeInLeft&quot;}\">\n\t\t\t\t\t<div class=\"e-con-inner\">\n\t\t\t\t<div class=\"elementor-element elementor-element-77cac94b elementor-widget elementor-widget-heading\" data-id=\"77cac94b\" data-element_type=\"widget\" data-e-type=\"widget\" data-widget_type=\"heading.default\">\n\t\t\t\t<div class=\"elementor-widget-container\">\n\t\t\t\t\t<h1 class=\"elementor-heading-title elementor-size-default\">General:<\/h1>\t\t\t\t<\/div>\n\t\t\t\t<\/div>\n\t\t\t\t<div class=\"elementor-element elementor-element-1e96e318 elementor-widget elementor-widget-text-editor\" data-id=\"1e96e318\" data-element_type=\"widget\" data-e-type=\"widget\" data-widget_type=\"text-editor.default\">\n\t\t\t\t<div class=\"elementor-widget-container\">\n\t\t\t\t\t\t\t\t\t<p>C\u0103priorii sunt mamifere rumeg\u0103toare care formeaz\u0103 familia Cervidae. C\u0103priorul se remarc\u0103 prin corpul s\u0103u bine propor\u021bionat \u0219i gra\u021bios, relativ scurt, cu lungimea de 1-1,3 m, \u00een\u0103l\u021bimea la greab\u0103n de 0,65-1 m \u0219i greutatea de 15-30 kg. Masculul este mai mare dec\u00e2t femela \u0219i mai robust, dar se diferen\u021biaz\u0103 \u0219i prin podoaba capilar\u0103 \u2013 coarnele robuste de 20-30 cm.<\/p><p>\u00a0 Corpul este acoperit de blana moale cu un colorit \u00een nuan\u021be maronii-ro\u0219cate. Coada este scurt\u0103, m\u0103soar\u0103 doar 5 cm., g\u00e2tul este lung \u0219i sub\u021bire, capul este mic \u0219i frumos alc\u0103tuit. Ochii sunt mari \u0219i expresivi, au irisul de culoare maro-\u00eenchis, sunt bl\u00e2nzi \u0219i proeminen\u021bi.<\/p><p>\u00a0 Urechile sunt mari, mobile, lungi \u0219i ovale, cu v\u00e2rful ascu\u021bit \u0219i acoperite de fire scurte de p\u0103r. Sim\u021burile auditiv, vizual \u0219i olfactiv sunt bine dezvoltate.<\/p><p>\u00a0 Membrele anterioare, dar \u0219i cele posterioare sunt sub\u021biri \u0219i lungi, au gheare copitate, mici, mu\u0219chii coapselor sunt foarte bine dezvolta\u021bi.<\/p><p>\u00a0 C\u0103priorul alearg\u0103 sprinten \u0219i destul de rapid, sau se plimb\u0103 tacticos pentru a pa\u0219te \u0219i a rumega frunze \u0219i fire de iarb\u0103, precaut \u0219i atent la tot ce se \u00eent\u00e2mpl\u0103 \u00een jurul s\u0103u.<\/p><p>\u00a0 C\u0103priorii sunt singurele ungulate care au o perioad\u0103 diferit\u0103 de gesta\u021bie, \u00een func\u021bie de fiecare exemplar \u00een parte \u0219i, prin urmare, ciclul lor de reproducere difer\u0103 de cele ale altor specii, chiar str\u00e2ns legate. Este unul dintre cei mai comuni cervizi din Europa. C\u0103priorii pot \u201el\u0103tra\u201d pentru a avertiza despre pericole!<\/p>\t\t\t\t\t\t\t\t<\/div>\n\t\t\t\t<\/div>\n\t\t\t\t\t<\/div>\n\t\t\t\t<\/div>\n\t\t<div class=\"elementor-element elementor-element-d62216c e-flex e-con-boxed e-con e-parent\" data-id=\"d62216c\" data-element_type=\"container\" data-e-type=\"container\">\n\t\t\t\t\t<div class=\"e-con-inner\">\n\t\t\t\t<div class=\"elementor-element elementor-element-4d2dc7fc elementor-widget elementor-widget-gallery\" data-id=\"4d2dc7fc\" data-element_type=\"widget\" data-e-type=\"widget\" data-settings=\"{&quot;columns&quot;:2,&quot;lazyload&quot;:&quot;yes&quot;,&quot;gallery_layout&quot;:&quot;grid&quot;,&quot;columns_tablet&quot;:2,&quot;columns_mobile&quot;:1,&quot;gap&quot;:{&quot;unit&quot;:&quot;px&quot;,&quot;size&quot;:10,&quot;sizes&quot;:[]},&quot;gap_tablet&quot;:{&quot;unit&quot;:&quot;px&quot;,&quot;size&quot;:10,&quot;sizes&quot;:[]},&quot;gap_mobile&quot;:{&quot;unit&quot;:&quot;px&quot;,&quot;size&quot;:10,&quot;sizes&quot;:[]},&quot;link_to&quot;:&quot;file&quot;,&quot;aspect_ratio&quot;:&quot;3:2&quot;,&quot;overlay_background&quot;:&quot;yes&quot;,&quot;content_hover_animation&quot;:&quot;fade-in&quot;}\" data-widget_type=\"gallery.default\">\n\t\t\t\t<div class=\"elementor-widget-container\">\n\t\t\t\t\t\t\t<div class=\"elementor-gallery__container\">\n\t\t\t\t\t\t\t<a class=\"e-gallery-item elementor-gallery-item elementor-animated-content\" href=\"https:\/\/bucurestizoo.ro\/wp-content\/uploads\/2024\/12\/caprior-3-e1733772835146.jpg\" data-elementor-open-lightbox=\"yes\" data-elementor-lightbox-slideshow=\"4d2dc7fc\" data-elementor-lightbox-title=\"caprior 3\" data-e-action-hash=\"#elementor-action%3Aaction%3Dlightbox%26settings%3DeyJpZCI6MTE4NTgsInVybCI6Imh0dHBzOlwvXC9idWN1cmVzdGl6b28ucm9cL3dwLWNvbnRlbnRcL3VwbG9hZHNcLzIwMjRcLzEyXC9jYXByaW9yLTMtZTE3MzM3NzI4MzUxNDYuanBnIiwic2xpZGVzaG93IjoiNGQyZGM3ZmMifQ%3D%3D\">\n\t\t\t\t\t<div class=\"e-gallery-image elementor-gallery-item__image\" data-thumbnail=\"https:\/\/bucurestizoo.ro\/wp-content\/uploads\/2024\/12\/caprior-3-e1733772835146-1024x572.jpg\" data-width=\"847\" data-height=\"473\" aria-label=\"\" role=\"img\" ><\/div>\n\t\t\t\t\t\t\t\t\t\t\t<div class=\"elementor-gallery-item__overlay\"><\/div>\n\t\t\t\t\t\t\t\t\t\t\t\t\t\t<\/a>\n\t\t\t\t\t\t\t<a class=\"e-gallery-item elementor-gallery-item elementor-animated-content\" href=\"https:\/\/bucurestizoo.ro\/wp-content\/uploads\/2024\/12\/capror-european.jpg\" data-elementor-open-lightbox=\"yes\" data-elementor-lightbox-slideshow=\"4d2dc7fc\" data-elementor-lightbox-title=\"caprior european 2\" data-e-action-hash=\"#elementor-action%3Aaction%3Dlightbox%26settings%3DeyJpZCI6MTE0NTMsInVybCI6Imh0dHBzOlwvXC9idWN1cmVzdGl6b28ucm9cL3dwLWNvbnRlbnRcL3VwbG9hZHNcLzIwMjRcLzEyXC9jYXByb3ItZXVyb3BlYW4uanBnIiwic2xpZGVzaG93IjoiNGQyZGM3ZmMifQ%3D%3D\">\n\t\t\t\t\t<div class=\"e-gallery-image elementor-gallery-item__image\" data-thumbnail=\"https:\/\/bucurestizoo.ro\/wp-content\/uploads\/2024\/12\/capror-european.jpg\" data-width=\"847\" data-height=\"565\" aria-label=\"\" role=\"img\" ><\/div>\n\t\t\t\t\t\t\t\t\t\t\t<div class=\"elementor-gallery-item__overlay\"><\/div>\n\t\t\t\t\t\t\t\t\t\t\t\t\t\t<\/a>\n\t\t\t\t\t<\/div>\n\t\t\t\t\t<\/div>\n\t\t\t\t<\/div>\n\t\t\t\t\t<\/div>\n\t\t\t\t<\/div>\n\t\t<div class=\"elementor-element elementor-element-48c1474f animated-slow e-flex e-con-boxed elementor-invisible e-con e-parent\" data-id=\"48c1474f\" data-element_type=\"container\" data-e-type=\"container\" data-settings=\"{&quot;animation&quot;:&quot;fadeInRight&quot;}\">\n\t\t\t\t\t<div class=\"e-con-inner\">\n\t\t\t\t<div class=\"elementor-element elementor-element-3d014e97 elementor-widget elementor-widget-heading\" data-id=\"3d014e97\" data-element_type=\"widget\" data-e-type=\"widget\" data-widget_type=\"heading.default\">\n\t\t\t\t<div class=\"elementor-widget-container\">\n\t\t\t\t\t<h1 class=\"elementor-heading-title elementor-size-default\">Habitat:<\/h1>\t\t\t\t<\/div>\n\t\t\t\t<\/div>\n\t\t\t\t<div class=\"elementor-element elementor-element-5c8e49ba elementor-widget elementor-widget-text-editor\" data-id=\"5c8e49ba\" data-element_type=\"widget\" data-e-type=\"widget\" data-widget_type=\"text-editor.default\">\n\t\t\t\t<div class=\"elementor-widget-container\">\n\t\t\t\t\t\t\t\t\t<p>P\u0103duri mixte, zone Agricole. C\u0103priorul tr\u0103ie\u0219te \u00eentr-o varietate de zone geografice, de la tundr\u0103 la p\u0103durile tropicale. De\u0219i, adeseori, asocia\u021bi cu p\u0103durile, mul\u021bi c\u0103priori, \u00een special cei europeni, sunt specii ecotone care tr\u0103iesc \u00een zonele de tranzi\u021bie \u00eentre p\u0103duri \u0219i tufi\u0219uri (pentru acoperire) \u0219i prerie \u0219i savan\u0103 (spa\u021biu deschis). Majoritatea c\u0103priorilor locuiesc \u00een p\u0103durea mixt\u0103 \u0219i \u00een cele de conifere montane mixte.<\/p>\t\t\t\t\t\t\t\t<\/div>\n\t\t\t\t<\/div>\n\t\t\t\t\t<\/div>\n\t\t\t\t<\/div>\n\t\t<div class=\"elementor-element elementor-element-1473deed e-grid e-con-boxed e-con e-parent\" data-id=\"1473deed\" data-element_type=\"container\" data-e-type=\"container\">\n\t\t\t\t\t<div class=\"e-con-inner\">\n\t\t<div class=\"elementor-element elementor-element-5e6742d1 e-con-full animated-slow e-flex elementor-invisible e-con e-child\" data-id=\"5e6742d1\" data-element_type=\"container\" data-e-type=\"container\" data-settings=\"{&quot;animation&quot;:&quot;fadeInLeft&quot;}\">\n\t\t\t\t<div class=\"elementor-element elementor-element-61fefda0 elementor-widget elementor-widget-heading\" data-id=\"61fefda0\" data-element_type=\"widget\" data-e-type=\"widget\" data-widget_type=\"heading.default\">\n\t\t\t\t<div class=\"elementor-widget-container\">\n\t\t\t\t\t<h1 class=\"elementor-heading-title elementor-size-default\">Hran\u0103:<\/h1>\t\t\t\t<\/div>\n\t\t\t\t<\/div>\n\t\t\t\t<div class=\"elementor-element elementor-element-652ab8fb elementor-widget elementor-widget-text-editor\" data-id=\"652ab8fb\" data-element_type=\"widget\" data-e-type=\"widget\" data-widget_type=\"text-editor.default\">\n\t\t\t\t<div class=\"elementor-widget-container\">\n\t\t\t\t\t\t\t\t\t<p>Frunze, l\u0103stari, ierburi, fructi. C\u0103priorii sunt erbivore \u0219i se hr\u0103nesc \u00een primul r\u00e2nd cu frunze. Ace\u0219tia au stomacuri mici \u0219i nu au cerin\u021be mari de nutri\u021bie. C\u0103priorii au nevoie de o cantitate mare de minerale, cum ar fi calciu \u0219i fosfat, pentru a sus\u021bine cre\u0219terea de coarne, iar acest lucru necesit\u0103 o diet\u0103 bogat\u0103 \u00een nutrien\u021bi.<\/p>\t\t\t\t\t\t\t\t<\/div>\n\t\t\t\t<\/div>\n\t\t\t\t<\/div>\n\t\t<div class=\"elementor-element elementor-element-59a24f9e e-con-full animated-slow e-flex elementor-invisible e-con e-child\" data-id=\"59a24f9e\" data-element_type=\"container\" data-e-type=\"container\" data-settings=\"{&quot;animation&quot;:&quot;fadeInRight&quot;}\">\n\t\t\t\t<div class=\"elementor-element elementor-element-18472bf8 elementor-widget elementor-widget-heading\" data-id=\"18472bf8\" data-element_type=\"widget\" data-e-type=\"widget\" data-widget_type=\"heading.default\">\n\t\t\t\t<div class=\"elementor-widget-container\">\n\t\t\t\t\t<h1 class=\"elementor-heading-title elementor-size-default\">Conservare:<\/h1>\t\t\t\t<\/div>\n\t\t\t\t<\/div>\n\t\t\t\t<div class=\"elementor-element elementor-element-4ae98345 elementor-widget elementor-widget-text-editor\" data-id=\"4ae98345\" data-element_type=\"widget\" data-e-type=\"widget\" data-widget_type=\"text-editor.default\">\n\t\t\t\t<div class=\"elementor-widget-container\">\n\t\t\t\t\t\t\t\t\t<p>Popula\u021bia este stabil\u0103. C\u0103priorul apare pe Lista Ro\u015fie IUCN cu risc sc\u0103zut; \u00een Rom\u00e2nia este o specie ocrotit\u0103 prin lege.<\/p>\t\t\t\t\t\t\t\t<\/div>\n\t\t\t\t<\/div>\n\t\t\t\t<\/div>\n\t\t\t\t\t<\/div>\n\t\t\t\t<\/div>\n\t\t\t\t<\/div>","protected":false},"excerpt":{"rendered":"<p>C\u0103priorul European Denumire \u0219tiin\u021bific\u0103: Capreolus capreolusOrdin: ArtiodactylaFamilie: CervidaeGen: CapreolusSpecie: Capreolus capreolusDistribu\u021bie: Europa \u0219i vestul AsieiDimensiuni: 95-135 cm lungime, \u00een\u0103l\u021bime la um\u0103r 65-75 cmGreutate: 15-35 kgPerioada de gesta\u021bie: 280-300 zile (inclusiv pauza embrionar\u0103)Num\u0103r de pui: 1-3Speran\u021b\u0103 de via\u021b\u0103: 10-13 ani \u00een s\u0103lb\u0103ticie, \u00een captivitate mai mult General: C\u0103priorii sunt mamifere rumeg\u0103toare care formeaz\u0103 familia Cervidae. C\u0103priorul &hellip; <a href=\"https:\/\/bucurestizoo.ro\/en\/caprior-european\/\" class=\"more-link\">Continue reading <span class=\"screen-reader-text\">C\u0103prior european<\/span><\/a><\/p>","protected":false},"author":1,"featured_media":0,"parent":0,"menu_order":0,"comment_status":"closed","ping_status":"closed","template":"","meta":{"_monsterinsights_skip_tracking":false,"_monsterinsights_sitenote_active":false,"_monsterinsights_sitenote_note":"","_monsterinsights_sitenote_category":0,"footnotes":""},"class_list":["post-11742","page","type-page","status-publish","hentry"],"aioseo_notices":[],"_links":{"self":[{"href":"https:\/\/bucurestizoo.ro\/en\/wp-json\/wp\/v2\/pages\/11742","targetHints":{"allow":["GET"]}}],"collection":[{"href":"https:\/\/bucurestizoo.ro\/en\/wp-json\/wp\/v2\/pages"}],"about":[{"href":"https:\/\/bucurestizoo.ro\/en\/wp-json\/wp\/v2\/types\/page"}],"author":[{"embeddable":true,"href":"https:\/\/bucurestizoo.ro\/en\/wp-json\/wp\/v2\/users\/1"}],"replies":[{"embeddable":true,"href":"https:\/\/bucurestizoo.ro\/en\/wp-json\/wp\/v2\/comments?post=11742"}],"version-history":[{"count":7,"href":"https:\/\/bucurestizoo.ro\/en\/wp-json\/wp\/v2\/pages\/11742\/revisions"}],"predecessor-version":[{"id":13500,"href":"https:\/\/bucurestizoo.ro\/en\/wp-json\/wp\/v2\/pages\/11742\/revisions\/13500"}],"wp:attachment":[{"href":"https:\/\/bucurestizoo.ro\/en\/wp-json\/wp\/v2\/media?parent=11742"}],"curies":[{"name":"wp","href":"https:\/\/api.w.org\/{rel}","templated":true}]}}