{"id":11740,"date":"2024-12-09T12:39:23","date_gmt":"2024-12-09T10:39:23","guid":{"rendered":"https:\/\/n1.bucurestizoo.ro\/?page_id=11740"},"modified":"2025-02-20T15:54:51","modified_gmt":"2025-02-20T13:54:51","slug":"camila-bactrian","status":"publish","type":"page","link":"https:\/\/bucurestizoo.ro\/en\/camila-bactrian\/","title":{"rendered":"C\u0103mila Bactrian"},"content":{"rendered":"<div data-elementor-type=\"wp-page\" data-elementor-id=\"11740\" class=\"elementor elementor-11740\" data-elementor-post-type=\"page\">\n\t\t\t\t<div class=\"elementor-element elementor-element-20fb5144 e-flex e-con-boxed e-con e-parent\" data-id=\"20fb5144\" data-element_type=\"container\" data-e-type=\"container\" data-settings=\"{&quot;background_background&quot;:&quot;classic&quot;}\">\n\t\t\t\t\t<div class=\"e-con-inner\">\n\t\t<div class=\"elementor-element elementor-element-4731d5d5 e-con-full e-flex e-con e-child\" data-id=\"4731d5d5\" data-element_type=\"container\" data-e-type=\"container\">\n\t\t<div class=\"elementor-element elementor-element-8ea761e e-con-full animated-slow e-flex elementor-invisible e-con e-child\" data-id=\"8ea761e\" data-element_type=\"container\" data-e-type=\"container\" data-settings=\"{&quot;animation&quot;:&quot;fadeInLeft&quot;}\">\n\t\t\t\t<div class=\"elementor-element elementor-element-61c703c8 elementor-widget elementor-widget-heading\" data-id=\"61c703c8\" data-element_type=\"widget\" data-e-type=\"widget\" data-widget_type=\"heading.default\">\n\t\t\t\t<div class=\"elementor-widget-container\">\n\t\t\t\t\t<h1 class=\"elementor-heading-title elementor-size-default\">C\u0103mila bactrian\u0103<\/h1>\t\t\t\t<\/div>\n\t\t\t\t<\/div>\n\t\t\t\t<div class=\"elementor-element elementor-element-5835303e elementor-widget elementor-widget-text-editor\" data-id=\"5835303e\" data-element_type=\"widget\" data-e-type=\"widget\" data-widget_type=\"text-editor.default\">\n\t\t\t\t<div class=\"elementor-widget-container\">\n\t\t\t\t\t\t\t\t\t<ul><li><b> Denumire \u0219tiin\u021bific\u0103: Camelus bactrianus<\/b><\/li><li><b> Ordin: Artiodactyla<\/b><\/li><li><b> Familie: Camelidae<\/b><\/li><li><b> Gen: Camelus<\/b><\/li><li><b> Specie: C. bactrianus<\/b><\/li><li><b> Distribu\u021bie: Asia Central\u0103<\/b><\/li><li><b> Dimensiuni: 2,3-3,5 m lungime, 1,8-2,3 m la greab\u0103n<\/b><\/li><li><b> Greutate: 400-700 kg<\/b><\/li><li><b> Perioada de gesta\u021bie: 360-420 zile<\/b><\/li><li><b> Num\u0103r de pui: 1-2<\/b><\/li><li><b> Speran\u021b\u0103 de via\u021b\u0103: 30 ani \u00een s\u0103lb\u0103ticie, \u00een captivitate mai mult<\/b><\/li><\/ul>\t\t\t\t\t\t\t\t<\/div>\n\t\t\t\t<\/div>\n\t\t\t\t<\/div>\n\t\t\t\t<div class=\"elementor-element elementor-element-6c8a58d9 elementor-widget-tablet__width-inherit animated-slow elementor-invisible elementor-widget elementor-widget-image\" data-id=\"6c8a58d9\" data-element_type=\"widget\" data-e-type=\"widget\" data-settings=\"{&quot;_animation&quot;:&quot;fadeInRight&quot;}\" data-widget_type=\"image.default\">\n\t\t\t\t<div class=\"elementor-widget-container\">\n\t\t\t\t\t\t\t\t\t\t\t\t\t\t\t<img fetchpriority=\"high\" decoding=\"async\" width=\"847\" height=\"574\" src=\"https:\/\/bucurestizoo.ro\/wp-content\/uploads\/2025\/02\/camila-bactrian-dt_1-Large-1024x694.jpeg\" class=\"attachment-large size-large wp-image-13638\" alt=\"\" srcset=\"https:\/\/bucurestizoo.ro\/wp-content\/uploads\/2025\/02\/camila-bactrian-dt_1-Large-1024x694.jpeg 1024w, https:\/\/bucurestizoo.ro\/wp-content\/uploads\/2025\/02\/camila-bactrian-dt_1-Large-300x203.jpeg 300w, https:\/\/bucurestizoo.ro\/wp-content\/uploads\/2025\/02\/camila-bactrian-dt_1-Large-768x521.jpeg 768w, https:\/\/bucurestizoo.ro\/wp-content\/uploads\/2025\/02\/camila-bactrian-dt_1-Large-442x300.jpeg 442w, https:\/\/bucurestizoo.ro\/wp-content\/uploads\/2025\/02\/camila-bactrian-dt_1-Large-650x441.jpeg 650w, https:\/\/bucurestizoo.ro\/wp-content\/uploads\/2025\/02\/camila-bactrian-dt_1-Large.jpeg 1280w\" sizes=\"(max-width: 847px) 100vw, 847px\" data-id=\"13638\" \/>\t\t\t\t\t\t\t\t\t\t\t\t\t\t\t<\/div>\n\t\t\t\t<\/div>\n\t\t\t\t<\/div>\n\t\t\t\t\t<\/div>\n\t\t\t\t<\/div>\n\t\t<div class=\"elementor-element elementor-element-36b9a1a7 animated-slow e-flex e-con-boxed elementor-invisible e-con e-parent\" data-id=\"36b9a1a7\" data-element_type=\"container\" data-e-type=\"container\" data-settings=\"{&quot;animation&quot;:&quot;fadeInLeft&quot;}\">\n\t\t\t\t\t<div class=\"e-con-inner\">\n\t\t\t\t<div class=\"elementor-element elementor-element-3731fba5 elementor-widget elementor-widget-heading\" data-id=\"3731fba5\" data-element_type=\"widget\" data-e-type=\"widget\" data-widget_type=\"heading.default\">\n\t\t\t\t<div class=\"elementor-widget-container\">\n\t\t\t\t\t<h1 class=\"elementor-heading-title elementor-size-default\">General:<\/h1>\t\t\t\t<\/div>\n\t\t\t\t<\/div>\n\t\t\t\t<div class=\"elementor-element elementor-element-e12c75f elementor-widget elementor-widget-text-editor\" data-id=\"e12c75f\" data-element_type=\"widget\" data-e-type=\"widget\" data-widget_type=\"text-editor.default\">\n\t\t\t\t<div class=\"elementor-widget-container\">\n\t\t\t\t\t\t\t\t\t<p>C\u0103mila bactrian\u0103 este un mamifer mare \u0219i robust, cu o constitu\u021bie adaptat\u0103 pentru via\u021ba \u00een condi\u021bii extreme. Caracteristic\u0103 principal\u0103 a acestei specii sunt cele dou\u0103 cocoa\u0219e situate pe spatele animalului, care depoziteaz\u0103 gr\u0103sime. Aceste cocoa\u0219e sunt esen\u021biale pentru supravie\u021buirea c\u0103milei \u00een mediul arid, gr\u0103simea stocat\u0103 \u00een ele fiind folosit\u0103 ca surs\u0103 de energie atunci c\u00e2nd hrana este limitat\u0103. M\u0103rimea cocoa\u0219ei se poate schimba, \u00een func\u021bie de cantitatea de alimente pe care o m\u0103n\u00e2nc\u0103 c\u0103milele. C\u00e2nd alimentele sunt limitate, corpul c\u0103milei folose\u0219te gr\u0103simea stocat\u0103 \u00een cocoa\u0219\u0103, provoc\u00e2nd cocoa\u0219a s\u0103 se aplece \u0219i s\u0103 coboare.<\/p><p>\u00a0C\u0103milele bactriane au o blan\u0103 groas\u0103, dens\u0103, de culoare cafenie sau gri, care le protejeaz\u0103 at\u00e2t de frigul extrem al iernii montane, c\u00e2t \u0219i de c\u0103ldura intens\u0103 a verii de\u0219ertice. Femelele dau na\u0219tere de obicei unui singur pui, \u00een perioada de gesta\u021bie de aproximativ 13 luni. Puii sunt bine adapta\u021bi la mediul din primele lor zile de via\u021b\u0103, fiind capabili s\u0103 mearg\u0103 \u0219i s\u0103 urmeze mama \u00eentr-un interval scurt de timp. Cocoa\u0219ele lor sunt mai pu\u021bin dezvoltate la na\u0219tere, dar se formeaz\u0103 pe m\u0103sur\u0103 ce cresc \u0219i se dezvolt\u0103. \u00cen primii doi ani, mama \u0219i puiul r\u0103m\u00e2n foarte aproape unul de cel\u0103lalt. \u00cen cele mai multe cazuri, c\u0103milele tinere stau cu mama lor p\u00e2n\u0103 la v\u00e2rsta de cinci ani, c\u00e2nd ajung la maturitatea sexual\u0103. C\u0103milele bactriane au picioare robuste \u0219i cu copite mari, care le permit s\u0103 se deplaseze u\u0219or pe terenuri dificile, cum ar fi nisipurile mi\u0219c\u0103toare sau st\u00e2ncile. Aceste animale au, de asemenea, ochi mari \u0219i expresivi, proteja\u021bi de gene lungi care le ajut\u0103 s\u0103 resping\u0103 nisipul \u0219i praful din mediu.<\/p><p>C\u0103milele scuip\u0103 \u00eentr-adev\u0103r? Da, \u0219i este foarte nepl\u0103cut. Cu toate acestea, ele nu scuip\u0103 de fapt. \u00ce\u0219i aduc con\u021binutul stomacului, al\u0103turi de saliv\u0103, \u0219i \u00eel proiecteaz\u0103, \u00eel arunc\u0103 \u00een sus. Aceasta este o reac\u021bie destinat\u0103 s\u0103 surprind\u0103, s\u0103 distrag\u0103 aten\u021bia sau s\u0103 deranjeze atunci c\u00e2nd c\u0103mila se simte amenin\u021bat\u0103. Un semn clar c\u0103 o c\u0103mil\u0103 se preg\u0103te\u0219te s\u0103 scuipe este atunci c\u00e2nd obrajii ei se umplu \u0219i se umfl\u0103.<\/p>\t\t\t\t\t\t\t\t<\/div>\n\t\t\t\t<\/div>\n\t\t\t\t\t<\/div>\n\t\t\t\t<\/div>\n\t\t<div class=\"elementor-element elementor-element-6796971e e-flex e-con-boxed e-con e-parent\" data-id=\"6796971e\" data-element_type=\"container\" data-e-type=\"container\">\n\t\t\t\t\t<div class=\"e-con-inner\">\n\t\t\t\t<div class=\"elementor-element elementor-element-647b2021 elementor-widget elementor-widget-gallery\" data-id=\"647b2021\" data-element_type=\"widget\" data-e-type=\"widget\" data-settings=\"{&quot;columns&quot;:3,&quot;lazyload&quot;:&quot;yes&quot;,&quot;gallery_layout&quot;:&quot;grid&quot;,&quot;columns_tablet&quot;:2,&quot;columns_mobile&quot;:1,&quot;gap&quot;:{&quot;unit&quot;:&quot;px&quot;,&quot;size&quot;:10,&quot;sizes&quot;:[]},&quot;gap_tablet&quot;:{&quot;unit&quot;:&quot;px&quot;,&quot;size&quot;:10,&quot;sizes&quot;:[]},&quot;gap_mobile&quot;:{&quot;unit&quot;:&quot;px&quot;,&quot;size&quot;:10,&quot;sizes&quot;:[]},&quot;link_to&quot;:&quot;file&quot;,&quot;aspect_ratio&quot;:&quot;3:2&quot;,&quot;overlay_background&quot;:&quot;yes&quot;,&quot;content_hover_animation&quot;:&quot;fade-in&quot;}\" data-widget_type=\"gallery.default\">\n\t\t\t\t<div class=\"elementor-widget-container\">\n\t\t\t\t\t\t\t<div class=\"elementor-gallery__container\">\n\t\t\t\t\t\t\t<a class=\"e-gallery-item elementor-gallery-item elementor-animated-content\" href=\"https:\/\/bucurestizoo.ro\/wp-content\/uploads\/2025\/02\/camila-bactrian-dt_et-Large.jpeg\" data-elementor-open-lightbox=\"yes\" data-elementor-lightbox-slideshow=\"647b2021\" data-elementor-lightbox-title=\"camila bactrian dt_et Large\" data-e-action-hash=\"#elementor-action%3Aaction%3Dlightbox%26settings%3DeyJpZCI6MTM2NDEsInVybCI6Imh0dHBzOlwvXC9idWN1cmVzdGl6b28ucm9cL3dwLWNvbnRlbnRcL3VwbG9hZHNcLzIwMjVcLzAyXC9jYW1pbGEtYmFjdHJpYW4tZHRfZXQtTGFyZ2UuanBlZyIsInNsaWRlc2hvdyI6IjY0N2IyMDIxIn0%3D\">\n\t\t\t\t\t<div class=\"e-gallery-image elementor-gallery-item__image\" data-thumbnail=\"https:\/\/bucurestizoo.ro\/wp-content\/uploads\/2025\/02\/camila-bactrian-dt_et-Large-1024x682.jpeg\" data-width=\"847\" data-height=\"564\" aria-label=\"\" role=\"img\" ><\/div>\n\t\t\t\t\t\t\t\t\t\t\t<div class=\"elementor-gallery-item__overlay\"><\/div>\n\t\t\t\t\t\t\t\t\t\t\t\t\t\t<\/a>\n\t\t\t\t\t\t\t<a class=\"e-gallery-item elementor-gallery-item elementor-animated-content\" href=\"https:\/\/bucurestizoo.ro\/wp-content\/uploads\/2025\/02\/camila-bactrian-dt_2-Large.jpeg\" data-elementor-open-lightbox=\"yes\" data-elementor-lightbox-slideshow=\"647b2021\" data-elementor-lightbox-title=\"camila bactrian dt_2 Large\" data-e-action-hash=\"#elementor-action%3Aaction%3Dlightbox%26settings%3DeyJpZCI6MTM2MzksInVybCI6Imh0dHBzOlwvXC9idWN1cmVzdGl6b28ucm9cL3dwLWNvbnRlbnRcL3VwbG9hZHNcLzIwMjVcLzAyXC9jYW1pbGEtYmFjdHJpYW4tZHRfMi1MYXJnZS5qcGVnIiwic2xpZGVzaG93IjoiNjQ3YjIwMjEifQ%3D%3D\">\n\t\t\t\t\t<div class=\"e-gallery-image elementor-gallery-item__image\" data-thumbnail=\"https:\/\/bucurestizoo.ro\/wp-content\/uploads\/2025\/02\/camila-bactrian-dt_2-Large-1024x682.jpeg\" data-width=\"847\" data-height=\"564\" aria-label=\"\" role=\"img\" ><\/div>\n\t\t\t\t\t\t\t\t\t\t\t<div class=\"elementor-gallery-item__overlay\"><\/div>\n\t\t\t\t\t\t\t\t\t\t\t\t\t\t<\/a>\n\t\t\t\t\t\t\t<a class=\"e-gallery-item elementor-gallery-item elementor-animated-content\" href=\"https:\/\/bucurestizoo.ro\/wp-content\/uploads\/2025\/02\/camila-bactrian-dt_3-Large.jpeg\" data-elementor-open-lightbox=\"yes\" data-elementor-lightbox-slideshow=\"647b2021\" data-elementor-lightbox-title=\"camila bactrian dt_3 Large\" data-e-action-hash=\"#elementor-action%3Aaction%3Dlightbox%26settings%3DeyJpZCI6MTM2NDAsInVybCI6Imh0dHBzOlwvXC9idWN1cmVzdGl6b28ucm9cL3dwLWNvbnRlbnRcL3VwbG9hZHNcLzIwMjVcLzAyXC9jYW1pbGEtYmFjdHJpYW4tZHRfMy1MYXJnZS5qcGVnIiwic2xpZGVzaG93IjoiNjQ3YjIwMjEifQ%3D%3D\">\n\t\t\t\t\t<div class=\"e-gallery-image elementor-gallery-item__image\" data-thumbnail=\"https:\/\/bucurestizoo.ro\/wp-content\/uploads\/2025\/02\/camila-bactrian-dt_3-Large-1024x649.jpeg\" data-width=\"847\" data-height=\"537\" aria-label=\"\" role=\"img\" ><\/div>\n\t\t\t\t\t\t\t\t\t\t\t<div class=\"elementor-gallery-item__overlay\"><\/div>\n\t\t\t\t\t\t\t\t\t\t\t\t\t\t<\/a>\n\t\t\t\t\t<\/div>\n\t\t\t\t\t<\/div>\n\t\t\t\t<\/div>\n\t\t\t\t\t<\/div>\n\t\t\t\t<\/div>\n\t\t<div class=\"elementor-element elementor-element-60b18b13 animated-slow e-flex e-con-boxed elementor-invisible e-con e-parent\" data-id=\"60b18b13\" data-element_type=\"container\" data-e-type=\"container\" data-settings=\"{&quot;animation&quot;:&quot;fadeInRight&quot;}\">\n\t\t\t\t\t<div class=\"e-con-inner\">\n\t\t\t\t<div class=\"elementor-element elementor-element-3ce8d8bd elementor-widget elementor-widget-heading\" data-id=\"3ce8d8bd\" data-element_type=\"widget\" data-e-type=\"widget\" data-widget_type=\"heading.default\">\n\t\t\t\t<div class=\"elementor-widget-container\">\n\t\t\t\t\t<h1 class=\"elementor-heading-title elementor-size-default\">Habitat:<\/h1>\t\t\t\t<\/div>\n\t\t\t\t<\/div>\n\t\t\t\t<div class=\"elementor-element elementor-element-1537eec6 elementor-widget elementor-widget-text-editor\" data-id=\"1537eec6\" data-element_type=\"widget\" data-e-type=\"widget\" data-widget_type=\"text-editor.default\">\n\t\t\t\t<div class=\"elementor-widget-container\">\n\t\t\t\t\t\t\t\t\t<p>Habitatul s\u0103u include de\u0219erturi reci, step\u0103 \u0219i zone montane, unde temperaturile pot varia semnificativ, de la c\u0103ldur\u0103 extrem\u0103 pe timpul zilei p\u00e2n\u0103 la frig intens pe timpul nop\u021bii. C\u0103milele bactriane sunt capabile s\u0103 supravie\u021buiasc\u0103 \u00een aceste medii dificile datorit\u0103 abilit\u0103\u021bii lor de a tolera temperaturi extreme \u0219i de a se deplasa pe terenuri st\u00e2ncoase sau nisipoase. \u00cen s\u0103lb\u0103ticie, ele tr\u0103iesc \u00een grupuri, cunoscute sub numele de \u201eherde\u201d, care ofer\u0103 protec\u021bie reciproc\u0103 \u0219i ajut\u0103 la men\u021binerea coeziunii \u00een timpul migra\u021biilor lungi. \u00cen captivitate, cum ar fi \u00een gr\u0103dinile zoologice, c\u0103milele sunt adaptate pentru a tr\u0103i \u00een condi\u021bii controlate, care imit\u0103 mediul lor natural, oferind vizitatorilor o fereastr\u0103 fascinant\u0103 asupra acestor animale rezistente.<\/p>\t\t\t\t\t\t\t\t<\/div>\n\t\t\t\t<\/div>\n\t\t\t\t\t<\/div>\n\t\t\t\t<\/div>\n\t\t<div class=\"elementor-element elementor-element-1dec5150 e-grid e-con-boxed e-con e-parent\" data-id=\"1dec5150\" data-element_type=\"container\" data-e-type=\"container\">\n\t\t\t\t\t<div class=\"e-con-inner\">\n\t\t<div class=\"elementor-element elementor-element-7142e6bc e-con-full animated-slow e-flex elementor-invisible e-con e-child\" data-id=\"7142e6bc\" data-element_type=\"container\" data-e-type=\"container\" data-settings=\"{&quot;animation&quot;:&quot;fadeInLeft&quot;}\">\n\t\t\t\t<div class=\"elementor-element elementor-element-17126548 elementor-widget elementor-widget-heading\" data-id=\"17126548\" data-element_type=\"widget\" data-e-type=\"widget\" data-widget_type=\"heading.default\">\n\t\t\t\t<div class=\"elementor-widget-container\">\n\t\t\t\t\t<h1 class=\"elementor-heading-title elementor-size-default\">Hran\u0103:<\/h1>\t\t\t\t<\/div>\n\t\t\t\t<\/div>\n\t\t\t\t<div class=\"elementor-element elementor-element-67daea89 elementor-widget elementor-widget-text-editor\" data-id=\"67daea89\" data-element_type=\"widget\" data-e-type=\"widget\" data-widget_type=\"text-editor.default\">\n\t\t\t\t<div class=\"elementor-widget-container\">\n\t\t\t\t\t\t\t\t\t<p>C\u0103mila bactrian\u0103 este un erbivor adaptat pentru a supravie\u021bui \u00een condi\u021bii de hran\u0103 limitat\u0103, consum\u00e2nd o varietate de vegeta\u021bie disponibil\u0103 \u00een habitatul s\u0103u natural. Dieta sa se bazeaz\u0103 \u00een principal pe iarb\u0103, tufi\u0219uri, frunze \u0219i plante uscate. \u00cen regiunile de\u0219ertice \u0219i stepe, unde resursele alimentare sunt adesea limitate, c\u0103milele pot consuma plante care nu sunt accesibile altor animale. Datorit\u0103 capacit\u0103\u021bii lor de a digera eficient plantele dure \u0219i uscate, ele pot tr\u0103i \u0219i cu vegeta\u021bie s\u0103r\u0103c\u0103cioas\u0103. \u00cen perioadele de lips\u0103 de hran\u0103, c\u0103milele pot supravie\u021bui cu resurse minime, datorit\u0103 stoc\u0103rii gr\u0103simii \u00een cocoa\u0219ele lor. Atunci c\u00e2nd au acces la hran\u0103, ele pot consuma cantit\u0103\u021bi mari de iarb\u0103 sau alte plante. \u00cen captivitate, dieta lor este completat\u0103 cu f\u00e2n, legume \u0219i alte suplimente nutritive, pentru a le asigura un aport echilibrat de substan\u021be nutritive. C\u0103milele sunt capabile s\u0103 se hr\u0103neasc\u0103 \u0219i s\u0103 bea ap\u0103 \u00een cantit\u0103\u021bi mari atunci c\u00e2nd g\u0103sesc resursele necesare, av\u00e2nd o capacitate unic\u0103 de a se adapta la mediile unde hrana \u0219i apa sunt fluctuant disponibile.<\/p>\t\t\t\t\t\t\t\t<\/div>\n\t\t\t\t<\/div>\n\t\t\t\t<\/div>\n\t\t<div class=\"elementor-element elementor-element-16c34a09 e-con-full animated-slow e-flex elementor-invisible e-con e-child\" data-id=\"16c34a09\" data-element_type=\"container\" data-e-type=\"container\" data-settings=\"{&quot;animation&quot;:&quot;fadeInRight&quot;}\">\n\t\t\t\t<div class=\"elementor-element elementor-element-5ea4803e elementor-widget elementor-widget-heading\" data-id=\"5ea4803e\" data-element_type=\"widget\" data-e-type=\"widget\" data-widget_type=\"heading.default\">\n\t\t\t\t<div class=\"elementor-widget-container\">\n\t\t\t\t\t<h1 class=\"elementor-heading-title elementor-size-default\">Conservare:<\/h1>\t\t\t\t<\/div>\n\t\t\t\t<\/div>\n\t\t\t\t<div class=\"elementor-element elementor-element-1470619b elementor-widget elementor-widget-text-editor\" data-id=\"1470619b\" data-element_type=\"widget\" data-e-type=\"widget\" data-widget_type=\"text-editor.default\">\n\t\t\t\t<div class=\"elementor-widget-container\">\n\t\t\t\t\t\t\t\t\t<p>De\u0219i c\u0103milele domestice nu sunt amenin\u021bate de extinc\u021bie, protejarea popula\u021biilor s\u0103lbatice \u0219i a habitatelor lor r\u0103m\u00e2ne o prioritate important\u0103 pentru conservarea acestei specii.<\/p>\t\t\t\t\t\t\t\t<\/div>\n\t\t\t\t<\/div>\n\t\t\t\t<\/div>\n\t\t\t\t\t<\/div>\n\t\t\t\t<\/div>\n\t\t<div class=\"elementor-element elementor-element-3865929 animated-slow e-flex e-con-boxed elementor-invisible e-con e-parent\" data-id=\"3865929\" data-element_type=\"container\" data-e-type=\"container\" data-settings=\"{&quot;animation&quot;:&quot;fadeInRight&quot;}\">\n\t\t\t\t\t<div class=\"e-con-inner\">\n\t\t\t\t<div class=\"elementor-element elementor-element-3bee961 elementor-widget elementor-widget-heading\" data-id=\"3bee961\" data-element_type=\"widget\" data-e-type=\"widget\" data-widget_type=\"heading.default\">\n\t\t\t\t<div class=\"elementor-widget-container\">\n\t\t\t\t\t<h1 class=\"elementor-heading-title elementor-size-default\">La Gr\u0103dina Zoologic\u0103 Bucure\u0219ti:<\/h1>\t\t\t\t<\/div>\n\t\t\t\t<\/div>\n\t\t\t\t<div class=\"elementor-element elementor-element-10b4bce elementor-widget elementor-widget-text-editor\" data-id=\"10b4bce\" data-element_type=\"widget\" data-e-type=\"widget\" data-widget_type=\"text-editor.default\">\n\t\t\t\t<div class=\"elementor-widget-container\">\n\t\t\t\t\t\t\t\t\t<p>La Gr\u0103dina Zoologic\u0103 din Bucure\u0219ti, vizitatorii au ocazia s\u0103 observe trei exemplare impresionante de c\u0103mile bactriane, care sunt o atrac\u021bie deosebit\u0103 pentru to\u021bi iubitorii de animale. Aceste c\u0103mile majestuoase tr\u0103iesc \u00eentr-un habitat amenajat care reflect\u0103 mediul lor natural, fiind adaptat pentru a le oferi condi\u021bii apropiate celor din de\u0219erturi.<\/p>\t\t\t\t\t\t\t\t<\/div>\n\t\t\t\t<\/div>\n\t\t\t\t\t<\/div>\n\t\t\t\t<\/div>\n\t\t\t\t<\/div>","protected":false},"excerpt":{"rendered":"<p>C\u0103mila bactrian\u0103 Denumire \u0219tiin\u021bific\u0103: Camelus bactrianus Ordin: Artiodactyla Familie: Camelidae Gen: Camelus Specie: C. bactrianus Distribu\u021bie: Asia Central\u0103 Dimensiuni: 2,3-3,5 m lungime, 1,8-2,3 m la greab\u0103n Greutate: 400-700 kg Perioada de gesta\u021bie: 360-420 zile Num\u0103r de pui: 1-2 Speran\u021b\u0103 de via\u021b\u0103: 30 ani \u00een s\u0103lb\u0103ticie, \u00een captivitate mai mult General: C\u0103mila bactrian\u0103 este un mamifer &hellip; <a href=\"https:\/\/bucurestizoo.ro\/en\/camila-bactrian\/\" class=\"more-link\">Continue reading <span class=\"screen-reader-text\">C\u0103mila Bactrian<\/span><\/a><\/p>","protected":false},"author":1,"featured_media":0,"parent":0,"menu_order":0,"comment_status":"closed","ping_status":"closed","template":"","meta":{"_monsterinsights_skip_tracking":false,"_monsterinsights_sitenote_active":false,"_monsterinsights_sitenote_note":"","_monsterinsights_sitenote_category":0,"footnotes":""},"class_list":["post-11740","page","type-page","status-publish","hentry"],"aioseo_notices":[],"_links":{"self":[{"href":"https:\/\/bucurestizoo.ro\/en\/wp-json\/wp\/v2\/pages\/11740","targetHints":{"allow":["GET"]}}],"collection":[{"href":"https:\/\/bucurestizoo.ro\/en\/wp-json\/wp\/v2\/pages"}],"about":[{"href":"https:\/\/bucurestizoo.ro\/en\/wp-json\/wp\/v2\/types\/page"}],"author":[{"embeddable":true,"href":"https:\/\/bucurestizoo.ro\/en\/wp-json\/wp\/v2\/users\/1"}],"replies":[{"embeddable":true,"href":"https:\/\/bucurestizoo.ro\/en\/wp-json\/wp\/v2\/comments?post=11740"}],"version-history":[{"count":8,"href":"https:\/\/bucurestizoo.ro\/en\/wp-json\/wp\/v2\/pages\/11740\/revisions"}],"predecessor-version":[{"id":13652,"href":"https:\/\/bucurestizoo.ro\/en\/wp-json\/wp\/v2\/pages\/11740\/revisions\/13652"}],"wp:attachment":[{"href":"https:\/\/bucurestizoo.ro\/en\/wp-json\/wp\/v2\/media?parent=11740"}],"curies":[{"name":"wp","href":"https:\/\/api.w.org\/{rel}","templated":true}]}}