{"id":11737,"date":"2024-12-09T12:38:02","date_gmt":"2024-12-09T10:38:02","guid":{"rendered":"https:\/\/n1.bucurestizoo.ro\/?page_id=11737"},"modified":"2025-03-30T22:36:07","modified_gmt":"2025-03-30T20:36:07","slug":"caine-de-preerie","status":"publish","type":"page","link":"https:\/\/bucurestizoo.ro\/en\/caine-de-preerie\/","title":{"rendered":"C\u00e2ine de preerie"},"content":{"rendered":"<div data-elementor-type=\"wp-page\" data-elementor-id=\"11737\" class=\"elementor elementor-11737\" data-elementor-post-type=\"page\">\n\t\t\t\t<div class=\"elementor-element elementor-element-660411d3 e-flex e-con-boxed e-con e-parent\" data-id=\"660411d3\" data-element_type=\"container\" data-e-type=\"container\" data-settings=\"{&quot;background_background&quot;:&quot;classic&quot;}\">\n\t\t\t\t\t<div class=\"e-con-inner\">\n\t\t<div class=\"elementor-element elementor-element-36482443 e-con-full e-flex e-con e-child\" data-id=\"36482443\" data-element_type=\"container\" data-e-type=\"container\">\n\t\t<div class=\"elementor-element elementor-element-26388ba e-con-full animated-slow e-flex elementor-invisible e-con e-child\" data-id=\"26388ba\" data-element_type=\"container\" data-e-type=\"container\" data-settings=\"{&quot;animation&quot;:&quot;fadeInLeft&quot;}\">\n\t\t\t\t<div class=\"elementor-element elementor-element-dcc319b elementor-widget elementor-widget-heading\" data-id=\"dcc319b\" data-element_type=\"widget\" data-e-type=\"widget\" data-widget_type=\"heading.default\">\n\t\t\t\t<div class=\"elementor-widget-container\">\n\t\t\t\t\t<h1 class=\"elementor-heading-title elementor-size-default\">C\u00e2ine de Preerie<\/h1>\t\t\t\t<\/div>\n\t\t\t\t<\/div>\n\t\t\t\t<div class=\"elementor-element elementor-element-7997eb1c elementor-widget elementor-widget-text-editor\" data-id=\"7997eb1c\" data-element_type=\"widget\" data-e-type=\"widget\" data-widget_type=\"text-editor.default\">\n\t\t\t\t<div class=\"elementor-widget-container\">\n\t\t\t\t\t\t\t\t\t<p><strong>Denumire \u0219tiin\u021bific\u0103:<\/strong> Cynomys ludovicianus<br \/><strong>Ordin:<\/strong> Rodentia<br \/><strong>Familie:<\/strong> Sciuridae<br \/><strong>Gen:<\/strong> Cynomys<br \/><strong>Specie:<\/strong> Cynomys ludovicianus<br \/><strong>Distribu\u021bie geografic\u0103:<\/strong> America de Nord, \u00een special SUA \u0219i Mexic<br \/><strong>Dimensiuni \u0219i greutate:<\/strong> Lungime: 30-40 cm, Greutate: 1-2 kg<br \/><strong>Perioada de gesta\u021bie:<\/strong> 33-38 zile<br \/><strong>Num\u0103r pui:<\/strong> 3-5 pui per f\u0103tare<br \/><strong>Speran\u021b\u0103 de via\u021b\u0103:<\/strong> 3-5 ani \u00een s\u0103lb\u0103ticie, p\u00e2n\u0103 la 8 ani \u00een captivitate<\/p>\t\t\t\t\t\t\t\t<\/div>\n\t\t\t\t<\/div>\n\t\t\t\t<\/div>\n\t\t\t\t<div class=\"elementor-element elementor-element-53285191 elementor-widget-tablet__width-inherit animated-slow elementor-invisible elementor-widget elementor-widget-image\" data-id=\"53285191\" data-element_type=\"widget\" data-e-type=\"widget\" data-settings=\"{&quot;_animation&quot;:&quot;fadeInRight&quot;}\" data-widget_type=\"image.default\">\n\t\t\t\t<div class=\"elementor-widget-container\">\n\t\t\t\t\t\t\t\t\t\t\t\t\t\t\t<img fetchpriority=\"high\" decoding=\"async\" width=\"847\" height=\"564\" src=\"https:\/\/bucurestizoo.ro\/wp-content\/uploads\/2025\/03\/caine-de-preerie-dt_3-Large-1024x682.jpeg\" class=\"attachment-large size-large wp-image-14215\" alt=\"\" srcset=\"https:\/\/bucurestizoo.ro\/wp-content\/uploads\/2025\/03\/caine-de-preerie-dt_3-Large-1024x682.jpeg 1024w, https:\/\/bucurestizoo.ro\/wp-content\/uploads\/2025\/03\/caine-de-preerie-dt_3-Large-300x200.jpeg 300w, https:\/\/bucurestizoo.ro\/wp-content\/uploads\/2025\/03\/caine-de-preerie-dt_3-Large-768x512.jpeg 768w, https:\/\/bucurestizoo.ro\/wp-content\/uploads\/2025\/03\/caine-de-preerie-dt_3-Large-450x300.jpeg 450w, https:\/\/bucurestizoo.ro\/wp-content\/uploads\/2025\/03\/caine-de-preerie-dt_3-Large-650x433.jpeg 650w, https:\/\/bucurestizoo.ro\/wp-content\/uploads\/2025\/03\/caine-de-preerie-dt_3-Large.jpeg 1280w\" sizes=\"(max-width: 847px) 100vw, 847px\" data-id=\"14215\" \/>\t\t\t\t\t\t\t\t\t\t\t\t\t\t\t<\/div>\n\t\t\t\t<\/div>\n\t\t\t\t<\/div>\n\t\t\t\t\t<\/div>\n\t\t\t\t<\/div>\n\t\t<div class=\"elementor-element elementor-element-612206a0 animated-slow e-flex e-con-boxed elementor-invisible e-con e-parent\" data-id=\"612206a0\" data-element_type=\"container\" data-e-type=\"container\" data-settings=\"{&quot;animation&quot;:&quot;fadeInLeft&quot;}\">\n\t\t\t\t\t<div class=\"e-con-inner\">\n\t\t\t\t<div class=\"elementor-element elementor-element-6dd1574f elementor-widget elementor-widget-heading\" data-id=\"6dd1574f\" data-element_type=\"widget\" data-e-type=\"widget\" data-widget_type=\"heading.default\">\n\t\t\t\t<div class=\"elementor-widget-container\">\n\t\t\t\t\t<h1 class=\"elementor-heading-title elementor-size-default\">General:<\/h1>\t\t\t\t<\/div>\n\t\t\t\t<\/div>\n\t\t\t\t<div class=\"elementor-element elementor-element-5c134f49 elementor-widget elementor-widget-text-editor\" data-id=\"5c134f49\" data-element_type=\"widget\" data-e-type=\"widget\" data-widget_type=\"text-editor.default\">\n\t\t\t\t<div class=\"elementor-widget-container\">\n\t\t\t\t\t\t\t\t\t<p>C\u00e2inele de preerie (Cynomys) reprezint\u0103 un gen de roz\u0103toare erbivore nord-americane al familiei Sciuridae, animalele fiind \u00eenrudite cu marmota. Sunt un tip de veveri\u021b\u0103 de teren, care tr\u0103iesc \u00een Statele Unite ale Americii, Canada \u0219i Mexic. \u00cen Mexic, c\u00e2inii de preerie se g\u0103sesc, \u00een principal, \u00een statele nordice, care se afl\u0103 la cap\u0103tul sudic al Marilor C\u00e2mpii: Sonora de nord-est, nordul \u0219i nord-estul Chihuahua, nordul Coahuila, nordul Nuevo Le\u00f3n \u0219i nordul Tamaulipas. \u00cen ciuda numelui, nu sunt c\u00e2ini.<br \/>Denumirea lor provine de la habitatul \u00een care tr\u0103iesc \u0219i dup\u0103 semnalul de alarm\u0103 dat de animal \u00een caz de pericol. Numele \u0219tiin\u021bific al lor Cynomys, \u00eenseamn\u0103 \u00een limba greac\u0103 \u0219orecar, numele de c\u00e2ine \u00eei este atribuit dup\u0103 sunetele produse asem\u0103n\u0103toare l\u0103tratului date \u00een timpul luptelor ierarhice.<br \/>Se comunic\u0103 prin sunete complexe, av\u00e2nd un \u201elimbaj\u201d propriu.<br \/>S\u0103p\u0103 tuneluri complexe, numite \u201eora\u0219e de c\u00e2ini de preerie\u201d.<\/p>\t\t\t\t\t\t\t\t<\/div>\n\t\t\t\t<\/div>\n\t\t\t\t\t<\/div>\n\t\t\t\t<\/div>\n\t\t<div class=\"elementor-element elementor-element-32ccad3f e-flex e-con-boxed e-con e-parent\" data-id=\"32ccad3f\" data-element_type=\"container\" data-e-type=\"container\">\n\t\t\t\t\t<div class=\"e-con-inner\">\n\t\t\t\t<div class=\"elementor-element elementor-element-4f3aa9b7 elementor-widget elementor-widget-gallery\" data-id=\"4f3aa9b7\" data-element_type=\"widget\" data-e-type=\"widget\" data-settings=\"{&quot;columns&quot;:2,&quot;lazyload&quot;:&quot;yes&quot;,&quot;gallery_layout&quot;:&quot;grid&quot;,&quot;columns_tablet&quot;:2,&quot;columns_mobile&quot;:1,&quot;gap&quot;:{&quot;unit&quot;:&quot;px&quot;,&quot;size&quot;:10,&quot;sizes&quot;:[]},&quot;gap_tablet&quot;:{&quot;unit&quot;:&quot;px&quot;,&quot;size&quot;:10,&quot;sizes&quot;:[]},&quot;gap_mobile&quot;:{&quot;unit&quot;:&quot;px&quot;,&quot;size&quot;:10,&quot;sizes&quot;:[]},&quot;link_to&quot;:&quot;file&quot;,&quot;aspect_ratio&quot;:&quot;3:2&quot;,&quot;overlay_background&quot;:&quot;yes&quot;,&quot;content_hover_animation&quot;:&quot;fade-in&quot;}\" data-widget_type=\"gallery.default\">\n\t\t\t\t<div class=\"elementor-widget-container\">\n\t\t\t\t\t\t\t<div class=\"elementor-gallery__container\">\n\t\t\t\t\t\t\t<a class=\"e-gallery-item elementor-gallery-item elementor-animated-content\" href=\"https:\/\/bucurestizoo.ro\/wp-content\/uploads\/2025\/03\/caine-de-preerie-dt_1-Large.jpeg\" data-elementor-open-lightbox=\"yes\" data-elementor-lightbox-slideshow=\"4f3aa9b7\" data-elementor-lightbox-title=\"caine de preerie dt_1 Large\" data-e-action-hash=\"#elementor-action%3Aaction%3Dlightbox%26settings%3DeyJpZCI6MTQyMTMsInVybCI6Imh0dHBzOlwvXC9idWN1cmVzdGl6b28ucm9cL3dwLWNvbnRlbnRcL3VwbG9hZHNcLzIwMjVcLzAzXC9jYWluZS1kZS1wcmVlcmllLWR0XzEtTGFyZ2UuanBlZyIsInNsaWRlc2hvdyI6IjRmM2FhOWI3In0%3D\">\n\t\t\t\t\t<div class=\"e-gallery-image elementor-gallery-item__image\" data-thumbnail=\"https:\/\/bucurestizoo.ro\/wp-content\/uploads\/2025\/03\/caine-de-preerie-dt_1-Large-1024x682.jpeg\" data-width=\"847\" data-height=\"564\" aria-label=\"\" role=\"img\" ><\/div>\n\t\t\t\t\t\t\t\t\t\t\t<div class=\"elementor-gallery-item__overlay\"><\/div>\n\t\t\t\t\t\t\t\t\t\t\t\t\t\t<\/a>\n\t\t\t\t\t\t\t<a class=\"e-gallery-item elementor-gallery-item elementor-animated-content\" href=\"https:\/\/bucurestizoo.ro\/wp-content\/uploads\/2025\/03\/caine-de-preerie-dt_2-Large.jpeg\" data-elementor-open-lightbox=\"yes\" data-elementor-lightbox-slideshow=\"4f3aa9b7\" data-elementor-lightbox-title=\"caine de preerie dt_2 Large\" data-e-action-hash=\"#elementor-action%3Aaction%3Dlightbox%26settings%3DeyJpZCI6MTQyMTQsInVybCI6Imh0dHBzOlwvXC9idWN1cmVzdGl6b28ucm9cL3dwLWNvbnRlbnRcL3VwbG9hZHNcLzIwMjVcLzAzXC9jYWluZS1kZS1wcmVlcmllLWR0XzItTGFyZ2UuanBlZyIsInNsaWRlc2hvdyI6IjRmM2FhOWI3In0%3D\">\n\t\t\t\t\t<div class=\"e-gallery-image elementor-gallery-item__image\" data-thumbnail=\"https:\/\/bucurestizoo.ro\/wp-content\/uploads\/2025\/03\/caine-de-preerie-dt_2-Large-1024x580.jpeg\" data-width=\"847\" data-height=\"480\" aria-label=\"\" role=\"img\" ><\/div>\n\t\t\t\t\t\t\t\t\t\t\t<div class=\"elementor-gallery-item__overlay\"><\/div>\n\t\t\t\t\t\t\t\t\t\t\t\t\t\t<\/a>\n\t\t\t\t\t<\/div>\n\t\t\t\t\t<\/div>\n\t\t\t\t<\/div>\n\t\t\t\t\t<\/div>\n\t\t\t\t<\/div>\n\t\t<div class=\"elementor-element elementor-element-4b1584c0 animated-slow e-flex e-con-boxed elementor-invisible e-con e-parent\" data-id=\"4b1584c0\" data-element_type=\"container\" data-e-type=\"container\" data-settings=\"{&quot;animation&quot;:&quot;fadeInRight&quot;}\">\n\t\t\t\t\t<div class=\"e-con-inner\">\n\t\t\t\t<div class=\"elementor-element elementor-element-2e5df3ae elementor-widget elementor-widget-heading\" data-id=\"2e5df3ae\" data-element_type=\"widget\" data-e-type=\"widget\" data-widget_type=\"heading.default\">\n\t\t\t\t<div class=\"elementor-widget-container\">\n\t\t\t\t\t<h1 class=\"elementor-heading-title elementor-size-default\">Habitat:<\/h1>\t\t\t\t<\/div>\n\t\t\t\t<\/div>\n\t\t\t\t<div class=\"elementor-element elementor-element-7736571c elementor-widget elementor-widget-text-editor\" data-id=\"7736571c\" data-element_type=\"widget\" data-e-type=\"widget\" data-widget_type=\"text-editor.default\">\n\t\t\t\t<div class=\"elementor-widget-container\">\n\t\t\t\t\t\t\t\t\t<p>Tr\u0103ie\u0219te \u00een paji\u0219ti \u0219i stepe. P\u0103\u015funi deschise cu vegeta\u0163ie joas\u0103. C\u00e2inii de preerie tr\u0103iesc \u00een zone \u00een care temperatura este \u00een timpul verii de 38\u00b0C \u0219i iarna sc\u0103zut\u0103 p\u00e2n\u0103 la -37\u00b0C, sub p\u0103m\u00e2nt. C\u00e2inii de preerie locuiesc \u00een zone predispuse la amenin\u021b\u0103ri ecologice, cum ar fi grindina, viscolele, inunda\u021biile, precum \u0219i incendiile de secet\u0103.<\/p>\t\t\t\t\t\t\t\t<\/div>\n\t\t\t\t<\/div>\n\t\t\t\t\t<\/div>\n\t\t\t\t<\/div>\n\t\t<div class=\"elementor-element elementor-element-13b59ffa e-grid e-con-boxed e-con e-parent\" data-id=\"13b59ffa\" data-element_type=\"container\" data-e-type=\"container\">\n\t\t\t\t\t<div class=\"e-con-inner\">\n\t\t<div class=\"elementor-element elementor-element-dbb1757 e-con-full animated-slow e-flex elementor-invisible e-con e-child\" data-id=\"dbb1757\" data-element_type=\"container\" data-e-type=\"container\" data-settings=\"{&quot;animation&quot;:&quot;fadeInLeft&quot;}\">\n\t\t\t\t<div class=\"elementor-element elementor-element-6b8ce223 elementor-widget elementor-widget-heading\" data-id=\"6b8ce223\" data-element_type=\"widget\" data-e-type=\"widget\" data-widget_type=\"heading.default\">\n\t\t\t\t<div class=\"elementor-widget-container\">\n\t\t\t\t\t<h1 class=\"elementor-heading-title elementor-size-default\">Hran\u0103:<\/h1>\t\t\t\t<\/div>\n\t\t\t\t<\/div>\n\t\t\t\t<div class=\"elementor-element elementor-element-166a4f84 elementor-widget elementor-widget-text-editor\" data-id=\"166a4f84\" data-element_type=\"widget\" data-e-type=\"widget\" data-widget_type=\"text-editor.default\">\n\t\t\t\t<div class=\"elementor-widget-container\">\n\t\t\t\t\t\t\t\t\t<p>Se hr\u0103ne\u0219te cu frunze, r\u0103d\u0103cini, tulpini, semin\u0163e.\u00a0 C\u00e2inii de prerie sunt, \u00een principal, erbivori, de\u0219i m\u0103n\u00e2nc\u0103 \u0219i insecte. Ace\u0219ti roz\u0103tori se hr\u0103nesc cu o gam\u0103 de plante de sezon, precum pirul, iarba-bivolului, nalba, vara, \u0219i ciulini, cactu\u0219i, r\u0103d\u0103cini subterane \u0219i bulbi, iarna. \u00cen timpul iernii, femelele care al\u0103pteaz\u0103 \u0219i cele gestante \u00ee\u0219i completeaz\u0103 dietele cu z\u0103pad\u0103 pentru necesarul de ap\u0103 suplimentar\u0103.<\/p>\t\t\t\t\t\t\t\t<\/div>\n\t\t\t\t<\/div>\n\t\t\t\t<\/div>\n\t\t<div class=\"elementor-element elementor-element-7c7a8546 e-con-full animated-slow e-flex elementor-invisible e-con e-child\" data-id=\"7c7a8546\" data-element_type=\"container\" data-e-type=\"container\" data-settings=\"{&quot;animation&quot;:&quot;fadeInRight&quot;}\">\n\t\t\t\t<div class=\"elementor-element elementor-element-57d4115a elementor-widget elementor-widget-heading\" data-id=\"57d4115a\" data-element_type=\"widget\" data-e-type=\"widget\" data-widget_type=\"heading.default\">\n\t\t\t\t<div class=\"elementor-widget-container\">\n\t\t\t\t\t<h1 class=\"elementor-heading-title elementor-size-default\">Conservare:<\/h1>\t\t\t\t<\/div>\n\t\t\t\t<\/div>\n\t\t\t\t<div class=\"elementor-element elementor-element-1112f1b4 elementor-widget elementor-widget-text-editor\" data-id=\"1112f1b4\" data-element_type=\"widget\" data-e-type=\"widget\" data-widget_type=\"text-editor.default\">\n\t\t\t\t<div class=\"elementor-widget-container\">\n\t\t\t\t\t\t\t\t\t<p>Popula\u021biile sunt \u00een declin din cauza pierderii habitatului.<\/p><p>La \u00eenceputul secolului al XX-lea, un num\u0103r estimat de cinci miliarde de c\u00e2ini de preerie tr\u0103iau \u00een America de Vest. De atunci, popula\u021bia c\u00e2inilor de preerie a sc\u0103zut cu 98%. C\u00e2inele de preerie mexican Cynomys mexicanus este pe cale de dispari\u021bie, iar C\u00e2inele de prerie Utah, Cynomys parvidens, a fost salvat de la dispari\u021bie,urmare a eforturilor sus\u021binute ale gr\u0103dinilor zoologice, dar \u00een continuare este considerat o specie \u00een pericol.<\/p><p>C\u00e2inele de prerie apare pe Lista Ro\u015fie IUCN ca specie amenin\u0163at\u0103 cu dispari\u021bia.<\/p>\t\t\t\t\t\t\t\t<\/div>\n\t\t\t\t<\/div>\n\t\t\t\t<\/div>\n\t\t\t\t\t<\/div>\n\t\t\t\t<\/div>\n\t\t\t\t<\/div>","protected":false},"excerpt":{"rendered":"<p>C\u00e2ine de Preerie Denumire \u0219tiin\u021bific\u0103: Cynomys ludovicianusOrdin: RodentiaFamilie: SciuridaeGen: CynomysSpecie: Cynomys ludovicianusDistribu\u021bie geografic\u0103: America de Nord, \u00een special SUA \u0219i MexicDimensiuni \u0219i greutate: Lungime: 30-40 cm, Greutate: 1-2 kgPerioada de gesta\u021bie: 33-38 zileNum\u0103r pui: 3-5 pui per f\u0103tareSperan\u021b\u0103 de via\u021b\u0103: 3-5 ani \u00een s\u0103lb\u0103ticie, p\u00e2n\u0103 la 8 ani \u00een captivitate General: C\u00e2inele de preerie (Cynomys) &hellip; <a href=\"https:\/\/bucurestizoo.ro\/en\/caine-de-preerie\/\" class=\"more-link\">Continue reading <span class=\"screen-reader-text\">C\u00e2ine de preerie<\/span><\/a><\/p>","protected":false},"author":1,"featured_media":0,"parent":0,"menu_order":0,"comment_status":"closed","ping_status":"closed","template":"","meta":{"_monsterinsights_skip_tracking":false,"_monsterinsights_sitenote_active":false,"_monsterinsights_sitenote_note":"","_monsterinsights_sitenote_category":0,"footnotes":""},"class_list":["post-11737","page","type-page","status-publish","hentry"],"aioseo_notices":[],"_links":{"self":[{"href":"https:\/\/bucurestizoo.ro\/en\/wp-json\/wp\/v2\/pages\/11737","targetHints":{"allow":["GET"]}}],"collection":[{"href":"https:\/\/bucurestizoo.ro\/en\/wp-json\/wp\/v2\/pages"}],"about":[{"href":"https:\/\/bucurestizoo.ro\/en\/wp-json\/wp\/v2\/types\/page"}],"author":[{"embeddable":true,"href":"https:\/\/bucurestizoo.ro\/en\/wp-json\/wp\/v2\/users\/1"}],"replies":[{"embeddable":true,"href":"https:\/\/bucurestizoo.ro\/en\/wp-json\/wp\/v2\/comments?post=11737"}],"version-history":[{"count":16,"href":"https:\/\/bucurestizoo.ro\/en\/wp-json\/wp\/v2\/pages\/11737\/revisions"}],"predecessor-version":[{"id":14264,"href":"https:\/\/bucurestizoo.ro\/en\/wp-json\/wp\/v2\/pages\/11737\/revisions\/14264"}],"wp:attachment":[{"href":"https:\/\/bucurestizoo.ro\/en\/wp-json\/wp\/v2\/media?parent=11737"}],"curies":[{"name":"wp","href":"https:\/\/api.w.org\/{rel}","templated":true}]}}