{"id":11510,"date":"2024-12-04T22:47:07","date_gmt":"2024-12-04T20:47:07","guid":{"rendered":"https:\/\/n1.bucurestizoo.ro\/?page_id=11510"},"modified":"2025-04-07T17:13:16","modified_gmt":"2025-04-07T15:13:16","slug":"alpaca","status":"publish","type":"page","link":"https:\/\/bucurestizoo.ro\/en\/alpaca\/","title":{"rendered":"alpaca"},"content":{"rendered":"<div data-elementor-type=\"wp-page\" data-elementor-id=\"11510\" class=\"elementor elementor-11510\" data-elementor-post-type=\"page\">\n\t\t\t\t<div class=\"elementor-element elementor-element-466bd3b4 e-flex e-con-boxed e-con e-parent\" data-id=\"466bd3b4\" data-element_type=\"container\" data-e-type=\"container\" data-settings=\"{&quot;background_background&quot;:&quot;classic&quot;}\">\n\t\t\t\t\t<div class=\"e-con-inner\">\n\t\t<div class=\"elementor-element elementor-element-41c9a7cc e-con-full e-flex e-con e-child\" data-id=\"41c9a7cc\" data-element_type=\"container\" data-e-type=\"container\">\n\t\t<div class=\"elementor-element elementor-element-77bcafe9 e-con-full animated-slow e-flex elementor-invisible e-con e-child\" data-id=\"77bcafe9\" data-element_type=\"container\" data-e-type=\"container\" data-settings=\"{&quot;animation&quot;:&quot;fadeInLeft&quot;}\">\n\t\t\t\t<div class=\"elementor-element elementor-element-52c6a387 elementor-widget elementor-widget-heading\" data-id=\"52c6a387\" data-element_type=\"widget\" data-e-type=\"widget\" data-widget_type=\"heading.default\">\n\t\t\t\t<div class=\"elementor-widget-container\">\n\t\t\t\t\t<h1 class=\"elementor-heading-title elementor-size-default\">Alpaca<\/h1>\t\t\t\t<\/div>\n\t\t\t\t<\/div>\n\t\t\t\t<div class=\"elementor-element elementor-element-517a49fa elementor-widget elementor-widget-text-editor\" data-id=\"517a49fa\" data-element_type=\"widget\" data-e-type=\"widget\" data-widget_type=\"text-editor.default\">\n\t\t\t\t<div class=\"elementor-widget-container\">\n\t\t\t\t\t\t\t\t\t<p class=\"\" data-start=\"0\" data-end=\"162\"><strong data-start=\"0\" data-end=\"20\">Nume \u0219tiin\u021bific:<\/strong> <em data-start=\"21\" data-end=\"36\">Vicugna pacos<\/em><br data-start=\"36\" data-end=\"39\" \/><strong data-start=\"39\" data-end=\"49\">Clasa:<\/strong> Mammalia<br data-start=\"58\" data-end=\"61\" \/><strong data-start=\"61\" data-end=\"71\">Ordin:<\/strong> Artiodactyla<br data-start=\"84\" data-end=\"87\" \/><strong data-start=\"87\" data-end=\"99\">Familie:<\/strong> Camelidae<br data-start=\"109\" data-end=\"112\" \/><strong data-start=\"112\" data-end=\"120\">Gen:<\/strong> <em data-start=\"121\" data-end=\"130\">Vicugna<\/em><br data-start=\"130\" data-end=\"133\" \/><strong data-start=\"133\" data-end=\"144\">Specie:<\/strong> <em data-start=\"145\" data-end=\"160\">Vicugna pacos<\/em><\/p><p class=\"\" data-start=\"164\" data-end=\"375\"><strong data-start=\"164\" data-end=\"180\">Distribu\u021bie:<\/strong><br data-start=\"180\" data-end=\"183\" \/>Originar din Mun\u021bii Anzi (Peru, Bolivia, Chile, Argentina), la altitudini de p\u00e2n\u0103 la 4.800 m. Crescut \u00een prezent \u0219i \u00een SUA, Noua Zeeland\u0103, Australia, Olanda \u0219i alte \u021b\u0103ri pentru fibrele sale.<\/p><p class=\"\" data-start=\"377\" data-end=\"453\"><strong data-start=\"377\" data-end=\"392\">Dimensiuni:<\/strong><br data-start=\"392\" data-end=\"395\" \/>\u2013 \u00cen\u0103l\u021bime la greab\u0103n: 82\u201399 cm<br data-start=\"426\" data-end=\"429\" \/>\u2013 Greutate: 100\u2013190 kg<\/p><p class=\"\" data-start=\"455\" data-end=\"523\"><strong data-start=\"455\" data-end=\"476\">Durata gesta\u021biei:<\/strong> 11\u201312 luni<br data-start=\"487\" data-end=\"490\" \/><strong data-start=\"490\" data-end=\"515\">Num\u0103r pui la na\u0219tere:<\/strong> 1 pui<\/p><p class=\"\" data-start=\"525\" data-end=\"611\"><strong data-start=\"525\" data-end=\"547\">Speran\u021ba de via\u021b\u0103:<\/strong><br data-start=\"547\" data-end=\"550\" \/>\u2013 5\u201310 ani \u00een s\u0103lb\u0103ticie<br data-start=\"574\" data-end=\"577\" \/>\u2013 Peste 20 de ani \u00een captivitate<\/p>\t\t\t\t\t\t\t\t<\/div>\n\t\t\t\t<\/div>\n\t\t\t\t<\/div>\n\t\t\t\t<div class=\"elementor-element elementor-element-176aa642 elementor-widget-tablet__width-inherit animated-slow elementor-invisible elementor-widget elementor-widget-image\" data-id=\"176aa642\" data-element_type=\"widget\" data-e-type=\"widget\" data-settings=\"{&quot;_animation&quot;:&quot;fadeInRight&quot;}\" data-widget_type=\"image.default\">\n\t\t\t\t<div class=\"elementor-widget-container\">\n\t\t\t\t\t\t\t\t\t\t\t\t\t\t\t<img fetchpriority=\"high\" decoding=\"async\" width=\"684\" height=\"1024\" src=\"https:\/\/bucurestizoo.ro\/wp-content\/uploads\/2024\/12\/alpaca-1-684x1024.jpg\" class=\"attachment-large size-large wp-image-11835\" alt=\"\" srcset=\"https:\/\/bucurestizoo.ro\/wp-content\/uploads\/2024\/12\/alpaca-1-684x1024.jpg 684w, https:\/\/bucurestizoo.ro\/wp-content\/uploads\/2024\/12\/alpaca-1-200x300.jpg 200w, https:\/\/bucurestizoo.ro\/wp-content\/uploads\/2024\/12\/alpaca-1-768x1150.jpg 768w, https:\/\/bucurestizoo.ro\/wp-content\/uploads\/2024\/12\/alpaca-1-341x510.jpg 341w, https:\/\/bucurestizoo.ro\/wp-content\/uploads\/2024\/12\/alpaca-1.jpg 855w\" sizes=\"(max-width: 684px) 100vw, 684px\" data-id=\"11835\" \/>\t\t\t\t\t\t\t\t\t\t\t\t\t\t\t<\/div>\n\t\t\t\t<\/div>\n\t\t\t\t<\/div>\n\t\t\t\t\t<\/div>\n\t\t\t\t<\/div>\n\t\t<div class=\"elementor-element elementor-element-120ed352 animated-slow e-flex e-con-boxed elementor-invisible e-con e-parent\" data-id=\"120ed352\" data-element_type=\"container\" data-e-type=\"container\" data-settings=\"{&quot;animation&quot;:&quot;fadeInLeft&quot;}\">\n\t\t\t\t\t<div class=\"e-con-inner\">\n\t\t\t\t<div class=\"elementor-element elementor-element-e81634c elementor-widget elementor-widget-heading\" data-id=\"e81634c\" data-element_type=\"widget\" data-e-type=\"widget\" data-widget_type=\"heading.default\">\n\t\t\t\t<div class=\"elementor-widget-container\">\n\t\t\t\t\t<h1 class=\"elementor-heading-title elementor-size-default\">General:<\/h1>\t\t\t\t<\/div>\n\t\t\t\t<\/div>\n\t\t\t\t<div class=\"elementor-element elementor-element-77ddc2ad elementor-widget elementor-widget-text-editor\" data-id=\"77ddc2ad\" data-element_type=\"widget\" data-e-type=\"widget\" data-widget_type=\"text-editor.default\">\n\t\t\t\t<div class=\"elementor-widget-container\">\n\t\t\t\t\t\t\t\t\t<p>Alpaca, animal erbivor originar din Anzii Cordilieri, face parte din familia c\u0103milei, fiind \u00eenrudit\u0103 cu lama, guanaco-ul \u0219i vicunia din America de Sud, precum \u0219i cu c\u0103milele bactriane \u0219i dromadere din Asia \u0219i Africa.<\/p><p>Alpaca are g\u00e2tul sub\u021bire, capul mic cu urechi mari \u0219i ascu\u021bite. Picioarele sunt moi \u0219i c\u0103ptu\u0219ite, nel\u0103s\u00e2nd urme, pe m\u0103sur\u0103 ce p\u0103\u0219esc, chiar \u0219i pe cele mai firave \u0219i delicate ierburi. Este un animal rumeg\u0103tor, cu l\u00e2na m\u0103t\u0103soas\u0103, lucioas\u0103, c\u0103lduroas\u0103, lung\u0103 \u0219i foarte sub\u021bire, de culoare alb\u0103 \u0219i, mai rar, neagr\u0103. Din l\u00e2n\u0103 se fabric\u0103 o stof\u0103 foarte fin\u0103, denumit\u0103 alpaca. Firul de l\u00e2n\u0103 alpaca nu con\u021bine lanolin\u0103 care poate cauza alergii.<\/p><p>La masculii adul\u021bi, incisivii \u0219i caninii inferiori se dezvolt\u0103 \u00een \u00eentrecerea dintre din\u021bi \u0219i pot ajunge la o \u00een\u0103l\u021bime mai mare de 1,2 cm, p\u00e2n\u0103 la 3 cm. La femele, ace\u0219ti din\u021bi nu se dezvolt\u0103 la fel de mult ca la masculi. \u00cen afar\u0103 de diferen\u021ba dintre morfologia din\u021bilor, dimorfismul sexual la alpaca este minor.<\/p>\t\t\t\t\t\t\t\t<\/div>\n\t\t\t\t<\/div>\n\t\t\t\t\t<\/div>\n\t\t\t\t<\/div>\n\t\t<div class=\"elementor-element elementor-element-3c455c84 e-flex e-con-boxed e-con e-parent\" data-id=\"3c455c84\" data-element_type=\"container\" data-e-type=\"container\">\n\t\t\t\t\t<div class=\"e-con-inner\">\n\t\t\t\t<div class=\"elementor-element elementor-element-7c060445 elementor-widget elementor-widget-gallery\" data-id=\"7c060445\" data-element_type=\"widget\" data-e-type=\"widget\" data-settings=\"{&quot;columns&quot;:2,&quot;lazyload&quot;:&quot;yes&quot;,&quot;gallery_layout&quot;:&quot;grid&quot;,&quot;columns_tablet&quot;:2,&quot;columns_mobile&quot;:1,&quot;gap&quot;:{&quot;unit&quot;:&quot;px&quot;,&quot;size&quot;:10,&quot;sizes&quot;:[]},&quot;gap_tablet&quot;:{&quot;unit&quot;:&quot;px&quot;,&quot;size&quot;:10,&quot;sizes&quot;:[]},&quot;gap_mobile&quot;:{&quot;unit&quot;:&quot;px&quot;,&quot;size&quot;:10,&quot;sizes&quot;:[]},&quot;link_to&quot;:&quot;file&quot;,&quot;aspect_ratio&quot;:&quot;3:2&quot;,&quot;overlay_background&quot;:&quot;yes&quot;,&quot;content_hover_animation&quot;:&quot;fade-in&quot;}\" data-widget_type=\"gallery.default\">\n\t\t\t\t<div class=\"elementor-widget-container\">\n\t\t\t\t\t\t\t<div class=\"elementor-gallery__container\">\n\t\t\t\t\t\t\t<a class=\"e-gallery-item elementor-gallery-item elementor-animated-content\" href=\"https:\/\/bucurestizoo.ro\/wp-content\/uploads\/2024\/12\/alpaca-3-scaled.jpg\" data-elementor-open-lightbox=\"yes\" data-elementor-lightbox-slideshow=\"7c060445\" data-elementor-lightbox-title=\"alpaca 3\" data-e-action-hash=\"#elementor-action%3Aaction%3Dlightbox%26settings%3DeyJpZCI6MTE1MTksInVybCI6Imh0dHBzOlwvXC9idWN1cmVzdGl6b28ucm9cL3dwLWNvbnRlbnRcL3VwbG9hZHNcLzIwMjRcLzEyXC9hbHBhY2EtMy1zY2FsZWQuanBnIiwic2xpZGVzaG93IjoiN2MwNjA0NDUifQ%3D%3D\">\n\t\t\t\t\t<div class=\"e-gallery-image elementor-gallery-item__image\" data-thumbnail=\"https:\/\/bucurestizoo.ro\/wp-content\/uploads\/2024\/12\/alpaca-3-1024x683.jpg\" data-width=\"847\" data-height=\"565\" aria-label=\"\" role=\"img\" ><\/div>\n\t\t\t\t\t\t\t\t\t\t\t<div class=\"elementor-gallery-item__overlay\"><\/div>\n\t\t\t\t\t\t\t\t\t\t\t\t\t\t<\/a>\n\t\t\t\t\t\t\t<a class=\"e-gallery-item elementor-gallery-item elementor-animated-content\" href=\"https:\/\/bucurestizoo.ro\/wp-content\/uploads\/2025\/04\/Alpaca-dt.jpg\" data-elementor-open-lightbox=\"yes\" data-elementor-lightbox-slideshow=\"7c060445\" data-elementor-lightbox-title=\"Alpaca dt\" data-e-action-hash=\"#elementor-action%3Aaction%3Dlightbox%26settings%3DeyJpZCI6MTUzMDIsInVybCI6Imh0dHBzOlwvXC9idWN1cmVzdGl6b28ucm9cL3dwLWNvbnRlbnRcL3VwbG9hZHNcLzIwMjVcLzA0XC9BbHBhY2EtZHQuanBnIiwic2xpZGVzaG93IjoiN2MwNjA0NDUifQ%3D%3D\">\n\t\t\t\t\t<div class=\"e-gallery-image elementor-gallery-item__image\" data-thumbnail=\"https:\/\/bucurestizoo.ro\/wp-content\/uploads\/2025\/04\/Alpaca-dt-1024x646.jpg\" data-width=\"847\" data-height=\"534\" aria-label=\"\" role=\"img\" ><\/div>\n\t\t\t\t\t\t\t\t\t\t\t<div class=\"elementor-gallery-item__overlay\"><\/div>\n\t\t\t\t\t\t\t\t\t\t\t\t\t\t<\/a>\n\t\t\t\t\t<\/div>\n\t\t\t\t\t<\/div>\n\t\t\t\t<\/div>\n\t\t\t\t\t<\/div>\n\t\t\t\t<\/div>\n\t\t<div class=\"elementor-element elementor-element-644ade07 animated-slow e-flex e-con-boxed elementor-invisible e-con e-parent\" data-id=\"644ade07\" data-element_type=\"container\" data-e-type=\"container\" data-settings=\"{&quot;animation&quot;:&quot;fadeInRight&quot;}\">\n\t\t\t\t\t<div class=\"e-con-inner\">\n\t\t\t\t<div class=\"elementor-element elementor-element-60046ef0 elementor-widget elementor-widget-heading\" data-id=\"60046ef0\" data-element_type=\"widget\" data-e-type=\"widget\" data-widget_type=\"heading.default\">\n\t\t\t\t<div class=\"elementor-widget-container\">\n\t\t\t\t\t<h1 class=\"elementor-heading-title elementor-size-default\">Habitat:<\/h1>\t\t\t\t<\/div>\n\t\t\t\t<\/div>\n\t\t\t\t<div class=\"elementor-element elementor-element-487e9c8d elementor-widget elementor-widget-text-editor\" data-id=\"487e9c8d\" data-element_type=\"widget\" data-e-type=\"widget\" data-widget_type=\"text-editor.default\">\n\t\t\t\t<div class=\"elementor-widget-container\">\n\t\t\t\t\t\t\t\t\t<div class=\"et_pb_column et_pb_column_4_4 et_pb_column_20 et_pb_css_mix_blend_mode_passthrough et-last-child\"><div class=\"et_pb_module et_pb_text et_pb_text_11 et_pb_bg_layout_light et_pb_text_align_left\"><div class=\"et_pb_text_inner\"><p>Habitatul natural pentru alpaca este \u00een platoul Anzilor, de preferin\u021b\u0103 \u00een apropierea zonelor umede. Clima este sever\u0103, ating\u00e2nd temperaturi sub 0 grade \u00een timpul nop\u021bii \u0219i 16 grade \u00een timpul zilei. Precipita\u021biile anuale variaz\u0103 \u00eentre 400 \u0219i 700 mm.<\/p><\/div><\/div><\/div>\t\t\t\t\t\t\t\t<\/div>\n\t\t\t\t<\/div>\n\t\t\t\t\t<\/div>\n\t\t\t\t<\/div>\n\t\t<div class=\"elementor-element elementor-element-7245300f e-grid e-con-boxed e-con e-parent\" data-id=\"7245300f\" data-element_type=\"container\" data-e-type=\"container\">\n\t\t\t\t\t<div class=\"e-con-inner\">\n\t\t<div class=\"elementor-element elementor-element-32bca59b e-con-full animated-slow e-flex elementor-invisible e-con e-child\" data-id=\"32bca59b\" data-element_type=\"container\" data-e-type=\"container\" data-settings=\"{&quot;animation&quot;:&quot;fadeInLeft&quot;}\">\n\t\t\t\t<div class=\"elementor-element elementor-element-7f94b254 elementor-widget elementor-widget-heading\" data-id=\"7f94b254\" data-element_type=\"widget\" data-e-type=\"widget\" data-widget_type=\"heading.default\">\n\t\t\t\t<div class=\"elementor-widget-container\">\n\t\t\t\t\t<h1 class=\"elementor-heading-title elementor-size-default\">Hran\u0103:<\/h1>\t\t\t\t<\/div>\n\t\t\t\t<\/div>\n\t\t\t\t<div class=\"elementor-element elementor-element-4b32ea2e elementor-widget elementor-widget-text-editor\" data-id=\"4b32ea2e\" data-element_type=\"widget\" data-e-type=\"widget\" data-widget_type=\"text-editor.default\">\n\t\t\t\t<div class=\"elementor-widget-container\">\n\t\t\t\t\t\t\t\t\t<div class=\"et_pb_module et_pb_text et_pb_text_7 et_pb_bg_layout_light et_pb_text_align_left\"><div class=\"et_pb_text_inner\"><p>Alpaca este un animal erbivor, rumeg\u0103tor de talie mijlocie.<\/p><p>\u00cen America de Sud, de unde alpaca este nativ\u0103, efectivele domestice se hr\u0103nesc cu ierburi din mun\u021bii \u0219i v\u0103ile Anzilor. Speciile sunt adaptate pentru a tr\u0103i \u00een zone cu vegeta\u021bie redus\u0103, iar alpaca are nevoie, de mult mai pu\u021bin\u0103 hran\u0103 dec\u00e2t majoritatea animalelor.<\/p><p>La Zoo Bucure\u0219ti, hrana mamiferului este compus\u0103 dintr-o combina\u021bie de iarb\u0103 proasp\u0103t\u0103 \u0219i f\u00e2n cu proteine sc\u0103zute.<\/p><\/div><\/div>\t\t\t\t\t\t\t\t<\/div>\n\t\t\t\t<\/div>\n\t\t\t\t<\/div>\n\t\t<div class=\"elementor-element elementor-element-77963dde e-con-full animated-slow e-flex elementor-invisible e-con e-child\" data-id=\"77963dde\" data-element_type=\"container\" data-e-type=\"container\" data-settings=\"{&quot;animation&quot;:&quot;fadeInRight&quot;}\">\n\t\t\t\t<div class=\"elementor-element elementor-element-20b06850 elementor-widget elementor-widget-heading\" data-id=\"20b06850\" data-element_type=\"widget\" data-e-type=\"widget\" data-widget_type=\"heading.default\">\n\t\t\t\t<div class=\"elementor-widget-container\">\n\t\t\t\t\t<h1 class=\"elementor-heading-title elementor-size-default\">Conservare:<\/h1>\t\t\t\t<\/div>\n\t\t\t\t<\/div>\n\t\t\t\t<div class=\"elementor-element elementor-element-1830cf82 elementor-widget elementor-widget-text-editor\" data-id=\"1830cf82\" data-element_type=\"widget\" data-e-type=\"widget\" data-widget_type=\"text-editor.default\">\n\t\t\t\t<div class=\"elementor-widget-container\">\n\t\t\t\t\t\t\t\t\t<p>Dup\u0103 sosirea conchistadorilor spanioli \u00een America de Sud, popula\u021biile de alpaca au fost reduse semnificativ \u0219i au fost nevoite s\u0103 se deplaseze \u00een cele mai \u00eenalte regiuni ale Anzilor. Alpacalele \u0219i lamele au fost \u00eenlocuite cu ovine \u0219i caprine aduse din Europa. \u00cen zilele noastre, popula\u021biile de alpaca nu sunt pe cale de dispari\u021bie, dar sunt, \u00eenc\u0103, r\u0103sp\u00e2ndite \u00een cele mai \u00eenalte regiuni ale Anzilor. Popula\u021bia de alpaca este de aproximativ 3,5 milioane exemplare. Peru de\u021bine 87% din popula\u021bia alpaca, urmat\u0103 de Bolivia cu 9,5%. Domesticit\u0103, majoritatea exemplarelor din America de Sud este sub controlul p\u0103storilor tradi\u021bionali, dar care, \u00een cele mai multe cazuri, cresc laolalt\u0103 alpacalele cu lamele. \u00cemperecherea dintre alpaca \u0219i lama, face ca alpaca s\u0103 devin\u0103 o specie pe cale de dispari\u021bie, deoarece compozi\u021bia sa genetic\u0103 este compromis\u0103 de \u00eencruci\u0219\u0103rile cu lama.<\/p>\t\t\t\t\t\t\t\t<\/div>\n\t\t\t\t<\/div>\n\t\t\t\t<\/div>\n\t\t\t\t\t<\/div>\n\t\t\t\t<\/div>\n\t\t\t\t<\/div>","protected":false},"excerpt":{"rendered":"<p>Alpaca Nume \u0219tiin\u021bific: Vicugna pacosClasa: MammaliaOrdin: ArtiodactylaFamilie: CamelidaeGen: VicugnaSpecie: Vicugna pacos Distribu\u021bie:Originar din Mun\u021bii Anzi (Peru, Bolivia, Chile, Argentina), la altitudini de p\u00e2n\u0103 la 4.800 m. Crescut \u00een prezent \u0219i \u00een SUA, Noua Zeeland\u0103, Australia, Olanda \u0219i alte \u021b\u0103ri pentru fibrele sale. Dimensiuni:\u2013 \u00cen\u0103l\u021bime la greab\u0103n: 82\u201399 cm\u2013 Greutate: 100\u2013190 kg Durata gesta\u021biei: 11\u201312 luniNum\u0103r &hellip; <a href=\"https:\/\/bucurestizoo.ro\/en\/alpaca\/\" class=\"more-link\">Continue reading <span class=\"screen-reader-text\">alpaca<\/span><\/a><\/p>","protected":false},"author":1,"featured_media":0,"parent":0,"menu_order":0,"comment_status":"closed","ping_status":"closed","template":"","meta":{"_monsterinsights_skip_tracking":false,"_monsterinsights_sitenote_active":false,"_monsterinsights_sitenote_note":"","_monsterinsights_sitenote_category":0,"footnotes":""},"class_list":["post-11510","page","type-page","status-publish","hentry"],"aioseo_notices":[],"_links":{"self":[{"href":"https:\/\/bucurestizoo.ro\/en\/wp-json\/wp\/v2\/pages\/11510","targetHints":{"allow":["GET"]}}],"collection":[{"href":"https:\/\/bucurestizoo.ro\/en\/wp-json\/wp\/v2\/pages"}],"about":[{"href":"https:\/\/bucurestizoo.ro\/en\/wp-json\/wp\/v2\/types\/page"}],"author":[{"embeddable":true,"href":"https:\/\/bucurestizoo.ro\/en\/wp-json\/wp\/v2\/users\/1"}],"replies":[{"embeddable":true,"href":"https:\/\/bucurestizoo.ro\/en\/wp-json\/wp\/v2\/comments?post=11510"}],"version-history":[{"count":48,"href":"https:\/\/bucurestizoo.ro\/en\/wp-json\/wp\/v2\/pages\/11510\/revisions"}],"predecessor-version":[{"id":15311,"href":"https:\/\/bucurestizoo.ro\/en\/wp-json\/wp\/v2\/pages\/11510\/revisions\/15311"}],"wp:attachment":[{"href":"https:\/\/bucurestizoo.ro\/en\/wp-json\/wp\/v2\/media?parent=11510"}],"curies":[{"name":"wp","href":"https:\/\/api.w.org\/{rel}","templated":true}]}}