{"id":11321,"date":"2024-12-01T12:40:57","date_gmt":"2024-12-01T12:40:57","guid":{"rendered":"https:\/\/n1.bucurestizoo.ro\/?page_id=11321"},"modified":"2025-04-14T12:21:34","modified_gmt":"2025-04-14T10:21:34","slug":"educatie","status":"publish","type":"page","link":"https:\/\/bucurestizoo.ro\/en\/educatie\/","title":{"rendered":"Education"},"content":{"rendered":"<div data-elementor-type=\"wp-page\" data-elementor-id=\"11321\" class=\"elementor elementor-11321\" data-elementor-post-type=\"page\">\n\t\t\t\t<div class=\"elementor-element elementor-element-291abda e-flex e-con-boxed e-con e-parent\" data-id=\"291abda\" data-element_type=\"container\" data-e-type=\"container\">\n\t\t\t\t\t<div class=\"e-con-inner\">\n\t\t\t\t<div class=\"elementor-element elementor-element-980d431 elementor-widget elementor-widget-heading\" data-id=\"980d431\" data-element_type=\"widget\" data-e-type=\"widget\" data-widget_type=\"heading.default\">\n\t\t\t\t<div class=\"elementor-widget-container\">\n\t\t\t\t\t<h2 class=\"elementor-heading-title elementor-size-default\">100% ZOO<\/h2>\t\t\t\t<\/div>\n\t\t\t\t<\/div>\n\t\t\t\t<div class=\"elementor-element elementor-element-39da83a elementor-posts__hover-none elementor-grid-3 elementor-grid-tablet-2 elementor-grid-mobile-1 elementor-posts--thumbnail-top elementor-widget elementor-widget-posts\" data-id=\"39da83a\" data-element_type=\"widget\" data-e-type=\"widget\" data-settings=\"{&quot;cards_row_gap&quot;:{&quot;unit&quot;:&quot;px&quot;,&quot;size&quot;:80,&quot;sizes&quot;:[]},&quot;cards_row_gap_tablet&quot;:{&quot;unit&quot;:&quot;px&quot;,&quot;size&quot;:71,&quot;sizes&quot;:[]},&quot;cards_row_gap_mobile&quot;:{&quot;unit&quot;:&quot;px&quot;,&quot;size&quot;:30,&quot;sizes&quot;:[]},&quot;cards_columns&quot;:&quot;3&quot;,&quot;cards_columns_tablet&quot;:&quot;2&quot;,&quot;cards_columns_mobile&quot;:&quot;1&quot;}\" data-widget_type=\"posts.cards\">\n\t\t\t\t<div class=\"elementor-widget-container\">\n\t\t\t\t\t\t\t<div class=\"elementor-posts-container elementor-posts elementor-posts--skin-cards elementor-grid\">\n\t\t\t\t<article class=\"elementor-post elementor-grid-item post-16278 post type-post status-publish format-standard has-post-thumbnail hentry category-100-zoo\">\n\t\t\t<div class=\"elementor-post__card\">\n\t\t\t\t<a class=\"elementor-post__thumbnail__link\" href=\"https:\/\/bucurestizoo.ro\/en\/mos-nicolae-la-zoo\/\" tabindex=\"-1\" ><div class=\"elementor-post__thumbnail\"><img fetchpriority=\"high\" decoding=\"async\" width=\"668\" height=\"668\" src=\"https:\/\/bucurestizoo.ro\/wp-content\/uploads\/2025\/12\/Picture-1.png\" class=\"attachment-full size-full wp-image-16279\" alt=\"\" srcset=\"https:\/\/bucurestizoo.ro\/wp-content\/uploads\/2025\/12\/Picture-1.png 668w, https:\/\/bucurestizoo.ro\/wp-content\/uploads\/2025\/12\/Picture-1-300x300.png 300w, https:\/\/bucurestizoo.ro\/wp-content\/uploads\/2025\/12\/Picture-1-150x150.png 150w, https:\/\/bucurestizoo.ro\/wp-content\/uploads\/2025\/12\/Picture-1-12x12.png 12w, https:\/\/bucurestizoo.ro\/wp-content\/uploads\/2025\/12\/Picture-1-510x510.png 510w\" sizes=\"(max-width: 668px) 100vw, 668px\" data-id=\"16279\" \/><\/div><\/a>\n\t\t\t\t<div class=\"elementor-post__text\">\n\t\t\t\t<h4 class=\"elementor-post__title\">\n\t\t\t<a href=\"https:\/\/bucurestizoo.ro\/en\/mos-nicolae-la-zoo\/\" >\n\t\t\t\tMO\u0218 NICOLAE LA ZOO\t\t\t<\/a>\n\t\t<\/h4>\n\t\t\t\t<div class=\"elementor-post__excerpt\">\n\t\t\t<p>SCOPUL Scopul acestui eveniment a fost acela de a consolida ini\u021biativele educative ale Gr\u0103dinii Zoologice din Bucure\u0219ti, oferind copiilor \u0219i<\/p>\n\t\t<\/div>\n\t\t\n\t\t<a class=\"elementor-post__read-more\" href=\"https:\/\/bucurestizoo.ro\/en\/mos-nicolae-la-zoo\/\" aria-label=\"Read more about MO\u0218 NICOLAE LA ZOO\" tabindex=\"-1\" >\n\t\t\tRead More\t\t<\/a>\n\n\t\t\t\t<\/div>\n\t\t\t\t\t<\/div>\n\t\t<\/article>\n\t\t\t\t<article class=\"elementor-post elementor-grid-item post-16175 post type-post status-publish format-standard has-post-thumbnail hentry category-100-zoo\">\n\t\t\t<div class=\"elementor-post__card\">\n\t\t\t\t<a class=\"elementor-post__thumbnail__link\" href=\"https:\/\/bucurestizoo.ro\/en\/dovleac-de-leac-si-roadele-pamantului-18-10-2025\/\" tabindex=\"-1\" ><div class=\"elementor-post__thumbnail\"><img decoding=\"async\" width=\"510\" height=\"731\" src=\"https:\/\/bucurestizoo.ro\/wp-content\/uploads\/2025\/10\/1.png\" class=\"attachment-full size-full wp-image-16176\" alt=\"\" srcset=\"https:\/\/bucurestizoo.ro\/wp-content\/uploads\/2025\/10\/1.png 510w, https:\/\/bucurestizoo.ro\/wp-content\/uploads\/2025\/10\/1-209x300.png 209w, https:\/\/bucurestizoo.ro\/wp-content\/uploads\/2025\/10\/1-8x12.png 8w, https:\/\/bucurestizoo.ro\/wp-content\/uploads\/2025\/10\/1-356x510.png 356w\" sizes=\"(max-width: 510px) 100vw, 510px\" data-id=\"16176\" \/><\/div><\/a>\n\t\t\t\t<div class=\"elementor-post__text\">\n\t\t\t\t<h4 class=\"elementor-post__title\">\n\t\t\t<a href=\"https:\/\/bucurestizoo.ro\/en\/dovleac-de-leac-si-roadele-pamantului-18-10-2025\/\" >\n\t\t\t\tDovLEAC de LEAC \u0219i Roadele P\u0103m\u00e2ntului 18.10.2025\t\t\t<\/a>\n\t\t<\/h4>\n\t\t\t\t<div class=\"elementor-post__excerpt\">\n\t\t\t<p>SCOPUL Cea de-a doua edi\u021bie din aceast\u0103 toamn\u0103 a evenimentului \u201eDovLeac de Leac \u0219i Roadele P\u0103m\u00e2ntului\u201d, a fost organizat\u0103 de<\/p>\n\t\t<\/div>\n\t\t\n\t\t<a class=\"elementor-post__read-more\" href=\"https:\/\/bucurestizoo.ro\/en\/dovleac-de-leac-si-roadele-pamantului-18-10-2025\/\" aria-label=\"Read more about DovLEAC de LEAC \u0219i Roadele P\u0103m\u00e2ntului 18.10.2025\" tabindex=\"-1\" >\n\t\t\tRead More\t\t<\/a>\n\n\t\t\t\t<\/div>\n\t\t\t\t\t<\/div>\n\t\t<\/article>\n\t\t\t\t<article class=\"elementor-post elementor-grid-item post-16147 post type-post status-publish format-standard has-post-thumbnail hentry category-100-zoo\">\n\t\t\t<div class=\"elementor-post__card\">\n\t\t\t\t<a class=\"elementor-post__thumbnail__link\" href=\"https:\/\/bucurestizoo.ro\/en\/dovleac-de-leac-si-roadele-pamantului-2\/\" tabindex=\"-1\" ><div class=\"elementor-post__thumbnail\"><img decoding=\"async\" width=\"589\" height=\"589\" src=\"https:\/\/bucurestizoo.ro\/wp-content\/uploads\/2025\/10\/Picture-1.png\" class=\"attachment-full size-full wp-image-16158\" alt=\"\" srcset=\"https:\/\/bucurestizoo.ro\/wp-content\/uploads\/2025\/10\/Picture-1.png 589w, https:\/\/bucurestizoo.ro\/wp-content\/uploads\/2025\/10\/Picture-1-300x300.png 300w, https:\/\/bucurestizoo.ro\/wp-content\/uploads\/2025\/10\/Picture-1-150x150.png 150w, https:\/\/bucurestizoo.ro\/wp-content\/uploads\/2025\/10\/Picture-1-12x12.png 12w, https:\/\/bucurestizoo.ro\/wp-content\/uploads\/2025\/10\/Picture-1-510x510.png 510w\" sizes=\"(max-width: 589px) 100vw, 589px\" data-id=\"16158\" \/><\/div><\/a>\n\t\t\t\t<div class=\"elementor-post__text\">\n\t\t\t\t<h4 class=\"elementor-post__title\">\n\t\t\t<a href=\"https:\/\/bucurestizoo.ro\/en\/dovleac-de-leac-si-roadele-pamantului-2\/\" >\n\t\t\t\tDovLEAC de LEAC \u0219i Roadele P\u0103m\u00e2ntului\t\t\t<\/a>\n\t\t<\/h4>\n\t\t\t\t<div class=\"elementor-post__excerpt\">\n\t\t\t<p>SCOPUL Evenimentul \u201eDovLeac de Leac \u0219i Roadele P\u0103m\u00e2ntului\u201d organizat de Gr\u0103dina Zoologic\u0103 a urm\u0103rit s\u0103 celebreze toamna \u00eentr-un mod creativ<\/p>\n\t\t<\/div>\n\t\t\n\t\t<a class=\"elementor-post__read-more\" href=\"https:\/\/bucurestizoo.ro\/en\/dovleac-de-leac-si-roadele-pamantului-2\/\" aria-label=\"Read more about DovLEAC de LEAC \u0219i Roadele P\u0103m\u00e2ntului\" tabindex=\"-1\" >\n\t\t\tRead More\t\t<\/a>\n\n\t\t\t\t<\/div>\n\t\t\t\t\t<\/div>\n\t\t<\/article>\n\t\t\t\t<article class=\"elementor-post elementor-grid-item post-16001 post type-post status-publish format-standard has-post-thumbnail hentry category-100-zoo\">\n\t\t\t<div class=\"elementor-post__card\">\n\t\t\t\t<a class=\"elementor-post__thumbnail__link\" href=\"https:\/\/bucurestizoo.ro\/en\/salt-catre-prima-zi-de-scoala-aventura-la-zoo\/\" tabindex=\"-1\" ><div class=\"elementor-post__thumbnail\"><img loading=\"lazy\" decoding=\"async\" width=\"447\" height=\"366\" src=\"https:\/\/bucurestizoo.ro\/wp-content\/uploads\/2025\/09\/26.png\" class=\"attachment-full size-full wp-image-16028\" alt=\"\" srcset=\"https:\/\/bucurestizoo.ro\/wp-content\/uploads\/2025\/09\/26.png 447w, https:\/\/bucurestizoo.ro\/wp-content\/uploads\/2025\/09\/26-300x246.png 300w, https:\/\/bucurestizoo.ro\/wp-content\/uploads\/2025\/09\/26-15x12.png 15w, https:\/\/bucurestizoo.ro\/wp-content\/uploads\/2025\/09\/26-366x300.png 366w\" sizes=\"(max-width: 447px) 100vw, 447px\" data-id=\"16028\" \/><\/div><\/a>\n\t\t\t\t<div class=\"elementor-post__text\">\n\t\t\t\t<h4 class=\"elementor-post__title\">\n\t\t\t<a href=\"https:\/\/bucurestizoo.ro\/en\/salt-catre-prima-zi-de-scoala-aventura-la-zoo\/\" >\n\t\t\t\tSALT &#8230; c\u0103tre prima zi de \u0219coal\u0103 \u2013 Aventur\u0103 la Zoo\t\t\t<\/a>\n\t\t<\/h4>\n\t\t\t\t<div class=\"elementor-post__excerpt\">\n\t\t\t<p>06.09.2025 SCOPUL Tradi\u021bia evenimentelor pline de energie, creativitate \u0219i culoare a continuat la ZOO Bucure\u0219ti \u2013 SALT\u2026 c\u0103tre prima zi<\/p>\n\t\t<\/div>\n\t\t\n\t\t<a class=\"elementor-post__read-more\" href=\"https:\/\/bucurestizoo.ro\/en\/salt-catre-prima-zi-de-scoala-aventura-la-zoo\/\" aria-label=\"Read more about SALT &#8230; c\u0103tre prima zi de \u0219coal\u0103 \u2013 Aventur\u0103 la Zoo\" tabindex=\"-1\" >\n\t\t\tRead More\t\t<\/a>\n\n\t\t\t\t<\/div>\n\t\t\t\t\t<\/div>\n\t\t<\/article>\n\t\t\t\t<article class=\"elementor-post elementor-grid-item post-15958 post type-post status-publish format-standard has-post-thumbnail hentry category-100-zoo\">\n\t\t\t<div class=\"elementor-post__card\">\n\t\t\t\t<a class=\"elementor-post__thumbnail__link\" href=\"https:\/\/bucurestizoo.ro\/en\/ziua-leului-09-08-2025\/\" tabindex=\"-1\" ><div class=\"elementor-post__thumbnail\"><img loading=\"lazy\" decoding=\"async\" width=\"945\" height=\"631\" src=\"https:\/\/bucurestizoo.ro\/wp-content\/uploads\/2025\/09\/Picture-39.png\" class=\"attachment-full size-full wp-image-15998\" alt=\"\" srcset=\"https:\/\/bucurestizoo.ro\/wp-content\/uploads\/2025\/09\/Picture-39.png 945w, https:\/\/bucurestizoo.ro\/wp-content\/uploads\/2025\/09\/Picture-39-300x200.png 300w, https:\/\/bucurestizoo.ro\/wp-content\/uploads\/2025\/09\/Picture-39-768x513.png 768w, https:\/\/bucurestizoo.ro\/wp-content\/uploads\/2025\/09\/Picture-39-18x12.png 18w, https:\/\/bucurestizoo.ro\/wp-content\/uploads\/2025\/09\/Picture-39-449x300.png 449w, https:\/\/bucurestizoo.ro\/wp-content\/uploads\/2025\/09\/Picture-39-650x434.png 650w\" sizes=\"(max-width: 945px) 100vw, 945px\" data-id=\"15998\" \/><\/div><\/a>\n\t\t\t\t<div class=\"elementor-post__text\">\n\t\t\t\t<h4 class=\"elementor-post__title\">\n\t\t\t<a href=\"https:\/\/bucurestizoo.ro\/en\/ziua-leului-09-08-2025\/\" >\n\t\t\t\tZiua Leului \u2013 09.08.2025\t\t\t<\/a>\n\t\t<\/h4>\n\t\t\t\t<div class=\"elementor-post__excerpt\">\n\t\t\t<p>SCOPUL Organizarea \u201eZilei Leului\u201d la Gr\u0103dina Zoologic\u0103 din Bucure\u0219ti a avut ca scop principal promovarea conserv\u0103rii acestei specii emblematice, cre\u0219terea<\/p>\n\t\t<\/div>\n\t\t\n\t\t<a class=\"elementor-post__read-more\" href=\"https:\/\/bucurestizoo.ro\/en\/ziua-leului-09-08-2025\/\" aria-label=\"Read more about Ziua Leului \u2013 09.08.2025\" tabindex=\"-1\" >\n\t\t\tRead More\t\t<\/a>\n\n\t\t\t\t<\/div>\n\t\t\t\t\t<\/div>\n\t\t<\/article>\n\t\t\t\t<article class=\"elementor-post elementor-grid-item post-15906 post type-post status-publish format-standard has-post-thumbnail hentry category-100-zoo\">\n\t\t\t<div class=\"elementor-post__card\">\n\t\t\t\t<a class=\"elementor-post__thumbnail__link\" href=\"https:\/\/bucurestizoo.ro\/en\/picnic-la-zoo-joaca-te-descopera-zambeste\/\" tabindex=\"-1\" ><div class=\"elementor-post__thumbnail\"><img loading=\"lazy\" decoding=\"async\" width=\"529\" height=\"529\" src=\"https:\/\/bucurestizoo.ro\/wp-content\/uploads\/2025\/07\/2.png\" class=\"attachment-full size-full wp-image-15908\" alt=\"\" srcset=\"https:\/\/bucurestizoo.ro\/wp-content\/uploads\/2025\/07\/2.png 529w, https:\/\/bucurestizoo.ro\/wp-content\/uploads\/2025\/07\/2-300x300.png 300w, https:\/\/bucurestizoo.ro\/wp-content\/uploads\/2025\/07\/2-150x150.png 150w, https:\/\/bucurestizoo.ro\/wp-content\/uploads\/2025\/07\/2-12x12.png 12w, https:\/\/bucurestizoo.ro\/wp-content\/uploads\/2025\/07\/2-510x510.png 510w\" sizes=\"(max-width: 529px) 100vw, 529px\" data-id=\"15908\" \/><\/div><\/a>\n\t\t\t\t<div class=\"elementor-post__text\">\n\t\t\t\t<h4 class=\"elementor-post__title\">\n\t\t\t<a href=\"https:\/\/bucurestizoo.ro\/en\/picnic-la-zoo-joaca-te-descopera-zambeste\/\" >\n\t\t\t\tPicnic la Zoo &#8211; Joac\u0103-te, descoper\u0103, z\u00e2mbe\u0219te!\t\t\t<\/a>\n\t\t<\/h4>\n\t\t\t\t<div class=\"elementor-post__excerpt\">\n\t\t\t<p>SCOPUL Prin acest eveniment, Gr\u0103dina Zoologic\u0103 din Bucure\u0219ti \u0219i-a propus s\u0103 aduc\u0103 mai aproape de publicul t\u00e2n\u0103r \u0219i familiile, conceptul<\/p>\n\t\t<\/div>\n\t\t\n\t\t<a class=\"elementor-post__read-more\" href=\"https:\/\/bucurestizoo.ro\/en\/picnic-la-zoo-joaca-te-descopera-zambeste\/\" aria-label=\"Read more about Picnic la Zoo &#8211; Joac\u0103-te, descoper\u0103, z\u00e2mbe\u0219te!\" tabindex=\"-1\" >\n\t\t\tRead More\t\t<\/a>\n\n\t\t\t\t<\/div>\n\t\t\t\t\t<\/div>\n\t\t<\/article>\n\t\t\t\t<\/div>\n\t\t\n\t\t\t\t\t\t<\/div>\n\t\t\t\t<\/div>\n\t\t\t\t\t<\/div>\n\t\t\t\t<\/div>\n\t\t<div class=\"elementor-element elementor-element-c400f78 e-con-full e-flex e-con e-parent\" data-id=\"c400f78\" data-element_type=\"container\" data-e-type=\"container\">\n\t\t\t\t<div class=\"elementor-element elementor-element-8d04a59 elementor-widget__width-inherit elementor-widget elementor-widget-html\" data-id=\"8d04a59\" data-element_type=\"widget\" data-e-type=\"widget\" data-widget_type=\"html.default\">\n\t\t\t\t<div class=\"elementor-widget-container\">\n\t\t\t\t\t<div id=\"fb-root\"><\/div>\n<script async defer crossorigin=\"anonymous\" src=\"https:\/\/connect.facebook.net\/en_US\/sdk.js#xfbml=1&version=v22.0\">\n<\/script>\n\n<div class=\"fb-page\" data-href=\"https:\/\/facebook.com\/bucurestizoo\" data-tabs=\"timeline\" data-width=\"500\" data-height=\"1000\" data-small-header=\"false\" data-adapt-container-width=\"true\" data-hide-cover=\"true\" data-show-facepile=\"true\">\n    <blockquote cite=\"https:\/\/facebook.com\/bucurestizoo\" class=\"fb-xfbml-parse-ignore\">\n        <a href=\"https:\/\/facebook.com\/bucurestizoo\">\n            \n        <\/a>\n    <\/blockquote>\n<\/div>\t\t\t\t<\/div>\n\t\t\t\t<\/div>\n\t\t\t\t<\/div>\n\t\t\t\t<\/div>","protected":false},"excerpt":{"rendered":"<p>100% ZOO<\/p>","protected":false},"author":1,"featured_media":0,"parent":0,"menu_order":0,"comment_status":"closed","ping_status":"closed","template":"","meta":{"_monsterinsights_skip_tracking":false,"_monsterinsights_sitenote_active":false,"_monsterinsights_sitenote_note":"","_monsterinsights_sitenote_category":0,"footnotes":""},"class_list":["post-11321","page","type-page","status-publish","hentry"],"aioseo_notices":[],"_links":{"self":[{"href":"https:\/\/bucurestizoo.ro\/en\/wp-json\/wp\/v2\/pages\/11321","targetHints":{"allow":["GET"]}}],"collection":[{"href":"https:\/\/bucurestizoo.ro\/en\/wp-json\/wp\/v2\/pages"}],"about":[{"href":"https:\/\/bucurestizoo.ro\/en\/wp-json\/wp\/v2\/types\/page"}],"author":[{"embeddable":true,"href":"https:\/\/bucurestizoo.ro\/en\/wp-json\/wp\/v2\/users\/1"}],"replies":[{"embeddable":true,"href":"https:\/\/bucurestizoo.ro\/en\/wp-json\/wp\/v2\/comments?post=11321"}],"version-history":[{"count":104,"href":"https:\/\/bucurestizoo.ro\/en\/wp-json\/wp\/v2\/pages\/11321\/revisions"}],"predecessor-version":[{"id":15551,"href":"https:\/\/bucurestizoo.ro\/en\/wp-json\/wp\/v2\/pages\/11321\/revisions\/15551"}],"wp:attachment":[{"href":"https:\/\/bucurestizoo.ro\/en\/wp-json\/wp\/v2\/media?parent=11321"}],"curies":[{"name":"wp","href":"https:\/\/api.w.org\/{rel}","templated":true}]}}