{"id":11316,"date":"2024-12-01T12:34:07","date_gmt":"2024-12-01T12:34:07","guid":{"rendered":"https:\/\/n1.bucurestizoo.ro\/?page_id=11316"},"modified":"2025-01-07T16:44:53","modified_gmt":"2025-01-07T14:44:53","slug":"harta-zoo","status":"publish","type":"page","link":"https:\/\/bucurestizoo.ro\/en\/harta-zoo\/","title":{"rendered":"Harta Zoo"},"content":{"rendered":"\t\t<div data-elementor-type=\"wp-page\" data-elementor-id=\"11316\" class=\"elementor elementor-11316\" data-elementor-post-type=\"page\">\n\t\t\t\t<div class=\"elementor-element elementor-element-9f1c075 e-flex e-con-boxed e-con e-parent\" data-id=\"9f1c075\" data-element_type=\"container\" data-e-type=\"container\">\n\t\t\t\t\t<div class=\"e-con-inner\">\n\t\t\t\t<div class=\"elementor-element elementor-element-9756cb5 elementor-widget elementor-widget-hotspot\" data-id=\"9756cb5\" data-element_type=\"widget\" data-e-type=\"widget\" data-settings=\"{&quot;hotspot&quot;:[{&quot;_id&quot;:&quot;0dcc763&quot;,&quot;hotspot_link&quot;:{&quot;url&quot;:&quot;\\\/alpaca&quot;,&quot;is_external&quot;:&quot;&quot;,&quot;nofollow&quot;:&quot;&quot;,&quot;custom_attributes&quot;:&quot;&quot;},&quot;hotspot_icon&quot;:{&quot;value&quot;:&quot;far fa-circle&quot;,&quot;library&quot;:&quot;fa-regular&quot;},&quot;hotspot_custom_size&quot;:&quot;&quot;,&quot;hotspot_tooltip_content&quot;:&quot;&quot;,&quot;hotspot_offset_x&quot;:{&quot;unit&quot;:&quot;%&quot;,&quot;size&quot;:37,&quot;sizes&quot;:[]},&quot;hotspot_offset_y&quot;:{&quot;unit&quot;:&quot;%&quot;,&quot;size&quot;:80,&quot;sizes&quot;:[]},&quot;hotspot_label&quot;:&quot;&quot;,&quot;hotspot_icon_position&quot;:null,&quot;hotspot_icon_spacing&quot;:null,&quot;hotspot_width&quot;:null,&quot;hotspot_height&quot;:null,&quot;hotspot_horizontal&quot;:&quot;left&quot;,&quot;hotspot_vertical&quot;:&quot;top&quot;,&quot;hotspot_tooltip_position&quot;:&quot;no&quot;,&quot;hotspot_position&quot;:null,&quot;hotspot_tooltip_width&quot;:null,&quot;hotspot_tooltip_text_wrap&quot;:null},{&quot;hotspot_link&quot;:{&quot;url&quot;:&quot;\\\/binturong&quot;,&quot;is_external&quot;:&quot;&quot;,&quot;nofollow&quot;:&quot;&quot;,&quot;custom_attributes&quot;:&quot;&quot;},&quot;hotspot_icon&quot;:{&quot;value&quot;:&quot;far fa-circle&quot;,&quot;library&quot;:&quot;fa-regular&quot;},&quot;hotspot_tooltip_content&quot;:&quot;&quot;,&quot;hotspot_offset_x&quot;:{&quot;unit&quot;:&quot;%&quot;,&quot;size&quot;:42,&quot;sizes&quot;:[]},&quot;hotspot_offset_y&quot;:{&quot;unit&quot;:&quot;%&quot;,&quot;size&quot;:76,&quot;sizes&quot;:[]},&quot;_id&quot;:&quot;a66e3f2&quot;,&quot;hotspot_label&quot;:&quot;&quot;,&quot;hotspot_icon_position&quot;:null,&quot;hotspot_icon_spacing&quot;:null,&quot;hotspot_custom_size&quot;:&quot;no&quot;,&quot;hotspot_width&quot;:null,&quot;hotspot_height&quot;:null,&quot;hotspot_horizontal&quot;:&quot;left&quot;,&quot;hotspot_vertical&quot;:&quot;top&quot;,&quot;hotspot_tooltip_position&quot;:&quot;no&quot;,&quot;hotspot_position&quot;:null,&quot;hotspot_tooltip_width&quot;:null,&quot;hotspot_tooltip_text_wrap&quot;:null},{&quot;hotspot_link&quot;:{&quot;url&quot;:&quot;\\\/caine-de-preerie&quot;,&quot;is_external&quot;:&quot;&quot;,&quot;nofollow&quot;:&quot;&quot;,&quot;custom_attributes&quot;:&quot;&quot;},&quot;hotspot_icon&quot;:{&quot;value&quot;:&quot;far fa-circle&quot;,&quot;library&quot;:&quot;fa-regular&quot;},&quot;hotspot_tooltip_content&quot;:&quot;&quot;,&quot;hotspot_offset_x&quot;:{&quot;unit&quot;:&quot;%&quot;,&quot;size&quot;:47,&quot;sizes&quot;:[]},&quot;hotspot_offset_y&quot;:{&quot;unit&quot;:&quot;%&quot;,&quot;size&quot;:72,&quot;sizes&quot;:[]},&quot;_id&quot;:&quot;7730963&quot;,&quot;hotspot_label&quot;:&quot;&quot;,&quot;hotspot_icon_position&quot;:null,&quot;hotspot_icon_spacing&quot;:null,&quot;hotspot_custom_size&quot;:&quot;no&quot;,&quot;hotspot_width&quot;:null,&quot;hotspot_height&quot;:null,&quot;hotspot_horizontal&quot;:&quot;left&quot;,&quot;hotspot_vertical&quot;:&quot;top&quot;,&quot;hotspot_tooltip_position&quot;:&quot;no&quot;,&quot;hotspot_position&quot;:null,&quot;hotspot_tooltip_width&quot;:null,&quot;hotspot_tooltip_text_wrap&quot;:null},{&quot;hotspot_link&quot;:{&quot;url&quot;:&quot;\\\/camila-bactrian&quot;,&quot;is_external&quot;:&quot;&quot;,&quot;nofollow&quot;:&quot;&quot;,&quot;custom_attributes&quot;:&quot;&quot;},&quot;hotspot_icon&quot;:{&quot;value&quot;:&quot;far fa-circle&quot;,&quot;library&quot;:&quot;fa-regular&quot;},&quot;hotspot_tooltip_content&quot;:&quot;&quot;,&quot;hotspot_offset_x&quot;:{&quot;unit&quot;:&quot;%&quot;,&quot;size&quot;:52,&quot;sizes&quot;:[]},&quot;hotspot_offset_y&quot;:{&quot;unit&quot;:&quot;%&quot;,&quot;size&quot;:69,&quot;sizes&quot;:[]},&quot;_id&quot;:&quot;f64e5fc&quot;,&quot;hotspot_label&quot;:&quot;&quot;,&quot;hotspot_icon_position&quot;:null,&quot;hotspot_icon_spacing&quot;:null,&quot;hotspot_custom_size&quot;:&quot;no&quot;,&quot;hotspot_width&quot;:null,&quot;hotspot_height&quot;:null,&quot;hotspot_horizontal&quot;:&quot;left&quot;,&quot;hotspot_vertical&quot;:&quot;top&quot;,&quot;hotspot_tooltip_position&quot;:&quot;no&quot;,&quot;hotspot_position&quot;:null,&quot;hotspot_tooltip_width&quot;:null,&quot;hotspot_tooltip_text_wrap&quot;:null}],&quot;tooltip_position&quot;:&quot;bottom&quot;,&quot;tooltip_trigger&quot;:&quot;mouseenter&quot;,&quot;hotspot_sequenced_animation&quot;:&quot;no&quot;,&quot;tooltip_animation&quot;:&quot;e-hotspot--fade-in-out&quot;}\" data-widget_type=\"hotspot.default\">\n\t\t\t\t<div class=\"elementor-widget-container\">\n\t\t\t\t\t<img decoding=\"async\" src=\"https:\/\/bucurestizoo.ro\/wp-content\/uploads\/2025\/01\/harta-zoo-test-1.png\" title=\"\" alt=\"\" loading=\"lazy\" \/>\n\t\t\t\t\t\t<a class=\"e-hotspot elementor-repeater-item-0dcc763  e-hotspot--position-left e-hotspot--position-top e-hotspot--link  e-hotspot--icon\" href=\"\/alpaca\">\n\n\t\t\t\t\t\t\t\t<div class=\"e-hotspot__button e-hotspot--expand\">\n\t\t\t\t\t\t\t\t\t\t\t\t\t\t\t\t\t\t<div class=\"e-hotspot__icon\"><svg class=\"e-font-icon-svg e-far-circle\" viewBox=\"0 0 512 512\" xmlns=\"http:\/\/www.w3.org\/2000\/svg\"><path d=\"M256 8C119 8 8 119 8 256s111 248 248 248 248-111 248-248S393 8 256 8zm0 448c-110.5 0-200-89.5-200-200S145.5 56 256 56s200 89.5 200 200-89.5 200-200 200z\"><\/path><\/svg><\/div>\n\t\t\t\t\t\t\t\t\t\t\t\t\t\t\t\t\t\t\t\t\t<\/div>\n\n\t\t\t\t\t\t\t\t\n\t\t\t<\/a>\n\n\t\n\t\t\t\t\t\t<a class=\"e-hotspot elementor-repeater-item-a66e3f2  e-hotspot--position-left e-hotspot--position-top e-hotspot--link  e-hotspot--icon\" href=\"\/binturong\">\n\n\t\t\t\t\t\t\t\t<div class=\"e-hotspot__button e-hotspot--expand\">\n\t\t\t\t\t\t\t\t\t\t\t\t\t\t\t\t\t\t<div class=\"e-hotspot__icon\"><svg class=\"e-font-icon-svg e-far-circle\" viewBox=\"0 0 512 512\" xmlns=\"http:\/\/www.w3.org\/2000\/svg\"><path d=\"M256 8C119 8 8 119 8 256s111 248 248 248 248-111 248-248S393 8 256 8zm0 448c-110.5 0-200-89.5-200-200S145.5 56 256 56s200 89.5 200 200-89.5 200-200 200z\"><\/path><\/svg><\/div>\n\t\t\t\t\t\t\t\t\t\t\t\t\t\t\t\t\t\t\t\t\t<\/div>\n\n\t\t\t\t\t\t\t\t\n\t\t\t<\/a>\n\n\t\n\t\t\t\t\t\t<a class=\"e-hotspot elementor-repeater-item-7730963  e-hotspot--position-left e-hotspot--position-top e-hotspot--link  e-hotspot--icon\" href=\"\/caine-de-preerie\">\n\n\t\t\t\t\t\t\t\t<div class=\"e-hotspot__button e-hotspot--expand\">\n\t\t\t\t\t\t\t\t\t\t\t\t\t\t\t\t\t\t<div class=\"e-hotspot__icon\"><svg class=\"e-font-icon-svg e-far-circle\" viewBox=\"0 0 512 512\" xmlns=\"http:\/\/www.w3.org\/2000\/svg\"><path d=\"M256 8C119 8 8 119 8 256s111 248 248 248 248-111 248-248S393 8 256 8zm0 448c-110.5 0-200-89.5-200-200S145.5 56 256 56s200 89.5 200 200-89.5 200-200 200z\"><\/path><\/svg><\/div>\n\t\t\t\t\t\t\t\t\t\t\t\t\t\t\t\t\t\t\t\t\t<\/div>\n\n\t\t\t\t\t\t\t\t\n\t\t\t<\/a>\n\n\t\n\t\t\t\t\t\t<a class=\"e-hotspot elementor-repeater-item-f64e5fc  e-hotspot--position-left e-hotspot--position-top e-hotspot--link  e-hotspot--icon\" href=\"\/camila-bactrian\">\n\n\t\t\t\t\t\t\t\t<div class=\"e-hotspot__button e-hotspot--expand\">\n\t\t\t\t\t\t\t\t\t\t\t\t\t\t\t\t\t\t<div class=\"e-hotspot__icon\"><svg class=\"e-font-icon-svg e-far-circle\" viewBox=\"0 0 512 512\" xmlns=\"http:\/\/www.w3.org\/2000\/svg\"><path d=\"M256 8C119 8 8 119 8 256s111 248 248 248 248-111 248-248S393 8 256 8zm0 448c-110.5 0-200-89.5-200-200S145.5 56 256 56s200 89.5 200 200-89.5 200-200 200z\"><\/path><\/svg><\/div>\n\t\t\t\t\t\t\t\t\t\t\t\t\t\t\t\t\t\t\t\t\t<\/div>\n\n\t\t\t\t\t\t\t\t\n\t\t\t<\/a>\n\n\t\n\t\t\t\t\t\t<\/div>\n\t\t\t\t<\/div>\n\t\t\t\t\t<\/div>\n\t\t\t\t<\/div>\n\t\t<div class=\"elementor-element elementor-element-46dbb7b e-flex e-con-boxed e-con e-parent\" data-id=\"46dbb7b\" data-element_type=\"container\" data-e-type=\"container\">\n\t\t\t\t\t<div class=\"e-con-inner\">\n\t\t\t\t<div class=\"elementor-element elementor-element-26d4db1 elementor-widget elementor-widget-html\" data-id=\"26d4db1\" data-element_type=\"widget\" data-e-type=\"widget\" data-widget_type=\"html.default\">\n\t\t\t\t<div class=\"elementor-widget-container\">\n\t\t\t\t\t<!DOCTYPE html>\n<html lang=\"en\">\n<head>\n    <meta charset=\"UTF-8\">\n    <meta name=\"viewport\" content=\"width=device-width, initial-scale=1.0\">\n    <title>Legend\u0103 Hart\u0103<\/title>\n    <style>\n        body {\n            font-family: Arial, sans-serif;\n            margin: 20px;\n            line-height: 1.6;\n        }\n\n        .map-legend {\n            max-width: 1200px;\n            border: 2px solid #333;\n            padding: 20px;\n            border-radius: 10px;\n            background-color: #f9f9f9;\n            box-shadow: 0px 4px 6px rgba(0, 0, 0, 0.2);\n            margin: 0 auto;\n        }\n\n        .map-legend h2 {\n            text-align: center;\n            margin-bottom: 20px;\n        }\n\n        .map-legend ul {\n            list-style: none;\n            padding: 0;\n            display: grid;\n            grid-template-columns: repeat(auto-fit, minmax(300px, 1fr));\n            gap: 10px;\n        }\n\n        .map-legend li {\n            margin-bottom: 8px;\n            display: flex;\n            align-items: center;\n        }\n\n        .map-legend span {\n            display: inline-block;\n            width: 25px;\n            height: 25px;\n            border-radius: 50%;\n            background-color: #333;\n            color: #fff;\n            text-align: center;\n            line-height: 25px;\n            font-size: 14px;\n            margin-right: 10px;\n        }\n    <\/style>\n<\/head>\n<body>\n    <div class=\"map-legend\">\n        <h2>Legend\u0103 Hart\u0103<\/h2>\n        <ul>\n            <li><span>1<\/span> Leopard (Pantera neagr\u0103)<\/li>\n            <li><span>2<\/span> Jaguar<\/li>\n            <li><span>3<\/span> Tigru indian<\/li>\n            <li><span>4<\/span> Vidra asiatic\u0103<\/li>\n            <li><span>5<\/span> Mara de Patagonia<\/li>\n            <li><span>6<\/span> Lemur inelat<\/li>\n            <li><span>7<\/span> Lemur ro\u0219u<\/li>\n            <li><span>8<\/span> Macac japonez<\/li>\n            <li><span>9<\/span> Capucini bruni<\/li>\n            <li><span>10<\/span> Kinkajou (Animale nocturne)<\/li>\n            <li><span>11<\/span> Genet\u0103<\/li>\n            <li><span>12<\/span> Fennec<\/li>\n            <li><span>13<\/span> Suricate<\/li>\n            <li><span>14<\/span> Tamarin \u0219i Marmose\u021be<\/li>\n            <li><span>15<\/span> Lei<\/li>\n            <li><span>16<\/span> \u0218op\u00e2rle<\/li>\n            <li><span>17<\/span> \u0218erpi<\/li>\n            <li><span>18<\/span> Acvarii<\/li>\n            <li><span>19<\/span> Crocodili<\/li>\n            <li><span>20<\/span> Urs<\/li>\n            <li><span>21<\/span> Lupi siberieni<\/li>\n            <li><span>22<\/span> Vulturi<\/li>\n            <li><span>23<\/span> Condor<\/li>\n            <li><span>24<\/span> Bufni\u021be<\/li>\n            <li><span>25<\/span> \u0218oimi<\/li>\n            <li><span>26<\/span> Antilopa Eland<\/li>\n            <li><span>27<\/span> Zebu<\/li>\n            <li><span>28<\/span> Cerpi lop\u0103tari<\/li>\n            <li><span>29<\/span> Zebra<\/li>\n            <li><span>30<\/span> Zebu<\/li>\n            <li><span>31<\/span> Capibara<\/li>\n            <li><span>32<\/span> Stru\u021bi Emu \u0219i canguri pitici<\/li>\n            <li><span>33<\/span> Capre pitice<\/li>\n            <li><span>34<\/span> Stru\u021bi Nandu<\/li>\n            <li><span>35<\/span> Stru\u021bi africani<\/li>\n            <li><span>36<\/span> Mufloni<\/li>\n            <li><span>37<\/span> Lame<\/li>\n            <li><span>38<\/span> Alpaca<\/li>\n            <li><span>39<\/span> C\u0103mila Bactrian\u0103<\/li>\n            <li><span>40<\/span> C\u0103mila Dromader<\/li>\n            <li><span>41<\/span> Berbeci cu coam\u0103 (Oaia berber\u0103)<\/li>\n            <li><span>42<\/span> P\u0103s\u0103ri exotice (Papagali, Turaco, etc.)<\/li>\n            <li><span>43<\/span> P\u0103uni<\/li>\n            <li><span>44<\/span> G\u0103ini din rase exotice<\/li>\n            <li><span>45<\/span> C\u0103prioare<\/li>\n            <li><span>46<\/span> Ponei<\/li>\n            <li><span>47<\/span> Veveri\u021be<\/li>\n            <li><span>48<\/span> C\u00e2ini de preerie<\/li>\n            <li><span>49<\/span> Tigru siberian<\/li>\n            <li><span>50<\/span> Mamifere exotice mici (Coati, Porc spinos)<\/li>\n            <li><span>51<\/span> R\u00e2\u0219i<\/li>\n            <li><span>52<\/span> Pume, Ratoni \u0219i Pisic\u0103 s\u0103lbatic\u0103<\/li>\n            <li><span>53<\/span> Ibi\u0219i ro\u0219ii<\/li>\n            <li><span>54<\/span> P\u0103s\u0103ri c\u0103l\u0103toare (Ra\u021be \u0219i g\u00e2\u0219te exotice)<\/li>\n            <li><span>55<\/span> Berze<\/li>\n            <li><span>56<\/span> Serval<\/li>\n            <li><span>57<\/span> Tigru siberian<\/li>\n            <li><span>58<\/span> Tigru siberian<\/li>\n            <li><span>59<\/span> Tigru siberian<\/li>\n            <li><span>60<\/span> Lebede<\/li>\n            <li><span>61<\/span> Lebede negre<\/li>\n            <li><span>62<\/span> P\u0103s\u0103ri de balt\u0103 (Ra\u021be, g\u00e2\u0219te, etc.)<\/li>\n            <li><span>63<\/span> Pelican comun \u0219i Pelicanul cre\u021b<\/li>\n            <li><span>64<\/span> Flamingo<\/li>\n            <li><span>65<\/span> Fazani (p\u0103s\u0103ri decorative)<\/li>\n        <\/ul>\n    <\/div>\n<\/body>\n<\/html>\n\t\t\t\t<\/div>\n\t\t\t\t<\/div>\n\t\t\t\t\t<\/div>\n\t\t\t\t<\/div>\n\t\t\t\t<\/div>\n\t\t","protected":false},"excerpt":{"rendered":"<p>Legend\u0103 Hart\u0103 Legend\u0103 Hart\u0103 1 Leopard (Pantera neagr\u0103) 2 Jaguar 3 Tigru indian 4 Vidra asiatic\u0103 5 Mara de Patagonia 6 Lemur inelat 7 Lemur ro\u0219u 8 Macac japonez 9 Capucini bruni 10 Kinkajou (Animale nocturne) 11 Genet\u0103 12 Fennec 13 Suricate 14 Tamarin \u0219i Marmose\u021be 15 Lei 16 \u0218op\u00e2rle 17 \u0218erpi 18 Acvarii 19 &hellip; <a href=\"https:\/\/bucurestizoo.ro\/en\/harta-zoo\/\" class=\"more-link\">Continue reading <span class=\"screen-reader-text\">Harta Zoo<\/span><\/a><\/p>","protected":false},"author":1,"featured_media":0,"parent":0,"menu_order":0,"comment_status":"closed","ping_status":"closed","template":"","meta":{"_monsterinsights_skip_tracking":false,"_monsterinsights_sitenote_active":false,"_monsterinsights_sitenote_note":"","_monsterinsights_sitenote_category":0,"footnotes":""},"class_list":["post-11316","page","type-page","status-publish","hentry"],"aioseo_notices":[],"_links":{"self":[{"href":"https:\/\/bucurestizoo.ro\/en\/wp-json\/wp\/v2\/pages\/11316","targetHints":{"allow":["GET"]}}],"collection":[{"href":"https:\/\/bucurestizoo.ro\/en\/wp-json\/wp\/v2\/pages"}],"about":[{"href":"https:\/\/bucurestizoo.ro\/en\/wp-json\/wp\/v2\/types\/page"}],"author":[{"embeddable":true,"href":"https:\/\/bucurestizoo.ro\/en\/wp-json\/wp\/v2\/users\/1"}],"replies":[{"embeddable":true,"href":"https:\/\/bucurestizoo.ro\/en\/wp-json\/wp\/v2\/comments?post=11316"}],"version-history":[{"count":22,"href":"https:\/\/bucurestizoo.ro\/en\/wp-json\/wp\/v2\/pages\/11316\/revisions"}],"predecessor-version":[{"id":12461,"href":"https:\/\/bucurestizoo.ro\/en\/wp-json\/wp\/v2\/pages\/11316\/revisions\/12461"}],"wp:attachment":[{"href":"https:\/\/bucurestizoo.ro\/en\/wp-json\/wp\/v2\/media?parent=11316"}],"curies":[{"name":"wp","href":"https:\/\/api.w.org\/{rel}","templated":true}]}}