{"id":11314,"date":"2024-12-01T12:33:35","date_gmt":"2024-12-01T12:33:35","guid":{"rendered":"https:\/\/n1.bucurestizoo.ro\/?page_id=11314"},"modified":"2025-03-25T14:08:18","modified_gmt":"2025-03-25T12:08:18","slug":"istoric","status":"publish","type":"page","link":"https:\/\/bucurestizoo.ro\/en\/istoric\/","title":{"rendered":"History"},"content":{"rendered":"<div data-elementor-type=\"wp-page\" data-elementor-id=\"11314\" class=\"elementor elementor-11314\" data-elementor-post-type=\"page\">\n\t\t\t\t<div class=\"elementor-element elementor-element-1d6d14e4 e-flex e-con-boxed e-con e-parent\" data-id=\"1d6d14e4\" data-element_type=\"container\" data-e-type=\"container\">\n\t\t\t\t\t<div class=\"e-con-inner\">\n\t\t<div class=\"elementor-element elementor-element-53cee176 e-con-full e-flex elementor-invisible e-con e-child\" data-id=\"53cee176\" data-element_type=\"container\" data-e-type=\"container\" data-settings=\"{&quot;animation&quot;:&quot;fadeInUp&quot;}\">\n\t\t\t\t<div class=\"elementor-element elementor-element-42d6c888 elementor-widget elementor-widget-heading\" data-id=\"42d6c888\" data-element_type=\"widget\" data-e-type=\"widget\" data-widget_type=\"heading.default\">\n\t\t\t\t<div class=\"elementor-widget-container\">\n\t\t\t\t\t<h3 class=\"elementor-heading-title elementor-size-default\">Istoria Gr\u0103dinii Zoologice<\/h3>\t\t\t\t<\/div>\n\t\t\t\t<\/div>\n\t\t\t\t<div class=\"elementor-element elementor-element-7bc55025 elementor-widget__width-initial elementor-widget elementor-widget-text-editor\" data-id=\"7bc55025\" data-element_type=\"widget\" data-e-type=\"widget\" data-widget_type=\"text-editor.default\">\n\t\t\t\t<div class=\"elementor-widget-container\">\n\t\t\t\t\t\t\t\t\t<div class=\"et_pb_module et_pb_text et_pb_text_7 et_pb_bg_layout_light et_pb_text_align_left\"><div class=\"et_pb_text_inner\"><div class=\"et_pb_column et_pb_column_1_2 et_pb_column_4 et_pb_css_mix_blend_mode_passthrough\"><p>Povestea Gr\u0103dinii Zoologice din Bucure\u0219ti \u00eencepe \u00een <b>1955<\/b>, sub forma unui serviciu al sec\u021biunii Gospod\u0103riei Comunale din cadrul Sfatului Popular al Capitalei.\u00a0<\/p><p>P\u00e2n\u0103 atunci, \u00een parcurile \u0219i gr\u0103dinile bucure\u0219tene, trec\u0103torii ce se plimbau alene pe alei, se opreau de cele mai multe ori, cu interes lesne de \u00een\u021beles, \u00een fa\u021ba unor voliere sau menajerii cu animale ce trezeau curiozitatea celor mici \u0219i \u00eenc\u00e2ntarea adul\u021bilor.\u00a0<\/p><p>\u0218i cum toate marile ora\u0219e ale lumii au pus pe harta atrac\u021biilor turistice o gr\u0103din\u0103 zoologic\u0103, din nevoia fireasc\u0103 \u0219i logic\u0103 a societ\u0103\u021bii, \u00eencepe s\u0103 prind\u0103 contur ideea uneia \u00een Bucure\u0219ti.\u00a0<\/p><p>\u00centr-o prim\u0103 etap\u0103, \u00eentre anii <b>1955-1959<\/b>, are loc transferul mai multor grupuri de animale din parcurile Ci\u0219migiu, Carol I, Her\u0103str\u0103u, \u00eentr-un spa\u021biu denumit sugestiv pe atunci, Col\u021bul Zoologic B\u0103neasa.\u00a0<\/p><p>La <b>1 mai 1959<\/b>, \u00een plin av\u00e2nt proletar<b>,<\/b> s-a deschis primul sezon de vizitare, \u00eentr-o perioad\u0103 \u00een care ora\u0219ul se vindeca de r\u0103nile r\u0103zboiului, iar noile cartiere absorbeau popula\u021bia ce urma s\u0103 \u00eenf\u0103ptuiasc\u0103 revolu\u021bia industrial\u0103.\u00a0<\/p><p>Trei ani mai t\u00e2rziu, \u00een <b>1962<\/b>, prime\u0219te statutul oficial de Gr\u0103din\u0103 Zoologic\u0103 \u0219i este inclus\u0103 \u00een prestigiosul Anuar Interna\u021bional al Gr\u0103dinilor Zoologice (International Zoo Yearbook), editat de Societatea Zoologic\u0103 din Londra.<\/p><p>\u00cen prezent, Administra\u021bia Gr\u0103dina Zoologic\u0103 Bucure\u0219ti este un serviciu public, \u00een subordinea Consiliului General al Muncipiului Bucuresti. Se \u00eentinde pe o suprafa\u021b\u0103 de 6,8 ha \u0219i de\u021bine numeroase specii de animale s\u0103lbatice din toate col\u021burile lumii.\u00a0<\/p><\/div><\/div><\/div>\t\t\t\t\t\t\t\t<\/div>\n\t\t\t\t<\/div>\n\t\t\t\t<div class=\"elementor-element elementor-element-34df195 elementor-invisible elementor-widget elementor-widget-image\" data-id=\"34df195\" data-element_type=\"widget\" data-e-type=\"widget\" data-settings=\"{&quot;_animation&quot;:&quot;fadeInUp&quot;}\" data-widget_type=\"image.default\">\n\t\t\t\t<div class=\"elementor-widget-container\">\n\t\t\t\t\t\t\t\t\t\t\t\t\t\t\t<img fetchpriority=\"high\" decoding=\"async\" width=\"847\" height=\"528\" src=\"https:\/\/bucurestizoo.ro\/wp-content\/uploads\/2025\/02\/zoo_old1.jpg\" class=\"attachment-large size-large wp-image-13126\" alt=\"\" srcset=\"https:\/\/bucurestizoo.ro\/wp-content\/uploads\/2025\/02\/zoo_old1.jpg 998w, https:\/\/bucurestizoo.ro\/wp-content\/uploads\/2025\/02\/zoo_old1-300x187.jpg 300w, https:\/\/bucurestizoo.ro\/wp-content\/uploads\/2025\/02\/zoo_old1-768x479.jpg 768w, https:\/\/bucurestizoo.ro\/wp-content\/uploads\/2025\/02\/zoo_old1-481x300.jpg 481w, https:\/\/bucurestizoo.ro\/wp-content\/uploads\/2025\/02\/zoo_old1-650x405.jpg 650w\" sizes=\"(max-width: 847px) 100vw, 847px\" data-id=\"13126\" \/>\t\t\t\t\t\t\t\t\t\t\t\t\t\t\t<\/div>\n\t\t\t\t<\/div>\n\t\t\t\t<\/div>\n\t\t\t\t\t<\/div>\n\t\t\t\t<\/div>\n\t\t<div class=\"elementor-element elementor-element-2eae89a3 e-flex e-con-boxed e-con e-parent\" data-id=\"2eae89a3\" data-element_type=\"container\" data-e-type=\"container\">\n\t\t\t\t\t<div class=\"e-con-inner\">\n\t\t<div class=\"elementor-element elementor-element-73d78c1e e-con-full e-flex elementor-invisible e-con e-child\" data-id=\"73d78c1e\" data-element_type=\"container\" data-e-type=\"container\" data-settings=\"{&quot;animation&quot;:&quot;fadeInUp&quot;}\">\n\t\t\t\t<div class=\"elementor-element elementor-element-cf15d8e elementor-widget elementor-widget-heading\" data-id=\"cf15d8e\" data-element_type=\"widget\" data-e-type=\"widget\" data-widget_type=\"heading.default\">\n\t\t\t\t<div class=\"elementor-widget-container\">\n\t\t\t\t\t<h3 class=\"elementor-heading-title elementor-size-default\">Pove\u0219ti \u0219i \u00eent\u00e2mpl\u0103ri recuperate <br> din memoria timpului<\/h3>\t\t\t\t<\/div>\n\t\t\t\t<\/div>\n\t\t\t\t<div class=\"elementor-element elementor-element-565784f7 elementor-widget__width-initial elementor-widget elementor-widget-text-editor\" data-id=\"565784f7\" data-element_type=\"widget\" data-e-type=\"widget\" data-widget_type=\"text-editor.default\">\n\t\t\t\t<div class=\"elementor-widget-container\">\n\t\t\t\t\t\t\t\t\t<div class=\"et_pb_module et_pb_text et_pb_text_7 et_pb_bg_layout_light et_pb_text_align_left\"><p>Miracol vie\u021bii \u00eenseamn\u0103 pasiune \u0219i d\u0103ruire, \u00eenseamn\u0103 timp care se petrece al\u0103turi de o fiin\u021b\u0103 c\u0103reia \u00eei \u00een\u021belegi nevoile \u0219i cu care reu\u0219e\u0219ti s\u0103 stabile\u0219ti un dialog dincolo de cuvinte. Talent, menire sau acel ceva c\u0103ruia nu \u00eei po\u021bi da o defini\u021bie clar\u0103, dar care face diferen\u021ba. Sunt oamenii din spatele activit\u0103\u021bii de zi cu zi din Gr\u0103dina Zoologic\u0103, cei pentru care animalele nu sunt simple necuv\u00e2nt\u0103toare ci prieteni, uneori pacien\u021bi, alteori de-a dreptul semeni, cu drepturi egale. Poate p\u0103rea greu de crezut pentru cei mai mul\u021bi dintre noi, dar pentru majoritatea celor care au lucrat de-a lungul\u00a0 timpului \u00een Gr\u0103dina Zoologic\u0103, acest loc reprezint\u0103 un \u00eentreg univers de studiu, cercetare, inedit \u0219i dinamic, ce a \u00eensemnat \u0219i o surs\u0103 inepuizabil\u0103 de \u00eent\u00e2mpl\u0103ri ce merit\u0103 cunoscute \u0219i \u00eemp\u0103rt\u0103\u0219ite cu ceilal\u021bi.<\/p><p>Primii pa\u0219i \u00een conturarea activit\u0103\u021bii Gr\u0103dinii Zoologice au fost un act de pionierat, cu un personal redus \u0219i prea pu\u021bin calificat dar foarte inimos, iar echipa care a \u00eenceput s\u0103 se contureze a reu\u0219it s\u0103 pun\u0103 la punct un sistem profesionist de \u00eengrijire a animalelor.\u00a0<\/p><p>R\u00e2nd pe r\u00e2nd, anima\u021bi de pasiunea pentru binele necuv\u00e2nt\u0103toarelor, s-au al\u0103turat biologi, medici veterinari, zootehni\u0219ti ce s-au dedicat at\u00e2t instruirii personalului muncitor, a amenaj\u0103rii amplasamentelor c\u00e2t \u0219i a elabor\u0103rii unui plan de \u00eengrijire \u0219i confort, prin men\u021binerea \u00een captivitate a unor specii de animale indigene \u0219i exotice ca: dromader, c\u0103mil\u0103 bactriana, zebre, tigri siberieni \u0219i indieni, vidre, porci spino\u0219i, cimpanzei, mandrili, r\u00e2\u0219i, ur\u0219i, lupi, p\u0103s\u0103ri etc.<\/p><p>Mai t\u00e2rziu, \u00een anii 70, se reu\u0219e\u0219te reproducerea stru\u021bilor nandu \u0219i a tigrilor siberieni, eveniment ce a fost marcat \u0219i \u00een presa de specialitate din Germania.<\/p><p>Un nume de referin\u021b\u0103 \u00een istoricul evolu\u021biei Gr\u0103dinii Zoologice Bucure\u0219ti este cel al regretatului Dr. Nicolae Micu, ce timp de 40 de ani a \u00eengrijit, cu pasiune \u0219i sensibilitate, colec\u021bia de animale. \u00cen jurnalul s\u0103u scria cu imens\u0103 bucurie c\u0103 prima cezarian\u0103 din Rom\u00e2nia f\u0103cut\u0103 unei leoaice a fost realizat\u0103 \u00een 1970, \u00een colaborare cu reputatul Dr. Al. Seiciu.<\/p><p>Dedicat \u00een totalitate s\u0103n\u0103t\u0103\u021bii, bun\u0103st\u0103rii \u0219i confortului animalelor, doctorul Nicolae Micu a f\u0103cut \u0219i numeroase demersuri pe calea des\u0103v\u00e2r\u0219irii \u0219i perfec\u021bion\u0103rii profesionale.\u00a0<\/p><p>Cercet\u0103rile \u0219i studiul aprofundat s-au \u00eendreptat c\u0103tre un domeniu amplu \u0219i complex, acela al elucid\u0103rii \u0219i eradic\u0103rii cauzelor maladiilor animalelor s\u0103lbatice, men\u021bin\u00e2nd un permanent dialog cu unit\u0103\u021bi specializate de profil, precum Facultatea de Medicin\u0103 Veterinar\u0103, Institutul Pasteur, IDSA, Institutul Cantacuzino, Institutul de Inframicrobiologie.\u00a0<\/p><p>Un alt nume important \u00een istoricul gr\u0103dinii Zoologice este cel al Dr. Biolog Radu Dimitrie, ornitolog de renume, ce a construit un grup de cercetare format din tehnicieni, ce s-a ocupat cu succes de reproducerea \u0219i cre\u0219terea a unui num\u0103r mare de specii de p\u0103s\u0103ri exotice.<\/p><\/div>\t\t\t\t\t\t\t\t<\/div>\n\t\t\t\t<\/div>\n\t\t\t\t<div class=\"elementor-element elementor-element-7054bee elementor-invisible elementor-widget elementor-widget-image\" data-id=\"7054bee\" data-element_type=\"widget\" data-e-type=\"widget\" data-settings=\"{&quot;_animation&quot;:&quot;fadeInUp&quot;}\" data-widget_type=\"image.default\">\n\t\t\t\t<div class=\"elementor-widget-container\">\n\t\t\t\t\t\t\t\t\t\t\t\t\t\t\t<img decoding=\"async\" width=\"655\" height=\"464\" src=\"https:\/\/bucurestizoo.ro\/wp-content\/uploads\/2025\/02\/zoo_old2.jpg\" class=\"attachment-large size-large wp-image-13127\" alt=\"\" srcset=\"https:\/\/bucurestizoo.ro\/wp-content\/uploads\/2025\/02\/zoo_old2.jpg 655w, https:\/\/bucurestizoo.ro\/wp-content\/uploads\/2025\/02\/zoo_old2-300x213.jpg 300w, https:\/\/bucurestizoo.ro\/wp-content\/uploads\/2025\/02\/zoo_old2-423x300.jpg 423w, https:\/\/bucurestizoo.ro\/wp-content\/uploads\/2025\/02\/zoo_old2-650x460.jpg 650w\" sizes=\"(max-width: 655px) 100vw, 655px\" data-id=\"13127\" \/>\t\t\t\t\t\t\t\t\t\t\t\t\t\t\t<\/div>\n\t\t\t\t<\/div>\n\t\t\t\t<\/div>\n\t\t\t\t\t<\/div>\n\t\t\t\t<\/div>\n\t\t<div class=\"elementor-element elementor-element-6c67950a e-flex e-con-boxed e-con e-parent\" data-id=\"6c67950a\" data-element_type=\"container\" data-e-type=\"container\">\n\t\t\t\t\t<div class=\"e-con-inner\">\n\t\t<div class=\"elementor-element elementor-element-6e5c4d43 e-con-full e-flex elementor-invisible e-con e-child\" data-id=\"6e5c4d43\" data-element_type=\"container\" data-e-type=\"container\" data-settings=\"{&quot;animation&quot;:&quot;fadeInUp&quot;}\">\n\t\t\t\t<div class=\"elementor-element elementor-element-20d12e8f elementor-widget elementor-widget-heading\" data-id=\"20d12e8f\" data-element_type=\"widget\" data-e-type=\"widget\" data-widget_type=\"heading.default\">\n\t\t\t\t<div class=\"elementor-widget-container\">\n\t\t\t\t\t<h3 class=\"elementor-heading-title elementor-size-default\">Conservarea<\/h3>\t\t\t\t<\/div>\n\t\t\t\t<\/div>\n\t\t\t\t<div class=\"elementor-element elementor-element-125c7fbb elementor-widget__width-initial elementor-widget elementor-widget-text-editor\" data-id=\"125c7fbb\" data-element_type=\"widget\" data-e-type=\"widget\" data-widget_type=\"text-editor.default\">\n\t\t\t\t<div class=\"elementor-widget-container\">\n\t\t\t\t\t\t\t\t\t<div class=\"et_pb_module et_pb_text et_pb_text_7 et_pb_bg_layout_light et_pb_text_align_left\"><div class=\"et_pb_text_inner\"><div class=\"et_pb_column et_pb_column_1_2 et_pb_column_4 et_pb_css_mix_blend_mode_passthrough\"><div class=\"et_pb_module et_pb_text et_pb_text_2 et_pb_bg_layout_light et_pb_text_align_left\"><div class=\"et_pb_text_inner\"><p>Conservarea este cuv\u00e2ntul cheie, \u00een esen\u021ba activit\u0103\u021bii unei gr\u0103dini zoologice. Nu \u00eenseamn\u0103 doar p\u0103strarea unei colec\u021bii de animale ci perpetuarea unor specii aflate \u00een pragul dispari\u021biei, iar lipsa acestora reprezint\u0103 o pierdere imens\u0103 at\u00e2t pentru omenire c\u00e2t \u0219i pentru \u00eentreg ecosistemul planetei. Dr.biolog Mihai Cociu, director al Gr\u0103dinii Zoologice a f\u0103cut numeroase demersuri \u00een acest sens. \u201cGr\u0103dina Zoologic\u0103 modern\u0103 a devenit locul predilect \u00een care omul contemporan caut\u0103 s\u0103 refac\u0103, sub o nou\u0103 form\u0103, str\u0103vechea sa leg\u0103tur\u0103 cu animalul s\u0103lbatic, leg\u0103tur\u0103 ce constituie unul dintre elementele esen\u021biale ale culturii umane. \u00cen acela\u0219i timp, Gr\u0103dina Zoologic\u0103 tinde s\u0103 devin\u0103 un adev\u0103rat muzeu viu, av\u00e2nd nu numai misiunea de a instrui \u0219i educa, \u0219tiin\u021bific vizitatorii, ci \u0219i aceea de ap\u0103stra pentru genera\u021biile viitoare, animalul s\u0103lbatic viu, a c\u0103rui existen\u021b\u0103 este, cel pu\u021bin \u00een cazul unor specii, grav amenin\u021bat\u0103 de expasiunea impetuoas\u0103 a civiliza\u021biei.\u201d M. Cociu \u2013 <i>Via\u021ba \u00een Zoo<\/i><\/p><p>Mare iubitor de animale \u0219i un profesionist de excep\u021bie, biologul Adrian Pallady, a condus destinele Gr\u0103dinii Zoologice un timp \u00eendelungat, fiind \u0219i cel care a schimbat \u00een totalitate viziunea asupra managementului \u0219i arhitecturii amplasamentelor \u0219i metodelor de hr\u0103nire.\u00a0<\/p><p>Al\u0103turi de cei care s-au aflat la conducerea Gr\u0103dinii Zoologice Bucure\u0219ti, trebuie s\u0103 \u00eei aducem \u00een aten\u021bie \u0219i pe tehnicienii a c\u0103ror activitate a fost vital\u0103 pentru misiunea institu\u021biei: Petra Meri\u0219anu, Nicolae Vasilache, Mircea Berindei, Gheorghe Albu \u0219i Dinu Voicu.\u00a0<\/p><p>Dup\u0103 1989, dinamica evenimentelor cunoa\u0219te o nou\u0103 turnur\u0103, iar deschiderea c\u0103tre informa\u021bie \u00een timp real aduce mai multe schimb\u0103ri \u00een activitatea institu\u021biei.\u00a0<\/p><p>Numeroasele vizite \u00een gr\u0103dini zoologice din \u00eentreaga lume, dialogul cu speciali\u0219ti, schimbul de experien\u021b\u0103, participarea la conferin\u021be au dus la o nou\u0103 viziune asupra managementului \u0219i structurii activit\u0103\u021bii. Metodele \u0219i re\u021betarul de hran\u0103, suprafe\u021bele amplasamentelor, materialele folosite s-au aliniat la standarde interna\u021bionale. Personalul a fost instruit \u0219i perfec\u021bionat pentru a r\u0103spunde exigen\u021belor actuale. \u00cengrijitorii animalelor sunt califica\u021bi s\u0103 cunoasc\u0103 particularit\u0103\u021bile fiec\u0103rei specii, fiind \u00een egal\u0103 m\u0103sur\u0103 \u0219i observatori ai st\u0103rii de s\u0103n\u0103tate \u0219i schimb\u0103rilor de comportamentul al acestora.\u00a0<\/p><p><b>Sub actuala conducere<\/b>, activitatea Gr\u0103dini Zoologice s-a aliniat la cerin\u021bele \u0219i standardele interna\u021bionale, iar cuvintele cheie ale \u00eentregii activit\u0103\u021bi sunt <b>conservare, educa\u021bie, informare permanent\u0103 \u0219i con\u0219tientizare<\/b>.<\/p><p>Institu\u021bia care coordoneaz\u0103 \u0219i supravegheaz\u0103 activitatea gr\u0103dinilor zoologice din Europa este EAZA (European Association of Zoo and Aquaria). Regulile sale sunt cele care stabilesc standardele de func\u021bionare ale Gr\u0103dinii Zoologice din Bucure\u0219ti. Suprafa\u021ba institu\u021bie nu este una foarte generoas\u0103, motiv pentru care spa\u021biile dedicate fiec\u0103rei specii de animale au fost g\u00e2ndite \u0219i amenajate strategic, acord\u00e2ndu-se o pondere deosebit\u0103 \u0219i zonelor de protec\u021bie dintre amplasamente.\u00a0<\/p><p>Bun\u0103starea \u0219i s\u0103n\u0103tatea animalelor din colec\u021bie sunt priorit\u0103\u021bi pentru speciali\u0219tii gr\u0103dinii, f\u0103c\u00e2ndu-se permanent demersuri de informare \u0219i aliniere la cele mai noi strategii \u00een domeniu, cu institu\u021bii de profil veterinar, at\u00e2t din \u021bar\u0103 c\u00e2t \u0219i din str\u0103in\u0103tate.<\/p><p>Identitatea vizual\u0103 a facilitat o foarte bun\u0103 comunicare a misiunii \u0219i viziunii unei gr\u0103dini zoologice moderne, ce dep\u0103\u0219e\u0219te grani\u021bele unui muzeu \u00een aer liber \u0219i se tranform\u0103 \u00eentr-un canal de comunicare profesionist \u0219i informat cu acurate\u021be a problemelor biodiversit\u0103\u021bii.\u00a0<\/p><p>Prin dinamica activit\u0103\u021bii, se realizeaz\u0103 at\u00e2t dezideratele de educa\u021bie, informare \u0219i con\u0219tientizare, c\u00e2t \u0219i cele de protejare \u0219i conservare, dar \u0219i cele de studiu \u0219i cercetare.<\/p><p>Permanentul dialog cu vizitatorii a permis \u0219i o mai bun\u0103 func\u021bionare a fluxului de informa\u021bii, dar \u0219i o cuantificare a impactului imaginii institu\u021biei.\u00a0<\/p><p>Gr\u0103dina Zoologic\u0103 Bucure\u0219ti sus\u021bine \u0219i dezvolt\u0103 mai multe programe educa\u021bionale \u0219i de informare, dedicate at\u00e2t celor mici c\u00e2t \u0219i adul\u021bilor. \u00cen fiecare an aici se desf\u0103\u0219oar\u0103 numeroase evenimente, de la lec\u021bii \u00een aer liber, educa\u021bie prin jocuri, sesiuni de lectur\u0103, p\u00e2n\u0103 la ac\u021biuni mai ample \u0219i complexe, cu implicarea studen\u021bilor \u0219i cadrelor didactice de la unit\u0103\u021bi de \u00eenv\u0103\u021b\u0103m\u00e2nt superior \u0219i speciali\u0219ti din domeniul veterinar.\u00a0<\/p><p>Felul \u00een care percepem animalele s\u0103lbatice de la cea mai fraged\u0103 v\u00e2rst\u0103 este un factor important \u00een dezvoltarea viitorului adult \u0219i atitudinea fa\u021b\u0103 de protejarea mediului \u00eenconjur\u0103tor, tocmai de aceea speciali\u0219tii AGZ acord\u0103 o mare importan\u021b\u0103 transmiterii corecte a informa\u021biei \u0219i familiarizarea vizitatorilor cu fiecare specie, comportament, hran\u0103.<\/p><\/div><\/div><\/div><\/div><\/div>\t\t\t\t\t\t\t\t<\/div>\n\t\t\t\t<\/div>\n\t\t\t\t<\/div>\n\t\t\t\t\t<\/div>\n\t\t\t\t<\/div>\n\t\t<div class=\"elementor-element elementor-element-e227402 e-flex e-con-boxed e-con e-parent\" data-id=\"e227402\" data-element_type=\"container\" data-e-type=\"container\">\n\t\t\t\t\t<div class=\"e-con-inner\">\n\t\t<div class=\"elementor-element elementor-element-5381fcd6 e-con-full e-flex elementor-invisible e-con e-child\" data-id=\"5381fcd6\" data-element_type=\"container\" data-e-type=\"container\" data-settings=\"{&quot;animation&quot;:&quot;fadeInUp&quot;}\">\n\t\t\t\t<div class=\"elementor-element elementor-element-62085af elementor-invisible elementor-widget elementor-widget-image\" data-id=\"62085af\" data-element_type=\"widget\" data-e-type=\"widget\" data-settings=\"{&quot;_animation&quot;:&quot;fadeInUp&quot;}\" data-widget_type=\"image.default\">\n\t\t\t\t<div class=\"elementor-widget-container\">\n\t\t\t\t\t\t\t\t\t\t\t\t\t\t\t<img decoding=\"async\" width=\"649\" height=\"470\" src=\"https:\/\/bucurestizoo.ro\/wp-content\/uploads\/2025\/02\/zoo_old3.jpg\" class=\"attachment-large size-large wp-image-13128\" alt=\"\" srcset=\"https:\/\/bucurestizoo.ro\/wp-content\/uploads\/2025\/02\/zoo_old3.jpg 649w, https:\/\/bucurestizoo.ro\/wp-content\/uploads\/2025\/02\/zoo_old3-300x217.jpg 300w, https:\/\/bucurestizoo.ro\/wp-content\/uploads\/2025\/02\/zoo_old3-414x300.jpg 414w\" sizes=\"(max-width: 649px) 100vw, 649px\" data-id=\"13128\" \/>\t\t\t\t\t\t\t\t\t\t\t\t\t\t\t<\/div>\n\t\t\t\t<\/div>\n\t\t\t\t<\/div>\n\t\t\t\t\t<\/div>\n\t\t\t\t<\/div>\n\t\t\t\t<\/div>","protected":false},"excerpt":{"rendered":"<p>Istoria Gr\u0103dinii Zoologice Povestea Gr\u0103dinii Zoologice din Bucure\u0219ti \u00eencepe \u00een 1955, sub forma unui serviciu al sec\u021biunii Gospod\u0103riei Comunale din cadrul Sfatului Popular al Capitalei.\u00a0 P\u00e2n\u0103 atunci, \u00een parcurile \u0219i gr\u0103dinile bucure\u0219tene, trec\u0103torii ce se plimbau alene pe alei, se opreau de cele mai multe ori, cu interes lesne de \u00een\u021beles, \u00een fa\u021ba unor voliere &hellip; <a href=\"https:\/\/bucurestizoo.ro\/en\/istoric\/\" class=\"more-link\">Continue reading <span class=\"screen-reader-text\">History<\/span><\/a><\/p>","protected":false},"author":1,"featured_media":0,"parent":0,"menu_order":0,"comment_status":"closed","ping_status":"closed","template":"","meta":{"_monsterinsights_skip_tracking":false,"_monsterinsights_sitenote_active":false,"_monsterinsights_sitenote_note":"","_monsterinsights_sitenote_category":0,"footnotes":""},"class_list":["post-11314","page","type-page","status-publish","hentry"],"aioseo_notices":[],"_links":{"self":[{"href":"https:\/\/bucurestizoo.ro\/en\/wp-json\/wp\/v2\/pages\/11314","targetHints":{"allow":["GET"]}}],"collection":[{"href":"https:\/\/bucurestizoo.ro\/en\/wp-json\/wp\/v2\/pages"}],"about":[{"href":"https:\/\/bucurestizoo.ro\/en\/wp-json\/wp\/v2\/types\/page"}],"author":[{"embeddable":true,"href":"https:\/\/bucurestizoo.ro\/en\/wp-json\/wp\/v2\/users\/1"}],"replies":[{"embeddable":true,"href":"https:\/\/bucurestizoo.ro\/en\/wp-json\/wp\/v2\/comments?post=11314"}],"version-history":[{"count":61,"href":"https:\/\/bucurestizoo.ro\/en\/wp-json\/wp\/v2\/pages\/11314\/revisions"}],"predecessor-version":[{"id":14095,"href":"https:\/\/bucurestizoo.ro\/en\/wp-json\/wp\/v2\/pages\/11314\/revisions\/14095"}],"wp:attachment":[{"href":"https:\/\/bucurestizoo.ro\/en\/wp-json\/wp\/v2\/media?parent=11314"}],"curies":[{"name":"wp","href":"https:\/\/api.w.org\/{rel}","templated":true}]}}